{"id":69958,"date":"2022-03-27T16:01:10","date_gmt":"2022-03-27T16:01:10","guid":{"rendered":"https:\/\/officialeleutheraharbourisland.com\/about-bahamas\/"},"modified":"2022-09-22T13:54:01","modified_gmt":"2022-09-22T13:54:01","slug":"sobre-las-bahamas","status":"publish","type":"page","link":"https:\/\/officialeleutheraharbourisland.com\/es\/sobre-las-bahamas\/","title":{"rendered":"SOBRE LAS BAHAMAS"},"content":{"rendered":"<div class=\"wpb-content-wrapper\"><p>[vc_row css=\u00bb.vc_custom_1648471521500{padding-bottom: 50px !important;}\u00bb][vc_column]<div id=\"ultimate-heading-977469de33b52a527\" class=\"uvc-heading ult-adjust-bottom-margin ultimate-heading-977469de33b52a527 uvc-4980 \" data-hspacer=\"no_spacer\"  data-halign=\"center\" style=\"text-align:center\"><div class=\"uvc-heading-spacer no_spacer\" style=\"top\"><\/div><div class=\"uvc-main-heading ult-responsive\"  data-ultimate-target='.uvc-heading.ultimate-heading-977469de33b52a527 h2'  data-responsive-json-new='{\"font-size\":\"\",\"line-height\":\"\"}' ><h2 style=\"font-weight:700;margin-bottom:10px;\">SOBRE LAS BAHAMAS<\/h2><\/div><\/div><div class=\"hr-thin style-line accent-border-color\" style=\"width: 100px;border-top-width: 3px;\"><\/div>[vc_column_text css=\u00bb.vc_custom_1663854287086{padding-top: 30px !important;}\u00bb]Las Bahamas es un para\u00edso esc\u00e9nico que atrae a turistas de todo el mundo. Es un archipi\u00e9lago de 700 islas con una posici\u00f3n estrat\u00e9gica para toda la regi\u00f3n centroamericana, el Golfo de M\u00e9xico y el Mar Caribe. La cultura y la sociedad de las Bahamas son una combinaci\u00f3n distinta de herencias europeas y africanas. La gente es amable y hospitalaria. Dado que las islas carecen de recursos naturales, los residentes dependen en gran medida del turismo y las inversiones extranjeras. Las Bahamas es famosa por sus artes, folclore y Goombay. Otros aspectos culturales son la pintura, la escultura, la fotograf\u00eda y la artesan\u00eda. Uno de los mayores atractivos es el clima, con una temperatura promedio que oscila entre los 70 \u00b0F durante el invierno y los 80 \u00b0F durante el verano. En 2019, 7,25 millones de turistas visitaron las Bahamas.[\/vc_column_text][\/vc_column][\/vc_row][vc_row css=\u00bb.vc_custom_1648471536391{padding-bottom: 50px !important;}\u00bb][vc_column]<style type=\"text\/css\" data-type=\"the7_shortcodes-inline-css\">.shortcode-single-image-wrap.shortcode-single-image-52a6b598302287e396b8d7be0e6a2f82.enable-bg-rollover .rollover i,\n.shortcode-single-image-wrap.shortcode-single-image-52a6b598302287e396b8d7be0e6a2f82.enable-bg-rollover .rollover-video i {\n  background: -webkit-linear-gradient();\n  background: linear-gradient();\n}\n.shortcode-single-image-wrap.shortcode-single-image-52a6b598302287e396b8d7be0e6a2f82 .rollover-icon {\n  font-size: 32px;\n  color: #ffffff;\n  min-width: 44px;\n  min-height: 44px;\n  line-height: 44px;\n  border-radius: 100px;\n  border-style: solid;\n  border-width: 0px;\n}\n.dt-icon-bg-on.shortcode-single-image-wrap.shortcode-single-image-52a6b598302287e396b8d7be0e6a2f82 .rollover-icon {\n  background: rgba(255,255,255,0.3);\n  box-shadow: none;\n}\n<\/style><div class=\"shortcode-single-image-wrap shortcode-single-image-52a6b598302287e396b8d7be0e6a2f82 alignnone  enable-bg-rollover dt-icon-bg-off\" style=\"margin-top:0px; margin-bottom:0px; margin-left:0px; margin-right:0px;\" data-pretty-share=\"facebook,twitter,pinterest,linkedin\"><div class=\"shortcode-single-image\"><div class=\"fancy-media-wrap  layzr-bg\" style=\"\"><img fetchpriority=\"high\" decoding=\"async\" class=\"preload-me lazy-load aspect\" src=\"data:image\/svg+xml,%3Csvg%20xmlns%3D&#39;http%3A%2F%2Fwww.w3.org%2F2000%2Fsvg&#39;%20viewBox%3D&#39;0%200%201920%20630&#39;%2F%3E\" data-src=\"https:\/\/officialeleutheraharbourisland.com\/wp-content\/uploads\/2022\/03\/photo-ej.jpg\" data-srcset=\"https:\/\/officialeleutheraharbourisland.com\/wp-content\/uploads\/2022\/03\/photo-ej.jpg 1920w\" loading=\"eager\" sizes=\"(max-width: 1200px) 100vw, 1200px\" width=\"1920\" height=\"630\"  data-dt-location=\"https:\/\/officialeleutheraharbourisland.com\/es\/about-bahamas\/attachment\/photo-ej\/\" style=\"--ratio: 1920 \/ 630;\" alt=\"\" \/><\/div><\/div><\/div>[\/vc_column][\/vc_row][vc_row css=\u00bb.vc_custom_1648470795845{padding-bottom: 50px !important;}\u00bb][vc_column][vc_column_text]<\/p>\n<h4><strong>Alimento:<\/strong><\/h4>\n<p>Cada a\u00f1o, los turistas que visitan las Bahamas no pueden dejar de sorprenderse con la comida. Las comidas de las Bahamas son una mezcla de mariscos picantes del Caribe y estilo sudamericano. El plato nacional es el arroz, los guisantes, macarrones con queso, ensalada de caracol fresco, caracol partido, ensalada de patatas, pescado al vapor, langosta al vapor, y pollo frito. Algunos de los alimentos que se deben probar son el cangrejo al horno, la langosta de roca, la caracola partida y estofado de pescado de las Bahamas. Guava duff, una mezcla hervida de fruta y masa servida con salsa de mantequilla, es un postre popular.<\/p>\n<div class=\"gap\" style=\"line-height: 25px; height: 25px;\"><\/div>\n<h4><strong>Hechos notables:<\/strong><\/h4>\n<p>Algunos de los hechos notables sobre las Bahamas son:<br \/>\n&#8211; Nassau tiene la tercera bodega de vinos m\u00e1s grande del mundo, lo que la convierte en una visita obligada para los amantes del vino.<br \/>\n&#8211; Las Bahamas es un destino popular para buceadores y buceadoras ya que tiene la tercer arrecife de coral m\u00e1s grande del mundo.<br \/>\n&#8211; Tienes la oportunidad de probar la pesca deportiva y la pesca al hueso supervisados \u200b\u200bpor profesionales certificados.<br \/>\n&#8211; Junkanoo Festival es uno de los carnavales m\u00e1s c\u00e9lebres del Caribe. Puedes asistir a la<br \/>\ncelebraci\u00f3n el d\u00eda despu\u00e9s de Navidad, tambi\u00e9n conocido como Boxing Day.<br \/>\n&#8211; La pel\u00edcula de James Bond, Casino Royale, se rod\u00f3 en Nassau, Bahamas.<br \/>\n&#8211; El Puente de la Ventana de Vidrio, una de las verdaderas maravillas de la naturaleza, es uno de los pocos lugares en la tierra donde se pueden comparar las bellas aguas azules del Oc\u00e9ano Atl\u00e1ntico y la Bah\u00eda de Eleuthera, que est\u00e1 separada por una franja rocosa de 30 pies de ancho.<br \/>\n&#8211; El mundialmente famoso Ocean Hole en Eleuthera es un gran sumidero marino con una profundidad de 101-110 pies[\/vc_column_text][\/vc_column][\/vc_row][vc_row][vc_column]<style type=\"text\/css\" data-type=\"the7_shortcodes-inline-css\">.shortcode-single-image-wrap.shortcode-single-image-1bab62fe07ae625acfa11dd1376b1a11.enable-bg-rollover .rollover i,\n.shortcode-single-image-wrap.shortcode-single-image-1bab62fe07ae625acfa11dd1376b1a11.enable-bg-rollover .rollover-video i {\n  background: -webkit-linear-gradient();\n  background: linear-gradient();\n}\n.shortcode-single-image-wrap.shortcode-single-image-1bab62fe07ae625acfa11dd1376b1a11 .rollover-icon {\n  font-size: 32px;\n  color: #ffffff;\n  min-width: 44px;\n  min-height: 44px;\n  line-height: 44px;\n  border-radius: 100px;\n  border-style: solid;\n  border-width: 0px;\n}\n.dt-icon-bg-on.shortcode-single-image-wrap.shortcode-single-image-1bab62fe07ae625acfa11dd1376b1a11 .rollover-icon {\n  background: rgba(255,255,255,0.3);\n  box-shadow: none;\n}\n<\/style><div class=\"shortcode-single-image-wrap shortcode-single-image-1bab62fe07ae625acfa11dd1376b1a11 alignnone  enable-bg-rollover dt-icon-bg-off\" style=\"margin-top:0px; margin-bottom:0px; margin-left:0px; margin-right:0px; width:1200px;\" data-pretty-share=\"facebook,twitter,pinterest,linkedin\"><div class=\"shortcode-single-image\"><div class=\"fancy-media-wrap  layzr-bg\" style=\"\"><img decoding=\"async\" class=\"preload-me lazy-load aspect\" src=\"data:image\/svg+xml,%3Csvg%20xmlns%3D&#39;http%3A%2F%2Fwww.w3.org%2F2000%2Fsvg&#39;%20viewBox%3D&#39;0%200%201200%20150&#39;%2F%3E\" data-src=\"https:\/\/officialeleutheraharbourisland.com\/wp-content\/uploads\/2022\/03\/banner.jpg\" data-srcset=\"https:\/\/officialeleutheraharbourisland.com\/wp-content\/uploads\/2022\/03\/banner.jpg 1200w\" loading=\"eager\" sizes=\"(max-width: 1200px) 100vw, 1200px\" width=\"1200\" height=\"150\"  data-dt-location=\"https:\/\/officialeleutheraharbourisland.com\/es\/about-bahamas\/attachment\/banner\/\" style=\"--ratio: 1200 \/ 150;\" alt=\"\" \/><\/div><\/div><\/div>[\/vc_column][\/vc_row]<\/p>\n<\/div>","protected":false},"excerpt":{"rendered":"<p>[vc_row css=\u00bb.vc_custom_1648471521500{padding-bottom: 50px !important;}\u00bb][vc_column][vc_column_text css=\u00bb.vc_custom_1663854287086{padding-top: 30px !important;}\u00bb]Las Bahamas es un para\u00edso esc\u00e9nico que atrae a turistas de todo el mundo. Es un archipi\u00e9lago de 700 islas con una posici\u00f3n estrat\u00e9gica para toda la regi\u00f3n centroamericana, el Golfo de M\u00e9xico y el Mar Caribe. La cultura y la sociedad de las Bahamas son una combinaci\u00f3n distinta&hellip;<\/p>\n","protected":false},"author":4,"featured_media":0,"parent":0,"menu_order":0,"comment_status":"closed","ping_status":"closed","template":"","meta":{"footnotes":""},"categories":[],"tags":[],"class_list":["post-69958","page","type-page","status-publish","hentry","description-off"],"yoast_head":"<!-- This site is optimized with the Yoast SEO Premium plugin v25.2 (Yoast SEO v27.3) - https:\/\/yoast.com\/product\/yoast-seo-premium-wordpress\/ -->\n<title>SOBRE LAS BAHAMAS | Official Eleuthera Harbour Island<\/title>\n<meta name=\"robots\" content=\"index, follow, max-snippet:-1, max-image-preview:large, max-video-preview:-1\" \/>\n<link rel=\"canonical\" href=\"https:\/\/officialeleutheraharbourisland.com\/es\/sobre-las-bahamas\/\" \/>\n<meta property=\"og:locale\" content=\"es_ES\" \/>\n<meta property=\"og:type\" content=\"article\" \/>\n<meta property=\"og:title\" content=\"SOBRE LAS BAHAMAS\" \/>\n<meta property=\"og:description\" content=\"[vc_row css=\u00bb.vc_custom_1648471521500{padding-bottom: 50px !important;}\u00bb][vc_column][vc_column_text css=\u00bb.vc_custom_1663854287086{padding-top: 30px !important;}\u00bb]Las Bahamas es un para\u00edso esc\u00e9nico que atrae a turistas de todo el mundo. Es un archipi\u00e9lago de 700 islas con una posici\u00f3n estrat\u00e9gica para toda la regi\u00f3n centroamericana, el Golfo de M\u00e9xico y el Mar Caribe. La cultura y la sociedad de las Bahamas son una combinaci\u00f3n distinta&hellip;\" \/>\n<meta property=\"og:url\" content=\"https:\/\/officialeleutheraharbourisland.com\/es\/sobre-las-bahamas\/\" \/>\n<meta property=\"og:site_name\" content=\"Official Eleuthera Harbour Island\" \/>\n<meta property=\"article:modified_time\" content=\"2022-09-22T13:54:01+00:00\" \/>\n<meta name=\"twitter:card\" content=\"summary_large_image\" \/>\n<meta name=\"twitter:label1\" content=\"Tiempo de lectura\" \/>\n\t<meta name=\"twitter:data1\" content=\"3 minutos\" \/>\n<script type=\"application\/ld+json\" class=\"yoast-schema-graph\">{\"@context\":\"https:\\\/\\\/schema.org\",\"@graph\":[{\"@type\":\"WebPage\",\"@id\":\"https:\\\/\\\/officialeleutheraharbourisland.com\\\/es\\\/sobre-las-bahamas\\\/\",\"url\":\"https:\\\/\\\/officialeleutheraharbourisland.com\\\/es\\\/sobre-las-bahamas\\\/\",\"name\":\"SOBRE LAS BAHAMAS | Official Eleuthera Harbour Island\",\"isPartOf\":{\"@id\":\"https:\\\/\\\/officialeleutheraharbourisland.com\\\/#website\"},\"datePublished\":\"2022-03-27T16:01:10+00:00\",\"dateModified\":\"2022-09-22T13:54:01+00:00\",\"breadcrumb\":{\"@id\":\"https:\\\/\\\/officialeleutheraharbourisland.com\\\/es\\\/sobre-las-bahamas\\\/#breadcrumb\"},\"inLanguage\":\"es\",\"potentialAction\":[{\"@type\":\"ReadAction\",\"target\":[\"https:\\\/\\\/officialeleutheraharbourisland.com\\\/es\\\/sobre-las-bahamas\\\/\"]}]},{\"@type\":\"BreadcrumbList\",\"@id\":\"https:\\\/\\\/officialeleutheraharbourisland.com\\\/es\\\/sobre-las-bahamas\\\/#breadcrumb\",\"itemListElement\":[{\"@type\":\"ListItem\",\"position\":1,\"name\":\"Home\",\"item\":\"https:\\\/\\\/officialeleutheraharbourisland.com\\\/es\\\/\"},{\"@type\":\"ListItem\",\"position\":2,\"name\":\"SOBRE LAS BAHAMAS\"}]},{\"@type\":\"WebSite\",\"@id\":\"https:\\\/\\\/officialeleutheraharbourisland.com\\\/#website\",\"url\":\"https:\\\/\\\/officialeleutheraharbourisland.com\\\/\",\"name\":\"Official Eleuthera Harbour Island\",\"description\":\"Where Beauty &amp; Nature Meet\",\"publisher\":{\"@id\":\"https:\\\/\\\/officialeleutheraharbourisland.com\\\/#organization\"},\"potentialAction\":[{\"@type\":\"SearchAction\",\"target\":{\"@type\":\"EntryPoint\",\"urlTemplate\":\"https:\\\/\\\/officialeleutheraharbourisland.com\\\/?s={search_term_string}\"},\"query-input\":{\"@type\":\"PropertyValueSpecification\",\"valueRequired\":true,\"valueName\":\"search_term_string\"}}],\"inLanguage\":\"es\"},{\"@type\":\"Organization\",\"@id\":\"https:\\\/\\\/officialeleutheraharbourisland.com\\\/#organization\",\"name\":\"Official Eleuthera Harbour Island\",\"url\":\"https:\\\/\\\/officialeleutheraharbourisland.com\\\/\",\"logo\":{\"@type\":\"ImageObject\",\"inLanguage\":\"es\",\"@id\":\"https:\\\/\\\/officialeleutheraharbourisland.com\\\/#\\\/schema\\\/logo\\\/image\\\/\",\"url\":\"https:\\\/\\\/officialeleutheraharbourisland.com\\\/wp-content\\\/uploads\\\/2022\\\/03\\\/logo-new-GREY-275.png\",\"contentUrl\":\"https:\\\/\\\/officialeleutheraharbourisland.com\\\/wp-content\\\/uploads\\\/2022\\\/03\\\/logo-new-GREY-275.png\",\"width\":275,\"height\":22,\"caption\":\"Official Eleuthera Harbour Island\"},\"image\":{\"@id\":\"https:\\\/\\\/officialeleutheraharbourisland.com\\\/#\\\/schema\\\/logo\\\/image\\\/\"}}]}<\/script>\n<!-- \/ Yoast SEO Premium plugin. -->","yoast_head_json":{"title":"SOBRE LAS BAHAMAS | Official Eleuthera Harbour Island","robots":{"index":"index","follow":"follow","max-snippet":"max-snippet:-1","max-image-preview":"max-image-preview:large","max-video-preview":"max-video-preview:-1"},"canonical":"https:\/\/officialeleutheraharbourisland.com\/es\/sobre-las-bahamas\/","og_locale":"es_ES","og_type":"article","og_title":"SOBRE LAS BAHAMAS","og_description":"[vc_row css=\u00bb.vc_custom_1648471521500{padding-bottom: 50px !important;}\u00bb][vc_column][vc_column_text css=\u00bb.vc_custom_1663854287086{padding-top: 30px !important;}\u00bb]Las Bahamas es un para\u00edso esc\u00e9nico que atrae a turistas de todo el mundo. Es un archipi\u00e9lago de 700 islas con una posici\u00f3n estrat\u00e9gica para toda la regi\u00f3n centroamericana, el Golfo de M\u00e9xico y el Mar Caribe. La cultura y la sociedad de las Bahamas son una combinaci\u00f3n distinta&hellip;","og_url":"https:\/\/officialeleutheraharbourisland.com\/es\/sobre-las-bahamas\/","og_site_name":"Official Eleuthera Harbour Island","article_modified_time":"2022-09-22T13:54:01+00:00","twitter_card":"summary_large_image","twitter_misc":{"Tiempo de lectura":"3 minutos"},"schema":{"@context":"https:\/\/schema.org","@graph":[{"@type":"WebPage","@id":"https:\/\/officialeleutheraharbourisland.com\/es\/sobre-las-bahamas\/","url":"https:\/\/officialeleutheraharbourisland.com\/es\/sobre-las-bahamas\/","name":"SOBRE LAS BAHAMAS | Official Eleuthera Harbour Island","isPartOf":{"@id":"https:\/\/officialeleutheraharbourisland.com\/#website"},"datePublished":"2022-03-27T16:01:10+00:00","dateModified":"2022-09-22T13:54:01+00:00","breadcrumb":{"@id":"https:\/\/officialeleutheraharbourisland.com\/es\/sobre-las-bahamas\/#breadcrumb"},"inLanguage":"es","potentialAction":[{"@type":"ReadAction","target":["https:\/\/officialeleutheraharbourisland.com\/es\/sobre-las-bahamas\/"]}]},{"@type":"BreadcrumbList","@id":"https:\/\/officialeleutheraharbourisland.com\/es\/sobre-las-bahamas\/#breadcrumb","itemListElement":[{"@type":"ListItem","position":1,"name":"Home","item":"https:\/\/officialeleutheraharbourisland.com\/es\/"},{"@type":"ListItem","position":2,"name":"SOBRE LAS BAHAMAS"}]},{"@type":"WebSite","@id":"https:\/\/officialeleutheraharbourisland.com\/#website","url":"https:\/\/officialeleutheraharbourisland.com\/","name":"Official Eleuthera Harbour Island","description":"Where Beauty &amp; Nature Meet","publisher":{"@id":"https:\/\/officialeleutheraharbourisland.com\/#organization"},"potentialAction":[{"@type":"SearchAction","target":{"@type":"EntryPoint","urlTemplate":"https:\/\/officialeleutheraharbourisland.com\/?s={search_term_string}"},"query-input":{"@type":"PropertyValueSpecification","valueRequired":true,"valueName":"search_term_string"}}],"inLanguage":"es"},{"@type":"Organization","@id":"https:\/\/officialeleutheraharbourisland.com\/#organization","name":"Official Eleuthera Harbour Island","url":"https:\/\/officialeleutheraharbourisland.com\/","logo":{"@type":"ImageObject","inLanguage":"es","@id":"https:\/\/officialeleutheraharbourisland.com\/#\/schema\/logo\/image\/","url":"https:\/\/officialeleutheraharbourisland.com\/wp-content\/uploads\/2022\/03\/logo-new-GREY-275.png","contentUrl":"https:\/\/officialeleutheraharbourisland.com\/wp-content\/uploads\/2022\/03\/logo-new-GREY-275.png","width":275,"height":22,"caption":"Official Eleuthera Harbour Island"},"image":{"@id":"https:\/\/officialeleutheraharbourisland.com\/#\/schema\/logo\/image\/"}}]}},"jetpack_sharing_enabled":true,"_links":{"self":[{"href":"https:\/\/officialeleutheraharbourisland.com\/es\/wp-json\/wp\/v2\/pages\/69958","targetHints":{"allow":["GET"]}}],"collection":[{"href":"https:\/\/officialeleutheraharbourisland.com\/es\/wp-json\/wp\/v2\/pages"}],"about":[{"href":"https:\/\/officialeleutheraharbourisland.com\/es\/wp-json\/wp\/v2\/types\/page"}],"author":[{"embeddable":true,"href":"https:\/\/officialeleutheraharbourisland.com\/es\/wp-json\/wp\/v2\/users\/4"}],"replies":[{"embeddable":true,"href":"https:\/\/officialeleutheraharbourisland.com\/es\/wp-json\/wp\/v2\/comments?post=69958"}],"version-history":[{"count":7,"href":"https:\/\/officialeleutheraharbourisland.com\/es\/wp-json\/wp\/v2\/pages\/69958\/revisions"}],"predecessor-version":[{"id":69965,"href":"https:\/\/officialeleutheraharbourisland.com\/es\/wp-json\/wp\/v2\/pages\/69958\/revisions\/69965"}],"wp:attachment":[{"href":"https:\/\/officialeleutheraharbourisland.com\/es\/wp-json\/wp\/v2\/media?parent=69958"}],"wp:term":[{"taxonomy":"category","embeddable":true,"href":"https:\/\/officialeleutheraharbourisland.com\/es\/wp-json\/wp\/v2\/categories?post=69958"},{"taxonomy":"post_tag","embeddable":true,"href":"https:\/\/officialeleutheraharbourisland.com\/es\/wp-json\/wp\/v2\/tags?post=69958"}],"curies":[{"name":"wp","href":"https:\/\/api.w.org\/{rel}","templated":true}]}}