{"id":69967,"date":"2022-03-22T22:58:11","date_gmt":"2022-03-22T22:58:11","guid":{"rendered":"https:\/\/officialeleutheraharbourisland.com\/eleuthera\/"},"modified":"2022-11-16T12:44:42","modified_gmt":"2022-11-16T12:44:42","slug":"eleuthera","status":"publish","type":"page","link":"https:\/\/officialeleutheraharbourisland.com\/es\/eleuthera\/","title":{"rendered":"ELEUTHERA"},"content":{"rendered":"<div class=\"wpb-content-wrapper\"><p>[vc_row css=\u00bb.vc_custom_1648390252446{padding-bottom: 30px !important;}\u00bb][vc_column]<div id=\"ultimate-heading-100969de33af29dc0\" class=\"uvc-heading ult-adjust-bottom-margin ultimate-heading-100969de33af29dc0 uvc-1105 \" data-hspacer=\"line_only\"  data-halign=\"center\" style=\"text-align:center\"><div class=\"uvc-main-heading ult-responsive\"  data-ultimate-target='.uvc-heading.ultimate-heading-100969de33af29dc0 h2'  data-responsive-json-new='{\"font-size\":\"\",\"line-height\":\"\"}' ><h2 style=\"font-weight:bold;margin-bottom:10px;\">Descubre la Isla de Eleuthera en Bahamas<\/h2><\/div><div class=\"uvc-heading-spacer line_only\" style=\"margin-bottom:10px;height:3px;\"><span class=\"uvc-headings-line\" style=\"border-style:solid;border-bottom-width:3px;border-color:#7ac1ff;width:70px;\"><\/span><\/div><\/div>[vc_column_text]Oficial Eleuthera Harbour Island le ofrece m\u00e1s informaci\u00f3n sobre la isla de Eleuthera. Premiada como una de las &#8216;Mejores Islas&#8217; en la Tierra por Travel and Leisure, es conocida por sus magn\u00edficas aguas turquesas y azul claro. Pero ning\u00fan viaje est\u00e1 completo sin visitar el Puente de la Ventana de Cristal. Aqu\u00ed, puede pararse en el divisor de 30 pies de ancho que separa las ricas aguas azules del Oc\u00e9ano Atl\u00e1ntico y la tranquila Bah\u00eda de Eleuthera. Buceo, snorkel, pesca, nataci\u00f3n y paseos en bote son algunas de las aventuras que ofrece la isla. El medio de transporte preferido en la isla es caminar o alquilar un autom\u00f3vil, que se puede encontrar f\u00e1cilmente.<\/p>\n<p>[\/vc_column_text][\/vc_column][\/vc_row][vc_row full_width=\u00bbstretch_row_content_no_spaces\u00bb gap=\u00bb35&#8243; equal_height=\u00bbyes\u00bb content_placement=\u00bbmiddle\u00bb css=\u00bb.vc_custom_1655750204316{margin-bottom: 40px !important;}\u00bb][vc_column width=\u00bb1\/4&#8243;][vc_raw_html]W2RyYXdhdHRlbnRpb25dDQo=[\/vc_raw_html][\/vc_column][vc_column width=\u00bb1\/4&#8243;]<div class=\"ult-new-ib ult-ib-effect-style7  ult-ib-resp ult-ib2-min-height \" data-min-width=\"768\" data-max-width=\"900\" style=\"background:#000000; opacity:0; \" data-opacity=\"0.8\" data-hover-opacity=\"0.3\"  data-min-height=\"550\" ><img data-recalc-dims=\"1\" decoding=\"async\" class=\"ult-new-ib-img\" style=\"opacity:0.8;\" alt=\"null\" src=\"https:\/\/i0.wp.com\/officialeleutheraharbourisland.com\/wp-content\/uploads\/2022\/03\/spanish-wells-2.jpg?w=1200&#038;ssl=1\"  data-min-height=\"550\"   \/><div id=\"interactive-banner-wrap-8307\" class=\"ult-new-ib-desc\" style=\"\"><h2 class=\"ult-new-ib-title ult-responsive\"  data-ultimate-target='#interactive-banner-wrap-8307 .ult-new-ib-title'  data-responsive-json-new='{\"font-size\":\"desktop:25px;\",\"line-height\":\"\"}'  style=\"font-family:&#039;Roboto&#039;;font-weight:700;\">ELEUTHERA NORTE<\/h2><div class=\"ult-new-ib-content ult-responsive\"  data-ultimate-target='#interactive-banner-wrap-8307 .ult-new-ib-content'  data-responsive-json-new='{\"font-size\":\"\",\"line-height\":\"\"}'  style=\"font-weight:normal;\"><p>Eleuthera Norte es uno de los distritos de las Bahamas en la isla de Eleuthera. El famoso puente Glass Window se encuentra en Eleuthera Norte. Algunos de los otros lugares de visita obligada en Eleuthera Norte son Surfer's Beach, Gaulding Cay Bridge y Sapphire Blue Hole.<\/p><\/div><\/div><a class=\"ult-new-ib-link\" href=\"\/es\/eleuthera\/eleuthera-norte\/\" title=\"NORTH ELEUTHERA\"  ><\/a><\/div>[\/vc_column][vc_column width=\u00bb1\/4&#8243;]<div class=\"ult-new-ib ult-ib-effect-style7  ult-ib-resp ult-ib2-min-height \" data-min-width=\"768\" data-max-width=\"900\" style=\"background:#000000; opacity:0; \" data-opacity=\"0.8\" data-hover-opacity=\"0.3\"  data-min-height=\"550\" ><img data-recalc-dims=\"1\" decoding=\"async\" class=\"ult-new-ib-img\" style=\"opacity:0.8;\" alt=\"null\" src=\"https:\/\/i0.wp.com\/officialeleutheraharbourisland.com\/wp-content\/uploads\/2022\/05\/eleuthera-2.jpg?w=1200&#038;ssl=1\"  data-min-height=\"550\"   \/><div id=\"interactive-banner-wrap-2869\" class=\"ult-new-ib-desc\" style=\"\"><h2 class=\"ult-new-ib-title ult-responsive\"  data-ultimate-target='#interactive-banner-wrap-2869 .ult-new-ib-title'  data-responsive-json-new='{\"font-size\":\"desktop:25px;\",\"line-height\":\"\"}'  style=\"font-family:&#039;Roboto&#039;;font-weight:700;\">ELEUTHERA CENTRAL<\/h2><div class=\"ult-new-ib-content ult-responsive\"  data-ultimate-target='#interactive-banner-wrap-2869 .ult-new-ib-content'  data-responsive-json-new='{\"font-size\":\"\",\"line-height\":\"\"}'  style=\"font-weight:normal;\"><p>La reserva de plantas nativas Leon Levy, un jard\u00edn bot\u00e1nico junto al puerto con aves, y la playa French Leave, una costa de arena blanca, son lugares populares entre los turistas. Governor's Harbour y Savannah Sound son los principales asentamientos en Central Eleuthera.<\/p><\/div><\/div><a class=\"ult-new-ib-link\" href=\"\/es\/eleuthera\/eleuthera-central\/\" title=\"CENTRAL ELEUTHERA\"  ><\/a><\/div>[\/vc_column][vc_column width=\u00bb1\/4&#8243;]<div class=\"ult-new-ib ult-ib-effect-style7  ult-ib-resp ult-ib2-min-height \" data-min-width=\"768\" data-max-width=\"900\" style=\"background:#000000; opacity:0; \" data-opacity=\"0.8\" data-hover-opacity=\"0.3\"  data-min-height=\"550\" ><img data-recalc-dims=\"1\" decoding=\"async\" class=\"ult-new-ib-img\" style=\"opacity:0.8;\" alt=\"null\" src=\"https:\/\/i0.wp.com\/officialeleutheraharbourisland.com\/wp-content\/uploads\/2022\/03\/harbour-island-2.jpg?w=1200&#038;ssl=1\"  data-min-height=\"550\"   \/><div id=\"interactive-banner-wrap-1639\" class=\"ult-new-ib-desc\" style=\"\"><h2 class=\"ult-new-ib-title ult-responsive\"  data-ultimate-target='#interactive-banner-wrap-1639 .ult-new-ib-title'  data-responsive-json-new='{\"font-size\":\"desktop:25px;\",\"line-height\":\"\"}'  style=\"font-family:&#039;Roboto&#039;;font-weight:700;\">ELEUTHERA SUR<\/h2><div class=\"ult-new-ib-content ult-responsive\"  data-ultimate-target='#interactive-banner-wrap-1639 .ult-new-ib-content'  data-responsive-json-new='{\"font-size\":\"\",\"line-height\":\"\"}'  style=\"font-weight:normal;\"><p>El mundialmente famoso Ocean Hole, Cathedral Cave y Lighthouse Beach son algunos de los principales lugares de inter\u00e9s en Eleuthera Sur. Seg\u00fan los lugare\u00f1os, el sur es m\u00e1s tranquilo y menos concurrido que Eleuthera Norte.<\/p><\/div><\/div><a class=\"ult-new-ib-link\" href=\"\/es\/eleuthera\/eleuthera-sur\/\" title=\"SOUTH ELEUTHERA\"  ><\/a><\/div>[\/vc_column][\/vc_row][vc_row full_width=\u00bbstretch_row\u00bb][vc_column width=\u00bb1\/2&#8243;][vc_raw_js]JTNDc2NyaXB0JTIwdHlwZSUzRCUyMnRleHQlMkZqYXZhc2NyaXB0JTIyJTNFJTBBdmFyJTIwYmFubmVyc25hY2tfZW1iZWQlMjAlM0QlMjAlN0IlMjJoYXNoJTIyJTNBJTIyYnRjOXczbDhjJTIyJTJDJTIyd2lkdGglMjIlM0E4MDAlMkMlMjJoZWlnaHQlMjIlM0EzMDAlMkMlMjJ0JTIyJTNBMTY1MDQ3MTMwNiUyQyUyMnVzZXJJZCUyMiUzQTE5MzkyNDM2JTJDJTIydHlwZSUyMiUzQSUyMmh0bWw1JTIyJTdEJTNCJTBBJTNDJTJGc2NyaXB0JTNFJTBBJTNDc2NyaXB0JTIwdHlwZSUzRCUyMnRleHQlMkZqYXZhc2NyaXB0JTIyJTIwc3JjJTNEJTIyJTJGJTJGY2RuLmJhbm5lcnNuYWNrLmNvbSUyRmlmcmFtZSUyRmVtYmVkLmpzJTIyJTNFJTNDJTJGc2NyaXB0JTNF[\/vc_raw_js][\/vc_column][vc_column width=\u00bb1\/2&#8243;][vc_raw_js]JTNDc2NyaXB0JTIwdHlwZSUzRCUyMnRleHQlMkZqYXZhc2NyaXB0JTIyJTNFJTBBdmFyJTIwYmFubmVyc25hY2tfZW1iZWQlMjAlM0QlMjAlN0IlMjJoYXNoJTIyJTNBJTIyYjFtcTEyYjZsJTIyJTJDJTIyd2lkdGglMjIlM0E4MDAlMkMlMjJoZWlnaHQlMjIlM0EzMDAlMkMlMjJ0JTIyJTNBMTY1MDQ3Nzg3MSUyQyUyMnVzZXJJZCUyMiUzQTE5MzkyNDM2JTJDJTIydHlwZSUyMiUzQSUyMmh0bWw1JTIyJTdEJTNCJTBBJTNDJTJGc2NyaXB0JTNFJTBBJTNDc2NyaXB0JTIwdHlwZSUzRCUyMnRleHQlMkZqYXZhc2NyaXB0JTIyJTIwc3JjJTNEJTIyJTJGJTJGY2RuLmJhbm5lcnNuYWNrLmNvbSUyRmlmcmFtZSUyRmVtYmVkLmpzJTIyJTNFJTNDJTJGc2NyaXB0JTNF[\/vc_raw_js][\/vc_column][\/vc_row]<\/p>\n<\/div>","protected":false},"excerpt":{"rendered":"<p>[vc_row css=\u00bb.vc_custom_1648390252446{padding-bottom: 30px !important;}\u00bb][vc_column][vc_column_text]Oficial Eleuthera Harbour Island le ofrece m\u00e1s informaci\u00f3n sobre la isla de Eleuthera. Premiada como una de las &#8216;Mejores Islas&#8217; en la Tierra por Travel and Leisure, es conocida por sus magn\u00edficas aguas turquesas y azul claro. Pero ning\u00fan viaje est\u00e1 completo sin visitar el Puente de la Ventana de Cristal. Aqu\u00ed,&hellip;<\/p>\n","protected":false},"author":3,"featured_media":0,"parent":0,"menu_order":0,"comment_status":"closed","ping_status":"closed","template":"","meta":{"footnotes":""},"categories":[],"tags":[],"class_list":["post-69967","page","type-page","status-publish","hentry","description-off"],"yoast_head":"<!-- This site is optimized with the Yoast SEO Premium plugin v25.2 (Yoast SEO v27.3) - https:\/\/yoast.com\/product\/yoast-seo-premium-wordpress\/ -->\n<title>ELEUTHERA | Official Eleuthera Harbour Island<\/title>\n<meta name=\"robots\" content=\"index, follow, max-snippet:-1, max-image-preview:large, max-video-preview:-1\" \/>\n<link rel=\"canonical\" href=\"https:\/\/officialeleutheraharbourisland.com\/es\/eleuthera\/\" \/>\n<meta property=\"og:locale\" content=\"es_ES\" \/>\n<meta property=\"og:type\" content=\"article\" \/>\n<meta property=\"og:title\" content=\"ELEUTHERA\" \/>\n<meta property=\"og:description\" content=\"[vc_row css=\u00bb.vc_custom_1648390252446{padding-bottom: 30px !important;}\u00bb][vc_column][vc_column_text]Oficial Eleuthera Harbour Island le ofrece m\u00e1s informaci\u00f3n sobre la isla de Eleuthera. Premiada como una de las &#8216;Mejores Islas&#8217; en la Tierra por Travel and Leisure, es conocida por sus magn\u00edficas aguas turquesas y azul claro. Pero ning\u00fan viaje est\u00e1 completo sin visitar el Puente de la Ventana de Cristal. Aqu\u00ed,&hellip;\" \/>\n<meta property=\"og:url\" content=\"https:\/\/officialeleutheraharbourisland.com\/es\/eleuthera\/\" \/>\n<meta property=\"og:site_name\" content=\"Official Eleuthera Harbour Island\" \/>\n<meta property=\"article:modified_time\" content=\"2022-11-16T12:44:42+00:00\" \/>\n<meta name=\"twitter:card\" content=\"summary_large_image\" \/>\n<meta name=\"twitter:label1\" content=\"Tiempo de lectura\" \/>\n\t<meta name=\"twitter:data1\" content=\"2 minutos\" \/>\n<script type=\"application\/ld+json\" class=\"yoast-schema-graph\">{\"@context\":\"https:\\\/\\\/schema.org\",\"@graph\":[{\"@type\":\"WebPage\",\"@id\":\"https:\\\/\\\/officialeleutheraharbourisland.com\\\/es\\\/eleuthera\\\/\",\"url\":\"https:\\\/\\\/officialeleutheraharbourisland.com\\\/es\\\/eleuthera\\\/\",\"name\":\"ELEUTHERA | Official Eleuthera Harbour Island\",\"isPartOf\":{\"@id\":\"https:\\\/\\\/officialeleutheraharbourisland.com\\\/#website\"},\"datePublished\":\"2022-03-22T22:58:11+00:00\",\"dateModified\":\"2022-11-16T12:44:42+00:00\",\"breadcrumb\":{\"@id\":\"https:\\\/\\\/officialeleutheraharbourisland.com\\\/es\\\/eleuthera\\\/#breadcrumb\"},\"inLanguage\":\"es\",\"potentialAction\":[{\"@type\":\"ReadAction\",\"target\":[\"https:\\\/\\\/officialeleutheraharbourisland.com\\\/es\\\/eleuthera\\\/\"]}]},{\"@type\":\"BreadcrumbList\",\"@id\":\"https:\\\/\\\/officialeleutheraharbourisland.com\\\/es\\\/eleuthera\\\/#breadcrumb\",\"itemListElement\":[{\"@type\":\"ListItem\",\"position\":1,\"name\":\"Home\",\"item\":\"https:\\\/\\\/officialeleutheraharbourisland.com\\\/es\\\/\"},{\"@type\":\"ListItem\",\"position\":2,\"name\":\"ELEUTHERA\"}]},{\"@type\":\"WebSite\",\"@id\":\"https:\\\/\\\/officialeleutheraharbourisland.com\\\/#website\",\"url\":\"https:\\\/\\\/officialeleutheraharbourisland.com\\\/\",\"name\":\"Official Eleuthera Harbour Island\",\"description\":\"Where Beauty &amp; Nature Meet\",\"publisher\":{\"@id\":\"https:\\\/\\\/officialeleutheraharbourisland.com\\\/#organization\"},\"potentialAction\":[{\"@type\":\"SearchAction\",\"target\":{\"@type\":\"EntryPoint\",\"urlTemplate\":\"https:\\\/\\\/officialeleutheraharbourisland.com\\\/?s={search_term_string}\"},\"query-input\":{\"@type\":\"PropertyValueSpecification\",\"valueRequired\":true,\"valueName\":\"search_term_string\"}}],\"inLanguage\":\"es\"},{\"@type\":\"Organization\",\"@id\":\"https:\\\/\\\/officialeleutheraharbourisland.com\\\/#organization\",\"name\":\"Official Eleuthera Harbour Island\",\"url\":\"https:\\\/\\\/officialeleutheraharbourisland.com\\\/\",\"logo\":{\"@type\":\"ImageObject\",\"inLanguage\":\"es\",\"@id\":\"https:\\\/\\\/officialeleutheraharbourisland.com\\\/#\\\/schema\\\/logo\\\/image\\\/\",\"url\":\"https:\\\/\\\/officialeleutheraharbourisland.com\\\/wp-content\\\/uploads\\\/2022\\\/03\\\/logo-new-GREY-275.png\",\"contentUrl\":\"https:\\\/\\\/officialeleutheraharbourisland.com\\\/wp-content\\\/uploads\\\/2022\\\/03\\\/logo-new-GREY-275.png\",\"width\":275,\"height\":22,\"caption\":\"Official Eleuthera Harbour Island\"},\"image\":{\"@id\":\"https:\\\/\\\/officialeleutheraharbourisland.com\\\/#\\\/schema\\\/logo\\\/image\\\/\"}}]}<\/script>\n<!-- \/ Yoast SEO Premium plugin. -->","yoast_head_json":{"title":"ELEUTHERA | Official Eleuthera Harbour Island","robots":{"index":"index","follow":"follow","max-snippet":"max-snippet:-1","max-image-preview":"max-image-preview:large","max-video-preview":"max-video-preview:-1"},"canonical":"https:\/\/officialeleutheraharbourisland.com\/es\/eleuthera\/","og_locale":"es_ES","og_type":"article","og_title":"ELEUTHERA","og_description":"[vc_row css=\u00bb.vc_custom_1648390252446{padding-bottom: 30px !important;}\u00bb][vc_column][vc_column_text]Oficial Eleuthera Harbour Island le ofrece m\u00e1s informaci\u00f3n sobre la isla de Eleuthera. Premiada como una de las &#8216;Mejores Islas&#8217; en la Tierra por Travel and Leisure, es conocida por sus magn\u00edficas aguas turquesas y azul claro. Pero ning\u00fan viaje est\u00e1 completo sin visitar el Puente de la Ventana de Cristal. Aqu\u00ed,&hellip;","og_url":"https:\/\/officialeleutheraharbourisland.com\/es\/eleuthera\/","og_site_name":"Official Eleuthera Harbour Island","article_modified_time":"2022-11-16T12:44:42+00:00","twitter_card":"summary_large_image","twitter_misc":{"Tiempo de lectura":"2 minutos"},"schema":{"@context":"https:\/\/schema.org","@graph":[{"@type":"WebPage","@id":"https:\/\/officialeleutheraharbourisland.com\/es\/eleuthera\/","url":"https:\/\/officialeleutheraharbourisland.com\/es\/eleuthera\/","name":"ELEUTHERA | Official Eleuthera Harbour Island","isPartOf":{"@id":"https:\/\/officialeleutheraharbourisland.com\/#website"},"datePublished":"2022-03-22T22:58:11+00:00","dateModified":"2022-11-16T12:44:42+00:00","breadcrumb":{"@id":"https:\/\/officialeleutheraharbourisland.com\/es\/eleuthera\/#breadcrumb"},"inLanguage":"es","potentialAction":[{"@type":"ReadAction","target":["https:\/\/officialeleutheraharbourisland.com\/es\/eleuthera\/"]}]},{"@type":"BreadcrumbList","@id":"https:\/\/officialeleutheraharbourisland.com\/es\/eleuthera\/#breadcrumb","itemListElement":[{"@type":"ListItem","position":1,"name":"Home","item":"https:\/\/officialeleutheraharbourisland.com\/es\/"},{"@type":"ListItem","position":2,"name":"ELEUTHERA"}]},{"@type":"WebSite","@id":"https:\/\/officialeleutheraharbourisland.com\/#website","url":"https:\/\/officialeleutheraharbourisland.com\/","name":"Official Eleuthera Harbour Island","description":"Where Beauty &amp; Nature Meet","publisher":{"@id":"https:\/\/officialeleutheraharbourisland.com\/#organization"},"potentialAction":[{"@type":"SearchAction","target":{"@type":"EntryPoint","urlTemplate":"https:\/\/officialeleutheraharbourisland.com\/?s={search_term_string}"},"query-input":{"@type":"PropertyValueSpecification","valueRequired":true,"valueName":"search_term_string"}}],"inLanguage":"es"},{"@type":"Organization","@id":"https:\/\/officialeleutheraharbourisland.com\/#organization","name":"Official Eleuthera Harbour Island","url":"https:\/\/officialeleutheraharbourisland.com\/","logo":{"@type":"ImageObject","inLanguage":"es","@id":"https:\/\/officialeleutheraharbourisland.com\/#\/schema\/logo\/image\/","url":"https:\/\/officialeleutheraharbourisland.com\/wp-content\/uploads\/2022\/03\/logo-new-GREY-275.png","contentUrl":"https:\/\/officialeleutheraharbourisland.com\/wp-content\/uploads\/2022\/03\/logo-new-GREY-275.png","width":275,"height":22,"caption":"Official Eleuthera Harbour Island"},"image":{"@id":"https:\/\/officialeleutheraharbourisland.com\/#\/schema\/logo\/image\/"}}]}},"jetpack_sharing_enabled":true,"_links":{"self":[{"href":"https:\/\/officialeleutheraharbourisland.com\/es\/wp-json\/wp\/v2\/pages\/69967","targetHints":{"allow":["GET"]}}],"collection":[{"href":"https:\/\/officialeleutheraharbourisland.com\/es\/wp-json\/wp\/v2\/pages"}],"about":[{"href":"https:\/\/officialeleutheraharbourisland.com\/es\/wp-json\/wp\/v2\/types\/page"}],"author":[{"embeddable":true,"href":"https:\/\/officialeleutheraharbourisland.com\/es\/wp-json\/wp\/v2\/users\/3"}],"replies":[{"embeddable":true,"href":"https:\/\/officialeleutheraharbourisland.com\/es\/wp-json\/wp\/v2\/comments?post=69967"}],"version-history":[{"count":4,"href":"https:\/\/officialeleutheraharbourisland.com\/es\/wp-json\/wp\/v2\/pages\/69967\/revisions"}],"predecessor-version":[{"id":70959,"href":"https:\/\/officialeleutheraharbourisland.com\/es\/wp-json\/wp\/v2\/pages\/69967\/revisions\/70959"}],"wp:attachment":[{"href":"https:\/\/officialeleutheraharbourisland.com\/es\/wp-json\/wp\/v2\/media?parent=69967"}],"wp:term":[{"taxonomy":"category","embeddable":true,"href":"https:\/\/officialeleutheraharbourisland.com\/es\/wp-json\/wp\/v2\/categories?post=69967"},{"taxonomy":"post_tag","embeddable":true,"href":"https:\/\/officialeleutheraharbourisland.com\/es\/wp-json\/wp\/v2\/tags?post=69967"}],"curies":[{"name":"wp","href":"https:\/\/api.w.org\/{rel}","templated":true}]}}