{"id":70041,"date":"2022-03-23T15:30:55","date_gmt":"2022-03-23T15:30:55","guid":{"rendered":"https:\/\/officialeleutheraharbourisland.com\/eleuthera\/eleuthera-sur\/cosas-para-ver-en-eleuthera-sur\/"},"modified":"2022-09-22T17:39:20","modified_gmt":"2022-09-22T17:39:20","slug":"cosas-para-ver-en-eleuthera-sur","status":"publish","type":"page","link":"https:\/\/officialeleutheraharbourisland.com\/es\/eleuthera\/eleuthera-sur\/cosas-para-ver-en-eleuthera-sur\/","title":{"rendered":"COSAS PARA VER EN ELEUTHERA SUR"},"content":{"rendered":"<div class=\"wpb-content-wrapper\"><p>[vc_row css=\u00bb.vc_custom_1653658000238{padding-bottom: 50px !important;}\u00bb][vc_column][vc_column_text]<span style=\"font-weight: 400;\">Official Eleuthera Harbour Island le brinda m\u00e1s informaci\u00f3n sobre cosas para ver en la pintoresca Eleuthera Sur.<\/span><\/p>\n<ol>\n<li style=\"font-weight: 400;\" aria-level=\"1\"><b>Bannerman Town:<\/b><span style=\"font-weight: 400;\"> una ciudad tranquila junto al mar con una interesante historia ubicada en Eleuthera Sur y es el hogar de la tranquila Lighthouse Beach.<br \/>\n<\/span><\/li>\n<li style=\"font-weight: 400;\" aria-level=\"1\"><b>Cathedral Cave:<\/b><span style=\"font-weight: 400;\"> Ubicada al sur de Ocean Hole, la <strong>Cueva de la Catedral<\/strong> tiene aberturas en los techos de la cueva. Los rayos del sol que atraviesan las aberturas iluminan la cueva formando una vista impresionante. Se requieren de 30 a 60 minutos para el recorrido de la cueva.<br \/>\n<\/span><\/li>\n<li style=\"font-weight: 400;\" aria-level=\"1\"><b>Tarpum Bay:\u00a0<\/b>el asentamiento est\u00e1 ubicado entre Rock Sound y Savannah Sound. Tarpon Fish sol\u00eda encontrarse en la playa, por lo que se llama Tarpum Bay. La playa de Tarpum Bay tiene conchas en la playa, y se pueden ver caracolas en las aguas cristalinas.<\/li>\n<li style=\"font-weight: 400;\" aria-level=\"1\"><b>Ocean Hole:<\/b><span style=\"font-weight: 400;\"> hogar de un incre\u00edble ecosistema y peces tropicales, Ocean Hole tambi\u00e9n se conoce como un agujero azul sin fondo. Tambi\u00e9n es un lugar de alimentaci\u00f3n de peces donde se pueden observar peces loro, pargos y peces \u00e1ngel.<br \/>\n<\/span><\/li>\n<li style=\"font-weight: 400;\" aria-level=\"1\"><strong>Arquitectura de las Bahamas:<\/strong> durante su recorrido por la isla, ver\u00e1 muchas casas antiguas e hist\u00f3ricas de las Bahamas. Una escena fascinante que no debes perderte.<\/li>\n<li style=\"font-weight: 400;\" aria-level=\"1\"><strong>Iglesia Anglicana de St. Columbines:<\/strong> Construida en 1849, la Iglesia Anglicana de St. Columbines es un sitio hist\u00f3rico ubicado en Tarpum Bay.<\/li>\n<li style=\"font-weight: 400;\" aria-level=\"1\"><strong>Muelle de pescadores:<\/strong> Los pescadores salen a pescar caracol, mero, pargo, etc., al amanecer y regresan a las 14:00 horas. Si visitas el muelle a las 15:00 horas, ver\u00e1s a los pescadores limpiando el pescado y luego embolsarlo. El pescado se vender\u00e1 a los turistas que visiten el muelle. Las 3:00 p.m. es una escena aut\u00e9ntica y arraigada en la tradici\u00f3n; as\u00ed es como trabajan los verdaderos pescadores.<\/li>\n<li style=\"font-weight: 400;\" aria-level=\"1\"><strong>Licor elaborado localmente:<\/strong> en South Eleuthera, encontrar\u00e1 varias licorer\u00edas que venden ron de pl\u00e1tano, pi\u00f1a y coco que puede llevar a casa como recuerdo.<\/li>\n<\/ol>\n<p>[\/vc_column_text][\/vc_column][\/vc_row][vc_row content_placement=\u00bbmiddle\u00bb][vc_column width=\u00bb1\/4&#8243; css=\u00bb.vc_custom_1654257567660{padding: 1px !important;}\u00bb][\/vc_column][vc_column width=\u00bb1\/4&#8243; css=\u00bb.vc_custom_1654257608323{padding: 1px !important;}\u00bb]<div class=\"ult-new-ib ult-ib-effect-style14  ult-ib-resp  \" data-min-width=\"768\" data-max-width=\"900\" style=\"background:#000000;\" data-opacity=\"0.5\" data-hover-opacity=\"0.9\" ><img data-recalc-dims=\"1\" decoding=\"async\" class=\"ult-new-ib-img\" style=\"opacity:0.5;\" alt=\"null\" src=\"https:\/\/i0.wp.com\/officialeleutheraharbourisland.com\/wp-content\/uploads\/2022\/05\/town-and-settlements.jpg?w=1200&#038;ssl=1\"   \/><div id=\"interactive-banner-wrap-1164\" class=\"ult-new-ib-desc\" style=\"\"><h1 class=\"ult-new-ib-title ult-responsive\"  data-ultimate-target='#interactive-banner-wrap-1164 .ult-new-ib-title'  data-responsive-json-new='{\"font-size\":\"desktop:27px;\",\"line-height\":\"desktop:27px;\"}'  style=\"font-weight:bold;\">PUEBLO Y ASENTAMIENTOS<\/h1><\/div><a class=\"ult-new-ib-link\" href=\"https:\/\/officialeleutheraharbourisland.com\/eleuthera\/south-eleuthera\/things-to-see\/town-and-settlements\/\" title=\"TOWN AND SETTLEMENTS\"  ><\/a><\/div>[\/vc_column][vc_column width=\u00bb1\/4&#8243; css=\u00bb.vc_custom_1654257613679{padding: 1px !important;}\u00bb]<div class=\"ult-new-ib ult-ib-effect-style14  ult-ib-resp  \" data-min-width=\"768\" data-max-width=\"900\" style=\"background:#000000;\" data-opacity=\"0.5\" data-hover-opacity=\"0.9\" ><img data-recalc-dims=\"1\" decoding=\"async\" class=\"ult-new-ib-img\" style=\"opacity:0.5;\" alt=\"null\" src=\"https:\/\/i0.wp.com\/officialeleutheraharbourisland.com\/wp-content\/uploads\/2022\/05\/nature-and-landmarks.jpg?w=1200&#038;ssl=1\"   \/><div id=\"interactive-banner-wrap-5734\" class=\"ult-new-ib-desc\" style=\"\"><h2 class=\"ult-new-ib-title ult-responsive\"  data-ultimate-target='#interactive-banner-wrap-5734 .ult-new-ib-title'  data-responsive-json-new='{\"font-size\":\"desktop:27px;\",\"line-height\":\"desktop:27px;\"}'  style=\"font-weight:bold;\">NATURALEZA Y LUGARES<\/h2><\/div><a class=\"ult-new-ib-link\" href=\"https:\/\/officialeleutheraharbourisland.com\/eleuthera\/south-eleuthera\/things-to-see\/nature-and-landmarks\/\" title=\"NATURE AND LANDMARKS\"  ><\/a><\/div>[\/vc_column][vc_column width=\u00bb1\/4&#8243;][\/vc_column][\/vc_row]<\/p>\n<\/div>","protected":false},"excerpt":{"rendered":"<p>[vc_row css=\u00bb.vc_custom_1653658000238{padding-bottom: 50px !important;}\u00bb][vc_column][vc_column_text]Official Eleuthera Harbour Island le brinda m\u00e1s informaci\u00f3n sobre cosas para ver en la pintoresca Eleuthera Sur. Bannerman Town: una ciudad tranquila junto al mar con una interesante historia ubicada en Eleuthera Sur y es el hogar de la tranquila Lighthouse Beach. Cathedral Cave: Ubicada al sur de Ocean Hole, la Cueva&hellip;<\/p>\n","protected":false},"author":3,"featured_media":0,"parent":69973,"menu_order":3,"comment_status":"closed","ping_status":"closed","template":"","meta":{"footnotes":""},"categories":[],"tags":[],"class_list":["post-70041","page","type-page","status-publish","hentry","description-off"],"yoast_head":"<!-- This site is optimized with the Yoast SEO Premium plugin v25.2 (Yoast SEO v27.4) - https:\/\/yoast.com\/product\/yoast-seo-premium-wordpress\/ -->\n<title>COSAS PARA VER EN ELEUTHERA SUR | Official Eleuthera Harbour Island<\/title>\n<meta name=\"robots\" content=\"index, follow, max-snippet:-1, max-image-preview:large, max-video-preview:-1\" \/>\n<link rel=\"canonical\" href=\"https:\/\/officialeleutheraharbourisland.com\/es\/eleuthera\/eleuthera-sur\/cosas-para-ver-en-eleuthera-sur\/\" \/>\n<meta property=\"og:locale\" content=\"es_ES\" \/>\n<meta property=\"og:type\" content=\"article\" \/>\n<meta property=\"og:title\" content=\"COSAS PARA VER EN ELEUTHERA SUR\" \/>\n<meta property=\"og:description\" content=\"[vc_row css=\u00bb.vc_custom_1653658000238{padding-bottom: 50px !important;}\u00bb][vc_column][vc_column_text]Official Eleuthera Harbour Island le brinda m\u00e1s informaci\u00f3n sobre cosas para ver en la pintoresca Eleuthera Sur. Bannerman Town: una ciudad tranquila junto al mar con una interesante historia ubicada en Eleuthera Sur y es el hogar de la tranquila Lighthouse Beach. Cathedral Cave: Ubicada al sur de Ocean Hole, la Cueva&hellip;\" \/>\n<meta property=\"og:url\" content=\"https:\/\/officialeleutheraharbourisland.com\/es\/eleuthera\/eleuthera-sur\/cosas-para-ver-en-eleuthera-sur\/\" \/>\n<meta property=\"og:site_name\" content=\"Official Eleuthera Harbour Island\" \/>\n<meta property=\"article:modified_time\" content=\"2022-09-22T17:39:20+00:00\" \/>\n<meta name=\"twitter:card\" content=\"summary_large_image\" \/>\n<meta name=\"twitter:label1\" content=\"Tiempo de lectura\" \/>\n\t<meta name=\"twitter:data1\" content=\"3 minutos\" \/>\n<script type=\"application\/ld+json\" class=\"yoast-schema-graph\">{\"@context\":\"https:\\\/\\\/schema.org\",\"@graph\":[{\"@type\":\"WebPage\",\"@id\":\"https:\\\/\\\/officialeleutheraharbourisland.com\\\/es\\\/eleuthera\\\/eleuthera-sur\\\/cosas-para-ver-en-eleuthera-sur\\\/\",\"url\":\"https:\\\/\\\/officialeleutheraharbourisland.com\\\/es\\\/eleuthera\\\/eleuthera-sur\\\/cosas-para-ver-en-eleuthera-sur\\\/\",\"name\":\"COSAS PARA VER EN ELEUTHERA SUR | Official Eleuthera Harbour Island\",\"isPartOf\":{\"@id\":\"https:\\\/\\\/officialeleutheraharbourisland.com\\\/#website\"},\"datePublished\":\"2022-03-23T15:30:55+00:00\",\"dateModified\":\"2022-09-22T17:39:20+00:00\",\"breadcrumb\":{\"@id\":\"https:\\\/\\\/officialeleutheraharbourisland.com\\\/es\\\/eleuthera\\\/eleuthera-sur\\\/cosas-para-ver-en-eleuthera-sur\\\/#breadcrumb\"},\"inLanguage\":\"es\",\"potentialAction\":[{\"@type\":\"ReadAction\",\"target\":[\"https:\\\/\\\/officialeleutheraharbourisland.com\\\/es\\\/eleuthera\\\/eleuthera-sur\\\/cosas-para-ver-en-eleuthera-sur\\\/\"]}]},{\"@type\":\"BreadcrumbList\",\"@id\":\"https:\\\/\\\/officialeleutheraharbourisland.com\\\/es\\\/eleuthera\\\/eleuthera-sur\\\/cosas-para-ver-en-eleuthera-sur\\\/#breadcrumb\",\"itemListElement\":[{\"@type\":\"ListItem\",\"position\":1,\"name\":\"Home\",\"item\":\"https:\\\/\\\/officialeleutheraharbourisland.com\\\/es\\\/\"},{\"@type\":\"ListItem\",\"position\":2,\"name\":\"ELEUTHERA\",\"item\":\"https:\\\/\\\/officialeleutheraharbourisland.com\\\/es\\\/eleuthera\\\/\"},{\"@type\":\"ListItem\",\"position\":3,\"name\":\"ELEUTHERA SUR\",\"item\":\"https:\\\/\\\/officialeleutheraharbourisland.com\\\/es\\\/eleuthera\\\/eleuthera-sur\\\/\"},{\"@type\":\"ListItem\",\"position\":4,\"name\":\"COSAS PARA VER EN ELEUTHERA SUR\"}]},{\"@type\":\"WebSite\",\"@id\":\"https:\\\/\\\/officialeleutheraharbourisland.com\\\/#website\",\"url\":\"https:\\\/\\\/officialeleutheraharbourisland.com\\\/\",\"name\":\"Official Eleuthera Harbour Island\",\"description\":\"Where Beauty &amp; Nature Meet\",\"publisher\":{\"@id\":\"https:\\\/\\\/officialeleutheraharbourisland.com\\\/#organization\"},\"potentialAction\":[{\"@type\":\"SearchAction\",\"target\":{\"@type\":\"EntryPoint\",\"urlTemplate\":\"https:\\\/\\\/officialeleutheraharbourisland.com\\\/?s={search_term_string}\"},\"query-input\":{\"@type\":\"PropertyValueSpecification\",\"valueRequired\":true,\"valueName\":\"search_term_string\"}}],\"inLanguage\":\"es\"},{\"@type\":\"Organization\",\"@id\":\"https:\\\/\\\/officialeleutheraharbourisland.com\\\/#organization\",\"name\":\"Official Eleuthera Harbour Island\",\"url\":\"https:\\\/\\\/officialeleutheraharbourisland.com\\\/\",\"logo\":{\"@type\":\"ImageObject\",\"inLanguage\":\"es\",\"@id\":\"https:\\\/\\\/officialeleutheraharbourisland.com\\\/#\\\/schema\\\/logo\\\/image\\\/\",\"url\":\"https:\\\/\\\/officialeleutheraharbourisland.com\\\/wp-content\\\/uploads\\\/2022\\\/03\\\/logo-new-GREY-275.png\",\"contentUrl\":\"https:\\\/\\\/officialeleutheraharbourisland.com\\\/wp-content\\\/uploads\\\/2022\\\/03\\\/logo-new-GREY-275.png\",\"width\":275,\"height\":22,\"caption\":\"Official Eleuthera Harbour Island\"},\"image\":{\"@id\":\"https:\\\/\\\/officialeleutheraharbourisland.com\\\/#\\\/schema\\\/logo\\\/image\\\/\"}}]}<\/script>\n<!-- \/ Yoast SEO Premium plugin. -->","yoast_head_json":{"title":"COSAS PARA VER EN ELEUTHERA SUR | Official Eleuthera Harbour Island","robots":{"index":"index","follow":"follow","max-snippet":"max-snippet:-1","max-image-preview":"max-image-preview:large","max-video-preview":"max-video-preview:-1"},"canonical":"https:\/\/officialeleutheraharbourisland.com\/es\/eleuthera\/eleuthera-sur\/cosas-para-ver-en-eleuthera-sur\/","og_locale":"es_ES","og_type":"article","og_title":"COSAS PARA VER EN ELEUTHERA SUR","og_description":"[vc_row css=\u00bb.vc_custom_1653658000238{padding-bottom: 50px !important;}\u00bb][vc_column][vc_column_text]Official Eleuthera Harbour Island le brinda m\u00e1s informaci\u00f3n sobre cosas para ver en la pintoresca Eleuthera Sur. Bannerman Town: una ciudad tranquila junto al mar con una interesante historia ubicada en Eleuthera Sur y es el hogar de la tranquila Lighthouse Beach. Cathedral Cave: Ubicada al sur de Ocean Hole, la Cueva&hellip;","og_url":"https:\/\/officialeleutheraharbourisland.com\/es\/eleuthera\/eleuthera-sur\/cosas-para-ver-en-eleuthera-sur\/","og_site_name":"Official Eleuthera Harbour Island","article_modified_time":"2022-09-22T17:39:20+00:00","twitter_card":"summary_large_image","twitter_misc":{"Tiempo de lectura":"3 minutos"},"schema":{"@context":"https:\/\/schema.org","@graph":[{"@type":"WebPage","@id":"https:\/\/officialeleutheraharbourisland.com\/es\/eleuthera\/eleuthera-sur\/cosas-para-ver-en-eleuthera-sur\/","url":"https:\/\/officialeleutheraharbourisland.com\/es\/eleuthera\/eleuthera-sur\/cosas-para-ver-en-eleuthera-sur\/","name":"COSAS PARA VER EN ELEUTHERA SUR | Official Eleuthera Harbour Island","isPartOf":{"@id":"https:\/\/officialeleutheraharbourisland.com\/#website"},"datePublished":"2022-03-23T15:30:55+00:00","dateModified":"2022-09-22T17:39:20+00:00","breadcrumb":{"@id":"https:\/\/officialeleutheraharbourisland.com\/es\/eleuthera\/eleuthera-sur\/cosas-para-ver-en-eleuthera-sur\/#breadcrumb"},"inLanguage":"es","potentialAction":[{"@type":"ReadAction","target":["https:\/\/officialeleutheraharbourisland.com\/es\/eleuthera\/eleuthera-sur\/cosas-para-ver-en-eleuthera-sur\/"]}]},{"@type":"BreadcrumbList","@id":"https:\/\/officialeleutheraharbourisland.com\/es\/eleuthera\/eleuthera-sur\/cosas-para-ver-en-eleuthera-sur\/#breadcrumb","itemListElement":[{"@type":"ListItem","position":1,"name":"Home","item":"https:\/\/officialeleutheraharbourisland.com\/es\/"},{"@type":"ListItem","position":2,"name":"ELEUTHERA","item":"https:\/\/officialeleutheraharbourisland.com\/es\/eleuthera\/"},{"@type":"ListItem","position":3,"name":"ELEUTHERA SUR","item":"https:\/\/officialeleutheraharbourisland.com\/es\/eleuthera\/eleuthera-sur\/"},{"@type":"ListItem","position":4,"name":"COSAS PARA VER EN ELEUTHERA SUR"}]},{"@type":"WebSite","@id":"https:\/\/officialeleutheraharbourisland.com\/#website","url":"https:\/\/officialeleutheraharbourisland.com\/","name":"Official Eleuthera Harbour Island","description":"Where Beauty &amp; Nature Meet","publisher":{"@id":"https:\/\/officialeleutheraharbourisland.com\/#organization"},"potentialAction":[{"@type":"SearchAction","target":{"@type":"EntryPoint","urlTemplate":"https:\/\/officialeleutheraharbourisland.com\/?s={search_term_string}"},"query-input":{"@type":"PropertyValueSpecification","valueRequired":true,"valueName":"search_term_string"}}],"inLanguage":"es"},{"@type":"Organization","@id":"https:\/\/officialeleutheraharbourisland.com\/#organization","name":"Official Eleuthera Harbour Island","url":"https:\/\/officialeleutheraharbourisland.com\/","logo":{"@type":"ImageObject","inLanguage":"es","@id":"https:\/\/officialeleutheraharbourisland.com\/#\/schema\/logo\/image\/","url":"https:\/\/officialeleutheraharbourisland.com\/wp-content\/uploads\/2022\/03\/logo-new-GREY-275.png","contentUrl":"https:\/\/officialeleutheraharbourisland.com\/wp-content\/uploads\/2022\/03\/logo-new-GREY-275.png","width":275,"height":22,"caption":"Official Eleuthera Harbour Island"},"image":{"@id":"https:\/\/officialeleutheraharbourisland.com\/#\/schema\/logo\/image\/"}}]}},"jetpack_sharing_enabled":true,"_links":{"self":[{"href":"https:\/\/officialeleutheraharbourisland.com\/es\/wp-json\/wp\/v2\/pages\/70041","targetHints":{"allow":["GET"]}}],"collection":[{"href":"https:\/\/officialeleutheraharbourisland.com\/es\/wp-json\/wp\/v2\/pages"}],"about":[{"href":"https:\/\/officialeleutheraharbourisland.com\/es\/wp-json\/wp\/v2\/types\/page"}],"author":[{"embeddable":true,"href":"https:\/\/officialeleutheraharbourisland.com\/es\/wp-json\/wp\/v2\/users\/3"}],"replies":[{"embeddable":true,"href":"https:\/\/officialeleutheraharbourisland.com\/es\/wp-json\/wp\/v2\/comments?post=70041"}],"version-history":[{"count":2,"href":"https:\/\/officialeleutheraharbourisland.com\/es\/wp-json\/wp\/v2\/pages\/70041\/revisions"}],"predecessor-version":[{"id":70043,"href":"https:\/\/officialeleutheraharbourisland.com\/es\/wp-json\/wp\/v2\/pages\/70041\/revisions\/70043"}],"up":[{"embeddable":true,"href":"https:\/\/officialeleutheraharbourisland.com\/es\/wp-json\/wp\/v2\/pages\/69973"}],"wp:attachment":[{"href":"https:\/\/officialeleutheraharbourisland.com\/es\/wp-json\/wp\/v2\/media?parent=70041"}],"wp:term":[{"taxonomy":"category","embeddable":true,"href":"https:\/\/officialeleutheraharbourisland.com\/es\/wp-json\/wp\/v2\/categories?post=70041"},{"taxonomy":"post_tag","embeddable":true,"href":"https:\/\/officialeleutheraharbourisland.com\/es\/wp-json\/wp\/v2\/tags?post=70041"}],"curies":[{"name":"wp","href":"https:\/\/api.w.org\/{rel}","templated":true}]}}