{"id":70084,"date":"2022-03-23T15:30:55","date_gmt":"2022-03-23T15:30:55","guid":{"rendered":"https:\/\/officialeleutheraharbourisland.com\/eleuthera\/eleuthera-central\/cosas-para-ver-en-eleuthera-central\/"},"modified":"2022-09-26T12:30:27","modified_gmt":"2022-09-26T12:30:27","slug":"cosas-para-ver-en-eleuthera-central","status":"publish","type":"page","link":"https:\/\/officialeleutheraharbourisland.com\/es\/eleuthera\/eleuthera-central\/cosas-para-ver-en-eleuthera-central\/","title":{"rendered":"COSAS PARA VER EN ELEUTHERA CENTRAL"},"content":{"rendered":"<div class=\"wpb-content-wrapper\"><p>[vc_row css=\u00bb.vc_custom_1653658481770{padding-bottom: 30px !important;}\u00bb][vc_column][vc_column_text]<\/p>\nOfficial Eleuthera Harbour Island brings you more information on things to see in Central Eleuthera. Here are 10 things that you need to see in Central Eleuthera.\r\n<p>&nbsp;<\/p>\n&#13;\n<ol class=\"wp-block-list\">&#13;\n<li><strong>Reserva de plantas nativas Leon Levy:<\/strong> La reserva se encuentra en Governor&#8217;s Harbor y se extiende sobre 30 acres. Muestra medicina tradicional de arbustos y una instalaci\u00f3n para promover plantas y \u00e1rboles aut\u00f3ctonos. La reserva tiene paseos mar\u00edtimos, senderos y lugares de inter\u00e9s para las aves.<\/li>&#13;\n<li><strong>Playa French Leave:<\/strong> la playa de arena blanca est\u00e1 menos concurrida y es popular para bucear, caminar y nadar.<\/li>&#13;\n<li><strong>Eleuthera Island Farm:<\/strong> si desea probar verduras cultivadas localmente, queso fino, hummus fresco, salsa y productos horneados con mantequilla en escamas, debe visitar Eleuthera Island Farm. Adem\u00e1s, tienen una gran selecci\u00f3n de licores.<\/li>&#13;\n<li><strong>Reserva Marina de Edwin&#8217;s Turtle Lake: <\/strong>Puedes remar, hacer kayak, canoa o simplemente visitar el lugar para ver tortugas marinas.<\/li>&#13;\n<li><strong>Ten Bay Beach:<\/strong> La playa es conocida por sus aguas tranquilas y sus d\u00f3lares de arena. Ten Bay Beach tambi\u00e9n es un lugar popular para bucear.<\/li>&#13;\n<li><strong>Double Bay Beach:<\/strong> Si te encantan las playas, debes visitar Double Bay Beach para caminar sobre la arena rosada y ser testigo de la belleza del agua azul cristalina.<\/li>&#13;\n<li><strong>Isla Windermere: <\/strong>La isla es conocida por las celebridades que la utilizan como escapada privada. La isla est\u00e1 conectada a Eleuthera por un puente corto.<\/li>&#13;\n<li><strong>Equitaci\u00f3n: <\/strong>Ubicada en Governor&#8217;s Harbour, Oceanview Farm es la \u00fanica instalaci\u00f3n para montar a caballo en la isla. La finca cuenta con caballos que se adaptan a jinetes de todos los niveles.<\/li>&#13;\n<li><strong>Savannah Sound:<\/strong> Es un destino tur\u00edstico pr\u00f3ximo, as\u00ed que visita el lugar y prep\u00e1rate para sorprenderte.<\/li>&#13;\n<li><strong>Governor&#8217;s Harbour:<\/strong> Es uno de los asentamientos m\u00e1s antiguos de Eleuthera y tiene herencia colonial brit\u00e1nica. Puede ver algunas de las elegantes casas con paredes de listones de madera y el tranquilo frente del puerto. Hace mucho tiempo, la ciudad sol\u00eda ser un proveedor de pi\u00f1a negra para el Reino Unido, Canad\u00e1 y los EE. UU.<\/li>&#13;\n<\/ol>&#13;\n<p><\/p><p><!-- \/wp:post-content -->[\/vc_column_text][\/vc_column][\/vc_row][vc_row content_placement=\u00bbmiddle\u00bb][vc_column width=\u00bb1\/4&#8243; css=\u00bb.vc_custom_1654257872834{padding: 1px !important;}\u00bb][\/vc_column][vc_column width=\u00bb1\/4&#8243; css=\u00bb.vc_custom_1654257880055{padding: 1px !important;}\u00bb]<div class=\"ult-new-ib ult-ib-effect-style14  ult-ib-resp  \" data-min-width=\"768\" data-max-width=\"900\" style=\"background:#000000;\" data-opacity=\"0.5\" data-hover-opacity=\"0.9\" ><img data-recalc-dims=\"1\" decoding=\"async\" class=\"ult-new-ib-img\" style=\"opacity:0.5;\" alt=\"null\" src=\"https:\/\/i0.wp.com\/officialeleutheraharbourisland.com\/wp-content\/uploads\/2022\/05\/town-and-settlements.jpg?w=1200&#038;ssl=1\"   \/><div id=\"interactive-banner-wrap-5781\" class=\"ult-new-ib-desc\" style=\"\"><h1 class=\"ult-new-ib-title ult-responsive\"  data-ultimate-target='#interactive-banner-wrap-5781 .ult-new-ib-title'  data-responsive-json-new='{\"font-size\":\"desktop:27px;\",\"line-height\":\"desktop:27px;\"}'  style=\"font-weight:bold;\">PUEBLO Y ASENTAMIENTOS<\/h1><\/div><a class=\"ult-new-ib-link\" href=\"https:\/\/officialeleutheraharbourisland.com\/eleuthera\/central-eleuthera\/things-to-see\/town-and-settlements\/\" title=\"TOWN AND SETTLEMENTS\"  ><\/a><\/div>[\/vc_column][vc_column width=\u00bb1\/4&#8243; css=\u00bb.vc_custom_1654257893905{padding: 1px !important;}\u00bb]<div class=\"ult-new-ib ult-ib-effect-style14  ult-ib-resp  \" data-min-width=\"768\" data-max-width=\"900\" style=\"background:#000000;\" data-opacity=\"0.5\" data-hover-opacity=\"0.9\" ><img data-recalc-dims=\"1\" decoding=\"async\" class=\"ult-new-ib-img\" style=\"opacity:0.5;\" alt=\"null\" src=\"https:\/\/i0.wp.com\/officialeleutheraharbourisland.com\/wp-content\/uploads\/2022\/05\/nature-and-landmarks.jpg?w=1200&#038;ssl=1\"   \/><div id=\"interactive-banner-wrap-8086\" class=\"ult-new-ib-desc\" style=\"\"><h2 class=\"ult-new-ib-title ult-responsive\"  data-ultimate-target='#interactive-banner-wrap-8086 .ult-new-ib-title'  data-responsive-json-new='{\"font-size\":\"desktop:27px;\",\"line-height\":\"desktop:27px;\"}'  style=\"font-weight:bold;\">NATURALEZA Y LUGARES<\/h2><\/div><a class=\"ult-new-ib-link\" href=\"https:\/\/officialeleutheraharbourisland.com\/eleuthera\/central-eleuthera\/things-to-see\/nature-and-landmarks\/\" title=\"NATURE AND LANDMARKS\"  ><\/a><\/div>[\/vc_column][vc_column width=\u00bb1\/4&#8243;][\/vc_column][\/vc_row]<\/p>\n<\/div>","protected":false},"excerpt":{"rendered":"<p>[vc_row css=\u00bb.vc_custom_1653658481770{padding-bottom: 30px !important;}\u00bb][vc_column][vc_column_text] Official Eleuthera Harbour Island brings you more information on things to see in Central Eleuthera. Here are 10 things that you need to see in Central Eleuthera. &nbsp; &#13; &#13; Reserva de plantas nativas Leon Levy: La reserva se encuentra en Governor&#8217;s Harbor y se extiende sobre 30 acres. Muestra medicina&hellip;<\/p>\n","protected":false},"author":3,"featured_media":0,"parent":70064,"menu_order":3,"comment_status":"closed","ping_status":"closed","template":"","meta":{"footnotes":""},"categories":[],"tags":[],"class_list":["post-70084","page","type-page","status-publish","hentry","description-off"],"yoast_head":"<!-- This site is optimized with the Yoast SEO Premium plugin v25.2 (Yoast SEO v27.3) - https:\/\/yoast.com\/product\/yoast-seo-premium-wordpress\/ -->\n<title>COSAS PARA VER EN ELEUTHERA CENTRAL | Official Eleuthera Harbour Island<\/title>\n<meta name=\"robots\" content=\"index, follow, max-snippet:-1, max-image-preview:large, max-video-preview:-1\" \/>\n<link rel=\"canonical\" href=\"https:\/\/officialeleutheraharbourisland.com\/es\/eleuthera\/eleuthera-central\/cosas-para-ver-en-eleuthera-central\/\" \/>\n<meta property=\"og:locale\" content=\"es_ES\" \/>\n<meta property=\"og:type\" content=\"article\" \/>\n<meta property=\"og:title\" content=\"COSAS PARA VER EN ELEUTHERA CENTRAL\" \/>\n<meta property=\"og:description\" content=\"[vc_row css=\u00bb.vc_custom_1653658481770{padding-bottom: 30px !important;}\u00bb][vc_column][vc_column_text] Official Eleuthera Harbour Island brings you more information on things to see in Central Eleuthera. Here are 10 things that you need to see in Central Eleuthera. &nbsp; &#013; &#013; Reserva de plantas nativas Leon Levy: La reserva se encuentra en Governor&#8217;s Harbor y se extiende sobre 30 acres. Muestra medicina&hellip;\" \/>\n<meta property=\"og:url\" content=\"https:\/\/officialeleutheraharbourisland.com\/es\/eleuthera\/eleuthera-central\/cosas-para-ver-en-eleuthera-central\/\" \/>\n<meta property=\"og:site_name\" content=\"Official Eleuthera Harbour Island\" \/>\n<meta property=\"article:modified_time\" content=\"2022-09-26T12:30:27+00:00\" \/>\n<meta name=\"twitter:card\" content=\"summary_large_image\" \/>\n<meta name=\"twitter:label1\" content=\"Tiempo de lectura\" \/>\n\t<meta name=\"twitter:data1\" content=\"3 minutos\" \/>\n<script type=\"application\/ld+json\" class=\"yoast-schema-graph\">{\"@context\":\"https:\\\/\\\/schema.org\",\"@graph\":[{\"@type\":\"WebPage\",\"@id\":\"https:\\\/\\\/officialeleutheraharbourisland.com\\\/es\\\/eleuthera\\\/eleuthera-central\\\/cosas-para-ver-en-eleuthera-central\\\/\",\"url\":\"https:\\\/\\\/officialeleutheraharbourisland.com\\\/es\\\/eleuthera\\\/eleuthera-central\\\/cosas-para-ver-en-eleuthera-central\\\/\",\"name\":\"COSAS PARA VER EN ELEUTHERA CENTRAL | Official Eleuthera Harbour Island\",\"isPartOf\":{\"@id\":\"https:\\\/\\\/officialeleutheraharbourisland.com\\\/#website\"},\"datePublished\":\"2022-03-23T15:30:55+00:00\",\"dateModified\":\"2022-09-26T12:30:27+00:00\",\"breadcrumb\":{\"@id\":\"https:\\\/\\\/officialeleutheraharbourisland.com\\\/es\\\/eleuthera\\\/eleuthera-central\\\/cosas-para-ver-en-eleuthera-central\\\/#breadcrumb\"},\"inLanguage\":\"es\",\"potentialAction\":[{\"@type\":\"ReadAction\",\"target\":[\"https:\\\/\\\/officialeleutheraharbourisland.com\\\/es\\\/eleuthera\\\/eleuthera-central\\\/cosas-para-ver-en-eleuthera-central\\\/\"]}]},{\"@type\":\"BreadcrumbList\",\"@id\":\"https:\\\/\\\/officialeleutheraharbourisland.com\\\/es\\\/eleuthera\\\/eleuthera-central\\\/cosas-para-ver-en-eleuthera-central\\\/#breadcrumb\",\"itemListElement\":[{\"@type\":\"ListItem\",\"position\":1,\"name\":\"Home\",\"item\":\"https:\\\/\\\/officialeleutheraharbourisland.com\\\/es\\\/\"},{\"@type\":\"ListItem\",\"position\":2,\"name\":\"ELEUTHERA\",\"item\":\"https:\\\/\\\/officialeleutheraharbourisland.com\\\/es\\\/eleuthera\\\/\"},{\"@type\":\"ListItem\",\"position\":3,\"name\":\"ELEUTHERA CENTRAL\",\"item\":\"https:\\\/\\\/officialeleutheraharbourisland.com\\\/es\\\/eleuthera\\\/eleuthera-central\\\/\"},{\"@type\":\"ListItem\",\"position\":4,\"name\":\"COSAS PARA VER EN ELEUTHERA CENTRAL\"}]},{\"@type\":\"WebSite\",\"@id\":\"https:\\\/\\\/officialeleutheraharbourisland.com\\\/#website\",\"url\":\"https:\\\/\\\/officialeleutheraharbourisland.com\\\/\",\"name\":\"Official Eleuthera Harbour Island\",\"description\":\"Where Beauty &amp; Nature Meet\",\"publisher\":{\"@id\":\"https:\\\/\\\/officialeleutheraharbourisland.com\\\/#organization\"},\"potentialAction\":[{\"@type\":\"SearchAction\",\"target\":{\"@type\":\"EntryPoint\",\"urlTemplate\":\"https:\\\/\\\/officialeleutheraharbourisland.com\\\/?s={search_term_string}\"},\"query-input\":{\"@type\":\"PropertyValueSpecification\",\"valueRequired\":true,\"valueName\":\"search_term_string\"}}],\"inLanguage\":\"es\"},{\"@type\":\"Organization\",\"@id\":\"https:\\\/\\\/officialeleutheraharbourisland.com\\\/#organization\",\"name\":\"Official Eleuthera Harbour Island\",\"url\":\"https:\\\/\\\/officialeleutheraharbourisland.com\\\/\",\"logo\":{\"@type\":\"ImageObject\",\"inLanguage\":\"es\",\"@id\":\"https:\\\/\\\/officialeleutheraharbourisland.com\\\/#\\\/schema\\\/logo\\\/image\\\/\",\"url\":\"https:\\\/\\\/officialeleutheraharbourisland.com\\\/wp-content\\\/uploads\\\/2022\\\/03\\\/logo-new-GREY-275.png\",\"contentUrl\":\"https:\\\/\\\/officialeleutheraharbourisland.com\\\/wp-content\\\/uploads\\\/2022\\\/03\\\/logo-new-GREY-275.png\",\"width\":275,\"height\":22,\"caption\":\"Official Eleuthera Harbour Island\"},\"image\":{\"@id\":\"https:\\\/\\\/officialeleutheraharbourisland.com\\\/#\\\/schema\\\/logo\\\/image\\\/\"}}]}<\/script>\n<!-- \/ Yoast SEO Premium plugin. -->","yoast_head_json":{"title":"COSAS PARA VER EN ELEUTHERA CENTRAL | Official Eleuthera Harbour Island","robots":{"index":"index","follow":"follow","max-snippet":"max-snippet:-1","max-image-preview":"max-image-preview:large","max-video-preview":"max-video-preview:-1"},"canonical":"https:\/\/officialeleutheraharbourisland.com\/es\/eleuthera\/eleuthera-central\/cosas-para-ver-en-eleuthera-central\/","og_locale":"es_ES","og_type":"article","og_title":"COSAS PARA VER EN ELEUTHERA CENTRAL","og_description":"[vc_row css=\u00bb.vc_custom_1653658481770{padding-bottom: 30px !important;}\u00bb][vc_column][vc_column_text] Official Eleuthera Harbour Island brings you more information on things to see in Central Eleuthera. Here are 10 things that you need to see in Central Eleuthera. &nbsp; &#13; &#13; Reserva de plantas nativas Leon Levy: La reserva se encuentra en Governor&#8217;s Harbor y se extiende sobre 30 acres. Muestra medicina&hellip;","og_url":"https:\/\/officialeleutheraharbourisland.com\/es\/eleuthera\/eleuthera-central\/cosas-para-ver-en-eleuthera-central\/","og_site_name":"Official Eleuthera Harbour Island","article_modified_time":"2022-09-26T12:30:27+00:00","twitter_card":"summary_large_image","twitter_misc":{"Tiempo de lectura":"3 minutos"},"schema":{"@context":"https:\/\/schema.org","@graph":[{"@type":"WebPage","@id":"https:\/\/officialeleutheraharbourisland.com\/es\/eleuthera\/eleuthera-central\/cosas-para-ver-en-eleuthera-central\/","url":"https:\/\/officialeleutheraharbourisland.com\/es\/eleuthera\/eleuthera-central\/cosas-para-ver-en-eleuthera-central\/","name":"COSAS PARA VER EN ELEUTHERA CENTRAL | Official Eleuthera Harbour Island","isPartOf":{"@id":"https:\/\/officialeleutheraharbourisland.com\/#website"},"datePublished":"2022-03-23T15:30:55+00:00","dateModified":"2022-09-26T12:30:27+00:00","breadcrumb":{"@id":"https:\/\/officialeleutheraharbourisland.com\/es\/eleuthera\/eleuthera-central\/cosas-para-ver-en-eleuthera-central\/#breadcrumb"},"inLanguage":"es","potentialAction":[{"@type":"ReadAction","target":["https:\/\/officialeleutheraharbourisland.com\/es\/eleuthera\/eleuthera-central\/cosas-para-ver-en-eleuthera-central\/"]}]},{"@type":"BreadcrumbList","@id":"https:\/\/officialeleutheraharbourisland.com\/es\/eleuthera\/eleuthera-central\/cosas-para-ver-en-eleuthera-central\/#breadcrumb","itemListElement":[{"@type":"ListItem","position":1,"name":"Home","item":"https:\/\/officialeleutheraharbourisland.com\/es\/"},{"@type":"ListItem","position":2,"name":"ELEUTHERA","item":"https:\/\/officialeleutheraharbourisland.com\/es\/eleuthera\/"},{"@type":"ListItem","position":3,"name":"ELEUTHERA CENTRAL","item":"https:\/\/officialeleutheraharbourisland.com\/es\/eleuthera\/eleuthera-central\/"},{"@type":"ListItem","position":4,"name":"COSAS PARA VER EN ELEUTHERA CENTRAL"}]},{"@type":"WebSite","@id":"https:\/\/officialeleutheraharbourisland.com\/#website","url":"https:\/\/officialeleutheraharbourisland.com\/","name":"Official Eleuthera Harbour Island","description":"Where Beauty &amp; Nature Meet","publisher":{"@id":"https:\/\/officialeleutheraharbourisland.com\/#organization"},"potentialAction":[{"@type":"SearchAction","target":{"@type":"EntryPoint","urlTemplate":"https:\/\/officialeleutheraharbourisland.com\/?s={search_term_string}"},"query-input":{"@type":"PropertyValueSpecification","valueRequired":true,"valueName":"search_term_string"}}],"inLanguage":"es"},{"@type":"Organization","@id":"https:\/\/officialeleutheraharbourisland.com\/#organization","name":"Official Eleuthera Harbour Island","url":"https:\/\/officialeleutheraharbourisland.com\/","logo":{"@type":"ImageObject","inLanguage":"es","@id":"https:\/\/officialeleutheraharbourisland.com\/#\/schema\/logo\/image\/","url":"https:\/\/officialeleutheraharbourisland.com\/wp-content\/uploads\/2022\/03\/logo-new-GREY-275.png","contentUrl":"https:\/\/officialeleutheraharbourisland.com\/wp-content\/uploads\/2022\/03\/logo-new-GREY-275.png","width":275,"height":22,"caption":"Official Eleuthera Harbour Island"},"image":{"@id":"https:\/\/officialeleutheraharbourisland.com\/#\/schema\/logo\/image\/"}}]}},"jetpack_sharing_enabled":true,"_links":{"self":[{"href":"https:\/\/officialeleutheraharbourisland.com\/es\/wp-json\/wp\/v2\/pages\/70084","targetHints":{"allow":["GET"]}}],"collection":[{"href":"https:\/\/officialeleutheraharbourisland.com\/es\/wp-json\/wp\/v2\/pages"}],"about":[{"href":"https:\/\/officialeleutheraharbourisland.com\/es\/wp-json\/wp\/v2\/types\/page"}],"author":[{"embeddable":true,"href":"https:\/\/officialeleutheraharbourisland.com\/es\/wp-json\/wp\/v2\/users\/3"}],"replies":[{"embeddable":true,"href":"https:\/\/officialeleutheraharbourisland.com\/es\/wp-json\/wp\/v2\/comments?post=70084"}],"version-history":[{"count":1,"href":"https:\/\/officialeleutheraharbourisland.com\/es\/wp-json\/wp\/v2\/pages\/70084\/revisions"}],"predecessor-version":[{"id":70085,"href":"https:\/\/officialeleutheraharbourisland.com\/es\/wp-json\/wp\/v2\/pages\/70084\/revisions\/70085"}],"up":[{"embeddable":true,"href":"https:\/\/officialeleutheraharbourisland.com\/es\/wp-json\/wp\/v2\/pages\/70064"}],"wp:attachment":[{"href":"https:\/\/officialeleutheraharbourisland.com\/es\/wp-json\/wp\/v2\/media?parent=70084"}],"wp:term":[{"taxonomy":"category","embeddable":true,"href":"https:\/\/officialeleutheraharbourisland.com\/es\/wp-json\/wp\/v2\/categories?post=70084"},{"taxonomy":"post_tag","embeddable":true,"href":"https:\/\/officialeleutheraharbourisland.com\/es\/wp-json\/wp\/v2\/tags?post=70084"}],"curies":[{"name":"wp","href":"https:\/\/api.w.org\/{rel}","templated":true}]}}