{"id":70090,"date":"2022-03-23T15:31:42","date_gmt":"2022-03-23T15:31:42","guid":{"rendered":"https:\/\/officialeleutheraharbourisland.com\/eleuthera\/eleuthera-central\/donde-alojarse\/"},"modified":"2022-09-26T12:32:33","modified_gmt":"2022-09-26T12:32:33","slug":"donde-alojarse","status":"publish","type":"page","link":"https:\/\/officialeleutheraharbourisland.com\/es\/eleuthera\/eleuthera-central\/donde-alojarse\/","title":{"rendered":"DONDE ALOJARSE"},"content":{"rendered":"<div class=\"wpb-content-wrapper\"><p>[vc_row][vc_column][vc_column_text]Official Eleuthera Harbour Island le brinda informaci\u00f3n sobre d\u00f3nde alojarse en Eleuthera Central, Bahamas. Los hoteles y resorts en Central Eleuthera tienen varios servicios que incluyen piscinas, restaurantes y bares, servicios de conserjer\u00eda y m\u00e1s. Ya sea que est\u00e9 planeando unas vacaciones familiares o una escapada rom\u00e1ntica a las Bahamas, Eleuthera Central es el lugar ideal. Tambi\u00e9n encontrar\u00e1 muchos alquileres de vacaciones y Bed &amp; Lugares para desayunar en la isla.[\/vc_column_text][\/vc_column][\/vc_row][vc_row][vc_column][vc_empty_space][\/vc_column][\/vc_row][vc_row][vc_column][vc_single_image image=\u00bb61345&#8243; img_size=\u00bb900&#215;600&#8243; alignment=\u00bbcenter\u00bb][\/vc_column][\/vc_row]<\/p>\n<\/div>","protected":false},"excerpt":{"rendered":"<p>[vc_row][vc_column][vc_column_text]Official Eleuthera Harbour Island le brinda informaci\u00f3n sobre d\u00f3nde alojarse en Eleuthera Central, Bahamas. Los hoteles y resorts en Central Eleuthera tienen varios servicios que incluyen piscinas, restaurantes y bares, servicios de conserjer\u00eda y m\u00e1s. Ya sea que est\u00e9 planeando unas vacaciones familiares o una escapada rom\u00e1ntica a las Bahamas, Eleuthera Central es el lugar&hellip;<\/p>\n","protected":false},"author":3,"featured_media":0,"parent":70064,"menu_order":3,"comment_status":"closed","ping_status":"closed","template":"","meta":{"footnotes":""},"categories":[],"tags":[],"class_list":["post-70090","page","type-page","status-publish","hentry","description-off"],"yoast_head":"<!-- This site is optimized with the Yoast SEO Premium plugin v25.2 (Yoast SEO v27.4) - https:\/\/yoast.com\/product\/yoast-seo-premium-wordpress\/ -->\n<title>DONDE ALOJARSE | Official Eleuthera Harbour Island<\/title>\n<meta name=\"robots\" content=\"index, follow, max-snippet:-1, max-image-preview:large, max-video-preview:-1\" \/>\n<link rel=\"canonical\" href=\"https:\/\/officialeleutheraharbourisland.com\/es\/eleuthera\/eleuthera-central\/donde-alojarse\/\" \/>\n<meta property=\"og:locale\" content=\"es_ES\" \/>\n<meta property=\"og:type\" content=\"article\" \/>\n<meta property=\"og:title\" content=\"DONDE ALOJARSE\" \/>\n<meta property=\"og:description\" content=\"[vc_row][vc_column][vc_column_text]Official Eleuthera Harbour Island le brinda informaci\u00f3n sobre d\u00f3nde alojarse en Eleuthera Central, Bahamas. Los hoteles y resorts en Central Eleuthera tienen varios servicios que incluyen piscinas, restaurantes y bares, servicios de conserjer\u00eda y m\u00e1s. Ya sea que est\u00e9 planeando unas vacaciones familiares o una escapada rom\u00e1ntica a las Bahamas, Eleuthera Central es el lugar&hellip;\" \/>\n<meta property=\"og:url\" content=\"https:\/\/officialeleutheraharbourisland.com\/es\/eleuthera\/eleuthera-central\/donde-alojarse\/\" \/>\n<meta property=\"og:site_name\" content=\"Official Eleuthera Harbour Island\" \/>\n<meta property=\"article:modified_time\" content=\"2022-09-26T12:32:33+00:00\" \/>\n<meta name=\"twitter:card\" content=\"summary_large_image\" \/>\n<meta name=\"twitter:label1\" content=\"Tiempo de lectura\" \/>\n\t<meta name=\"twitter:data1\" content=\"1 minuto\" \/>\n<script type=\"application\/ld+json\" class=\"yoast-schema-graph\">{\"@context\":\"https:\\\/\\\/schema.org\",\"@graph\":[{\"@type\":\"WebPage\",\"@id\":\"https:\\\/\\\/officialeleutheraharbourisland.com\\\/es\\\/eleuthera\\\/eleuthera-central\\\/donde-alojarse\\\/\",\"url\":\"https:\\\/\\\/officialeleutheraharbourisland.com\\\/es\\\/eleuthera\\\/eleuthera-central\\\/donde-alojarse\\\/\",\"name\":\"DONDE ALOJARSE | Official Eleuthera Harbour Island\",\"isPartOf\":{\"@id\":\"https:\\\/\\\/officialeleutheraharbourisland.com\\\/#website\"},\"datePublished\":\"2022-03-23T15:31:42+00:00\",\"dateModified\":\"2022-09-26T12:32:33+00:00\",\"breadcrumb\":{\"@id\":\"https:\\\/\\\/officialeleutheraharbourisland.com\\\/es\\\/eleuthera\\\/eleuthera-central\\\/donde-alojarse\\\/#breadcrumb\"},\"inLanguage\":\"es\",\"potentialAction\":[{\"@type\":\"ReadAction\",\"target\":[\"https:\\\/\\\/officialeleutheraharbourisland.com\\\/es\\\/eleuthera\\\/eleuthera-central\\\/donde-alojarse\\\/\"]}]},{\"@type\":\"BreadcrumbList\",\"@id\":\"https:\\\/\\\/officialeleutheraharbourisland.com\\\/es\\\/eleuthera\\\/eleuthera-central\\\/donde-alojarse\\\/#breadcrumb\",\"itemListElement\":[{\"@type\":\"ListItem\",\"position\":1,\"name\":\"Home\",\"item\":\"https:\\\/\\\/officialeleutheraharbourisland.com\\\/es\\\/\"},{\"@type\":\"ListItem\",\"position\":2,\"name\":\"ELEUTHERA\",\"item\":\"https:\\\/\\\/officialeleutheraharbourisland.com\\\/es\\\/eleuthera\\\/\"},{\"@type\":\"ListItem\",\"position\":3,\"name\":\"ELEUTHERA CENTRAL\",\"item\":\"https:\\\/\\\/officialeleutheraharbourisland.com\\\/es\\\/eleuthera\\\/eleuthera-central\\\/\"},{\"@type\":\"ListItem\",\"position\":4,\"name\":\"DONDE ALOJARSE\"}]},{\"@type\":\"WebSite\",\"@id\":\"https:\\\/\\\/officialeleutheraharbourisland.com\\\/#website\",\"url\":\"https:\\\/\\\/officialeleutheraharbourisland.com\\\/\",\"name\":\"Official Eleuthera Harbour Island\",\"description\":\"Where Beauty &amp; Nature Meet\",\"publisher\":{\"@id\":\"https:\\\/\\\/officialeleutheraharbourisland.com\\\/#organization\"},\"potentialAction\":[{\"@type\":\"SearchAction\",\"target\":{\"@type\":\"EntryPoint\",\"urlTemplate\":\"https:\\\/\\\/officialeleutheraharbourisland.com\\\/?s={search_term_string}\"},\"query-input\":{\"@type\":\"PropertyValueSpecification\",\"valueRequired\":true,\"valueName\":\"search_term_string\"}}],\"inLanguage\":\"es\"},{\"@type\":\"Organization\",\"@id\":\"https:\\\/\\\/officialeleutheraharbourisland.com\\\/#organization\",\"name\":\"Official Eleuthera Harbour Island\",\"url\":\"https:\\\/\\\/officialeleutheraharbourisland.com\\\/\",\"logo\":{\"@type\":\"ImageObject\",\"inLanguage\":\"es\",\"@id\":\"https:\\\/\\\/officialeleutheraharbourisland.com\\\/#\\\/schema\\\/logo\\\/image\\\/\",\"url\":\"https:\\\/\\\/officialeleutheraharbourisland.com\\\/wp-content\\\/uploads\\\/2022\\\/03\\\/logo-new-GREY-275.png\",\"contentUrl\":\"https:\\\/\\\/officialeleutheraharbourisland.com\\\/wp-content\\\/uploads\\\/2022\\\/03\\\/logo-new-GREY-275.png\",\"width\":275,\"height\":22,\"caption\":\"Official Eleuthera Harbour Island\"},\"image\":{\"@id\":\"https:\\\/\\\/officialeleutheraharbourisland.com\\\/#\\\/schema\\\/logo\\\/image\\\/\"}}]}<\/script>\n<!-- \/ Yoast SEO Premium plugin. -->","yoast_head_json":{"title":"DONDE ALOJARSE | Official Eleuthera Harbour Island","robots":{"index":"index","follow":"follow","max-snippet":"max-snippet:-1","max-image-preview":"max-image-preview:large","max-video-preview":"max-video-preview:-1"},"canonical":"https:\/\/officialeleutheraharbourisland.com\/es\/eleuthera\/eleuthera-central\/donde-alojarse\/","og_locale":"es_ES","og_type":"article","og_title":"DONDE ALOJARSE","og_description":"[vc_row][vc_column][vc_column_text]Official Eleuthera Harbour Island le brinda informaci\u00f3n sobre d\u00f3nde alojarse en Eleuthera Central, Bahamas. Los hoteles y resorts en Central Eleuthera tienen varios servicios que incluyen piscinas, restaurantes y bares, servicios de conserjer\u00eda y m\u00e1s. Ya sea que est\u00e9 planeando unas vacaciones familiares o una escapada rom\u00e1ntica a las Bahamas, Eleuthera Central es el lugar&hellip;","og_url":"https:\/\/officialeleutheraharbourisland.com\/es\/eleuthera\/eleuthera-central\/donde-alojarse\/","og_site_name":"Official Eleuthera Harbour Island","article_modified_time":"2022-09-26T12:32:33+00:00","twitter_card":"summary_large_image","twitter_misc":{"Tiempo de lectura":"1 minuto"},"schema":{"@context":"https:\/\/schema.org","@graph":[{"@type":"WebPage","@id":"https:\/\/officialeleutheraharbourisland.com\/es\/eleuthera\/eleuthera-central\/donde-alojarse\/","url":"https:\/\/officialeleutheraharbourisland.com\/es\/eleuthera\/eleuthera-central\/donde-alojarse\/","name":"DONDE ALOJARSE | Official Eleuthera Harbour Island","isPartOf":{"@id":"https:\/\/officialeleutheraharbourisland.com\/#website"},"datePublished":"2022-03-23T15:31:42+00:00","dateModified":"2022-09-26T12:32:33+00:00","breadcrumb":{"@id":"https:\/\/officialeleutheraharbourisland.com\/es\/eleuthera\/eleuthera-central\/donde-alojarse\/#breadcrumb"},"inLanguage":"es","potentialAction":[{"@type":"ReadAction","target":["https:\/\/officialeleutheraharbourisland.com\/es\/eleuthera\/eleuthera-central\/donde-alojarse\/"]}]},{"@type":"BreadcrumbList","@id":"https:\/\/officialeleutheraharbourisland.com\/es\/eleuthera\/eleuthera-central\/donde-alojarse\/#breadcrumb","itemListElement":[{"@type":"ListItem","position":1,"name":"Home","item":"https:\/\/officialeleutheraharbourisland.com\/es\/"},{"@type":"ListItem","position":2,"name":"ELEUTHERA","item":"https:\/\/officialeleutheraharbourisland.com\/es\/eleuthera\/"},{"@type":"ListItem","position":3,"name":"ELEUTHERA CENTRAL","item":"https:\/\/officialeleutheraharbourisland.com\/es\/eleuthera\/eleuthera-central\/"},{"@type":"ListItem","position":4,"name":"DONDE ALOJARSE"}]},{"@type":"WebSite","@id":"https:\/\/officialeleutheraharbourisland.com\/#website","url":"https:\/\/officialeleutheraharbourisland.com\/","name":"Official Eleuthera Harbour Island","description":"Where Beauty &amp; Nature Meet","publisher":{"@id":"https:\/\/officialeleutheraharbourisland.com\/#organization"},"potentialAction":[{"@type":"SearchAction","target":{"@type":"EntryPoint","urlTemplate":"https:\/\/officialeleutheraharbourisland.com\/?s={search_term_string}"},"query-input":{"@type":"PropertyValueSpecification","valueRequired":true,"valueName":"search_term_string"}}],"inLanguage":"es"},{"@type":"Organization","@id":"https:\/\/officialeleutheraharbourisland.com\/#organization","name":"Official Eleuthera Harbour Island","url":"https:\/\/officialeleutheraharbourisland.com\/","logo":{"@type":"ImageObject","inLanguage":"es","@id":"https:\/\/officialeleutheraharbourisland.com\/#\/schema\/logo\/image\/","url":"https:\/\/officialeleutheraharbourisland.com\/wp-content\/uploads\/2022\/03\/logo-new-GREY-275.png","contentUrl":"https:\/\/officialeleutheraharbourisland.com\/wp-content\/uploads\/2022\/03\/logo-new-GREY-275.png","width":275,"height":22,"caption":"Official Eleuthera Harbour Island"},"image":{"@id":"https:\/\/officialeleutheraharbourisland.com\/#\/schema\/logo\/image\/"}}]}},"jetpack_sharing_enabled":true,"_links":{"self":[{"href":"https:\/\/officialeleutheraharbourisland.com\/es\/wp-json\/wp\/v2\/pages\/70090","targetHints":{"allow":["GET"]}}],"collection":[{"href":"https:\/\/officialeleutheraharbourisland.com\/es\/wp-json\/wp\/v2\/pages"}],"about":[{"href":"https:\/\/officialeleutheraharbourisland.com\/es\/wp-json\/wp\/v2\/types\/page"}],"author":[{"embeddable":true,"href":"https:\/\/officialeleutheraharbourisland.com\/es\/wp-json\/wp\/v2\/users\/3"}],"replies":[{"embeddable":true,"href":"https:\/\/officialeleutheraharbourisland.com\/es\/wp-json\/wp\/v2\/comments?post=70090"}],"version-history":[{"count":2,"href":"https:\/\/officialeleutheraharbourisland.com\/es\/wp-json\/wp\/v2\/pages\/70090\/revisions"}],"predecessor-version":[{"id":70092,"href":"https:\/\/officialeleutheraharbourisland.com\/es\/wp-json\/wp\/v2\/pages\/70090\/revisions\/70092"}],"up":[{"embeddable":true,"href":"https:\/\/officialeleutheraharbourisland.com\/es\/wp-json\/wp\/v2\/pages\/70064"}],"wp:attachment":[{"href":"https:\/\/officialeleutheraharbourisland.com\/es\/wp-json\/wp\/v2\/media?parent=70090"}],"wp:term":[{"taxonomy":"category","embeddable":true,"href":"https:\/\/officialeleutheraharbourisland.com\/es\/wp-json\/wp\/v2\/categories?post=70090"},{"taxonomy":"post_tag","embeddable":true,"href":"https:\/\/officialeleutheraharbourisland.com\/es\/wp-json\/wp\/v2\/tags?post=70090"}],"curies":[{"name":"wp","href":"https:\/\/api.w.org\/{rel}","templated":true}]}}