{"id":70112,"date":"2022-03-23T15:25:52","date_gmt":"2022-03-23T15:25:52","guid":{"rendered":"https:\/\/officialeleutheraharbourisland.com\/eleuthera\/eleuthera-norte\/cosas-para-hacer-en-eleuthera-norte\/"},"modified":"2022-09-26T12:46:20","modified_gmt":"2022-09-26T12:46:20","slug":"cosas-para-hacer-en-eleuthera-norte","status":"publish","type":"page","link":"https:\/\/officialeleutheraharbourisland.com\/es\/eleuthera\/eleuthera-norte\/cosas-para-hacer-en-eleuthera-norte\/","title":{"rendered":"COSAS PARA HACER EN ELEUTHERA NORTE"},"content":{"rendered":"<div class=\"wpb-content-wrapper\"><p>[vc_row css=\u00bb.vc_custom_1654257989561{padding-bottom: 30px !important;}\u00bb][vc_column][vc_column_text]<\/p>\n<p>\nOfficial Eleuthera Harbour Island brings you information on things to do in North Eleuthera. North Eleuthera stretches out across the Caribbean like a strewn ribbon over a blue and turquoise bedspread. It&#8217;s a long, slender island that stretches for over 100 miles yet never becomes wider than a few miles wide.\r\n<p>\nThe Bahamas Archipelago consists of approximately 700 land masses, including the picturesque island. Its serpentine curve conceals coves and windswept beaches that are among the Caribbean&#8217;s most picturesque attractions.&#13;\n<p><\/p><p>Aunque las playas de Eleuthera Norte son hermosas, la isla tambi\u00e9n tiene una serie de actividades tur\u00edsticas que son ideales para los amantes de las emociones fuertes.<\/p>\n<p><strong>Paddleboarding:<\/strong> Paddleboarding en Eleuthera Norte es una experiencia divertida que puedes disfrutar con tus amigos o usarla para socializar con otros turistas. Adem\u00e1s, el surf de remo te brinda una vista impresionante de lo que hay debajo del agua cristalina.<\/p>\n<p><strong>Actividades para ni\u00f1os:<\/strong> Turtle Creek, recorridos por la isla, bombardeos en la playa y construcci\u00f3n de castillos de arena son algunas de las actividades que mantendr\u00e1n las mentes j\u00f3venes llenas de energ\u00eda y ampliar\u00e1n sus capacidades de pensamiento.<\/p>\n<p><strong>Viajes de pesca:<\/strong> en el norte de Eleuthera, puede experimentar diferentes recorridos de pesca dirigidos por pescadores\/capitanes de botes expertos y experimentados.<\/p>\n<p><strong>Compras en North Eleuthera:<\/strong> ya sea que se trate de compras de comestibles, centros comerciales o tiendas de regalos, puede encontrar productos de calidad a precios asequibles en Eleuthera Norte.<\/p>\n<p><strong>Bares y restaurantes:<\/strong> disfruta de algunos de los mejores restaurantes de Eleuthera Norte. Le recomendamos que pruebe el restaurante Daddy Joe&#8217;s.<\/p>\n<p>[\/vc_column_text][\/vc_column][\/vc_row][vc_row][vc_column width=\u00bb1\/4&#8243; css=\u00bb.vc_custom_1654257998910{padding: 1px !important;}\u00bb]<div class=\"ult-new-ib ult-ib-effect-style14  ult-ib-resp  \" data-min-width=\"768\" data-max-width=\"900\" style=\"background:#000000;\" data-opacity=\"0.5\" data-hover-opacity=\"0.9\" ><img data-recalc-dims=\"1\" decoding=\"async\" class=\"ult-new-ib-img\" style=\"opacity:0.5;\" alt=\"null\" src=\"https:\/\/i0.wp.com\/officialeleutheraharbourisland.com\/wp-content\/uploads\/2022\/05\/sport-activities.jpg?w=1200&#038;ssl=1\"   \/><div id=\"interactive-banner-wrap-4194\" class=\"ult-new-ib-desc\" style=\"\"><h2 class=\"ult-new-ib-title ult-responsive\"  data-ultimate-target='#interactive-banner-wrap-4194 .ult-new-ib-title'  data-responsive-json-new='{\"font-size\":\"desktop:27px;\",\"line-height\":\"desktop:27px;\"}'  style=\"font-weight:normal;\">ACTIVIDADES DEPORTIVAS<\/h2><\/div><a class=\"ult-new-ib-link\" href=\"https:\/\/officialeleutheraharbourisland.com\/eleuthera\/north-eleuthera\/things-to-do\/sports-activities\/\" title=\"SPORTS ACTIVITIES\"  ><\/a><\/div>[\/vc_column][vc_column width=\u00bb1\/4&#8243; css=\u00bb.vc_custom_1654258004505{padding: 1px !important;}\u00bb]<div class=\"ult-new-ib ult-ib-effect-style14  ult-ib-resp  \" data-min-width=\"768\" data-max-width=\"900\" style=\"background:#000000;\" data-opacity=\"0.5\" data-hover-opacity=\"0.9\" ><img data-recalc-dims=\"1\" decoding=\"async\" class=\"ult-new-ib-img\" style=\"opacity:0.5;\" alt=\"null\" src=\"https:\/\/i0.wp.com\/officialeleutheraharbourisland.com\/wp-content\/uploads\/2022\/05\/kids-activities.jpg?w=1200&#038;ssl=1\"   \/><div id=\"interactive-banner-wrap-8683\" class=\"ult-new-ib-desc\" style=\"\"><h2 class=\"ult-new-ib-title ult-responsive\"  data-ultimate-target='#interactive-banner-wrap-8683 .ult-new-ib-title'  data-responsive-json-new='{\"font-size\":\"desktop:27px;\",\"line-height\":\"desktop:27px;\"}'  style=\"font-weight:normal;\">ACTIVIDADES INFANTILES<\/h2><\/div><a class=\"ult-new-ib-link\" href=\"https:\/\/officialeleutheraharbourisland.com\/eleuthera\/north-eleuthera\/things-to-do\/kids-activities\/\" title=\"KIDS ACTIVITIES\"  ><\/a><\/div>[\/vc_column][vc_column width=\u00bb1\/4&#8243; css=\u00bb.vc_custom_1654258011697{padding: 1px !important;}\u00bb]<div class=\"ult-new-ib ult-ib-effect-style14  ult-ib-resp  \" data-min-width=\"768\" data-max-width=\"900\" style=\"background:#000000;\" data-opacity=\"0.5\" data-hover-opacity=\"0.9\" ><img data-recalc-dims=\"1\" decoding=\"async\" class=\"ult-new-ib-img\" style=\"opacity:0.5;\" alt=\"null\" src=\"https:\/\/i0.wp.com\/officialeleutheraharbourisland.com\/wp-content\/uploads\/2022\/05\/beauty-and-wellness.jpg?w=1200&#038;ssl=1\"   \/><div id=\"interactive-banner-wrap-4281\" class=\"ult-new-ib-desc\" style=\"\"><h2 class=\"ult-new-ib-title ult-responsive\"  data-ultimate-target='#interactive-banner-wrap-4281 .ult-new-ib-title'  data-responsive-json-new='{\"font-size\":\"desktop:27px;\",\"line-height\":\"desktop:27px;\"}'  style=\"font-weight:normal;\">BELLEZA Y BIENESTAR<\/h2><\/div><a class=\"ult-new-ib-link\" href=\"https:\/\/officialeleutheraharbourisland.com\/eleuthera\/north-eleuthera\/things-to-do\/beauty-and-wellness\/\" title=\"BEAUTY AND WELLNESS\"  ><\/a><\/div>[\/vc_column][vc_column width=\u00bb1\/4&#8243; css=\u00bb.vc_custom_1655136841423{padding: 1px !important;}\u00bb]<div class=\"ult-new-ib ult-ib-effect-style14  ult-ib-resp  \" data-min-width=\"768\" data-max-width=\"900\" style=\"background:#000000;\" data-opacity=\"0.5\" data-hover-opacity=\"0.9\" ><img data-recalc-dims=\"1\" decoding=\"async\" class=\"ult-new-ib-img\" style=\"opacity:0.5;\" alt=\"null\" src=\"https:\/\/i0.wp.com\/officialeleutheraharbourisland.com\/wp-content\/uploads\/2022\/05\/shopping.jpg?w=1200&#038;ssl=1\"   \/><div id=\"interactive-banner-wrap-9398\" class=\"ult-new-ib-desc\" style=\"\"><h2 class=\"ult-new-ib-title ult-responsive\"  data-ultimate-target='#interactive-banner-wrap-9398 .ult-new-ib-title'  data-responsive-json-new='{\"font-size\":\"desktop:27px;\",\"line-height\":\"desktop:27px;\"}'  style=\"font-weight:normal;\">SHOPPING<\/h2><\/div><a class=\"ult-new-ib-link\" href=\"https:\/\/officialeleutheraharbourisland.com\/eleuthera\/north-eleuthera\/things-to-do\/shopping\/\" title=\"SHOPPING\"  ><\/a><\/div>[\/vc_column][\/vc_row]<\/p>\n<\/div>","protected":false},"excerpt":{"rendered":"<p>[vc_row css=\u00bb.vc_custom_1654257989561{padding-bottom: 30px !important;}\u00bb][vc_column][vc_column_text] Official Eleuthera Harbour Island brings you information on things to do in North Eleuthera. North Eleuthera stretches out across the Caribbean like a strewn ribbon over a blue and turquoise bedspread. It&#8217;s a long, slender island that stretches for over 100 miles yet never becomes wider than a few miles wide.&hellip;<\/p>\n","protected":false},"author":3,"featured_media":0,"parent":70099,"menu_order":3,"comment_status":"closed","ping_status":"closed","template":"","meta":{"footnotes":""},"categories":[1051],"tags":[],"class_list":["post-70112","page","type-page","status-publish","hentry","category-eleuthera-norte","description-off"],"yoast_head":"<!-- This site is optimized with the Yoast SEO Premium plugin v25.2 (Yoast SEO v27.4) - https:\/\/yoast.com\/product\/yoast-seo-premium-wordpress\/ -->\n<title>COSAS PARA HACER EN ELEUTHERA NORTE | Official Eleuthera Harbour Island<\/title>\n<meta name=\"robots\" content=\"index, follow, max-snippet:-1, max-image-preview:large, max-video-preview:-1\" \/>\n<link rel=\"canonical\" href=\"https:\/\/officialeleutheraharbourisland.com\/es\/eleuthera\/eleuthera-norte\/cosas-para-hacer-en-eleuthera-norte\/\" \/>\n<meta property=\"og:locale\" content=\"es_ES\" \/>\n<meta property=\"og:type\" content=\"article\" \/>\n<meta property=\"og:title\" content=\"COSAS PARA HACER EN ELEUTHERA NORTE\" \/>\n<meta property=\"og:description\" content=\"[vc_row css=\u00bb.vc_custom_1654257989561{padding-bottom: 30px !important;}\u00bb][vc_column][vc_column_text] Official Eleuthera Harbour Island brings you information on things to do in North Eleuthera. North Eleuthera stretches out across the Caribbean like a strewn ribbon over a blue and turquoise bedspread. It&#8217;s a long, slender island that stretches for over 100 miles yet never becomes wider than a few miles wide.&hellip;\" \/>\n<meta property=\"og:url\" content=\"https:\/\/officialeleutheraharbourisland.com\/es\/eleuthera\/eleuthera-norte\/cosas-para-hacer-en-eleuthera-norte\/\" \/>\n<meta property=\"og:site_name\" content=\"Official Eleuthera Harbour Island\" \/>\n<meta property=\"article:modified_time\" content=\"2022-09-26T12:46:20+00:00\" \/>\n<meta name=\"twitter:card\" content=\"summary_large_image\" \/>\n<meta name=\"twitter:label1\" content=\"Tiempo de lectura\" \/>\n\t<meta name=\"twitter:data1\" content=\"3 minutos\" \/>\n<script type=\"application\/ld+json\" class=\"yoast-schema-graph\">{\"@context\":\"https:\\\/\\\/schema.org\",\"@graph\":[{\"@type\":\"WebPage\",\"@id\":\"https:\\\/\\\/officialeleutheraharbourisland.com\\\/es\\\/eleuthera\\\/eleuthera-norte\\\/cosas-para-hacer-en-eleuthera-norte\\\/\",\"url\":\"https:\\\/\\\/officialeleutheraharbourisland.com\\\/es\\\/eleuthera\\\/eleuthera-norte\\\/cosas-para-hacer-en-eleuthera-norte\\\/\",\"name\":\"COSAS PARA HACER EN ELEUTHERA NORTE | Official Eleuthera Harbour Island\",\"isPartOf\":{\"@id\":\"https:\\\/\\\/officialeleutheraharbourisland.com\\\/#website\"},\"datePublished\":\"2022-03-23T15:25:52+00:00\",\"dateModified\":\"2022-09-26T12:46:20+00:00\",\"breadcrumb\":{\"@id\":\"https:\\\/\\\/officialeleutheraharbourisland.com\\\/es\\\/eleuthera\\\/eleuthera-norte\\\/cosas-para-hacer-en-eleuthera-norte\\\/#breadcrumb\"},\"inLanguage\":\"es\",\"potentialAction\":[{\"@type\":\"ReadAction\",\"target\":[\"https:\\\/\\\/officialeleutheraharbourisland.com\\\/es\\\/eleuthera\\\/eleuthera-norte\\\/cosas-para-hacer-en-eleuthera-norte\\\/\"]}]},{\"@type\":\"BreadcrumbList\",\"@id\":\"https:\\\/\\\/officialeleutheraharbourisland.com\\\/es\\\/eleuthera\\\/eleuthera-norte\\\/cosas-para-hacer-en-eleuthera-norte\\\/#breadcrumb\",\"itemListElement\":[{\"@type\":\"ListItem\",\"position\":1,\"name\":\"Home\",\"item\":\"https:\\\/\\\/officialeleutheraharbourisland.com\\\/es\\\/\"},{\"@type\":\"ListItem\",\"position\":2,\"name\":\"ELEUTHERA\",\"item\":\"https:\\\/\\\/officialeleutheraharbourisland.com\\\/es\\\/eleuthera\\\/\"},{\"@type\":\"ListItem\",\"position\":3,\"name\":\"ELEUTHERA NORTE\",\"item\":\"https:\\\/\\\/officialeleutheraharbourisland.com\\\/eleuthera\\\/north-eleuthera\\\/\"},{\"@type\":\"ListItem\",\"position\":4,\"name\":\"COSAS PARA HACER EN ELEUTHERA NORTE\"}]},{\"@type\":\"WebSite\",\"@id\":\"https:\\\/\\\/officialeleutheraharbourisland.com\\\/#website\",\"url\":\"https:\\\/\\\/officialeleutheraharbourisland.com\\\/\",\"name\":\"Official Eleuthera Harbour Island\",\"description\":\"Where Beauty &amp; Nature Meet\",\"publisher\":{\"@id\":\"https:\\\/\\\/officialeleutheraharbourisland.com\\\/#organization\"},\"potentialAction\":[{\"@type\":\"SearchAction\",\"target\":{\"@type\":\"EntryPoint\",\"urlTemplate\":\"https:\\\/\\\/officialeleutheraharbourisland.com\\\/?s={search_term_string}\"},\"query-input\":{\"@type\":\"PropertyValueSpecification\",\"valueRequired\":true,\"valueName\":\"search_term_string\"}}],\"inLanguage\":\"es\"},{\"@type\":\"Organization\",\"@id\":\"https:\\\/\\\/officialeleutheraharbourisland.com\\\/#organization\",\"name\":\"Official Eleuthera Harbour Island\",\"url\":\"https:\\\/\\\/officialeleutheraharbourisland.com\\\/\",\"logo\":{\"@type\":\"ImageObject\",\"inLanguage\":\"es\",\"@id\":\"https:\\\/\\\/officialeleutheraharbourisland.com\\\/#\\\/schema\\\/logo\\\/image\\\/\",\"url\":\"https:\\\/\\\/officialeleutheraharbourisland.com\\\/wp-content\\\/uploads\\\/2022\\\/03\\\/logo-new-GREY-275.png\",\"contentUrl\":\"https:\\\/\\\/officialeleutheraharbourisland.com\\\/wp-content\\\/uploads\\\/2022\\\/03\\\/logo-new-GREY-275.png\",\"width\":275,\"height\":22,\"caption\":\"Official Eleuthera Harbour Island\"},\"image\":{\"@id\":\"https:\\\/\\\/officialeleutheraharbourisland.com\\\/#\\\/schema\\\/logo\\\/image\\\/\"}}]}<\/script>\n<!-- \/ Yoast SEO Premium plugin. -->","yoast_head_json":{"title":"COSAS PARA HACER EN ELEUTHERA NORTE | Official Eleuthera Harbour Island","robots":{"index":"index","follow":"follow","max-snippet":"max-snippet:-1","max-image-preview":"max-image-preview:large","max-video-preview":"max-video-preview:-1"},"canonical":"https:\/\/officialeleutheraharbourisland.com\/es\/eleuthera\/eleuthera-norte\/cosas-para-hacer-en-eleuthera-norte\/","og_locale":"es_ES","og_type":"article","og_title":"COSAS PARA HACER EN ELEUTHERA NORTE","og_description":"[vc_row css=\u00bb.vc_custom_1654257989561{padding-bottom: 30px !important;}\u00bb][vc_column][vc_column_text] Official Eleuthera Harbour Island brings you information on things to do in North Eleuthera. North Eleuthera stretches out across the Caribbean like a strewn ribbon over a blue and turquoise bedspread. It&#8217;s a long, slender island that stretches for over 100 miles yet never becomes wider than a few miles wide.&hellip;","og_url":"https:\/\/officialeleutheraharbourisland.com\/es\/eleuthera\/eleuthera-norte\/cosas-para-hacer-en-eleuthera-norte\/","og_site_name":"Official Eleuthera Harbour Island","article_modified_time":"2022-09-26T12:46:20+00:00","twitter_card":"summary_large_image","twitter_misc":{"Tiempo de lectura":"3 minutos"},"schema":{"@context":"https:\/\/schema.org","@graph":[{"@type":"WebPage","@id":"https:\/\/officialeleutheraharbourisland.com\/es\/eleuthera\/eleuthera-norte\/cosas-para-hacer-en-eleuthera-norte\/","url":"https:\/\/officialeleutheraharbourisland.com\/es\/eleuthera\/eleuthera-norte\/cosas-para-hacer-en-eleuthera-norte\/","name":"COSAS PARA HACER EN ELEUTHERA NORTE | Official Eleuthera Harbour Island","isPartOf":{"@id":"https:\/\/officialeleutheraharbourisland.com\/#website"},"datePublished":"2022-03-23T15:25:52+00:00","dateModified":"2022-09-26T12:46:20+00:00","breadcrumb":{"@id":"https:\/\/officialeleutheraharbourisland.com\/es\/eleuthera\/eleuthera-norte\/cosas-para-hacer-en-eleuthera-norte\/#breadcrumb"},"inLanguage":"es","potentialAction":[{"@type":"ReadAction","target":["https:\/\/officialeleutheraharbourisland.com\/es\/eleuthera\/eleuthera-norte\/cosas-para-hacer-en-eleuthera-norte\/"]}]},{"@type":"BreadcrumbList","@id":"https:\/\/officialeleutheraharbourisland.com\/es\/eleuthera\/eleuthera-norte\/cosas-para-hacer-en-eleuthera-norte\/#breadcrumb","itemListElement":[{"@type":"ListItem","position":1,"name":"Home","item":"https:\/\/officialeleutheraharbourisland.com\/es\/"},{"@type":"ListItem","position":2,"name":"ELEUTHERA","item":"https:\/\/officialeleutheraharbourisland.com\/es\/eleuthera\/"},{"@type":"ListItem","position":3,"name":"ELEUTHERA NORTE","item":"https:\/\/officialeleutheraharbourisland.com\/eleuthera\/north-eleuthera\/"},{"@type":"ListItem","position":4,"name":"COSAS PARA HACER EN ELEUTHERA NORTE"}]},{"@type":"WebSite","@id":"https:\/\/officialeleutheraharbourisland.com\/#website","url":"https:\/\/officialeleutheraharbourisland.com\/","name":"Official Eleuthera Harbour Island","description":"Where Beauty &amp; Nature Meet","publisher":{"@id":"https:\/\/officialeleutheraharbourisland.com\/#organization"},"potentialAction":[{"@type":"SearchAction","target":{"@type":"EntryPoint","urlTemplate":"https:\/\/officialeleutheraharbourisland.com\/?s={search_term_string}"},"query-input":{"@type":"PropertyValueSpecification","valueRequired":true,"valueName":"search_term_string"}}],"inLanguage":"es"},{"@type":"Organization","@id":"https:\/\/officialeleutheraharbourisland.com\/#organization","name":"Official Eleuthera Harbour Island","url":"https:\/\/officialeleutheraharbourisland.com\/","logo":{"@type":"ImageObject","inLanguage":"es","@id":"https:\/\/officialeleutheraharbourisland.com\/#\/schema\/logo\/image\/","url":"https:\/\/officialeleutheraharbourisland.com\/wp-content\/uploads\/2022\/03\/logo-new-GREY-275.png","contentUrl":"https:\/\/officialeleutheraharbourisland.com\/wp-content\/uploads\/2022\/03\/logo-new-GREY-275.png","width":275,"height":22,"caption":"Official Eleuthera Harbour Island"},"image":{"@id":"https:\/\/officialeleutheraharbourisland.com\/#\/schema\/logo\/image\/"}}]}},"jetpack_sharing_enabled":true,"_links":{"self":[{"href":"https:\/\/officialeleutheraharbourisland.com\/es\/wp-json\/wp\/v2\/pages\/70112","targetHints":{"allow":["GET"]}}],"collection":[{"href":"https:\/\/officialeleutheraharbourisland.com\/es\/wp-json\/wp\/v2\/pages"}],"about":[{"href":"https:\/\/officialeleutheraharbourisland.com\/es\/wp-json\/wp\/v2\/types\/page"}],"author":[{"embeddable":true,"href":"https:\/\/officialeleutheraharbourisland.com\/es\/wp-json\/wp\/v2\/users\/3"}],"replies":[{"embeddable":true,"href":"https:\/\/officialeleutheraharbourisland.com\/es\/wp-json\/wp\/v2\/comments?post=70112"}],"version-history":[{"count":1,"href":"https:\/\/officialeleutheraharbourisland.com\/es\/wp-json\/wp\/v2\/pages\/70112\/revisions"}],"predecessor-version":[{"id":70113,"href":"https:\/\/officialeleutheraharbourisland.com\/es\/wp-json\/wp\/v2\/pages\/70112\/revisions\/70113"}],"up":[{"embeddable":true,"href":"https:\/\/officialeleutheraharbourisland.com\/es\/wp-json\/wp\/v2\/pages\/70099"}],"wp:attachment":[{"href":"https:\/\/officialeleutheraharbourisland.com\/es\/wp-json\/wp\/v2\/media?parent=70112"}],"wp:term":[{"taxonomy":"category","embeddable":true,"href":"https:\/\/officialeleutheraharbourisland.com\/es\/wp-json\/wp\/v2\/categories?post=70112"},{"taxonomy":"post_tag","embeddable":true,"href":"https:\/\/officialeleutheraharbourisland.com\/es\/wp-json\/wp\/v2\/tags?post=70112"}],"curies":[{"name":"wp","href":"https:\/\/api.w.org\/{rel}","templated":true}]}}