{"id":70163,"date":"2022-04-04T11:37:39","date_gmt":"2022-04-04T11:37:39","guid":{"rendered":"https:\/\/officialeleutheraharbourisland.com\/bienes-raices\/"},"modified":"2022-10-14T16:24:42","modified_gmt":"2022-10-14T16:24:42","slug":"bienes-raices","status":"publish","type":"page","link":"https:\/\/officialeleutheraharbourisland.com\/es\/bienes-raices\/","title":{"rendered":"BIENES RA\u00cdCES"},"content":{"rendered":"<div class=\"wpb-content-wrapper\"><p>[vc_row css=\u00bb.vc_custom_1649079224179{padding-bottom: 50px !important;}\u00bb][vc_column]<div id=\"ultimate-heading-719369f5a0d1395be\" class=\"uvc-heading ult-adjust-bottom-margin ultimate-heading-719369f5a0d1395be uvc-3516 \" data-hspacer=\"line_only\"  data-halign=\"center\" style=\"text-align:center\"><div class=\"uvc-main-heading ult-responsive\"  data-ultimate-target='.uvc-heading.ultimate-heading-719369f5a0d1395be h2'  data-responsive-json-new='{\"font-size\":\"\",\"line-height\":\"\"}' ><h2 style=\"font-weight:normal;margin-bottom:15px;\">Bienes ra\u00edces en las Bahamas<\/h2><\/div><div class=\"uvc-heading-spacer line_only\" style=\"margin-bottom:15px;height:3px;\"><span class=\"uvc-headings-line\" style=\"border-style:solid;border-bottom-width:3px;border-color:#7ac1ff;width:60px;\"><\/span><\/div><div class=\"uvc-sub-heading ult-responsive\"  data-ultimate-target='.uvc-heading.ultimate-heading-719369f5a0d1395be .uvc-sub-heading '  data-responsive-json-new='{\"font-size\":\"\",\"line-height\":\"\"}'  style=\"font-weight:normal;margin-bottom:15px;\"><\/p>\n<p style=\"text-align: center;\">\u00a1Aprenda todo sobre la compra de una propiedad en las Bahamas!<\/p>\n<p><\/div><\/div>[\/vc_column][\/vc_row][vc_row css=\u00bb.vc_custom_1649090439162{padding-top: 0px !important;padding-right: 0px !important;padding-bottom: -100px !important;padding-left: 0px !important;}\u00bb][vc_column css=\u00bb.vc_custom_1649090446590{padding-bottom: -100px !important;}\u00bb]<div class=\"ult-ih-container ult-adjust-bottom-margin  \" >\t<ul class=\"ult-ih-list \"  data-shape=\"square\"  data-width=\"550\"  data-height=\"550\"  data-res_width=\"400\"  data-res_height=\"400\"  style=\"text-align:center; \"><li id=\"ult-ih-list-item-5243\" class=\"ult-ih-list-item\" style=\"height: 550px; width: 550px;  margin: 5px\"><a class=\"ult-ih-link\" href=\"https:\/\/officialeleutheraharbourisland.com\/real-estate\/why-buying-eleuthera-real-estate\/\" title=\"Read More\"  ><div style=\"height: 550px; width: 550px; \" class=\"ult-ih-item ult-ih-effect13  ult-ih-bottom_to_top  \"><div class=\"ult-ih-image-block\" style=\"height: 550px; width: 550px; \">\t<div class=\"ult-ih-wrapper\" style=\"border-style: solid; border-color: rgba(255,255,255,0.2); border-width: 20px;\"><\/div>\t<img data-recalc-dims=\"1\" decoding=\"async\" class=\"ult-ih-image\" src=\"https:\/\/i0.wp.com\/officialeleutheraharbourisland.com\/wp-content\/uploads\/2022\/06\/real-estate-3.jpeg?w=1200&#038;ssl=1\" alt=\"Eleuthera Real Estate\"><\/div><div class=\"ult-ih-info\" style=\"background-color: rgba(0,0,0,0.75); \">\t<div class=\"ult-ih-info-back\">\t<div class=\"ult-ih-content\">\t\t\t<div class=\"ult-ih-heading-block\" style=\"margin-bottom:15px;\">\t\t\t\t<h3 class=\"ult-ih-heading ult-responsive\" style=\"color:#ffffff;\"  data-ultimate-target='#ult-ih-list-item-5243 .ult-ih-heading'  data-responsive-json-new='{\"font-size\":\"desktop:30px;\",\"line-height\":\"desktop:28px;\"}' >Por qu\u00e9 comprar bienes ra\u00edces en Eleuthera<\/h3>\t\t\t<\/div>\t\t\t<div class=\"ult-ih-divider-block\" style=\"height:2px;margin-bottom:5px;\">\t\t\t\t<span class=\"ult-ih-line\" style=\"border-style:solid;border-color:rgba(30,115,190,0.75);width:50px;border-width:2px;\"><\/span>\t\t\t<\/div>\t\t\t<div class=\"ult-ih-description-block\" style=\"margin-bottom:10px;\">\t\t\t\t<div class=\"ult-ih-description ult-responsive\" style=\"color:#bbbbbb;\"  data-ultimate-target='#ult-ih-list-item-5243 .ult-ih-description, #ult-ih-list-item-5243 .ult-ih-description p'  data-responsive-json-new='{\"font-size\":\"desktop:15px;\",\"line-height\":\"desktop:18px;\"}' ><p>Eleuthera real estate incluye algunas de las propiedades m\u00e1s exclusivas de las Bahamas y atrae a compradores acaudalados de todo el mundo. El clima c\u00e1lido de la isla, la gente hospitalaria, las tradiciones festivas y el estilo de vida relajado es lo que atrae a muchos propietarios no bahame\u00f1os a este para\u00edso tropical. Y si esa no es raz\u00f3n suficiente, desde que la Ley de Tenencia de Tierras para Personas Internacionales entr\u00f3 en vigencia en enero de 1994, no hay restricciones para que los extranjeros compren propiedades en las Bahamas.<\/p>\n\t\t\t\t<\/div>\t\t\t<\/div>\t<\/div>\t<\/div><\/div><\/div><\/a><\/li><li id=\"ult-ih-list-item-4532\" class=\"ult-ih-list-item\" style=\"height: 550px; width: 550px;  margin: 5px\"><a class=\"ult-ih-link\" href=\"https:\/\/officialeleutheraharbourisland.com\/real-estate\/ownership-policy-in-eleuthera\/\" title=\"Read More\"  ><div style=\"height: 550px; width: 550px; \" class=\"ult-ih-item ult-ih-effect13  ult-ih-bottom_to_top  \"><div class=\"ult-ih-image-block\" style=\"height: 550px; width: 550px; \">\t<div class=\"ult-ih-wrapper\" style=\"border-style: solid; border-color: rgba(255,255,255,0.2); border-width: 20px;\"><\/div>\t<img data-recalc-dims=\"1\" decoding=\"async\" class=\"ult-ih-image\" src=\"https:\/\/i0.wp.com\/officialeleutheraharbourisland.com\/wp-content\/uploads\/2022\/06\/real-estate-4.jpeg?w=1200&#038;ssl=1\" alt=\"Eleuthera Real Estate\"><\/div><div class=\"ult-ih-info\" style=\"background-color: rgba(0,0,0,0.75); \">\t<div class=\"ult-ih-info-back\">\t<div class=\"ult-ih-content\">\t\t\t<div class=\"ult-ih-heading-block\" style=\"margin-bottom:15px;\">\t\t\t\t<h3 class=\"ult-ih-heading ult-responsive\" style=\"color:#ffffff;\"  data-ultimate-target='#ult-ih-list-item-4532 .ult-ih-heading'  data-responsive-json-new='{\"font-size\":\"desktop:30px;\",\"line-height\":\"desktop:28px;\"}' >Pol\u00edtica de propiedad en Eleuthera<\/h3>\t\t\t<\/div>\t\t\t<div class=\"ult-ih-divider-block\" style=\"height:2px;margin-bottom:5px;\">\t\t\t\t<span class=\"ult-ih-line\" style=\"border-style:solid;border-color:rgba(30,115,190,0.75);width:50px;border-width:2px;\"><\/span>\t\t\t<\/div>\t\t\t<div class=\"ult-ih-description-block\" style=\"margin-bottom:10px;\">\t\t\t\t<div class=\"ult-ih-description ult-responsive\" style=\"color:#bbbbbb;\"  data-ultimate-target='#ult-ih-list-item-4532 .ult-ih-description, #ult-ih-list-item-4532 .ult-ih-description p'  data-responsive-json-new='{\"font-size\":\"desktop:15px;\",\"line-height\":\"desktop:18px;\"}' ><p>La pol\u00edtica de propiedad del Gobierno de las Bahamas tiene muy pocas limitaciones cuando se trata de extranjeros que compran bienes ra\u00edces en Eleuthera. De hecho, con el fin de promover el crecimiento econ\u00f3mico y el desarrollo y apoyar un clima favorable a la inversi\u00f3n, el Gobierno de las Bahamas ha puesto a disposici\u00f3n la Ley de tenencia de tierras para personas internacionales de 1993, que permite la venta de propiedades a no bahame\u00f1os.<\/p>\n\t\t\t\t<\/div>\t\t\t<\/div>\t<\/div>\t<\/div><\/div><\/div><\/a><\/li>\t<\/ul><\/div>[\/vc_column][\/vc_row][vc_row css=\u00bb.vc_custom_1649090297431{padding-top: -20px !important;}\u00bb][vc_column]<div class=\"ult-ih-container ult-adjust-bottom-margin  \" >\t<ul class=\"ult-ih-list \"  data-shape=\"square\"  data-width=\"550\"  data-height=\"550\"  data-res_width=\"400\"  data-res_height=\"400\"  style=\"text-align:center; \"><li id=\"ult-ih-list-item-1347\" class=\"ult-ih-list-item\" style=\"height: 550px; width: 550px;  margin: 5px\"><a class=\"ult-ih-link\" href=\"#\" title=\"Read More\"  ><div style=\"height: 550px; width: 550px; \" class=\"ult-ih-item ult-ih-effect13  ult-ih-bottom_to_top  \"><div class=\"ult-ih-image-block\" style=\"height: 550px; width: 550px; \">\t<div class=\"ult-ih-wrapper\" style=\"border-style: solid; border-color: rgba(255,255,255,0.2); border-width: 20px;\"><\/div>\t<img data-recalc-dims=\"1\" decoding=\"async\" class=\"ult-ih-image\" src=\"https:\/\/i0.wp.com\/officialeleutheraharbourisland.com\/wp-content\/uploads\/2022\/06\/real-estate-2.jpeg?w=1200&#038;ssl=1\" alt=\"Eleuthera Real Estate\"><\/div><div class=\"ult-ih-info\" style=\"background-color: rgba(0,0,0,0.75); \">\t<div class=\"ult-ih-info-back\">\t<div class=\"ult-ih-content\">\t\t\t<div class=\"ult-ih-heading-block\" style=\"margin-bottom:15px;\">\t\t\t\t<h3 class=\"ult-ih-heading ult-responsive\" style=\"color:#ffffff;\"  data-ultimate-target='#ult-ih-list-item-1347 .ult-ih-heading'  data-responsive-json-new='{\"font-size\":\"desktop:30px;\",\"line-height\":\"desktop:28px;\"}' >Pasos para comprar una propiedad en Eleuthera<\/h3>\t\t\t<\/div>\t\t\t<div class=\"ult-ih-divider-block\" style=\"height:2px;margin-bottom:5px;\">\t\t\t\t<span class=\"ult-ih-line\" style=\"border-style:solid;border-color:rgba(30,115,190,0.75);width:50px;border-width:2px;\"><\/span>\t\t\t<\/div>\t\t\t<div class=\"ult-ih-description-block\" style=\"margin-bottom:10px;\">\t\t\t\t<div class=\"ult-ih-description ult-responsive\" style=\"color:#bbbbbb;\"  data-ultimate-target='#ult-ih-list-item-1347 .ult-ih-description, #ult-ih-list-item-1347 .ult-ih-description p'  data-responsive-json-new='{\"font-size\":\"desktop:15px;\",\"line-height\":\"desktop:18px;\"}' ><p>Los pasos para comprar una propiedad en Eleuthera Bahamas son muy similares al proceso de compra de una casa en los Estados Unidos, pero considerablemente m\u00e1s relajados. Los agentes inmobiliarios de Eleuthera re\u00fanen a compradores y vendedores, mientras que los abogados preparan los acuerdos de compra y manejan los cierres.<\/p>\n\t\t\t\t<\/div>\t\t\t<\/div>\t<\/div>\t<\/div><\/div><\/div><\/a><\/li><li id=\"ult-ih-list-item-4265\" class=\"ult-ih-list-item\" style=\"height: 550px; width: 550px;  margin: 5px\"><a class=\"ult-ih-link\" href=\"https:\/\/officialeleutheraharbourisland.com\/es\/bienes-raices\/requisitos-legales-para-comprar-una-propiedad-en-eleuthera\/\" title=\"Read More\"  ><div style=\"height: 550px; width: 550px; \" class=\"ult-ih-item ult-ih-effect13  ult-ih-bottom_to_top  \"><div class=\"ult-ih-image-block\" style=\"height: 550px; width: 550px; \">\t<div class=\"ult-ih-wrapper\" style=\"border-style: solid; border-color: rgba(255,255,255,0.2); border-width: 20px;\"><\/div>\t<img data-recalc-dims=\"1\" decoding=\"async\" class=\"ult-ih-image\" src=\"https:\/\/i0.wp.com\/officialeleutheraharbourisland.com\/wp-content\/uploads\/2022\/06\/eleuthera-real-estate-2.jpeg?w=1200&#038;ssl=1\" alt=\"Eleuthera Real Estate\"><\/div><div class=\"ult-ih-info\" style=\"background-color: rgba(0,0,0,0.75); \">\t<div class=\"ult-ih-info-back\">\t<div class=\"ult-ih-content\">\t\t\t<div class=\"ult-ih-heading-block\" style=\"margin-bottom:15px;\">\t\t\t\t<h3 class=\"ult-ih-heading ult-responsive\" style=\"color:#ffffff;\"  data-ultimate-target='#ult-ih-list-item-4265 .ult-ih-heading'  data-responsive-json-new='{\"font-size\":\"desktop:30px;\",\"line-height\":\"desktop:28px;\"}' >Requisitos legales para comprar una propiedad en Eleuthera<\/h3>\t\t\t<\/div>\t\t\t<div class=\"ult-ih-divider-block\" style=\"height:2px;margin-bottom:5px;\">\t\t\t\t<span class=\"ult-ih-line\" style=\"border-style:solid;border-color:rgba(30,115,190,0.75);width:50px;border-width:2px;\"><\/span>\t\t\t<\/div>\t\t\t<div class=\"ult-ih-description-block\" style=\"margin-bottom:10px;\">\t\t\t\t<div class=\"ult-ih-description ult-responsive\" style=\"color:#bbbbbb;\"  data-ultimate-target='#ult-ih-list-item-4265 .ult-ih-description, #ult-ih-list-item-4265 .ult-ih-description p'  data-responsive-json-new='{\"font-size\":\"desktop:15px;\",\"line-height\":\"desktop:18px;\"}' ><p>Le recomendamos que lea nuestros art\u00edculos sobre los requisitos legales para comprar una propiedad en Eleuthera.<\/p>\n\t\t\t\t<\/div>\t\t\t<\/div>\t<\/div>\t<\/div><\/div><\/div><\/a><\/li>\t<\/ul><\/div>[\/vc_column][\/vc_row]<\/p>\n<\/div>","protected":false},"excerpt":{"rendered":"<p>[vc_row css=\u00bb.vc_custom_1649079224179{padding-bottom: 50px !important;}\u00bb][vc_column][\/vc_column][\/vc_row][vc_row css=\u00bb.vc_custom_1649090439162{padding-top: 0px !important;padding-right: 0px !important;padding-bottom: -100px !important;padding-left: 0px !important;}\u00bb][vc_column css=\u00bb.vc_custom_1649090446590{padding-bottom: -100px !important;}\u00bb][\/vc_column][\/vc_row][vc_row css=\u00bb.vc_custom_1649090297431{padding-top: -20px !important;}\u00bb][vc_column][\/vc_column][\/vc_row]<\/p>\n","protected":false},"author":4,"featured_media":0,"parent":0,"menu_order":0,"comment_status":"closed","ping_status":"closed","template":"","meta":{"footnotes":""},"categories":[],"tags":[],"class_list":["post-70163","page","type-page","status-publish","hentry","description-off"],"yoast_head":"<!-- This site is optimized with the Yoast SEO Premium plugin v25.2 (Yoast SEO v27.5) - https:\/\/yoast.com\/product\/yoast-seo-premium-wordpress\/ -->\n<title>BIENES RA\u00cdCES | Official Eleuthera Harbour Island<\/title>\n<meta name=\"robots\" content=\"index, follow, max-snippet:-1, max-image-preview:large, max-video-preview:-1\" \/>\n<link rel=\"canonical\" href=\"https:\/\/officialeleutheraharbourisland.com\/es\/bienes-raices\/\" \/>\n<meta property=\"og:locale\" content=\"es_ES\" \/>\n<meta property=\"og:type\" content=\"article\" \/>\n<meta property=\"og:title\" content=\"BIENES RA\u00cdCES\" \/>\n<meta property=\"og:description\" content=\"[vc_row css=\u00bb.vc_custom_1649079224179{padding-bottom: 50px !important;}\u00bb][vc_column][\/vc_column][\/vc_row][vc_row css=\u00bb.vc_custom_1649090439162{padding-top: 0px !important;padding-right: 0px !important;padding-bottom: -100px !important;padding-left: 0px !important;}\u00bb][vc_column css=\u00bb.vc_custom_1649090446590{padding-bottom: -100px !important;}\u00bb][\/vc_column][\/vc_row][vc_row css=\u00bb.vc_custom_1649090297431{padding-top: -20px !important;}\u00bb][vc_column][\/vc_column][\/vc_row]\" \/>\n<meta property=\"og:url\" content=\"https:\/\/officialeleutheraharbourisland.com\/es\/bienes-raices\/\" \/>\n<meta property=\"og:site_name\" content=\"Official Eleuthera Harbour Island\" \/>\n<meta property=\"article:modified_time\" content=\"2022-10-14T16:24:42+00:00\" \/>\n<meta name=\"twitter:card\" content=\"summary_large_image\" \/>\n<meta name=\"twitter:label1\" content=\"Tiempo de lectura\" \/>\n\t<meta name=\"twitter:data1\" content=\"2 minutos\" \/>\n<script type=\"application\/ld+json\" class=\"yoast-schema-graph\">{\"@context\":\"https:\\\/\\\/schema.org\",\"@graph\":[{\"@type\":\"WebPage\",\"@id\":\"https:\\\/\\\/officialeleutheraharbourisland.com\\\/es\\\/bienes-raices\\\/\",\"url\":\"https:\\\/\\\/officialeleutheraharbourisland.com\\\/es\\\/bienes-raices\\\/\",\"name\":\"BIENES RA\u00cdCES | Official Eleuthera Harbour Island\",\"isPartOf\":{\"@id\":\"https:\\\/\\\/officialeleutheraharbourisland.com\\\/#website\"},\"datePublished\":\"2022-04-04T11:37:39+00:00\",\"dateModified\":\"2022-10-14T16:24:42+00:00\",\"breadcrumb\":{\"@id\":\"https:\\\/\\\/officialeleutheraharbourisland.com\\\/es\\\/bienes-raices\\\/#breadcrumb\"},\"inLanguage\":\"es\",\"potentialAction\":[{\"@type\":\"ReadAction\",\"target\":[\"https:\\\/\\\/officialeleutheraharbourisland.com\\\/es\\\/bienes-raices\\\/\"]}]},{\"@type\":\"BreadcrumbList\",\"@id\":\"https:\\\/\\\/officialeleutheraharbourisland.com\\\/es\\\/bienes-raices\\\/#breadcrumb\",\"itemListElement\":[{\"@type\":\"ListItem\",\"position\":1,\"name\":\"Home\",\"item\":\"https:\\\/\\\/officialeleutheraharbourisland.com\\\/es\\\/\"},{\"@type\":\"ListItem\",\"position\":2,\"name\":\"BIENES RA\u00cdCES\"}]},{\"@type\":\"WebSite\",\"@id\":\"https:\\\/\\\/officialeleutheraharbourisland.com\\\/#website\",\"url\":\"https:\\\/\\\/officialeleutheraharbourisland.com\\\/\",\"name\":\"Official Eleuthera Harbour Island\",\"description\":\"Where Beauty &amp; Nature Meet\",\"publisher\":{\"@id\":\"https:\\\/\\\/officialeleutheraharbourisland.com\\\/#organization\"},\"potentialAction\":[{\"@type\":\"SearchAction\",\"target\":{\"@type\":\"EntryPoint\",\"urlTemplate\":\"https:\\\/\\\/officialeleutheraharbourisland.com\\\/?s={search_term_string}\"},\"query-input\":{\"@type\":\"PropertyValueSpecification\",\"valueRequired\":true,\"valueName\":\"search_term_string\"}}],\"inLanguage\":\"es\"},{\"@type\":\"Organization\",\"@id\":\"https:\\\/\\\/officialeleutheraharbourisland.com\\\/#organization\",\"name\":\"Official Eleuthera Harbour Island\",\"url\":\"https:\\\/\\\/officialeleutheraharbourisland.com\\\/\",\"logo\":{\"@type\":\"ImageObject\",\"inLanguage\":\"es\",\"@id\":\"https:\\\/\\\/officialeleutheraharbourisland.com\\\/#\\\/schema\\\/logo\\\/image\\\/\",\"url\":\"https:\\\/\\\/officialeleutheraharbourisland.com\\\/wp-content\\\/uploads\\\/2022\\\/03\\\/logo-new-GREY-275.png\",\"contentUrl\":\"https:\\\/\\\/officialeleutheraharbourisland.com\\\/wp-content\\\/uploads\\\/2022\\\/03\\\/logo-new-GREY-275.png\",\"width\":275,\"height\":22,\"caption\":\"Official Eleuthera Harbour Island\"},\"image\":{\"@id\":\"https:\\\/\\\/officialeleutheraharbourisland.com\\\/#\\\/schema\\\/logo\\\/image\\\/\"}}]}<\/script>\n<!-- \/ Yoast SEO Premium plugin. -->","yoast_head_json":{"title":"BIENES RA\u00cdCES | Official Eleuthera Harbour Island","robots":{"index":"index","follow":"follow","max-snippet":"max-snippet:-1","max-image-preview":"max-image-preview:large","max-video-preview":"max-video-preview:-1"},"canonical":"https:\/\/officialeleutheraharbourisland.com\/es\/bienes-raices\/","og_locale":"es_ES","og_type":"article","og_title":"BIENES RA\u00cdCES","og_description":"[vc_row css=\u00bb.vc_custom_1649079224179{padding-bottom: 50px !important;}\u00bb][vc_column][\/vc_column][\/vc_row][vc_row css=\u00bb.vc_custom_1649090439162{padding-top: 0px !important;padding-right: 0px !important;padding-bottom: -100px !important;padding-left: 0px !important;}\u00bb][vc_column css=\u00bb.vc_custom_1649090446590{padding-bottom: -100px !important;}\u00bb][\/vc_column][\/vc_row][vc_row css=\u00bb.vc_custom_1649090297431{padding-top: -20px !important;}\u00bb][vc_column][\/vc_column][\/vc_row]","og_url":"https:\/\/officialeleutheraharbourisland.com\/es\/bienes-raices\/","og_site_name":"Official Eleuthera Harbour Island","article_modified_time":"2022-10-14T16:24:42+00:00","twitter_card":"summary_large_image","twitter_misc":{"Tiempo de lectura":"2 minutos"},"schema":{"@context":"https:\/\/schema.org","@graph":[{"@type":"WebPage","@id":"https:\/\/officialeleutheraharbourisland.com\/es\/bienes-raices\/","url":"https:\/\/officialeleutheraharbourisland.com\/es\/bienes-raices\/","name":"BIENES RA\u00cdCES | Official Eleuthera Harbour Island","isPartOf":{"@id":"https:\/\/officialeleutheraharbourisland.com\/#website"},"datePublished":"2022-04-04T11:37:39+00:00","dateModified":"2022-10-14T16:24:42+00:00","breadcrumb":{"@id":"https:\/\/officialeleutheraharbourisland.com\/es\/bienes-raices\/#breadcrumb"},"inLanguage":"es","potentialAction":[{"@type":"ReadAction","target":["https:\/\/officialeleutheraharbourisland.com\/es\/bienes-raices\/"]}]},{"@type":"BreadcrumbList","@id":"https:\/\/officialeleutheraharbourisland.com\/es\/bienes-raices\/#breadcrumb","itemListElement":[{"@type":"ListItem","position":1,"name":"Home","item":"https:\/\/officialeleutheraharbourisland.com\/es\/"},{"@type":"ListItem","position":2,"name":"BIENES RA\u00cdCES"}]},{"@type":"WebSite","@id":"https:\/\/officialeleutheraharbourisland.com\/#website","url":"https:\/\/officialeleutheraharbourisland.com\/","name":"Official Eleuthera Harbour Island","description":"Where Beauty &amp; Nature Meet","publisher":{"@id":"https:\/\/officialeleutheraharbourisland.com\/#organization"},"potentialAction":[{"@type":"SearchAction","target":{"@type":"EntryPoint","urlTemplate":"https:\/\/officialeleutheraharbourisland.com\/?s={search_term_string}"},"query-input":{"@type":"PropertyValueSpecification","valueRequired":true,"valueName":"search_term_string"}}],"inLanguage":"es"},{"@type":"Organization","@id":"https:\/\/officialeleutheraharbourisland.com\/#organization","name":"Official Eleuthera Harbour Island","url":"https:\/\/officialeleutheraharbourisland.com\/","logo":{"@type":"ImageObject","inLanguage":"es","@id":"https:\/\/officialeleutheraharbourisland.com\/#\/schema\/logo\/image\/","url":"https:\/\/officialeleutheraharbourisland.com\/wp-content\/uploads\/2022\/03\/logo-new-GREY-275.png","contentUrl":"https:\/\/officialeleutheraharbourisland.com\/wp-content\/uploads\/2022\/03\/logo-new-GREY-275.png","width":275,"height":22,"caption":"Official Eleuthera Harbour Island"},"image":{"@id":"https:\/\/officialeleutheraharbourisland.com\/#\/schema\/logo\/image\/"}}]}},"jetpack_sharing_enabled":true,"_links":{"self":[{"href":"https:\/\/officialeleutheraharbourisland.com\/es\/wp-json\/wp\/v2\/pages\/70163","targetHints":{"allow":["GET"]}}],"collection":[{"href":"https:\/\/officialeleutheraharbourisland.com\/es\/wp-json\/wp\/v2\/pages"}],"about":[{"href":"https:\/\/officialeleutheraharbourisland.com\/es\/wp-json\/wp\/v2\/types\/page"}],"author":[{"embeddable":true,"href":"https:\/\/officialeleutheraharbourisland.com\/es\/wp-json\/wp\/v2\/users\/4"}],"replies":[{"embeddable":true,"href":"https:\/\/officialeleutheraharbourisland.com\/es\/wp-json\/wp\/v2\/comments?post=70163"}],"version-history":[{"count":5,"href":"https:\/\/officialeleutheraharbourisland.com\/es\/wp-json\/wp\/v2\/pages\/70163\/revisions"}],"predecessor-version":[{"id":70191,"href":"https:\/\/officialeleutheraharbourisland.com\/es\/wp-json\/wp\/v2\/pages\/70163\/revisions\/70191"}],"wp:attachment":[{"href":"https:\/\/officialeleutheraharbourisland.com\/es\/wp-json\/wp\/v2\/media?parent=70163"}],"wp:term":[{"taxonomy":"category","embeddable":true,"href":"https:\/\/officialeleutheraharbourisland.com\/es\/wp-json\/wp\/v2\/categories?post=70163"},{"taxonomy":"post_tag","embeddable":true,"href":"https:\/\/officialeleutheraharbourisland.com\/es\/wp-json\/wp\/v2\/tags?post=70163"}],"curies":[{"name":"wp","href":"https:\/\/api.w.org\/{rel}","templated":true}]}}