{"id":70168,"date":"2022-03-27T16:01:10","date_gmt":"2022-03-27T16:01:10","guid":{"rendered":"https:\/\/officialeleutheraharbourisland.com\/bienes-raices\/requisitos-legales-para-comprar-una-propiedad-en-eleuthera\/impuesto-de-timbre-de-bahamas-transacciones-inmobiliarias-de-bahamas\/"},"modified":"2022-10-14T16:26:03","modified_gmt":"2022-10-14T16:26:03","slug":"impuesto-de-timbre-de-bahamas-transacciones-inmobiliarias-de-bahamas","status":"publish","type":"page","link":"https:\/\/officialeleutheraharbourisland.com\/es\/bienes-raices\/requisitos-legales-para-comprar-una-propiedad-en-eleuthera\/impuesto-de-timbre-de-bahamas-transacciones-inmobiliarias-de-bahamas\/","title":{"rendered":"Impuesto de sellos en Bahamas &#8211; Transacciones inmobiliarias de Bahamas"},"content":{"rendered":"<div class=\"wpb-content-wrapper\"><p>[vc_row css=\u00bb.vc_custom_1648471521500{padding-bottom: 50px !important;}\u00bb][vc_column]<div id=\"ultimate-heading-724769e73a312821a\" class=\"uvc-heading ult-adjust-bottom-margin ultimate-heading-724769e73a312821a uvc-2609 \" data-hspacer=\"no_spacer\"  data-halign=\"center\" style=\"text-align:center\"><div class=\"uvc-heading-spacer no_spacer\" style=\"top\"><\/div><div class=\"uvc-main-heading ult-responsive\"  data-ultimate-target='.uvc-heading.ultimate-heading-724769e73a312821a h2'  data-responsive-json-new='{\"font-size\":\"\",\"line-height\":\"\"}' ><h2 style=\"font-weight:700;\">Impuesto de sellos en Bahamas - Transacciones inmobiliarias de Bahamas<\/h2><\/div><div class=\"uvc-sub-heading ult-responsive\"  data-ultimate-target='.uvc-heading.ultimate-heading-724769e73a312821a .uvc-sub-heading '  data-responsive-json-new='{\"font-size\":\"\",\"line-height\":\"\"}'  style=\"font-weight:normal;margin-top:5px;margin-bottom:35px;\">BIENES RA\u00cdCES &#8211; REQUISITOS LEGALES PARA COMPRAR UNA PROPIEDAD EN LAS BAHAMAS<\/div><\/div>[vc_column_text css=\u00bb.vc_custom_1664283543477{padding-bottom: 30px !important;}\u00bb]Official Eleuthera Harbour Island le ofrece m\u00e1s informaci\u00f3n sobre el impuesto de sellos de las Bahamas.<\/p>\n<p>Todas las transacciones de bienes ra\u00edces en Harbour Island y Eleuthera est\u00e1n sujetas al impuesto de Actos Jur\u00eddicos Documentados del Gobierno de las Bahamas, que es un impuesto de transferencia que grava todas las ventas de propiedades. A menos que se acuerde lo contrario, el comprador y el vendedor dividir\u00edan este costo.<\/p>\n<p><strong>El impuesto de sello grava las transacciones de la siguiente manera: | <\/strong><br \/>\nMenor o igual a $20,000&#8230;&#8230;&#8230;.4%<br \/>\n$20,001 to $50,000\u2026.\u2026\u2026\u2026..6%<br \/>\n$50.000.01 to $100,000\u2026\u2026\u20268%<br \/>\nOver $100,000.01.\u2026\u2026\u2026\u2026\u202610%<\/p>\n<p>Despu\u00e9s de la implementaci\u00f3n del VAT, la tasa del impuesto de sellos de las Bahamas cambi\u00f3 a un 2,5% fijo con un VAT del 7,5% en transacciones superiores a $100.000. Los propietarios de viviendas por primera vez que est\u00e9n exentos del impuesto de sellos tambi\u00e9n estar\u00e1n exentos del VAT.<\/p>\n<p><strong>A continuaci\u00f3n se muestran algunos ejemplos:<\/strong><\/p>\n<p><strong>Valor de la propiedad<\/strong> \u00a0 \u00a0\u00a0 \u00a0 \u00a0<strong>Impuestos antes del Vat\u00a0<\/strong> \u00a0 \u00a0 \u00a0 <strong>Impuestos despu\u00e9s del VAT<\/strong><br \/>\n$ 80,000\u00a0 \u00a0 \u00a0 \u00a0 \u00a0 \u00a0 \u00a0 \u00a0 \u00a0 \u00a0 \u00a0 \u00a0 \u00a0\u00a0\u00a0 \u00a0 \u00a0 \u00a0 \u00a0 \u00a0\u00a0 8% impuesto sello\u00a0 \u00a0 \u00a0 \u00a0 \u00a0 \u00a0 \u00a0 \u00a0 \u00a0 2.5% (2.5% impuesto sello + 0% VAT)<br \/>\n$250,000\u00a0 \u00a0 \u00a0 \u00a0 \u00a0 \u00a0 \u00a0 \u00a0 \u00a0 \u00a0 \u00a0 \u00a0 \u00a0 \u00a0 \u00a0 \u00a0 \u00a0 \u00a0 \u00a0 \u00a0 \u00a0 10% impuesto sello\u00a0 \u00a0 \u00a0 \u00a0 \u00a0 \u00a0 10% (2.5% impuesto sello + 7.5% VAT)<br \/>\n$500,000 (primer due\u00f1o de casa)\u00a0 \u00a0 0% impuesto sello\u00a0 \u00a0 \u00a0 \u00a0 \u00a0 \u00a0 \u00a0 0% (0% impuesto sello +0% VAT)<\/p>\n<p>Para obtener m\u00e1s informaci\u00f3n sobre el impuesto de sellos de Bahamas sobre transacciones de bienes ra\u00edces en Eleuthera y Harbour Island, comun\u00edquese con el servicio de ayuda de Servicios de Contribuyentes de Bahamas llamando al 1 242-225 7280 o env\u00ede un correo electr\u00f3nico a <a href=\"mailto:taxinquiries@bahamas.gov.bs\">taxinquiries@bahamas.gov.bs<\/a>.<\/p>\n<p><strong>O puedes escribir a:<\/strong><br \/>\nDepartamento de Hacienda<br \/>\nAdministraci\u00f3n Central de Ingresos<br \/>\nUnidad de Impuesto al Valor Agregado<br \/>\nApartado Postal N-13<br \/>\nNassau, NP<br \/>\nbahamas<\/p>\n<p><a href=\"http:\/\/inlandrevenue.finance.gov.bs\/value-added-tax\">http:\/\/inlandrevenue.finance.gov.bs\/value-added-tax<\/a>[\/vc_column_text][\/vc_column][\/vc_row][vc_row css=\u00bb.vc_custom_1648471536391{padding-bottom: 50px !important;}\u00bb][vc_column]<style type=\"text\/css\" data-type=\"the7_shortcodes-inline-css\">.shortcode-single-image-wrap.shortcode-single-image-1a22c472a2f84fde5741f60a68021446.enable-bg-rollover .rollover i,\n.shortcode-single-image-wrap.shortcode-single-image-1a22c472a2f84fde5741f60a68021446.enable-bg-rollover .rollover-video i {\n  background: -webkit-linear-gradient();\n  background: linear-gradient();\n}\n.shortcode-single-image-wrap.shortcode-single-image-1a22c472a2f84fde5741f60a68021446 .rollover-icon {\n  font-size: 32px;\n  color: #ffffff;\n  min-width: 44px;\n  min-height: 44px;\n  line-height: 44px;\n  border-radius: 100px;\n  border-style: solid;\n  border-width: 0px;\n}\n.dt-icon-bg-on.shortcode-single-image-wrap.shortcode-single-image-1a22c472a2f84fde5741f60a68021446 .rollover-icon {\n  background: rgba(255,255,255,0.3);\n  box-shadow: none;\n}\n<\/style><div class=\"shortcode-single-image-wrap shortcode-single-image-1a22c472a2f84fde5741f60a68021446 alignnone  enable-bg-rollover dt-icon-bg-off\" style=\"margin-top:0px; margin-bottom:0px; margin-left:0px; margin-right:0px;\" data-pretty-share=\"facebook,twitter,pinterest,linkedin\"><div class=\"shortcode-single-image\"><div class=\"fancy-media-wrap  layzr-bg\" style=\"\"><img fetchpriority=\"high\" decoding=\"async\" class=\"preload-me lazy-load aspect\" src=\"data:image\/svg+xml,%3Csvg%20xmlns%3D&#39;http%3A%2F%2Fwww.w3.org%2F2000%2Fsvg&#39;%20viewBox%3D&#39;0%200%20848%20482&#39;%2F%3E\" data-src=\"https:\/\/officialeleutheraharbourisland.com\/wp-content\/uploads\/2022\/06\/legal-1.jpeg\" data-srcset=\"https:\/\/officialeleutheraharbourisland.com\/wp-content\/uploads\/2022\/06\/legal-1.jpeg 848w\" loading=\"eager\" sizes=\"(max-width: 848px) 100vw, 848px\" width=\"848\" height=\"482\"  data-dt-location=\"https:\/\/officialeleutheraharbourisland.com\/es\/real-estate\/legal-requirements-to-buy-a-property-in-eleuthera\/attachment\/legal-1\/\" style=\"--ratio: 848 \/ 482;\" alt=\"Bahamas stamp duty tax\" \/><\/div><\/div><\/div>[\/vc_column][\/vc_row][vc_row][vc_column]<style type=\"text\/css\" data-type=\"the7_shortcodes-inline-css\">.shortcode-single-image-wrap.shortcode-single-image-1bab62fe07ae625acfa11dd1376b1a11.enable-bg-rollover .rollover i,\n.shortcode-single-image-wrap.shortcode-single-image-1bab62fe07ae625acfa11dd1376b1a11.enable-bg-rollover .rollover-video i {\n  background: -webkit-linear-gradient();\n  background: linear-gradient();\n}\n.shortcode-single-image-wrap.shortcode-single-image-1bab62fe07ae625acfa11dd1376b1a11 .rollover-icon {\n  font-size: 32px;\n  color: #ffffff;\n  min-width: 44px;\n  min-height: 44px;\n  line-height: 44px;\n  border-radius: 100px;\n  border-style: solid;\n  border-width: 0px;\n}\n.dt-icon-bg-on.shortcode-single-image-wrap.shortcode-single-image-1bab62fe07ae625acfa11dd1376b1a11 .rollover-icon {\n  background: rgba(255,255,255,0.3);\n  box-shadow: none;\n}\n<\/style><div class=\"shortcode-single-image-wrap shortcode-single-image-1bab62fe07ae625acfa11dd1376b1a11 alignnone  enable-bg-rollover dt-icon-bg-off\" style=\"margin-top:0px; margin-bottom:0px; margin-left:0px; margin-right:0px; width:1200px;\" data-pretty-share=\"facebook,twitter,pinterest,linkedin\"><div class=\"shortcode-single-image\"><div class=\"fancy-media-wrap  layzr-bg\" style=\"\"><img decoding=\"async\" class=\"preload-me lazy-load aspect\" src=\"data:image\/svg+xml,%3Csvg%20xmlns%3D&#39;http%3A%2F%2Fwww.w3.org%2F2000%2Fsvg&#39;%20viewBox%3D&#39;0%200%201200%20150&#39;%2F%3E\" data-src=\"https:\/\/officialeleutheraharbourisland.com\/wp-content\/uploads\/2022\/03\/banner.jpg\" data-srcset=\"https:\/\/officialeleutheraharbourisland.com\/wp-content\/uploads\/2022\/03\/banner.jpg 1200w\" loading=\"eager\" sizes=\"(max-width: 1200px) 100vw, 1200px\" width=\"1200\" height=\"150\"  data-dt-location=\"https:\/\/officialeleutheraharbourisland.com\/es\/about-bahamas\/attachment\/banner\/\" style=\"--ratio: 1200 \/ 150;\" alt=\"\" \/><\/div><\/div><\/div>[\/vc_column][\/vc_row]<\/p>\n<\/div>","protected":false},"excerpt":{"rendered":"<p>[vc_row css=\u00bb.vc_custom_1648471521500{padding-bottom: 50px !important;}\u00bb][vc_column][vc_column_text css=\u00bb.vc_custom_1664283543477{padding-bottom: 30px !important;}\u00bb]Official Eleuthera Harbour Island le ofrece m\u00e1s informaci\u00f3n sobre el impuesto de sellos de las Bahamas. Todas las transacciones de bienes ra\u00edces en Harbour Island y Eleuthera est\u00e1n sujetas al impuesto de Actos Jur\u00eddicos Documentados del Gobierno de las Bahamas, que es un impuesto de transferencia que grava todas&hellip;<\/p>\n","protected":false},"author":4,"featured_media":64799,"parent":70166,"menu_order":0,"comment_status":"closed","ping_status":"closed","template":"","meta":{"footnotes":""},"categories":[],"tags":[],"class_list":["post-70168","page","type-page","status-publish","has-post-thumbnail","hentry","description-off"],"yoast_head":"<!-- This site is optimized with the Yoast SEO Premium plugin v25.2 (Yoast SEO v27.4) - https:\/\/yoast.com\/product\/yoast-seo-premium-wordpress\/ -->\n<title>Impuesto de sellos en Bahamas - Transacciones inmobiliarias de Bahamas | Official Eleuthera Harbour Island<\/title>\n<meta name=\"robots\" content=\"index, follow, max-snippet:-1, max-image-preview:large, max-video-preview:-1\" \/>\n<link rel=\"canonical\" href=\"https:\/\/officialeleutheraharbourisland.com\/es\/bienes-raices\/requisitos-legales-para-comprar-una-propiedad-en-eleuthera\/impuesto-de-timbre-de-bahamas-transacciones-inmobiliarias-de-bahamas\/\" \/>\n<meta property=\"og:locale\" content=\"es_ES\" \/>\n<meta property=\"og:type\" content=\"article\" \/>\n<meta property=\"og:title\" content=\"Impuesto de sellos en Bahamas - Transacciones inmobiliarias de Bahamas\" \/>\n<meta property=\"og:description\" content=\"[vc_row css=\u00bb.vc_custom_1648471521500{padding-bottom: 50px !important;}\u00bb][vc_column][vc_column_text css=\u00bb.vc_custom_1664283543477{padding-bottom: 30px !important;}\u00bb]Official Eleuthera Harbour Island le ofrece m\u00e1s informaci\u00f3n sobre el impuesto de sellos de las Bahamas. Todas las transacciones de bienes ra\u00edces en Harbour Island y Eleuthera est\u00e1n sujetas al impuesto de Actos Jur\u00eddicos Documentados del Gobierno de las Bahamas, que es un impuesto de transferencia que grava todas&hellip;\" \/>\n<meta property=\"og:url\" content=\"https:\/\/officialeleutheraharbourisland.com\/es\/bienes-raices\/requisitos-legales-para-comprar-una-propiedad-en-eleuthera\/impuesto-de-timbre-de-bahamas-transacciones-inmobiliarias-de-bahamas\/\" \/>\n<meta property=\"og:site_name\" content=\"Official Eleuthera Harbour Island\" \/>\n<meta property=\"article:modified_time\" content=\"2022-10-14T16:26:03+00:00\" \/>\n<meta property=\"og:image\" content=\"https:\/\/officialeleutheraharbourisland.com\/wp-content\/uploads\/2022\/06\/legal-1.jpeg\" \/>\n\t<meta property=\"og:image:width\" content=\"848\" \/>\n\t<meta property=\"og:image:height\" content=\"482\" \/>\n\t<meta property=\"og:image:type\" content=\"image\/jpeg\" \/>\n<meta name=\"twitter:card\" content=\"summary_large_image\" \/>\n<meta name=\"twitter:label1\" content=\"Tiempo de lectura\" \/>\n\t<meta name=\"twitter:data1\" content=\"2 minutos\" \/>\n<script type=\"application\/ld+json\" class=\"yoast-schema-graph\">{\"@context\":\"https:\\\/\\\/schema.org\",\"@graph\":[{\"@type\":\"WebPage\",\"@id\":\"https:\\\/\\\/officialeleutheraharbourisland.com\\\/es\\\/bienes-raices\\\/requisitos-legales-para-comprar-una-propiedad-en-eleuthera\\\/impuesto-de-timbre-de-bahamas-transacciones-inmobiliarias-de-bahamas\\\/\",\"url\":\"https:\\\/\\\/officialeleutheraharbourisland.com\\\/es\\\/bienes-raices\\\/requisitos-legales-para-comprar-una-propiedad-en-eleuthera\\\/impuesto-de-timbre-de-bahamas-transacciones-inmobiliarias-de-bahamas\\\/\",\"name\":\"Impuesto de sellos en Bahamas - Transacciones inmobiliarias de Bahamas | Official Eleuthera Harbour Island\",\"isPartOf\":{\"@id\":\"https:\\\/\\\/officialeleutheraharbourisland.com\\\/#website\"},\"primaryImageOfPage\":{\"@id\":\"https:\\\/\\\/officialeleutheraharbourisland.com\\\/es\\\/bienes-raices\\\/requisitos-legales-para-comprar-una-propiedad-en-eleuthera\\\/impuesto-de-timbre-de-bahamas-transacciones-inmobiliarias-de-bahamas\\\/#primaryimage\"},\"image\":{\"@id\":\"https:\\\/\\\/officialeleutheraharbourisland.com\\\/es\\\/bienes-raices\\\/requisitos-legales-para-comprar-una-propiedad-en-eleuthera\\\/impuesto-de-timbre-de-bahamas-transacciones-inmobiliarias-de-bahamas\\\/#primaryimage\"},\"thumbnailUrl\":\"https:\\\/\\\/officialeleutheraharbourisland.com\\\/wp-content\\\/uploads\\\/2022\\\/06\\\/legal-1.jpeg\",\"datePublished\":\"2022-03-27T16:01:10+00:00\",\"dateModified\":\"2022-10-14T16:26:03+00:00\",\"breadcrumb\":{\"@id\":\"https:\\\/\\\/officialeleutheraharbourisland.com\\\/es\\\/bienes-raices\\\/requisitos-legales-para-comprar-una-propiedad-en-eleuthera\\\/impuesto-de-timbre-de-bahamas-transacciones-inmobiliarias-de-bahamas\\\/#breadcrumb\"},\"inLanguage\":\"es\",\"potentialAction\":[{\"@type\":\"ReadAction\",\"target\":[\"https:\\\/\\\/officialeleutheraharbourisland.com\\\/es\\\/bienes-raices\\\/requisitos-legales-para-comprar-una-propiedad-en-eleuthera\\\/impuesto-de-timbre-de-bahamas-transacciones-inmobiliarias-de-bahamas\\\/\"]}]},{\"@type\":\"ImageObject\",\"inLanguage\":\"es\",\"@id\":\"https:\\\/\\\/officialeleutheraharbourisland.com\\\/es\\\/bienes-raices\\\/requisitos-legales-para-comprar-una-propiedad-en-eleuthera\\\/impuesto-de-timbre-de-bahamas-transacciones-inmobiliarias-de-bahamas\\\/#primaryimage\",\"url\":\"https:\\\/\\\/officialeleutheraharbourisland.com\\\/wp-content\\\/uploads\\\/2022\\\/06\\\/legal-1.jpeg\",\"contentUrl\":\"https:\\\/\\\/officialeleutheraharbourisland.com\\\/wp-content\\\/uploads\\\/2022\\\/06\\\/legal-1.jpeg\",\"width\":848,\"height\":482},{\"@type\":\"BreadcrumbList\",\"@id\":\"https:\\\/\\\/officialeleutheraharbourisland.com\\\/es\\\/bienes-raices\\\/requisitos-legales-para-comprar-una-propiedad-en-eleuthera\\\/impuesto-de-timbre-de-bahamas-transacciones-inmobiliarias-de-bahamas\\\/#breadcrumb\",\"itemListElement\":[{\"@type\":\"ListItem\",\"position\":1,\"name\":\"Home\",\"item\":\"https:\\\/\\\/officialeleutheraharbourisland.com\\\/es\\\/\"},{\"@type\":\"ListItem\",\"position\":2,\"name\":\"BIENES RA\u00cdCES\",\"item\":\"https:\\\/\\\/officialeleutheraharbourisland.com\\\/es\\\/bienes-raices\\\/\"},{\"@type\":\"ListItem\",\"position\":3,\"name\":\"Requisitos legales para comprar una propiedad en Eleuthera\",\"item\":\"https:\\\/\\\/officialeleutheraharbourisland.com\\\/es\\\/bienes-raices\\\/requisitos-legales-para-comprar-una-propiedad-en-eleuthera\\\/\"},{\"@type\":\"ListItem\",\"position\":4,\"name\":\"Impuesto de sellos en Bahamas &#8211; Transacciones inmobiliarias de Bahamas\"}]},{\"@type\":\"WebSite\",\"@id\":\"https:\\\/\\\/officialeleutheraharbourisland.com\\\/#website\",\"url\":\"https:\\\/\\\/officialeleutheraharbourisland.com\\\/\",\"name\":\"Official Eleuthera Harbour Island\",\"description\":\"Where Beauty &amp; Nature Meet\",\"publisher\":{\"@id\":\"https:\\\/\\\/officialeleutheraharbourisland.com\\\/#organization\"},\"potentialAction\":[{\"@type\":\"SearchAction\",\"target\":{\"@type\":\"EntryPoint\",\"urlTemplate\":\"https:\\\/\\\/officialeleutheraharbourisland.com\\\/?s={search_term_string}\"},\"query-input\":{\"@type\":\"PropertyValueSpecification\",\"valueRequired\":true,\"valueName\":\"search_term_string\"}}],\"inLanguage\":\"es\"},{\"@type\":\"Organization\",\"@id\":\"https:\\\/\\\/officialeleutheraharbourisland.com\\\/#organization\",\"name\":\"Official Eleuthera Harbour Island\",\"url\":\"https:\\\/\\\/officialeleutheraharbourisland.com\\\/\",\"logo\":{\"@type\":\"ImageObject\",\"inLanguage\":\"es\",\"@id\":\"https:\\\/\\\/officialeleutheraharbourisland.com\\\/#\\\/schema\\\/logo\\\/image\\\/\",\"url\":\"https:\\\/\\\/officialeleutheraharbourisland.com\\\/wp-content\\\/uploads\\\/2022\\\/03\\\/logo-new-GREY-275.png\",\"contentUrl\":\"https:\\\/\\\/officialeleutheraharbourisland.com\\\/wp-content\\\/uploads\\\/2022\\\/03\\\/logo-new-GREY-275.png\",\"width\":275,\"height\":22,\"caption\":\"Official Eleuthera Harbour Island\"},\"image\":{\"@id\":\"https:\\\/\\\/officialeleutheraharbourisland.com\\\/#\\\/schema\\\/logo\\\/image\\\/\"}}]}<\/script>\n<!-- \/ Yoast SEO Premium plugin. -->","yoast_head_json":{"title":"Impuesto de sellos en Bahamas - Transacciones inmobiliarias de Bahamas | Official Eleuthera Harbour Island","robots":{"index":"index","follow":"follow","max-snippet":"max-snippet:-1","max-image-preview":"max-image-preview:large","max-video-preview":"max-video-preview:-1"},"canonical":"https:\/\/officialeleutheraharbourisland.com\/es\/bienes-raices\/requisitos-legales-para-comprar-una-propiedad-en-eleuthera\/impuesto-de-timbre-de-bahamas-transacciones-inmobiliarias-de-bahamas\/","og_locale":"es_ES","og_type":"article","og_title":"Impuesto de sellos en Bahamas - Transacciones inmobiliarias de Bahamas","og_description":"[vc_row css=\u00bb.vc_custom_1648471521500{padding-bottom: 50px !important;}\u00bb][vc_column][vc_column_text css=\u00bb.vc_custom_1664283543477{padding-bottom: 30px !important;}\u00bb]Official Eleuthera Harbour Island le ofrece m\u00e1s informaci\u00f3n sobre el impuesto de sellos de las Bahamas. Todas las transacciones de bienes ra\u00edces en Harbour Island y Eleuthera est\u00e1n sujetas al impuesto de Actos Jur\u00eddicos Documentados del Gobierno de las Bahamas, que es un impuesto de transferencia que grava todas&hellip;","og_url":"https:\/\/officialeleutheraharbourisland.com\/es\/bienes-raices\/requisitos-legales-para-comprar-una-propiedad-en-eleuthera\/impuesto-de-timbre-de-bahamas-transacciones-inmobiliarias-de-bahamas\/","og_site_name":"Official Eleuthera Harbour Island","article_modified_time":"2022-10-14T16:26:03+00:00","og_image":[{"width":848,"height":482,"url":"https:\/\/officialeleutheraharbourisland.com\/wp-content\/uploads\/2022\/06\/legal-1.jpeg","type":"image\/jpeg"}],"twitter_card":"summary_large_image","twitter_misc":{"Tiempo de lectura":"2 minutos"},"schema":{"@context":"https:\/\/schema.org","@graph":[{"@type":"WebPage","@id":"https:\/\/officialeleutheraharbourisland.com\/es\/bienes-raices\/requisitos-legales-para-comprar-una-propiedad-en-eleuthera\/impuesto-de-timbre-de-bahamas-transacciones-inmobiliarias-de-bahamas\/","url":"https:\/\/officialeleutheraharbourisland.com\/es\/bienes-raices\/requisitos-legales-para-comprar-una-propiedad-en-eleuthera\/impuesto-de-timbre-de-bahamas-transacciones-inmobiliarias-de-bahamas\/","name":"Impuesto de sellos en Bahamas - Transacciones inmobiliarias de Bahamas | Official Eleuthera Harbour Island","isPartOf":{"@id":"https:\/\/officialeleutheraharbourisland.com\/#website"},"primaryImageOfPage":{"@id":"https:\/\/officialeleutheraharbourisland.com\/es\/bienes-raices\/requisitos-legales-para-comprar-una-propiedad-en-eleuthera\/impuesto-de-timbre-de-bahamas-transacciones-inmobiliarias-de-bahamas\/#primaryimage"},"image":{"@id":"https:\/\/officialeleutheraharbourisland.com\/es\/bienes-raices\/requisitos-legales-para-comprar-una-propiedad-en-eleuthera\/impuesto-de-timbre-de-bahamas-transacciones-inmobiliarias-de-bahamas\/#primaryimage"},"thumbnailUrl":"https:\/\/officialeleutheraharbourisland.com\/wp-content\/uploads\/2022\/06\/legal-1.jpeg","datePublished":"2022-03-27T16:01:10+00:00","dateModified":"2022-10-14T16:26:03+00:00","breadcrumb":{"@id":"https:\/\/officialeleutheraharbourisland.com\/es\/bienes-raices\/requisitos-legales-para-comprar-una-propiedad-en-eleuthera\/impuesto-de-timbre-de-bahamas-transacciones-inmobiliarias-de-bahamas\/#breadcrumb"},"inLanguage":"es","potentialAction":[{"@type":"ReadAction","target":["https:\/\/officialeleutheraharbourisland.com\/es\/bienes-raices\/requisitos-legales-para-comprar-una-propiedad-en-eleuthera\/impuesto-de-timbre-de-bahamas-transacciones-inmobiliarias-de-bahamas\/"]}]},{"@type":"ImageObject","inLanguage":"es","@id":"https:\/\/officialeleutheraharbourisland.com\/es\/bienes-raices\/requisitos-legales-para-comprar-una-propiedad-en-eleuthera\/impuesto-de-timbre-de-bahamas-transacciones-inmobiliarias-de-bahamas\/#primaryimage","url":"https:\/\/officialeleutheraharbourisland.com\/wp-content\/uploads\/2022\/06\/legal-1.jpeg","contentUrl":"https:\/\/officialeleutheraharbourisland.com\/wp-content\/uploads\/2022\/06\/legal-1.jpeg","width":848,"height":482},{"@type":"BreadcrumbList","@id":"https:\/\/officialeleutheraharbourisland.com\/es\/bienes-raices\/requisitos-legales-para-comprar-una-propiedad-en-eleuthera\/impuesto-de-timbre-de-bahamas-transacciones-inmobiliarias-de-bahamas\/#breadcrumb","itemListElement":[{"@type":"ListItem","position":1,"name":"Home","item":"https:\/\/officialeleutheraharbourisland.com\/es\/"},{"@type":"ListItem","position":2,"name":"BIENES RA\u00cdCES","item":"https:\/\/officialeleutheraharbourisland.com\/es\/bienes-raices\/"},{"@type":"ListItem","position":3,"name":"Requisitos legales para comprar una propiedad en Eleuthera","item":"https:\/\/officialeleutheraharbourisland.com\/es\/bienes-raices\/requisitos-legales-para-comprar-una-propiedad-en-eleuthera\/"},{"@type":"ListItem","position":4,"name":"Impuesto de sellos en Bahamas &#8211; Transacciones inmobiliarias de Bahamas"}]},{"@type":"WebSite","@id":"https:\/\/officialeleutheraharbourisland.com\/#website","url":"https:\/\/officialeleutheraharbourisland.com\/","name":"Official Eleuthera Harbour Island","description":"Where Beauty &amp; Nature Meet","publisher":{"@id":"https:\/\/officialeleutheraharbourisland.com\/#organization"},"potentialAction":[{"@type":"SearchAction","target":{"@type":"EntryPoint","urlTemplate":"https:\/\/officialeleutheraharbourisland.com\/?s={search_term_string}"},"query-input":{"@type":"PropertyValueSpecification","valueRequired":true,"valueName":"search_term_string"}}],"inLanguage":"es"},{"@type":"Organization","@id":"https:\/\/officialeleutheraharbourisland.com\/#organization","name":"Official Eleuthera Harbour Island","url":"https:\/\/officialeleutheraharbourisland.com\/","logo":{"@type":"ImageObject","inLanguage":"es","@id":"https:\/\/officialeleutheraharbourisland.com\/#\/schema\/logo\/image\/","url":"https:\/\/officialeleutheraharbourisland.com\/wp-content\/uploads\/2022\/03\/logo-new-GREY-275.png","contentUrl":"https:\/\/officialeleutheraharbourisland.com\/wp-content\/uploads\/2022\/03\/logo-new-GREY-275.png","width":275,"height":22,"caption":"Official Eleuthera Harbour Island"},"image":{"@id":"https:\/\/officialeleutheraharbourisland.com\/#\/schema\/logo\/image\/"}}]}},"jetpack_sharing_enabled":true,"_links":{"self":[{"href":"https:\/\/officialeleutheraharbourisland.com\/es\/wp-json\/wp\/v2\/pages\/70168","targetHints":{"allow":["GET"]}}],"collection":[{"href":"https:\/\/officialeleutheraharbourisland.com\/es\/wp-json\/wp\/v2\/pages"}],"about":[{"href":"https:\/\/officialeleutheraharbourisland.com\/es\/wp-json\/wp\/v2\/types\/page"}],"author":[{"embeddable":true,"href":"https:\/\/officialeleutheraharbourisland.com\/es\/wp-json\/wp\/v2\/users\/4"}],"replies":[{"embeddable":true,"href":"https:\/\/officialeleutheraharbourisland.com\/es\/wp-json\/wp\/v2\/comments?post=70168"}],"version-history":[{"count":9,"href":"https:\/\/officialeleutheraharbourisland.com\/es\/wp-json\/wp\/v2\/pages\/70168\/revisions"}],"predecessor-version":[{"id":70186,"href":"https:\/\/officialeleutheraharbourisland.com\/es\/wp-json\/wp\/v2\/pages\/70168\/revisions\/70186"}],"up":[{"embeddable":true,"href":"https:\/\/officialeleutheraharbourisland.com\/es\/wp-json\/wp\/v2\/pages\/70166"}],"wp:featuredmedia":[{"embeddable":true,"href":"https:\/\/officialeleutheraharbourisland.com\/es\/wp-json\/wp\/v2\/media\/64799"}],"wp:attachment":[{"href":"https:\/\/officialeleutheraharbourisland.com\/es\/wp-json\/wp\/v2\/media?parent=70168"}],"wp:term":[{"taxonomy":"category","embeddable":true,"href":"https:\/\/officialeleutheraharbourisland.com\/es\/wp-json\/wp\/v2\/categories?post=70168"},{"taxonomy":"post_tag","embeddable":true,"href":"https:\/\/officialeleutheraharbourisland.com\/es\/wp-json\/wp\/v2\/tags?post=70168"}],"curies":[{"name":"wp","href":"https:\/\/api.w.org\/{rel}","templated":true}]}}