{"id":70171,"date":"2022-03-27T16:01:10","date_gmt":"2022-03-27T16:01:10","guid":{"rendered":"https:\/\/officialeleutheraharbourisland.com\/bienes-raices\/requisitos-legales-para-comprar-una-propiedad-en-eleuthera\/certificado-de-registro\/"},"modified":"2022-10-14T16:25:59","modified_gmt":"2022-10-14T16:25:59","slug":"certificado-de-registro","status":"publish","type":"page","link":"https:\/\/officialeleutheraharbourisland.com\/es\/bienes-raices\/requisitos-legales-para-comprar-una-propiedad-en-eleuthera\/certificado-de-registro\/","title":{"rendered":"Certificado de registro"},"content":{"rendered":"<div class=\"wpb-content-wrapper\"><p>[vc_row css=\u00bb.vc_custom_1648471521500{padding-bottom: 50px !important;}\u00bb][vc_column]<div id=\"ultimate-heading-715669debdc5db3f1\" class=\"uvc-heading ult-adjust-bottom-margin ultimate-heading-715669debdc5db3f1 uvc-3972 \" data-hspacer=\"no_spacer\"  data-halign=\"center\" style=\"text-align:center\"><div class=\"uvc-heading-spacer no_spacer\" style=\"top\"><\/div><div class=\"uvc-main-heading ult-responsive\"  data-ultimate-target='.uvc-heading.ultimate-heading-715669debdc5db3f1 h2'  data-responsive-json-new='{\"font-size\":\"\",\"line-height\":\"\"}' ><h2 style=\"font-weight:700;\">Certificado de registro<\/h2><\/div><div class=\"uvc-sub-heading ult-responsive\"  data-ultimate-target='.uvc-heading.ultimate-heading-715669debdc5db3f1 .uvc-sub-heading '  data-responsive-json-new='{\"font-size\":\"\",\"line-height\":\"\"}'  style=\"font-weight:normal;margin-top:5px;margin-bottom:35px;\">BIENES RA\u00cdCES &#8211; REQUISITOS LEGALES PARA COMPRAR UNA PROPIEDAD EN LAS BAHAMAS<\/div><\/div>[vc_empty_space][vc_column_text]<span style=\"font-weight: 400;\">Un no bahame\u00f1o interesado en comprar bienes ra\u00edces debe presentar su solicitud al Secretario de la Junta de Inversiones para registrar la compra de la propiedad. El Certificado de registro permite a los no bahame\u00f1os registrar su compra en las Bahamas sin necesidad de la aprobaci\u00f3n previa de adquisici\u00f3n por parte del Gobierno de las Bahamas.<\/span><\/p>\n<p>&nbsp;<\/p>\n<p><strong>Qui\u00e9n necesita solicitar el Certificado de Registro<\/strong><\/p>\n<ul>\n<li style=\"font-weight: 400;\" aria-level=\"1\">Un no bahame\u00f1o que adquiera el contrato de arrendamiento debe tener m\u00e1s de 21 a\u00f1os.<\/li>\n<li style=\"font-weight: 400;\" aria-level=\"1\">Residente permanente de las Bahamas<\/li>\n<li style=\"font-weight: 400;\" aria-level=\"1\">Un no bahame\u00f1o que hereda la propiedad<\/li>\n<li style=\"font-weight: 400;\" aria-level=\"1\">Un no bahame\u00f1o que es acreedor hipotecario o lo recibe a trav\u00e9s de una orden judicial<\/li>\n<\/ul>\n<p>&nbsp;<\/p>\n<p><strong>Certificado de Proceso de Registro<\/strong><\/p>\n<ul>\n<li style=\"font-weight: 400;\" aria-level=\"1\">Formulario completo 1<\/li>\n<li style=\"font-weight: 400;\" aria-level=\"1\">El solicitante del Certificado deber\u00e1 abonar la tasa de solicitud a la Hacienda P\u00fablica<\/li>\n<li style=\"font-weight: 400;\" aria-level=\"1\">Se debe adjuntar copia del recibo de pago al Certificado del formulario de Inscripci\u00f3n<\/li>\n<li style=\"font-weight: 400;\" aria-level=\"1\">El formulario debe presentarse al Secretario de la Junta de Inversiones junto con la lista de documentos requeridos.<\/li>\n<li style=\"font-weight: 400;\" aria-level=\"1\">La solicitud ser\u00e1 procesada y el solicitante ser\u00e1 informado una vez que el Certificado est\u00e9 listo para su recolecci\u00f3n.<\/li>\n<\/ul>\n<p>&nbsp;<\/p>\n<p><strong>Documentos de respaldo<\/strong><\/p>\n<ul>\n<li style=\"font-weight: 400;\" aria-level=\"1\">Copia de Identificaci\u00f3n Nacional con Fotograf\u00eda, por ejemplo, pasaporte, licencia de conducir, etc.<\/li>\n<li style=\"font-weight: 400;\" aria-level=\"1\">Confirmaci\u00f3n por escrito de que se complet\u00f3 la diligencia debida para cumplir con los requisitos de \u00abConozca a su cliente\u00bb (KYC), de acuerdo con la Ley de informes de transacciones financieras de 2000. Y una copia del formulario KYC completo.<\/li>\n<li style=\"font-weight: 400;\" aria-level=\"1\">\u00daltimo registro policial o certificado de su pa\u00eds de residencia actual<\/li>\n<li style=\"font-weight: 400;\" aria-level=\"1\">Referencia de car\u00e1cter actual<\/li>\n<li style=\"font-weight: 400;\" aria-level=\"1\">Copia del plano del sitio y el tama\u00f1o del terreno que se adquiere\/compra<\/li>\n<li style=\"font-weight: 400;\" aria-level=\"1\">Estado migratorio actual de Bahamas<\/li>\n<li style=\"font-weight: 400;\" aria-level=\"1\">Su N\u00famero de Seguro Social o su N\u00famero de Identificaci\u00f3n Nacional<\/li>\n<li style=\"font-weight: 400;\" aria-level=\"1\">Su n\u00famero de evaluaci\u00f3n de impuestos sobre bienes inmuebles<\/li>\n<li style=\"font-weight: 400;\" aria-level=\"1\">Evidencia de pago al corriente del Impuesto sobre Bienes Inmuebles<\/li>\n<li style=\"font-weight: 400;\" aria-level=\"1\">Su referencia financiera actual<\/li>\n<li style=\"font-weight: 400;\" aria-level=\"1\">Tu fuente de ingresos<\/li>\n<li style=\"font-weight: 400;\" aria-level=\"1\">Copia completa que acredite que se pag\u00f3 el impuesto de sellos<\/li>\n<li style=\"font-weight: 400;\" aria-level=\"1\">Copia del recibo de la tasa de solicitud<\/li>\n<\/ul>\n<p>&nbsp;<\/p>\n<p><strong>Tiempo de procesamiento<\/strong><\/p>\n<p><span style=\"font-weight: 400;\">El Certificado de Registro tardar\u00e1 30 d\u00edas a partir de la fecha de presentaci\u00f3n del documento.<\/span><\/p>\n<p>&nbsp;<\/p>\n<p><strong>M\u00e1s informaci\u00f3n<\/strong><\/p>\n<p><span style=\"font-weight: 400;\">Para obtener m\u00e1s informaci\u00f3n, visite el sitio web oficial del Gobierno de las Bahamas: <\/span><a href=\"https:\/\/www.bahamas.gov.bs\/wps\/portal\/public\/gov\/government\/services\/!ut\/p\/b1\/vZbJkqM4EIafpR6gColVHNnMVohFGAMXwgvGNpuxAWOevpmYuvTMdPWlx8qTFCl9mb8ypKRSKqbSZjuei21_bptt9dc85TMG6I4kscjROcADc-19Sp5g0AhDakPFRsLIausUmhZkKUG5cgjO08bJ_GeGlXM_JKym4KE5VjNJUyyUxjoZ9jf9dL3dPofIHQcV3lUrUoSAMHOrbdl4JbXH6UT4KBySNarohMs12UyFRFi1diLljMA5dpSwCuuTBJnuJrFxPu5WyPLCshMcnG3i9ClUe3hrip2swXqFr1cLzUU-6MP2YsZ-B4VKyebRQxJ8KKCV3t6WZJMlWfCLIYGftXDpUAQmVCBvrzlgE-Zr_zcOv9Uy_R4Bvxy-CTFZHIRfnkDTVEjFgM3I5Xk153IOLnPg4E_t4czuBDXwxGEY4HBlhwcLY3VNwxJiJzTpUI3MULsu6zvvEAVrWZK9at8n3wMJx70WaNPMi4Em-2og_2rgq-9wKeMXA-lXA-EfB1pUet7VH499_QE-IIAshIClAYMEkROo6JKASb2bD1WLPJYzts50F-TH6VBityadX_aVpT4H2rILQRIt4R3JiD9q_jz6piwe-IZzBkAkjScdK5RqmhZRQvct0ltt0502LdswZuJ20pnOXEbiYzm6O49mKlpSNGzM-8ZI353dEm_daPnRq_erIdbT_SGlc7OCa8ZvdkfuuBNFKbwefZy8Udho6_yfMuphBBYZgRQQ6AMU_Feh2M5F9sjFn-GiWq-qMV6XEzno0NHABEow4ZsCHG1aZNUm0odfMkqcOXfwN88Z4P5voM65aPkVhNCTOBoAhXkxkPx5SX-qTAZBkRYB4DmehyKLqOgzYbCyVItq4uMUMiw9npH1XtF61HR9u0NzbMTiAOKpVAr1UZZYaIS0SkeiXYx9Mj9J7bRKXjlOmJddHen1DXLDs72cUhvfhcZQATdr0OyemXs0QcXMh9maHmcsEld-52Qaka7vOStGK5lR035UtVg-ZfshXE_26WZL9zbzm-dwiwk_PDJpVRtxK_lLu3CtR_uTDxD8lzGnG_e3FUtf8QOdPLXB\/dl4\/d5\/L2dBISEvZ0FBIS9nQSEh\/\"><span style=\"font-weight: 400;\">The Government of The Bahamas<\/span><\/a>[\/vc_column_text][\/vc_column][\/vc_row][vc_row css=\u00bb.vc_custom_1648471536391{padding-bottom: 50px !important;}\u00bb][vc_column]<style type=\"text\/css\" data-type=\"the7_shortcodes-inline-css\">.shortcode-single-image-wrap.shortcode-single-image-d740f18800d6dbf00893e2abee775899.enable-bg-rollover .rollover i,\n.shortcode-single-image-wrap.shortcode-single-image-d740f18800d6dbf00893e2abee775899.enable-bg-rollover .rollover-video i {\n  background: -webkit-linear-gradient();\n  background: linear-gradient();\n}\n.shortcode-single-image-wrap.shortcode-single-image-d740f18800d6dbf00893e2abee775899 .rollover-icon {\n  font-size: 32px;\n  color: #ffffff;\n  min-width: 44px;\n  min-height: 44px;\n  line-height: 44px;\n  border-radius: 100px;\n  border-style: solid;\n  border-width: 0px;\n}\n.dt-icon-bg-on.shortcode-single-image-wrap.shortcode-single-image-d740f18800d6dbf00893e2abee775899 .rollover-icon {\n  background: rgba(255,255,255,0.3);\n  box-shadow: none;\n}\n<\/style><div class=\"shortcode-single-image-wrap shortcode-single-image-d740f18800d6dbf00893e2abee775899 alignnone  enable-bg-rollover dt-icon-bg-off\" style=\"margin-top:0px; margin-bottom:0px; margin-left:0px; margin-right:0px;\" data-pretty-share=\"facebook,twitter,pinterest,linkedin\"><div class=\"shortcode-single-image\"><div class=\"fancy-media-wrap  layzr-bg\" style=\"\"><img fetchpriority=\"high\" decoding=\"async\" class=\"preload-me lazy-load aspect\" src=\"data:image\/svg+xml,%3Csvg%20xmlns%3D&#39;http%3A%2F%2Fwww.w3.org%2F2000%2Fsvg&#39;%20viewBox%3D&#39;0%200%202560%201922&#39;%2F%3E\" data-src=\"https:\/\/officialeleutheraharbourisland.com\/wp-content\/uploads\/2022\/06\/permiy.jpeg\" data-srcset=\"https:\/\/officialeleutheraharbourisland.com\/wp-content\/uploads\/2022\/06\/permiy.jpeg 2560w\" loading=\"eager\" sizes=\"(max-width: 1200px) 100vw, 1200px\" width=\"2560\" height=\"1922\"  data-dt-location=\"https:\/\/officialeleutheraharbourisland.com\/es\/real-estate\/legal-requirements-to-buy-a-property-in-eleuthera\/permit-to-acquire-a-property\/attachment\/permiy\/\" style=\"--ratio: 2560 \/ 1922;\" alt=\"Permit to acquire a property\" \/><\/div><\/div><\/div>[\/vc_column][\/vc_row][vc_row][vc_column]<style type=\"text\/css\" data-type=\"the7_shortcodes-inline-css\">.shortcode-single-image-wrap.shortcode-single-image-1bab62fe07ae625acfa11dd1376b1a11.enable-bg-rollover .rollover i,\n.shortcode-single-image-wrap.shortcode-single-image-1bab62fe07ae625acfa11dd1376b1a11.enable-bg-rollover .rollover-video i {\n  background: -webkit-linear-gradient();\n  background: linear-gradient();\n}\n.shortcode-single-image-wrap.shortcode-single-image-1bab62fe07ae625acfa11dd1376b1a11 .rollover-icon {\n  font-size: 32px;\n  color: #ffffff;\n  min-width: 44px;\n  min-height: 44px;\n  line-height: 44px;\n  border-radius: 100px;\n  border-style: solid;\n  border-width: 0px;\n}\n.dt-icon-bg-on.shortcode-single-image-wrap.shortcode-single-image-1bab62fe07ae625acfa11dd1376b1a11 .rollover-icon {\n  background: rgba(255,255,255,0.3);\n  box-shadow: none;\n}\n<\/style><div class=\"shortcode-single-image-wrap shortcode-single-image-1bab62fe07ae625acfa11dd1376b1a11 alignnone  enable-bg-rollover dt-icon-bg-off\" style=\"margin-top:0px; margin-bottom:0px; margin-left:0px; margin-right:0px; width:1200px;\" data-pretty-share=\"facebook,twitter,pinterest,linkedin\"><div class=\"shortcode-single-image\"><div class=\"fancy-media-wrap  layzr-bg\" style=\"\"><img decoding=\"async\" class=\"preload-me lazy-load aspect\" src=\"data:image\/svg+xml,%3Csvg%20xmlns%3D&#39;http%3A%2F%2Fwww.w3.org%2F2000%2Fsvg&#39;%20viewBox%3D&#39;0%200%201200%20150&#39;%2F%3E\" data-src=\"https:\/\/officialeleutheraharbourisland.com\/wp-content\/uploads\/2022\/03\/banner.jpg\" data-srcset=\"https:\/\/officialeleutheraharbourisland.com\/wp-content\/uploads\/2022\/03\/banner.jpg 1200w\" loading=\"eager\" sizes=\"(max-width: 1200px) 100vw, 1200px\" width=\"1200\" height=\"150\"  data-dt-location=\"https:\/\/officialeleutheraharbourisland.com\/es\/about-bahamas\/attachment\/banner\/\" style=\"--ratio: 1200 \/ 150;\" alt=\"\" \/><\/div><\/div><\/div>[\/vc_column][\/vc_row]<\/p>\n<\/div>","protected":false},"excerpt":{"rendered":"<p>[vc_row css=\u00bb.vc_custom_1648471521500{padding-bottom: 50px !important;}\u00bb][vc_column][vc_empty_space][vc_column_text]Un no bahame\u00f1o interesado en comprar bienes ra\u00edces debe presentar su solicitud al Secretario de la Junta de Inversiones para registrar la compra de la propiedad. El Certificado de registro permite a los no bahame\u00f1os registrar su compra en las Bahamas sin necesidad de la aprobaci\u00f3n previa de adquisici\u00f3n por parte del&hellip;<\/p>\n","protected":false},"author":4,"featured_media":64803,"parent":70166,"menu_order":0,"comment_status":"closed","ping_status":"closed","template":"","meta":{"footnotes":""},"categories":[],"tags":[],"class_list":["post-70171","page","type-page","status-publish","has-post-thumbnail","hentry","description-off"],"yoast_head":"<!-- This site is optimized with the Yoast SEO Premium plugin v25.2 (Yoast SEO v27.4) - https:\/\/yoast.com\/product\/yoast-seo-premium-wordpress\/ -->\n<title>Certificado de registro | Official Eleuthera Harbour Island<\/title>\n<meta name=\"robots\" content=\"index, follow, max-snippet:-1, max-image-preview:large, max-video-preview:-1\" \/>\n<link rel=\"canonical\" href=\"https:\/\/officialeleutheraharbourisland.com\/es\/bienes-raices\/requisitos-legales-para-comprar-una-propiedad-en-eleuthera\/certificado-de-registro\/\" \/>\n<meta property=\"og:locale\" content=\"es_ES\" \/>\n<meta property=\"og:type\" content=\"article\" \/>\n<meta property=\"og:title\" content=\"Certificado de registro\" \/>\n<meta property=\"og:description\" content=\"[vc_row css=\u00bb.vc_custom_1648471521500{padding-bottom: 50px !important;}\u00bb][vc_column][vc_empty_space][vc_column_text]Un no bahame\u00f1o interesado en comprar bienes ra\u00edces debe presentar su solicitud al Secretario de la Junta de Inversiones para registrar la compra de la propiedad. El Certificado de registro permite a los no bahame\u00f1os registrar su compra en las Bahamas sin necesidad de la aprobaci\u00f3n previa de adquisici\u00f3n por parte del&hellip;\" \/>\n<meta property=\"og:url\" content=\"https:\/\/officialeleutheraharbourisland.com\/es\/bienes-raices\/requisitos-legales-para-comprar-una-propiedad-en-eleuthera\/certificado-de-registro\/\" \/>\n<meta property=\"og:site_name\" content=\"Official Eleuthera Harbour Island\" \/>\n<meta property=\"article:modified_time\" content=\"2022-10-14T16:25:59+00:00\" \/>\n<meta property=\"og:image\" content=\"https:\/\/officialeleutheraharbourisland.com\/wp-content\/uploads\/2022\/06\/business-g0c919380c_1920.jpg\" \/>\n\t<meta property=\"og:image:width\" content=\"1920\" \/>\n\t<meta property=\"og:image:height\" content=\"1440\" \/>\n\t<meta property=\"og:image:type\" content=\"image\/jpeg\" \/>\n<meta name=\"twitter:card\" content=\"summary_large_image\" \/>\n<meta name=\"twitter:label1\" content=\"Tiempo de lectura\" \/>\n\t<meta name=\"twitter:data1\" content=\"2 minutos\" \/>\n<script type=\"application\/ld+json\" class=\"yoast-schema-graph\">{\"@context\":\"https:\\\/\\\/schema.org\",\"@graph\":[{\"@type\":\"WebPage\",\"@id\":\"https:\\\/\\\/officialeleutheraharbourisland.com\\\/es\\\/bienes-raices\\\/requisitos-legales-para-comprar-una-propiedad-en-eleuthera\\\/certificado-de-registro\\\/\",\"url\":\"https:\\\/\\\/officialeleutheraharbourisland.com\\\/es\\\/bienes-raices\\\/requisitos-legales-para-comprar-una-propiedad-en-eleuthera\\\/certificado-de-registro\\\/\",\"name\":\"Certificado de registro | Official Eleuthera Harbour Island\",\"isPartOf\":{\"@id\":\"https:\\\/\\\/officialeleutheraharbourisland.com\\\/#website\"},\"primaryImageOfPage\":{\"@id\":\"https:\\\/\\\/officialeleutheraharbourisland.com\\\/es\\\/bienes-raices\\\/requisitos-legales-para-comprar-una-propiedad-en-eleuthera\\\/certificado-de-registro\\\/#primaryimage\"},\"image\":{\"@id\":\"https:\\\/\\\/officialeleutheraharbourisland.com\\\/es\\\/bienes-raices\\\/requisitos-legales-para-comprar-una-propiedad-en-eleuthera\\\/certificado-de-registro\\\/#primaryimage\"},\"thumbnailUrl\":\"https:\\\/\\\/officialeleutheraharbourisland.com\\\/wp-content\\\/uploads\\\/2022\\\/06\\\/business-g0c919380c_1920.jpg\",\"datePublished\":\"2022-03-27T16:01:10+00:00\",\"dateModified\":\"2022-10-14T16:25:59+00:00\",\"breadcrumb\":{\"@id\":\"https:\\\/\\\/officialeleutheraharbourisland.com\\\/es\\\/bienes-raices\\\/requisitos-legales-para-comprar-una-propiedad-en-eleuthera\\\/certificado-de-registro\\\/#breadcrumb\"},\"inLanguage\":\"es\",\"potentialAction\":[{\"@type\":\"ReadAction\",\"target\":[\"https:\\\/\\\/officialeleutheraharbourisland.com\\\/es\\\/bienes-raices\\\/requisitos-legales-para-comprar-una-propiedad-en-eleuthera\\\/certificado-de-registro\\\/\"]}]},{\"@type\":\"ImageObject\",\"inLanguage\":\"es\",\"@id\":\"https:\\\/\\\/officialeleutheraharbourisland.com\\\/es\\\/bienes-raices\\\/requisitos-legales-para-comprar-una-propiedad-en-eleuthera\\\/certificado-de-registro\\\/#primaryimage\",\"url\":\"https:\\\/\\\/officialeleutheraharbourisland.com\\\/wp-content\\\/uploads\\\/2022\\\/06\\\/business-g0c919380c_1920.jpg\",\"contentUrl\":\"https:\\\/\\\/officialeleutheraharbourisland.com\\\/wp-content\\\/uploads\\\/2022\\\/06\\\/business-g0c919380c_1920.jpg\",\"width\":1920,\"height\":1440},{\"@type\":\"BreadcrumbList\",\"@id\":\"https:\\\/\\\/officialeleutheraharbourisland.com\\\/es\\\/bienes-raices\\\/requisitos-legales-para-comprar-una-propiedad-en-eleuthera\\\/certificado-de-registro\\\/#breadcrumb\",\"itemListElement\":[{\"@type\":\"ListItem\",\"position\":1,\"name\":\"Home\",\"item\":\"https:\\\/\\\/officialeleutheraharbourisland.com\\\/es\\\/\"},{\"@type\":\"ListItem\",\"position\":2,\"name\":\"BIENES RA\u00cdCES\",\"item\":\"https:\\\/\\\/officialeleutheraharbourisland.com\\\/es\\\/bienes-raices\\\/\"},{\"@type\":\"ListItem\",\"position\":3,\"name\":\"Requisitos legales para comprar una propiedad en Eleuthera\",\"item\":\"https:\\\/\\\/officialeleutheraharbourisland.com\\\/es\\\/bienes-raices\\\/requisitos-legales-para-comprar-una-propiedad-en-eleuthera\\\/\"},{\"@type\":\"ListItem\",\"position\":4,\"name\":\"Certificado de registro\"}]},{\"@type\":\"WebSite\",\"@id\":\"https:\\\/\\\/officialeleutheraharbourisland.com\\\/#website\",\"url\":\"https:\\\/\\\/officialeleutheraharbourisland.com\\\/\",\"name\":\"Official Eleuthera Harbour Island\",\"description\":\"Where Beauty &amp; Nature Meet\",\"publisher\":{\"@id\":\"https:\\\/\\\/officialeleutheraharbourisland.com\\\/#organization\"},\"potentialAction\":[{\"@type\":\"SearchAction\",\"target\":{\"@type\":\"EntryPoint\",\"urlTemplate\":\"https:\\\/\\\/officialeleutheraharbourisland.com\\\/?s={search_term_string}\"},\"query-input\":{\"@type\":\"PropertyValueSpecification\",\"valueRequired\":true,\"valueName\":\"search_term_string\"}}],\"inLanguage\":\"es\"},{\"@type\":\"Organization\",\"@id\":\"https:\\\/\\\/officialeleutheraharbourisland.com\\\/#organization\",\"name\":\"Official Eleuthera Harbour Island\",\"url\":\"https:\\\/\\\/officialeleutheraharbourisland.com\\\/\",\"logo\":{\"@type\":\"ImageObject\",\"inLanguage\":\"es\",\"@id\":\"https:\\\/\\\/officialeleutheraharbourisland.com\\\/#\\\/schema\\\/logo\\\/image\\\/\",\"url\":\"https:\\\/\\\/officialeleutheraharbourisland.com\\\/wp-content\\\/uploads\\\/2022\\\/03\\\/logo-new-GREY-275.png\",\"contentUrl\":\"https:\\\/\\\/officialeleutheraharbourisland.com\\\/wp-content\\\/uploads\\\/2022\\\/03\\\/logo-new-GREY-275.png\",\"width\":275,\"height\":22,\"caption\":\"Official Eleuthera Harbour Island\"},\"image\":{\"@id\":\"https:\\\/\\\/officialeleutheraharbourisland.com\\\/#\\\/schema\\\/logo\\\/image\\\/\"}}]}<\/script>\n<!-- \/ Yoast SEO Premium plugin. -->","yoast_head_json":{"title":"Certificado de registro | Official Eleuthera Harbour Island","robots":{"index":"index","follow":"follow","max-snippet":"max-snippet:-1","max-image-preview":"max-image-preview:large","max-video-preview":"max-video-preview:-1"},"canonical":"https:\/\/officialeleutheraharbourisland.com\/es\/bienes-raices\/requisitos-legales-para-comprar-una-propiedad-en-eleuthera\/certificado-de-registro\/","og_locale":"es_ES","og_type":"article","og_title":"Certificado de registro","og_description":"[vc_row css=\u00bb.vc_custom_1648471521500{padding-bottom: 50px !important;}\u00bb][vc_column][vc_empty_space][vc_column_text]Un no bahame\u00f1o interesado en comprar bienes ra\u00edces debe presentar su solicitud al Secretario de la Junta de Inversiones para registrar la compra de la propiedad. El Certificado de registro permite a los no bahame\u00f1os registrar su compra en las Bahamas sin necesidad de la aprobaci\u00f3n previa de adquisici\u00f3n por parte del&hellip;","og_url":"https:\/\/officialeleutheraharbourisland.com\/es\/bienes-raices\/requisitos-legales-para-comprar-una-propiedad-en-eleuthera\/certificado-de-registro\/","og_site_name":"Official Eleuthera Harbour Island","article_modified_time":"2022-10-14T16:25:59+00:00","og_image":[{"width":1920,"height":1440,"url":"https:\/\/officialeleutheraharbourisland.com\/wp-content\/uploads\/2022\/06\/business-g0c919380c_1920.jpg","type":"image\/jpeg"}],"twitter_card":"summary_large_image","twitter_misc":{"Tiempo de lectura":"2 minutos"},"schema":{"@context":"https:\/\/schema.org","@graph":[{"@type":"WebPage","@id":"https:\/\/officialeleutheraharbourisland.com\/es\/bienes-raices\/requisitos-legales-para-comprar-una-propiedad-en-eleuthera\/certificado-de-registro\/","url":"https:\/\/officialeleutheraharbourisland.com\/es\/bienes-raices\/requisitos-legales-para-comprar-una-propiedad-en-eleuthera\/certificado-de-registro\/","name":"Certificado de registro | Official Eleuthera Harbour Island","isPartOf":{"@id":"https:\/\/officialeleutheraharbourisland.com\/#website"},"primaryImageOfPage":{"@id":"https:\/\/officialeleutheraharbourisland.com\/es\/bienes-raices\/requisitos-legales-para-comprar-una-propiedad-en-eleuthera\/certificado-de-registro\/#primaryimage"},"image":{"@id":"https:\/\/officialeleutheraharbourisland.com\/es\/bienes-raices\/requisitos-legales-para-comprar-una-propiedad-en-eleuthera\/certificado-de-registro\/#primaryimage"},"thumbnailUrl":"https:\/\/officialeleutheraharbourisland.com\/wp-content\/uploads\/2022\/06\/business-g0c919380c_1920.jpg","datePublished":"2022-03-27T16:01:10+00:00","dateModified":"2022-10-14T16:25:59+00:00","breadcrumb":{"@id":"https:\/\/officialeleutheraharbourisland.com\/es\/bienes-raices\/requisitos-legales-para-comprar-una-propiedad-en-eleuthera\/certificado-de-registro\/#breadcrumb"},"inLanguage":"es","potentialAction":[{"@type":"ReadAction","target":["https:\/\/officialeleutheraharbourisland.com\/es\/bienes-raices\/requisitos-legales-para-comprar-una-propiedad-en-eleuthera\/certificado-de-registro\/"]}]},{"@type":"ImageObject","inLanguage":"es","@id":"https:\/\/officialeleutheraharbourisland.com\/es\/bienes-raices\/requisitos-legales-para-comprar-una-propiedad-en-eleuthera\/certificado-de-registro\/#primaryimage","url":"https:\/\/officialeleutheraharbourisland.com\/wp-content\/uploads\/2022\/06\/business-g0c919380c_1920.jpg","contentUrl":"https:\/\/officialeleutheraharbourisland.com\/wp-content\/uploads\/2022\/06\/business-g0c919380c_1920.jpg","width":1920,"height":1440},{"@type":"BreadcrumbList","@id":"https:\/\/officialeleutheraharbourisland.com\/es\/bienes-raices\/requisitos-legales-para-comprar-una-propiedad-en-eleuthera\/certificado-de-registro\/#breadcrumb","itemListElement":[{"@type":"ListItem","position":1,"name":"Home","item":"https:\/\/officialeleutheraharbourisland.com\/es\/"},{"@type":"ListItem","position":2,"name":"BIENES RA\u00cdCES","item":"https:\/\/officialeleutheraharbourisland.com\/es\/bienes-raices\/"},{"@type":"ListItem","position":3,"name":"Requisitos legales para comprar una propiedad en Eleuthera","item":"https:\/\/officialeleutheraharbourisland.com\/es\/bienes-raices\/requisitos-legales-para-comprar-una-propiedad-en-eleuthera\/"},{"@type":"ListItem","position":4,"name":"Certificado de registro"}]},{"@type":"WebSite","@id":"https:\/\/officialeleutheraharbourisland.com\/#website","url":"https:\/\/officialeleutheraharbourisland.com\/","name":"Official Eleuthera Harbour Island","description":"Where Beauty &amp; Nature Meet","publisher":{"@id":"https:\/\/officialeleutheraharbourisland.com\/#organization"},"potentialAction":[{"@type":"SearchAction","target":{"@type":"EntryPoint","urlTemplate":"https:\/\/officialeleutheraharbourisland.com\/?s={search_term_string}"},"query-input":{"@type":"PropertyValueSpecification","valueRequired":true,"valueName":"search_term_string"}}],"inLanguage":"es"},{"@type":"Organization","@id":"https:\/\/officialeleutheraharbourisland.com\/#organization","name":"Official Eleuthera Harbour Island","url":"https:\/\/officialeleutheraharbourisland.com\/","logo":{"@type":"ImageObject","inLanguage":"es","@id":"https:\/\/officialeleutheraharbourisland.com\/#\/schema\/logo\/image\/","url":"https:\/\/officialeleutheraharbourisland.com\/wp-content\/uploads\/2022\/03\/logo-new-GREY-275.png","contentUrl":"https:\/\/officialeleutheraharbourisland.com\/wp-content\/uploads\/2022\/03\/logo-new-GREY-275.png","width":275,"height":22,"caption":"Official Eleuthera Harbour Island"},"image":{"@id":"https:\/\/officialeleutheraharbourisland.com\/#\/schema\/logo\/image\/"}}]}},"jetpack_sharing_enabled":true,"_links":{"self":[{"href":"https:\/\/officialeleutheraharbourisland.com\/es\/wp-json\/wp\/v2\/pages\/70171","targetHints":{"allow":["GET"]}}],"collection":[{"href":"https:\/\/officialeleutheraharbourisland.com\/es\/wp-json\/wp\/v2\/pages"}],"about":[{"href":"https:\/\/officialeleutheraharbourisland.com\/es\/wp-json\/wp\/v2\/types\/page"}],"author":[{"embeddable":true,"href":"https:\/\/officialeleutheraharbourisland.com\/es\/wp-json\/wp\/v2\/users\/4"}],"replies":[{"embeddable":true,"href":"https:\/\/officialeleutheraharbourisland.com\/es\/wp-json\/wp\/v2\/comments?post=70171"}],"version-history":[{"count":3,"href":"https:\/\/officialeleutheraharbourisland.com\/es\/wp-json\/wp\/v2\/pages\/70171\/revisions"}],"predecessor-version":[{"id":70183,"href":"https:\/\/officialeleutheraharbourisland.com\/es\/wp-json\/wp\/v2\/pages\/70171\/revisions\/70183"}],"up":[{"embeddable":true,"href":"https:\/\/officialeleutheraharbourisland.com\/es\/wp-json\/wp\/v2\/pages\/70166"}],"wp:featuredmedia":[{"embeddable":true,"href":"https:\/\/officialeleutheraharbourisland.com\/es\/wp-json\/wp\/v2\/media\/64803"}],"wp:attachment":[{"href":"https:\/\/officialeleutheraharbourisland.com\/es\/wp-json\/wp\/v2\/media?parent=70171"}],"wp:term":[{"taxonomy":"category","embeddable":true,"href":"https:\/\/officialeleutheraharbourisland.com\/es\/wp-json\/wp\/v2\/categories?post=70171"},{"taxonomy":"post_tag","embeddable":true,"href":"https:\/\/officialeleutheraharbourisland.com\/es\/wp-json\/wp\/v2\/tags?post=70171"}],"curies":[{"name":"wp","href":"https:\/\/api.w.org\/{rel}","templated":true}]}}