{"id":70203,"date":"2022-03-23T15:30:55","date_gmt":"2022-03-23T15:30:55","guid":{"rendered":"https:\/\/officialeleutheraharbourisland.com\/cosas-para-ver-en-spanish-wells\/"},"modified":"2022-10-18T15:53:51","modified_gmt":"2022-10-18T15:53:51","slug":"cosas-para-ver","status":"publish","type":"page","link":"https:\/\/officialeleutheraharbourisland.com\/es\/spanish-wells\/cosas-para-ver\/","title":{"rendered":"COSAS PARA VER"},"content":{"rendered":"<div class=\"wpb-content-wrapper\"><p>[vc_row css=\u00bb.vc_custom_1653658226324{padding-bottom: 50px !important;}\u00bb][vc_column][vc_column_text]<span style=\"font-weight: 400;\">La isla oficial de Eleuthera Harbour le brinda m\u00e1s informaci\u00f3n sobre cosas para ver en Spanish Wells. <\/span><\/p>\n<ol>\n<li aria-level=\"1\"><b>Pueblos y asentamientos: <\/b>Explora los pueblos para descubrir m\u00e1s sobre los lugare\u00f1os.<\/li>\n<li style=\"font-weight: 400;\" aria-level=\"1\"><b>Naturaleza y puntos de referencia:<\/b><span style=\"font-weight: 400;\"> Las playas de Spanish Wells te har\u00e1n sentir como si estuvieras en una revista de viajes. Se puede acceder a la playa de North Shore desde todas las partes de St. George&#8217;s Cay. <\/span><\/li>\n<\/ol>\n<p>[\/vc_column_text][\/vc_column][\/vc_row][vc_row content_placement=\u00bbmiddle\u00bb][vc_column width=\u00bb1\/4&#8243; css=\u00bb.vc_custom_1654258413084{padding: 1px !important;}\u00bb][\/vc_column][vc_column width=\u00bb1\/4&#8243; css=\u00bb.vc_custom_1654258455063{padding: 1px !important;}\u00bb]<div class=\"ult-new-ib ult-ib-effect-style14  ult-ib-resp  \" data-min-width=\"768\" data-max-width=\"900\" style=\"background:#000000;\" data-opacity=\"0.5\" data-hover-opacity=\"0.9\" ><img data-recalc-dims=\"1\" decoding=\"async\" class=\"ult-new-ib-img\" style=\"opacity:0.5;\" alt=\"null\" src=\"https:\/\/i0.wp.com\/officialeleutheraharbourisland.com\/wp-content\/uploads\/2022\/05\/town-and-settlements.jpg?w=1200&#038;ssl=1\"   \/><div id=\"interactive-banner-wrap-7363\" class=\"ult-new-ib-desc\" style=\"\"><h1 class=\"ult-new-ib-title ult-responsive\"  data-ultimate-target='#interactive-banner-wrap-7363 .ult-new-ib-title'  data-responsive-json-new='{\"font-size\":\"desktop:27px;\",\"line-height\":\"desktop:27px;\"}'  style=\"font-weight:bold;\">PUEBLO Y ASENTAMIENTOS<\/h1><\/div><a class=\"ult-new-ib-link\" href=\"https:\/\/officialeleutheraharbourisland.com\/spanish-wells\/things-to-see\/town-and-settlements\/\" title=\"TOWN AND SETTLEMENTS\"  ><\/a><\/div>[\/vc_column][vc_column width=\u00bb1\/4&#8243; css=\u00bb.vc_custom_1655405804411{padding: 1px !important;}\u00bb]<div class=\"ult-new-ib ult-ib-effect-style14  ult-ib-resp  \" data-min-width=\"768\" data-max-width=\"900\" style=\"background:#000000;\" data-opacity=\"0.5\" data-hover-opacity=\"0.9\" ><img data-recalc-dims=\"1\" decoding=\"async\" class=\"ult-new-ib-img\" style=\"opacity:0.5;\" alt=\"null\" src=\"https:\/\/i0.wp.com\/officialeleutheraharbourisland.com\/wp-content\/uploads\/2022\/05\/nature-and-landmarks.jpg?w=1200&#038;ssl=1\"   \/><div id=\"interactive-banner-wrap-8800\" class=\"ult-new-ib-desc\" style=\"\"><h2 class=\"ult-new-ib-title ult-responsive\"  data-ultimate-target='#interactive-banner-wrap-8800 .ult-new-ib-title'  data-responsive-json-new='{\"font-size\":\"desktop:27px;\",\"line-height\":\"desktop:27px;\"}'  style=\"font-weight:bold;\">NATURALEZA Y LUGARES<\/h2><\/div><a class=\"ult-new-ib-link\" href=\"https:\/\/officialeleutheraharbourisland.com\/spanish-wells\/things-to-see\/nature-and-landmarks\/\" title=\"NATURE AND LANDMARKS\"  ><\/a><\/div>[\/vc_column][vc_column width=\u00bb1\/4&#8243;][\/vc_column][\/vc_row]<\/p>\n<\/div>","protected":false},"excerpt":{"rendered":"<p>[vc_row css=\u00bb.vc_custom_1653658226324{padding-bottom: 50px !important;}\u00bb][vc_column][vc_column_text]La isla oficial de Eleuthera Harbour le brinda m\u00e1s informaci\u00f3n sobre cosas para ver en Spanish Wells. Pueblos y asentamientos: Explora los pueblos para descubrir m\u00e1s sobre los lugare\u00f1os. Naturaleza y puntos de referencia: Las playas de Spanish Wells te har\u00e1n sentir como si estuvieras en una revista de viajes. Se puede&hellip;<\/p>\n","protected":false},"author":3,"featured_media":0,"parent":70389,"menu_order":3,"comment_status":"closed","ping_status":"closed","template":"","meta":{"footnotes":""},"categories":[],"tags":[],"class_list":["post-70203","page","type-page","status-publish","hentry","description-off"],"yoast_head":"<!-- This site is optimized with the Yoast SEO Premium plugin v25.2 (Yoast SEO v27.4) - https:\/\/yoast.com\/product\/yoast-seo-premium-wordpress\/ -->\n<title>COSAS PARA VER | Official Eleuthera Harbour Island<\/title>\n<meta name=\"robots\" content=\"index, follow, max-snippet:-1, max-image-preview:large, max-video-preview:-1\" \/>\n<link rel=\"canonical\" href=\"https:\/\/officialeleutheraharbourisland.com\/es\/spanish-wells\/cosas-para-ver\/\" \/>\n<meta property=\"og:locale\" content=\"es_ES\" \/>\n<meta property=\"og:type\" content=\"article\" \/>\n<meta property=\"og:title\" content=\"COSAS PARA VER\" \/>\n<meta property=\"og:description\" content=\"[vc_row css=\u00bb.vc_custom_1653658226324{padding-bottom: 50px !important;}\u00bb][vc_column][vc_column_text]La isla oficial de Eleuthera Harbour le brinda m\u00e1s informaci\u00f3n sobre cosas para ver en Spanish Wells. Pueblos y asentamientos: Explora los pueblos para descubrir m\u00e1s sobre los lugare\u00f1os. Naturaleza y puntos de referencia: Las playas de Spanish Wells te har\u00e1n sentir como si estuvieras en una revista de viajes. Se puede&hellip;\" \/>\n<meta property=\"og:url\" content=\"https:\/\/officialeleutheraharbourisland.com\/es\/spanish-wells\/cosas-para-ver\/\" \/>\n<meta property=\"og:site_name\" content=\"Official Eleuthera Harbour Island\" \/>\n<meta property=\"article:modified_time\" content=\"2022-10-18T15:53:51+00:00\" \/>\n<meta name=\"twitter:card\" content=\"summary_large_image\" \/>\n<meta name=\"twitter:label1\" content=\"Tiempo de lectura\" \/>\n\t<meta name=\"twitter:data1\" content=\"1 minuto\" \/>\n<script type=\"application\/ld+json\" class=\"yoast-schema-graph\">{\"@context\":\"https:\\\/\\\/schema.org\",\"@graph\":[{\"@type\":\"WebPage\",\"@id\":\"https:\\\/\\\/officialeleutheraharbourisland.com\\\/es\\\/spanish-wells\\\/cosas-para-ver\\\/\",\"url\":\"https:\\\/\\\/officialeleutheraharbourisland.com\\\/es\\\/spanish-wells\\\/cosas-para-ver\\\/\",\"name\":\"COSAS PARA VER | Official Eleuthera Harbour Island\",\"isPartOf\":{\"@id\":\"https:\\\/\\\/officialeleutheraharbourisland.com\\\/#website\"},\"datePublished\":\"2022-03-23T15:30:55+00:00\",\"dateModified\":\"2022-10-18T15:53:51+00:00\",\"breadcrumb\":{\"@id\":\"https:\\\/\\\/officialeleutheraharbourisland.com\\\/es\\\/spanish-wells\\\/cosas-para-ver\\\/#breadcrumb\"},\"inLanguage\":\"es\",\"potentialAction\":[{\"@type\":\"ReadAction\",\"target\":[\"https:\\\/\\\/officialeleutheraharbourisland.com\\\/es\\\/spanish-wells\\\/cosas-para-ver\\\/\"]}]},{\"@type\":\"BreadcrumbList\",\"@id\":\"https:\\\/\\\/officialeleutheraharbourisland.com\\\/es\\\/spanish-wells\\\/cosas-para-ver\\\/#breadcrumb\",\"itemListElement\":[{\"@type\":\"ListItem\",\"position\":1,\"name\":\"Home\",\"item\":\"https:\\\/\\\/officialeleutheraharbourisland.com\\\/es\\\/\"},{\"@type\":\"ListItem\",\"position\":2,\"name\":\"SPANISH WELLS\",\"item\":\"https:\\\/\\\/officialeleutheraharbourisland.com\\\/es\\\/spanish-wells\\\/\"},{\"@type\":\"ListItem\",\"position\":3,\"name\":\"COSAS PARA VER\"}]},{\"@type\":\"WebSite\",\"@id\":\"https:\\\/\\\/officialeleutheraharbourisland.com\\\/#website\",\"url\":\"https:\\\/\\\/officialeleutheraharbourisland.com\\\/\",\"name\":\"Official Eleuthera Harbour Island\",\"description\":\"Where Beauty &amp; Nature Meet\",\"publisher\":{\"@id\":\"https:\\\/\\\/officialeleutheraharbourisland.com\\\/#organization\"},\"potentialAction\":[{\"@type\":\"SearchAction\",\"target\":{\"@type\":\"EntryPoint\",\"urlTemplate\":\"https:\\\/\\\/officialeleutheraharbourisland.com\\\/?s={search_term_string}\"},\"query-input\":{\"@type\":\"PropertyValueSpecification\",\"valueRequired\":true,\"valueName\":\"search_term_string\"}}],\"inLanguage\":\"es\"},{\"@type\":\"Organization\",\"@id\":\"https:\\\/\\\/officialeleutheraharbourisland.com\\\/#organization\",\"name\":\"Official Eleuthera Harbour Island\",\"url\":\"https:\\\/\\\/officialeleutheraharbourisland.com\\\/\",\"logo\":{\"@type\":\"ImageObject\",\"inLanguage\":\"es\",\"@id\":\"https:\\\/\\\/officialeleutheraharbourisland.com\\\/#\\\/schema\\\/logo\\\/image\\\/\",\"url\":\"https:\\\/\\\/officialeleutheraharbourisland.com\\\/wp-content\\\/uploads\\\/2022\\\/03\\\/logo-new-GREY-275.png\",\"contentUrl\":\"https:\\\/\\\/officialeleutheraharbourisland.com\\\/wp-content\\\/uploads\\\/2022\\\/03\\\/logo-new-GREY-275.png\",\"width\":275,\"height\":22,\"caption\":\"Official Eleuthera Harbour Island\"},\"image\":{\"@id\":\"https:\\\/\\\/officialeleutheraharbourisland.com\\\/#\\\/schema\\\/logo\\\/image\\\/\"}}]}<\/script>\n<!-- \/ Yoast SEO Premium plugin. -->","yoast_head_json":{"title":"COSAS PARA VER | Official Eleuthera Harbour Island","robots":{"index":"index","follow":"follow","max-snippet":"max-snippet:-1","max-image-preview":"max-image-preview:large","max-video-preview":"max-video-preview:-1"},"canonical":"https:\/\/officialeleutheraharbourisland.com\/es\/spanish-wells\/cosas-para-ver\/","og_locale":"es_ES","og_type":"article","og_title":"COSAS PARA VER","og_description":"[vc_row css=\u00bb.vc_custom_1653658226324{padding-bottom: 50px !important;}\u00bb][vc_column][vc_column_text]La isla oficial de Eleuthera Harbour le brinda m\u00e1s informaci\u00f3n sobre cosas para ver en Spanish Wells. Pueblos y asentamientos: Explora los pueblos para descubrir m\u00e1s sobre los lugare\u00f1os. Naturaleza y puntos de referencia: Las playas de Spanish Wells te har\u00e1n sentir como si estuvieras en una revista de viajes. Se puede&hellip;","og_url":"https:\/\/officialeleutheraharbourisland.com\/es\/spanish-wells\/cosas-para-ver\/","og_site_name":"Official Eleuthera Harbour Island","article_modified_time":"2022-10-18T15:53:51+00:00","twitter_card":"summary_large_image","twitter_misc":{"Tiempo de lectura":"1 minuto"},"schema":{"@context":"https:\/\/schema.org","@graph":[{"@type":"WebPage","@id":"https:\/\/officialeleutheraharbourisland.com\/es\/spanish-wells\/cosas-para-ver\/","url":"https:\/\/officialeleutheraharbourisland.com\/es\/spanish-wells\/cosas-para-ver\/","name":"COSAS PARA VER | Official Eleuthera Harbour Island","isPartOf":{"@id":"https:\/\/officialeleutheraharbourisland.com\/#website"},"datePublished":"2022-03-23T15:30:55+00:00","dateModified":"2022-10-18T15:53:51+00:00","breadcrumb":{"@id":"https:\/\/officialeleutheraharbourisland.com\/es\/spanish-wells\/cosas-para-ver\/#breadcrumb"},"inLanguage":"es","potentialAction":[{"@type":"ReadAction","target":["https:\/\/officialeleutheraharbourisland.com\/es\/spanish-wells\/cosas-para-ver\/"]}]},{"@type":"BreadcrumbList","@id":"https:\/\/officialeleutheraharbourisland.com\/es\/spanish-wells\/cosas-para-ver\/#breadcrumb","itemListElement":[{"@type":"ListItem","position":1,"name":"Home","item":"https:\/\/officialeleutheraharbourisland.com\/es\/"},{"@type":"ListItem","position":2,"name":"SPANISH WELLS","item":"https:\/\/officialeleutheraharbourisland.com\/es\/spanish-wells\/"},{"@type":"ListItem","position":3,"name":"COSAS PARA VER"}]},{"@type":"WebSite","@id":"https:\/\/officialeleutheraharbourisland.com\/#website","url":"https:\/\/officialeleutheraharbourisland.com\/","name":"Official Eleuthera Harbour Island","description":"Where Beauty &amp; Nature Meet","publisher":{"@id":"https:\/\/officialeleutheraharbourisland.com\/#organization"},"potentialAction":[{"@type":"SearchAction","target":{"@type":"EntryPoint","urlTemplate":"https:\/\/officialeleutheraharbourisland.com\/?s={search_term_string}"},"query-input":{"@type":"PropertyValueSpecification","valueRequired":true,"valueName":"search_term_string"}}],"inLanguage":"es"},{"@type":"Organization","@id":"https:\/\/officialeleutheraharbourisland.com\/#organization","name":"Official Eleuthera Harbour Island","url":"https:\/\/officialeleutheraharbourisland.com\/","logo":{"@type":"ImageObject","inLanguage":"es","@id":"https:\/\/officialeleutheraharbourisland.com\/#\/schema\/logo\/image\/","url":"https:\/\/officialeleutheraharbourisland.com\/wp-content\/uploads\/2022\/03\/logo-new-GREY-275.png","contentUrl":"https:\/\/officialeleutheraharbourisland.com\/wp-content\/uploads\/2022\/03\/logo-new-GREY-275.png","width":275,"height":22,"caption":"Official Eleuthera Harbour Island"},"image":{"@id":"https:\/\/officialeleutheraharbourisland.com\/#\/schema\/logo\/image\/"}}]}},"jetpack_sharing_enabled":true,"_links":{"self":[{"href":"https:\/\/officialeleutheraharbourisland.com\/es\/wp-json\/wp\/v2\/pages\/70203","targetHints":{"allow":["GET"]}}],"collection":[{"href":"https:\/\/officialeleutheraharbourisland.com\/es\/wp-json\/wp\/v2\/pages"}],"about":[{"href":"https:\/\/officialeleutheraharbourisland.com\/es\/wp-json\/wp\/v2\/types\/page"}],"author":[{"embeddable":true,"href":"https:\/\/officialeleutheraharbourisland.com\/es\/wp-json\/wp\/v2\/users\/3"}],"replies":[{"embeddable":true,"href":"https:\/\/officialeleutheraharbourisland.com\/es\/wp-json\/wp\/v2\/comments?post=70203"}],"version-history":[{"count":3,"href":"https:\/\/officialeleutheraharbourisland.com\/es\/wp-json\/wp\/v2\/pages\/70203\/revisions"}],"predecessor-version":[{"id":70396,"href":"https:\/\/officialeleutheraharbourisland.com\/es\/wp-json\/wp\/v2\/pages\/70203\/revisions\/70396"}],"up":[{"embeddable":true,"href":"https:\/\/officialeleutheraharbourisland.com\/es\/wp-json\/wp\/v2\/pages\/70389"}],"wp:attachment":[{"href":"https:\/\/officialeleutheraharbourisland.com\/es\/wp-json\/wp\/v2\/media?parent=70203"}],"wp:term":[{"taxonomy":"category","embeddable":true,"href":"https:\/\/officialeleutheraharbourisland.com\/es\/wp-json\/wp\/v2\/categories?post=70203"},{"taxonomy":"post_tag","embeddable":true,"href":"https:\/\/officialeleutheraharbourisland.com\/es\/wp-json\/wp\/v2\/tags?post=70203"}],"curies":[{"name":"wp","href":"https:\/\/api.w.org\/{rel}","templated":true}]}}