{"id":70227,"date":"2022-03-23T15:30:55","date_gmt":"2022-03-23T15:30:55","guid":{"rendered":"https:\/\/officialeleutheraharbourisland.com\/cosas-para-hacer-en-spanish-wells\/"},"modified":"2022-10-18T15:49:37","modified_gmt":"2022-10-18T15:49:37","slug":"cosas-para-hacer","status":"publish","type":"page","link":"https:\/\/officialeleutheraharbourisland.com\/es\/spanish-wells\/cosas-para-hacer\/","title":{"rendered":"COSAS PARA HACER"},"content":{"rendered":"<div class=\"wpb-content-wrapper\"><p>[vc_row css=\u00bb.vc_custom_1654258389912{padding-bottom: 30px !important;}\u00bb][vc_column][vc_column_text]<b>Spanish Wells<\/b><span style=\"font-weight: 400;\"> se encuentra en el distrito de las Bahamas, un peque\u00f1o asentamiento isle\u00f1o cerca del extremo norte de Eleuthera. Se puede acceder f\u00e1cilmente a Spanish Wells en taxi acu\u00e1tico y se considera un destino de vacaciones o un destino de viaje de un d\u00eda completamente independiente. <\/span><\/p>\n<p><span style=\"font-weight: 400;\">La mejor parte de planificar un viaje a Spanish Wells son sus <\/span><b>numerosas actividades<\/b><span style=\"font-weight: 400;\" >. Ya sea que est\u00e9 buscando un lugar para nadar o hacer una caminata, Spanish Wells tiene algo para usted. Hay una lista de las actividades que puede hacer durante su estad\u00eda en Spanish Wells, como pesca, paseos en bote, buceo, caminatas, equitaci\u00f3n, deportes y muchas m\u00e1s. Spanish Wells lo tiene todo, desde lo mejor de la ciudad hasta lo mejor de la naturaleza, desde playas hasta rutas de senderismo y las mejores tiendas de la ciudad para comprar artefactos tradicionales. Junto con las mejores playas y restaurantes, la ciudad tambi\u00e9n tiene una de las bibliotecas m\u00e1s grandes del pa\u00eds que atrae a la mayor\u00eda de los amantes de los libros, y es una de las razones por las que la gente viene a Spanish Wells durante todo el a\u00f1o. <\/span><\/p>\n<p><span style=\"font-weight: 400;\">Visite un museo de pozos espa\u00f1oles, vaya a Tyman Fishing Charters, explore Da Salty Pig Adventures, vaya a Island Charters y disfrute su viaje al m\u00e1ximo. Todo es m\u00e1gico en este lugar, y cuando respiras su <\/span><b>hermoso clima<\/b><span style=\"font-weight: 400;\">, te dejar\u00e1 sin palabras: el claro y brillante el sol, el viento suave que levanta una brisa que lo refresca del estr\u00e9s innecesario, y el olor del mar, la hierba y la tierra del verano lo hace sentir renovado. <\/span><\/p>\n<p><span style=\"font-weight: 400;\">Disfrute mucho cuando visite Spanish Wells en las Bahamas porque ser\u00e1 un <\/span><b>paseo salvaje<\/b><span style=\"font-weight: 400;\">. No hay forma de que no te diviertas. Simplemente no esperes todas las travesuras habituales y busca aventuras extremas. Disfruta cuando vas a nadar y nadas profundo para dejarte influenciar por las olas y explorar los reinos submarinos. Vaya a bares y caf\u00e9s para obtener un ambiente divertido y haga de su viaje a Spanish Wells una experiencia saludable que jam\u00e1s haya tenido. <\/span>[\/vc_column_text][\/vc_column][\/vc_row][vc_row][vc_column width=\u00bb1\/4&#8243; css=\u00bb.vc_custom_1655136514604{padding: 1px !important;}\u00bb]<div class=\"ult-new-ib ult-ib-effect-style14  ult-ib-resp  \" data-min-width=\"768\" data-max-width=\"900\" style=\"background:#000000;\" data-opacity=\"0.5\" data-hover-opacity=\"0.9\" ><img data-recalc-dims=\"1\" decoding=\"async\" class=\"ult-new-ib-img\" style=\"opacity:0.5;\" alt=\"null\" src=\"https:\/\/i0.wp.com\/officialeleutheraharbourisland.com\/wp-content\/uploads\/2022\/05\/sport-activities.jpg?w=1200&#038;ssl=1\"   \/><div id=\"interactive-banner-wrap-1570\" class=\"ult-new-ib-desc\" style=\"\"><h2 class=\"ult-new-ib-title ult-responsive\"  data-ultimate-target='#interactive-banner-wrap-1570 .ult-new-ib-title'  data-responsive-json-new='{\"font-size\":\"desktop:27px;\",\"line-height\":\"desktop:27px;\"}'  style=\"font-weight:normal;\">ACTIVIDADES DEPORTIVAS<\/h2><\/div><a class=\"ult-new-ib-link\" href=\"https:\/\/officialeleutheraharbourisland.com\/spanish-wells\/things-to-do\/sports-activities\/\" title=\"SPORTS ACTIVITIES\"  ><\/a><\/div>[\/vc_column][vc_column width=\u00bb1\/4&#8243; css=\u00bb.vc_custom_1654258428040{padding: 1px !important;}\u00bb]<div class=\"ult-new-ib ult-ib-effect-style14  ult-ib-resp  \" data-min-width=\"768\" data-max-width=\"900\" style=\"background:#000000;\" data-opacity=\"0.5\" data-hover-opacity=\"0.9\" ><img data-recalc-dims=\"1\" decoding=\"async\" class=\"ult-new-ib-img\" style=\"opacity:0.5;\" alt=\"null\" src=\"https:\/\/i0.wp.com\/officialeleutheraharbourisland.com\/wp-content\/uploads\/2022\/05\/kids-activities.jpg?w=1200&#038;ssl=1\"   \/><div id=\"interactive-banner-wrap-4277\" class=\"ult-new-ib-desc\" style=\"\"><h2 class=\"ult-new-ib-title ult-responsive\"  data-ultimate-target='#interactive-banner-wrap-4277 .ult-new-ib-title'  data-responsive-json-new='{\"font-size\":\"desktop:27px;\",\"line-height\":\"desktop:27px;\"}'  style=\"font-weight:normal;\">ACTIVIDADES INFANTILES<\/h2><\/div><a class=\"ult-new-ib-link\" href=\"https:\/\/officialeleutheraharbourisland.com\/spanish-wells\/things-to-do\/kids-activities\/\" title=\"KIDS ACTIVITIES\"  ><\/a><\/div>[\/vc_column][vc_column width=\u00bb1\/4&#8243; css=\u00bb.vc_custom_1654258437950{padding: 1px !important;}\u00bb]<div class=\"ult-new-ib ult-ib-effect-style14  ult-ib-resp  \" data-min-width=\"768\" data-max-width=\"900\" style=\"background:#000000;\" data-opacity=\"0.5\" data-hover-opacity=\"0.9\" ><img data-recalc-dims=\"1\" decoding=\"async\" class=\"ult-new-ib-img\" style=\"opacity:0.5;\" alt=\"null\" src=\"https:\/\/i0.wp.com\/officialeleutheraharbourisland.com\/wp-content\/uploads\/2022\/05\/beauty-and-wellness.jpg?w=1200&#038;ssl=1\"   \/><div id=\"interactive-banner-wrap-6304\" class=\"ult-new-ib-desc\" style=\"\"><h2 class=\"ult-new-ib-title ult-responsive\"  data-ultimate-target='#interactive-banner-wrap-6304 .ult-new-ib-title'  data-responsive-json-new='{\"font-size\":\"desktop:27px;\",\"line-height\":\"desktop:27px;\"}'  style=\"font-weight:normal;\">BELLEZA Y BIENESTAR<\/h2><\/div><a class=\"ult-new-ib-link\" href=\"https:\/\/officialeleutheraharbourisland.com\/spanish-wells\/things-to-do\/beauty-and-wellness\/\" title=\"BEAUTY AND WELLNESS\"  ><\/a><\/div>[\/vc_column][vc_column width=\u00bb1\/4&#8243; css=\u00bb.vc_custom_1655136523043{padding: 1px !important;}\u00bb]<div class=\"ult-new-ib ult-ib-effect-style14  ult-ib-resp  \" data-min-width=\"768\" data-max-width=\"900\" style=\"background:#000000;\" data-opacity=\"0.5\" data-hover-opacity=\"0.9\" ><img data-recalc-dims=\"1\" decoding=\"async\" class=\"ult-new-ib-img\" style=\"opacity:0.5;\" alt=\"null\" src=\"https:\/\/i0.wp.com\/officialeleutheraharbourisland.com\/wp-content\/uploads\/2022\/05\/shopping.jpg?w=1200&#038;ssl=1\"   \/><div id=\"interactive-banner-wrap-2866\" class=\"ult-new-ib-desc\" style=\"\"><h2 class=\"ult-new-ib-title ult-responsive\"  data-ultimate-target='#interactive-banner-wrap-2866 .ult-new-ib-title'  data-responsive-json-new='{\"font-size\":\"desktop:27px;\",\"line-height\":\"desktop:27px;\"}'  style=\"font-weight:normal;\">SHOPPING<\/h2><\/div><a class=\"ult-new-ib-link\" href=\"https:\/\/officialeleutheraharbourisland.com\/spanish-wells\/things-to-do\/shopping\/\" title=\"SHOPPING\"  ><\/a><\/div>[\/vc_column][\/vc_row][vc_row][vc_column width=\u00bb1\/6&#8243;][\/vc_column][vc_column width=\u00bb1\/3&#8243; css=\u00bb.vc_custom_1654258428040{padding: 1px !important;}\u00bb][\/vc_column][vc_column width=\u00bb1\/3&#8243; css=\u00bb.vc_custom_1654258437950{padding: 1px !important;}\u00bb][\/vc_column][vc_column width=\u00bb1\/6&#8243;][\/vc_column][\/vc_row]<\/p>\n<\/div>","protected":false},"excerpt":{"rendered":"<p>[vc_row css=\u00bb.vc_custom_1654258389912{padding-bottom: 30px !important;}\u00bb][vc_column][vc_column_text]Spanish Wells se encuentra en el distrito de las Bahamas, un peque\u00f1o asentamiento isle\u00f1o cerca del extremo norte de Eleuthera. Se puede acceder f\u00e1cilmente a Spanish Wells en taxi acu\u00e1tico y se considera un destino de vacaciones o un destino de viaje de un d\u00eda completamente independiente. La mejor parte de planificar&hellip;<\/p>\n","protected":false},"author":3,"featured_media":0,"parent":70389,"menu_order":3,"comment_status":"closed","ping_status":"closed","template":"","meta":{"footnotes":""},"categories":[],"tags":[],"class_list":["post-70227","page","type-page","status-publish","hentry","description-off"],"yoast_head":"<!-- This site is optimized with the Yoast SEO Premium plugin v25.2 (Yoast SEO v27.4) - https:\/\/yoast.com\/product\/yoast-seo-premium-wordpress\/ -->\n<title>COSAS PARA HACER | Official Eleuthera Harbour Island<\/title>\n<meta name=\"robots\" content=\"index, follow, max-snippet:-1, max-image-preview:large, max-video-preview:-1\" \/>\n<link rel=\"canonical\" href=\"https:\/\/officialeleutheraharbourisland.com\/es\/cosas-para-hacer\/\" \/>\n<meta property=\"og:locale\" content=\"es_ES\" \/>\n<meta property=\"og:type\" content=\"article\" \/>\n<meta property=\"og:title\" content=\"COSAS PARA HACER\" \/>\n<meta property=\"og:description\" content=\"[vc_row css=\u00bb.vc_custom_1654258389912{padding-bottom: 30px !important;}\u00bb][vc_column][vc_column_text]Spanish Wells se encuentra en el distrito de las Bahamas, un peque\u00f1o asentamiento isle\u00f1o cerca del extremo norte de Eleuthera. Se puede acceder f\u00e1cilmente a Spanish Wells en taxi acu\u00e1tico y se considera un destino de vacaciones o un destino de viaje de un d\u00eda completamente independiente. La mejor parte de planificar&hellip;\" \/>\n<meta property=\"og:url\" content=\"https:\/\/officialeleutheraharbourisland.com\/es\/cosas-para-hacer\/\" \/>\n<meta property=\"og:site_name\" content=\"Official Eleuthera Harbour Island\" \/>\n<meta property=\"article:modified_time\" content=\"2022-10-18T15:49:37+00:00\" \/>\n<meta name=\"twitter:card\" content=\"summary_large_image\" \/>\n<meta name=\"twitter:label1\" content=\"Tiempo de lectura\" \/>\n\t<meta name=\"twitter:data1\" content=\"4 minutos\" \/>\n<script type=\"application\/ld+json\" class=\"yoast-schema-graph\">{\"@context\":\"https:\\\/\\\/schema.org\",\"@graph\":[{\"@type\":\"WebPage\",\"@id\":\"https:\\\/\\\/officialeleutheraharbourisland.com\\\/es\\\/cosas-para-hacer\\\/\",\"url\":\"https:\\\/\\\/officialeleutheraharbourisland.com\\\/es\\\/cosas-para-hacer\\\/\",\"name\":\"COSAS PARA HACER | Official Eleuthera Harbour Island\",\"isPartOf\":{\"@id\":\"https:\\\/\\\/officialeleutheraharbourisland.com\\\/#website\"},\"datePublished\":\"2022-03-23T15:30:55+00:00\",\"dateModified\":\"2022-10-18T15:49:37+00:00\",\"breadcrumb\":{\"@id\":\"https:\\\/\\\/officialeleutheraharbourisland.com\\\/es\\\/cosas-para-hacer\\\/#breadcrumb\"},\"inLanguage\":\"es\",\"potentialAction\":[{\"@type\":\"ReadAction\",\"target\":[\"https:\\\/\\\/officialeleutheraharbourisland.com\\\/es\\\/cosas-para-hacer\\\/\"]}]},{\"@type\":\"BreadcrumbList\",\"@id\":\"https:\\\/\\\/officialeleutheraharbourisland.com\\\/es\\\/cosas-para-hacer\\\/#breadcrumb\",\"itemListElement\":[{\"@type\":\"ListItem\",\"position\":1,\"name\":\"Home\",\"item\":\"https:\\\/\\\/officialeleutheraharbourisland.com\\\/es\\\/\"},{\"@type\":\"ListItem\",\"position\":2,\"name\":\"COSAS PARA HACER\"}]},{\"@type\":\"WebSite\",\"@id\":\"https:\\\/\\\/officialeleutheraharbourisland.com\\\/#website\",\"url\":\"https:\\\/\\\/officialeleutheraharbourisland.com\\\/\",\"name\":\"Official Eleuthera Harbour Island\",\"description\":\"Where Beauty &amp; Nature Meet\",\"publisher\":{\"@id\":\"https:\\\/\\\/officialeleutheraharbourisland.com\\\/#organization\"},\"potentialAction\":[{\"@type\":\"SearchAction\",\"target\":{\"@type\":\"EntryPoint\",\"urlTemplate\":\"https:\\\/\\\/officialeleutheraharbourisland.com\\\/?s={search_term_string}\"},\"query-input\":{\"@type\":\"PropertyValueSpecification\",\"valueRequired\":true,\"valueName\":\"search_term_string\"}}],\"inLanguage\":\"es\"},{\"@type\":\"Organization\",\"@id\":\"https:\\\/\\\/officialeleutheraharbourisland.com\\\/#organization\",\"name\":\"Official Eleuthera Harbour Island\",\"url\":\"https:\\\/\\\/officialeleutheraharbourisland.com\\\/\",\"logo\":{\"@type\":\"ImageObject\",\"inLanguage\":\"es\",\"@id\":\"https:\\\/\\\/officialeleutheraharbourisland.com\\\/#\\\/schema\\\/logo\\\/image\\\/\",\"url\":\"https:\\\/\\\/officialeleutheraharbourisland.com\\\/wp-content\\\/uploads\\\/2022\\\/03\\\/logo-new-GREY-275.png\",\"contentUrl\":\"https:\\\/\\\/officialeleutheraharbourisland.com\\\/wp-content\\\/uploads\\\/2022\\\/03\\\/logo-new-GREY-275.png\",\"width\":275,\"height\":22,\"caption\":\"Official Eleuthera Harbour Island\"},\"image\":{\"@id\":\"https:\\\/\\\/officialeleutheraharbourisland.com\\\/#\\\/schema\\\/logo\\\/image\\\/\"}}]}<\/script>\n<!-- \/ Yoast SEO Premium plugin. -->","yoast_head_json":{"title":"COSAS PARA HACER | Official Eleuthera Harbour Island","robots":{"index":"index","follow":"follow","max-snippet":"max-snippet:-1","max-image-preview":"max-image-preview:large","max-video-preview":"max-video-preview:-1"},"canonical":"https:\/\/officialeleutheraharbourisland.com\/es\/cosas-para-hacer\/","og_locale":"es_ES","og_type":"article","og_title":"COSAS PARA HACER","og_description":"[vc_row css=\u00bb.vc_custom_1654258389912{padding-bottom: 30px !important;}\u00bb][vc_column][vc_column_text]Spanish Wells se encuentra en el distrito de las Bahamas, un peque\u00f1o asentamiento isle\u00f1o cerca del extremo norte de Eleuthera. Se puede acceder f\u00e1cilmente a Spanish Wells en taxi acu\u00e1tico y se considera un destino de vacaciones o un destino de viaje de un d\u00eda completamente independiente. La mejor parte de planificar&hellip;","og_url":"https:\/\/officialeleutheraharbourisland.com\/es\/cosas-para-hacer\/","og_site_name":"Official Eleuthera Harbour Island","article_modified_time":"2022-10-18T15:49:37+00:00","twitter_card":"summary_large_image","twitter_misc":{"Tiempo de lectura":"4 minutos"},"schema":{"@context":"https:\/\/schema.org","@graph":[{"@type":"WebPage","@id":"https:\/\/officialeleutheraharbourisland.com\/es\/cosas-para-hacer\/","url":"https:\/\/officialeleutheraharbourisland.com\/es\/cosas-para-hacer\/","name":"COSAS PARA HACER | Official Eleuthera Harbour Island","isPartOf":{"@id":"https:\/\/officialeleutheraharbourisland.com\/#website"},"datePublished":"2022-03-23T15:30:55+00:00","dateModified":"2022-10-18T15:49:37+00:00","breadcrumb":{"@id":"https:\/\/officialeleutheraharbourisland.com\/es\/cosas-para-hacer\/#breadcrumb"},"inLanguage":"es","potentialAction":[{"@type":"ReadAction","target":["https:\/\/officialeleutheraharbourisland.com\/es\/cosas-para-hacer\/"]}]},{"@type":"BreadcrumbList","@id":"https:\/\/officialeleutheraharbourisland.com\/es\/cosas-para-hacer\/#breadcrumb","itemListElement":[{"@type":"ListItem","position":1,"name":"Home","item":"https:\/\/officialeleutheraharbourisland.com\/es\/"},{"@type":"ListItem","position":2,"name":"COSAS PARA HACER"}]},{"@type":"WebSite","@id":"https:\/\/officialeleutheraharbourisland.com\/#website","url":"https:\/\/officialeleutheraharbourisland.com\/","name":"Official Eleuthera Harbour Island","description":"Where Beauty &amp; Nature Meet","publisher":{"@id":"https:\/\/officialeleutheraharbourisland.com\/#organization"},"potentialAction":[{"@type":"SearchAction","target":{"@type":"EntryPoint","urlTemplate":"https:\/\/officialeleutheraharbourisland.com\/?s={search_term_string}"},"query-input":{"@type":"PropertyValueSpecification","valueRequired":true,"valueName":"search_term_string"}}],"inLanguage":"es"},{"@type":"Organization","@id":"https:\/\/officialeleutheraharbourisland.com\/#organization","name":"Official Eleuthera Harbour Island","url":"https:\/\/officialeleutheraharbourisland.com\/","logo":{"@type":"ImageObject","inLanguage":"es","@id":"https:\/\/officialeleutheraharbourisland.com\/#\/schema\/logo\/image\/","url":"https:\/\/officialeleutheraharbourisland.com\/wp-content\/uploads\/2022\/03\/logo-new-GREY-275.png","contentUrl":"https:\/\/officialeleutheraharbourisland.com\/wp-content\/uploads\/2022\/03\/logo-new-GREY-275.png","width":275,"height":22,"caption":"Official Eleuthera Harbour Island"},"image":{"@id":"https:\/\/officialeleutheraharbourisland.com\/#\/schema\/logo\/image\/"}}]}},"jetpack_sharing_enabled":true,"_links":{"self":[{"href":"https:\/\/officialeleutheraharbourisland.com\/es\/wp-json\/wp\/v2\/pages\/70227","targetHints":{"allow":["GET"]}}],"collection":[{"href":"https:\/\/officialeleutheraharbourisland.com\/es\/wp-json\/wp\/v2\/pages"}],"about":[{"href":"https:\/\/officialeleutheraharbourisland.com\/es\/wp-json\/wp\/v2\/types\/page"}],"author":[{"embeddable":true,"href":"https:\/\/officialeleutheraharbourisland.com\/es\/wp-json\/wp\/v2\/users\/3"}],"replies":[{"embeddable":true,"href":"https:\/\/officialeleutheraharbourisland.com\/es\/wp-json\/wp\/v2\/comments?post=70227"}],"version-history":[{"count":3,"href":"https:\/\/officialeleutheraharbourisland.com\/es\/wp-json\/wp\/v2\/pages\/70227\/revisions"}],"predecessor-version":[{"id":70393,"href":"https:\/\/officialeleutheraharbourisland.com\/es\/wp-json\/wp\/v2\/pages\/70227\/revisions\/70393"}],"up":[{"embeddable":true,"href":"https:\/\/officialeleutheraharbourisland.com\/es\/wp-json\/wp\/v2\/pages\/70389"}],"wp:attachment":[{"href":"https:\/\/officialeleutheraharbourisland.com\/es\/wp-json\/wp\/v2\/media?parent=70227"}],"wp:term":[{"taxonomy":"category","embeddable":true,"href":"https:\/\/officialeleutheraharbourisland.com\/es\/wp-json\/wp\/v2\/categories?post=70227"},{"taxonomy":"post_tag","embeddable":true,"href":"https:\/\/officialeleutheraharbourisland.com\/es\/wp-json\/wp\/v2\/tags?post=70227"}],"curies":[{"name":"wp","href":"https:\/\/api.w.org\/{rel}","templated":true}]}}