{"id":70406,"date":"2023-02-10T14:31:17","date_gmt":"2023-02-10T14:31:17","guid":{"rendered":"https:\/\/officialeleutheraharbourisland.com\/harbour-island\/about\/"},"modified":"2023-04-13T14:10:36","modified_gmt":"2023-04-13T14:10:36","slug":"acerca","status":"publish","type":"page","link":"https:\/\/officialeleutheraharbourisland.com\/es\/harbour-island\/acerca\/","title":{"rendered":"ACERCA"},"content":{"rendered":"<div class=\"wpb-content-wrapper\"><p>[vc_row full_width=\u00bbstretch_row\u00bb equal_height=\u00bbyes\u00bb content_placement=\u00bbtop\u00bb css=\u00bb.vc_custom_1677078434219{background-color: #ffffff !important;}\u00bb][vc_column]<div id=\"ultimate-heading-414969e34ad58b838\" class=\"uvc-heading ult-adjust-bottom-margin ultimate-heading-414969e34ad58b838 uvc-1657 \" data-hspacer=\"line_only\"  data-halign=\"left\" style=\"text-align:left\"><div class=\"uvc-main-heading ult-responsive\"  data-ultimate-target='.uvc-heading.ultimate-heading-414969e34ad58b838 h2'  data-responsive-json-new='{\"font-size\":\"\",\"line-height\":\"\"}' ><h2 style=\"font-weight:700;\">Introducci\u00f3n<\/h2><\/div><div class=\"uvc-heading-spacer line_only\" style=\"margin-bottom:15px;height:2px;\"><span class=\"uvc-headings-line\" style=\"border-style:solid;border-bottom-width:2px;border-color:#7ac1ff;width:75px;\"><\/span><\/div><div class=\"uvc-sub-heading ult-responsive\"  data-ultimate-target='.uvc-heading.ultimate-heading-414969e34ad58b838 .uvc-sub-heading '  data-responsive-json-new='{\"font-size\":\"\",\"line-height\":\"\"}'  style=\"font-weight:normal;margin-bottom:15px;\"><\/p>\n<p id=\"tw-target-text\" class=\"tw-data-text tw-text-large tw-ta\" dir=\"ltr\" data-placeholder=\"Translation\"><span class=\"Y2IQFc\" lang=\"es\">Harbour Island Bahamas es la mejor escapada para aquellos que buscan unas vacaciones relajantes con magn\u00edficas playas de arena rosada, aguas azules brillantes y un ambiente relajado. <\/span><\/p>\n<p class=\"tw-data-text tw-text-large tw-ta\" dir=\"ltr\" data-placeholder=\"Translation\"><span class=\"Y2IQFc\" lang=\"es\">Esta isla de tres millas de largo es el hogar del famoso tramo de playa de arena rosada, el mejor lugar para nadar, bucear, pescar, tomar el sol y m\u00e1s. Considerada por Forbes como una de las \u00abPlayas m\u00e1s lujosas del mundo\u00bb, Harbour Island en las Bahamas es popular entre los ricos y famosos y es un refugio de vacaciones para celebridades como Mick Jagger, Elle McPherson, Robert DeNiro y Jimmy Buffett. <\/span><\/p>\n<p class=\"tw-data-text tw-text-large tw-ta\" dir=\"ltr\" data-placeholder=\"Translation\"><span class=\"Y2IQFc\" lang=\"es\">Elija el pueblo de Dunmore, Bahamas para su pr\u00f3ximo destino de vacaciones. \u00bfD\u00f3nde m\u00e1s puede alquilar una lujosa villa privada frente al mar en una de las playas m\u00e1s hermosas del mundo? Es solo un vuelo corto de 60 minutos desde el sur de Florida hasta el norte de Eleuthera. A 15 minutos del aeropuerto, estar\u00e1 en la maravillosa Harbour Island.<\/span><\/p>\n<p><\/div><\/div>[\/vc_column][\/vc_row][vc_row][vc_column][vc_separator css=\u00bb.vc_custom_1674154386794{padding-top: 30px !important;padding-bottom: 30px !important;}\u00bb][\/vc_column][\/vc_row][vc_row][vc_column width=\u00bb1\/6&#8243;][\/vc_column][vc_column width=\u00bb2\/3&#8243;][vc_basic_grid post_type=\u00bbpage\u00bb max_items=\u00bb30&#8243; item=\u00bbbasicGrid_NoAnimation\u00bb grid_id=\u00bbvc_gid:1681390872096-c063cc79-3400-6&#8243; taxonomies=\u00bb1168&#8243;][vc_separator css=\u00bb.vc_custom_1676484269718{margin-top: 30px !important;margin-bottom: 30px !important;}\u00bb][\/vc_column][vc_column width=\u00bb1\/6&#8243;][\/vc_column][\/vc_row][vc_column][\/vc_column]<\/p>\n<\/div>","protected":false},"excerpt":{"rendered":"<p>[vc_row full_width=\u00bbstretch_row\u00bb equal_height=\u00bbyes\u00bb content_placement=\u00bbtop\u00bb css=\u00bb.vc_custom_1677078434219{background-color: #ffffff !important;}\u00bb][vc_column][\/vc_column][\/vc_row][vc_row][vc_column][vc_separator css=\u00bb.vc_custom_1674154386794{padding-top: 30px !important;padding-bottom: 30px !important;}\u00bb][\/vc_column][\/vc_row][vc_row][vc_column width=\u00bb1\/6&#8243;][\/vc_column][vc_column width=\u00bb2\/3&#8243;][vc_basic_grid post_type=\u00bbpage\u00bb max_items=\u00bb30&#8243; item=\u00bbbasicGrid_NoAnimation\u00bb grid_id=\u00bbvc_gid:1681390872096-c063cc79-3400-6&#8243; taxonomies=\u00bb1168&#8243;][vc_separator css=\u00bb.vc_custom_1676484269718{margin-top: 30px !important;margin-bottom: 30px !important;}\u00bb][\/vc_column][vc_column width=\u00bb1\/6&#8243;][\/vc_column][\/vc_row][vc_column][\/vc_column]<\/p>\n","protected":false},"author":4,"featured_media":74012,"parent":74866,"menu_order":0,"comment_status":"closed","ping_status":"closed","template":"","meta":{"footnotes":""},"categories":[],"tags":[1225],"class_list":["post-70406","page","type-page","status-publish","has-post-thumbnail","hentry","tag-main-harbour-island-es-2","description-off"],"yoast_head":"<!-- This site is optimized with the Yoast SEO Premium plugin v25.2 (Yoast SEO v27.4) - https:\/\/yoast.com\/product\/yoast-seo-premium-wordpress\/ -->\n<title>Acerca de Harbour Island, Bahamas. Informaci\u00f3n sobre la isla.<\/title>\n<meta name=\"description\" content=\"Official Eleuthera Harbour Island te da toda la informaci\u00f3n sobre Harbour Island, Bahamas. Las playas m\u00e1s lujosas del mundo.\" \/>\n<meta name=\"robots\" content=\"index, follow, max-snippet:-1, max-image-preview:large, max-video-preview:-1\" \/>\n<link rel=\"canonical\" href=\"https:\/\/officialeleutheraharbourisland.com\/es\/harbour-island\/acerca\/\" \/>\n<meta property=\"og:locale\" content=\"es_ES\" \/>\n<meta property=\"og:type\" content=\"article\" \/>\n<meta property=\"og:title\" content=\"ACERCA\" \/>\n<meta property=\"og:description\" content=\"Official Eleuthera Harbour Island te da toda la informaci\u00f3n sobre Harbour Island, Bahamas. Las playas m\u00e1s lujosas del mundo.\" \/>\n<meta property=\"og:url\" content=\"https:\/\/officialeleutheraharbourisland.com\/es\/harbour-island\/acerca\/\" \/>\n<meta property=\"og:site_name\" content=\"Official Eleuthera Harbour Island\" \/>\n<meta property=\"article:modified_time\" content=\"2023-04-13T14:10:36+00:00\" \/>\n<meta property=\"og:image\" content=\"https:\/\/officialeleutheraharbourisland.com\/wp-content\/uploads\/2023\/02\/harbour-island-bahamas-jpg.webp\" \/>\n\t<meta property=\"og:image:width\" content=\"1200\" \/>\n\t<meta property=\"og:image:height\" content=\"627\" \/>\n\t<meta property=\"og:image:type\" content=\"image\/jpeg\" \/>\n<meta name=\"twitter:card\" content=\"summary_large_image\" \/>\n<meta name=\"twitter:label1\" content=\"Tiempo de lectura\" \/>\n\t<meta name=\"twitter:data1\" content=\"1 minuto\" \/>\n<script type=\"application\/ld+json\" class=\"yoast-schema-graph\">{\"@context\":\"https:\\\/\\\/schema.org\",\"@graph\":[{\"@type\":\"WebPage\",\"@id\":\"https:\\\/\\\/officialeleutheraharbourisland.com\\\/es\\\/harbour-island\\\/acerca\\\/\",\"url\":\"https:\\\/\\\/officialeleutheraharbourisland.com\\\/es\\\/harbour-island\\\/acerca\\\/\",\"name\":\"Acerca de Harbour Island, Bahamas. Informaci\u00f3n sobre la isla.\",\"isPartOf\":{\"@id\":\"https:\\\/\\\/officialeleutheraharbourisland.com\\\/#website\"},\"primaryImageOfPage\":{\"@id\":\"https:\\\/\\\/officialeleutheraharbourisland.com\\\/es\\\/harbour-island\\\/acerca\\\/#primaryimage\"},\"image\":{\"@id\":\"https:\\\/\\\/officialeleutheraharbourisland.com\\\/es\\\/harbour-island\\\/acerca\\\/#primaryimage\"},\"thumbnailUrl\":\"https:\\\/\\\/officialeleutheraharbourisland.com\\\/wp-content\\\/uploads\\\/2023\\\/02\\\/harbour-island-bahamas-jpg.webp\",\"datePublished\":\"2023-02-10T14:31:17+00:00\",\"dateModified\":\"2023-04-13T14:10:36+00:00\",\"description\":\"Official Eleuthera Harbour Island te da toda la informaci\u00f3n sobre Harbour Island, Bahamas. Las playas m\u00e1s lujosas del mundo.\",\"breadcrumb\":{\"@id\":\"https:\\\/\\\/officialeleutheraharbourisland.com\\\/es\\\/harbour-island\\\/acerca\\\/#breadcrumb\"},\"inLanguage\":\"es\",\"potentialAction\":[{\"@type\":\"ReadAction\",\"target\":[\"https:\\\/\\\/officialeleutheraharbourisland.com\\\/es\\\/harbour-island\\\/acerca\\\/\"]}]},{\"@type\":\"ImageObject\",\"inLanguage\":\"es\",\"@id\":\"https:\\\/\\\/officialeleutheraharbourisland.com\\\/es\\\/harbour-island\\\/acerca\\\/#primaryimage\",\"url\":\"https:\\\/\\\/officialeleutheraharbourisland.com\\\/wp-content\\\/uploads\\\/2023\\\/02\\\/harbour-island-bahamas-jpg.webp\",\"contentUrl\":\"https:\\\/\\\/officialeleutheraharbourisland.com\\\/wp-content\\\/uploads\\\/2023\\\/02\\\/harbour-island-bahamas-jpg.webp\",\"width\":1200,\"height\":627},{\"@type\":\"BreadcrumbList\",\"@id\":\"https:\\\/\\\/officialeleutheraharbourisland.com\\\/es\\\/harbour-island\\\/acerca\\\/#breadcrumb\",\"itemListElement\":[{\"@type\":\"ListItem\",\"position\":1,\"name\":\"Home\",\"item\":\"https:\\\/\\\/officialeleutheraharbourisland.com\\\/es\\\/\"},{\"@type\":\"ListItem\",\"position\":2,\"name\":\"ACERCA\"}]},{\"@type\":\"WebSite\",\"@id\":\"https:\\\/\\\/officialeleutheraharbourisland.com\\\/#website\",\"url\":\"https:\\\/\\\/officialeleutheraharbourisland.com\\\/\",\"name\":\"Official Eleuthera Harbour Island\",\"description\":\"Where Beauty &amp; Nature Meet\",\"publisher\":{\"@id\":\"https:\\\/\\\/officialeleutheraharbourisland.com\\\/#organization\"},\"potentialAction\":[{\"@type\":\"SearchAction\",\"target\":{\"@type\":\"EntryPoint\",\"urlTemplate\":\"https:\\\/\\\/officialeleutheraharbourisland.com\\\/?s={search_term_string}\"},\"query-input\":{\"@type\":\"PropertyValueSpecification\",\"valueRequired\":true,\"valueName\":\"search_term_string\"}}],\"inLanguage\":\"es\"},{\"@type\":\"Organization\",\"@id\":\"https:\\\/\\\/officialeleutheraharbourisland.com\\\/#organization\",\"name\":\"Official Eleuthera Harbour Island\",\"url\":\"https:\\\/\\\/officialeleutheraharbourisland.com\\\/\",\"logo\":{\"@type\":\"ImageObject\",\"inLanguage\":\"es\",\"@id\":\"https:\\\/\\\/officialeleutheraharbourisland.com\\\/#\\\/schema\\\/logo\\\/image\\\/\",\"url\":\"https:\\\/\\\/officialeleutheraharbourisland.com\\\/wp-content\\\/uploads\\\/2022\\\/03\\\/logo-new-GREY-275.png\",\"contentUrl\":\"https:\\\/\\\/officialeleutheraharbourisland.com\\\/wp-content\\\/uploads\\\/2022\\\/03\\\/logo-new-GREY-275.png\",\"width\":275,\"height\":22,\"caption\":\"Official Eleuthera Harbour Island\"},\"image\":{\"@id\":\"https:\\\/\\\/officialeleutheraharbourisland.com\\\/#\\\/schema\\\/logo\\\/image\\\/\"}}]}<\/script>\n<!-- \/ Yoast SEO Premium plugin. -->","yoast_head_json":{"title":"Acerca de Harbour Island, Bahamas. Informaci\u00f3n sobre la isla.","description":"Official Eleuthera Harbour Island te da toda la informaci\u00f3n sobre Harbour Island, Bahamas. Las playas m\u00e1s lujosas del mundo.","robots":{"index":"index","follow":"follow","max-snippet":"max-snippet:-1","max-image-preview":"max-image-preview:large","max-video-preview":"max-video-preview:-1"},"canonical":"https:\/\/officialeleutheraharbourisland.com\/es\/harbour-island\/acerca\/","og_locale":"es_ES","og_type":"article","og_title":"ACERCA","og_description":"Official Eleuthera Harbour Island te da toda la informaci\u00f3n sobre Harbour Island, Bahamas. Las playas m\u00e1s lujosas del mundo.","og_url":"https:\/\/officialeleutheraharbourisland.com\/es\/harbour-island\/acerca\/","og_site_name":"Official Eleuthera Harbour Island","article_modified_time":"2023-04-13T14:10:36+00:00","og_image":[{"width":1200,"height":627,"url":"https:\/\/officialeleutheraharbourisland.com\/wp-content\/uploads\/2023\/02\/harbour-island-bahamas-jpg.webp","type":"image\/jpeg"}],"twitter_card":"summary_large_image","twitter_misc":{"Tiempo de lectura":"1 minuto"},"schema":{"@context":"https:\/\/schema.org","@graph":[{"@type":"WebPage","@id":"https:\/\/officialeleutheraharbourisland.com\/es\/harbour-island\/acerca\/","url":"https:\/\/officialeleutheraharbourisland.com\/es\/harbour-island\/acerca\/","name":"Acerca de Harbour Island, Bahamas. Informaci\u00f3n sobre la isla.","isPartOf":{"@id":"https:\/\/officialeleutheraharbourisland.com\/#website"},"primaryImageOfPage":{"@id":"https:\/\/officialeleutheraharbourisland.com\/es\/harbour-island\/acerca\/#primaryimage"},"image":{"@id":"https:\/\/officialeleutheraharbourisland.com\/es\/harbour-island\/acerca\/#primaryimage"},"thumbnailUrl":"https:\/\/officialeleutheraharbourisland.com\/wp-content\/uploads\/2023\/02\/harbour-island-bahamas-jpg.webp","datePublished":"2023-02-10T14:31:17+00:00","dateModified":"2023-04-13T14:10:36+00:00","description":"Official Eleuthera Harbour Island te da toda la informaci\u00f3n sobre Harbour Island, Bahamas. Las playas m\u00e1s lujosas del mundo.","breadcrumb":{"@id":"https:\/\/officialeleutheraharbourisland.com\/es\/harbour-island\/acerca\/#breadcrumb"},"inLanguage":"es","potentialAction":[{"@type":"ReadAction","target":["https:\/\/officialeleutheraharbourisland.com\/es\/harbour-island\/acerca\/"]}]},{"@type":"ImageObject","inLanguage":"es","@id":"https:\/\/officialeleutheraharbourisland.com\/es\/harbour-island\/acerca\/#primaryimage","url":"https:\/\/officialeleutheraharbourisland.com\/wp-content\/uploads\/2023\/02\/harbour-island-bahamas-jpg.webp","contentUrl":"https:\/\/officialeleutheraharbourisland.com\/wp-content\/uploads\/2023\/02\/harbour-island-bahamas-jpg.webp","width":1200,"height":627},{"@type":"BreadcrumbList","@id":"https:\/\/officialeleutheraharbourisland.com\/es\/harbour-island\/acerca\/#breadcrumb","itemListElement":[{"@type":"ListItem","position":1,"name":"Home","item":"https:\/\/officialeleutheraharbourisland.com\/es\/"},{"@type":"ListItem","position":2,"name":"ACERCA"}]},{"@type":"WebSite","@id":"https:\/\/officialeleutheraharbourisland.com\/#website","url":"https:\/\/officialeleutheraharbourisland.com\/","name":"Official Eleuthera Harbour Island","description":"Where Beauty &amp; Nature Meet","publisher":{"@id":"https:\/\/officialeleutheraharbourisland.com\/#organization"},"potentialAction":[{"@type":"SearchAction","target":{"@type":"EntryPoint","urlTemplate":"https:\/\/officialeleutheraharbourisland.com\/?s={search_term_string}"},"query-input":{"@type":"PropertyValueSpecification","valueRequired":true,"valueName":"search_term_string"}}],"inLanguage":"es"},{"@type":"Organization","@id":"https:\/\/officialeleutheraharbourisland.com\/#organization","name":"Official Eleuthera Harbour Island","url":"https:\/\/officialeleutheraharbourisland.com\/","logo":{"@type":"ImageObject","inLanguage":"es","@id":"https:\/\/officialeleutheraharbourisland.com\/#\/schema\/logo\/image\/","url":"https:\/\/officialeleutheraharbourisland.com\/wp-content\/uploads\/2022\/03\/logo-new-GREY-275.png","contentUrl":"https:\/\/officialeleutheraharbourisland.com\/wp-content\/uploads\/2022\/03\/logo-new-GREY-275.png","width":275,"height":22,"caption":"Official Eleuthera Harbour Island"},"image":{"@id":"https:\/\/officialeleutheraharbourisland.com\/#\/schema\/logo\/image\/"}}]}},"jetpack_sharing_enabled":true,"_links":{"self":[{"href":"https:\/\/officialeleutheraharbourisland.com\/es\/wp-json\/wp\/v2\/pages\/70406","targetHints":{"allow":["GET"]}}],"collection":[{"href":"https:\/\/officialeleutheraharbourisland.com\/es\/wp-json\/wp\/v2\/pages"}],"about":[{"href":"https:\/\/officialeleutheraharbourisland.com\/es\/wp-json\/wp\/v2\/types\/page"}],"author":[{"embeddable":true,"href":"https:\/\/officialeleutheraharbourisland.com\/es\/wp-json\/wp\/v2\/users\/4"}],"replies":[{"embeddable":true,"href":"https:\/\/officialeleutheraharbourisland.com\/es\/wp-json\/wp\/v2\/comments?post=70406"}],"version-history":[{"count":6,"href":"https:\/\/officialeleutheraharbourisland.com\/es\/wp-json\/wp\/v2\/pages\/70406\/revisions"}],"predecessor-version":[{"id":74865,"href":"https:\/\/officialeleutheraharbourisland.com\/es\/wp-json\/wp\/v2\/pages\/70406\/revisions\/74865"}],"up":[{"embeddable":true,"href":"https:\/\/officialeleutheraharbourisland.com\/es\/wp-json\/wp\/v2\/pages\/74866"}],"wp:featuredmedia":[{"embeddable":true,"href":"https:\/\/officialeleutheraharbourisland.com\/es\/wp-json\/wp\/v2\/media\/74012"}],"wp:attachment":[{"href":"https:\/\/officialeleutheraharbourisland.com\/es\/wp-json\/wp\/v2\/media?parent=70406"}],"wp:term":[{"taxonomy":"category","embeddable":true,"href":"https:\/\/officialeleutheraharbourisland.com\/es\/wp-json\/wp\/v2\/categories?post=70406"},{"taxonomy":"post_tag","embeddable":true,"href":"https:\/\/officialeleutheraharbourisland.com\/es\/wp-json\/wp\/v2\/tags?post=70406"}],"curies":[{"name":"wp","href":"https:\/\/api.w.org\/{rel}","templated":true}]}}