{"id":74782,"date":"2023-02-01T14:25:02","date_gmt":"2023-02-01T14:25:02","guid":{"rendered":"https:\/\/officialeleutheraharbourisland.com\/harbour-island\/acerca\/pets\/"},"modified":"2023-06-19T19:56:15","modified_gmt":"2023-06-19T19:56:15","slug":"mascotas","status":"publish","type":"page","link":"https:\/\/officialeleutheraharbourisland.com\/es\/harbour-island\/acerca\/mascotas\/","title":{"rendered":"Mascotas"},"content":{"rendered":"<div class=\"wpb-content-wrapper\"><p>[vc_row css=\u00bb.vc_custom_1649079224179{padding-bottom: 50px !important;}\u00bb][vc_column]<div id=\"ultimate-heading-336069de33b10038e\" class=\"uvc-heading ult-adjust-bottom-margin ultimate-heading-336069de33b10038e uvc-5878 \" data-hspacer=\"line_only\"  data-halign=\"center\" style=\"text-align:center\"><div class=\"uvc-main-heading ult-responsive\"  data-ultimate-target='.uvc-heading.ultimate-heading-336069de33b10038e h2'  data-responsive-json-new='{\"font-size\":\"\",\"line-height\":\"\"}' ><h2 style=\"font-weight:normal;margin-bottom:15px;\">Mascotas en Harbour Island, Bahamas<\/h2><\/div><div class=\"uvc-heading-spacer line_only\" style=\"margin-bottom:15px;height:3px;\"><span class=\"uvc-headings-line\" style=\"border-style:solid;border-bottom-width:3px;border-color:#7ac1ff;width:60px;\"><\/span><\/div><\/div>[\/vc_column][\/vc_row][vc_row][vc_column][vc_column_text]<\/p>\n<p id=\"tw-target-text\" class=\"tw-data-text tw-text-large tw-ta\" dir=\"ltr\" data-placeholder=\"Translation\"><strong><span class=\"Y2IQFc\" lang=\"es\">Viajar con mascotas en Harbour Island\u00a0<\/span><\/strong><\/p>\n<p class=\"tw-data-text tw-text-large tw-ta\" dir=\"ltr\" data-placeholder=\"Translation\"><span class=\"Y2IQFc\" lang=\"es\">Viajar con mascotas en Harbour Island es f\u00e1cil, pero requiere un poco de preparaci\u00f3n para sus due\u00f1os. Esos requisitos se aplican a gatos y perros. <\/span><\/p>\n<p class=\"tw-data-text tw-text-large tw-ta\" dir=\"ltr\" data-placeholder=\"Translation\"><span class=\"Y2IQFc\" lang=\"es\">El proceso es sencillo, pero debe ser completado por sus due\u00f1os, de lo contrario, las preciadas mascotas no podr\u00e1n ingresar a las Bahamas en la aduana. Los propietarios deber\u00e1n obtener un permiso del Ministerio de Agricultura en Nassau, se llama permiso de importaci\u00f3n y es v\u00e1lido por 12 meses.<\/span><\/p>\n<p class=\"tw-data-text tw-text-large tw-ta\" dir=\"ltr\" data-placeholder=\"Translation\"><span class=\"Y2IQFc\" lang=\"es\">&#8211; Formularios llenados por su veterinario que acredite que su perro est\u00e1 sano y que sus vacunas antirr\u00e1bicas est\u00e1n al d\u00eda. <\/span><\/p>\n<p class=\"tw-data-text tw-text-large tw-ta\" dir=\"ltr\" data-placeholder=\"Translation\"><span class=\"Y2IQFc\" lang=\"es\">&#8211; La tarifa de procesamiento de las Bahamas es de $ 10 m\u00e1s el 10% de impuestos.<\/span><\/p>\n<p class=\"tw-data-text tw-text-large tw-ta\" dir=\"ltr\" data-placeholder=\"Translation\"><span class=\"Y2IQFc\" lang=\"es\">Departamento de Agricultura <\/span><\/p>\n<p class=\"tw-data-text tw-text-large tw-ta\" dir=\"ltr\" data-placeholder=\"Translation\"><span class=\"Y2IQFc\" lang=\"es\">Tel\u00e9fono: (242) 397-7450\/325-7438 <\/span><\/p>\n<p class=\"tw-data-text tw-text-large tw-ta\" dir=\"ltr\" data-placeholder=\"Translation\"><span class=\"Y2IQFc\" lang=\"es\">Fax: (242) 325-3960 <\/span><\/p>\n<p class=\"tw-data-text tw-text-large tw-ta\" dir=\"ltr\" data-placeholder=\"Translation\"><span class=\"Y2IQFc\" lang=\"es\">Correo electr\u00f3nico: minagriculturemarine@bahamas.gov.bs<\/span><\/p>\n<p>[\/vc_column_text][vc_separator css=\u00bb.vc_custom_1675274926103{margin-top: 30px !important;margin-bottom: 30px !important;}\u00bb][vc_row_inner][vc_column_inner width=\u00bb1\/4&#8243;][\/vc_column_inner][vc_column_inner width=\u00bb1\/2&#8243;][vc_single_image image=\u00bb73031&#8243; img_size=\u00bbfull\u00bb alignment=\u00bbcenter\u00bb][\/vc_column_inner][vc_column_inner width=\u00bb1\/4&#8243;][\/vc_column_inner][\/vc_row_inner][vc_separator css=\u00bb.vc_custom_1675274926103{margin-top: 30px !important;margin-bottom: 30px !important;}\u00bb][vc_column_text]<\/p>\n<p id=\"tw-target-text\" class=\"tw-data-text tw-text-large tw-ta\" dir=\"ltr\" data-placeholder=\"Translation\"><strong><span class=\"Y2IQFc\" lang=\"es\">Consejo para viajar con tu mascota<\/span><\/strong><\/p>\n<p class=\"tw-data-text tw-text-large tw-ta\" dir=\"ltr\" data-placeholder=\"Translation\"><span class=\"Y2IQFc\" lang=\"es\">Harbour Island es definitivamente una isla que admite mascotas que hace que los due\u00f1os de los perros sean muy felices. Los visitantes est\u00e1n encantados con la oportunidad de viajar con ellos. Aztec Airlines le permitir\u00e1 viajar con su perro a North Eleuthera. Se comparten grandes momentos en la playa con las amadas mascotas, pueden ir a almorzar o cenar con ellas y la mayor\u00eda de la gente las aceptar\u00e1, como el hotel y restaurante Dunmore. La mayor\u00eda de las casas de alquiler de vacaciones aceptan perros. Los propietarios de esas casas a menudo solicitan un dep\u00f3sito de seguridad adicional para cubrir cualquier incidente. <a href=\"http:\/\/LapalmeraieBahamas.com\">LapalmeraieBahamas.com<\/a> acepta perros. Algunos hoteles como el Coral Sands admiten mascotas. Aseg\u00farese de llamar a su hotel antes de reservar para asegurarse de que su mascota sea bienvenida en sus instalaciones.<\/span><\/p>\n<p>[\/vc_column_text][vc_separator css=\u00bb.vc_custom_1675274926103{margin-top: 30px !important;margin-bottom: 30px !important;}\u00bb][vc_column_text]<\/p>\n<p id=\"tw-target-text\" class=\"tw-data-text tw-text-large tw-ta\" dir=\"ltr\" data-placeholder=\"Translation\"><strong><span class=\"Y2IQFc\" lang=\"es\">Mascotas en la playa de Harbour Island<\/span><\/strong><\/p>\n<p class=\"tw-data-text tw-text-large tw-ta\" dir=\"ltr\" data-placeholder=\"Translation\"><span class=\"Y2IQFc\" lang=\"es\">Las mascotas est\u00e1n autorizadas en la playa, pero deben llevar correa espec\u00edficamente si son perros grandes. La regla parece tener muchas excepciones ya que es muy com\u00fan ver perros grandes sin correa. Esos perros parecen ser muy amigables, los que parecen un poco m\u00e1s agresivos suelen ir con correa. Los propietarios son responsables de las acciones de su perro. Esos perros parecen disfrutar tremendamente de esta libertad, corren e incluso nadan en el oc\u00e9ano. Las playas en Harbour Island est\u00e1n bastante desiertas, la \u00fanica excepci\u00f3n puede ser frente a la secci\u00f3n del hotel. Los due\u00f1os de perros son bastante disciplinados en Harbour Island y limpian los desechos de sus perros.<\/span><\/p>\n<p>[\/vc_column_text][vc_separator css=\u00bb.vc_custom_1675274926103{margin-top: 30px !important;margin-bottom: 30px !important;}\u00bb][\/vc_column][\/vc_row]<\/p>\n<\/div>","protected":false},"excerpt":{"rendered":"<p>[vc_row css=\u00bb.vc_custom_1649079224179{padding-bottom: 50px !important;}\u00bb][vc_column][\/vc_column][\/vc_row][vc_row][vc_column][vc_column_text] Viajar con mascotas en Harbour Island\u00a0 Viajar con mascotas en Harbour Island es f\u00e1cil, pero requiere un poco de preparaci\u00f3n para sus due\u00f1os. Esos requisitos se aplican a gatos y perros. El proceso es sencillo, pero debe ser completado por sus due\u00f1os, de lo contrario, las preciadas mascotas no podr\u00e1n ingresar&hellip;<\/p>\n","protected":false},"author":1,"featured_media":73034,"parent":70406,"menu_order":0,"comment_status":"closed","ping_status":"closed","template":"","meta":{"footnotes":""},"categories":[],"tags":[1213],"class_list":["post-74782","page","type-page","status-publish","has-post-thumbnail","hentry","tag-about-harbour-island-es-2","description-off"],"yoast_head":"<!-- This site is optimized with the Yoast SEO Premium plugin v25.2 (Yoast SEO v27.3) - https:\/\/yoast.com\/product\/yoast-seo-premium-wordpress\/ -->\n<title>Mascotas en Harbour Island, Bahamas. Gu\u00eda tur\u00edstica<\/title>\n<meta name=\"description\" content=\"Official Eleuthera Harbour Island su gu\u00eda tur\u00edstica definitiva de Harbour Island, le brinda informaci\u00f3n sobre mascotas en Harbour Island\" \/>\n<meta name=\"robots\" content=\"index, follow, max-snippet:-1, max-image-preview:large, max-video-preview:-1\" \/>\n<link rel=\"canonical\" href=\"https:\/\/officialeleutheraharbourisland.com\/es\/harbour-island\/acerca\/mascotas\/\" \/>\n<meta property=\"og:locale\" content=\"es_ES\" \/>\n<meta property=\"og:type\" content=\"article\" \/>\n<meta property=\"og:title\" content=\"Mascotas\" \/>\n<meta property=\"og:description\" content=\"Official Eleuthera Harbour Island su gu\u00eda tur\u00edstica definitiva de Harbour Island, le brinda informaci\u00f3n sobre mascotas en Harbour Island\" \/>\n<meta property=\"og:url\" content=\"https:\/\/officialeleutheraharbourisland.com\/es\/harbour-island\/acerca\/mascotas\/\" \/>\n<meta property=\"og:site_name\" content=\"Official Eleuthera Harbour Island\" \/>\n<meta property=\"article:modified_time\" content=\"2023-06-19T19:56:15+00:00\" \/>\n<meta property=\"og:image\" content=\"https:\/\/officialeleutheraharbourisland.com\/wp-content\/uploads\/2023\/02\/WhatsApp-Image-2023-01-30-at-5.31.30-PM.jpeg\" \/>\n\t<meta property=\"og:image:width\" content=\"1024\" \/>\n\t<meta property=\"og:image:height\" content=\"736\" \/>\n\t<meta property=\"og:image:type\" content=\"image\/jpeg\" \/>\n<meta name=\"twitter:card\" content=\"summary_large_image\" \/>\n<meta name=\"twitter:label1\" content=\"Tiempo de lectura\" \/>\n\t<meta name=\"twitter:data1\" content=\"2 minutos\" \/>\n<script type=\"application\/ld+json\" class=\"yoast-schema-graph\">{\"@context\":\"https:\\\/\\\/schema.org\",\"@graph\":[{\"@type\":\"WebPage\",\"@id\":\"https:\\\/\\\/officialeleutheraharbourisland.com\\\/es\\\/harbour-island\\\/acerca\\\/mascotas\\\/\",\"url\":\"https:\\\/\\\/officialeleutheraharbourisland.com\\\/es\\\/harbour-island\\\/acerca\\\/mascotas\\\/\",\"name\":\"Mascotas en Harbour Island, Bahamas. Gu\u00eda tur\u00edstica\",\"isPartOf\":{\"@id\":\"https:\\\/\\\/officialeleutheraharbourisland.com\\\/#website\"},\"primaryImageOfPage\":{\"@id\":\"https:\\\/\\\/officialeleutheraharbourisland.com\\\/es\\\/harbour-island\\\/acerca\\\/mascotas\\\/#primaryimage\"},\"image\":{\"@id\":\"https:\\\/\\\/officialeleutheraharbourisland.com\\\/es\\\/harbour-island\\\/acerca\\\/mascotas\\\/#primaryimage\"},\"thumbnailUrl\":\"https:\\\/\\\/officialeleutheraharbourisland.com\\\/wp-content\\\/uploads\\\/2023\\\/02\\\/WhatsApp-Image-2023-01-30-at-5.31.30-PM.jpeg\",\"datePublished\":\"2023-02-01T14:25:02+00:00\",\"dateModified\":\"2023-06-19T19:56:15+00:00\",\"description\":\"Official Eleuthera Harbour Island su gu\u00eda tur\u00edstica definitiva de Harbour Island, le brinda informaci\u00f3n sobre mascotas en Harbour Island\",\"breadcrumb\":{\"@id\":\"https:\\\/\\\/officialeleutheraharbourisland.com\\\/es\\\/harbour-island\\\/acerca\\\/mascotas\\\/#breadcrumb\"},\"inLanguage\":\"es\",\"potentialAction\":[{\"@type\":\"ReadAction\",\"target\":[\"https:\\\/\\\/officialeleutheraharbourisland.com\\\/es\\\/harbour-island\\\/acerca\\\/mascotas\\\/\"]}]},{\"@type\":\"ImageObject\",\"inLanguage\":\"es\",\"@id\":\"https:\\\/\\\/officialeleutheraharbourisland.com\\\/es\\\/harbour-island\\\/acerca\\\/mascotas\\\/#primaryimage\",\"url\":\"https:\\\/\\\/officialeleutheraharbourisland.com\\\/wp-content\\\/uploads\\\/2023\\\/02\\\/WhatsApp-Image-2023-01-30-at-5.31.30-PM.jpeg\",\"contentUrl\":\"https:\\\/\\\/officialeleutheraharbourisland.com\\\/wp-content\\\/uploads\\\/2023\\\/02\\\/WhatsApp-Image-2023-01-30-at-5.31.30-PM.jpeg\",\"width\":1024,\"height\":736,\"caption\":\"pets harbour island\"},{\"@type\":\"BreadcrumbList\",\"@id\":\"https:\\\/\\\/officialeleutheraharbourisland.com\\\/es\\\/harbour-island\\\/acerca\\\/mascotas\\\/#breadcrumb\",\"itemListElement\":[{\"@type\":\"ListItem\",\"position\":1,\"name\":\"Home\",\"item\":\"https:\\\/\\\/officialeleutheraharbourisland.com\\\/es\\\/\"},{\"@type\":\"ListItem\",\"position\":2,\"name\":\"HARBOUR ISLAND\",\"item\":\"https:\\\/\\\/officialeleutheraharbourisland.com\\\/es\\\/harbour-island\\\/\"},{\"@type\":\"ListItem\",\"position\":3,\"name\":\"ACERCA\",\"item\":\"https:\\\/\\\/officialeleutheraharbourisland.com\\\/es\\\/harbour-island\\\/acerca\\\/\"},{\"@type\":\"ListItem\",\"position\":4,\"name\":\"Mascotas\"}]},{\"@type\":\"WebSite\",\"@id\":\"https:\\\/\\\/officialeleutheraharbourisland.com\\\/#website\",\"url\":\"https:\\\/\\\/officialeleutheraharbourisland.com\\\/\",\"name\":\"Official Eleuthera Harbour Island\",\"description\":\"Where Beauty &amp; Nature Meet\",\"publisher\":{\"@id\":\"https:\\\/\\\/officialeleutheraharbourisland.com\\\/#organization\"},\"potentialAction\":[{\"@type\":\"SearchAction\",\"target\":{\"@type\":\"EntryPoint\",\"urlTemplate\":\"https:\\\/\\\/officialeleutheraharbourisland.com\\\/?s={search_term_string}\"},\"query-input\":{\"@type\":\"PropertyValueSpecification\",\"valueRequired\":true,\"valueName\":\"search_term_string\"}}],\"inLanguage\":\"es\"},{\"@type\":\"Organization\",\"@id\":\"https:\\\/\\\/officialeleutheraharbourisland.com\\\/#organization\",\"name\":\"Official Eleuthera Harbour Island\",\"url\":\"https:\\\/\\\/officialeleutheraharbourisland.com\\\/\",\"logo\":{\"@type\":\"ImageObject\",\"inLanguage\":\"es\",\"@id\":\"https:\\\/\\\/officialeleutheraharbourisland.com\\\/#\\\/schema\\\/logo\\\/image\\\/\",\"url\":\"https:\\\/\\\/officialeleutheraharbourisland.com\\\/wp-content\\\/uploads\\\/2022\\\/03\\\/logo-new-GREY-275.png\",\"contentUrl\":\"https:\\\/\\\/officialeleutheraharbourisland.com\\\/wp-content\\\/uploads\\\/2022\\\/03\\\/logo-new-GREY-275.png\",\"width\":275,\"height\":22,\"caption\":\"Official Eleuthera Harbour Island\"},\"image\":{\"@id\":\"https:\\\/\\\/officialeleutheraharbourisland.com\\\/#\\\/schema\\\/logo\\\/image\\\/\"}}]}<\/script>\n<!-- \/ Yoast SEO Premium plugin. -->","yoast_head_json":{"title":"Mascotas en Harbour Island, Bahamas. Gu\u00eda tur\u00edstica","description":"Official Eleuthera Harbour Island su gu\u00eda tur\u00edstica definitiva de Harbour Island, le brinda informaci\u00f3n sobre mascotas en Harbour Island","robots":{"index":"index","follow":"follow","max-snippet":"max-snippet:-1","max-image-preview":"max-image-preview:large","max-video-preview":"max-video-preview:-1"},"canonical":"https:\/\/officialeleutheraharbourisland.com\/es\/harbour-island\/acerca\/mascotas\/","og_locale":"es_ES","og_type":"article","og_title":"Mascotas","og_description":"Official Eleuthera Harbour Island su gu\u00eda tur\u00edstica definitiva de Harbour Island, le brinda informaci\u00f3n sobre mascotas en Harbour Island","og_url":"https:\/\/officialeleutheraharbourisland.com\/es\/harbour-island\/acerca\/mascotas\/","og_site_name":"Official Eleuthera Harbour Island","article_modified_time":"2023-06-19T19:56:15+00:00","og_image":[{"width":1024,"height":736,"url":"https:\/\/officialeleutheraharbourisland.com\/wp-content\/uploads\/2023\/02\/WhatsApp-Image-2023-01-30-at-5.31.30-PM.jpeg","type":"image\/jpeg"}],"twitter_card":"summary_large_image","twitter_misc":{"Tiempo de lectura":"2 minutos"},"schema":{"@context":"https:\/\/schema.org","@graph":[{"@type":"WebPage","@id":"https:\/\/officialeleutheraharbourisland.com\/es\/harbour-island\/acerca\/mascotas\/","url":"https:\/\/officialeleutheraharbourisland.com\/es\/harbour-island\/acerca\/mascotas\/","name":"Mascotas en Harbour Island, Bahamas. Gu\u00eda tur\u00edstica","isPartOf":{"@id":"https:\/\/officialeleutheraharbourisland.com\/#website"},"primaryImageOfPage":{"@id":"https:\/\/officialeleutheraharbourisland.com\/es\/harbour-island\/acerca\/mascotas\/#primaryimage"},"image":{"@id":"https:\/\/officialeleutheraharbourisland.com\/es\/harbour-island\/acerca\/mascotas\/#primaryimage"},"thumbnailUrl":"https:\/\/officialeleutheraharbourisland.com\/wp-content\/uploads\/2023\/02\/WhatsApp-Image-2023-01-30-at-5.31.30-PM.jpeg","datePublished":"2023-02-01T14:25:02+00:00","dateModified":"2023-06-19T19:56:15+00:00","description":"Official Eleuthera Harbour Island su gu\u00eda tur\u00edstica definitiva de Harbour Island, le brinda informaci\u00f3n sobre mascotas en Harbour Island","breadcrumb":{"@id":"https:\/\/officialeleutheraharbourisland.com\/es\/harbour-island\/acerca\/mascotas\/#breadcrumb"},"inLanguage":"es","potentialAction":[{"@type":"ReadAction","target":["https:\/\/officialeleutheraharbourisland.com\/es\/harbour-island\/acerca\/mascotas\/"]}]},{"@type":"ImageObject","inLanguage":"es","@id":"https:\/\/officialeleutheraharbourisland.com\/es\/harbour-island\/acerca\/mascotas\/#primaryimage","url":"https:\/\/officialeleutheraharbourisland.com\/wp-content\/uploads\/2023\/02\/WhatsApp-Image-2023-01-30-at-5.31.30-PM.jpeg","contentUrl":"https:\/\/officialeleutheraharbourisland.com\/wp-content\/uploads\/2023\/02\/WhatsApp-Image-2023-01-30-at-5.31.30-PM.jpeg","width":1024,"height":736,"caption":"pets harbour island"},{"@type":"BreadcrumbList","@id":"https:\/\/officialeleutheraharbourisland.com\/es\/harbour-island\/acerca\/mascotas\/#breadcrumb","itemListElement":[{"@type":"ListItem","position":1,"name":"Home","item":"https:\/\/officialeleutheraharbourisland.com\/es\/"},{"@type":"ListItem","position":2,"name":"HARBOUR ISLAND","item":"https:\/\/officialeleutheraharbourisland.com\/es\/harbour-island\/"},{"@type":"ListItem","position":3,"name":"ACERCA","item":"https:\/\/officialeleutheraharbourisland.com\/es\/harbour-island\/acerca\/"},{"@type":"ListItem","position":4,"name":"Mascotas"}]},{"@type":"WebSite","@id":"https:\/\/officialeleutheraharbourisland.com\/#website","url":"https:\/\/officialeleutheraharbourisland.com\/","name":"Official Eleuthera Harbour Island","description":"Where Beauty &amp; Nature Meet","publisher":{"@id":"https:\/\/officialeleutheraharbourisland.com\/#organization"},"potentialAction":[{"@type":"SearchAction","target":{"@type":"EntryPoint","urlTemplate":"https:\/\/officialeleutheraharbourisland.com\/?s={search_term_string}"},"query-input":{"@type":"PropertyValueSpecification","valueRequired":true,"valueName":"search_term_string"}}],"inLanguage":"es"},{"@type":"Organization","@id":"https:\/\/officialeleutheraharbourisland.com\/#organization","name":"Official Eleuthera Harbour Island","url":"https:\/\/officialeleutheraharbourisland.com\/","logo":{"@type":"ImageObject","inLanguage":"es","@id":"https:\/\/officialeleutheraharbourisland.com\/#\/schema\/logo\/image\/","url":"https:\/\/officialeleutheraharbourisland.com\/wp-content\/uploads\/2022\/03\/logo-new-GREY-275.png","contentUrl":"https:\/\/officialeleutheraharbourisland.com\/wp-content\/uploads\/2022\/03\/logo-new-GREY-275.png","width":275,"height":22,"caption":"Official Eleuthera Harbour Island"},"image":{"@id":"https:\/\/officialeleutheraharbourisland.com\/#\/schema\/logo\/image\/"}}]}},"jetpack_sharing_enabled":true,"_links":{"self":[{"href":"https:\/\/officialeleutheraharbourisland.com\/es\/wp-json\/wp\/v2\/pages\/74782","targetHints":{"allow":["GET"]}}],"collection":[{"href":"https:\/\/officialeleutheraharbourisland.com\/es\/wp-json\/wp\/v2\/pages"}],"about":[{"href":"https:\/\/officialeleutheraharbourisland.com\/es\/wp-json\/wp\/v2\/types\/page"}],"author":[{"embeddable":true,"href":"https:\/\/officialeleutheraharbourisland.com\/es\/wp-json\/wp\/v2\/users\/1"}],"replies":[{"embeddable":true,"href":"https:\/\/officialeleutheraharbourisland.com\/es\/wp-json\/wp\/v2\/comments?post=74782"}],"version-history":[{"count":4,"href":"https:\/\/officialeleutheraharbourisland.com\/es\/wp-json\/wp\/v2\/pages\/74782\/revisions"}],"predecessor-version":[{"id":75653,"href":"https:\/\/officialeleutheraharbourisland.com\/es\/wp-json\/wp\/v2\/pages\/74782\/revisions\/75653"}],"up":[{"embeddable":true,"href":"https:\/\/officialeleutheraharbourisland.com\/es\/wp-json\/wp\/v2\/pages\/70406"}],"wp:featuredmedia":[{"embeddable":true,"href":"https:\/\/officialeleutheraharbourisland.com\/es\/wp-json\/wp\/v2\/media\/73034"}],"wp:attachment":[{"href":"https:\/\/officialeleutheraharbourisland.com\/es\/wp-json\/wp\/v2\/media?parent=74782"}],"wp:term":[{"taxonomy":"category","embeddable":true,"href":"https:\/\/officialeleutheraharbourisland.com\/es\/wp-json\/wp\/v2\/categories?post=74782"},{"taxonomy":"post_tag","embeddable":true,"href":"https:\/\/officialeleutheraharbourisland.com\/es\/wp-json\/wp\/v2\/tags?post=74782"}],"curies":[{"name":"wp","href":"https:\/\/api.w.org\/{rel}","templated":true}]}}