{"id":74787,"date":"2023-02-01T14:25:02","date_gmt":"2023-02-01T14:25:02","guid":{"rendered":"https:\/\/officialeleutheraharbourisland.com\/harbour-island\/acerca\/safety\/"},"modified":"2023-06-19T19:59:12","modified_gmt":"2023-06-19T19:59:12","slug":"seguridad","status":"publish","type":"page","link":"https:\/\/officialeleutheraharbourisland.com\/es\/harbour-island\/acerca\/seguridad\/","title":{"rendered":"Seguridad"},"content":{"rendered":"<div class=\"wpb-content-wrapper\"><p>[vc_row css=\u00bb.vc_custom_1649079224179{padding-bottom: 50px !important;}\u00bb][vc_column]<div id=\"ultimate-heading-294569e29dfaa1ba3\" class=\"uvc-heading ult-adjust-bottom-margin ultimate-heading-294569e29dfaa1ba3 uvc-6805 \" data-hspacer=\"line_only\"  data-halign=\"center\" style=\"text-align:center\"><div class=\"uvc-main-heading ult-responsive\"  data-ultimate-target='.uvc-heading.ultimate-heading-294569e29dfaa1ba3 h2'  data-responsive-json-new='{\"font-size\":\"\",\"line-height\":\"\"}' ><h2 style=\"font-weight:normal;margin-bottom:15px;\">Seguridad en Harbour Island, Bahamas<\/h2><\/div><div class=\"uvc-heading-spacer line_only\" style=\"margin-bottom:15px;height:3px;\"><span class=\"uvc-headings-line\" style=\"border-style:solid;border-bottom-width:3px;border-color:#7ac1ff;width:60px;\"><\/span><\/div><\/div>[\/vc_column][\/vc_row][vc_row][vc_column][vc_column_text]<\/p>\n<p id=\"tw-target-text\" class=\"tw-data-text tw-text-large tw-ta\" dir=\"ltr\" data-placeholder=\"Translation\"><span class=\"Y2IQFc\" lang=\"es\">No se preocupe por la seguridad en Harbour Island, pr\u00e1cticamente no hay delitos ni robos. Hay una estaci\u00f3n de polic\u00eda en la isla con 1 a 3 oficiales de servicio en todo momento, pero rara vez lo ver\u00e1. No obstante, si est\u00e1 planeando unas vacaciones en Harbour Island Bahamas, aqu\u00ed hay algunas precauciones que puede tomar para evitar situaciones desagradables durante su visita: <\/span><\/p>\n<p class=\"tw-data-text tw-text-large tw-ta\" dir=\"ltr\" data-placeholder=\"Translation\"><span class=\"Y2IQFc\" lang=\"es\">&#8211; Aseg\u00farese de cerrar todas las ventanas y puertas al salir de su casa de alquiler o habitaci\u00f3n de hotel. <\/span><\/p>\n<p class=\"tw-data-text tw-text-large tw-ta\" dir=\"ltr\" data-placeholder=\"Translation\"><span class=\"Y2IQFc\" lang=\"es\">&#8211; Siempre coloque sus joyas, pasaporte y otros art\u00edculos caros e importantes en una caja fuerte que encontrar\u00e1 en los hoteles y en la mayor\u00eda de los alquileres de vacaciones. <\/span><\/p>\n<p class=\"tw-data-text tw-text-large tw-ta\" dir=\"ltr\" data-placeholder=\"Translation\"><span class=\"Y2IQFc\" lang=\"es\">&#8211; No deje bolsas u objetos de valor desatendidos en la playa o en cualquier otro lugar. Si resulta que es v\u00edctima de un delito, den\u00fancielo de inmediato a la polic\u00eda de Harbour Island, por peque\u00f1o que sea. La direcci\u00f3n e informaci\u00f3n de contacto se encuentran a continuaci\u00f3n. <\/span><\/p>\n<p class=\"tw-data-text tw-text-large tw-ta\" dir=\"ltr\" data-placeholder=\"Translation\"><span class=\"Y2IQFc\" lang=\"es\"><strong>Polic\u00eda de Harbour Island Bahamas<\/strong> <\/span><\/p>\n<p class=\"tw-data-text tw-text-large tw-ta\" dir=\"ltr\" data-placeholder=\"Translation\"><span class=\"Y2IQFc\" lang=\"es\">Goal Lane Harbour Island<\/span><\/p>\n<p class=\"tw-data-text tw-text-large tw-ta\" dir=\"ltr\" data-placeholder=\"Translation\"><span class=\"Y2IQFc\" lang=\"es\"> Tel\u00e9fono: (242) 333-2111 o 2919 <\/span><\/p>\n<p class=\"tw-data-text tw-text-large tw-ta\" dir=\"ltr\" data-placeholder=\"Translation\"><span class=\"Y2IQFc\" lang=\"es\">Horario: Todos los d\u00edas a las 7:00 am <\/span><\/p>\n<p class=\"tw-data-text tw-text-large tw-ta\" dir=\"ltr\" data-placeholder=\"Translation\"><span class=\"Y2IQFc\" lang=\"es\">La estaci\u00f3n de polic\u00eda de Harbour Island Bahamas est\u00e1 ubicada en el mismo edificio que la oficina de correos en Goal Lane.<\/span><\/p>\n<p>[\/vc_column_text][vc_separator css=\u00bb.vc_custom_1675274926103{margin-top: 30px !important;margin-bottom: 30px !important;}\u00bb][vc_row_inner][vc_column_inner width=\u00bb1\/4&#8243;][\/vc_column_inner][vc_column_inner width=\u00bb1\/2&#8243;][vc_single_image image=\u00bb72943&#8243; img_size=\u00bbfull\u00bb alignment=\u00bbcenter\u00bb][\/vc_column_inner][vc_column_inner width=\u00bb1\/4&#8243;][\/vc_column_inner][\/vc_row_inner][vc_separator css=\u00bb.vc_custom_1675274926103{margin-top: 30px !important;margin-bottom: 30px !important;}\u00bb][\/vc_column][\/vc_row]<\/p>\n<\/div>","protected":false},"excerpt":{"rendered":"<p>[vc_row css=\u00bb.vc_custom_1649079224179{padding-bottom: 50px !important;}\u00bb][vc_column][\/vc_column][\/vc_row][vc_row][vc_column][vc_column_text] No se preocupe por la seguridad en Harbour Island, pr\u00e1cticamente no hay delitos ni robos. Hay una estaci\u00f3n de polic\u00eda en la isla con 1 a 3 oficiales de servicio en todo momento, pero rara vez lo ver\u00e1. No obstante, si est\u00e1 planeando unas vacaciones en Harbour Island Bahamas, aqu\u00ed hay&hellip;<\/p>\n","protected":false},"author":1,"featured_media":72946,"parent":70406,"menu_order":0,"comment_status":"closed","ping_status":"closed","template":"","meta":{"footnotes":""},"categories":[],"tags":[1213],"class_list":["post-74787","page","type-page","status-publish","has-post-thumbnail","hentry","tag-about-harbour-island-es-2","description-off"],"yoast_head":"<!-- This site is optimized with the Yoast SEO Premium plugin v25.2 (Yoast SEO v27.4) - https:\/\/yoast.com\/product\/yoast-seo-premium-wordpress\/ -->\n<title>Seguridad en Harbour Island, Bahamas. Gu\u00eda tur\u00edstica<\/title>\n<meta name=\"description\" content=\"Official Eleuthera Harbour Island su gu\u00eda tur\u00edstica de Harbour Island, le brinda informaci\u00f3n sobre la seguridad en Harbour Island, Bahamas.\" \/>\n<meta name=\"robots\" content=\"index, follow, max-snippet:-1, max-image-preview:large, max-video-preview:-1\" \/>\n<link rel=\"canonical\" href=\"https:\/\/officialeleutheraharbourisland.com\/es\/harbour-island\/acerca\/seguridad\/\" \/>\n<meta property=\"og:locale\" content=\"es_ES\" \/>\n<meta property=\"og:type\" content=\"article\" \/>\n<meta property=\"og:title\" content=\"Seguridad\" \/>\n<meta property=\"og:description\" content=\"Official Eleuthera Harbour Island su gu\u00eda tur\u00edstica de Harbour Island, le brinda informaci\u00f3n sobre la seguridad en Harbour Island, Bahamas.\" \/>\n<meta property=\"og:url\" content=\"https:\/\/officialeleutheraharbourisland.com\/es\/harbour-island\/acerca\/seguridad\/\" \/>\n<meta property=\"og:site_name\" content=\"Official Eleuthera Harbour Island\" \/>\n<meta property=\"article:modified_time\" content=\"2023-06-19T19:59:12+00:00\" \/>\n<meta property=\"og:image\" content=\"https:\/\/officialeleutheraharbourisland.com\/wp-content\/uploads\/2023\/02\/WhatsApp-Image-2023-01-30-at-3.48.00-PM.jpeg\" \/>\n\t<meta property=\"og:image:width\" content=\"803\" \/>\n\t<meta property=\"og:image:height\" content=\"466\" \/>\n\t<meta property=\"og:image:type\" content=\"image\/jpeg\" \/>\n<meta name=\"twitter:card\" content=\"summary_large_image\" \/>\n<meta name=\"twitter:label1\" content=\"Tiempo de lectura\" \/>\n\t<meta name=\"twitter:data1\" content=\"2 minutos\" \/>\n<script type=\"application\/ld+json\" class=\"yoast-schema-graph\">{\"@context\":\"https:\\\/\\\/schema.org\",\"@graph\":[{\"@type\":\"WebPage\",\"@id\":\"https:\\\/\\\/officialeleutheraharbourisland.com\\\/es\\\/harbour-island\\\/acerca\\\/seguridad\\\/\",\"url\":\"https:\\\/\\\/officialeleutheraharbourisland.com\\\/es\\\/harbour-island\\\/acerca\\\/seguridad\\\/\",\"name\":\"Seguridad en Harbour Island, Bahamas. Gu\u00eda tur\u00edstica\",\"isPartOf\":{\"@id\":\"https:\\\/\\\/officialeleutheraharbourisland.com\\\/#website\"},\"primaryImageOfPage\":{\"@id\":\"https:\\\/\\\/officialeleutheraharbourisland.com\\\/es\\\/harbour-island\\\/acerca\\\/seguridad\\\/#primaryimage\"},\"image\":{\"@id\":\"https:\\\/\\\/officialeleutheraharbourisland.com\\\/es\\\/harbour-island\\\/acerca\\\/seguridad\\\/#primaryimage\"},\"thumbnailUrl\":\"https:\\\/\\\/officialeleutheraharbourisland.com\\\/wp-content\\\/uploads\\\/2023\\\/02\\\/WhatsApp-Image-2023-01-30-at-3.48.00-PM.jpeg\",\"datePublished\":\"2023-02-01T14:25:02+00:00\",\"dateModified\":\"2023-06-19T19:59:12+00:00\",\"description\":\"Official Eleuthera Harbour Island su gu\u00eda tur\u00edstica de Harbour Island, le brinda informaci\u00f3n sobre la seguridad en Harbour Island, Bahamas.\",\"breadcrumb\":{\"@id\":\"https:\\\/\\\/officialeleutheraharbourisland.com\\\/es\\\/harbour-island\\\/acerca\\\/seguridad\\\/#breadcrumb\"},\"inLanguage\":\"es\",\"potentialAction\":[{\"@type\":\"ReadAction\",\"target\":[\"https:\\\/\\\/officialeleutheraharbourisland.com\\\/es\\\/harbour-island\\\/acerca\\\/seguridad\\\/\"]}]},{\"@type\":\"ImageObject\",\"inLanguage\":\"es\",\"@id\":\"https:\\\/\\\/officialeleutheraharbourisland.com\\\/es\\\/harbour-island\\\/acerca\\\/seguridad\\\/#primaryimage\",\"url\":\"https:\\\/\\\/officialeleutheraharbourisland.com\\\/wp-content\\\/uploads\\\/2023\\\/02\\\/WhatsApp-Image-2023-01-30-at-3.48.00-PM.jpeg\",\"contentUrl\":\"https:\\\/\\\/officialeleutheraharbourisland.com\\\/wp-content\\\/uploads\\\/2023\\\/02\\\/WhatsApp-Image-2023-01-30-at-3.48.00-PM.jpeg\",\"width\":803,\"height\":466,\"caption\":\"safety harbour island\"},{\"@type\":\"BreadcrumbList\",\"@id\":\"https:\\\/\\\/officialeleutheraharbourisland.com\\\/es\\\/harbour-island\\\/acerca\\\/seguridad\\\/#breadcrumb\",\"itemListElement\":[{\"@type\":\"ListItem\",\"position\":1,\"name\":\"Home\",\"item\":\"https:\\\/\\\/officialeleutheraharbourisland.com\\\/es\\\/\"},{\"@type\":\"ListItem\",\"position\":2,\"name\":\"HARBOUR ISLAND\",\"item\":\"https:\\\/\\\/officialeleutheraharbourisland.com\\\/es\\\/harbour-island\\\/\"},{\"@type\":\"ListItem\",\"position\":3,\"name\":\"ACERCA\",\"item\":\"https:\\\/\\\/officialeleutheraharbourisland.com\\\/es\\\/harbour-island\\\/acerca\\\/\"},{\"@type\":\"ListItem\",\"position\":4,\"name\":\"Seguridad\"}]},{\"@type\":\"WebSite\",\"@id\":\"https:\\\/\\\/officialeleutheraharbourisland.com\\\/#website\",\"url\":\"https:\\\/\\\/officialeleutheraharbourisland.com\\\/\",\"name\":\"Official Eleuthera Harbour Island\",\"description\":\"Where Beauty &amp; Nature Meet\",\"publisher\":{\"@id\":\"https:\\\/\\\/officialeleutheraharbourisland.com\\\/#organization\"},\"potentialAction\":[{\"@type\":\"SearchAction\",\"target\":{\"@type\":\"EntryPoint\",\"urlTemplate\":\"https:\\\/\\\/officialeleutheraharbourisland.com\\\/?s={search_term_string}\"},\"query-input\":{\"@type\":\"PropertyValueSpecification\",\"valueRequired\":true,\"valueName\":\"search_term_string\"}}],\"inLanguage\":\"es\"},{\"@type\":\"Organization\",\"@id\":\"https:\\\/\\\/officialeleutheraharbourisland.com\\\/#organization\",\"name\":\"Official Eleuthera Harbour Island\",\"url\":\"https:\\\/\\\/officialeleutheraharbourisland.com\\\/\",\"logo\":{\"@type\":\"ImageObject\",\"inLanguage\":\"es\",\"@id\":\"https:\\\/\\\/officialeleutheraharbourisland.com\\\/#\\\/schema\\\/logo\\\/image\\\/\",\"url\":\"https:\\\/\\\/officialeleutheraharbourisland.com\\\/wp-content\\\/uploads\\\/2022\\\/03\\\/logo-new-GREY-275.png\",\"contentUrl\":\"https:\\\/\\\/officialeleutheraharbourisland.com\\\/wp-content\\\/uploads\\\/2022\\\/03\\\/logo-new-GREY-275.png\",\"width\":275,\"height\":22,\"caption\":\"Official Eleuthera Harbour Island\"},\"image\":{\"@id\":\"https:\\\/\\\/officialeleutheraharbourisland.com\\\/#\\\/schema\\\/logo\\\/image\\\/\"}}]}<\/script>\n<!-- \/ Yoast SEO Premium plugin. -->","yoast_head_json":{"title":"Seguridad en Harbour Island, Bahamas. Gu\u00eda tur\u00edstica","description":"Official Eleuthera Harbour Island su gu\u00eda tur\u00edstica de Harbour Island, le brinda informaci\u00f3n sobre la seguridad en Harbour Island, Bahamas.","robots":{"index":"index","follow":"follow","max-snippet":"max-snippet:-1","max-image-preview":"max-image-preview:large","max-video-preview":"max-video-preview:-1"},"canonical":"https:\/\/officialeleutheraharbourisland.com\/es\/harbour-island\/acerca\/seguridad\/","og_locale":"es_ES","og_type":"article","og_title":"Seguridad","og_description":"Official Eleuthera Harbour Island su gu\u00eda tur\u00edstica de Harbour Island, le brinda informaci\u00f3n sobre la seguridad en Harbour Island, Bahamas.","og_url":"https:\/\/officialeleutheraharbourisland.com\/es\/harbour-island\/acerca\/seguridad\/","og_site_name":"Official Eleuthera Harbour Island","article_modified_time":"2023-06-19T19:59:12+00:00","og_image":[{"width":803,"height":466,"url":"https:\/\/officialeleutheraharbourisland.com\/wp-content\/uploads\/2023\/02\/WhatsApp-Image-2023-01-30-at-3.48.00-PM.jpeg","type":"image\/jpeg"}],"twitter_card":"summary_large_image","twitter_misc":{"Tiempo de lectura":"2 minutos"},"schema":{"@context":"https:\/\/schema.org","@graph":[{"@type":"WebPage","@id":"https:\/\/officialeleutheraharbourisland.com\/es\/harbour-island\/acerca\/seguridad\/","url":"https:\/\/officialeleutheraharbourisland.com\/es\/harbour-island\/acerca\/seguridad\/","name":"Seguridad en Harbour Island, Bahamas. Gu\u00eda tur\u00edstica","isPartOf":{"@id":"https:\/\/officialeleutheraharbourisland.com\/#website"},"primaryImageOfPage":{"@id":"https:\/\/officialeleutheraharbourisland.com\/es\/harbour-island\/acerca\/seguridad\/#primaryimage"},"image":{"@id":"https:\/\/officialeleutheraharbourisland.com\/es\/harbour-island\/acerca\/seguridad\/#primaryimage"},"thumbnailUrl":"https:\/\/officialeleutheraharbourisland.com\/wp-content\/uploads\/2023\/02\/WhatsApp-Image-2023-01-30-at-3.48.00-PM.jpeg","datePublished":"2023-02-01T14:25:02+00:00","dateModified":"2023-06-19T19:59:12+00:00","description":"Official Eleuthera Harbour Island su gu\u00eda tur\u00edstica de Harbour Island, le brinda informaci\u00f3n sobre la seguridad en Harbour Island, Bahamas.","breadcrumb":{"@id":"https:\/\/officialeleutheraharbourisland.com\/es\/harbour-island\/acerca\/seguridad\/#breadcrumb"},"inLanguage":"es","potentialAction":[{"@type":"ReadAction","target":["https:\/\/officialeleutheraharbourisland.com\/es\/harbour-island\/acerca\/seguridad\/"]}]},{"@type":"ImageObject","inLanguage":"es","@id":"https:\/\/officialeleutheraharbourisland.com\/es\/harbour-island\/acerca\/seguridad\/#primaryimage","url":"https:\/\/officialeleutheraharbourisland.com\/wp-content\/uploads\/2023\/02\/WhatsApp-Image-2023-01-30-at-3.48.00-PM.jpeg","contentUrl":"https:\/\/officialeleutheraharbourisland.com\/wp-content\/uploads\/2023\/02\/WhatsApp-Image-2023-01-30-at-3.48.00-PM.jpeg","width":803,"height":466,"caption":"safety harbour island"},{"@type":"BreadcrumbList","@id":"https:\/\/officialeleutheraharbourisland.com\/es\/harbour-island\/acerca\/seguridad\/#breadcrumb","itemListElement":[{"@type":"ListItem","position":1,"name":"Home","item":"https:\/\/officialeleutheraharbourisland.com\/es\/"},{"@type":"ListItem","position":2,"name":"HARBOUR ISLAND","item":"https:\/\/officialeleutheraharbourisland.com\/es\/harbour-island\/"},{"@type":"ListItem","position":3,"name":"ACERCA","item":"https:\/\/officialeleutheraharbourisland.com\/es\/harbour-island\/acerca\/"},{"@type":"ListItem","position":4,"name":"Seguridad"}]},{"@type":"WebSite","@id":"https:\/\/officialeleutheraharbourisland.com\/#website","url":"https:\/\/officialeleutheraharbourisland.com\/","name":"Official Eleuthera Harbour Island","description":"Where Beauty &amp; Nature Meet","publisher":{"@id":"https:\/\/officialeleutheraharbourisland.com\/#organization"},"potentialAction":[{"@type":"SearchAction","target":{"@type":"EntryPoint","urlTemplate":"https:\/\/officialeleutheraharbourisland.com\/?s={search_term_string}"},"query-input":{"@type":"PropertyValueSpecification","valueRequired":true,"valueName":"search_term_string"}}],"inLanguage":"es"},{"@type":"Organization","@id":"https:\/\/officialeleutheraharbourisland.com\/#organization","name":"Official Eleuthera Harbour Island","url":"https:\/\/officialeleutheraharbourisland.com\/","logo":{"@type":"ImageObject","inLanguage":"es","@id":"https:\/\/officialeleutheraharbourisland.com\/#\/schema\/logo\/image\/","url":"https:\/\/officialeleutheraharbourisland.com\/wp-content\/uploads\/2022\/03\/logo-new-GREY-275.png","contentUrl":"https:\/\/officialeleutheraharbourisland.com\/wp-content\/uploads\/2022\/03\/logo-new-GREY-275.png","width":275,"height":22,"caption":"Official Eleuthera Harbour Island"},"image":{"@id":"https:\/\/officialeleutheraharbourisland.com\/#\/schema\/logo\/image\/"}}]}},"jetpack_sharing_enabled":true,"_links":{"self":[{"href":"https:\/\/officialeleutheraharbourisland.com\/es\/wp-json\/wp\/v2\/pages\/74787","targetHints":{"allow":["GET"]}}],"collection":[{"href":"https:\/\/officialeleutheraharbourisland.com\/es\/wp-json\/wp\/v2\/pages"}],"about":[{"href":"https:\/\/officialeleutheraharbourisland.com\/es\/wp-json\/wp\/v2\/types\/page"}],"author":[{"embeddable":true,"href":"https:\/\/officialeleutheraharbourisland.com\/es\/wp-json\/wp\/v2\/users\/1"}],"replies":[{"embeddable":true,"href":"https:\/\/officialeleutheraharbourisland.com\/es\/wp-json\/wp\/v2\/comments?post=74787"}],"version-history":[{"count":3,"href":"https:\/\/officialeleutheraharbourisland.com\/es\/wp-json\/wp\/v2\/pages\/74787\/revisions"}],"predecessor-version":[{"id":75654,"href":"https:\/\/officialeleutheraharbourisland.com\/es\/wp-json\/wp\/v2\/pages\/74787\/revisions\/75654"}],"up":[{"embeddable":true,"href":"https:\/\/officialeleutheraharbourisland.com\/es\/wp-json\/wp\/v2\/pages\/70406"}],"wp:featuredmedia":[{"embeddable":true,"href":"https:\/\/officialeleutheraharbourisland.com\/es\/wp-json\/wp\/v2\/media\/72946"}],"wp:attachment":[{"href":"https:\/\/officialeleutheraharbourisland.com\/es\/wp-json\/wp\/v2\/media?parent=74787"}],"wp:term":[{"taxonomy":"category","embeddable":true,"href":"https:\/\/officialeleutheraharbourisland.com\/es\/wp-json\/wp\/v2\/categories?post=74787"},{"taxonomy":"post_tag","embeddable":true,"href":"https:\/\/officialeleutheraharbourisland.com\/es\/wp-json\/wp\/v2\/tags?post=74787"}],"curies":[{"name":"wp","href":"https:\/\/api.w.org\/{rel}","templated":true}]}}