{"id":74831,"date":"2023-01-23T14:25:02","date_gmt":"2023-01-23T14:25:02","guid":{"rendered":"https:\/\/officialeleutheraharbourisland.com\/harbour-island\/acerca\/power-outages\/"},"modified":"2023-06-19T20:13:00","modified_gmt":"2023-06-19T20:13:00","slug":"cortes-de-energia","status":"publish","type":"page","link":"https:\/\/officialeleutheraharbourisland.com\/es\/harbour-island\/acerca\/cortes-de-energia\/","title":{"rendered":"Cortes de energ\u00eda"},"content":{"rendered":"<div class=\"wpb-content-wrapper\"><p>[vc_row css=\u00bb.vc_custom_1649079224179{padding-bottom: 50px !important;}\u00bb][vc_column]<div id=\"ultimate-heading-666569e29e571758a\" class=\"uvc-heading ult-adjust-bottom-margin ultimate-heading-666569e29e571758a uvc-3386 \" data-hspacer=\"line_only\"  data-halign=\"center\" style=\"text-align:center\"><div class=\"uvc-main-heading ult-responsive\"  data-ultimate-target='.uvc-heading.ultimate-heading-666569e29e571758a h2'  data-responsive-json-new='{\"font-size\":\"\",\"line-height\":\"\"}' ><h2 style=\"font-weight:normal;margin-bottom:15px;\">Cortes de energ\u00eda en Harbour Island, Bahamas<\/h2><\/div><div class=\"uvc-heading-spacer line_only\" style=\"margin-bottom:15px;height:3px;\"><span class=\"uvc-headings-line\" style=\"border-style:solid;border-bottom-width:3px;border-color:#7ac1ff;width:60px;\"><\/span><\/div><\/div>[\/vc_column][\/vc_row][vc_row][vc_column][vc_column_text]<\/p>\n<p id=\"tw-target-text\" class=\"tw-data-text tw-text-large tw-ta\" dir=\"ltr\" data-placeholder=\"Translation\"><span class=\"Y2IQFc\" lang=\"es\">Los cortes de energ\u00eda no son raros en Harbour Island, pero duran un corto per\u00edodo de tiempo. Harbour Island ahora tiene su propia estaci\u00f3n generadora y los cortes de energ\u00eda han disminuido. La mayor\u00eda de los hoteles, restaurantes y alquileres de vacaciones tienen generadores que se encender\u00e1n tan pronto como ocurra una interrupci\u00f3n. Se encienden autom\u00e1ticamente y se apagar\u00e1n cuando termine el apag\u00f3n. Los apagones ocurren cuando hay demasiada gente en la isla y cuando la electricidad producida es insuficiente. El clima tambi\u00e9n afectar\u00e1 el suministro de electricidad cuando los \u00e1rboles caigan sobre los postes o durante los huracanes, que son extremadamente raros en Harbour Island.<\/span><\/p>\n<p class=\"tw-data-text tw-text-large tw-ta\" dir=\"ltr\" data-placeholder=\"Translation\"><span class=\"Y2IQFc\" lang=\"es\">Si le preocupa el suministro de electricidad por cualquier motivo, confirme con su hotel o su alquiler de vacaciones que haya un generador y que est\u00e9 operativo.<\/span><\/p>\n<p>[\/vc_column_text][vc_separator css=\u00bb.vc_custom_1675274926103{margin-top: 30px !important;margin-bottom: 30px !important;}\u00bb][vc_row_inner][vc_column_inner width=\u00bb1\/4&#8243;][\/vc_column_inner][vc_column_inner width=\u00bb1\/2&#8243;][vc_single_image image=\u00bb73295&#8243; img_size=\u00bbfull\u00bb alignment=\u00bbcenter\u00bb][\/vc_column_inner][vc_column_inner width=\u00bb1\/4&#8243;][\/vc_column_inner][\/vc_row_inner][vc_separator css=\u00bb.vc_custom_1675274926103{margin-top: 30px !important;margin-bottom: 30px !important;}\u00bb][\/vc_column][\/vc_row]<\/p>\n<\/div>","protected":false},"excerpt":{"rendered":"<p>[vc_row css=\u00bb.vc_custom_1649079224179{padding-bottom: 50px !important;}\u00bb][vc_column][\/vc_column][\/vc_row][vc_row][vc_column][vc_column_text] Los cortes de energ\u00eda no son raros en Harbour Island, pero duran un corto per\u00edodo de tiempo. Harbour Island ahora tiene su propia estaci\u00f3n generadora y los cortes de energ\u00eda han disminuido. La mayor\u00eda de los hoteles, restaurantes y alquileres de vacaciones tienen generadores que se encender\u00e1n tan pronto como ocurra&hellip;<\/p>\n","protected":false},"author":1,"featured_media":73298,"parent":70406,"menu_order":0,"comment_status":"closed","ping_status":"closed","template":"","meta":{"footnotes":""},"categories":[],"tags":[1213],"class_list":["post-74831","page","type-page","status-publish","has-post-thumbnail","hentry","tag-about-harbour-island-es-2","description-off"],"yoast_head":"<!-- This site is optimized with the Yoast SEO Premium plugin v25.2 (Yoast SEO v27.4) - https:\/\/yoast.com\/product\/yoast-seo-premium-wordpress\/ -->\n<title>Cortes de energ\u00eda en Harbour Island. Gu\u00eda tur\u00edstica.<\/title>\n<meta name=\"description\" content=\"Official Eleuthera Harbour Island su gu\u00eda de Harbour Island, comparte informaci\u00f3n sobre cortes de energ\u00eda en Harbour Island, Bahamas.\" \/>\n<meta name=\"robots\" content=\"index, follow, max-snippet:-1, max-image-preview:large, max-video-preview:-1\" \/>\n<link rel=\"canonical\" href=\"https:\/\/officialeleutheraharbourisland.com\/es\/harbour-island\/acerca\/cortes-de-energia\/\" \/>\n<meta property=\"og:locale\" content=\"es_ES\" \/>\n<meta property=\"og:type\" content=\"article\" \/>\n<meta property=\"og:title\" content=\"Cortes de energ\u00eda\" \/>\n<meta property=\"og:description\" content=\"Official Eleuthera Harbour Island su gu\u00eda de Harbour Island, comparte informaci\u00f3n sobre cortes de energ\u00eda en Harbour Island, Bahamas.\" \/>\n<meta property=\"og:url\" content=\"https:\/\/officialeleutheraharbourisland.com\/es\/harbour-island\/acerca\/cortes-de-energia\/\" \/>\n<meta property=\"og:site_name\" content=\"Official Eleuthera Harbour Island\" \/>\n<meta property=\"article:modified_time\" content=\"2023-06-19T20:13:00+00:00\" \/>\n<meta property=\"og:image\" content=\"https:\/\/officialeleutheraharbourisland.com\/wp-content\/uploads\/2023\/02\/Untitled-9-1-scaled.jpg\" \/>\n\t<meta property=\"og:image:width\" content=\"2560\" \/>\n\t<meta property=\"og:image:height\" content=\"1528\" \/>\n\t<meta property=\"og:image:type\" content=\"image\/jpeg\" \/>\n<meta name=\"twitter:card\" content=\"summary_large_image\" \/>\n<meta name=\"twitter:label1\" content=\"Tiempo de lectura\" \/>\n\t<meta name=\"twitter:data1\" content=\"1 minuto\" \/>\n<script type=\"application\/ld+json\" class=\"yoast-schema-graph\">{\"@context\":\"https:\\\/\\\/schema.org\",\"@graph\":[{\"@type\":\"WebPage\",\"@id\":\"https:\\\/\\\/officialeleutheraharbourisland.com\\\/es\\\/harbour-island\\\/acerca\\\/cortes-de-energia\\\/\",\"url\":\"https:\\\/\\\/officialeleutheraharbourisland.com\\\/es\\\/harbour-island\\\/acerca\\\/cortes-de-energia\\\/\",\"name\":\"Cortes de energ\u00eda en Harbour Island. Gu\u00eda tur\u00edstica.\",\"isPartOf\":{\"@id\":\"https:\\\/\\\/officialeleutheraharbourisland.com\\\/#website\"},\"primaryImageOfPage\":{\"@id\":\"https:\\\/\\\/officialeleutheraharbourisland.com\\\/es\\\/harbour-island\\\/acerca\\\/cortes-de-energia\\\/#primaryimage\"},\"image\":{\"@id\":\"https:\\\/\\\/officialeleutheraharbourisland.com\\\/es\\\/harbour-island\\\/acerca\\\/cortes-de-energia\\\/#primaryimage\"},\"thumbnailUrl\":\"https:\\\/\\\/officialeleutheraharbourisland.com\\\/wp-content\\\/uploads\\\/2023\\\/02\\\/Untitled-9-1-scaled.jpg\",\"datePublished\":\"2023-01-23T14:25:02+00:00\",\"dateModified\":\"2023-06-19T20:13:00+00:00\",\"description\":\"Official Eleuthera Harbour Island su gu\u00eda de Harbour Island, comparte informaci\u00f3n sobre cortes de energ\u00eda en Harbour Island, Bahamas.\",\"breadcrumb\":{\"@id\":\"https:\\\/\\\/officialeleutheraharbourisland.com\\\/es\\\/harbour-island\\\/acerca\\\/cortes-de-energia\\\/#breadcrumb\"},\"inLanguage\":\"es\",\"potentialAction\":[{\"@type\":\"ReadAction\",\"target\":[\"https:\\\/\\\/officialeleutheraharbourisland.com\\\/es\\\/harbour-island\\\/acerca\\\/cortes-de-energia\\\/\"]}]},{\"@type\":\"ImageObject\",\"inLanguage\":\"es\",\"@id\":\"https:\\\/\\\/officialeleutheraharbourisland.com\\\/es\\\/harbour-island\\\/acerca\\\/cortes-de-energia\\\/#primaryimage\",\"url\":\"https:\\\/\\\/officialeleutheraharbourisland.com\\\/wp-content\\\/uploads\\\/2023\\\/02\\\/Untitled-9-1-scaled.jpg\",\"contentUrl\":\"https:\\\/\\\/officialeleutheraharbourisland.com\\\/wp-content\\\/uploads\\\/2023\\\/02\\\/Untitled-9-1-scaled.jpg\",\"width\":2560,\"height\":1528,\"caption\":\"Power outages harbour island\"},{\"@type\":\"BreadcrumbList\",\"@id\":\"https:\\\/\\\/officialeleutheraharbourisland.com\\\/es\\\/harbour-island\\\/acerca\\\/cortes-de-energia\\\/#breadcrumb\",\"itemListElement\":[{\"@type\":\"ListItem\",\"position\":1,\"name\":\"Home\",\"item\":\"https:\\\/\\\/officialeleutheraharbourisland.com\\\/es\\\/\"},{\"@type\":\"ListItem\",\"position\":2,\"name\":\"HARBOUR ISLAND\",\"item\":\"https:\\\/\\\/officialeleutheraharbourisland.com\\\/es\\\/harbour-island\\\/\"},{\"@type\":\"ListItem\",\"position\":3,\"name\":\"ACERCA\",\"item\":\"https:\\\/\\\/officialeleutheraharbourisland.com\\\/es\\\/harbour-island\\\/acerca\\\/\"},{\"@type\":\"ListItem\",\"position\":4,\"name\":\"Cortes de energ\u00eda\"}]},{\"@type\":\"WebSite\",\"@id\":\"https:\\\/\\\/officialeleutheraharbourisland.com\\\/#website\",\"url\":\"https:\\\/\\\/officialeleutheraharbourisland.com\\\/\",\"name\":\"Official Eleuthera Harbour Island\",\"description\":\"Where Beauty &amp; Nature Meet\",\"publisher\":{\"@id\":\"https:\\\/\\\/officialeleutheraharbourisland.com\\\/#organization\"},\"potentialAction\":[{\"@type\":\"SearchAction\",\"target\":{\"@type\":\"EntryPoint\",\"urlTemplate\":\"https:\\\/\\\/officialeleutheraharbourisland.com\\\/?s={search_term_string}\"},\"query-input\":{\"@type\":\"PropertyValueSpecification\",\"valueRequired\":true,\"valueName\":\"search_term_string\"}}],\"inLanguage\":\"es\"},{\"@type\":\"Organization\",\"@id\":\"https:\\\/\\\/officialeleutheraharbourisland.com\\\/#organization\",\"name\":\"Official Eleuthera Harbour Island\",\"url\":\"https:\\\/\\\/officialeleutheraharbourisland.com\\\/\",\"logo\":{\"@type\":\"ImageObject\",\"inLanguage\":\"es\",\"@id\":\"https:\\\/\\\/officialeleutheraharbourisland.com\\\/#\\\/schema\\\/logo\\\/image\\\/\",\"url\":\"https:\\\/\\\/officialeleutheraharbourisland.com\\\/wp-content\\\/uploads\\\/2022\\\/03\\\/logo-new-GREY-275.png\",\"contentUrl\":\"https:\\\/\\\/officialeleutheraharbourisland.com\\\/wp-content\\\/uploads\\\/2022\\\/03\\\/logo-new-GREY-275.png\",\"width\":275,\"height\":22,\"caption\":\"Official Eleuthera Harbour Island\"},\"image\":{\"@id\":\"https:\\\/\\\/officialeleutheraharbourisland.com\\\/#\\\/schema\\\/logo\\\/image\\\/\"}}]}<\/script>\n<!-- \/ Yoast SEO Premium plugin. -->","yoast_head_json":{"title":"Cortes de energ\u00eda en Harbour Island. Gu\u00eda tur\u00edstica.","description":"Official Eleuthera Harbour Island su gu\u00eda de Harbour Island, comparte informaci\u00f3n sobre cortes de energ\u00eda en Harbour Island, Bahamas.","robots":{"index":"index","follow":"follow","max-snippet":"max-snippet:-1","max-image-preview":"max-image-preview:large","max-video-preview":"max-video-preview:-1"},"canonical":"https:\/\/officialeleutheraharbourisland.com\/es\/harbour-island\/acerca\/cortes-de-energia\/","og_locale":"es_ES","og_type":"article","og_title":"Cortes de energ\u00eda","og_description":"Official Eleuthera Harbour Island su gu\u00eda de Harbour Island, comparte informaci\u00f3n sobre cortes de energ\u00eda en Harbour Island, Bahamas.","og_url":"https:\/\/officialeleutheraharbourisland.com\/es\/harbour-island\/acerca\/cortes-de-energia\/","og_site_name":"Official Eleuthera Harbour Island","article_modified_time":"2023-06-19T20:13:00+00:00","og_image":[{"width":2560,"height":1528,"url":"https:\/\/officialeleutheraharbourisland.com\/wp-content\/uploads\/2023\/02\/Untitled-9-1-scaled.jpg","type":"image\/jpeg"}],"twitter_card":"summary_large_image","twitter_misc":{"Tiempo de lectura":"1 minuto"},"schema":{"@context":"https:\/\/schema.org","@graph":[{"@type":"WebPage","@id":"https:\/\/officialeleutheraharbourisland.com\/es\/harbour-island\/acerca\/cortes-de-energia\/","url":"https:\/\/officialeleutheraharbourisland.com\/es\/harbour-island\/acerca\/cortes-de-energia\/","name":"Cortes de energ\u00eda en Harbour Island. Gu\u00eda tur\u00edstica.","isPartOf":{"@id":"https:\/\/officialeleutheraharbourisland.com\/#website"},"primaryImageOfPage":{"@id":"https:\/\/officialeleutheraharbourisland.com\/es\/harbour-island\/acerca\/cortes-de-energia\/#primaryimage"},"image":{"@id":"https:\/\/officialeleutheraharbourisland.com\/es\/harbour-island\/acerca\/cortes-de-energia\/#primaryimage"},"thumbnailUrl":"https:\/\/officialeleutheraharbourisland.com\/wp-content\/uploads\/2023\/02\/Untitled-9-1-scaled.jpg","datePublished":"2023-01-23T14:25:02+00:00","dateModified":"2023-06-19T20:13:00+00:00","description":"Official Eleuthera Harbour Island su gu\u00eda de Harbour Island, comparte informaci\u00f3n sobre cortes de energ\u00eda en Harbour Island, Bahamas.","breadcrumb":{"@id":"https:\/\/officialeleutheraharbourisland.com\/es\/harbour-island\/acerca\/cortes-de-energia\/#breadcrumb"},"inLanguage":"es","potentialAction":[{"@type":"ReadAction","target":["https:\/\/officialeleutheraharbourisland.com\/es\/harbour-island\/acerca\/cortes-de-energia\/"]}]},{"@type":"ImageObject","inLanguage":"es","@id":"https:\/\/officialeleutheraharbourisland.com\/es\/harbour-island\/acerca\/cortes-de-energia\/#primaryimage","url":"https:\/\/officialeleutheraharbourisland.com\/wp-content\/uploads\/2023\/02\/Untitled-9-1-scaled.jpg","contentUrl":"https:\/\/officialeleutheraharbourisland.com\/wp-content\/uploads\/2023\/02\/Untitled-9-1-scaled.jpg","width":2560,"height":1528,"caption":"Power outages harbour island"},{"@type":"BreadcrumbList","@id":"https:\/\/officialeleutheraharbourisland.com\/es\/harbour-island\/acerca\/cortes-de-energia\/#breadcrumb","itemListElement":[{"@type":"ListItem","position":1,"name":"Home","item":"https:\/\/officialeleutheraharbourisland.com\/es\/"},{"@type":"ListItem","position":2,"name":"HARBOUR ISLAND","item":"https:\/\/officialeleutheraharbourisland.com\/es\/harbour-island\/"},{"@type":"ListItem","position":3,"name":"ACERCA","item":"https:\/\/officialeleutheraharbourisland.com\/es\/harbour-island\/acerca\/"},{"@type":"ListItem","position":4,"name":"Cortes de energ\u00eda"}]},{"@type":"WebSite","@id":"https:\/\/officialeleutheraharbourisland.com\/#website","url":"https:\/\/officialeleutheraharbourisland.com\/","name":"Official Eleuthera Harbour Island","description":"Where Beauty &amp; Nature Meet","publisher":{"@id":"https:\/\/officialeleutheraharbourisland.com\/#organization"},"potentialAction":[{"@type":"SearchAction","target":{"@type":"EntryPoint","urlTemplate":"https:\/\/officialeleutheraharbourisland.com\/?s={search_term_string}"},"query-input":{"@type":"PropertyValueSpecification","valueRequired":true,"valueName":"search_term_string"}}],"inLanguage":"es"},{"@type":"Organization","@id":"https:\/\/officialeleutheraharbourisland.com\/#organization","name":"Official Eleuthera Harbour Island","url":"https:\/\/officialeleutheraharbourisland.com\/","logo":{"@type":"ImageObject","inLanguage":"es","@id":"https:\/\/officialeleutheraharbourisland.com\/#\/schema\/logo\/image\/","url":"https:\/\/officialeleutheraharbourisland.com\/wp-content\/uploads\/2022\/03\/logo-new-GREY-275.png","contentUrl":"https:\/\/officialeleutheraharbourisland.com\/wp-content\/uploads\/2022\/03\/logo-new-GREY-275.png","width":275,"height":22,"caption":"Official Eleuthera Harbour Island"},"image":{"@id":"https:\/\/officialeleutheraharbourisland.com\/#\/schema\/logo\/image\/"}}]}},"jetpack_sharing_enabled":true,"_links":{"self":[{"href":"https:\/\/officialeleutheraharbourisland.com\/es\/wp-json\/wp\/v2\/pages\/74831","targetHints":{"allow":["GET"]}}],"collection":[{"href":"https:\/\/officialeleutheraharbourisland.com\/es\/wp-json\/wp\/v2\/pages"}],"about":[{"href":"https:\/\/officialeleutheraharbourisland.com\/es\/wp-json\/wp\/v2\/types\/page"}],"author":[{"embeddable":true,"href":"https:\/\/officialeleutheraharbourisland.com\/es\/wp-json\/wp\/v2\/users\/1"}],"replies":[{"embeddable":true,"href":"https:\/\/officialeleutheraharbourisland.com\/es\/wp-json\/wp\/v2\/comments?post=74831"}],"version-history":[{"count":3,"href":"https:\/\/officialeleutheraharbourisland.com\/es\/wp-json\/wp\/v2\/pages\/74831\/revisions"}],"predecessor-version":[{"id":75656,"href":"https:\/\/officialeleutheraharbourisland.com\/es\/wp-json\/wp\/v2\/pages\/74831\/revisions\/75656"}],"up":[{"embeddable":true,"href":"https:\/\/officialeleutheraharbourisland.com\/es\/wp-json\/wp\/v2\/pages\/70406"}],"wp:featuredmedia":[{"embeddable":true,"href":"https:\/\/officialeleutheraharbourisland.com\/es\/wp-json\/wp\/v2\/media\/73298"}],"wp:attachment":[{"href":"https:\/\/officialeleutheraharbourisland.com\/es\/wp-json\/wp\/v2\/media?parent=74831"}],"wp:term":[{"taxonomy":"category","embeddable":true,"href":"https:\/\/officialeleutheraharbourisland.com\/es\/wp-json\/wp\/v2\/categories?post=74831"},{"taxonomy":"post_tag","embeddable":true,"href":"https:\/\/officialeleutheraharbourisland.com\/es\/wp-json\/wp\/v2\/tags?post=74831"}],"curies":[{"name":"wp","href":"https:\/\/api.w.org\/{rel}","templated":true}]}}