{"id":74879,"date":"2022-04-04T11:37:39","date_gmt":"2022-04-04T11:37:39","guid":{"rendered":"https:\/\/officialeleutheraharbourisland.com\/harbour-island\/como-llegar\/en-avion\/direct-flights-to-north-eleuthera\/"},"modified":"2023-04-13T19:25:02","modified_gmt":"2023-04-13T19:25:02","slug":"vuelos-directos-a-north-eleuthera","status":"publish","type":"page","link":"https:\/\/officialeleutheraharbourisland.com\/es\/harbour-island\/como-llegar\/en-avion\/vuelos-directos-a-north-eleuthera\/","title":{"rendered":"Vuelos directos a North Eleuthera"},"content":{"rendered":"<div class=\"wpb-content-wrapper\"><p>[vc_row css=\u00bb.vc_custom_1649079224179{padding-bottom: 50px !important;}\u00bb][vc_column]<div id=\"ultimate-heading-415369de6fb99315d\" class=\"uvc-heading ult-adjust-bottom-margin ultimate-heading-415369de6fb99315d uvc-9465 \" data-hspacer=\"line_only\"  data-halign=\"center\" style=\"text-align:center\"><div class=\"uvc-main-heading ult-responsive\"  data-ultimate-target='.uvc-heading.ultimate-heading-415369de6fb99315d h2'  data-responsive-json-new='{\"font-size\":\"\",\"line-height\":\"\"}' ><h2 style=\"font-weight:normal;margin-bottom:15px;\">Vuelos directos a North Eleuthera<\/h2><\/div><div class=\"uvc-heading-spacer line_only\" style=\"margin-bottom:15px;height:3px;\"><span class=\"uvc-headings-line\" style=\"border-style:solid;border-bottom-width:3px;border-color:#7ac1ff;width:60px;\"><\/span><\/div><\/div>[\/vc_column][\/vc_row][vc_row][vc_column][vc_column_text]<\/p>\n<p id=\"tw-target-text\" class=\"tw-data-text tw-text-large tw-ta\" dir=\"ltr\" data-placeholder=\"Translation\"><span class=\"Y2IQFc\" lang=\"es\"><strong>Importante<\/strong>: no hay aeropuerto en Harbour Island, los visitantes deber\u00e1n volar a North Eleuthera (el c\u00f3digo de aeropuerto para North Eleuthera es ELH). Es el aeropuerto m\u00e1s cercano a Harbour Island. <\/span><\/p>\n<p class=\"tw-data-text tw-text-large tw-ta\" dir=\"ltr\" data-placeholder=\"Translation\"><span class=\"Y2IQFc\" lang=\"es\"><strong>Solo hay 5 ubicaciones que ofrecen vuelos directos a North Eleuthera:<\/strong> <\/span><\/p>\n<p class=\"tw-data-text tw-text-large tw-ta\" dir=\"ltr\" data-placeholder=\"Translation\"><span class=\"Y2IQFc\" lang=\"es\">Miami, Fort Lauderdale, Atlanta, Nassau, Charlotte. <\/span><\/p>\n<p class=\"tw-data-text tw-text-large tw-ta\" dir=\"ltr\" data-placeholder=\"Translation\"><span class=\"Y2IQFc\" lang=\"es\">La mejor ubicaci\u00f3n para tomar un vuelo a North Eleuthera ser\u00eda desde Miami o Fort Lauderdale; ofrecen la mayor cantidad de vuelos diarios, un total de 4. Atlanta es un destino importante porque es un centro de otras ciudades en los Estados Unidos. La programaci\u00f3n del vuelo es una tarea importante porque tener una conexi\u00f3n estrecha podr\u00eda resultar riesgoso si hay alg\u00fan retraso. El aeropuerto de North Eleuthera no permite vuelos nocturnos, es un aeropuerto sin torres y sin luces de pista.<\/span><\/p>\n<p>[\/vc_column_text][vc_separator css=\u00bb.vc_custom_1675192431247{padding-top: 30px !important;padding-bottom: 30px !important;}\u00bb][vc_row_inner][vc_column_inner width=\u00bb1\/2&#8243;][vc_single_image image=\u00bb72801&#8243; img_size=\u00bbfull\u00bb alignment=\u00bbcenter\u00bb][\/vc_column_inner][vc_column_inner width=\u00bb1\/2&#8243;][vc_single_image image=\u00bb72805&#8243; img_size=\u00bbfull\u00bb alignment=\u00bbcenter\u00bb][\/vc_column_inner][\/vc_row_inner][vc_separator css=\u00bb.vc_custom_1675192431247{padding-top: 30px !important;padding-bottom: 30px !important;}\u00bb][vc_column_text]<\/p>\n<p id=\"tw-target-text\" class=\"tw-data-text tw-text-large tw-ta\" dir=\"ltr\" data-placeholder=\"Translation\"><span class=\"Y2IQFc\" lang=\"es\"><strong>Desde Florida<\/strong>: <\/span><\/p>\n<p class=\"tw-data-text tw-text-large tw-ta\" dir=\"ltr\" data-placeholder=\"Translation\"><span class=\"Y2IQFc\" lang=\"es\">Para llegar a Harbour Island, los visitantes deber\u00e1n reservar un vuelo a North Eleuthera, tambi\u00e9n conocido como ELH en la industria de la aviaci\u00f3n. Los vuelos comerciales desde el sur de Florida se ofrecen desde el Aeropuerto Internacional de Miami o desde Fort Lauderdale. Volar a North Eleuthera puede ser costoso, especialmente en temporada alta y no es raro pagar hasta $ 600 ida y vuelta. Por lo tanto, se recomienda reservar su vuelo lo antes posible para obtener las mejores tarifas posibles. El aeropuerto tiene capacidad para la mayor\u00eda de los viajeros regionales debido a la longitud de la pista y el equipamiento. Florida ofrece vuelos directos a North Eleuthera. Las siguientes compa\u00f1\u00edas vuelan desde el sur de Florida. Listaremos solo vuelos directos.<\/span><\/p>\n<p class=\"tw-data-text tw-text-large tw-ta\" dir=\"ltr\" data-placeholder=\"Translation\"><strong><span class=\"Y2IQFc\" lang=\"es\">American Airlines <\/span><\/strong><\/p>\n<p class=\"tw-data-text tw-text-large tw-ta\" dir=\"ltr\" data-placeholder=\"Translation\"><span class=\"Y2IQFc\" lang=\"es\">Vuelos directos desde Miami &#8211; <a href=\"https:\/\/www.aa.com\/\">https:\/\/www.aa.com\/ <\/a><\/span><\/p>\n<p class=\"tw-data-text tw-text-large tw-ta\" dir=\"ltr\" data-placeholder=\"Translation\"><strong><span class=\"Y2IQFc\" lang=\"es\">Silver Airways<\/span><\/strong><\/p>\n<p class=\"tw-data-text tw-text-large tw-ta\" dir=\"ltr\" data-placeholder=\"Translation\"><span class=\"Y2IQFc\" lang=\"es\">Vuelos directos desde Fort Lauderdale &#8211; <a href=\"https:\/\/www.silverairways.com\/\">https:\/\/www.silverairways.com\/<\/a>. Silver Airways es una compa\u00f1\u00eda a\u00e9rea regional de Estados Unidos que vuela por la costa sureste oriental y las rutas del Caribe, incluidas las Bahamas. Tienen 2 vuelos diarios de FLL a ELH, uno por la ma\u00f1ana y otro por la tarde alrededor de las 10 a. m. y las 3 p. m. (consulte el horario en el sitio web de la aerol\u00ednea). Vuelan ATR 42-600, son vuelos regionales de h\u00e9lice que acomodan hasta 50 personas. El costo de un boleto de avi\u00f3n es en promedio $400 y la duraci\u00f3n del vuelo es de 80 minutos. <\/span><\/p>\n<p class=\"tw-data-text tw-text-large tw-ta\" dir=\"ltr\" data-placeholder=\"Translation\"><strong><span class=\"Y2IQFc\" lang=\"es\">Aztec Airways<\/span><\/strong><\/p>\n<p class=\"tw-data-text tw-text-large tw-ta\" dir=\"ltr\" data-placeholder=\"Translation\"><span class=\"Y2IQFc\" lang=\"es\">Vuelos directos desde Fort Lauderdale &#8211; <a href=\"https:\/\/www.flyaztec.com\">https:\/\/www.flyaztec.com<\/a>.<\/span><\/p>\n<p class=\"tw-data-text tw-text-large tw-ta\" dir=\"ltr\" data-placeholder=\"Translation\"><span class=\"Y2IQFc\" lang=\"es\">Aztec es una peque\u00f1a aerol\u00ednea con 6 aviones peque\u00f1os de 6 pasajeros. Esos aviones son viejos pero bien mantenidos con excelentes pilotos. Los pasajeros que no le temen a los aviones peque\u00f1os disfrutar\u00e1n volando Aztec, pueden llegar con 30 minutos de anticipaci\u00f3n a una peque\u00f1a \u201cterminal\u201d. El horario se suele respetar. Tiene que reservar en l\u00ednea en su sitio web o llamarlos. El vuelo durar\u00e1 1 hora y 20 minutos.<\/span><\/p>\n<p>[\/vc_column_text][vc_separator css=\u00bb.vc_custom_1674487851499{padding-top: 30px !important;padding-bottom: 30px !important;}\u00bb][vc_column_text]<strong>Desde Atlanta:<\/strong><\/p>\n<p><strong>Delta<\/strong><\/p>\n<p>Vuelos directos desde Atlanta &#8211; <a href=\"https:\/\/www.delta.com\/\">https:\/\/www.delta.com\/<\/a><\/p>\n<p id=\"tw-target-text\" class=\"tw-data-text tw-text-large tw-ta\" dir=\"ltr\" data-placeholder=\"Translation\"><span class=\"Y2IQFc\" lang=\"es\">Delta vuela dos veces por semana desde Atlanta a North Eleuthera. La duraci\u00f3n del vuelo es de 2 horas y 9 minutos.<\/span><\/p>\n<p>[\/vc_column_text][vc_separator css=\u00bb.vc_custom_1674487851499{padding-top: 30px !important;padding-bottom: 30px !important;}\u00bb][vc_column_text]<strong>Desde Nassau:<\/strong><br \/>\n<a href=\"https:\/\/www.bahamasair.com\/\">https:\/\/www.bahamasair.com\/<\/a><br \/>\n<a href=\"https:\/\/pineappleair.com\/\">https:\/\/pineappleair.com\/<\/a>[\/vc_column_text][vc_separator css=\u00bb.vc_custom_1675192431247{padding-top: 30px !important;padding-bottom: 30px !important;}\u00bb][\/vc_column][\/vc_row]<\/p>\n<\/div>","protected":false},"excerpt":{"rendered":"<p>[vc_row css=\u00bb.vc_custom_1649079224179{padding-bottom: 50px !important;}\u00bb][vc_column][\/vc_column][\/vc_row][vc_row][vc_column][vc_column_text] Importante: no hay aeropuerto en Harbour Island, los visitantes deber\u00e1n volar a North Eleuthera (el c\u00f3digo de aeropuerto para North Eleuthera es ELH). Es el aeropuerto m\u00e1s cercano a Harbour Island. Solo hay 5 ubicaciones que ofrecen vuelos directos a North Eleuthera: Miami, Fort Lauderdale, Atlanta, Nassau, Charlotte. La mejor ubicaci\u00f3n&hellip;<\/p>\n","protected":false},"author":4,"featured_media":72808,"parent":74859,"menu_order":0,"comment_status":"closed","ping_status":"closed","template":"","meta":{"footnotes":""},"categories":[],"tags":[1229],"class_list":["post-74879","page","type-page","status-publish","has-post-thumbnail","hentry","tag-by-plane-harbour-island-es-2","description-off"],"yoast_head":"<!-- This site is optimized with the Yoast SEO Premium plugin v25.2 (Yoast SEO v27.3) - https:\/\/yoast.com\/product\/yoast-seo-premium-wordpress\/ -->\n<title>Vuelos directos a North Eleuthera, desde Miami, Fort Lauderdale.<\/title>\n<meta name=\"description\" content=\"Official Eleuthera Harbour Island la mejor informaci\u00f3n sobre vuelos directos a North Eleuthera desde Miami, Fort Lauderdale, Atlanta.\" \/>\n<meta name=\"robots\" content=\"index, follow, max-snippet:-1, max-image-preview:large, max-video-preview:-1\" \/>\n<link rel=\"canonical\" href=\"https:\/\/officialeleutheraharbourisland.com\/es\/harbour-island\/como-llegar\/en-avion\/vuelos-directos-a-north-eleuthera\/\" \/>\n<meta property=\"og:locale\" content=\"es_ES\" \/>\n<meta property=\"og:type\" content=\"article\" \/>\n<meta property=\"og:title\" content=\"Vuelos directos a North Eleuthera\" \/>\n<meta property=\"og:description\" content=\"Official Eleuthera Harbour Island la mejor informaci\u00f3n sobre vuelos directos a North Eleuthera desde Miami, Fort Lauderdale, Atlanta.\" \/>\n<meta property=\"og:url\" content=\"https:\/\/officialeleutheraharbourisland.com\/es\/harbour-island\/como-llegar\/en-avion\/vuelos-directos-a-north-eleuthera\/\" \/>\n<meta property=\"og:site_name\" content=\"Official Eleuthera Harbour Island\" \/>\n<meta property=\"article:modified_time\" content=\"2023-04-13T19:25:02+00:00\" \/>\n<meta property=\"og:image\" content=\"https:\/\/officialeleutheraharbourisland.com\/wp-content\/uploads\/2023\/01\/Untitled1.jpg\" \/>\n\t<meta property=\"og:image:width\" content=\"2000\" \/>\n\t<meta property=\"og:image:height\" content=\"1013\" \/>\n\t<meta property=\"og:image:type\" content=\"image\/jpeg\" \/>\n<meta name=\"twitter:card\" content=\"summary_large_image\" \/>\n<meta name=\"twitter:label1\" content=\"Tiempo de lectura\" \/>\n\t<meta name=\"twitter:data1\" content=\"3 minutos\" \/>\n<script type=\"application\/ld+json\" class=\"yoast-schema-graph\">{\"@context\":\"https:\\\/\\\/schema.org\",\"@graph\":[{\"@type\":\"WebPage\",\"@id\":\"https:\\\/\\\/officialeleutheraharbourisland.com\\\/es\\\/harbour-island\\\/como-llegar\\\/en-avion\\\/vuelos-directos-a-north-eleuthera\\\/\",\"url\":\"https:\\\/\\\/officialeleutheraharbourisland.com\\\/es\\\/harbour-island\\\/como-llegar\\\/en-avion\\\/vuelos-directos-a-north-eleuthera\\\/\",\"name\":\"Vuelos directos a North Eleuthera, desde Miami, Fort Lauderdale.\",\"isPartOf\":{\"@id\":\"https:\\\/\\\/officialeleutheraharbourisland.com\\\/#website\"},\"primaryImageOfPage\":{\"@id\":\"https:\\\/\\\/officialeleutheraharbourisland.com\\\/es\\\/harbour-island\\\/como-llegar\\\/en-avion\\\/vuelos-directos-a-north-eleuthera\\\/#primaryimage\"},\"image\":{\"@id\":\"https:\\\/\\\/officialeleutheraharbourisland.com\\\/es\\\/harbour-island\\\/como-llegar\\\/en-avion\\\/vuelos-directos-a-north-eleuthera\\\/#primaryimage\"},\"thumbnailUrl\":\"https:\\\/\\\/officialeleutheraharbourisland.com\\\/wp-content\\\/uploads\\\/2023\\\/01\\\/Untitled1.jpg\",\"datePublished\":\"2022-04-04T11:37:39+00:00\",\"dateModified\":\"2023-04-13T19:25:02+00:00\",\"description\":\"Official Eleuthera Harbour Island la mejor informaci\u00f3n sobre vuelos directos a North Eleuthera desde Miami, Fort Lauderdale, Atlanta.\",\"breadcrumb\":{\"@id\":\"https:\\\/\\\/officialeleutheraharbourisland.com\\\/es\\\/harbour-island\\\/como-llegar\\\/en-avion\\\/vuelos-directos-a-north-eleuthera\\\/#breadcrumb\"},\"inLanguage\":\"es\",\"potentialAction\":[{\"@type\":\"ReadAction\",\"target\":[\"https:\\\/\\\/officialeleutheraharbourisland.com\\\/es\\\/harbour-island\\\/como-llegar\\\/en-avion\\\/vuelos-directos-a-north-eleuthera\\\/\"]}]},{\"@type\":\"ImageObject\",\"inLanguage\":\"es\",\"@id\":\"https:\\\/\\\/officialeleutheraharbourisland.com\\\/es\\\/harbour-island\\\/como-llegar\\\/en-avion\\\/vuelos-directos-a-north-eleuthera\\\/#primaryimage\",\"url\":\"https:\\\/\\\/officialeleutheraharbourisland.com\\\/wp-content\\\/uploads\\\/2023\\\/01\\\/Untitled1.jpg\",\"contentUrl\":\"https:\\\/\\\/officialeleutheraharbourisland.com\\\/wp-content\\\/uploads\\\/2023\\\/01\\\/Untitled1.jpg\",\"width\":2000,\"height\":1013,\"caption\":\"direct flights north eleuthera\"},{\"@type\":\"BreadcrumbList\",\"@id\":\"https:\\\/\\\/officialeleutheraharbourisland.com\\\/es\\\/harbour-island\\\/como-llegar\\\/en-avion\\\/vuelos-directos-a-north-eleuthera\\\/#breadcrumb\",\"itemListElement\":[{\"@type\":\"ListItem\",\"position\":1,\"name\":\"Home\",\"item\":\"https:\\\/\\\/officialeleutheraharbourisland.com\\\/es\\\/\"},{\"@type\":\"ListItem\",\"position\":2,\"name\":\"HARBOUR ISLAND\",\"item\":\"https:\\\/\\\/officialeleutheraharbourisland.com\\\/es\\\/harbour-island\\\/\"},{\"@type\":\"ListItem\",\"position\":3,\"name\":\"C\u00d3MO LLEGAR\",\"item\":\"https:\\\/\\\/officialeleutheraharbourisland.com\\\/es\\\/harbour-island\\\/como-llegar\\\/\"},{\"@type\":\"ListItem\",\"position\":4,\"name\":\"En avi\u00f3n\",\"item\":\"https:\\\/\\\/officialeleutheraharbourisland.com\\\/es\\\/harbour-island\\\/como-llegar\\\/en-avion\\\/\"},{\"@type\":\"ListItem\",\"position\":5,\"name\":\"Vuelos directos a North Eleuthera\"}]},{\"@type\":\"WebSite\",\"@id\":\"https:\\\/\\\/officialeleutheraharbourisland.com\\\/#website\",\"url\":\"https:\\\/\\\/officialeleutheraharbourisland.com\\\/\",\"name\":\"Official Eleuthera Harbour Island\",\"description\":\"Where Beauty &amp; Nature Meet\",\"publisher\":{\"@id\":\"https:\\\/\\\/officialeleutheraharbourisland.com\\\/#organization\"},\"potentialAction\":[{\"@type\":\"SearchAction\",\"target\":{\"@type\":\"EntryPoint\",\"urlTemplate\":\"https:\\\/\\\/officialeleutheraharbourisland.com\\\/?s={search_term_string}\"},\"query-input\":{\"@type\":\"PropertyValueSpecification\",\"valueRequired\":true,\"valueName\":\"search_term_string\"}}],\"inLanguage\":\"es\"},{\"@type\":\"Organization\",\"@id\":\"https:\\\/\\\/officialeleutheraharbourisland.com\\\/#organization\",\"name\":\"Official Eleuthera Harbour Island\",\"url\":\"https:\\\/\\\/officialeleutheraharbourisland.com\\\/\",\"logo\":{\"@type\":\"ImageObject\",\"inLanguage\":\"es\",\"@id\":\"https:\\\/\\\/officialeleutheraharbourisland.com\\\/#\\\/schema\\\/logo\\\/image\\\/\",\"url\":\"https:\\\/\\\/officialeleutheraharbourisland.com\\\/wp-content\\\/uploads\\\/2022\\\/03\\\/logo-new-GREY-275.png\",\"contentUrl\":\"https:\\\/\\\/officialeleutheraharbourisland.com\\\/wp-content\\\/uploads\\\/2022\\\/03\\\/logo-new-GREY-275.png\",\"width\":275,\"height\":22,\"caption\":\"Official Eleuthera Harbour Island\"},\"image\":{\"@id\":\"https:\\\/\\\/officialeleutheraharbourisland.com\\\/#\\\/schema\\\/logo\\\/image\\\/\"}}]}<\/script>\n<!-- \/ Yoast SEO Premium plugin. -->","yoast_head_json":{"title":"Vuelos directos a North Eleuthera, desde Miami, Fort Lauderdale.","description":"Official Eleuthera Harbour Island la mejor informaci\u00f3n sobre vuelos directos a North Eleuthera desde Miami, Fort Lauderdale, Atlanta.","robots":{"index":"index","follow":"follow","max-snippet":"max-snippet:-1","max-image-preview":"max-image-preview:large","max-video-preview":"max-video-preview:-1"},"canonical":"https:\/\/officialeleutheraharbourisland.com\/es\/harbour-island\/como-llegar\/en-avion\/vuelos-directos-a-north-eleuthera\/","og_locale":"es_ES","og_type":"article","og_title":"Vuelos directos a North Eleuthera","og_description":"Official Eleuthera Harbour Island la mejor informaci\u00f3n sobre vuelos directos a North Eleuthera desde Miami, Fort Lauderdale, Atlanta.","og_url":"https:\/\/officialeleutheraharbourisland.com\/es\/harbour-island\/como-llegar\/en-avion\/vuelos-directos-a-north-eleuthera\/","og_site_name":"Official Eleuthera Harbour Island","article_modified_time":"2023-04-13T19:25:02+00:00","og_image":[{"width":2000,"height":1013,"url":"https:\/\/officialeleutheraharbourisland.com\/wp-content\/uploads\/2023\/01\/Untitled1.jpg","type":"image\/jpeg"}],"twitter_card":"summary_large_image","twitter_misc":{"Tiempo de lectura":"3 minutos"},"schema":{"@context":"https:\/\/schema.org","@graph":[{"@type":"WebPage","@id":"https:\/\/officialeleutheraharbourisland.com\/es\/harbour-island\/como-llegar\/en-avion\/vuelos-directos-a-north-eleuthera\/","url":"https:\/\/officialeleutheraharbourisland.com\/es\/harbour-island\/como-llegar\/en-avion\/vuelos-directos-a-north-eleuthera\/","name":"Vuelos directos a North Eleuthera, desde Miami, Fort Lauderdale.","isPartOf":{"@id":"https:\/\/officialeleutheraharbourisland.com\/#website"},"primaryImageOfPage":{"@id":"https:\/\/officialeleutheraharbourisland.com\/es\/harbour-island\/como-llegar\/en-avion\/vuelos-directos-a-north-eleuthera\/#primaryimage"},"image":{"@id":"https:\/\/officialeleutheraharbourisland.com\/es\/harbour-island\/como-llegar\/en-avion\/vuelos-directos-a-north-eleuthera\/#primaryimage"},"thumbnailUrl":"https:\/\/officialeleutheraharbourisland.com\/wp-content\/uploads\/2023\/01\/Untitled1.jpg","datePublished":"2022-04-04T11:37:39+00:00","dateModified":"2023-04-13T19:25:02+00:00","description":"Official Eleuthera Harbour Island la mejor informaci\u00f3n sobre vuelos directos a North Eleuthera desde Miami, Fort Lauderdale, Atlanta.","breadcrumb":{"@id":"https:\/\/officialeleutheraharbourisland.com\/es\/harbour-island\/como-llegar\/en-avion\/vuelos-directos-a-north-eleuthera\/#breadcrumb"},"inLanguage":"es","potentialAction":[{"@type":"ReadAction","target":["https:\/\/officialeleutheraharbourisland.com\/es\/harbour-island\/como-llegar\/en-avion\/vuelos-directos-a-north-eleuthera\/"]}]},{"@type":"ImageObject","inLanguage":"es","@id":"https:\/\/officialeleutheraharbourisland.com\/es\/harbour-island\/como-llegar\/en-avion\/vuelos-directos-a-north-eleuthera\/#primaryimage","url":"https:\/\/officialeleutheraharbourisland.com\/wp-content\/uploads\/2023\/01\/Untitled1.jpg","contentUrl":"https:\/\/officialeleutheraharbourisland.com\/wp-content\/uploads\/2023\/01\/Untitled1.jpg","width":2000,"height":1013,"caption":"direct flights north eleuthera"},{"@type":"BreadcrumbList","@id":"https:\/\/officialeleutheraharbourisland.com\/es\/harbour-island\/como-llegar\/en-avion\/vuelos-directos-a-north-eleuthera\/#breadcrumb","itemListElement":[{"@type":"ListItem","position":1,"name":"Home","item":"https:\/\/officialeleutheraharbourisland.com\/es\/"},{"@type":"ListItem","position":2,"name":"HARBOUR ISLAND","item":"https:\/\/officialeleutheraharbourisland.com\/es\/harbour-island\/"},{"@type":"ListItem","position":3,"name":"C\u00d3MO LLEGAR","item":"https:\/\/officialeleutheraharbourisland.com\/es\/harbour-island\/como-llegar\/"},{"@type":"ListItem","position":4,"name":"En avi\u00f3n","item":"https:\/\/officialeleutheraharbourisland.com\/es\/harbour-island\/como-llegar\/en-avion\/"},{"@type":"ListItem","position":5,"name":"Vuelos directos a North Eleuthera"}]},{"@type":"WebSite","@id":"https:\/\/officialeleutheraharbourisland.com\/#website","url":"https:\/\/officialeleutheraharbourisland.com\/","name":"Official Eleuthera Harbour Island","description":"Where Beauty &amp; Nature Meet","publisher":{"@id":"https:\/\/officialeleutheraharbourisland.com\/#organization"},"potentialAction":[{"@type":"SearchAction","target":{"@type":"EntryPoint","urlTemplate":"https:\/\/officialeleutheraharbourisland.com\/?s={search_term_string}"},"query-input":{"@type":"PropertyValueSpecification","valueRequired":true,"valueName":"search_term_string"}}],"inLanguage":"es"},{"@type":"Organization","@id":"https:\/\/officialeleutheraharbourisland.com\/#organization","name":"Official Eleuthera Harbour Island","url":"https:\/\/officialeleutheraharbourisland.com\/","logo":{"@type":"ImageObject","inLanguage":"es","@id":"https:\/\/officialeleutheraharbourisland.com\/#\/schema\/logo\/image\/","url":"https:\/\/officialeleutheraharbourisland.com\/wp-content\/uploads\/2022\/03\/logo-new-GREY-275.png","contentUrl":"https:\/\/officialeleutheraharbourisland.com\/wp-content\/uploads\/2022\/03\/logo-new-GREY-275.png","width":275,"height":22,"caption":"Official Eleuthera Harbour Island"},"image":{"@id":"https:\/\/officialeleutheraharbourisland.com\/#\/schema\/logo\/image\/"}}]}},"jetpack_sharing_enabled":true,"_links":{"self":[{"href":"https:\/\/officialeleutheraharbourisland.com\/es\/wp-json\/wp\/v2\/pages\/74879","targetHints":{"allow":["GET"]}}],"collection":[{"href":"https:\/\/officialeleutheraharbourisland.com\/es\/wp-json\/wp\/v2\/pages"}],"about":[{"href":"https:\/\/officialeleutheraharbourisland.com\/es\/wp-json\/wp\/v2\/types\/page"}],"author":[{"embeddable":true,"href":"https:\/\/officialeleutheraharbourisland.com\/es\/wp-json\/wp\/v2\/users\/4"}],"replies":[{"embeddable":true,"href":"https:\/\/officialeleutheraharbourisland.com\/es\/wp-json\/wp\/v2\/comments?post=74879"}],"version-history":[{"count":4,"href":"https:\/\/officialeleutheraharbourisland.com\/es\/wp-json\/wp\/v2\/pages\/74879\/revisions"}],"predecessor-version":[{"id":74883,"href":"https:\/\/officialeleutheraharbourisland.com\/es\/wp-json\/wp\/v2\/pages\/74879\/revisions\/74883"}],"up":[{"embeddable":true,"href":"https:\/\/officialeleutheraharbourisland.com\/es\/wp-json\/wp\/v2\/pages\/74859"}],"wp:featuredmedia":[{"embeddable":true,"href":"https:\/\/officialeleutheraharbourisland.com\/es\/wp-json\/wp\/v2\/media\/72808"}],"wp:attachment":[{"href":"https:\/\/officialeleutheraharbourisland.com\/es\/wp-json\/wp\/v2\/media?parent=74879"}],"wp:term":[{"taxonomy":"category","embeddable":true,"href":"https:\/\/officialeleutheraharbourisland.com\/es\/wp-json\/wp\/v2\/categories?post=74879"},{"taxonomy":"post_tag","embeddable":true,"href":"https:\/\/officialeleutheraharbourisland.com\/es\/wp-json\/wp\/v2\/tags?post=74879"}],"curies":[{"name":"wp","href":"https:\/\/api.w.org\/{rel}","templated":true}]}}