{"id":74901,"date":"2022-04-04T11:37:39","date_gmt":"2022-04-04T11:37:39","guid":{"rendered":"https:\/\/officialeleutheraharbourisland.com\/harbour-island\/como-llegar\/en-avion\/tips-for-flying-to-harbour-island\/"},"modified":"2023-04-14T20:00:37","modified_gmt":"2023-04-14T20:00:37","slug":"consejos-para-volar-a-harbour-island","status":"publish","type":"page","link":"https:\/\/officialeleutheraharbourisland.com\/es\/harbour-island\/como-llegar\/en-avion\/consejos-para-volar-a-harbour-island\/","title":{"rendered":"Consejos para volar a Harbour Island"},"content":{"rendered":"<div class=\"wpb-content-wrapper\"><p>[vc_row css=\u00bb.vc_custom_1649079224179{padding-bottom: 50px !important;}\u00bb][vc_column]<div id=\"ultimate-heading-857269e29e2c909ec\" class=\"uvc-heading ult-adjust-bottom-margin ultimate-heading-857269e29e2c909ec uvc-433 \" data-hspacer=\"line_only\"  data-halign=\"center\" style=\"text-align:center\"><div class=\"uvc-main-heading ult-responsive\"  data-ultimate-target='.uvc-heading.ultimate-heading-857269e29e2c909ec h2'  data-responsive-json-new='{\"font-size\":\"\",\"line-height\":\"\"}' ><h2 style=\"font-weight:normal;margin-bottom:15px;\">Consejos para volar a Eleuthera y llegar a Harbour Island<\/h2><\/div><div class=\"uvc-heading-spacer line_only\" style=\"margin-bottom:15px;height:3px;\"><span class=\"uvc-headings-line\" style=\"border-style:solid;border-bottom-width:3px;border-color:#7ac1ff;width:60px;\"><\/span><\/div><\/div>[vc_column_text]<\/p>\n<p id=\"tw-target-text\" class=\"tw-data-text tw-text-large tw-ta\" dir=\"ltr\" data-placeholder=\"Translation\"><span class=\"Y2IQFc\" lang=\"es\">Cuando vuele a North Eleuthera, nos gustar\u00eda compartir algunos consejos que permitir\u00e1n a los viajeros estar en la playa lo antes posible. Los viajeros siempre deben seleccionar el aeropuerto m\u00e1s concurrido y m\u00e1s cercano a Harbour Island, el aeropuerto de North Eleuthera, tambi\u00e9n conocido como ELH. <\/span><\/p>\n<p class=\"tw-data-text tw-text-large tw-ta\" dir=\"ltr\" data-placeholder=\"Translation\"><span class=\"Y2IQFc\" lang=\"es\">Los aviones comerciales transportar\u00e1n de 30 a 50 pasajeros en promedio, le sugerimos imperativamente que llene sus documentos de inmigraci\u00f3n en el avi\u00f3n al partir y que seleccione los asientos en la parte delantera del avi\u00f3n. El aeropuerto de North Eleuthera es peque\u00f1o y un m\u00e1ximo de 2 agentes de aduanas estar\u00e1n all\u00ed para inspeccionar su pasaporte. <\/span><\/p>\n<p class=\"tw-data-text tw-text-large tw-ta\" dir=\"ltr\" data-placeholder=\"Translation\"><span class=\"Y2IQFc\" lang=\"es\">Los viajeros deben salir del avi\u00f3n lo m\u00e1s r\u00e1pido posible para evitar tener que esperar en la pista bajo el calor. Estar sentado en la parte delantera del avi\u00f3n le permitir\u00e1 pasar la aduana en unos minutos, mientras que si est\u00e1 sentado en la parte trasera del avi\u00f3n puede tardar hasta 30 minutos.<\/span><\/p>\n<p>[\/vc_column_text][vc_separator css=\u00bb.vc_custom_1675194424978{margin-top: 30px !important;margin-bottom: 30px !important;}\u00bb][vc_row_inner][vc_column_inner width=\u00bb1\/2&#8243;][vc_single_image image=\u00bb72828&#8243; img_size=\u00bbfull\u00bb alignment=\u00bbcenter\u00bb][\/vc_column_inner][vc_column_inner width=\u00bb1\/2&#8243;][vc_single_image image=\u00bb72824&#8243; img_size=\u00bbfull\u00bb alignment=\u00bbcenter\u00bb][\/vc_column_inner][\/vc_row_inner][\/vc_column][\/vc_row]<\/p>\n<\/div>","protected":false},"excerpt":{"rendered":"<p>[vc_row css=\u00bb.vc_custom_1649079224179{padding-bottom: 50px !important;}\u00bb][vc_column][vc_column_text] Cuando vuele a North Eleuthera, nos gustar\u00eda compartir algunos consejos que permitir\u00e1n a los viajeros estar en la playa lo antes posible. Los viajeros siempre deben seleccionar el aeropuerto m\u00e1s concurrido y m\u00e1s cercano a Harbour Island, el aeropuerto de North Eleuthera, tambi\u00e9n conocido como ELH. Los aviones comerciales transportar\u00e1n de&hellip;<\/p>\n","protected":false},"author":4,"featured_media":72831,"parent":74859,"menu_order":0,"comment_status":"closed","ping_status":"closed","template":"","meta":{"footnotes":""},"categories":[],"tags":[1229],"class_list":["post-74901","page","type-page","status-publish","has-post-thumbnail","hentry","tag-by-plane-harbour-island-es-2","description-off"],"yoast_head":"<!-- This site is optimized with the Yoast SEO Premium plugin v25.2 (Yoast SEO v27.4) - https:\/\/yoast.com\/product\/yoast-seo-premium-wordpress\/ -->\n<title>Consejos para volar a Eleuthera y llegar a Harbour island.<\/title>\n<meta name=\"description\" content=\"Official Eleuthera Harbour Island la mejor opci\u00f3n para sus vacaciones. Los mejores consejos para volar a Harbour Island, Bahamas.\" \/>\n<meta name=\"robots\" content=\"index, follow, max-snippet:-1, max-image-preview:large, max-video-preview:-1\" \/>\n<link rel=\"canonical\" href=\"https:\/\/officialeleutheraharbourisland.com\/es\/harbour-island\/como-llegar\/en-avion\/consejos-para-volar-a-harbour-island\/\" \/>\n<meta property=\"og:locale\" content=\"es_ES\" \/>\n<meta property=\"og:type\" content=\"article\" \/>\n<meta property=\"og:title\" content=\"Consejos para volar a Harbour Island\" \/>\n<meta property=\"og:description\" content=\"Official Eleuthera Harbour Island la mejor opci\u00f3n para sus vacaciones. Los mejores consejos para volar a Harbour Island, Bahamas.\" \/>\n<meta property=\"og:url\" content=\"https:\/\/officialeleutheraharbourisland.com\/es\/harbour-island\/como-llegar\/en-avion\/consejos-para-volar-a-harbour-island\/\" \/>\n<meta property=\"og:site_name\" content=\"Official Eleuthera Harbour Island\" \/>\n<meta property=\"article:modified_time\" content=\"2023-04-14T20:00:37+00:00\" \/>\n<meta property=\"og:image\" content=\"https:\/\/officialeleutheraharbourisland.com\/wp-content\/uploads\/2023\/01\/Untitledp4.jpg\" \/>\n\t<meta property=\"og:image:width\" content=\"1000\" \/>\n\t<meta property=\"og:image:height\" content=\"600\" \/>\n\t<meta property=\"og:image:type\" content=\"image\/jpeg\" \/>\n<meta name=\"twitter:card\" content=\"summary_large_image\" \/>\n<meta name=\"twitter:label1\" content=\"Tiempo de lectura\" \/>\n\t<meta name=\"twitter:data1\" content=\"1 minuto\" \/>\n<script type=\"application\/ld+json\" class=\"yoast-schema-graph\">{\"@context\":\"https:\\\/\\\/schema.org\",\"@graph\":[{\"@type\":\"WebPage\",\"@id\":\"https:\\\/\\\/officialeleutheraharbourisland.com\\\/es\\\/harbour-island\\\/como-llegar\\\/en-avion\\\/consejos-para-volar-a-harbour-island\\\/\",\"url\":\"https:\\\/\\\/officialeleutheraharbourisland.com\\\/es\\\/harbour-island\\\/como-llegar\\\/en-avion\\\/consejos-para-volar-a-harbour-island\\\/\",\"name\":\"Consejos para volar a Eleuthera y llegar a Harbour island.\",\"isPartOf\":{\"@id\":\"https:\\\/\\\/officialeleutheraharbourisland.com\\\/#website\"},\"primaryImageOfPage\":{\"@id\":\"https:\\\/\\\/officialeleutheraharbourisland.com\\\/es\\\/harbour-island\\\/como-llegar\\\/en-avion\\\/consejos-para-volar-a-harbour-island\\\/#primaryimage\"},\"image\":{\"@id\":\"https:\\\/\\\/officialeleutheraharbourisland.com\\\/es\\\/harbour-island\\\/como-llegar\\\/en-avion\\\/consejos-para-volar-a-harbour-island\\\/#primaryimage\"},\"thumbnailUrl\":\"https:\\\/\\\/officialeleutheraharbourisland.com\\\/wp-content\\\/uploads\\\/2023\\\/01\\\/Untitledp4.jpg\",\"datePublished\":\"2022-04-04T11:37:39+00:00\",\"dateModified\":\"2023-04-14T20:00:37+00:00\",\"description\":\"Official Eleuthera Harbour Island la mejor opci\u00f3n para sus vacaciones. Los mejores consejos para volar a Harbour Island, Bahamas.\",\"breadcrumb\":{\"@id\":\"https:\\\/\\\/officialeleutheraharbourisland.com\\\/es\\\/harbour-island\\\/como-llegar\\\/en-avion\\\/consejos-para-volar-a-harbour-island\\\/#breadcrumb\"},\"inLanguage\":\"es\",\"potentialAction\":[{\"@type\":\"ReadAction\",\"target\":[\"https:\\\/\\\/officialeleutheraharbourisland.com\\\/es\\\/harbour-island\\\/como-llegar\\\/en-avion\\\/consejos-para-volar-a-harbour-island\\\/\"]}]},{\"@type\":\"ImageObject\",\"inLanguage\":\"es\",\"@id\":\"https:\\\/\\\/officialeleutheraharbourisland.com\\\/es\\\/harbour-island\\\/como-llegar\\\/en-avion\\\/consejos-para-volar-a-harbour-island\\\/#primaryimage\",\"url\":\"https:\\\/\\\/officialeleutheraharbourisland.com\\\/wp-content\\\/uploads\\\/2023\\\/01\\\/Untitledp4.jpg\",\"contentUrl\":\"https:\\\/\\\/officialeleutheraharbourisland.com\\\/wp-content\\\/uploads\\\/2023\\\/01\\\/Untitledp4.jpg\",\"width\":1000,\"height\":600,\"caption\":\"TIPS FLYING TO ELEUTHERA\"},{\"@type\":\"BreadcrumbList\",\"@id\":\"https:\\\/\\\/officialeleutheraharbourisland.com\\\/es\\\/harbour-island\\\/como-llegar\\\/en-avion\\\/consejos-para-volar-a-harbour-island\\\/#breadcrumb\",\"itemListElement\":[{\"@type\":\"ListItem\",\"position\":1,\"name\":\"Home\",\"item\":\"https:\\\/\\\/officialeleutheraharbourisland.com\\\/es\\\/\"},{\"@type\":\"ListItem\",\"position\":2,\"name\":\"HARBOUR ISLAND\",\"item\":\"https:\\\/\\\/officialeleutheraharbourisland.com\\\/es\\\/harbour-island\\\/\"},{\"@type\":\"ListItem\",\"position\":3,\"name\":\"C\u00d3MO LLEGAR\",\"item\":\"https:\\\/\\\/officialeleutheraharbourisland.com\\\/es\\\/harbour-island\\\/como-llegar\\\/\"},{\"@type\":\"ListItem\",\"position\":4,\"name\":\"En avi\u00f3n\",\"item\":\"https:\\\/\\\/officialeleutheraharbourisland.com\\\/es\\\/harbour-island\\\/como-llegar\\\/en-avion\\\/\"},{\"@type\":\"ListItem\",\"position\":5,\"name\":\"Consejos para volar a Harbour Island\"}]},{\"@type\":\"WebSite\",\"@id\":\"https:\\\/\\\/officialeleutheraharbourisland.com\\\/#website\",\"url\":\"https:\\\/\\\/officialeleutheraharbourisland.com\\\/\",\"name\":\"Official Eleuthera Harbour Island\",\"description\":\"Where Beauty &amp; Nature Meet\",\"publisher\":{\"@id\":\"https:\\\/\\\/officialeleutheraharbourisland.com\\\/#organization\"},\"potentialAction\":[{\"@type\":\"SearchAction\",\"target\":{\"@type\":\"EntryPoint\",\"urlTemplate\":\"https:\\\/\\\/officialeleutheraharbourisland.com\\\/?s={search_term_string}\"},\"query-input\":{\"@type\":\"PropertyValueSpecification\",\"valueRequired\":true,\"valueName\":\"search_term_string\"}}],\"inLanguage\":\"es\"},{\"@type\":\"Organization\",\"@id\":\"https:\\\/\\\/officialeleutheraharbourisland.com\\\/#organization\",\"name\":\"Official Eleuthera Harbour Island\",\"url\":\"https:\\\/\\\/officialeleutheraharbourisland.com\\\/\",\"logo\":{\"@type\":\"ImageObject\",\"inLanguage\":\"es\",\"@id\":\"https:\\\/\\\/officialeleutheraharbourisland.com\\\/#\\\/schema\\\/logo\\\/image\\\/\",\"url\":\"https:\\\/\\\/officialeleutheraharbourisland.com\\\/wp-content\\\/uploads\\\/2022\\\/03\\\/logo-new-GREY-275.png\",\"contentUrl\":\"https:\\\/\\\/officialeleutheraharbourisland.com\\\/wp-content\\\/uploads\\\/2022\\\/03\\\/logo-new-GREY-275.png\",\"width\":275,\"height\":22,\"caption\":\"Official Eleuthera Harbour Island\"},\"image\":{\"@id\":\"https:\\\/\\\/officialeleutheraharbourisland.com\\\/#\\\/schema\\\/logo\\\/image\\\/\"}}]}<\/script>\n<!-- \/ Yoast SEO Premium plugin. -->","yoast_head_json":{"title":"Consejos para volar a Eleuthera y llegar a Harbour island.","description":"Official Eleuthera Harbour Island la mejor opci\u00f3n para sus vacaciones. Los mejores consejos para volar a Harbour Island, Bahamas.","robots":{"index":"index","follow":"follow","max-snippet":"max-snippet:-1","max-image-preview":"max-image-preview:large","max-video-preview":"max-video-preview:-1"},"canonical":"https:\/\/officialeleutheraharbourisland.com\/es\/harbour-island\/como-llegar\/en-avion\/consejos-para-volar-a-harbour-island\/","og_locale":"es_ES","og_type":"article","og_title":"Consejos para volar a Harbour Island","og_description":"Official Eleuthera Harbour Island la mejor opci\u00f3n para sus vacaciones. Los mejores consejos para volar a Harbour Island, Bahamas.","og_url":"https:\/\/officialeleutheraharbourisland.com\/es\/harbour-island\/como-llegar\/en-avion\/consejos-para-volar-a-harbour-island\/","og_site_name":"Official Eleuthera Harbour Island","article_modified_time":"2023-04-14T20:00:37+00:00","og_image":[{"width":1000,"height":600,"url":"https:\/\/officialeleutheraharbourisland.com\/wp-content\/uploads\/2023\/01\/Untitledp4.jpg","type":"image\/jpeg"}],"twitter_card":"summary_large_image","twitter_misc":{"Tiempo de lectura":"1 minuto"},"schema":{"@context":"https:\/\/schema.org","@graph":[{"@type":"WebPage","@id":"https:\/\/officialeleutheraharbourisland.com\/es\/harbour-island\/como-llegar\/en-avion\/consejos-para-volar-a-harbour-island\/","url":"https:\/\/officialeleutheraharbourisland.com\/es\/harbour-island\/como-llegar\/en-avion\/consejos-para-volar-a-harbour-island\/","name":"Consejos para volar a Eleuthera y llegar a Harbour island.","isPartOf":{"@id":"https:\/\/officialeleutheraharbourisland.com\/#website"},"primaryImageOfPage":{"@id":"https:\/\/officialeleutheraharbourisland.com\/es\/harbour-island\/como-llegar\/en-avion\/consejos-para-volar-a-harbour-island\/#primaryimage"},"image":{"@id":"https:\/\/officialeleutheraharbourisland.com\/es\/harbour-island\/como-llegar\/en-avion\/consejos-para-volar-a-harbour-island\/#primaryimage"},"thumbnailUrl":"https:\/\/officialeleutheraharbourisland.com\/wp-content\/uploads\/2023\/01\/Untitledp4.jpg","datePublished":"2022-04-04T11:37:39+00:00","dateModified":"2023-04-14T20:00:37+00:00","description":"Official Eleuthera Harbour Island la mejor opci\u00f3n para sus vacaciones. Los mejores consejos para volar a Harbour Island, Bahamas.","breadcrumb":{"@id":"https:\/\/officialeleutheraharbourisland.com\/es\/harbour-island\/como-llegar\/en-avion\/consejos-para-volar-a-harbour-island\/#breadcrumb"},"inLanguage":"es","potentialAction":[{"@type":"ReadAction","target":["https:\/\/officialeleutheraharbourisland.com\/es\/harbour-island\/como-llegar\/en-avion\/consejos-para-volar-a-harbour-island\/"]}]},{"@type":"ImageObject","inLanguage":"es","@id":"https:\/\/officialeleutheraharbourisland.com\/es\/harbour-island\/como-llegar\/en-avion\/consejos-para-volar-a-harbour-island\/#primaryimage","url":"https:\/\/officialeleutheraharbourisland.com\/wp-content\/uploads\/2023\/01\/Untitledp4.jpg","contentUrl":"https:\/\/officialeleutheraharbourisland.com\/wp-content\/uploads\/2023\/01\/Untitledp4.jpg","width":1000,"height":600,"caption":"TIPS FLYING TO ELEUTHERA"},{"@type":"BreadcrumbList","@id":"https:\/\/officialeleutheraharbourisland.com\/es\/harbour-island\/como-llegar\/en-avion\/consejos-para-volar-a-harbour-island\/#breadcrumb","itemListElement":[{"@type":"ListItem","position":1,"name":"Home","item":"https:\/\/officialeleutheraharbourisland.com\/es\/"},{"@type":"ListItem","position":2,"name":"HARBOUR ISLAND","item":"https:\/\/officialeleutheraharbourisland.com\/es\/harbour-island\/"},{"@type":"ListItem","position":3,"name":"C\u00d3MO LLEGAR","item":"https:\/\/officialeleutheraharbourisland.com\/es\/harbour-island\/como-llegar\/"},{"@type":"ListItem","position":4,"name":"En avi\u00f3n","item":"https:\/\/officialeleutheraharbourisland.com\/es\/harbour-island\/como-llegar\/en-avion\/"},{"@type":"ListItem","position":5,"name":"Consejos para volar a Harbour Island"}]},{"@type":"WebSite","@id":"https:\/\/officialeleutheraharbourisland.com\/#website","url":"https:\/\/officialeleutheraharbourisland.com\/","name":"Official Eleuthera Harbour Island","description":"Where Beauty &amp; Nature Meet","publisher":{"@id":"https:\/\/officialeleutheraharbourisland.com\/#organization"},"potentialAction":[{"@type":"SearchAction","target":{"@type":"EntryPoint","urlTemplate":"https:\/\/officialeleutheraharbourisland.com\/?s={search_term_string}"},"query-input":{"@type":"PropertyValueSpecification","valueRequired":true,"valueName":"search_term_string"}}],"inLanguage":"es"},{"@type":"Organization","@id":"https:\/\/officialeleutheraharbourisland.com\/#organization","name":"Official Eleuthera Harbour Island","url":"https:\/\/officialeleutheraharbourisland.com\/","logo":{"@type":"ImageObject","inLanguage":"es","@id":"https:\/\/officialeleutheraharbourisland.com\/#\/schema\/logo\/image\/","url":"https:\/\/officialeleutheraharbourisland.com\/wp-content\/uploads\/2022\/03\/logo-new-GREY-275.png","contentUrl":"https:\/\/officialeleutheraharbourisland.com\/wp-content\/uploads\/2022\/03\/logo-new-GREY-275.png","width":275,"height":22,"caption":"Official Eleuthera Harbour Island"},"image":{"@id":"https:\/\/officialeleutheraharbourisland.com\/#\/schema\/logo\/image\/"}}]}},"jetpack_sharing_enabled":true,"_links":{"self":[{"href":"https:\/\/officialeleutheraharbourisland.com\/es\/wp-json\/wp\/v2\/pages\/74901","targetHints":{"allow":["GET"]}}],"collection":[{"href":"https:\/\/officialeleutheraharbourisland.com\/es\/wp-json\/wp\/v2\/pages"}],"about":[{"href":"https:\/\/officialeleutheraharbourisland.com\/es\/wp-json\/wp\/v2\/types\/page"}],"author":[{"embeddable":true,"href":"https:\/\/officialeleutheraharbourisland.com\/es\/wp-json\/wp\/v2\/users\/4"}],"replies":[{"embeddable":true,"href":"https:\/\/officialeleutheraharbourisland.com\/es\/wp-json\/wp\/v2\/comments?post=74901"}],"version-history":[{"count":3,"href":"https:\/\/officialeleutheraharbourisland.com\/es\/wp-json\/wp\/v2\/pages\/74901\/revisions"}],"predecessor-version":[{"id":74908,"href":"https:\/\/officialeleutheraharbourisland.com\/es\/wp-json\/wp\/v2\/pages\/74901\/revisions\/74908"}],"up":[{"embeddable":true,"href":"https:\/\/officialeleutheraharbourisland.com\/es\/wp-json\/wp\/v2\/pages\/74859"}],"wp:featuredmedia":[{"embeddable":true,"href":"https:\/\/officialeleutheraharbourisland.com\/es\/wp-json\/wp\/v2\/media\/72831"}],"wp:attachment":[{"href":"https:\/\/officialeleutheraharbourisland.com\/es\/wp-json\/wp\/v2\/media?parent=74901"}],"wp:term":[{"taxonomy":"category","embeddable":true,"href":"https:\/\/officialeleutheraharbourisland.com\/es\/wp-json\/wp\/v2\/categories?post=74901"},{"taxonomy":"post_tag","embeddable":true,"href":"https:\/\/officialeleutheraharbourisland.com\/es\/wp-json\/wp\/v2\/tags?post=74901"}],"curies":[{"name":"wp","href":"https:\/\/api.w.org\/{rel}","templated":true}]}}