{"id":74929,"date":"2023-02-01T14:25:02","date_gmt":"2023-02-01T14:25:02","guid":{"rendered":"https:\/\/officialeleutheraharbourisland.com\/harbour-island\/como-llegar\/en-bote\/best-season-to-sail\/"},"modified":"2023-06-19T20:59:05","modified_gmt":"2023-06-19T20:59:05","slug":"la-mejor-temporada-para-navegar","status":"publish","type":"page","link":"https:\/\/officialeleutheraharbourisland.com\/es\/harbour-island\/como-llegar\/en-bote\/la-mejor-temporada-para-navegar\/","title":{"rendered":"La mejor temporada para navegar"},"content":{"rendered":"<div class=\"wpb-content-wrapper\"><p>[vc_row css=\u00bb.vc_custom_1649079224179{padding-bottom: 50px !important;}\u00bb][vc_column]<div id=\"ultimate-heading-82969de33b2c1eae\" class=\"uvc-heading ult-adjust-bottom-margin ultimate-heading-82969de33b2c1eae uvc-2905 \" data-hspacer=\"line_only\"  data-halign=\"center\" style=\"text-align:center\"><div class=\"uvc-main-heading ult-responsive\"  data-ultimate-target='.uvc-heading.ultimate-heading-82969de33b2c1eae h2'  data-responsive-json-new='{\"font-size\":\"\",\"line-height\":\"\"}' ><h2 style=\"font-weight:normal;margin-bottom:15px;\">La mejor temporada para navegar entre el sur de Florida y Harbour Island<\/h2><\/div><div class=\"uvc-heading-spacer line_only\" style=\"margin-bottom:15px;height:3px;\"><span class=\"uvc-headings-line\" style=\"border-style:solid;border-bottom-width:3px;border-color:#7ac1ff;width:60px;\"><\/span><\/div><\/div>[\/vc_column][\/vc_row][vc_row][vc_column][vc_column_text]<\/p>\n<p id=\"tw-target-text\" class=\"tw-data-text tw-text-large tw-ta\" dir=\"ltr\" data-placeholder=\"Translation\"><span class=\"Y2IQFc\" lang=\"es\">Hay debates entre los navegantes sobre cu\u00e1l es la mejor temporada para viajar en barco desde Florida a las Bahamas. La realidad es que navegar es placentero y posible todo el a\u00f1o. Diferentes per\u00edodos presentan diferentes pros y contras. Si usted es un navegante experimentado, probablemente sabr\u00e1 c\u00f3mo mitigar los riesgos del clima y no meterse en problemas. La \u00fanica \u00e1rea que puede presentar un problema es cuando los barcos salen de la costa de Florida y pueden encontrarse con el efecto del \u201cSistema de la Corriente del Golfo\u201d. El borde interior del sistema est\u00e1 a unas 10 millas de la costa; puede resultar en un aumento de la corriente y mares m\u00e1s agitados. <\/span><\/p>\n<p class=\"tw-data-text tw-text-large tw-ta\" dir=\"ltr\" data-placeholder=\"Translation\"><span class=\"Y2IQFc\" lang=\"es\"><strong>De Diciembre a Abril<\/strong>, el clima es m\u00e1s fresco y seco y, en general, m\u00e1s estable; sin embargo, cruzar la corriente del golfo en este per\u00edodo no es m\u00e1s tranquilo. Si tiene la intenci\u00f3n de atracar en puertos deportivos o encontrar un fondeadero protegido, es m\u00e1s costoso y m\u00e1s desafiante. Deber\u00e1 reservar su muelle con anticipaci\u00f3n y las tarifas son las m\u00e1s altas. <\/span><\/p>\n<p class=\"tw-data-text tw-text-large tw-ta\" dir=\"ltr\" data-placeholder=\"Translation\"><span class=\"Y2IQFc\" lang=\"es\"><strong>De Junio a finales de Octubre<\/strong> es la temporada de huracanes, sin embargo, rara vez llegan a las Bahamas y lo \u00fanico bueno de los \u00abhuracanes\u00bb es que a veces se anuncian con hasta 10 d\u00edas de anticipaci\u00f3n, por lo que hay mucho tiempo para encontrar un puerto seguro en las Bahamas o en los Estados Unidos. Los puertos deportivos est\u00e1n mucho menos concurridos y son mucho m\u00e1s baratos. Los veranos son menos ventosos con algunas lluvias diarias de corta duraci\u00f3n.<\/span><\/p>\n<p>[\/vc_column_text][vc_separator css=\u00bb.vc_custom_1675274926103{margin-top: 30px !important;margin-bottom: 30px !important;}\u00bb][vc_row_inner][vc_column_inner width=\u00bb1\/4&#8243;][\/vc_column_inner][vc_column_inner width=\u00bb1\/2&#8243;][vc_single_image image=\u00bb73042&#8243; img_size=\u00bbfull\u00bb alignment=\u00bbcenter\u00bb][\/vc_column_inner][vc_column_inner width=\u00bb1\/4&#8243;][\/vc_column_inner][\/vc_row_inner][vc_separator css=\u00bb.vc_custom_1675274926103{margin-top: 30px !important;margin-bottom: 30px !important;}\u00bb][vc_column_text]<\/p>\n<p id=\"tw-target-text\" class=\"tw-data-text tw-text-large tw-ta\" dir=\"ltr\" data-placeholder=\"Translation\"><span class=\"Y2IQFc\" lang=\"es\"><strong>La mejor \u00e9poca del a\u00f1o para navegar desde Florida a las Bahamas es de Noviembre a Abril, ya que existe un menor riesgo de tormentas estacionales o huracanes, lo que resulta en un clima de navegaci\u00f3n m\u00e1s confiable y, por lo tanto, m\u00e1s seguro.<\/strong> <\/span><\/p>\n<p class=\"tw-data-text tw-text-large tw-ta\" dir=\"ltr\" data-placeholder=\"Translation\"><span class=\"Y2IQFc\" lang=\"es\">Tambi\u00e9n encontrar\u00e1 un clima muy agradable en los veranos, y ser\u00e1 m\u00e1s fresco que en Florida. Pero los riesgos de tormentas estacionales y la temporada de lluvias deber\u00edan hacer que los navegantes se detengan antes de dirigirse a la costa. Vamos a profundizar m\u00e1s en \u00abpor qu\u00e9\u00bb. <\/span><\/p>\n<p class=\"tw-data-text tw-text-large tw-ta\" dir=\"ltr\" data-placeholder=\"Translation\"><span class=\"Y2IQFc\" lang=\"es\">El otro gran riesgo para llegar a las Bahamas es el Gulfstream. El Gulfstream es una corriente fuerte que nace en el Golfo de M\u00e9xico y se puede ver desde algunos puntos de la costa de Florida. En su punto m\u00e1s r\u00e1pido, puede alcanzar velocidades de unos 5 nudos. Aunque no son tan comunes durante la temporada de oto\u00f1o, los frentes fr\u00edos a\u00fan pueden barrer y traer vientos del norte y tormentas a su lado. Por lo tanto, evite este cruce, especialmente si es un navegante principiante. <\/span><\/p>\n<p class=\"tw-data-text tw-text-large tw-ta\" dir=\"ltr\" data-placeholder=\"Translation\"><span class=\"Y2IQFc\" lang=\"es\">Aunque puede navegar a las Bahamas durante todo el a\u00f1o, el mejor momento para navegar a las Bahamas es entre Diciembre y Abril. Otros dicen que la mejor temporada es desde finales de Marzo hasta principios de Junio. Los vientos del norte han pasado y la temporada de huracanes no ha comenzado. Los cielos est\u00e1n soleados, los vientos y los mares est\u00e1n relativamente en calma. El clima es c\u00e1lido, sin huracanes y las aguas son tranquilas, lo que le permite navegar entre 15 y 25 nudos. Navegar a las Bahamas incluye cruzar el oc\u00e9ano abierto y navegar en las \u00e1reas remotas de la isla. Adem\u00e1s, despu\u00e9s de Pascua, muchos de los p\u00e1jaros de la nieve se han ido para el verano en el norte, lo que ha dado como resultado muchos fondeaderos aislados sin estar abarrotados. \u00a1Les deseo a todos un viaje agradable y seguro a las magn\u00edficas islas de las Bahamas!<\/span><\/p>\n<p>[\/vc_column_text][vc_separator css=\u00bb.vc_custom_1675274926103{margin-top: 30px !important;margin-bottom: 30px !important;}\u00bb][\/vc_column][\/vc_row]<\/p>\n<\/div>","protected":false},"excerpt":{"rendered":"<p>[vc_row css=\u00bb.vc_custom_1649079224179{padding-bottom: 50px !important;}\u00bb][vc_column][\/vc_column][\/vc_row][vc_row][vc_column][vc_column_text] Hay debates entre los navegantes sobre cu\u00e1l es la mejor temporada para viajar en barco desde Florida a las Bahamas. La realidad es que navegar es placentero y posible todo el a\u00f1o. Diferentes per\u00edodos presentan diferentes pros y contras. Si usted es un navegante experimentado, probablemente sabr\u00e1 c\u00f3mo mitigar los riesgos&hellip;<\/p>\n","protected":false},"author":1,"featured_media":73045,"parent":74863,"menu_order":0,"comment_status":"closed","ping_status":"closed","template":"","meta":{"footnotes":""},"categories":[],"tags":[1231],"class_list":["post-74929","page","type-page","status-publish","has-post-thumbnail","hentry","tag-by-boat-harbour-island-es-2","description-off"],"yoast_head":"<!-- This site is optimized with the Yoast SEO Premium plugin v25.2 (Yoast SEO v27.3) - https:\/\/yoast.com\/product\/yoast-seo-premium-wordpress\/ -->\n<title>La mejor temporada para navegar a Harbour Island. Gu\u00eda tur\u00edstica.<\/title>\n<meta name=\"description\" content=\"Official Eleuthera Harbour Island Su gu\u00eda de Harbour Island le brinda informaci\u00f3n sobre la mejor temporada para navegar en las Bahamas.\" \/>\n<meta name=\"robots\" content=\"index, follow, max-snippet:-1, max-image-preview:large, max-video-preview:-1\" \/>\n<link rel=\"canonical\" href=\"https:\/\/officialeleutheraharbourisland.com\/es\/harbour-island\/como-llegar\/en-bote\/la-mejor-temporada-para-navegar\/\" \/>\n<meta property=\"og:locale\" content=\"es_ES\" \/>\n<meta property=\"og:type\" content=\"article\" \/>\n<meta property=\"og:title\" content=\"La mejor temporada para navegar\" \/>\n<meta property=\"og:description\" content=\"Official Eleuthera Harbour Island Su gu\u00eda de Harbour Island le brinda informaci\u00f3n sobre la mejor temporada para navegar en las Bahamas.\" \/>\n<meta property=\"og:url\" content=\"https:\/\/officialeleutheraharbourisland.com\/es\/harbour-island\/como-llegar\/en-bote\/la-mejor-temporada-para-navegar\/\" \/>\n<meta property=\"og:site_name\" content=\"Official Eleuthera Harbour Island\" \/>\n<meta property=\"article:modified_time\" content=\"2023-06-19T20:59:05+00:00\" \/>\n<meta property=\"og:image\" content=\"https:\/\/officialeleutheraharbourisland.com\/wp-content\/uploads\/2023\/02\/WhatsApp-Image-2023-01-30-at-4.47.33-PM.jpeg\" \/>\n\t<meta property=\"og:image:width\" content=\"1024\" \/>\n\t<meta property=\"og:image:height\" content=\"570\" \/>\n\t<meta property=\"og:image:type\" content=\"image\/jpeg\" \/>\n<meta name=\"twitter:card\" content=\"summary_large_image\" \/>\n<meta name=\"twitter:label1\" content=\"Tiempo de lectura\" \/>\n\t<meta name=\"twitter:data1\" content=\"3 minutos\" \/>\n<script type=\"application\/ld+json\" class=\"yoast-schema-graph\">{\"@context\":\"https:\\\/\\\/schema.org\",\"@graph\":[{\"@type\":\"WebPage\",\"@id\":\"https:\\\/\\\/officialeleutheraharbourisland.com\\\/es\\\/harbour-island\\\/como-llegar\\\/en-bote\\\/la-mejor-temporada-para-navegar\\\/\",\"url\":\"https:\\\/\\\/officialeleutheraharbourisland.com\\\/es\\\/harbour-island\\\/como-llegar\\\/en-bote\\\/la-mejor-temporada-para-navegar\\\/\",\"name\":\"La mejor temporada para navegar a Harbour Island. Gu\u00eda tur\u00edstica.\",\"isPartOf\":{\"@id\":\"https:\\\/\\\/officialeleutheraharbourisland.com\\\/#website\"},\"primaryImageOfPage\":{\"@id\":\"https:\\\/\\\/officialeleutheraharbourisland.com\\\/es\\\/harbour-island\\\/como-llegar\\\/en-bote\\\/la-mejor-temporada-para-navegar\\\/#primaryimage\"},\"image\":{\"@id\":\"https:\\\/\\\/officialeleutheraharbourisland.com\\\/es\\\/harbour-island\\\/como-llegar\\\/en-bote\\\/la-mejor-temporada-para-navegar\\\/#primaryimage\"},\"thumbnailUrl\":\"https:\\\/\\\/officialeleutheraharbourisland.com\\\/wp-content\\\/uploads\\\/2023\\\/02\\\/WhatsApp-Image-2023-01-30-at-4.47.33-PM.jpeg\",\"datePublished\":\"2023-02-01T14:25:02+00:00\",\"dateModified\":\"2023-06-19T20:59:05+00:00\",\"description\":\"Official Eleuthera Harbour Island Su gu\u00eda de Harbour Island le brinda informaci\u00f3n sobre la mejor temporada para navegar en las Bahamas.\",\"breadcrumb\":{\"@id\":\"https:\\\/\\\/officialeleutheraharbourisland.com\\\/es\\\/harbour-island\\\/como-llegar\\\/en-bote\\\/la-mejor-temporada-para-navegar\\\/#breadcrumb\"},\"inLanguage\":\"es\",\"potentialAction\":[{\"@type\":\"ReadAction\",\"target\":[\"https:\\\/\\\/officialeleutheraharbourisland.com\\\/es\\\/harbour-island\\\/como-llegar\\\/en-bote\\\/la-mejor-temporada-para-navegar\\\/\"]}]},{\"@type\":\"ImageObject\",\"inLanguage\":\"es\",\"@id\":\"https:\\\/\\\/officialeleutheraharbourisland.com\\\/es\\\/harbour-island\\\/como-llegar\\\/en-bote\\\/la-mejor-temporada-para-navegar\\\/#primaryimage\",\"url\":\"https:\\\/\\\/officialeleutheraharbourisland.com\\\/wp-content\\\/uploads\\\/2023\\\/02\\\/WhatsApp-Image-2023-01-30-at-4.47.33-PM.jpeg\",\"contentUrl\":\"https:\\\/\\\/officialeleutheraharbourisland.com\\\/wp-content\\\/uploads\\\/2023\\\/02\\\/WhatsApp-Image-2023-01-30-at-4.47.33-PM.jpeg\",\"width\":1024,\"height\":570,\"caption\":\"sail harbour island\"},{\"@type\":\"BreadcrumbList\",\"@id\":\"https:\\\/\\\/officialeleutheraharbourisland.com\\\/es\\\/harbour-island\\\/como-llegar\\\/en-bote\\\/la-mejor-temporada-para-navegar\\\/#breadcrumb\",\"itemListElement\":[{\"@type\":\"ListItem\",\"position\":1,\"name\":\"Home\",\"item\":\"https:\\\/\\\/officialeleutheraharbourisland.com\\\/es\\\/\"},{\"@type\":\"ListItem\",\"position\":2,\"name\":\"HARBOUR ISLAND\",\"item\":\"https:\\\/\\\/officialeleutheraharbourisland.com\\\/es\\\/harbour-island\\\/\"},{\"@type\":\"ListItem\",\"position\":3,\"name\":\"C\u00d3MO LLEGAR\",\"item\":\"https:\\\/\\\/officialeleutheraharbourisland.com\\\/es\\\/harbour-island\\\/como-llegar\\\/\"},{\"@type\":\"ListItem\",\"position\":4,\"name\":\"En bote\",\"item\":\"https:\\\/\\\/officialeleutheraharbourisland.com\\\/es\\\/harbour-island\\\/como-llegar\\\/en-bote\\\/\"},{\"@type\":\"ListItem\",\"position\":5,\"name\":\"La mejor temporada para navegar\"}]},{\"@type\":\"WebSite\",\"@id\":\"https:\\\/\\\/officialeleutheraharbourisland.com\\\/#website\",\"url\":\"https:\\\/\\\/officialeleutheraharbourisland.com\\\/\",\"name\":\"Official Eleuthera Harbour Island\",\"description\":\"Where Beauty &amp; Nature Meet\",\"publisher\":{\"@id\":\"https:\\\/\\\/officialeleutheraharbourisland.com\\\/#organization\"},\"potentialAction\":[{\"@type\":\"SearchAction\",\"target\":{\"@type\":\"EntryPoint\",\"urlTemplate\":\"https:\\\/\\\/officialeleutheraharbourisland.com\\\/?s={search_term_string}\"},\"query-input\":{\"@type\":\"PropertyValueSpecification\",\"valueRequired\":true,\"valueName\":\"search_term_string\"}}],\"inLanguage\":\"es\"},{\"@type\":\"Organization\",\"@id\":\"https:\\\/\\\/officialeleutheraharbourisland.com\\\/#organization\",\"name\":\"Official Eleuthera Harbour Island\",\"url\":\"https:\\\/\\\/officialeleutheraharbourisland.com\\\/\",\"logo\":{\"@type\":\"ImageObject\",\"inLanguage\":\"es\",\"@id\":\"https:\\\/\\\/officialeleutheraharbourisland.com\\\/#\\\/schema\\\/logo\\\/image\\\/\",\"url\":\"https:\\\/\\\/officialeleutheraharbourisland.com\\\/wp-content\\\/uploads\\\/2022\\\/03\\\/logo-new-GREY-275.png\",\"contentUrl\":\"https:\\\/\\\/officialeleutheraharbourisland.com\\\/wp-content\\\/uploads\\\/2022\\\/03\\\/logo-new-GREY-275.png\",\"width\":275,\"height\":22,\"caption\":\"Official Eleuthera Harbour Island\"},\"image\":{\"@id\":\"https:\\\/\\\/officialeleutheraharbourisland.com\\\/#\\\/schema\\\/logo\\\/image\\\/\"}}]}<\/script>\n<!-- \/ Yoast SEO Premium plugin. -->","yoast_head_json":{"title":"La mejor temporada para navegar a Harbour Island. Gu\u00eda tur\u00edstica.","description":"Official Eleuthera Harbour Island Su gu\u00eda de Harbour Island le brinda informaci\u00f3n sobre la mejor temporada para navegar en las Bahamas.","robots":{"index":"index","follow":"follow","max-snippet":"max-snippet:-1","max-image-preview":"max-image-preview:large","max-video-preview":"max-video-preview:-1"},"canonical":"https:\/\/officialeleutheraharbourisland.com\/es\/harbour-island\/como-llegar\/en-bote\/la-mejor-temporada-para-navegar\/","og_locale":"es_ES","og_type":"article","og_title":"La mejor temporada para navegar","og_description":"Official Eleuthera Harbour Island Su gu\u00eda de Harbour Island le brinda informaci\u00f3n sobre la mejor temporada para navegar en las Bahamas.","og_url":"https:\/\/officialeleutheraharbourisland.com\/es\/harbour-island\/como-llegar\/en-bote\/la-mejor-temporada-para-navegar\/","og_site_name":"Official Eleuthera Harbour Island","article_modified_time":"2023-06-19T20:59:05+00:00","og_image":[{"width":1024,"height":570,"url":"https:\/\/officialeleutheraharbourisland.com\/wp-content\/uploads\/2023\/02\/WhatsApp-Image-2023-01-30-at-4.47.33-PM.jpeg","type":"image\/jpeg"}],"twitter_card":"summary_large_image","twitter_misc":{"Tiempo de lectura":"3 minutos"},"schema":{"@context":"https:\/\/schema.org","@graph":[{"@type":"WebPage","@id":"https:\/\/officialeleutheraharbourisland.com\/es\/harbour-island\/como-llegar\/en-bote\/la-mejor-temporada-para-navegar\/","url":"https:\/\/officialeleutheraharbourisland.com\/es\/harbour-island\/como-llegar\/en-bote\/la-mejor-temporada-para-navegar\/","name":"La mejor temporada para navegar a Harbour Island. Gu\u00eda tur\u00edstica.","isPartOf":{"@id":"https:\/\/officialeleutheraharbourisland.com\/#website"},"primaryImageOfPage":{"@id":"https:\/\/officialeleutheraharbourisland.com\/es\/harbour-island\/como-llegar\/en-bote\/la-mejor-temporada-para-navegar\/#primaryimage"},"image":{"@id":"https:\/\/officialeleutheraharbourisland.com\/es\/harbour-island\/como-llegar\/en-bote\/la-mejor-temporada-para-navegar\/#primaryimage"},"thumbnailUrl":"https:\/\/officialeleutheraharbourisland.com\/wp-content\/uploads\/2023\/02\/WhatsApp-Image-2023-01-30-at-4.47.33-PM.jpeg","datePublished":"2023-02-01T14:25:02+00:00","dateModified":"2023-06-19T20:59:05+00:00","description":"Official Eleuthera Harbour Island Su gu\u00eda de Harbour Island le brinda informaci\u00f3n sobre la mejor temporada para navegar en las Bahamas.","breadcrumb":{"@id":"https:\/\/officialeleutheraharbourisland.com\/es\/harbour-island\/como-llegar\/en-bote\/la-mejor-temporada-para-navegar\/#breadcrumb"},"inLanguage":"es","potentialAction":[{"@type":"ReadAction","target":["https:\/\/officialeleutheraharbourisland.com\/es\/harbour-island\/como-llegar\/en-bote\/la-mejor-temporada-para-navegar\/"]}]},{"@type":"ImageObject","inLanguage":"es","@id":"https:\/\/officialeleutheraharbourisland.com\/es\/harbour-island\/como-llegar\/en-bote\/la-mejor-temporada-para-navegar\/#primaryimage","url":"https:\/\/officialeleutheraharbourisland.com\/wp-content\/uploads\/2023\/02\/WhatsApp-Image-2023-01-30-at-4.47.33-PM.jpeg","contentUrl":"https:\/\/officialeleutheraharbourisland.com\/wp-content\/uploads\/2023\/02\/WhatsApp-Image-2023-01-30-at-4.47.33-PM.jpeg","width":1024,"height":570,"caption":"sail harbour island"},{"@type":"BreadcrumbList","@id":"https:\/\/officialeleutheraharbourisland.com\/es\/harbour-island\/como-llegar\/en-bote\/la-mejor-temporada-para-navegar\/#breadcrumb","itemListElement":[{"@type":"ListItem","position":1,"name":"Home","item":"https:\/\/officialeleutheraharbourisland.com\/es\/"},{"@type":"ListItem","position":2,"name":"HARBOUR ISLAND","item":"https:\/\/officialeleutheraharbourisland.com\/es\/harbour-island\/"},{"@type":"ListItem","position":3,"name":"C\u00d3MO LLEGAR","item":"https:\/\/officialeleutheraharbourisland.com\/es\/harbour-island\/como-llegar\/"},{"@type":"ListItem","position":4,"name":"En bote","item":"https:\/\/officialeleutheraharbourisland.com\/es\/harbour-island\/como-llegar\/en-bote\/"},{"@type":"ListItem","position":5,"name":"La mejor temporada para navegar"}]},{"@type":"WebSite","@id":"https:\/\/officialeleutheraharbourisland.com\/#website","url":"https:\/\/officialeleutheraharbourisland.com\/","name":"Official Eleuthera Harbour Island","description":"Where Beauty &amp; Nature Meet","publisher":{"@id":"https:\/\/officialeleutheraharbourisland.com\/#organization"},"potentialAction":[{"@type":"SearchAction","target":{"@type":"EntryPoint","urlTemplate":"https:\/\/officialeleutheraharbourisland.com\/?s={search_term_string}"},"query-input":{"@type":"PropertyValueSpecification","valueRequired":true,"valueName":"search_term_string"}}],"inLanguage":"es"},{"@type":"Organization","@id":"https:\/\/officialeleutheraharbourisland.com\/#organization","name":"Official Eleuthera Harbour Island","url":"https:\/\/officialeleutheraharbourisland.com\/","logo":{"@type":"ImageObject","inLanguage":"es","@id":"https:\/\/officialeleutheraharbourisland.com\/#\/schema\/logo\/image\/","url":"https:\/\/officialeleutheraharbourisland.com\/wp-content\/uploads\/2022\/03\/logo-new-GREY-275.png","contentUrl":"https:\/\/officialeleutheraharbourisland.com\/wp-content\/uploads\/2022\/03\/logo-new-GREY-275.png","width":275,"height":22,"caption":"Official Eleuthera Harbour Island"},"image":{"@id":"https:\/\/officialeleutheraharbourisland.com\/#\/schema\/logo\/image\/"}}]}},"jetpack_sharing_enabled":true,"_links":{"self":[{"href":"https:\/\/officialeleutheraharbourisland.com\/es\/wp-json\/wp\/v2\/pages\/74929","targetHints":{"allow":["GET"]}}],"collection":[{"href":"https:\/\/officialeleutheraharbourisland.com\/es\/wp-json\/wp\/v2\/pages"}],"about":[{"href":"https:\/\/officialeleutheraharbourisland.com\/es\/wp-json\/wp\/v2\/types\/page"}],"author":[{"embeddable":true,"href":"https:\/\/officialeleutheraharbourisland.com\/es\/wp-json\/wp\/v2\/users\/1"}],"replies":[{"embeddable":true,"href":"https:\/\/officialeleutheraharbourisland.com\/es\/wp-json\/wp\/v2\/comments?post=74929"}],"version-history":[{"count":3,"href":"https:\/\/officialeleutheraharbourisland.com\/es\/wp-json\/wp\/v2\/pages\/74929\/revisions"}],"predecessor-version":[{"id":75665,"href":"https:\/\/officialeleutheraharbourisland.com\/es\/wp-json\/wp\/v2\/pages\/74929\/revisions\/75665"}],"up":[{"embeddable":true,"href":"https:\/\/officialeleutheraharbourisland.com\/es\/wp-json\/wp\/v2\/pages\/74863"}],"wp:featuredmedia":[{"embeddable":true,"href":"https:\/\/officialeleutheraharbourisland.com\/es\/wp-json\/wp\/v2\/media\/73045"}],"wp:attachment":[{"href":"https:\/\/officialeleutheraharbourisland.com\/es\/wp-json\/wp\/v2\/media?parent=74929"}],"wp:term":[{"taxonomy":"category","embeddable":true,"href":"https:\/\/officialeleutheraharbourisland.com\/es\/wp-json\/wp\/v2\/categories?post=74929"},{"taxonomy":"post_tag","embeddable":true,"href":"https:\/\/officialeleutheraharbourisland.com\/es\/wp-json\/wp\/v2\/tags?post=74929"}],"curies":[{"name":"wp","href":"https:\/\/api.w.org\/{rel}","templated":true}]}}