{"id":75048,"date":"2022-04-04T11:37:39","date_gmt":"2022-04-04T11:37:39","guid":{"rendered":"https:\/\/officialeleutheraharbourisland.com\/renting-golf-carts\/"},"modified":"2023-06-20T13:32:30","modified_gmt":"2023-06-20T13:32:30","slug":"alquilar-carritos-de-golf","status":"publish","type":"page","link":"https:\/\/officialeleutheraharbourisland.com\/es\/harbour-island\/como-moverse\/alquilar-carritos-de-golf\/","title":{"rendered":"Alquilar carritos de golf"},"content":{"rendered":"<div class=\"wpb-content-wrapper\"><p>[vc_row css=\u00bb.vc_custom_1649079224179{padding-bottom: 50px !important;}\u00bb][vc_column]<div id=\"ultimate-heading-255469de338652482\" class=\"uvc-heading ult-adjust-bottom-margin ultimate-heading-255469de338652482 uvc-7315 \" data-hspacer=\"line_only\"  data-halign=\"center\" style=\"text-align:center\"><div class=\"uvc-main-heading ult-responsive\"  data-ultimate-target='.uvc-heading.ultimate-heading-255469de338652482 h2'  data-responsive-json-new='{\"font-size\":\"\",\"line-height\":\"\"}' ><h2 style=\"font-weight:normal;margin-bottom:15px;\">Alquilar carritos de golf en Harbour Island, Bahamas<\/h2><\/div><div class=\"uvc-heading-spacer line_only\" style=\"margin-bottom:15px;height:3px;\"><span class=\"uvc-headings-line\" style=\"border-style:solid;border-bottom-width:3px;border-color:#7ac1ff;width:60px;\"><\/span><\/div><\/div>[\/vc_column][\/vc_row][vc_row][vc_column][vc_column_text]<\/p>\n<p id=\"tw-target-text\" class=\"tw-data-text tw-text-large tw-ta\" dir=\"ltr\" data-placeholder=\"Translation\"><span class=\"Y2IQFc\" lang=\"es\">Los carritos de golf son el mejor medio de transporte en la isla y tambi\u00e9n es una de las razones por las que la experiencia de pasar unas vacaciones en Harbour Island es tan divertida. La mayor\u00eda de las personas en la isla conducen carritos de golf: lugare\u00f1os, residentes a tiempo parcial o simplemente visitantes. <\/span><\/p>\n<p class=\"tw-data-text tw-text-large tw-ta\" dir=\"ltr\" data-placeholder=\"Translation\"><span class=\"Y2IQFc\" lang=\"es\">Las limusinas para transportar VIP, magnates o celebridades no son una \u00abcosa de Harbour Island\u00bb. Cruzar a Elle MacPherson, Jennifer Anniston o cualquier otra estrella en un carrito de golf es lo que debe esperar. <\/span><\/p>\n<p class=\"tw-data-text tw-text-large tw-ta\" dir=\"ltr\" data-placeholder=\"Translation\"><span class=\"Y2IQFc\" lang=\"es\">Durante la temporada alta (finales de Noviembre a finales de Abril), le sugerimos que reserve su carrito de golf con anticipaci\u00f3n, la isla est\u00e1 extremadamente ocupada y asegurar un carrito de golf puede ser un desaf\u00edo. <\/span><\/p>\n<p class=\"tw-data-text tw-text-large tw-ta\" dir=\"ltr\" data-placeholder=\"Translation\"><span class=\"Y2IQFc\" lang=\"es\">Los carritos de golf vienen en diferentes tama\u00f1os para 2, 4 y 6 personas. Algunos son el\u00e9ctricos y otros son a gas. Los visitantes pueden recoger sus carritos de golf en la agencia o pueden ser entregados en la ubicaci\u00f3n donde se hospede y este es un servicio gratuito. <\/span><\/p>\n<p class=\"tw-data-text tw-text-large tw-ta\" dir=\"ltr\" data-placeholder=\"Translation\"><span class=\"Y2IQFc\" lang=\"es\">Algunas casas de vacaciones de lujo como <a href=\"https:\/\/officialeleutheraharbourisland.com\/es\/listings\/la-palmeraie-villa-1\/\">La Palmeraie Bahamas<\/a> tambi\u00e9n incluyen el uso de carritos de golf.<\/span><\/p>\n<p>[\/vc_column_text][vc_separator css=\u00bb.vc_custom_1675287335799{margin-top: 30px !important;margin-bottom: 10px !important;}\u00bb][\/vc_column][\/vc_row][vc_row css=\u00bb.vc_custom_1674492668599{padding-top: 40px !important;}\u00bb][vc_column width=\u00bb1\/2&#8243;][vc_single_image image=\u00bb72842&#8243; img_size=\u00bbfull\u00bb alignment=\u00bbcenter\u00bb][\/vc_column][vc_column width=\u00bb1\/2&#8243;][vc_single_image image=\u00bb72833&#8243; img_size=\u00bbfull\u00bb alignment=\u00bbcenter\u00bb][\/vc_column][\/vc_row][vc_row][vc_column][vc_separator css=\u00bb.vc_custom_1675196828225{margin-top: 30px !important;margin-bottom: 30px !important;}\u00bb][vc_column_text]<\/p>\n<p id=\"tw-target-text\" class=\"tw-data-text tw-text-large tw-ta\" dir=\"ltr\" data-placeholder=\"Translation\"><span class=\"Y2IQFc\" lang=\"es\">Aqu\u00ed hay una lista de alquileres de carritos de golf en Harbour Island<\/span>:<\/p>\n<p><strong>Major&#8217;s Golf Cart Rentals <\/strong><br \/>\nPrincess St, Dunmore Town, Bahamas<br \/>\n+1 242-465-7329<br \/>\nAbierto todos los d\u00edas de 9 am a 6 pm<br \/>\nDomingos de 1 pm a 6 pm<br \/>\n<a href=\"https:\/\/www.majorsgolfcartrental.com\/\" target=\"_blank\" rel=\"noopener\">https:\/\/www.majorsgolfcartrental.com\/<\/a><\/p>\n<p><strong><br \/>\nKiplin Golf Cart Rentals<\/strong><br \/>\nColebrook St, Dunmore Town, Bahamas<br \/>\n+1 242-470-2400<br \/>\nAbierto 24\/7<br \/>\n<a href=\"http:\/\/www.kiplinrentals.com\" target=\"_blank\" rel=\"noopener\">http:\/\/www.kiplinrentals.com<\/a><\/p>\n<p><strong><br \/>\nRoss Rentals<\/strong><br \/>\nColebrook St, Dunmore Town, Bahamas<br \/>\n+1 242-333-2122<br \/>\nAbierto todos los d\u00edas de 9 am a 5 pm<br \/>\n<a href=\"https:\/\/rossgolfcartrentals.com\/\" target=\"_blank\" rel=\"noopener\">https:\/\/rossgolfcartrentals.com\/<\/a><\/p>\n<p><strong><br \/>\nMichael\u2019s Cycles<\/strong><br \/>\nW, Colebrook St, Dunmore Town, Bahamas<br \/>\n+1 242-464-0994<br \/>\nAbierto todos los d\u00edas de 10 am a 5 pm<br \/>\n<a href=\"http:\/\/www.michaelscyclesbriland.com\/\" target=\"_blank\" rel=\"noopener\">http:\/\/www.michaelscyclesbriland.com\/<\/a><\/p>\n<p><strong><br \/>\nDunmore Rentals<\/strong><br \/>\nBay Street, Dunmore Town, Bahamas<br \/>\n+1 242-333-2372<br \/>\nAbierto todos los d\u00edas de 10 am a 5 pm<br \/>\n<a href=\"https:\/\/dunmorerentals.com\/\" target=\"_blank\" rel=\"noopener\">https:\/\/dunmorerentals.com\/<\/a><\/p>\n<p><strong><br \/>\nLulu&#8217;s Golf Cart Rentals<\/strong><br \/>\n+1 242-524-4740<br \/>\n<a href=\"https:\/\/www.facebook.com\/LulusRentals\/\" target=\"_blank\" rel=\"noopener\">https:\/\/www.facebook.com\/LulusRentals\/<\/a>[\/vc_column_text][vc_separator css=\u00bb.vc_custom_1675196828225{margin-top: 30px !important;margin-bottom: 30px !important;}\u00bb][\/vc_column][\/vc_row]<\/p>\n<\/div>","protected":false},"excerpt":{"rendered":"<p>[vc_row css=\u00bb.vc_custom_1649079224179{padding-bottom: 50px !important;}\u00bb][vc_column][\/vc_column][\/vc_row][vc_row][vc_column][vc_column_text] Los carritos de golf son el mejor medio de transporte en la isla y tambi\u00e9n es una de las razones por las que la experiencia de pasar unas vacaciones en Harbour Island es tan divertida. La mayor\u00eda de las personas en la isla conducen carritos de golf: lugare\u00f1os, residentes a tiempo&hellip;<\/p>\n","protected":false},"author":4,"featured_media":71703,"parent":75458,"menu_order":0,"comment_status":"closed","ping_status":"closed","template":"","meta":{"footnotes":""},"categories":[],"tags":[1235],"class_list":["post-75048","page","type-page","status-publish","has-post-thumbnail","hentry","tag-move-around-harbour-island-es-2","description-off"],"yoast_head":"<!-- This site is optimized with the Yoast SEO Premium plugin v25.2 (Yoast SEO v27.3) - https:\/\/yoast.com\/product\/yoast-seo-premium-wordpress\/ -->\n<title>Alquilar carritos de golf en Harbour Island, moverse por la isla.<\/title>\n<meta name=\"description\" content=\"Official Eleuthera Harbour Island Gu\u00eda de vacaciones. Informaci\u00f3n sobre alquiler de carritos de golf en Harbour Island. Moverse por la isla.\" \/>\n<meta name=\"robots\" content=\"index, follow, max-snippet:-1, max-image-preview:large, max-video-preview:-1\" \/>\n<link rel=\"canonical\" href=\"https:\/\/officialeleutheraharbourisland.com\/es\/harbour-island\/como-moverse\/alquilar-carritos-de-golf\/\" \/>\n<meta property=\"og:locale\" content=\"es_ES\" \/>\n<meta property=\"og:type\" content=\"article\" \/>\n<meta property=\"og:title\" content=\"Alquilar carritos de golf\" \/>\n<meta property=\"og:description\" content=\"Official Eleuthera Harbour Island Gu\u00eda de vacaciones. Informaci\u00f3n sobre alquiler de carritos de golf en Harbour Island. Moverse por la isla.\" \/>\n<meta property=\"og:url\" content=\"https:\/\/officialeleutheraharbourisland.com\/es\/harbour-island\/como-moverse\/alquilar-carritos-de-golf\/\" \/>\n<meta property=\"og:site_name\" content=\"Official Eleuthera Harbour Island\" \/>\n<meta property=\"article:modified_time\" content=\"2023-06-20T13:32:30+00:00\" \/>\n<meta property=\"og:image\" content=\"https:\/\/officialeleutheraharbourisland.com\/wp-content\/uploads\/2023\/01\/golf-carts.jpg\" \/>\n\t<meta property=\"og:image:width\" content=\"2000\" \/>\n\t<meta property=\"og:image:height\" content=\"1215\" \/>\n\t<meta property=\"og:image:type\" content=\"image\/jpeg\" \/>\n<meta name=\"twitter:card\" content=\"summary_large_image\" \/>\n<meta name=\"twitter:label1\" content=\"Tiempo de lectura\" \/>\n\t<meta name=\"twitter:data1\" content=\"2 minutos\" \/>\n<script type=\"application\/ld+json\" class=\"yoast-schema-graph\">{\"@context\":\"https:\\\/\\\/schema.org\",\"@graph\":[{\"@type\":\"WebPage\",\"@id\":\"https:\\\/\\\/officialeleutheraharbourisland.com\\\/es\\\/harbour-island\\\/como-moverse\\\/alquilar-carritos-de-golf\\\/\",\"url\":\"https:\\\/\\\/officialeleutheraharbourisland.com\\\/es\\\/harbour-island\\\/como-moverse\\\/alquilar-carritos-de-golf\\\/\",\"name\":\"Alquilar carritos de golf en Harbour Island, moverse por la isla.\",\"isPartOf\":{\"@id\":\"https:\\\/\\\/officialeleutheraharbourisland.com\\\/#website\"},\"primaryImageOfPage\":{\"@id\":\"https:\\\/\\\/officialeleutheraharbourisland.com\\\/es\\\/harbour-island\\\/como-moverse\\\/alquilar-carritos-de-golf\\\/#primaryimage\"},\"image\":{\"@id\":\"https:\\\/\\\/officialeleutheraharbourisland.com\\\/es\\\/harbour-island\\\/como-moverse\\\/alquilar-carritos-de-golf\\\/#primaryimage\"},\"thumbnailUrl\":\"https:\\\/\\\/officialeleutheraharbourisland.com\\\/wp-content\\\/uploads\\\/2023\\\/01\\\/golf-carts.jpg\",\"datePublished\":\"2022-04-04T11:37:39+00:00\",\"dateModified\":\"2023-06-20T13:32:30+00:00\",\"description\":\"Official Eleuthera Harbour Island Gu\u00eda de vacaciones. Informaci\u00f3n sobre alquiler de carritos de golf en Harbour Island. Moverse por la isla.\",\"breadcrumb\":{\"@id\":\"https:\\\/\\\/officialeleutheraharbourisland.com\\\/es\\\/harbour-island\\\/como-moverse\\\/alquilar-carritos-de-golf\\\/#breadcrumb\"},\"inLanguage\":\"es\",\"potentialAction\":[{\"@type\":\"ReadAction\",\"target\":[\"https:\\\/\\\/officialeleutheraharbourisland.com\\\/es\\\/harbour-island\\\/como-moverse\\\/alquilar-carritos-de-golf\\\/\"]}]},{\"@type\":\"ImageObject\",\"inLanguage\":\"es\",\"@id\":\"https:\\\/\\\/officialeleutheraharbourisland.com\\\/es\\\/harbour-island\\\/como-moverse\\\/alquilar-carritos-de-golf\\\/#primaryimage\",\"url\":\"https:\\\/\\\/officialeleutheraharbourisland.com\\\/wp-content\\\/uploads\\\/2023\\\/01\\\/golf-carts.jpg\",\"contentUrl\":\"https:\\\/\\\/officialeleutheraharbourisland.com\\\/wp-content\\\/uploads\\\/2023\\\/01\\\/golf-carts.jpg\",\"width\":2000,\"height\":1215},{\"@type\":\"BreadcrumbList\",\"@id\":\"https:\\\/\\\/officialeleutheraharbourisland.com\\\/es\\\/harbour-island\\\/como-moverse\\\/alquilar-carritos-de-golf\\\/#breadcrumb\",\"itemListElement\":[{\"@type\":\"ListItem\",\"position\":1,\"name\":\"Home\",\"item\":\"https:\\\/\\\/officialeleutheraharbourisland.com\\\/es\\\/\"},{\"@type\":\"ListItem\",\"position\":2,\"name\":\"HARBOUR ISLAND\",\"item\":\"https:\\\/\\\/officialeleutheraharbourisland.com\\\/es\\\/harbour-island\\\/\"},{\"@type\":\"ListItem\",\"position\":3,\"name\":\"C\u00d3MO MOVERSE\",\"item\":\"https:\\\/\\\/officialeleutheraharbourisland.com\\\/es\\\/harbour-island\\\/como-moverse\\\/\"},{\"@type\":\"ListItem\",\"position\":4,\"name\":\"Alquilar carritos de golf\"}]},{\"@type\":\"WebSite\",\"@id\":\"https:\\\/\\\/officialeleutheraharbourisland.com\\\/#website\",\"url\":\"https:\\\/\\\/officialeleutheraharbourisland.com\\\/\",\"name\":\"Official Eleuthera Harbour Island\",\"description\":\"Where Beauty &amp; Nature Meet\",\"publisher\":{\"@id\":\"https:\\\/\\\/officialeleutheraharbourisland.com\\\/#organization\"},\"potentialAction\":[{\"@type\":\"SearchAction\",\"target\":{\"@type\":\"EntryPoint\",\"urlTemplate\":\"https:\\\/\\\/officialeleutheraharbourisland.com\\\/?s={search_term_string}\"},\"query-input\":{\"@type\":\"PropertyValueSpecification\",\"valueRequired\":true,\"valueName\":\"search_term_string\"}}],\"inLanguage\":\"es\"},{\"@type\":\"Organization\",\"@id\":\"https:\\\/\\\/officialeleutheraharbourisland.com\\\/#organization\",\"name\":\"Official Eleuthera Harbour Island\",\"url\":\"https:\\\/\\\/officialeleutheraharbourisland.com\\\/\",\"logo\":{\"@type\":\"ImageObject\",\"inLanguage\":\"es\",\"@id\":\"https:\\\/\\\/officialeleutheraharbourisland.com\\\/#\\\/schema\\\/logo\\\/image\\\/\",\"url\":\"https:\\\/\\\/officialeleutheraharbourisland.com\\\/wp-content\\\/uploads\\\/2022\\\/03\\\/logo-new-GREY-275.png\",\"contentUrl\":\"https:\\\/\\\/officialeleutheraharbourisland.com\\\/wp-content\\\/uploads\\\/2022\\\/03\\\/logo-new-GREY-275.png\",\"width\":275,\"height\":22,\"caption\":\"Official Eleuthera Harbour Island\"},\"image\":{\"@id\":\"https:\\\/\\\/officialeleutheraharbourisland.com\\\/#\\\/schema\\\/logo\\\/image\\\/\"}}]}<\/script>\n<!-- \/ Yoast SEO Premium plugin. -->","yoast_head_json":{"title":"Alquilar carritos de golf en Harbour Island, moverse por la isla.","description":"Official Eleuthera Harbour Island Gu\u00eda de vacaciones. Informaci\u00f3n sobre alquiler de carritos de golf en Harbour Island. Moverse por la isla.","robots":{"index":"index","follow":"follow","max-snippet":"max-snippet:-1","max-image-preview":"max-image-preview:large","max-video-preview":"max-video-preview:-1"},"canonical":"https:\/\/officialeleutheraharbourisland.com\/es\/harbour-island\/como-moverse\/alquilar-carritos-de-golf\/","og_locale":"es_ES","og_type":"article","og_title":"Alquilar carritos de golf","og_description":"Official Eleuthera Harbour Island Gu\u00eda de vacaciones. Informaci\u00f3n sobre alquiler de carritos de golf en Harbour Island. Moverse por la isla.","og_url":"https:\/\/officialeleutheraharbourisland.com\/es\/harbour-island\/como-moverse\/alquilar-carritos-de-golf\/","og_site_name":"Official Eleuthera Harbour Island","article_modified_time":"2023-06-20T13:32:30+00:00","og_image":[{"width":2000,"height":1215,"url":"https:\/\/officialeleutheraharbourisland.com\/wp-content\/uploads\/2023\/01\/golf-carts.jpg","type":"image\/jpeg"}],"twitter_card":"summary_large_image","twitter_misc":{"Tiempo de lectura":"2 minutos"},"schema":{"@context":"https:\/\/schema.org","@graph":[{"@type":"WebPage","@id":"https:\/\/officialeleutheraharbourisland.com\/es\/harbour-island\/como-moverse\/alquilar-carritos-de-golf\/","url":"https:\/\/officialeleutheraharbourisland.com\/es\/harbour-island\/como-moverse\/alquilar-carritos-de-golf\/","name":"Alquilar carritos de golf en Harbour Island, moverse por la isla.","isPartOf":{"@id":"https:\/\/officialeleutheraharbourisland.com\/#website"},"primaryImageOfPage":{"@id":"https:\/\/officialeleutheraharbourisland.com\/es\/harbour-island\/como-moverse\/alquilar-carritos-de-golf\/#primaryimage"},"image":{"@id":"https:\/\/officialeleutheraharbourisland.com\/es\/harbour-island\/como-moverse\/alquilar-carritos-de-golf\/#primaryimage"},"thumbnailUrl":"https:\/\/officialeleutheraharbourisland.com\/wp-content\/uploads\/2023\/01\/golf-carts.jpg","datePublished":"2022-04-04T11:37:39+00:00","dateModified":"2023-06-20T13:32:30+00:00","description":"Official Eleuthera Harbour Island Gu\u00eda de vacaciones. Informaci\u00f3n sobre alquiler de carritos de golf en Harbour Island. Moverse por la isla.","breadcrumb":{"@id":"https:\/\/officialeleutheraharbourisland.com\/es\/harbour-island\/como-moverse\/alquilar-carritos-de-golf\/#breadcrumb"},"inLanguage":"es","potentialAction":[{"@type":"ReadAction","target":["https:\/\/officialeleutheraharbourisland.com\/es\/harbour-island\/como-moverse\/alquilar-carritos-de-golf\/"]}]},{"@type":"ImageObject","inLanguage":"es","@id":"https:\/\/officialeleutheraharbourisland.com\/es\/harbour-island\/como-moverse\/alquilar-carritos-de-golf\/#primaryimage","url":"https:\/\/officialeleutheraharbourisland.com\/wp-content\/uploads\/2023\/01\/golf-carts.jpg","contentUrl":"https:\/\/officialeleutheraharbourisland.com\/wp-content\/uploads\/2023\/01\/golf-carts.jpg","width":2000,"height":1215},{"@type":"BreadcrumbList","@id":"https:\/\/officialeleutheraharbourisland.com\/es\/harbour-island\/como-moverse\/alquilar-carritos-de-golf\/#breadcrumb","itemListElement":[{"@type":"ListItem","position":1,"name":"Home","item":"https:\/\/officialeleutheraharbourisland.com\/es\/"},{"@type":"ListItem","position":2,"name":"HARBOUR ISLAND","item":"https:\/\/officialeleutheraharbourisland.com\/es\/harbour-island\/"},{"@type":"ListItem","position":3,"name":"C\u00d3MO MOVERSE","item":"https:\/\/officialeleutheraharbourisland.com\/es\/harbour-island\/como-moverse\/"},{"@type":"ListItem","position":4,"name":"Alquilar carritos de golf"}]},{"@type":"WebSite","@id":"https:\/\/officialeleutheraharbourisland.com\/#website","url":"https:\/\/officialeleutheraharbourisland.com\/","name":"Official Eleuthera Harbour Island","description":"Where Beauty &amp; Nature Meet","publisher":{"@id":"https:\/\/officialeleutheraharbourisland.com\/#organization"},"potentialAction":[{"@type":"SearchAction","target":{"@type":"EntryPoint","urlTemplate":"https:\/\/officialeleutheraharbourisland.com\/?s={search_term_string}"},"query-input":{"@type":"PropertyValueSpecification","valueRequired":true,"valueName":"search_term_string"}}],"inLanguage":"es"},{"@type":"Organization","@id":"https:\/\/officialeleutheraharbourisland.com\/#organization","name":"Official Eleuthera Harbour Island","url":"https:\/\/officialeleutheraharbourisland.com\/","logo":{"@type":"ImageObject","inLanguage":"es","@id":"https:\/\/officialeleutheraharbourisland.com\/#\/schema\/logo\/image\/","url":"https:\/\/officialeleutheraharbourisland.com\/wp-content\/uploads\/2022\/03\/logo-new-GREY-275.png","contentUrl":"https:\/\/officialeleutheraharbourisland.com\/wp-content\/uploads\/2022\/03\/logo-new-GREY-275.png","width":275,"height":22,"caption":"Official Eleuthera Harbour Island"},"image":{"@id":"https:\/\/officialeleutheraharbourisland.com\/#\/schema\/logo\/image\/"}}]}},"jetpack_sharing_enabled":true,"_links":{"self":[{"href":"https:\/\/officialeleutheraharbourisland.com\/es\/wp-json\/wp\/v2\/pages\/75048","targetHints":{"allow":["GET"]}}],"collection":[{"href":"https:\/\/officialeleutheraharbourisland.com\/es\/wp-json\/wp\/v2\/pages"}],"about":[{"href":"https:\/\/officialeleutheraharbourisland.com\/es\/wp-json\/wp\/v2\/types\/page"}],"author":[{"embeddable":true,"href":"https:\/\/officialeleutheraharbourisland.com\/es\/wp-json\/wp\/v2\/users\/4"}],"replies":[{"embeddable":true,"href":"https:\/\/officialeleutheraharbourisland.com\/es\/wp-json\/wp\/v2\/comments?post=75048"}],"version-history":[{"count":4,"href":"https:\/\/officialeleutheraharbourisland.com\/es\/wp-json\/wp\/v2\/pages\/75048\/revisions"}],"predecessor-version":[{"id":75669,"href":"https:\/\/officialeleutheraharbourisland.com\/es\/wp-json\/wp\/v2\/pages\/75048\/revisions\/75669"}],"up":[{"embeddable":true,"href":"https:\/\/officialeleutheraharbourisland.com\/es\/wp-json\/wp\/v2\/pages\/75458"}],"wp:featuredmedia":[{"embeddable":true,"href":"https:\/\/officialeleutheraharbourisland.com\/es\/wp-json\/wp\/v2\/media\/71703"}],"wp:attachment":[{"href":"https:\/\/officialeleutheraharbourisland.com\/es\/wp-json\/wp\/v2\/media?parent=75048"}],"wp:term":[{"taxonomy":"category","embeddable":true,"href":"https:\/\/officialeleutheraharbourisland.com\/es\/wp-json\/wp\/v2\/categories?post=75048"},{"taxonomy":"post_tag","embeddable":true,"href":"https:\/\/officialeleutheraharbourisland.com\/es\/wp-json\/wp\/v2\/tags?post=75048"}],"curies":[{"name":"wp","href":"https:\/\/api.w.org\/{rel}","templated":true}]}}