{"id":75573,"date":"2023-02-15T18:11:32","date_gmt":"2023-02-15T18:11:32","guid":{"rendered":"https:\/\/officialeleutheraharbourisland.com\/harbour-island\/profesionales\/yoga-instructors\/"},"modified":"2023-06-06T21:02:48","modified_gmt":"2023-06-06T21:02:48","slug":"instructores-de-yoga","status":"publish","type":"page","link":"https:\/\/officialeleutheraharbourisland.com\/es\/harbour-island\/profesionales\/instructores-de-yoga\/","title":{"rendered":"Instructores de yoga"},"content":{"rendered":"<div class=\"wpb-content-wrapper\"><p>[vc_row][vc_column]<div id=\"ultimate-heading-981669de3358cc748\" class=\"uvc-heading ult-adjust-bottom-margin ultimate-heading-981669de3358cc748 uvc-9912 \" data-hspacer=\"line_only\"  data-halign=\"center\" style=\"text-align:center\"><div class=\"uvc-main-heading ult-responsive\"  data-ultimate-target='.uvc-heading.ultimate-heading-981669de3358cc748 h2'  data-responsive-json-new='{\"font-size\":\"\",\"line-height\":\"\"}' ><h2 style=\"font-weight:normal;margin-bottom:10px;\">Instructores de yoga en Harbour Island, Bahamas<\/h2><\/div><div class=\"uvc-heading-spacer line_only\" style=\"margin-bottom:10px;height:2px;\"><span class=\"uvc-headings-line\" style=\"border-style:solid;border-bottom-width:2px;border-color:#7ac1ff;width:60px;\"><\/span><\/div><\/div>[vc_column_text css=\u00bb.vc_custom_1686084998890{padding-top: 10px !important;}\u00bb]<\/p>\n<p id=\"tw-target-text\" class=\"tw-data-text tw-text-large tw-ta\" dir=\"ltr\" data-placeholder=\"Translation\"><span class=\"Y2IQFc\" lang=\"es\">Los instructores de yoga en Harbour Island ofrecen una variedad de clases y servicios para visitantes y residentes. Pueden organizar clases de yoga comunitarias, proporcionando una forma divertida e inclusiva de conectarse con otros yoguis en la isla. Para aquellos que buscan una experiencia m\u00e1s personalizada, los instructores locales tambi\u00e9n est\u00e1n disponibles para ofrecer clases privadas de yoga en su alquiler de vacaciones, hotel o en la playa. <\/span><\/p>\n<p class=\"tw-data-text tw-text-large tw-ta\" dir=\"ltr\" data-placeholder=\"Translation\"><span class=\"Y2IQFc\" lang=\"es\">Cualesquiera que sean sus preferencias de yoga, hay un instructor local en Harbour Island que puede ayudarlo a lograr sus objetivos de bienestar y acondicionamiento f\u00edsico en un hermoso entorno tropical.<\/span><\/p>\n<p>[\/vc_column_text][\/vc_column][\/vc_row][vc_row][vc_column][vc_separator css=\u00bb.vc_custom_1664458207535{padding-top: 40px !important;padding-bottom: 40px !important;}\u00bb][vc_row_inner][vc_column_inner width=\u00bb1\/4&#8243;][vc_single_image image=\u00bb74054&#8243; img_size=\u00bbfull\u00bb][\/vc_column_inner][vc_column_inner width=\u00bb3\/4&#8243;]<div class=\"dt-fancy-separator title-left h3-size style-disabled title-color\" style=\"width: 100%;\"><div class=\"dt-fancy-title\"><span class=\"separator-holder separator-left\"><\/span>Tamara Lorey<span class=\"separator-holder separator-right\"><\/span><\/div><\/div>[vc_column_text css=\u00bb.vc_custom_1686085087267{padding-bottom: 25px !important;}\u00bb]<\/p>\n<p id=\"tw-target-text\" class=\"tw-data-text tw-text-large tw-ta\" dir=\"ltr\" data-placeholder=\"Translation\"><span class=\"Y2IQFc\" lang=\"es\">Tamara Lorey es una reconocida instructora de yoga y entrenadora f\u00edsica en Harbour Island, Bahamas, que dirige el popular programa \u00abFitness with Tamara\u00bb. Como bailarina profesional en Sud\u00e1frica, abandon\u00f3 su carrera internacional y se mud\u00f3 a Harbour Island para ser instructora de fitness y yoga. A Tamara le apasiona ayudar a las personas a mejorar su salud y bienestar a trav\u00e9s de una combinaci\u00f3n de yoga, entrenamiento de fuerza y \u200b\u200bejercicios cardiovasculares. Sus clases son din\u00e1micas y desafiantes, dise\u00f1adas para llevar a los participantes a sus l\u00edmites y ayudarlos a alcanzar sus objetivos de acondicionamiento f\u00edsico. Tamara es conocida por su enfoque personalizado del entrenamiento, adaptando sus clases a las necesidades y habilidades de cada individuo. <\/span><\/p>\n<p class=\"tw-data-text tw-text-large tw-ta\" dir=\"ltr\" data-placeholder=\"Translation\"><span class=\"Y2IQFc\" lang=\"es\">Tamara se ha vuelto muy conocida e incluso hasta el punto en que la mayor\u00eda de las personas de alto perfil que vienen a Harbour Island solicitan los servicios de Tamara con anticipaci\u00f3n.<\/span><\/p>\n<p>[\/vc_column_text]<div class=\"uavc-list-icon uavc-list-icon-wrapper ult-adjust-bottom-margin   \"><ul class=\"uavc-list\"><li><div class=\"uavc-list-content\" id=\"list-icon-wrap-5172\">\n<div class=\"uavc-list-icon  \" data-animation=\"\" data-animation-delay=\"03\" style=\"margin-right:5px;\"><div class=\"ult-just-icon-wrapper  \"><div class=\"align-icon\" style=\"text-align:center;\">\n<div class=\"aio-icon none \"  style=\"color:#333333;font-size:25px;display:inline-block;\">\n\t<i class=\"icomoon-the7-font-the7-phone-04\"><\/i>\n<\/div><\/div><\/div>\n<\/div><span  data-ultimate-target='#list-icon-wrap-5172 .uavc-list-desc'  data-responsive-json-new='{\"font-size\":\"\",\"line-height\":\"\"}'  class=\"uavc-list-desc ult-responsive\" style=\"\"><a href=\"tel:+1 242-470-1059\">+1 242-470-1059<\/a><\/span><\/div><\/li><li><div class=\"uavc-list-content\" id=\"list-icon-wrap-8751\">\n<div class=\"uavc-list-icon  \" data-animation=\"\" data-animation-delay=\"03\" style=\"margin-right:5px;\"><div class=\"ult-just-icon-wrapper  \"><div class=\"align-icon\" style=\"text-align:center;\">\n<div class=\"aio-icon none \"  style=\"color:#333333;font-size:25px;display:inline-block;\">\n\t<i class=\"icomoon-the7-font-the7-mail-02\"><\/i>\n<\/div><\/div><\/div>\n<\/div><span  data-ultimate-target='#list-icon-wrap-8751 .uavc-list-desc'  data-responsive-json-new='{\"font-size\":\"\",\"line-height\":\"\"}'  class=\"uavc-list-desc ult-responsive\" style=\"\"><a href=\"mailto:tdw.tam@gmail.com\">tdw.tam@gmail.com<\/a><\/span><\/div><\/li><li><div class=\"uavc-list-content\" id=\"list-icon-wrap-6813\">\n<div class=\"uavc-list-icon  \" data-animation=\"\" data-animation-delay=\"03\" style=\"margin-right:5px;\"><div class=\"ult-just-icon-wrapper  \"><div class=\"align-icon\" style=\"text-align:center;\">\n<div class=\"aio-icon none \"  style=\"color:#333333;font-size:25px;display:inline-block;\">\n\t<i class=\"fas fa-link\"><\/i>\n<\/div><\/div><\/div>\n<\/div><span  data-ultimate-target='#list-icon-wrap-6813 .uavc-list-desc'  data-responsive-json-new='{\"font-size\":\"\",\"line-height\":\"\"}'  class=\"uavc-list-desc ult-responsive\" style=\"\"><a href=\"https:\/\/www.fitnesswithtamara.com\" target=\"_blank\" rel=\"noopener\">www.fitnesswithtamara.com<\/a><\/span><\/div><\/li><\/ul><\/div>[\/vc_column_inner][\/vc_row_inner][\/vc_column][\/vc_row][vc_row][vc_column][vc_separator css=\u00bb.vc_custom_1664458207535{padding-top: 40px !important;padding-bottom: 40px !important;}\u00bb][vc_row_inner][vc_column_inner width=\u00bb1\/4&#8243;][vc_single_image image=\u00bb74064&#8243; img_size=\u00bbfull\u00bb][\/vc_column_inner][vc_column_inner width=\u00bb3\/4&#8243;]<div class=\"dt-fancy-separator title-left h3-size style-disabled title-color\" style=\"width: 100%;\"><div class=\"dt-fancy-title\"><span class=\"separator-holder separator-left\"><\/span>Anna Fitzek<span class=\"separator-holder separator-right\"><\/span><\/div><\/div>[vc_column_text css=\u00bb.vc_custom_1686085258697{padding-bottom: 25px !important;}\u00bb]<\/p>\n<p id=\"tw-target-text\" class=\"tw-data-text tw-text-large tw-ta\" dir=\"ltr\" data-placeholder=\"Translation\"><span class=\"Y2IQFc\" lang=\"es\">Anna Fitzek es una profesora de yoga certificada con sede en Harbour Island, Bahamas, apasionada por el hatha yoga y la nutrici\u00f3n basada en plantas. Originaria de Chicago, Anna dej\u00f3 su trabajo corporativo en el Hyatt para dedicarse a su pasi\u00f3n por el yoga y la vida saludable en la hermosa isla de Harbour Island, donde viv\u00edan su madre y su hermana. Con un enfoque en la alineaci\u00f3n y la respiraci\u00f3n, las clases de yoga Hatha de Anna est\u00e1n dise\u00f1adas para ayudar a los estudiantes a desarrollar fuerza, aumentar la flexibilidad y encontrar la paz interior. <\/span><\/p>\n<p class=\"tw-data-text tw-text-large tw-ta\" dir=\"ltr\" data-placeholder=\"Translation\"><span class=\"Y2IQFc\" lang=\"es\">Adem\u00e1s de su pr\u00e1ctica de yoga, Anna es una entusiasta de la nutrici\u00f3n basada en plantas y ofrece planes de comidas saludables y limpiezas con jugos para ayudar a sus clientes a mejorar su salud y bienestar. Con su experiencia tanto en yoga como en nutrici\u00f3n basada en plantas, Anna puede ayudar a cualquier persona que busque vivir una vida m\u00e1s sana y equilibrada. Anna propone clases de yoga comunitarias (por donaci\u00f3n y aptas para todos los niveles), as\u00ed como clases de yoga privadas que se pueden realizar en su alquiler de vacaciones en Harbour Island, su hotel o en la playa.<\/span><\/p>\n<p>[\/vc_column_text]<div class=\"uavc-list-icon uavc-list-icon-wrapper ult-adjust-bottom-margin   \"><ul class=\"uavc-list\"><li><div class=\"uavc-list-content\" id=\"list-icon-wrap-6633\">\n<div class=\"uavc-list-icon  \" data-animation=\"\" data-animation-delay=\"03\" style=\"margin-right:5px;\"><div class=\"ult-just-icon-wrapper  \"><div class=\"align-icon\" style=\"text-align:center;\">\n<div class=\"aio-icon none \"  style=\"color:#333333;font-size:25px;display:inline-block;\">\n\t<i class=\"icomoon-the7-font-the7-phone-04\"><\/i>\n<\/div><\/div><\/div>\n<\/div><span  data-ultimate-target='#list-icon-wrap-6633 .uavc-list-desc'  data-responsive-json-new='{\"font-size\":\"\",\"line-height\":\"\"}'  class=\"uavc-list-desc ult-responsive\" style=\"\"><a href=\"tel:+1 242-551-0061\">+1 242-551-0061<\/a><\/span><\/div><\/li><li><div class=\"uavc-list-content\" id=\"list-icon-wrap-5303\">\n<div class=\"uavc-list-icon  \" data-animation=\"\" data-animation-delay=\"03\" style=\"margin-right:5px;\"><div class=\"ult-just-icon-wrapper  \"><div class=\"align-icon\" style=\"text-align:center;\">\n<div class=\"aio-icon none \"  style=\"color:#333333;font-size:25px;display:inline-block;\">\n\t<i class=\"icomoon-the7-font-the7-mail-02\"><\/i>\n<\/div><\/div><\/div>\n<\/div><span  data-ultimate-target='#list-icon-wrap-5303 .uavc-list-desc'  data-responsive-json-new='{\"font-size\":\"\",\"line-height\":\"\"}'  class=\"uavc-list-desc ult-responsive\" style=\"\"><a href=\"mailto:fitzekanna@gmail.com\">fitzekanna@gmail.com<\/a><\/span><\/div><\/li><li><div class=\"uavc-list-content\" id=\"list-icon-wrap-4462\">\n<div class=\"uavc-list-icon  \" data-animation=\"\" data-animation-delay=\"03\" style=\"margin-right:5px;\"><div class=\"ult-just-icon-wrapper  \"><div class=\"align-icon\" style=\"text-align:center;\">\n<div class=\"aio-icon none \"  style=\"color:#333333;font-size:25px;display:inline-block;\">\n\t<i class=\"fas fa-link\"><\/i>\n<\/div><\/div><\/div>\n<\/div><span  data-ultimate-target='#list-icon-wrap-4462 .uavc-list-desc'  data-responsive-json-new='{\"font-size\":\"\",\"line-height\":\"\"}'  class=\"uavc-list-desc ult-responsive\" style=\"\"><a href=\"https:\/\/www.annayogini.com\/\" target=\"_blank\" rel=\"noopener\">www.annayogini.com\/<\/a><\/span><\/div><\/li><\/ul><\/div>[\/vc_column_inner][\/vc_row_inner][\/vc_column][\/vc_row]<\/p>\n<\/div>","protected":false},"excerpt":{"rendered":"<p>[vc_row][vc_column][vc_column_text css=\u00bb.vc_custom_1686084998890{padding-top: 10px !important;}\u00bb] Los instructores de yoga en Harbour Island ofrecen una variedad de clases y servicios para visitantes y residentes. Pueden organizar clases de yoga comunitarias, proporcionando una forma divertida e inclusiva de conectarse con otros yoguis en la isla. Para aquellos que buscan una experiencia m\u00e1s personalizada, los instructores locales tambi\u00e9n est\u00e1n&hellip;<\/p>\n","protected":false},"author":1,"featured_media":74067,"parent":75548,"menu_order":0,"comment_status":"closed","ping_status":"closed","template":"","meta":{"footnotes":""},"categories":[],"tags":[1274],"class_list":["post-75573","page","type-page","status-publish","has-post-thumbnail","hentry","tag-professionals-harbour-island-es-2","description-off"],"yoast_head":"<!-- This site is optimized with the Yoast SEO Premium plugin v25.2 (Yoast SEO v27.3) - https:\/\/yoast.com\/product\/yoast-seo-premium-wordpress\/ -->\n<title>Instructores de yoga Instructores de yoga en Harbour Island.<\/title>\n<meta name=\"description\" content=\"Official Eleuthera Harbour Island su busqueda para Harbour Island, instructores o maestros de yoga. Actividades deportivas en Harbour Island.\" \/>\n<meta name=\"robots\" content=\"index, follow, max-snippet:-1, max-image-preview:large, max-video-preview:-1\" \/>\n<link rel=\"canonical\" href=\"https:\/\/officialeleutheraharbourisland.com\/es\/harbour-island\/profesionales\/instructores-de-yoga\/\" \/>\n<meta property=\"og:locale\" content=\"es_ES\" \/>\n<meta property=\"og:type\" content=\"article\" \/>\n<meta property=\"og:title\" content=\"Instructores de yoga\" \/>\n<meta property=\"og:description\" content=\"Official Eleuthera Harbour Island su busqueda para Harbour Island, instructores o maestros de yoga. Actividades deportivas en Harbour Island.\" \/>\n<meta property=\"og:url\" content=\"https:\/\/officialeleutheraharbourisland.com\/es\/harbour-island\/profesionales\/instructores-de-yoga\/\" \/>\n<meta property=\"og:site_name\" content=\"Official Eleuthera Harbour Island\" \/>\n<meta property=\"article:modified_time\" content=\"2023-06-06T21:02:48+00:00\" \/>\n<meta property=\"og:image\" content=\"https:\/\/officialeleutheraharbourisland.com\/wp-content\/uploads\/2023\/02\/annayogini-jpg.webp\" \/>\n\t<meta property=\"og:image:width\" content=\"621\" \/>\n\t<meta property=\"og:image:height\" content=\"582\" \/>\n\t<meta property=\"og:image:type\" content=\"image\/jpeg\" \/>\n<meta name=\"twitter:card\" content=\"summary_large_image\" \/>\n<meta name=\"twitter:label1\" content=\"Tiempo de lectura\" \/>\n\t<meta name=\"twitter:data1\" content=\"3 minutos\" \/>\n<script type=\"application\/ld+json\" class=\"yoast-schema-graph\">{\"@context\":\"https:\\\/\\\/schema.org\",\"@graph\":[{\"@type\":\"WebPage\",\"@id\":\"https:\\\/\\\/officialeleutheraharbourisland.com\\\/es\\\/harbour-island\\\/profesionales\\\/instructores-de-yoga\\\/\",\"url\":\"https:\\\/\\\/officialeleutheraharbourisland.com\\\/es\\\/harbour-island\\\/profesionales\\\/instructores-de-yoga\\\/\",\"name\":\"Instructores de yoga Instructores de yoga en Harbour Island.\",\"isPartOf\":{\"@id\":\"https:\\\/\\\/officialeleutheraharbourisland.com\\\/#website\"},\"primaryImageOfPage\":{\"@id\":\"https:\\\/\\\/officialeleutheraharbourisland.com\\\/es\\\/harbour-island\\\/profesionales\\\/instructores-de-yoga\\\/#primaryimage\"},\"image\":{\"@id\":\"https:\\\/\\\/officialeleutheraharbourisland.com\\\/es\\\/harbour-island\\\/profesionales\\\/instructores-de-yoga\\\/#primaryimage\"},\"thumbnailUrl\":\"https:\\\/\\\/officialeleutheraharbourisland.com\\\/wp-content\\\/uploads\\\/2023\\\/02\\\/annayogini-jpg.webp\",\"datePublished\":\"2023-02-15T18:11:32+00:00\",\"dateModified\":\"2023-06-06T21:02:48+00:00\",\"description\":\"Official Eleuthera Harbour Island su busqueda para Harbour Island, instructores o maestros de yoga. Actividades deportivas en Harbour Island.\",\"breadcrumb\":{\"@id\":\"https:\\\/\\\/officialeleutheraharbourisland.com\\\/es\\\/harbour-island\\\/profesionales\\\/instructores-de-yoga\\\/#breadcrumb\"},\"inLanguage\":\"es\",\"potentialAction\":[{\"@type\":\"ReadAction\",\"target\":[\"https:\\\/\\\/officialeleutheraharbourisland.com\\\/es\\\/harbour-island\\\/profesionales\\\/instructores-de-yoga\\\/\"]}]},{\"@type\":\"ImageObject\",\"inLanguage\":\"es\",\"@id\":\"https:\\\/\\\/officialeleutheraharbourisland.com\\\/es\\\/harbour-island\\\/profesionales\\\/instructores-de-yoga\\\/#primaryimage\",\"url\":\"https:\\\/\\\/officialeleutheraharbourisland.com\\\/wp-content\\\/uploads\\\/2023\\\/02\\\/annayogini-jpg.webp\",\"contentUrl\":\"https:\\\/\\\/officialeleutheraharbourisland.com\\\/wp-content\\\/uploads\\\/2023\\\/02\\\/annayogini-jpg.webp\",\"width\":621,\"height\":582},{\"@type\":\"BreadcrumbList\",\"@id\":\"https:\\\/\\\/officialeleutheraharbourisland.com\\\/es\\\/harbour-island\\\/profesionales\\\/instructores-de-yoga\\\/#breadcrumb\",\"itemListElement\":[{\"@type\":\"ListItem\",\"position\":1,\"name\":\"Home\",\"item\":\"https:\\\/\\\/officialeleutheraharbourisland.com\\\/es\\\/\"},{\"@type\":\"ListItem\",\"position\":2,\"name\":\"HARBOUR ISLAND\",\"item\":\"https:\\\/\\\/officialeleutheraharbourisland.com\\\/es\\\/harbour-island\\\/\"},{\"@type\":\"ListItem\",\"position\":3,\"name\":\"Profesionales\",\"item\":\"https:\\\/\\\/officialeleutheraharbourisland.com\\\/es\\\/harbour-island\\\/profesionales\\\/\"},{\"@type\":\"ListItem\",\"position\":4,\"name\":\"Instructores de yoga\"}]},{\"@type\":\"WebSite\",\"@id\":\"https:\\\/\\\/officialeleutheraharbourisland.com\\\/#website\",\"url\":\"https:\\\/\\\/officialeleutheraharbourisland.com\\\/\",\"name\":\"Official Eleuthera Harbour Island\",\"description\":\"Where Beauty &amp; Nature Meet\",\"publisher\":{\"@id\":\"https:\\\/\\\/officialeleutheraharbourisland.com\\\/#organization\"},\"potentialAction\":[{\"@type\":\"SearchAction\",\"target\":{\"@type\":\"EntryPoint\",\"urlTemplate\":\"https:\\\/\\\/officialeleutheraharbourisland.com\\\/?s={search_term_string}\"},\"query-input\":{\"@type\":\"PropertyValueSpecification\",\"valueRequired\":true,\"valueName\":\"search_term_string\"}}],\"inLanguage\":\"es\"},{\"@type\":\"Organization\",\"@id\":\"https:\\\/\\\/officialeleutheraharbourisland.com\\\/#organization\",\"name\":\"Official Eleuthera Harbour Island\",\"url\":\"https:\\\/\\\/officialeleutheraharbourisland.com\\\/\",\"logo\":{\"@type\":\"ImageObject\",\"inLanguage\":\"es\",\"@id\":\"https:\\\/\\\/officialeleutheraharbourisland.com\\\/#\\\/schema\\\/logo\\\/image\\\/\",\"url\":\"https:\\\/\\\/officialeleutheraharbourisland.com\\\/wp-content\\\/uploads\\\/2022\\\/03\\\/logo-new-GREY-275.png\",\"contentUrl\":\"https:\\\/\\\/officialeleutheraharbourisland.com\\\/wp-content\\\/uploads\\\/2022\\\/03\\\/logo-new-GREY-275.png\",\"width\":275,\"height\":22,\"caption\":\"Official Eleuthera Harbour Island\"},\"image\":{\"@id\":\"https:\\\/\\\/officialeleutheraharbourisland.com\\\/#\\\/schema\\\/logo\\\/image\\\/\"}}]}<\/script>\n<!-- \/ Yoast SEO Premium plugin. -->","yoast_head_json":{"title":"Instructores de yoga Instructores de yoga en Harbour Island.","description":"Official Eleuthera Harbour Island su busqueda para Harbour Island, instructores o maestros de yoga. Actividades deportivas en Harbour Island.","robots":{"index":"index","follow":"follow","max-snippet":"max-snippet:-1","max-image-preview":"max-image-preview:large","max-video-preview":"max-video-preview:-1"},"canonical":"https:\/\/officialeleutheraharbourisland.com\/es\/harbour-island\/profesionales\/instructores-de-yoga\/","og_locale":"es_ES","og_type":"article","og_title":"Instructores de yoga","og_description":"Official Eleuthera Harbour Island su busqueda para Harbour Island, instructores o maestros de yoga. Actividades deportivas en Harbour Island.","og_url":"https:\/\/officialeleutheraharbourisland.com\/es\/harbour-island\/profesionales\/instructores-de-yoga\/","og_site_name":"Official Eleuthera Harbour Island","article_modified_time":"2023-06-06T21:02:48+00:00","og_image":[{"width":621,"height":582,"url":"https:\/\/officialeleutheraharbourisland.com\/wp-content\/uploads\/2023\/02\/annayogini-jpg.webp","type":"image\/jpeg"}],"twitter_card":"summary_large_image","twitter_misc":{"Tiempo de lectura":"3 minutos"},"schema":{"@context":"https:\/\/schema.org","@graph":[{"@type":"WebPage","@id":"https:\/\/officialeleutheraharbourisland.com\/es\/harbour-island\/profesionales\/instructores-de-yoga\/","url":"https:\/\/officialeleutheraharbourisland.com\/es\/harbour-island\/profesionales\/instructores-de-yoga\/","name":"Instructores de yoga Instructores de yoga en Harbour Island.","isPartOf":{"@id":"https:\/\/officialeleutheraharbourisland.com\/#website"},"primaryImageOfPage":{"@id":"https:\/\/officialeleutheraharbourisland.com\/es\/harbour-island\/profesionales\/instructores-de-yoga\/#primaryimage"},"image":{"@id":"https:\/\/officialeleutheraharbourisland.com\/es\/harbour-island\/profesionales\/instructores-de-yoga\/#primaryimage"},"thumbnailUrl":"https:\/\/officialeleutheraharbourisland.com\/wp-content\/uploads\/2023\/02\/annayogini-jpg.webp","datePublished":"2023-02-15T18:11:32+00:00","dateModified":"2023-06-06T21:02:48+00:00","description":"Official Eleuthera Harbour Island su busqueda para Harbour Island, instructores o maestros de yoga. Actividades deportivas en Harbour Island.","breadcrumb":{"@id":"https:\/\/officialeleutheraharbourisland.com\/es\/harbour-island\/profesionales\/instructores-de-yoga\/#breadcrumb"},"inLanguage":"es","potentialAction":[{"@type":"ReadAction","target":["https:\/\/officialeleutheraharbourisland.com\/es\/harbour-island\/profesionales\/instructores-de-yoga\/"]}]},{"@type":"ImageObject","inLanguage":"es","@id":"https:\/\/officialeleutheraharbourisland.com\/es\/harbour-island\/profesionales\/instructores-de-yoga\/#primaryimage","url":"https:\/\/officialeleutheraharbourisland.com\/wp-content\/uploads\/2023\/02\/annayogini-jpg.webp","contentUrl":"https:\/\/officialeleutheraharbourisland.com\/wp-content\/uploads\/2023\/02\/annayogini-jpg.webp","width":621,"height":582},{"@type":"BreadcrumbList","@id":"https:\/\/officialeleutheraharbourisland.com\/es\/harbour-island\/profesionales\/instructores-de-yoga\/#breadcrumb","itemListElement":[{"@type":"ListItem","position":1,"name":"Home","item":"https:\/\/officialeleutheraharbourisland.com\/es\/"},{"@type":"ListItem","position":2,"name":"HARBOUR ISLAND","item":"https:\/\/officialeleutheraharbourisland.com\/es\/harbour-island\/"},{"@type":"ListItem","position":3,"name":"Profesionales","item":"https:\/\/officialeleutheraharbourisland.com\/es\/harbour-island\/profesionales\/"},{"@type":"ListItem","position":4,"name":"Instructores de yoga"}]},{"@type":"WebSite","@id":"https:\/\/officialeleutheraharbourisland.com\/#website","url":"https:\/\/officialeleutheraharbourisland.com\/","name":"Official Eleuthera Harbour Island","description":"Where Beauty &amp; Nature Meet","publisher":{"@id":"https:\/\/officialeleutheraharbourisland.com\/#organization"},"potentialAction":[{"@type":"SearchAction","target":{"@type":"EntryPoint","urlTemplate":"https:\/\/officialeleutheraharbourisland.com\/?s={search_term_string}"},"query-input":{"@type":"PropertyValueSpecification","valueRequired":true,"valueName":"search_term_string"}}],"inLanguage":"es"},{"@type":"Organization","@id":"https:\/\/officialeleutheraharbourisland.com\/#organization","name":"Official Eleuthera Harbour Island","url":"https:\/\/officialeleutheraharbourisland.com\/","logo":{"@type":"ImageObject","inLanguage":"es","@id":"https:\/\/officialeleutheraharbourisland.com\/#\/schema\/logo\/image\/","url":"https:\/\/officialeleutheraharbourisland.com\/wp-content\/uploads\/2022\/03\/logo-new-GREY-275.png","contentUrl":"https:\/\/officialeleutheraharbourisland.com\/wp-content\/uploads\/2022\/03\/logo-new-GREY-275.png","width":275,"height":22,"caption":"Official Eleuthera Harbour Island"},"image":{"@id":"https:\/\/officialeleutheraharbourisland.com\/#\/schema\/logo\/image\/"}}]}},"jetpack_sharing_enabled":true,"_links":{"self":[{"href":"https:\/\/officialeleutheraharbourisland.com\/es\/wp-json\/wp\/v2\/pages\/75573","targetHints":{"allow":["GET"]}}],"collection":[{"href":"https:\/\/officialeleutheraharbourisland.com\/es\/wp-json\/wp\/v2\/pages"}],"about":[{"href":"https:\/\/officialeleutheraharbourisland.com\/es\/wp-json\/wp\/v2\/types\/page"}],"author":[{"embeddable":true,"href":"https:\/\/officialeleutheraharbourisland.com\/es\/wp-json\/wp\/v2\/users\/1"}],"replies":[{"embeddable":true,"href":"https:\/\/officialeleutheraharbourisland.com\/es\/wp-json\/wp\/v2\/comments?post=75573"}],"version-history":[{"count":2,"href":"https:\/\/officialeleutheraharbourisland.com\/es\/wp-json\/wp\/v2\/pages\/75573\/revisions"}],"predecessor-version":[{"id":75575,"href":"https:\/\/officialeleutheraharbourisland.com\/es\/wp-json\/wp\/v2\/pages\/75573\/revisions\/75575"}],"up":[{"embeddable":true,"href":"https:\/\/officialeleutheraharbourisland.com\/es\/wp-json\/wp\/v2\/pages\/75548"}],"wp:featuredmedia":[{"embeddable":true,"href":"https:\/\/officialeleutheraharbourisland.com\/es\/wp-json\/wp\/v2\/media\/74067"}],"wp:attachment":[{"href":"https:\/\/officialeleutheraharbourisland.com\/es\/wp-json\/wp\/v2\/media?parent=75573"}],"wp:term":[{"taxonomy":"category","embeddable":true,"href":"https:\/\/officialeleutheraharbourisland.com\/es\/wp-json\/wp\/v2\/categories?post=75573"},{"taxonomy":"post_tag","embeddable":true,"href":"https:\/\/officialeleutheraharbourisland.com\/es\/wp-json\/wp\/v2\/tags?post=75573"}],"curies":[{"name":"wp","href":"https:\/\/api.w.org\/{rel}","templated":true}]}}