{"id":75591,"date":"2023-02-01T14:25:02","date_gmt":"2023-02-01T14:25:02","guid":{"rendered":"https:\/\/officialeleutheraharbourisland.com\/harbour-island\/bodas\/guest-accommodations\/"},"modified":"2023-07-11T17:17:15","modified_gmt":"2023-07-11T17:17:15","slug":"alojamiento-invitados-a-bodas","status":"publish","type":"page","link":"https:\/\/officialeleutheraharbourisland.com\/es\/harbour-island\/bodas\/alojamiento-invitados-a-bodas\/","title":{"rendered":"Alojamiento para invitados a bodas"},"content":{"rendered":"<div class=\"wpb-content-wrapper\"><p>[vc_row][vc_column]<div id=\"ultimate-heading-269169de335962d7d\" class=\"uvc-heading ult-adjust-bottom-margin ultimate-heading-269169de335962d7d uvc-9880 \" data-hspacer=\"line_only\"  data-halign=\"center\" style=\"text-align:center\"><div class=\"uvc-main-heading ult-responsive\"  data-ultimate-target='.uvc-heading.ultimate-heading-269169de335962d7d h2'  data-responsive-json-new='{\"font-size\":\"\",\"line-height\":\"\"}' ><h2 style=\"font-weight:normal;margin-bottom:15px;\">Alojamiento para invitados a bodas en Harbour Island<\/h2><\/div><div class=\"uvc-heading-spacer line_only\" style=\"margin-bottom:15px;height:3px;\"><span class=\"uvc-headings-line\" style=\"border-style:solid;border-bottom-width:3px;border-color:#7ac1ff;width:60px;\"><\/span><\/div><\/div>[\/vc_column][\/vc_row][vc_row css=\u00bb.vc_custom_1675784447786{padding-bottom: 15px !important;}\u00bb][vc_column][vc_column_text css=\u00bb.vc_custom_1675783963902{margin-top: 0px !important;margin-bottom: 0px !important;padding-top: 0px !important;padding-bottom: 0px !important;}\u00bb]<\/p>\n<p style=\"text-align: right;\">February 2023<\/p>\n<p>[\/vc_column_text][\/vc_column][\/vc_row][vc_row][vc_column][vc_column_text]<\/p>\n<p id=\"tw-target-text\" class=\"tw-data-text tw-text-large tw-ta\" dir=\"ltr\" data-placeholder=\"Translation\"><span class=\"Y2IQFc\" lang=\"es\">Harbour Island es la isla perfecta para organizar bodas rom\u00e1nticas. Se trata de una isla peque\u00f1a con solo unos pocos cientos de habitaciones disponibles y la receta del \u00e9xito es una buena planificaci\u00f3n y un amplio tiempo de preparaci\u00f3n. Harbour Island es una isla cara y las parejas que organizan bodas all\u00ed lo saben y esperan que sus bodas mantengan esos est\u00e1ndares de lujo. Toda la isla tiene una peque\u00f1a cantidad de habitaciones de hotel de lujo, probablemente alrededor de 100, una buena planificaci\u00f3n es la clave. Los siguientes hoteles podr\u00e1n alojar lujosamente a los invitados de su boda:<\/span><\/p>\n<p><span style=\"font-weight: 400;\">&#8211; <a href=\"https:\/\/officialeleutheraharbourisland.com\/es\/?post_type=listdom-listing&amp;p=71709\">The Dunmore<\/a><br \/>\n<\/span><span style=\"font-weight: 400;\">&#8211; <a href=\"https:\/\/officialeleutheraharbourisland.com\/es\/listings\/coral-sands\/\">The Coral Sands<\/a><br \/>\n<\/span><span style=\"font-weight: 400;\">&#8211; <a href=\"https:\/\/officialeleutheraharbourisland.com\/es\/listings\/pink-sands-resort\/\">Pink Sands<\/a><br \/>\n<\/span><span style=\"font-weight: 400;\">&#8211; <a href=\"https:\/\/officialeleutheraharbourisland.com\/es\/listings\/rock-house-hotel\/\">Rock House<\/a><br \/>\n<\/span><span style=\"font-weight: 400;\">&#8211; <a href=\"https:\/\/elevenexperience.com\/bahama-house-harbour-island\" target=\"_blank\" rel=\"noopener\">Bahama House<\/a><\/span><\/p>\n<p><span style=\"font-weight: 400;\">\u00a0<\/span><\/p>\n<p id=\"tw-target-text\" class=\"tw-data-text tw-text-large tw-ta\" dir=\"ltr\" data-placeholder=\"Translation\"><span class=\"Y2IQFc\" lang=\"es\">Casas de vacaciones de lujo en alquiler tambi\u00e9n est\u00e1n disponibles y probablemente sean una excelente manera de acomodar a sus invitados. Los organizadores o planificadores de eventos\u00a0deber\u00e1n seleccionar las mejores propiedades de alquiler vacacional. En Harbour Island hay muchas propiedades de alquiler vacacional, desde asequibles hasta las m\u00e1s lujosas, los hu\u00e9spedes con diferentes presupuestos tendr\u00e1n la opci\u00f3n. Las casas se pueden alquilar desde $ 1,000 hasta $ 20,000 por noche. La estacionalidad afecta enormemente a las tarifas por noche, este es un buen consejo tambi\u00e9n para organizar tu boda. Las casas de lujo en Harbour island ubicadas en la playa con una gran cantidad de habitaciones incluyen lo siguiente:<\/span><\/p>\n<p><span style=\"font-weight: 400;\">&#8211; La Palmeraie &#8211; <a href=\"https:\/\/officialeleutheraharbourisland.com\/es\/listings\/la-palmeraie-villa-1\/\">Villa 1<\/a> &#8211;\u00a0<a href=\"https:\/\/officialeleutheraharbourisland.com\/es\/listings\/la-palmeraie-villa-2\/\">Villa 2<\/a> &#8211;\u00a0<a href=\"https:\/\/officialeleutheraharbourisland.com\/es\/listings\/la-palmeraie-villa-3\/\">Villa 3<\/a><br \/>\n<\/span><span style=\"font-weight: 400;\">&#8211; <a href=\"https:\/\/southerncrossbahamas.com\/\" target=\"_blank\" rel=\"noopener\">Southern Cross<\/a><\/span><br \/>\n<span style=\"font-weight: 400;\">&#8211; <a href=\"https:\/\/rosalitahouse.com\/house\/\" target=\"_blank\" rel=\"noopener\">Rosalita<\/a><\/span>[\/vc_column_text][\/vc_column][\/vc_row][vc_row css=\u00bb.vc_custom_1675715475615{margin-top: 30px !important;}\u00bb][vc_column width=\u00bb1\/6&#8243;][\/vc_column][vc_column width=\u00bb2\/3&#8243;][vc_row_inner][vc_column_inner width=\u00bb1\/2&#8243;][vc_single_image image=\u00bb73212&#8243; img_size=\u00bbfull\u00bb alignment=\u00bbcenter\u00bb][\/vc_column_inner][vc_column_inner width=\u00bb1\/2&#8243;][vc_single_image image=\u00bb72926&#8243; img_size=\u00bbfull\u00bb alignment=\u00bbcenter\u00bb][\/vc_column_inner][\/vc_row_inner][\/vc_column][vc_column width=\u00bb1\/6&#8243;][\/vc_column][\/vc_row][vc_row][vc_column][vc_separator css=\u00bb.vc_custom_1675714614730{margin-top: 30px !important;margin-bottom: 30px !important;}\u00bb][\/vc_column][\/vc_row]<\/p>\n<\/div>","protected":false},"excerpt":{"rendered":"<p>[vc_row][vc_column][\/vc_column][\/vc_row][vc_row css=\u00bb.vc_custom_1675784447786{padding-bottom: 15px !important;}\u00bb][vc_column][vc_column_text css=\u00bb.vc_custom_1675783963902{margin-top: 0px !important;margin-bottom: 0px !important;padding-top: 0px !important;padding-bottom: 0px !important;}\u00bb] February 2023 [\/vc_column_text][\/vc_column][\/vc_row][vc_row][vc_column][vc_column_text] Harbour Island es la isla perfecta para organizar bodas rom\u00e1nticas. Se trata de una isla peque\u00f1a con solo unos pocos cientos de habitaciones disponibles y la receta del \u00e9xito es una buena planificaci\u00f3n y un amplio tiempo de preparaci\u00f3n.&hellip;<\/p>\n","protected":false},"author":1,"featured_media":73215,"parent":75582,"menu_order":0,"comment_status":"closed","ping_status":"closed","template":"","meta":{"footnotes":""},"categories":[],"tags":[1276],"class_list":["post-75591","page","type-page","status-publish","has-post-thumbnail","hentry","tag-weddings-harbour-island-es-2","description-off"],"yoast_head":"<!-- This site is optimized with the Yoast SEO Premium plugin v25.2 (Yoast SEO v27.3) - https:\/\/yoast.com\/product\/yoast-seo-premium-wordpress\/ -->\n<title>Alojamiento de invitados a bodas en Harbour Island. Gu\u00eda tur\u00edstica.<\/title>\n<meta name=\"description\" content=\"Official Eleuthera Harbour Island su gu\u00eda tur\u00edstica de Harbour Island, comparte alojamiento para invitados a bodas en Harbour Island, Bahamas.\" \/>\n<meta name=\"robots\" content=\"index, follow, max-snippet:-1, max-image-preview:large, max-video-preview:-1\" \/>\n<link rel=\"canonical\" href=\"https:\/\/officialeleutheraharbourisland.com\/es\/harbour-island\/bodas\/alojamiento-invitados-a-bodas\/\" \/>\n<meta property=\"og:locale\" content=\"es_ES\" \/>\n<meta property=\"og:type\" content=\"article\" \/>\n<meta property=\"og:title\" content=\"Alojamiento para invitados a bodas\" \/>\n<meta property=\"og:description\" content=\"Official Eleuthera Harbour Island su gu\u00eda tur\u00edstica de Harbour Island, comparte alojamiento para invitados a bodas en Harbour Island, Bahamas.\" \/>\n<meta property=\"og:url\" content=\"https:\/\/officialeleutheraharbourisland.com\/es\/harbour-island\/bodas\/alojamiento-invitados-a-bodas\/\" \/>\n<meta property=\"og:site_name\" content=\"Official Eleuthera Harbour Island\" \/>\n<meta property=\"article:modified_time\" content=\"2023-07-11T17:17:15+00:00\" \/>\n<meta property=\"og:image\" content=\"https:\/\/officialeleutheraharbourisland.com\/wp-content\/uploads\/2023\/02\/Untitled-1.jpg\" \/>\n\t<meta property=\"og:image:width\" content=\"1000\" \/>\n\t<meta property=\"og:image:height\" content=\"1000\" \/>\n\t<meta property=\"og:image:type\" content=\"image\/jpeg\" \/>\n<meta name=\"twitter:card\" content=\"summary_large_image\" \/>\n<meta name=\"twitter:label1\" content=\"Tiempo de lectura\" \/>\n\t<meta name=\"twitter:data1\" content=\"2 minutos\" \/>\n<script type=\"application\/ld+json\" class=\"yoast-schema-graph\">{\"@context\":\"https:\\\/\\\/schema.org\",\"@graph\":[{\"@type\":\"WebPage\",\"@id\":\"https:\\\/\\\/officialeleutheraharbourisland.com\\\/es\\\/harbour-island\\\/bodas\\\/alojamiento-invitados-a-bodas\\\/\",\"url\":\"https:\\\/\\\/officialeleutheraharbourisland.com\\\/es\\\/harbour-island\\\/bodas\\\/alojamiento-invitados-a-bodas\\\/\",\"name\":\"Alojamiento de invitados a bodas en Harbour Island. Gu\u00eda tur\u00edstica.\",\"isPartOf\":{\"@id\":\"https:\\\/\\\/officialeleutheraharbourisland.com\\\/#website\"},\"primaryImageOfPage\":{\"@id\":\"https:\\\/\\\/officialeleutheraharbourisland.com\\\/es\\\/harbour-island\\\/bodas\\\/alojamiento-invitados-a-bodas\\\/#primaryimage\"},\"image\":{\"@id\":\"https:\\\/\\\/officialeleutheraharbourisland.com\\\/es\\\/harbour-island\\\/bodas\\\/alojamiento-invitados-a-bodas\\\/#primaryimage\"},\"thumbnailUrl\":\"https:\\\/\\\/officialeleutheraharbourisland.com\\\/wp-content\\\/uploads\\\/2023\\\/02\\\/Untitled-1.jpg\",\"datePublished\":\"2023-02-01T14:25:02+00:00\",\"dateModified\":\"2023-07-11T17:17:15+00:00\",\"description\":\"Official Eleuthera Harbour Island su gu\u00eda tur\u00edstica de Harbour Island, comparte alojamiento para invitados a bodas en Harbour Island, Bahamas.\",\"breadcrumb\":{\"@id\":\"https:\\\/\\\/officialeleutheraharbourisland.com\\\/es\\\/harbour-island\\\/bodas\\\/alojamiento-invitados-a-bodas\\\/#breadcrumb\"},\"inLanguage\":\"es\",\"potentialAction\":[{\"@type\":\"ReadAction\",\"target\":[\"https:\\\/\\\/officialeleutheraharbourisland.com\\\/es\\\/harbour-island\\\/bodas\\\/alojamiento-invitados-a-bodas\\\/\"]}]},{\"@type\":\"ImageObject\",\"inLanguage\":\"es\",\"@id\":\"https:\\\/\\\/officialeleutheraharbourisland.com\\\/es\\\/harbour-island\\\/bodas\\\/alojamiento-invitados-a-bodas\\\/#primaryimage\",\"url\":\"https:\\\/\\\/officialeleutheraharbourisland.com\\\/wp-content\\\/uploads\\\/2023\\\/02\\\/Untitled-1.jpg\",\"contentUrl\":\"https:\\\/\\\/officialeleutheraharbourisland.com\\\/wp-content\\\/uploads\\\/2023\\\/02\\\/Untitled-1.jpg\",\"width\":1000,\"height\":1000,\"caption\":\"The Dunmore Harbour Island\"},{\"@type\":\"BreadcrumbList\",\"@id\":\"https:\\\/\\\/officialeleutheraharbourisland.com\\\/es\\\/harbour-island\\\/bodas\\\/alojamiento-invitados-a-bodas\\\/#breadcrumb\",\"itemListElement\":[{\"@type\":\"ListItem\",\"position\":1,\"name\":\"Home\",\"item\":\"https:\\\/\\\/officialeleutheraharbourisland.com\\\/es\\\/\"},{\"@type\":\"ListItem\",\"position\":2,\"name\":\"HARBOUR ISLAND\",\"item\":\"https:\\\/\\\/officialeleutheraharbourisland.com\\\/es\\\/harbour-island\\\/\"},{\"@type\":\"ListItem\",\"position\":3,\"name\":\"Bodas\",\"item\":\"https:\\\/\\\/officialeleutheraharbourisland.com\\\/es\\\/harbour-island\\\/bodas\\\/\"},{\"@type\":\"ListItem\",\"position\":4,\"name\":\"Alojamiento para invitados a bodas\"}]},{\"@type\":\"WebSite\",\"@id\":\"https:\\\/\\\/officialeleutheraharbourisland.com\\\/#website\",\"url\":\"https:\\\/\\\/officialeleutheraharbourisland.com\\\/\",\"name\":\"Official Eleuthera Harbour Island\",\"description\":\"Where Beauty &amp; Nature Meet\",\"publisher\":{\"@id\":\"https:\\\/\\\/officialeleutheraharbourisland.com\\\/#organization\"},\"potentialAction\":[{\"@type\":\"SearchAction\",\"target\":{\"@type\":\"EntryPoint\",\"urlTemplate\":\"https:\\\/\\\/officialeleutheraharbourisland.com\\\/?s={search_term_string}\"},\"query-input\":{\"@type\":\"PropertyValueSpecification\",\"valueRequired\":true,\"valueName\":\"search_term_string\"}}],\"inLanguage\":\"es\"},{\"@type\":\"Organization\",\"@id\":\"https:\\\/\\\/officialeleutheraharbourisland.com\\\/#organization\",\"name\":\"Official Eleuthera Harbour Island\",\"url\":\"https:\\\/\\\/officialeleutheraharbourisland.com\\\/\",\"logo\":{\"@type\":\"ImageObject\",\"inLanguage\":\"es\",\"@id\":\"https:\\\/\\\/officialeleutheraharbourisland.com\\\/#\\\/schema\\\/logo\\\/image\\\/\",\"url\":\"https:\\\/\\\/officialeleutheraharbourisland.com\\\/wp-content\\\/uploads\\\/2022\\\/03\\\/logo-new-GREY-275.png\",\"contentUrl\":\"https:\\\/\\\/officialeleutheraharbourisland.com\\\/wp-content\\\/uploads\\\/2022\\\/03\\\/logo-new-GREY-275.png\",\"width\":275,\"height\":22,\"caption\":\"Official Eleuthera Harbour Island\"},\"image\":{\"@id\":\"https:\\\/\\\/officialeleutheraharbourisland.com\\\/#\\\/schema\\\/logo\\\/image\\\/\"}}]}<\/script>\n<!-- \/ Yoast SEO Premium plugin. -->","yoast_head_json":{"title":"Alojamiento de invitados a bodas en Harbour Island. Gu\u00eda tur\u00edstica.","description":"Official Eleuthera Harbour Island su gu\u00eda tur\u00edstica de Harbour Island, comparte alojamiento para invitados a bodas en Harbour Island, Bahamas.","robots":{"index":"index","follow":"follow","max-snippet":"max-snippet:-1","max-image-preview":"max-image-preview:large","max-video-preview":"max-video-preview:-1"},"canonical":"https:\/\/officialeleutheraharbourisland.com\/es\/harbour-island\/bodas\/alojamiento-invitados-a-bodas\/","og_locale":"es_ES","og_type":"article","og_title":"Alojamiento para invitados a bodas","og_description":"Official Eleuthera Harbour Island su gu\u00eda tur\u00edstica de Harbour Island, comparte alojamiento para invitados a bodas en Harbour Island, Bahamas.","og_url":"https:\/\/officialeleutheraharbourisland.com\/es\/harbour-island\/bodas\/alojamiento-invitados-a-bodas\/","og_site_name":"Official Eleuthera Harbour Island","article_modified_time":"2023-07-11T17:17:15+00:00","og_image":[{"width":1000,"height":1000,"url":"https:\/\/officialeleutheraharbourisland.com\/wp-content\/uploads\/2023\/02\/Untitled-1.jpg","type":"image\/jpeg"}],"twitter_card":"summary_large_image","twitter_misc":{"Tiempo de lectura":"2 minutos"},"schema":{"@context":"https:\/\/schema.org","@graph":[{"@type":"WebPage","@id":"https:\/\/officialeleutheraharbourisland.com\/es\/harbour-island\/bodas\/alojamiento-invitados-a-bodas\/","url":"https:\/\/officialeleutheraharbourisland.com\/es\/harbour-island\/bodas\/alojamiento-invitados-a-bodas\/","name":"Alojamiento de invitados a bodas en Harbour Island. Gu\u00eda tur\u00edstica.","isPartOf":{"@id":"https:\/\/officialeleutheraharbourisland.com\/#website"},"primaryImageOfPage":{"@id":"https:\/\/officialeleutheraharbourisland.com\/es\/harbour-island\/bodas\/alojamiento-invitados-a-bodas\/#primaryimage"},"image":{"@id":"https:\/\/officialeleutheraharbourisland.com\/es\/harbour-island\/bodas\/alojamiento-invitados-a-bodas\/#primaryimage"},"thumbnailUrl":"https:\/\/officialeleutheraharbourisland.com\/wp-content\/uploads\/2023\/02\/Untitled-1.jpg","datePublished":"2023-02-01T14:25:02+00:00","dateModified":"2023-07-11T17:17:15+00:00","description":"Official Eleuthera Harbour Island su gu\u00eda tur\u00edstica de Harbour Island, comparte alojamiento para invitados a bodas en Harbour Island, Bahamas.","breadcrumb":{"@id":"https:\/\/officialeleutheraharbourisland.com\/es\/harbour-island\/bodas\/alojamiento-invitados-a-bodas\/#breadcrumb"},"inLanguage":"es","potentialAction":[{"@type":"ReadAction","target":["https:\/\/officialeleutheraharbourisland.com\/es\/harbour-island\/bodas\/alojamiento-invitados-a-bodas\/"]}]},{"@type":"ImageObject","inLanguage":"es","@id":"https:\/\/officialeleutheraharbourisland.com\/es\/harbour-island\/bodas\/alojamiento-invitados-a-bodas\/#primaryimage","url":"https:\/\/officialeleutheraharbourisland.com\/wp-content\/uploads\/2023\/02\/Untitled-1.jpg","contentUrl":"https:\/\/officialeleutheraharbourisland.com\/wp-content\/uploads\/2023\/02\/Untitled-1.jpg","width":1000,"height":1000,"caption":"The Dunmore Harbour Island"},{"@type":"BreadcrumbList","@id":"https:\/\/officialeleutheraharbourisland.com\/es\/harbour-island\/bodas\/alojamiento-invitados-a-bodas\/#breadcrumb","itemListElement":[{"@type":"ListItem","position":1,"name":"Home","item":"https:\/\/officialeleutheraharbourisland.com\/es\/"},{"@type":"ListItem","position":2,"name":"HARBOUR ISLAND","item":"https:\/\/officialeleutheraharbourisland.com\/es\/harbour-island\/"},{"@type":"ListItem","position":3,"name":"Bodas","item":"https:\/\/officialeleutheraharbourisland.com\/es\/harbour-island\/bodas\/"},{"@type":"ListItem","position":4,"name":"Alojamiento para invitados a bodas"}]},{"@type":"WebSite","@id":"https:\/\/officialeleutheraharbourisland.com\/#website","url":"https:\/\/officialeleutheraharbourisland.com\/","name":"Official Eleuthera Harbour Island","description":"Where Beauty &amp; Nature Meet","publisher":{"@id":"https:\/\/officialeleutheraharbourisland.com\/#organization"},"potentialAction":[{"@type":"SearchAction","target":{"@type":"EntryPoint","urlTemplate":"https:\/\/officialeleutheraharbourisland.com\/?s={search_term_string}"},"query-input":{"@type":"PropertyValueSpecification","valueRequired":true,"valueName":"search_term_string"}}],"inLanguage":"es"},{"@type":"Organization","@id":"https:\/\/officialeleutheraharbourisland.com\/#organization","name":"Official Eleuthera Harbour Island","url":"https:\/\/officialeleutheraharbourisland.com\/","logo":{"@type":"ImageObject","inLanguage":"es","@id":"https:\/\/officialeleutheraharbourisland.com\/#\/schema\/logo\/image\/","url":"https:\/\/officialeleutheraharbourisland.com\/wp-content\/uploads\/2022\/03\/logo-new-GREY-275.png","contentUrl":"https:\/\/officialeleutheraharbourisland.com\/wp-content\/uploads\/2022\/03\/logo-new-GREY-275.png","width":275,"height":22,"caption":"Official Eleuthera Harbour Island"},"image":{"@id":"https:\/\/officialeleutheraharbourisland.com\/#\/schema\/logo\/image\/"}}]}},"jetpack_sharing_enabled":true,"_links":{"self":[{"href":"https:\/\/officialeleutheraharbourisland.com\/es\/wp-json\/wp\/v2\/pages\/75591","targetHints":{"allow":["GET"]}}],"collection":[{"href":"https:\/\/officialeleutheraharbourisland.com\/es\/wp-json\/wp\/v2\/pages"}],"about":[{"href":"https:\/\/officialeleutheraharbourisland.com\/es\/wp-json\/wp\/v2\/types\/page"}],"author":[{"embeddable":true,"href":"https:\/\/officialeleutheraharbourisland.com\/es\/wp-json\/wp\/v2\/users\/1"}],"replies":[{"embeddable":true,"href":"https:\/\/officialeleutheraharbourisland.com\/es\/wp-json\/wp\/v2\/comments?post=75591"}],"version-history":[{"count":2,"href":"https:\/\/officialeleutheraharbourisland.com\/es\/wp-json\/wp\/v2\/pages\/75591\/revisions"}],"predecessor-version":[{"id":75593,"href":"https:\/\/officialeleutheraharbourisland.com\/es\/wp-json\/wp\/v2\/pages\/75591\/revisions\/75593"}],"up":[{"embeddable":true,"href":"https:\/\/officialeleutheraharbourisland.com\/es\/wp-json\/wp\/v2\/pages\/75582"}],"wp:featuredmedia":[{"embeddable":true,"href":"https:\/\/officialeleutheraharbourisland.com\/es\/wp-json\/wp\/v2\/media\/73215"}],"wp:attachment":[{"href":"https:\/\/officialeleutheraharbourisland.com\/es\/wp-json\/wp\/v2\/media?parent=75591"}],"wp:term":[{"taxonomy":"category","embeddable":true,"href":"https:\/\/officialeleutheraharbourisland.com\/es\/wp-json\/wp\/v2\/categories?post=75591"},{"taxonomy":"post_tag","embeddable":true,"href":"https:\/\/officialeleutheraharbourisland.com\/es\/wp-json\/wp\/v2\/tags?post=75591"}],"curies":[{"name":"wp","href":"https:\/\/api.w.org\/{rel}","templated":true}]}}