{"id":75624,"date":"2023-02-01T14:25:02","date_gmt":"2023-02-01T14:25:02","guid":{"rendered":"https:\/\/officialeleutheraharbourisland.com\/harbour-island\/eventos-privados\/corporate-retreats\/"},"modified":"2023-06-16T19:16:17","modified_gmt":"2023-06-16T19:16:17","slug":"retiros-corporativos","status":"publish","type":"page","link":"https:\/\/officialeleutheraharbourisland.com\/es\/harbour-island\/eventos-privados\/retiros-corporativos\/","title":{"rendered":"Retiros corporativos"},"content":{"rendered":"<div class=\"wpb-content-wrapper\"><p>[vc_row css=\u00bb.vc_custom_1649079224179{padding-bottom: 50px !important;}\u00bb][vc_column]<div id=\"ultimate-heading-100469de6adee6355\" class=\"uvc-heading ult-adjust-bottom-margin ultimate-heading-100469de6adee6355 uvc-6195 \" data-hspacer=\"line_only\"  data-halign=\"center\" style=\"text-align:center\"><div class=\"uvc-main-heading ult-responsive\"  data-ultimate-target='.uvc-heading.ultimate-heading-100469de6adee6355 h2'  data-responsive-json-new='{\"font-size\":\"\",\"line-height\":\"\"}' ><h2 style=\"font-weight:normal;margin-bottom:15px;\">Retiros corporativos en Harbour Island, Bahamas<\/h2><\/div><div class=\"uvc-heading-spacer line_only\" style=\"margin-bottom:15px;height:3px;\"><span class=\"uvc-headings-line\" style=\"border-style:solid;border-bottom-width:3px;border-color:#7ac1ff;width:60px;\"><\/span><\/div><\/div>[\/vc_column][\/vc_row][vc_row][vc_column][vc_column_text]<\/p>\n<p id=\"tw-target-text\" class=\"tw-data-text tw-text-large tw-ta\" dir=\"ltr\" data-placeholder=\"Translation\"><span class=\"Y2IQFc\" lang=\"es\">Un retiro corporativo en Harbour Island es una forma fant\u00e1stica de agradecer a sus empleados por su arduo trabajo o ayudar a su equipo a conocerse en un nuevo entorno fuera del lugar de trabajo. Es un descanso del ajetreo diario, que permite tiempo de calidad para centrarse en el negocio, el prop\u00f3sito de la empresa o para trabajar en la sinergia del equipo. \u00a1Todo esto en el impresionante y rejuvenecedor entorno de Harbour Island!.<\/span><\/p>\n<p class=\"tw-data-text tw-text-large tw-ta\" dir=\"ltr\" data-placeholder=\"Translation\"><span class=\"Y2IQFc\" lang=\"es\">Harbour Island ofrece una amplia gama de actividades y aventuras que pueden ayudar a desarrollar el trabajo en equipo y fomentar un sentido de camarader\u00eda entre su equipo. Desde deportes acu\u00e1ticos (Stand up paddle, snorkel, kayak, kitesurf, vela\u2026), paseos a caballo, clases de yoga y pesca, hasta explorar la encantadora arquitectura colonial o las maravillas naturales de la isla, hay un mont\u00f3n de opciones para organizar un relajante y divertido retiro corporativo en Harbour Island. <\/span><\/p>\n<p class=\"tw-data-text tw-text-large tw-ta\" dir=\"ltr\" data-placeholder=\"Translation\"><span class=\"Y2IQFc\" lang=\"es\">Otra raz\u00f3n para organizar un retiro corporativo en Harbour Island es que esta hermosa isla tiene una pr\u00f3spera escena gastron\u00f3mica, con una variedad de restaurantes que sirven cocina local e internacional, desde cenas elegantes hasta lugares informales. Tambi\u00e9n puede contratar un servicio de catering o un chef, si desea organizar su retiro corporativo en una villa de lujo en Harbour Island. <\/span><\/p>\n<p class=\"tw-data-text tw-text-large tw-ta\" dir=\"ltr\" data-placeholder=\"Translation\"><span class=\"Y2IQFc\" lang=\"es\">Harbour Island ofrece una variedad de hoteles boutique y alquileres de vacaciones de lujo que pueden acomodar a grupos grandes. Esto facilita la organizaci\u00f3n de una estancia c\u00f3moda y conveniente para su equipo durante el retiro.<\/span><\/p>\n<p>[\/vc_column_text][vc_separator css=\u00bb.vc_custom_1675274926103{margin-top: 30px !important;margin-bottom: 30px !important;}\u00bb][vc_row_inner][vc_column_inner width=\u00bb1\/4&#8243;][\/vc_column_inner][vc_column_inner width=\u00bb1\/2&#8243;][vc_single_image image=\u00bb73320&#8243; img_size=\u00bbfull\u00bb alignment=\u00bbcenter\u00bb][\/vc_column_inner][vc_column_inner width=\u00bb1\/4&#8243;][\/vc_column_inner][\/vc_row_inner][vc_separator css=\u00bb.vc_custom_1675274926103{margin-top: 30px !important;margin-bottom: 30px !important;}\u00bb][\/vc_column][\/vc_row]<\/p>\n<\/div>","protected":false},"excerpt":{"rendered":"<p>[vc_row css=\u00bb.vc_custom_1649079224179{padding-bottom: 50px !important;}\u00bb][vc_column][\/vc_column][\/vc_row][vc_row][vc_column][vc_column_text] Un retiro corporativo en Harbour Island es una forma fant\u00e1stica de agradecer a sus empleados por su arduo trabajo o ayudar a su equipo a conocerse en un nuevo entorno fuera del lugar de trabajo. Es un descanso del ajetreo diario, que permite tiempo de calidad para centrarse en el negocio,&hellip;<\/p>\n","protected":false},"author":1,"featured_media":73323,"parent":75612,"menu_order":0,"comment_status":"closed","ping_status":"closed","template":"","meta":{"footnotes":""},"categories":[],"tags":[1278],"class_list":["post-75624","page","type-page","status-publish","has-post-thumbnail","hentry","tag-private-events-harbour-island-es-2","description-off"],"yoast_head":"<!-- This site is optimized with the Yoast SEO Premium plugin v25.2 (Yoast SEO v27.3) - https:\/\/yoast.com\/product\/yoast-seo-premium-wordpress\/ -->\n<title>Retiros corporativos en Harbour Island. Eventos privados.<\/title>\n<meta name=\"description\" content=\"Official Eleuthera Harbour Island su gu\u00eda de Harbour Island, comparte sobre retiros corporativos en Harbour Island. Eventos privados.\" \/>\n<meta name=\"robots\" content=\"index, follow, max-snippet:-1, max-image-preview:large, max-video-preview:-1\" \/>\n<link rel=\"canonical\" href=\"https:\/\/officialeleutheraharbourisland.com\/es\/harbour-island\/eventos-privados\/retiros-corporativos\/\" \/>\n<meta property=\"og:locale\" content=\"es_ES\" \/>\n<meta property=\"og:type\" content=\"article\" \/>\n<meta property=\"og:title\" content=\"Retiros corporativos\" \/>\n<meta property=\"og:description\" content=\"Official Eleuthera Harbour Island su gu\u00eda de Harbour Island, comparte sobre retiros corporativos en Harbour Island. Eventos privados.\" \/>\n<meta property=\"og:url\" content=\"https:\/\/officialeleutheraharbourisland.com\/es\/harbour-island\/eventos-privados\/retiros-corporativos\/\" \/>\n<meta property=\"og:site_name\" content=\"Official Eleuthera Harbour Island\" \/>\n<meta property=\"article:modified_time\" content=\"2023-06-16T19:16:17+00:00\" \/>\n<meta property=\"og:image\" content=\"https:\/\/officialeleutheraharbourisland.com\/wp-content\/uploads\/2023\/02\/Occassions-Events-Corporate-Retreats-Large-New.jpg\" \/>\n\t<meta property=\"og:image:width\" content=\"994\" \/>\n\t<meta property=\"og:image:height\" content=\"572\" \/>\n\t<meta property=\"og:image:type\" content=\"image\/jpeg\" \/>\n<meta name=\"twitter:card\" content=\"summary_large_image\" \/>\n<meta name=\"twitter:label1\" content=\"Tiempo de lectura\" \/>\n\t<meta name=\"twitter:data1\" content=\"2 minutos\" \/>\n<script type=\"application\/ld+json\" class=\"yoast-schema-graph\">{\"@context\":\"https:\\\/\\\/schema.org\",\"@graph\":[{\"@type\":\"WebPage\",\"@id\":\"https:\\\/\\\/officialeleutheraharbourisland.com\\\/es\\\/harbour-island\\\/eventos-privados\\\/retiros-corporativos\\\/\",\"url\":\"https:\\\/\\\/officialeleutheraharbourisland.com\\\/es\\\/harbour-island\\\/eventos-privados\\\/retiros-corporativos\\\/\",\"name\":\"Retiros corporativos en Harbour Island. Eventos privados.\",\"isPartOf\":{\"@id\":\"https:\\\/\\\/officialeleutheraharbourisland.com\\\/#website\"},\"primaryImageOfPage\":{\"@id\":\"https:\\\/\\\/officialeleutheraharbourisland.com\\\/es\\\/harbour-island\\\/eventos-privados\\\/retiros-corporativos\\\/#primaryimage\"},\"image\":{\"@id\":\"https:\\\/\\\/officialeleutheraharbourisland.com\\\/es\\\/harbour-island\\\/eventos-privados\\\/retiros-corporativos\\\/#primaryimage\"},\"thumbnailUrl\":\"https:\\\/\\\/officialeleutheraharbourisland.com\\\/wp-content\\\/uploads\\\/2023\\\/02\\\/Occassions-Events-Corporate-Retreats-Large-New.jpg\",\"datePublished\":\"2023-02-01T14:25:02+00:00\",\"dateModified\":\"2023-06-16T19:16:17+00:00\",\"description\":\"Official Eleuthera Harbour Island su gu\u00eda de Harbour Island, comparte sobre retiros corporativos en Harbour Island. Eventos privados.\",\"breadcrumb\":{\"@id\":\"https:\\\/\\\/officialeleutheraharbourisland.com\\\/es\\\/harbour-island\\\/eventos-privados\\\/retiros-corporativos\\\/#breadcrumb\"},\"inLanguage\":\"es\",\"potentialAction\":[{\"@type\":\"ReadAction\",\"target\":[\"https:\\\/\\\/officialeleutheraharbourisland.com\\\/es\\\/harbour-island\\\/eventos-privados\\\/retiros-corporativos\\\/\"]}]},{\"@type\":\"ImageObject\",\"inLanguage\":\"es\",\"@id\":\"https:\\\/\\\/officialeleutheraharbourisland.com\\\/es\\\/harbour-island\\\/eventos-privados\\\/retiros-corporativos\\\/#primaryimage\",\"url\":\"https:\\\/\\\/officialeleutheraharbourisland.com\\\/wp-content\\\/uploads\\\/2023\\\/02\\\/Occassions-Events-Corporate-Retreats-Large-New.jpg\",\"contentUrl\":\"https:\\\/\\\/officialeleutheraharbourisland.com\\\/wp-content\\\/uploads\\\/2023\\\/02\\\/Occassions-Events-Corporate-Retreats-Large-New.jpg\",\"width\":994,\"height\":572,\"caption\":\"corporate retreats harbour island\"},{\"@type\":\"BreadcrumbList\",\"@id\":\"https:\\\/\\\/officialeleutheraharbourisland.com\\\/es\\\/harbour-island\\\/eventos-privados\\\/retiros-corporativos\\\/#breadcrumb\",\"itemListElement\":[{\"@type\":\"ListItem\",\"position\":1,\"name\":\"Home\",\"item\":\"https:\\\/\\\/officialeleutheraharbourisland.com\\\/es\\\/\"},{\"@type\":\"ListItem\",\"position\":2,\"name\":\"HARBOUR ISLAND\",\"item\":\"https:\\\/\\\/officialeleutheraharbourisland.com\\\/es\\\/harbour-island\\\/\"},{\"@type\":\"ListItem\",\"position\":3,\"name\":\"Eventos privados\",\"item\":\"https:\\\/\\\/officialeleutheraharbourisland.com\\\/es\\\/harbour-island\\\/eventos-privados\\\/\"},{\"@type\":\"ListItem\",\"position\":4,\"name\":\"Retiros corporativos\"}]},{\"@type\":\"WebSite\",\"@id\":\"https:\\\/\\\/officialeleutheraharbourisland.com\\\/#website\",\"url\":\"https:\\\/\\\/officialeleutheraharbourisland.com\\\/\",\"name\":\"Official Eleuthera Harbour Island\",\"description\":\"Where Beauty &amp; Nature Meet\",\"publisher\":{\"@id\":\"https:\\\/\\\/officialeleutheraharbourisland.com\\\/#organization\"},\"potentialAction\":[{\"@type\":\"SearchAction\",\"target\":{\"@type\":\"EntryPoint\",\"urlTemplate\":\"https:\\\/\\\/officialeleutheraharbourisland.com\\\/?s={search_term_string}\"},\"query-input\":{\"@type\":\"PropertyValueSpecification\",\"valueRequired\":true,\"valueName\":\"search_term_string\"}}],\"inLanguage\":\"es\"},{\"@type\":\"Organization\",\"@id\":\"https:\\\/\\\/officialeleutheraharbourisland.com\\\/#organization\",\"name\":\"Official Eleuthera Harbour Island\",\"url\":\"https:\\\/\\\/officialeleutheraharbourisland.com\\\/\",\"logo\":{\"@type\":\"ImageObject\",\"inLanguage\":\"es\",\"@id\":\"https:\\\/\\\/officialeleutheraharbourisland.com\\\/#\\\/schema\\\/logo\\\/image\\\/\",\"url\":\"https:\\\/\\\/officialeleutheraharbourisland.com\\\/wp-content\\\/uploads\\\/2022\\\/03\\\/logo-new-GREY-275.png\",\"contentUrl\":\"https:\\\/\\\/officialeleutheraharbourisland.com\\\/wp-content\\\/uploads\\\/2022\\\/03\\\/logo-new-GREY-275.png\",\"width\":275,\"height\":22,\"caption\":\"Official Eleuthera Harbour Island\"},\"image\":{\"@id\":\"https:\\\/\\\/officialeleutheraharbourisland.com\\\/#\\\/schema\\\/logo\\\/image\\\/\"}}]}<\/script>\n<!-- \/ Yoast SEO Premium plugin. -->","yoast_head_json":{"title":"Retiros corporativos en Harbour Island. Eventos privados.","description":"Official Eleuthera Harbour Island su gu\u00eda de Harbour Island, comparte sobre retiros corporativos en Harbour Island. Eventos privados.","robots":{"index":"index","follow":"follow","max-snippet":"max-snippet:-1","max-image-preview":"max-image-preview:large","max-video-preview":"max-video-preview:-1"},"canonical":"https:\/\/officialeleutheraharbourisland.com\/es\/harbour-island\/eventos-privados\/retiros-corporativos\/","og_locale":"es_ES","og_type":"article","og_title":"Retiros corporativos","og_description":"Official Eleuthera Harbour Island su gu\u00eda de Harbour Island, comparte sobre retiros corporativos en Harbour Island. Eventos privados.","og_url":"https:\/\/officialeleutheraharbourisland.com\/es\/harbour-island\/eventos-privados\/retiros-corporativos\/","og_site_name":"Official Eleuthera Harbour Island","article_modified_time":"2023-06-16T19:16:17+00:00","og_image":[{"width":994,"height":572,"url":"https:\/\/officialeleutheraharbourisland.com\/wp-content\/uploads\/2023\/02\/Occassions-Events-Corporate-Retreats-Large-New.jpg","type":"image\/jpeg"}],"twitter_card":"summary_large_image","twitter_misc":{"Tiempo de lectura":"2 minutos"},"schema":{"@context":"https:\/\/schema.org","@graph":[{"@type":"WebPage","@id":"https:\/\/officialeleutheraharbourisland.com\/es\/harbour-island\/eventos-privados\/retiros-corporativos\/","url":"https:\/\/officialeleutheraharbourisland.com\/es\/harbour-island\/eventos-privados\/retiros-corporativos\/","name":"Retiros corporativos en Harbour Island. Eventos privados.","isPartOf":{"@id":"https:\/\/officialeleutheraharbourisland.com\/#website"},"primaryImageOfPage":{"@id":"https:\/\/officialeleutheraharbourisland.com\/es\/harbour-island\/eventos-privados\/retiros-corporativos\/#primaryimage"},"image":{"@id":"https:\/\/officialeleutheraharbourisland.com\/es\/harbour-island\/eventos-privados\/retiros-corporativos\/#primaryimage"},"thumbnailUrl":"https:\/\/officialeleutheraharbourisland.com\/wp-content\/uploads\/2023\/02\/Occassions-Events-Corporate-Retreats-Large-New.jpg","datePublished":"2023-02-01T14:25:02+00:00","dateModified":"2023-06-16T19:16:17+00:00","description":"Official Eleuthera Harbour Island su gu\u00eda de Harbour Island, comparte sobre retiros corporativos en Harbour Island. Eventos privados.","breadcrumb":{"@id":"https:\/\/officialeleutheraharbourisland.com\/es\/harbour-island\/eventos-privados\/retiros-corporativos\/#breadcrumb"},"inLanguage":"es","potentialAction":[{"@type":"ReadAction","target":["https:\/\/officialeleutheraharbourisland.com\/es\/harbour-island\/eventos-privados\/retiros-corporativos\/"]}]},{"@type":"ImageObject","inLanguage":"es","@id":"https:\/\/officialeleutheraharbourisland.com\/es\/harbour-island\/eventos-privados\/retiros-corporativos\/#primaryimage","url":"https:\/\/officialeleutheraharbourisland.com\/wp-content\/uploads\/2023\/02\/Occassions-Events-Corporate-Retreats-Large-New.jpg","contentUrl":"https:\/\/officialeleutheraharbourisland.com\/wp-content\/uploads\/2023\/02\/Occassions-Events-Corporate-Retreats-Large-New.jpg","width":994,"height":572,"caption":"corporate retreats harbour island"},{"@type":"BreadcrumbList","@id":"https:\/\/officialeleutheraharbourisland.com\/es\/harbour-island\/eventos-privados\/retiros-corporativos\/#breadcrumb","itemListElement":[{"@type":"ListItem","position":1,"name":"Home","item":"https:\/\/officialeleutheraharbourisland.com\/es\/"},{"@type":"ListItem","position":2,"name":"HARBOUR ISLAND","item":"https:\/\/officialeleutheraharbourisland.com\/es\/harbour-island\/"},{"@type":"ListItem","position":3,"name":"Eventos privados","item":"https:\/\/officialeleutheraharbourisland.com\/es\/harbour-island\/eventos-privados\/"},{"@type":"ListItem","position":4,"name":"Retiros corporativos"}]},{"@type":"WebSite","@id":"https:\/\/officialeleutheraharbourisland.com\/#website","url":"https:\/\/officialeleutheraharbourisland.com\/","name":"Official Eleuthera Harbour Island","description":"Where Beauty &amp; Nature Meet","publisher":{"@id":"https:\/\/officialeleutheraharbourisland.com\/#organization"},"potentialAction":[{"@type":"SearchAction","target":{"@type":"EntryPoint","urlTemplate":"https:\/\/officialeleutheraharbourisland.com\/?s={search_term_string}"},"query-input":{"@type":"PropertyValueSpecification","valueRequired":true,"valueName":"search_term_string"}}],"inLanguage":"es"},{"@type":"Organization","@id":"https:\/\/officialeleutheraharbourisland.com\/#organization","name":"Official Eleuthera Harbour Island","url":"https:\/\/officialeleutheraharbourisland.com\/","logo":{"@type":"ImageObject","inLanguage":"es","@id":"https:\/\/officialeleutheraharbourisland.com\/#\/schema\/logo\/image\/","url":"https:\/\/officialeleutheraharbourisland.com\/wp-content\/uploads\/2022\/03\/logo-new-GREY-275.png","contentUrl":"https:\/\/officialeleutheraharbourisland.com\/wp-content\/uploads\/2022\/03\/logo-new-GREY-275.png","width":275,"height":22,"caption":"Official Eleuthera Harbour Island"},"image":{"@id":"https:\/\/officialeleutheraharbourisland.com\/#\/schema\/logo\/image\/"}}]}},"jetpack_sharing_enabled":true,"_links":{"self":[{"href":"https:\/\/officialeleutheraharbourisland.com\/es\/wp-json\/wp\/v2\/pages\/75624","targetHints":{"allow":["GET"]}}],"collection":[{"href":"https:\/\/officialeleutheraharbourisland.com\/es\/wp-json\/wp\/v2\/pages"}],"about":[{"href":"https:\/\/officialeleutheraharbourisland.com\/es\/wp-json\/wp\/v2\/types\/page"}],"author":[{"embeddable":true,"href":"https:\/\/officialeleutheraharbourisland.com\/es\/wp-json\/wp\/v2\/users\/1"}],"replies":[{"embeddable":true,"href":"https:\/\/officialeleutheraharbourisland.com\/es\/wp-json\/wp\/v2\/comments?post=75624"}],"version-history":[{"count":3,"href":"https:\/\/officialeleutheraharbourisland.com\/es\/wp-json\/wp\/v2\/pages\/75624\/revisions"}],"predecessor-version":[{"id":75628,"href":"https:\/\/officialeleutheraharbourisland.com\/es\/wp-json\/wp\/v2\/pages\/75624\/revisions\/75628"}],"up":[{"embeddable":true,"href":"https:\/\/officialeleutheraharbourisland.com\/es\/wp-json\/wp\/v2\/pages\/75612"}],"wp:featuredmedia":[{"embeddable":true,"href":"https:\/\/officialeleutheraharbourisland.com\/es\/wp-json\/wp\/v2\/media\/73323"}],"wp:attachment":[{"href":"https:\/\/officialeleutheraharbourisland.com\/es\/wp-json\/wp\/v2\/media?parent=75624"}],"wp:term":[{"taxonomy":"category","embeddable":true,"href":"https:\/\/officialeleutheraharbourisland.com\/es\/wp-json\/wp\/v2\/categories?post=75624"},{"taxonomy":"post_tag","embeddable":true,"href":"https:\/\/officialeleutheraharbourisland.com\/es\/wp-json\/wp\/v2\/tags?post=75624"}],"curies":[{"name":"wp","href":"https:\/\/api.w.org\/{rel}","templated":true}]}}