{"id":75694,"date":"2023-02-01T14:25:02","date_gmt":"2023-02-01T14:25:02","guid":{"rendered":"https:\/\/officialeleutheraharbourisland.com\/harbour-island\/que-hacer\/belleza-y-bienestar\/massage-therapists\/"},"modified":"2023-06-20T15:30:32","modified_gmt":"2023-06-20T15:30:32","slug":"masajistas","status":"publish","type":"page","link":"https:\/\/officialeleutheraharbourisland.com\/es\/harbour-island\/que-hacer\/belleza-y-bienestar\/masajistas\/","title":{"rendered":"Masajistas"},"content":{"rendered":"<div class=\"wpb-content-wrapper\"><p>[vc_row css=\u00bb.vc_custom_1649079224179{padding-bottom: 50px !important;}\u00bb][vc_column]<div id=\"ultimate-heading-226969e29e2990fdd\" class=\"uvc-heading ult-adjust-bottom-margin ultimate-heading-226969e29e2990fdd uvc-139 \" data-hspacer=\"line_only\"  data-halign=\"center\" style=\"text-align:center\"><div class=\"uvc-main-heading ult-responsive\"  data-ultimate-target='.uvc-heading.ultimate-heading-226969e29e2990fdd h2'  data-responsive-json-new='{\"font-size\":\"\",\"line-height\":\"\"}' ><h2 style=\"font-weight:normal;margin-bottom:15px;\">Masajistas en Harbour Island<\/h2><\/div><div class=\"uvc-heading-spacer line_only\" style=\"margin-bottom:15px;height:3px;\"><span class=\"uvc-headings-line\" style=\"border-style:solid;border-bottom-width:3px;border-color:#7ac1ff;width:60px;\"><\/span><\/div><\/div>[\/vc_column][\/vc_row][vc_row][vc_column][vc_column_text]<\/p>\n<div class=\"gmail-vc_row gmail-wpb_row gmail-vc_row-fluid\">\n<div class=\"gmail-wpb_column gmail-vc_column_container gmail-vc_col-sm-12\">\n<div class=\"gmail-vc_column-inner\">\n<div class=\"gmail-wpb_wrapper\">\n<div class=\"gmail-wpb_text_column gmail-wpb_content_element\">\n<div class=\"gmail-wpb_wrapper\">\n<p id=\"gmail-tw-target-text\" class=\"gmail-tw-data-text gmail-tw-text-large gmail-tw-ta\" dir=\"ltr\"><span class=\"gmail-Y2IQFc\" lang=\"es\">Viajar de un lugar a otro durante sus vacaciones a veces puede ser agotador. La mejor soluci\u00f3n para deshacerse de los m\u00fasculos r\u00edgidos y el cuerpo cansado es recibir un masaje de un terapeuta profesional en Harbour Island. Los terapeutas de masaje lo visitar\u00e1n en su hotel, su alquiler de vacaciones o en cualquier otro lugar y le brindar\u00e1n un masaje relajante para prepararlo para d\u00edas m\u00e1s aventureros en Harbour Island. Ya sea que desee un masaje de tejido profundo, un masaje arom\u00e1tico, un masaje con piedras, un masaje sueco o cualquier otra terapia, \u00a1los masajistas de Harbour Island est\u00e1n listos para consentirlo!<\/span><\/p>\n<p class=\"gmail-tw-data-text gmail-tw-text-large gmail-tw-ta\" dir=\"ltr\"><span class=\"gmail-Y2IQFc\" lang=\"es\"><strong>Nakita Headley:<\/strong>\u00a0Nakita es masajista certificada en Harbour Island y ha practicado la terapia de masaje durante m\u00e1s de 7 a\u00f1os. Su carrera comenz\u00f3 en The Island Spa. Abri\u00f3 Bodyscape Massage Therapy, un servicio de spa m\u00f3vil en 2020 porque quer\u00eda brindarle los beneficios curativos, el lujo, el estilo y la comodidad de una sesi\u00f3n de masaje; ya sea en su casa privada, casa de alquiler, suite de hotel, yate o incluso en la playa. Con Lomi, su t\u00e9cnica favorita tambi\u00e9n incorpora reflexolog\u00eda, t\u00e9cnicas suecas\/tejido profundo, terapia de estiramiento y aromaterapia a cada sesi\u00f3n de masaje. Aqu\u00ed est\u00e1 el sitio web para obtener m\u00e1s informaci\u00f3n:\u00a0<a href=\"http:\/\/www.bodyscapemassagetherapy.com\/\">http:\/\/www.bodyscapemassagetherapy.com\/<\/a>. Puede llamar al (242) 470-2028.<\/span><\/p>\n<p class=\"gmail-tw-data-text gmail-tw-text-large gmail-tw-ta\" dir=\"ltr\"><span class=\"gmail-Y2IQFc\" lang=\"es\"><strong>Cleaomie Rankine:<\/strong>\u00a0brinda servicios de masajes en Eleuthera y alrededor de las Bahamas. Cleaomie Rankine dirige su propio spa conocido como Mariposa Day Spa. Ella ofrece servicios de masajes a un precio razonable. Ll\u00e1mela para planificar un masaje en Harbour Island: +1(242)-445-1331.<\/span><\/p>\n<p class=\"gmail-tw-data-text gmail-tw-text-large gmail-tw-ta\" dir=\"ltr\"><span class=\"gmail-Y2IQFc\" lang=\"es\">Ambas masajistas mencionados anteriormente son profesionales experimentadas y certificadas que le brindar\u00e1n la mejor experiencia de masaje de acuerdo con sus preferencias. Aparte de eso, hay varios spas en todas partes en Harbour Island que tambi\u00e9n ofrecen excelentes servicios de masajes.<\/span><\/p>\n<\/div>\n<\/div>\n<\/div>\n<\/div>\n<\/div>\n<\/div>\n<div class=\"gmail-vc_row gmail-wpb_row gmail-vc_row-fluid\">\n<div class=\"gmail-wpb_column gmail-vc_column_container gmail-vc_col-sm-12\">\n<div class=\"gmail-vc_column-inner\">\n<div class=\"gmail-wpb_wrapper\"><\/div>\n<\/div>\n<\/div>\n<\/div>\n<div>\n<div class=\"gmail_signature\" dir=\"ltr\" data-smartmail=\"gmail_signature\"><\/div>\n<\/div>\n<p>[\/vc_column_text][\/vc_column][\/vc_row][vc_row][vc_column][vc_separator css=\u00bb.vc_custom_1675714614730{margin-top: 30px !important;margin-bottom: 30px !important;}\u00bb][\/vc_column][\/vc_row][vc_row][vc_column width=\u00bb1\/6&#8243;][\/vc_column][vc_column width=\u00bb2\/3&#8243;][vc_single_image image=\u00bb60537&#8243; img_size=\u00bbfull\u00bb alignment=\u00bbcenter\u00bb][\/vc_column][vc_column width=\u00bb1\/6&#8243;][\/vc_column][\/vc_row][vc_row][vc_column][vc_separator css=\u00bb.vc_custom_1675714614730{margin-top: 30px !important;margin-bottom: 30px !important;}\u00bb][\/vc_column][\/vc_row]<\/p>\n<\/div>","protected":false},"excerpt":{"rendered":"<p>[vc_row css=\u00bb.vc_custom_1649079224179{padding-bottom: 50px !important;}\u00bb][vc_column][\/vc_column][\/vc_row][vc_row][vc_column][vc_column_text] Viajar de un lugar a otro durante sus vacaciones a veces puede ser agotador. La mejor soluci\u00f3n para deshacerse de los m\u00fasculos r\u00edgidos y el cuerpo cansado es recibir un masaje de un terapeuta profesional en Harbour Island. Los terapeutas de masaje lo visitar\u00e1n en su hotel, su alquiler de vacaciones&hellip;<\/p>\n","protected":false},"author":1,"featured_media":64399,"parent":75484,"menu_order":0,"comment_status":"closed","ping_status":"closed","template":"","meta":{"footnotes":""},"categories":[],"tags":[1280],"class_list":["post-75694","page","type-page","status-publish","has-post-thumbnail","hentry","tag-beauty-and-wellness-harbour-island-es-2","description-off"],"yoast_head":"<!-- This site is optimized with the Yoast SEO Premium plugin v25.2 (Yoast SEO v27.4) - https:\/\/yoast.com\/product\/yoast-seo-premium-wordpress\/ -->\n<title>Masajistas en Harbour Island. Cosas para hacer en Harbour Island<\/title>\n<meta name=\"description\" content=\"Official Eleuthera Harbour Island Su gu\u00eda de Harbour Island proporciona informaci\u00f3n sobre masajistas en Harbour Island. Cosas para hacer.\" \/>\n<meta name=\"robots\" content=\"index, follow, max-snippet:-1, max-image-preview:large, max-video-preview:-1\" \/>\n<link rel=\"canonical\" href=\"https:\/\/officialeleutheraharbourisland.com\/es\/harbour-island\/que-hacer\/belleza-y-bienestar\/masajistas\/\" \/>\n<meta property=\"og:locale\" content=\"es_ES\" \/>\n<meta property=\"og:type\" content=\"article\" \/>\n<meta property=\"og:title\" content=\"Masajistas\" \/>\n<meta property=\"og:description\" content=\"Official Eleuthera Harbour Island Su gu\u00eda de Harbour Island proporciona informaci\u00f3n sobre masajistas en Harbour Island. Cosas para hacer.\" \/>\n<meta property=\"og:url\" content=\"https:\/\/officialeleutheraharbourisland.com\/es\/harbour-island\/que-hacer\/belleza-y-bienestar\/masajistas\/\" \/>\n<meta property=\"og:site_name\" content=\"Official Eleuthera Harbour Island\" \/>\n<meta property=\"article:modified_time\" content=\"2023-06-20T15:30:32+00:00\" \/>\n<meta property=\"og:image\" content=\"https:\/\/officialeleutheraharbourisland.com\/wp-content\/uploads\/2022\/04\/spa-g661903260_1920.jpg\" \/>\n\t<meta property=\"og:image:width\" content=\"1920\" \/>\n\t<meta property=\"og:image:height\" content=\"1277\" \/>\n\t<meta property=\"og:image:type\" content=\"image\/jpeg\" \/>\n<meta name=\"twitter:card\" content=\"summary_large_image\" \/>\n<meta name=\"twitter:label1\" content=\"Tiempo de lectura\" \/>\n\t<meta name=\"twitter:data1\" content=\"2 minutos\" \/>\n<script type=\"application\/ld+json\" class=\"yoast-schema-graph\">{\"@context\":\"https:\\\/\\\/schema.org\",\"@graph\":[{\"@type\":\"WebPage\",\"@id\":\"https:\\\/\\\/officialeleutheraharbourisland.com\\\/es\\\/harbour-island\\\/que-hacer\\\/belleza-y-bienestar\\\/masajistas\\\/\",\"url\":\"https:\\\/\\\/officialeleutheraharbourisland.com\\\/es\\\/harbour-island\\\/que-hacer\\\/belleza-y-bienestar\\\/masajistas\\\/\",\"name\":\"Masajistas en Harbour Island. Cosas para hacer en Harbour Island\",\"isPartOf\":{\"@id\":\"https:\\\/\\\/officialeleutheraharbourisland.com\\\/#website\"},\"primaryImageOfPage\":{\"@id\":\"https:\\\/\\\/officialeleutheraharbourisland.com\\\/es\\\/harbour-island\\\/que-hacer\\\/belleza-y-bienestar\\\/masajistas\\\/#primaryimage\"},\"image\":{\"@id\":\"https:\\\/\\\/officialeleutheraharbourisland.com\\\/es\\\/harbour-island\\\/que-hacer\\\/belleza-y-bienestar\\\/masajistas\\\/#primaryimage\"},\"thumbnailUrl\":\"https:\\\/\\\/officialeleutheraharbourisland.com\\\/wp-content\\\/uploads\\\/2022\\\/04\\\/spa-g661903260_1920.jpg\",\"datePublished\":\"2023-02-01T14:25:02+00:00\",\"dateModified\":\"2023-06-20T15:30:32+00:00\",\"description\":\"Official Eleuthera Harbour Island Su gu\u00eda de Harbour Island proporciona informaci\u00f3n sobre masajistas en Harbour Island. Cosas para hacer.\",\"breadcrumb\":{\"@id\":\"https:\\\/\\\/officialeleutheraharbourisland.com\\\/es\\\/harbour-island\\\/que-hacer\\\/belleza-y-bienestar\\\/masajistas\\\/#breadcrumb\"},\"inLanguage\":\"es\",\"potentialAction\":[{\"@type\":\"ReadAction\",\"target\":[\"https:\\\/\\\/officialeleutheraharbourisland.com\\\/es\\\/harbour-island\\\/que-hacer\\\/belleza-y-bienestar\\\/masajistas\\\/\"]}]},{\"@type\":\"ImageObject\",\"inLanguage\":\"es\",\"@id\":\"https:\\\/\\\/officialeleutheraharbourisland.com\\\/es\\\/harbour-island\\\/que-hacer\\\/belleza-y-bienestar\\\/masajistas\\\/#primaryimage\",\"url\":\"https:\\\/\\\/officialeleutheraharbourisland.com\\\/wp-content\\\/uploads\\\/2022\\\/04\\\/spa-g661903260_1920.jpg\",\"contentUrl\":\"https:\\\/\\\/officialeleutheraharbourisland.com\\\/wp-content\\\/uploads\\\/2022\\\/04\\\/spa-g661903260_1920.jpg\",\"width\":1920,\"height\":1277},{\"@type\":\"BreadcrumbList\",\"@id\":\"https:\\\/\\\/officialeleutheraharbourisland.com\\\/es\\\/harbour-island\\\/que-hacer\\\/belleza-y-bienestar\\\/masajistas\\\/#breadcrumb\",\"itemListElement\":[{\"@type\":\"ListItem\",\"position\":1,\"name\":\"Home\",\"item\":\"https:\\\/\\\/officialeleutheraharbourisland.com\\\/es\\\/\"},{\"@type\":\"ListItem\",\"position\":2,\"name\":\"HARBOUR ISLAND\",\"item\":\"https:\\\/\\\/officialeleutheraharbourisland.com\\\/es\\\/harbour-island\\\/\"},{\"@type\":\"ListItem\",\"position\":3,\"name\":\"QU\u00c9 HACER\",\"item\":\"https:\\\/\\\/officialeleutheraharbourisland.com\\\/es\\\/harbour-island\\\/que-hacer\\\/\"},{\"@type\":\"ListItem\",\"position\":4,\"name\":\"BELLEZA Y BIENESTAR\",\"item\":\"https:\\\/\\\/officialeleutheraharbourisland.com\\\/es\\\/harbour-island\\\/que-hacer\\\/belleza-y-bienestar\\\/\"},{\"@type\":\"ListItem\",\"position\":5,\"name\":\"Masajistas\"}]},{\"@type\":\"WebSite\",\"@id\":\"https:\\\/\\\/officialeleutheraharbourisland.com\\\/#website\",\"url\":\"https:\\\/\\\/officialeleutheraharbourisland.com\\\/\",\"name\":\"Official Eleuthera Harbour Island\",\"description\":\"Where Beauty &amp; Nature Meet\",\"publisher\":{\"@id\":\"https:\\\/\\\/officialeleutheraharbourisland.com\\\/#organization\"},\"potentialAction\":[{\"@type\":\"SearchAction\",\"target\":{\"@type\":\"EntryPoint\",\"urlTemplate\":\"https:\\\/\\\/officialeleutheraharbourisland.com\\\/?s={search_term_string}\"},\"query-input\":{\"@type\":\"PropertyValueSpecification\",\"valueRequired\":true,\"valueName\":\"search_term_string\"}}],\"inLanguage\":\"es\"},{\"@type\":\"Organization\",\"@id\":\"https:\\\/\\\/officialeleutheraharbourisland.com\\\/#organization\",\"name\":\"Official Eleuthera Harbour Island\",\"url\":\"https:\\\/\\\/officialeleutheraharbourisland.com\\\/\",\"logo\":{\"@type\":\"ImageObject\",\"inLanguage\":\"es\",\"@id\":\"https:\\\/\\\/officialeleutheraharbourisland.com\\\/#\\\/schema\\\/logo\\\/image\\\/\",\"url\":\"https:\\\/\\\/officialeleutheraharbourisland.com\\\/wp-content\\\/uploads\\\/2022\\\/03\\\/logo-new-GREY-275.png\",\"contentUrl\":\"https:\\\/\\\/officialeleutheraharbourisland.com\\\/wp-content\\\/uploads\\\/2022\\\/03\\\/logo-new-GREY-275.png\",\"width\":275,\"height\":22,\"caption\":\"Official Eleuthera Harbour Island\"},\"image\":{\"@id\":\"https:\\\/\\\/officialeleutheraharbourisland.com\\\/#\\\/schema\\\/logo\\\/image\\\/\"}}]}<\/script>\n<!-- \/ Yoast SEO Premium plugin. -->","yoast_head_json":{"title":"Masajistas en Harbour Island. Cosas para hacer en Harbour Island","description":"Official Eleuthera Harbour Island Su gu\u00eda de Harbour Island proporciona informaci\u00f3n sobre masajistas en Harbour Island. Cosas para hacer.","robots":{"index":"index","follow":"follow","max-snippet":"max-snippet:-1","max-image-preview":"max-image-preview:large","max-video-preview":"max-video-preview:-1"},"canonical":"https:\/\/officialeleutheraharbourisland.com\/es\/harbour-island\/que-hacer\/belleza-y-bienestar\/masajistas\/","og_locale":"es_ES","og_type":"article","og_title":"Masajistas","og_description":"Official Eleuthera Harbour Island Su gu\u00eda de Harbour Island proporciona informaci\u00f3n sobre masajistas en Harbour Island. Cosas para hacer.","og_url":"https:\/\/officialeleutheraharbourisland.com\/es\/harbour-island\/que-hacer\/belleza-y-bienestar\/masajistas\/","og_site_name":"Official Eleuthera Harbour Island","article_modified_time":"2023-06-20T15:30:32+00:00","og_image":[{"width":1920,"height":1277,"url":"https:\/\/officialeleutheraharbourisland.com\/wp-content\/uploads\/2022\/04\/spa-g661903260_1920.jpg","type":"image\/jpeg"}],"twitter_card":"summary_large_image","twitter_misc":{"Tiempo de lectura":"2 minutos"},"schema":{"@context":"https:\/\/schema.org","@graph":[{"@type":"WebPage","@id":"https:\/\/officialeleutheraharbourisland.com\/es\/harbour-island\/que-hacer\/belleza-y-bienestar\/masajistas\/","url":"https:\/\/officialeleutheraharbourisland.com\/es\/harbour-island\/que-hacer\/belleza-y-bienestar\/masajistas\/","name":"Masajistas en Harbour Island. Cosas para hacer en Harbour Island","isPartOf":{"@id":"https:\/\/officialeleutheraharbourisland.com\/#website"},"primaryImageOfPage":{"@id":"https:\/\/officialeleutheraharbourisland.com\/es\/harbour-island\/que-hacer\/belleza-y-bienestar\/masajistas\/#primaryimage"},"image":{"@id":"https:\/\/officialeleutheraharbourisland.com\/es\/harbour-island\/que-hacer\/belleza-y-bienestar\/masajistas\/#primaryimage"},"thumbnailUrl":"https:\/\/officialeleutheraharbourisland.com\/wp-content\/uploads\/2022\/04\/spa-g661903260_1920.jpg","datePublished":"2023-02-01T14:25:02+00:00","dateModified":"2023-06-20T15:30:32+00:00","description":"Official Eleuthera Harbour Island Su gu\u00eda de Harbour Island proporciona informaci\u00f3n sobre masajistas en Harbour Island. Cosas para hacer.","breadcrumb":{"@id":"https:\/\/officialeleutheraharbourisland.com\/es\/harbour-island\/que-hacer\/belleza-y-bienestar\/masajistas\/#breadcrumb"},"inLanguage":"es","potentialAction":[{"@type":"ReadAction","target":["https:\/\/officialeleutheraharbourisland.com\/es\/harbour-island\/que-hacer\/belleza-y-bienestar\/masajistas\/"]}]},{"@type":"ImageObject","inLanguage":"es","@id":"https:\/\/officialeleutheraharbourisland.com\/es\/harbour-island\/que-hacer\/belleza-y-bienestar\/masajistas\/#primaryimage","url":"https:\/\/officialeleutheraharbourisland.com\/wp-content\/uploads\/2022\/04\/spa-g661903260_1920.jpg","contentUrl":"https:\/\/officialeleutheraharbourisland.com\/wp-content\/uploads\/2022\/04\/spa-g661903260_1920.jpg","width":1920,"height":1277},{"@type":"BreadcrumbList","@id":"https:\/\/officialeleutheraharbourisland.com\/es\/harbour-island\/que-hacer\/belleza-y-bienestar\/masajistas\/#breadcrumb","itemListElement":[{"@type":"ListItem","position":1,"name":"Home","item":"https:\/\/officialeleutheraharbourisland.com\/es\/"},{"@type":"ListItem","position":2,"name":"HARBOUR ISLAND","item":"https:\/\/officialeleutheraharbourisland.com\/es\/harbour-island\/"},{"@type":"ListItem","position":3,"name":"QU\u00c9 HACER","item":"https:\/\/officialeleutheraharbourisland.com\/es\/harbour-island\/que-hacer\/"},{"@type":"ListItem","position":4,"name":"BELLEZA Y BIENESTAR","item":"https:\/\/officialeleutheraharbourisland.com\/es\/harbour-island\/que-hacer\/belleza-y-bienestar\/"},{"@type":"ListItem","position":5,"name":"Masajistas"}]},{"@type":"WebSite","@id":"https:\/\/officialeleutheraharbourisland.com\/#website","url":"https:\/\/officialeleutheraharbourisland.com\/","name":"Official Eleuthera Harbour Island","description":"Where Beauty &amp; Nature Meet","publisher":{"@id":"https:\/\/officialeleutheraharbourisland.com\/#organization"},"potentialAction":[{"@type":"SearchAction","target":{"@type":"EntryPoint","urlTemplate":"https:\/\/officialeleutheraharbourisland.com\/?s={search_term_string}"},"query-input":{"@type":"PropertyValueSpecification","valueRequired":true,"valueName":"search_term_string"}}],"inLanguage":"es"},{"@type":"Organization","@id":"https:\/\/officialeleutheraharbourisland.com\/#organization","name":"Official Eleuthera Harbour Island","url":"https:\/\/officialeleutheraharbourisland.com\/","logo":{"@type":"ImageObject","inLanguage":"es","@id":"https:\/\/officialeleutheraharbourisland.com\/#\/schema\/logo\/image\/","url":"https:\/\/officialeleutheraharbourisland.com\/wp-content\/uploads\/2022\/03\/logo-new-GREY-275.png","contentUrl":"https:\/\/officialeleutheraharbourisland.com\/wp-content\/uploads\/2022\/03\/logo-new-GREY-275.png","width":275,"height":22,"caption":"Official Eleuthera Harbour Island"},"image":{"@id":"https:\/\/officialeleutheraharbourisland.com\/#\/schema\/logo\/image\/"}}]}},"jetpack_sharing_enabled":true,"_links":{"self":[{"href":"https:\/\/officialeleutheraharbourisland.com\/es\/wp-json\/wp\/v2\/pages\/75694","targetHints":{"allow":["GET"]}}],"collection":[{"href":"https:\/\/officialeleutheraharbourisland.com\/es\/wp-json\/wp\/v2\/pages"}],"about":[{"href":"https:\/\/officialeleutheraharbourisland.com\/es\/wp-json\/wp\/v2\/types\/page"}],"author":[{"embeddable":true,"href":"https:\/\/officialeleutheraharbourisland.com\/es\/wp-json\/wp\/v2\/users\/1"}],"replies":[{"embeddable":true,"href":"https:\/\/officialeleutheraharbourisland.com\/es\/wp-json\/wp\/v2\/comments?post=75694"}],"version-history":[{"count":2,"href":"https:\/\/officialeleutheraharbourisland.com\/es\/wp-json\/wp\/v2\/pages\/75694\/revisions"}],"predecessor-version":[{"id":75696,"href":"https:\/\/officialeleutheraharbourisland.com\/es\/wp-json\/wp\/v2\/pages\/75694\/revisions\/75696"}],"up":[{"embeddable":true,"href":"https:\/\/officialeleutheraharbourisland.com\/es\/wp-json\/wp\/v2\/pages\/75484"}],"wp:featuredmedia":[{"embeddable":true,"href":"https:\/\/officialeleutheraharbourisland.com\/es\/wp-json\/wp\/v2\/media\/64399"}],"wp:attachment":[{"href":"https:\/\/officialeleutheraharbourisland.com\/es\/wp-json\/wp\/v2\/media?parent=75694"}],"wp:term":[{"taxonomy":"category","embeddable":true,"href":"https:\/\/officialeleutheraharbourisland.com\/es\/wp-json\/wp\/v2\/categories?post=75694"},{"taxonomy":"post_tag","embeddable":true,"href":"https:\/\/officialeleutheraharbourisland.com\/es\/wp-json\/wp\/v2\/tags?post=75694"}],"curies":[{"name":"wp","href":"https:\/\/api.w.org\/{rel}","templated":true}]}}