{"id":75751,"date":"2016-09-28T11:10:47","date_gmt":"2016-09-28T11:10:47","guid":{"rendered":"https:\/\/officialeleutheraharbourisland.com\/by-cost\/"},"modified":"2023-06-22T19:57:35","modified_gmt":"2023-06-22T19:57:35","slug":"por-costo","status":"publish","type":"page","link":"https:\/\/officialeleutheraharbourisland.com\/es\/harbour-island\/donde-alojarse\/alquileres-de-vacaciones\/por-costo\/","title":{"rendered":"Alquiler de vacaciones por costo"},"content":{"rendered":"<div class=\"wpb-content-wrapper\"><p>[vc_row][vc_column]<div id=\"ultimate-heading-900469e2b5c2344cf\" class=\"uvc-heading ult-adjust-bottom-margin ultimate-heading-900469e2b5c2344cf uvc-7832 \" data-hspacer=\"line_only\"  data-halign=\"left\" style=\"text-align:left\"><div class=\"uvc-main-heading ult-responsive\"  data-ultimate-target='.uvc-heading.ultimate-heading-900469e2b5c2344cf h2'  data-responsive-json-new='{\"font-size\":\"\",\"line-height\":\"\"}' ><h2 style=\"font-weight:normal;margin-bottom:15px;\">Alquiler de vacaciones por costo en Harbour Island<\/h2><\/div><div class=\"uvc-heading-spacer line_only\" style=\"margin-bottom:15px;height:3px;\"><span class=\"uvc-headings-line\" style=\"border-style:solid;border-bottom-width:3px;border-color:#7ac1ff;width:70px;\"><\/span><\/div><div class=\"uvc-sub-heading ult-responsive\"  data-ultimate-target='.uvc-heading.ultimate-heading-900469e2b5c2344cf .uvc-sub-heading '  data-responsive-json-new='{\"font-size\":\"\",\"line-height\":\"\"}'  style=\"font-weight:normal;margin-bottom:15px;\"><\/p>\n<div id=\"tw-target-text-container\" class=\"tw-ta-container F0azHf tw-nfl\" tabindex=\"0\">\n<p id=\"tw-target-text\" class=\"tw-data-text tw-text-large tw-ta\" dir=\"ltr\" data-placeholder=\"Translation\"><span class=\"Y2IQFc\" lang=\"es\">Harbour Island presenta una amplia oferta de alojamiento tambi\u00e9n en lo que se refiere al aspecto econ\u00f3mico de las vacaciones. Hay un n\u00famero considerable de casas accesibles, as\u00ed como de lujo y s\u00faper lujo. La clasificaci\u00f3n, para poder planificar el coste total de la estancia, se realiza dividiendo las casas o caba\u00f1as de alquiler en la isla por su coste por noche.<\/span><\/p>\n<\/div>\n<div id=\"tw-target-rmn-container\" class=\"tw-target-rmn tw-ta-container F0azHf tw-nfl\">\n<pre id=\"tw-target-rmn\" class=\"tw-data-placeholder tw-text-small tw-ta\" dir=\"ltr\" data-placeholder=\"\"><\/pre>\n<\/div>\n<div class=\"iYB33c\">\n<div class=\"dlJLJe\">\n<div data-cviv=\"false\" data-ved=\"2ahUKEwjk-ZvajtL_AhXqSzABHdRnCcUQz_AEegQIBBAP\">\n<div class=\"U9URNb\"><\/div>\n<\/div>\n<\/div>\n<div id=\"tw-tmenu\" class=\"tw-menu\"><\/div>\n<\/div>\n<p><\/div><\/div>[\/vc_column][\/vc_row][vc_row css=\u00bb.vc_custom_1670338594938{padding-top: 30px !important;padding-bottom: 30px !important;}\u00bb][vc_column][vc_separator][\/vc_column][\/vc_row][vc_row][vc_column width=\u00bb1\/6&#8243;][\/vc_column][vc_column width=\u00bb1\/6&#8243;][vc_column_text]<\/p>\n<h4 style=\"text-align: center;\">Econ\u00f3micas<\/h4>\n<p>[\/vc_column_text][\/vc_column][vc_column width=\u00bb1\/6&#8243;][vc_column_text]<\/p>\n<h4 style=\"text-align: center;\">Accesibles<\/h4>\n<p>[\/vc_column_text][\/vc_column][vc_column width=\u00bb1\/6&#8243;][vc_column_text]<\/p>\n<h4 style=\"text-align: center;\">De Lujo<\/h4>\n<p>[\/vc_column_text][\/vc_column][vc_column width=\u00bb1\/6&#8243;][vc_column_text]<\/p>\n<h4 style=\"text-align: center;\"><a href=\"https:\/\/officialeleutheraharbourisland.com\/es\/harbour-island\/donde-alojarse\/premium\/\">Premium<\/a><\/h4>\n<p>[\/vc_column_text][\/vc_column][vc_column width=\u00bb1\/6&#8243;][\/vc_column][\/vc_row][vc_row css=\u00bb.vc_custom_1670338665611{padding-top: 30px !important;padding-bottom: 50px !important;}\u00bb][vc_column][vc_separator][\/vc_column][\/vc_row]<\/p>\n<\/div>","protected":false},"excerpt":{"rendered":"<p>[vc_row][vc_column][\/vc_column][\/vc_row][vc_row css=\u00bb.vc_custom_1670338594938{padding-top: 30px !important;padding-bottom: 30px !important;}\u00bb][vc_column][vc_separator][\/vc_column][\/vc_row][vc_row][vc_column width=\u00bb1\/6&#8243;][\/vc_column][vc_column width=\u00bb1\/6&#8243;][vc_column_text] Econ\u00f3micas [\/vc_column_text][\/vc_column][vc_column width=\u00bb1\/6&#8243;][vc_column_text] Accesibles [\/vc_column_text][\/vc_column][vc_column width=\u00bb1\/6&#8243;][vc_column_text] De Lujo [\/vc_column_text][\/vc_column][vc_column width=\u00bb1\/6&#8243;][vc_column_text] Premium [\/vc_column_text][\/vc_column][vc_column width=\u00bb1\/6&#8243;][\/vc_column][\/vc_row][vc_row css=\u00bb.vc_custom_1670338665611{padding-top: 30px !important;padding-bottom: 50px !important;}\u00bb][vc_column][vc_separator][\/vc_column][\/vc_row]<\/p>\n","protected":false},"author":3,"featured_media":0,"parent":75758,"menu_order":20,"comment_status":"closed","ping_status":"closed","template":"","meta":{"footnotes":""},"categories":[],"tags":[],"class_list":["post-75751","page","type-page","status-publish","hentry","description-off"],"yoast_head":"<!-- This site is optimized with the Yoast SEO Premium plugin v25.2 (Yoast SEO v27.4) - https:\/\/yoast.com\/product\/yoast-seo-premium-wordpress\/ -->\n<title>Alquiler de vacaciones por costo, econ\u00f3mico, de lujo, premium.<\/title>\n<meta name=\"description\" content=\"Official Eleuthera Harbour Island le proporciona una lista de alquileres de vacaciones por costo. Barato, accesible, lujoso, premium.\" \/>\n<meta name=\"robots\" content=\"index, follow, max-snippet:-1, max-image-preview:large, max-video-preview:-1\" \/>\n<link rel=\"canonical\" href=\"https:\/\/officialeleutheraharbourisland.com\/es\/por-costo\/\" \/>\n<meta property=\"og:locale\" content=\"es_ES\" \/>\n<meta property=\"og:type\" content=\"article\" \/>\n<meta property=\"og:title\" content=\"Alquiler de vacaciones por costo\" \/>\n<meta property=\"og:description\" content=\"Official Eleuthera Harbour Island le proporciona una lista de alquileres de vacaciones por costo. Barato, accesible, lujoso, premium.\" \/>\n<meta property=\"og:url\" content=\"https:\/\/officialeleutheraharbourisland.com\/es\/por-costo\/\" \/>\n<meta property=\"og:site_name\" content=\"Official Eleuthera Harbour Island\" \/>\n<meta property=\"article:modified_time\" content=\"2023-06-22T19:57:35+00:00\" \/>\n<meta name=\"twitter:card\" content=\"summary_large_image\" \/>\n<meta name=\"twitter:label1\" content=\"Tiempo de lectura\" \/>\n\t<meta name=\"twitter:data1\" content=\"1 minuto\" \/>\n<script type=\"application\/ld+json\" class=\"yoast-schema-graph\">{\"@context\":\"https:\\\/\\\/schema.org\",\"@graph\":[{\"@type\":\"WebPage\",\"@id\":\"https:\\\/\\\/officialeleutheraharbourisland.com\\\/es\\\/por-costo\\\/\",\"url\":\"https:\\\/\\\/officialeleutheraharbourisland.com\\\/es\\\/por-costo\\\/\",\"name\":\"Alquiler de vacaciones por costo, econ\u00f3mico, de lujo, premium.\",\"isPartOf\":{\"@id\":\"https:\\\/\\\/officialeleutheraharbourisland.com\\\/#website\"},\"datePublished\":\"2016-09-28T11:10:47+00:00\",\"dateModified\":\"2023-06-22T19:57:35+00:00\",\"description\":\"Official Eleuthera Harbour Island le proporciona una lista de alquileres de vacaciones por costo. Barato, accesible, lujoso, premium.\",\"breadcrumb\":{\"@id\":\"https:\\\/\\\/officialeleutheraharbourisland.com\\\/es\\\/por-costo\\\/#breadcrumb\"},\"inLanguage\":\"es\",\"potentialAction\":[{\"@type\":\"ReadAction\",\"target\":[\"https:\\\/\\\/officialeleutheraharbourisland.com\\\/es\\\/por-costo\\\/\"]}]},{\"@type\":\"BreadcrumbList\",\"@id\":\"https:\\\/\\\/officialeleutheraharbourisland.com\\\/es\\\/por-costo\\\/#breadcrumb\",\"itemListElement\":[{\"@type\":\"ListItem\",\"position\":1,\"name\":\"Home\",\"item\":\"https:\\\/\\\/officialeleutheraharbourisland.com\\\/es\\\/\"},{\"@type\":\"ListItem\",\"position\":2,\"name\":\"Alquiler de vacaciones por costo\"}]},{\"@type\":\"WebSite\",\"@id\":\"https:\\\/\\\/officialeleutheraharbourisland.com\\\/#website\",\"url\":\"https:\\\/\\\/officialeleutheraharbourisland.com\\\/\",\"name\":\"Official Eleuthera Harbour Island\",\"description\":\"Where Beauty &amp; Nature Meet\",\"publisher\":{\"@id\":\"https:\\\/\\\/officialeleutheraharbourisland.com\\\/#organization\"},\"potentialAction\":[{\"@type\":\"SearchAction\",\"target\":{\"@type\":\"EntryPoint\",\"urlTemplate\":\"https:\\\/\\\/officialeleutheraharbourisland.com\\\/?s={search_term_string}\"},\"query-input\":{\"@type\":\"PropertyValueSpecification\",\"valueRequired\":true,\"valueName\":\"search_term_string\"}}],\"inLanguage\":\"es\"},{\"@type\":\"Organization\",\"@id\":\"https:\\\/\\\/officialeleutheraharbourisland.com\\\/#organization\",\"name\":\"Official Eleuthera Harbour Island\",\"url\":\"https:\\\/\\\/officialeleutheraharbourisland.com\\\/\",\"logo\":{\"@type\":\"ImageObject\",\"inLanguage\":\"es\",\"@id\":\"https:\\\/\\\/officialeleutheraharbourisland.com\\\/#\\\/schema\\\/logo\\\/image\\\/\",\"url\":\"https:\\\/\\\/officialeleutheraharbourisland.com\\\/wp-content\\\/uploads\\\/2022\\\/03\\\/logo-new-GREY-275.png\",\"contentUrl\":\"https:\\\/\\\/officialeleutheraharbourisland.com\\\/wp-content\\\/uploads\\\/2022\\\/03\\\/logo-new-GREY-275.png\",\"width\":275,\"height\":22,\"caption\":\"Official Eleuthera Harbour Island\"},\"image\":{\"@id\":\"https:\\\/\\\/officialeleutheraharbourisland.com\\\/#\\\/schema\\\/logo\\\/image\\\/\"}}]}<\/script>\n<!-- \/ Yoast SEO Premium plugin. -->","yoast_head_json":{"title":"Alquiler de vacaciones por costo, econ\u00f3mico, de lujo, premium.","description":"Official Eleuthera Harbour Island le proporciona una lista de alquileres de vacaciones por costo. Barato, accesible, lujoso, premium.","robots":{"index":"index","follow":"follow","max-snippet":"max-snippet:-1","max-image-preview":"max-image-preview:large","max-video-preview":"max-video-preview:-1"},"canonical":"https:\/\/officialeleutheraharbourisland.com\/es\/por-costo\/","og_locale":"es_ES","og_type":"article","og_title":"Alquiler de vacaciones por costo","og_description":"Official Eleuthera Harbour Island le proporciona una lista de alquileres de vacaciones por costo. Barato, accesible, lujoso, premium.","og_url":"https:\/\/officialeleutheraharbourisland.com\/es\/por-costo\/","og_site_name":"Official Eleuthera Harbour Island","article_modified_time":"2023-06-22T19:57:35+00:00","twitter_card":"summary_large_image","twitter_misc":{"Tiempo de lectura":"1 minuto"},"schema":{"@context":"https:\/\/schema.org","@graph":[{"@type":"WebPage","@id":"https:\/\/officialeleutheraharbourisland.com\/es\/por-costo\/","url":"https:\/\/officialeleutheraharbourisland.com\/es\/por-costo\/","name":"Alquiler de vacaciones por costo, econ\u00f3mico, de lujo, premium.","isPartOf":{"@id":"https:\/\/officialeleutheraharbourisland.com\/#website"},"datePublished":"2016-09-28T11:10:47+00:00","dateModified":"2023-06-22T19:57:35+00:00","description":"Official Eleuthera Harbour Island le proporciona una lista de alquileres de vacaciones por costo. Barato, accesible, lujoso, premium.","breadcrumb":{"@id":"https:\/\/officialeleutheraharbourisland.com\/es\/por-costo\/#breadcrumb"},"inLanguage":"es","potentialAction":[{"@type":"ReadAction","target":["https:\/\/officialeleutheraharbourisland.com\/es\/por-costo\/"]}]},{"@type":"BreadcrumbList","@id":"https:\/\/officialeleutheraharbourisland.com\/es\/por-costo\/#breadcrumb","itemListElement":[{"@type":"ListItem","position":1,"name":"Home","item":"https:\/\/officialeleutheraharbourisland.com\/es\/"},{"@type":"ListItem","position":2,"name":"Alquiler de vacaciones por costo"}]},{"@type":"WebSite","@id":"https:\/\/officialeleutheraharbourisland.com\/#website","url":"https:\/\/officialeleutheraharbourisland.com\/","name":"Official Eleuthera Harbour Island","description":"Where Beauty &amp; Nature Meet","publisher":{"@id":"https:\/\/officialeleutheraharbourisland.com\/#organization"},"potentialAction":[{"@type":"SearchAction","target":{"@type":"EntryPoint","urlTemplate":"https:\/\/officialeleutheraharbourisland.com\/?s={search_term_string}"},"query-input":{"@type":"PropertyValueSpecification","valueRequired":true,"valueName":"search_term_string"}}],"inLanguage":"es"},{"@type":"Organization","@id":"https:\/\/officialeleutheraharbourisland.com\/#organization","name":"Official Eleuthera Harbour Island","url":"https:\/\/officialeleutheraharbourisland.com\/","logo":{"@type":"ImageObject","inLanguage":"es","@id":"https:\/\/officialeleutheraharbourisland.com\/#\/schema\/logo\/image\/","url":"https:\/\/officialeleutheraharbourisland.com\/wp-content\/uploads\/2022\/03\/logo-new-GREY-275.png","contentUrl":"https:\/\/officialeleutheraharbourisland.com\/wp-content\/uploads\/2022\/03\/logo-new-GREY-275.png","width":275,"height":22,"caption":"Official Eleuthera Harbour Island"},"image":{"@id":"https:\/\/officialeleutheraharbourisland.com\/#\/schema\/logo\/image\/"}}]}},"jetpack_sharing_enabled":true,"_links":{"self":[{"href":"https:\/\/officialeleutheraharbourisland.com\/es\/wp-json\/wp\/v2\/pages\/75751","targetHints":{"allow":["GET"]}}],"collection":[{"href":"https:\/\/officialeleutheraharbourisland.com\/es\/wp-json\/wp\/v2\/pages"}],"about":[{"href":"https:\/\/officialeleutheraharbourisland.com\/es\/wp-json\/wp\/v2\/types\/page"}],"author":[{"embeddable":true,"href":"https:\/\/officialeleutheraharbourisland.com\/es\/wp-json\/wp\/v2\/users\/3"}],"replies":[{"embeddable":true,"href":"https:\/\/officialeleutheraharbourisland.com\/es\/wp-json\/wp\/v2\/comments?post=75751"}],"version-history":[{"count":2,"href":"https:\/\/officialeleutheraharbourisland.com\/es\/wp-json\/wp\/v2\/pages\/75751\/revisions"}],"predecessor-version":[{"id":75754,"href":"https:\/\/officialeleutheraharbourisland.com\/es\/wp-json\/wp\/v2\/pages\/75751\/revisions\/75754"}],"up":[{"embeddable":true,"href":"https:\/\/officialeleutheraharbourisland.com\/es\/wp-json\/wp\/v2\/pages\/75758"}],"wp:attachment":[{"href":"https:\/\/officialeleutheraharbourisland.com\/es\/wp-json\/wp\/v2\/media?parent=75751"}],"wp:term":[{"taxonomy":"category","embeddable":true,"href":"https:\/\/officialeleutheraharbourisland.com\/es\/wp-json\/wp\/v2\/categories?post=75751"},{"taxonomy":"post_tag","embeddable":true,"href":"https:\/\/officialeleutheraharbourisland.com\/es\/wp-json\/wp\/v2\/tags?post=75751"}],"curies":[{"name":"wp","href":"https:\/\/api.w.org\/{rel}","templated":true}]}}