{"id":75755,"date":"2016-09-28T11:10:47","date_gmt":"2016-09-28T11:10:47","guid":{"rendered":"https:\/\/officialeleutheraharbourisland.com\/by-bedrooms\/"},"modified":"2023-06-23T15:24:18","modified_gmt":"2023-06-23T15:24:18","slug":"por-habitaciones","status":"publish","type":"page","link":"https:\/\/officialeleutheraharbourisland.com\/es\/harbour-island\/donde-alojarse\/alquileres-de-vacaciones\/por-habitaciones\/","title":{"rendered":"Alquiler vacacional por n\u00famero de habitaciones"},"content":{"rendered":"<div class=\"wpb-content-wrapper\"><p>[vc_row][vc_column]<div id=\"ultimate-heading-681769e2b62aef120\" class=\"uvc-heading ult-adjust-bottom-margin ultimate-heading-681769e2b62aef120 uvc-7323 \" data-hspacer=\"line_only\"  data-halign=\"left\" style=\"text-align:left\"><div class=\"uvc-main-heading ult-responsive\"  data-ultimate-target='.uvc-heading.ultimate-heading-681769e2b62aef120 h2'  data-responsive-json-new='{\"font-size\":\"\",\"line-height\":\"\"}' ><h2 style=\"font-weight:normal;margin-bottom:15px;\">Alquileres vacacionales por n\u00famero de habitaciones en Harbour Island<\/h2><\/div><div class=\"uvc-heading-spacer line_only\" style=\"margin-bottom:15px;height:3px;\"><span class=\"uvc-headings-line\" style=\"border-style:solid;border-bottom-width:3px;border-color:#7ac1ff;width:70px;\"><\/span><\/div><div class=\"uvc-sub-heading ult-responsive\"  data-ultimate-target='.uvc-heading.ultimate-heading-681769e2b62aef120 .uvc-sub-heading '  data-responsive-json-new='{\"font-size\":\"\",\"line-height\":\"\"}'  style=\"font-weight:normal;margin-bottom:15px;\"><\/p>\n<p id=\"tw-target-text\" class=\"tw-data-text tw-text-large tw-ta\" dir=\"ltr\" data-placeholder=\"Translation\"><span class=\"Y2IQFc\" lang=\"es\">Los resultados de una investigaci\u00f3n de alquiler vacacional en la hermosa isla incluyen casas que van desde 1 dormitorio hasta casas de m\u00e1s de 9 dormitorios. Los alojamientos que cuentan con el mayor n\u00famero de habitaciones, de 7 dormitorios en adelante, son limitados pero no en amenidades y lujosas comodidades.<\/span><\/p>\n<p><\/div><\/div>[\/vc_column][\/vc_row][vc_row css=\u00bb.vc_custom_1670338594938{padding-top: 30px !important;padding-bottom: 30px !important;}\u00bb][vc_column][vc_separator][\/vc_column][\/vc_row][vc_row][vc_column width=\u00bb1\/6&#8243;][\/vc_column][vc_column width=\u00bb1\/6&#8243;][vc_column_text]<\/p>\n<h4 style=\"text-align: center;\">1 \u00f3 2 habitaciones<\/h4>\n<p>[\/vc_column_text][\/vc_column][vc_column width=\u00bb1\/6&#8243;][vc_column_text]<\/p>\n<h4 style=\"text-align: center;\">3 \u00f3 4 habitaciones<\/h4>\n<p>[\/vc_column_text][\/vc_column][vc_column width=\u00bb1\/6&#8243;][vc_column_text]<\/p>\n<h4 style=\"text-align: center;\">5 \u00f3 6habitaciones<\/h4>\n<p>[\/vc_column_text][\/vc_column][vc_column width=\u00bb1\/6&#8243;][vc_column_text]<\/p>\n<h4 style=\"text-align: center;\">7 \u00f3 m\u00e1s habitaciones<\/h4>\n<p>[\/vc_column_text][\/vc_column][vc_column width=\u00bb1\/6&#8243;][\/vc_column][\/vc_row][vc_row css=\u00bb.vc_custom_1670338665611{padding-top: 30px !important;padding-bottom: 50px !important;}\u00bb][vc_column][vc_separator][\/vc_column][\/vc_row]<\/p>\n<\/div>","protected":false},"excerpt":{"rendered":"<p>[vc_row][vc_column][\/vc_column][\/vc_row][vc_row css=\u00bb.vc_custom_1670338594938{padding-top: 30px !important;padding-bottom: 30px !important;}\u00bb][vc_column][vc_separator][\/vc_column][\/vc_row][vc_row][vc_column width=\u00bb1\/6&#8243;][\/vc_column][vc_column width=\u00bb1\/6&#8243;][vc_column_text] 1 \u00f3 2 habitaciones [\/vc_column_text][\/vc_column][vc_column width=\u00bb1\/6&#8243;][vc_column_text] 3 \u00f3 4 habitaciones [\/vc_column_text][\/vc_column][vc_column width=\u00bb1\/6&#8243;][vc_column_text] 5 \u00f3 6habitaciones [\/vc_column_text][\/vc_column][vc_column width=\u00bb1\/6&#8243;][vc_column_text] 7 \u00f3 m\u00e1s habitaciones [\/vc_column_text][\/vc_column][vc_column width=\u00bb1\/6&#8243;][\/vc_column][\/vc_row][vc_row css=\u00bb.vc_custom_1670338665611{padding-top: 30px !important;padding-bottom: 50px !important;}\u00bb][vc_column][vc_separator][\/vc_column][\/vc_row]<\/p>\n","protected":false},"author":3,"featured_media":0,"parent":75758,"menu_order":20,"comment_status":"closed","ping_status":"closed","template":"","meta":{"footnotes":""},"categories":[],"tags":[],"class_list":["post-75755","page","type-page","status-publish","hentry","description-off"],"yoast_head":"<!-- This site is optimized with the Yoast SEO Premium plugin v25.2 (Yoast SEO v27.4) - https:\/\/yoast.com\/product\/yoast-seo-premium-wordpress\/ -->\n<title>Alquiler vacacional por n\u00famero de habitaciones, econ\u00f3mico, lujoso.<\/title>\n<meta name=\"description\" content=\"Official Eleuthera Harbour Island le proporciona una lista de alquileres de vacaciones por habitaciones. Barato, accesible, lujoso, premium.\" \/>\n<meta name=\"robots\" content=\"index, follow, max-snippet:-1, max-image-preview:large, max-video-preview:-1\" \/>\n<link rel=\"canonical\" href=\"https:\/\/officialeleutheraharbourisland.com\/es\/harbour-island\/donde-alojarse\/alquileres-de-vacaciones\/por-habitaciones\/\" \/>\n<meta property=\"og:locale\" content=\"es_ES\" \/>\n<meta property=\"og:type\" content=\"article\" \/>\n<meta property=\"og:title\" content=\"Alquiler vacacional por n\u00famero de habitaciones\" \/>\n<meta property=\"og:description\" content=\"Official Eleuthera Harbour Island le proporciona una lista de alquileres de vacaciones por habitaciones. Barato, accesible, lujoso, premium.\" \/>\n<meta property=\"og:url\" content=\"https:\/\/officialeleutheraharbourisland.com\/es\/harbour-island\/donde-alojarse\/alquileres-de-vacaciones\/por-habitaciones\/\" \/>\n<meta property=\"og:site_name\" content=\"Official Eleuthera Harbour Island\" \/>\n<meta property=\"article:modified_time\" content=\"2023-06-23T15:24:18+00:00\" \/>\n<meta name=\"twitter:card\" content=\"summary_large_image\" \/>\n<meta name=\"twitter:label1\" content=\"Tiempo de lectura\" \/>\n\t<meta name=\"twitter:data1\" content=\"1 minuto\" \/>\n<script type=\"application\/ld+json\" class=\"yoast-schema-graph\">{\"@context\":\"https:\\\/\\\/schema.org\",\"@graph\":[{\"@type\":\"WebPage\",\"@id\":\"https:\\\/\\\/officialeleutheraharbourisland.com\\\/es\\\/harbour-island\\\/donde-alojarse\\\/alquileres-de-vacaciones\\\/por-habitaciones\\\/\",\"url\":\"https:\\\/\\\/officialeleutheraharbourisland.com\\\/es\\\/harbour-island\\\/donde-alojarse\\\/alquileres-de-vacaciones\\\/por-habitaciones\\\/\",\"name\":\"Alquiler vacacional por n\u00famero de habitaciones, econ\u00f3mico, lujoso.\",\"isPartOf\":{\"@id\":\"https:\\\/\\\/officialeleutheraharbourisland.com\\\/#website\"},\"datePublished\":\"2016-09-28T11:10:47+00:00\",\"dateModified\":\"2023-06-23T15:24:18+00:00\",\"description\":\"Official Eleuthera Harbour Island le proporciona una lista de alquileres de vacaciones por habitaciones. Barato, accesible, lujoso, premium.\",\"breadcrumb\":{\"@id\":\"https:\\\/\\\/officialeleutheraharbourisland.com\\\/es\\\/harbour-island\\\/donde-alojarse\\\/alquileres-de-vacaciones\\\/por-habitaciones\\\/#breadcrumb\"},\"inLanguage\":\"es\",\"potentialAction\":[{\"@type\":\"ReadAction\",\"target\":[\"https:\\\/\\\/officialeleutheraharbourisland.com\\\/es\\\/harbour-island\\\/donde-alojarse\\\/alquileres-de-vacaciones\\\/por-habitaciones\\\/\"]}]},{\"@type\":\"BreadcrumbList\",\"@id\":\"https:\\\/\\\/officialeleutheraharbourisland.com\\\/es\\\/harbour-island\\\/donde-alojarse\\\/alquileres-de-vacaciones\\\/por-habitaciones\\\/#breadcrumb\",\"itemListElement\":[{\"@type\":\"ListItem\",\"position\":1,\"name\":\"Home\",\"item\":\"https:\\\/\\\/officialeleutheraharbourisland.com\\\/es\\\/\"},{\"@type\":\"ListItem\",\"position\":2,\"name\":\"HARBOUR ISLAND\",\"item\":\"https:\\\/\\\/officialeleutheraharbourisland.com\\\/es\\\/harbour-island\\\/\"},{\"@type\":\"ListItem\",\"position\":3,\"name\":\"D\u00d3NDE ALOJARSE\",\"item\":\"https:\\\/\\\/officialeleutheraharbourisland.com\\\/es\\\/harbour-island\\\/donde-alojarse\\\/\"},{\"@type\":\"ListItem\",\"position\":4,\"name\":\"ALQUILERES DE VACACIONES\",\"item\":\"https:\\\/\\\/officialeleutheraharbourisland.com\\\/es\\\/harbour-island\\\/donde-alojarse\\\/alquileres-de-vacaciones\\\/\"},{\"@type\":\"ListItem\",\"position\":5,\"name\":\"Alquiler vacacional por n\u00famero de habitaciones\"}]},{\"@type\":\"WebSite\",\"@id\":\"https:\\\/\\\/officialeleutheraharbourisland.com\\\/#website\",\"url\":\"https:\\\/\\\/officialeleutheraharbourisland.com\\\/\",\"name\":\"Official Eleuthera Harbour Island\",\"description\":\"Where Beauty &amp; Nature Meet\",\"publisher\":{\"@id\":\"https:\\\/\\\/officialeleutheraharbourisland.com\\\/#organization\"},\"potentialAction\":[{\"@type\":\"SearchAction\",\"target\":{\"@type\":\"EntryPoint\",\"urlTemplate\":\"https:\\\/\\\/officialeleutheraharbourisland.com\\\/?s={search_term_string}\"},\"query-input\":{\"@type\":\"PropertyValueSpecification\",\"valueRequired\":true,\"valueName\":\"search_term_string\"}}],\"inLanguage\":\"es\"},{\"@type\":\"Organization\",\"@id\":\"https:\\\/\\\/officialeleutheraharbourisland.com\\\/#organization\",\"name\":\"Official Eleuthera Harbour Island\",\"url\":\"https:\\\/\\\/officialeleutheraharbourisland.com\\\/\",\"logo\":{\"@type\":\"ImageObject\",\"inLanguage\":\"es\",\"@id\":\"https:\\\/\\\/officialeleutheraharbourisland.com\\\/#\\\/schema\\\/logo\\\/image\\\/\",\"url\":\"https:\\\/\\\/officialeleutheraharbourisland.com\\\/wp-content\\\/uploads\\\/2022\\\/03\\\/logo-new-GREY-275.png\",\"contentUrl\":\"https:\\\/\\\/officialeleutheraharbourisland.com\\\/wp-content\\\/uploads\\\/2022\\\/03\\\/logo-new-GREY-275.png\",\"width\":275,\"height\":22,\"caption\":\"Official Eleuthera Harbour Island\"},\"image\":{\"@id\":\"https:\\\/\\\/officialeleutheraharbourisland.com\\\/#\\\/schema\\\/logo\\\/image\\\/\"}}]}<\/script>\n<!-- \/ Yoast SEO Premium plugin. -->","yoast_head_json":{"title":"Alquiler vacacional por n\u00famero de habitaciones, econ\u00f3mico, lujoso.","description":"Official Eleuthera Harbour Island le proporciona una lista de alquileres de vacaciones por habitaciones. Barato, accesible, lujoso, premium.","robots":{"index":"index","follow":"follow","max-snippet":"max-snippet:-1","max-image-preview":"max-image-preview:large","max-video-preview":"max-video-preview:-1"},"canonical":"https:\/\/officialeleutheraharbourisland.com\/es\/harbour-island\/donde-alojarse\/alquileres-de-vacaciones\/por-habitaciones\/","og_locale":"es_ES","og_type":"article","og_title":"Alquiler vacacional por n\u00famero de habitaciones","og_description":"Official Eleuthera Harbour Island le proporciona una lista de alquileres de vacaciones por habitaciones. Barato, accesible, lujoso, premium.","og_url":"https:\/\/officialeleutheraharbourisland.com\/es\/harbour-island\/donde-alojarse\/alquileres-de-vacaciones\/por-habitaciones\/","og_site_name":"Official Eleuthera Harbour Island","article_modified_time":"2023-06-23T15:24:18+00:00","twitter_card":"summary_large_image","twitter_misc":{"Tiempo de lectura":"1 minuto"},"schema":{"@context":"https:\/\/schema.org","@graph":[{"@type":"WebPage","@id":"https:\/\/officialeleutheraharbourisland.com\/es\/harbour-island\/donde-alojarse\/alquileres-de-vacaciones\/por-habitaciones\/","url":"https:\/\/officialeleutheraharbourisland.com\/es\/harbour-island\/donde-alojarse\/alquileres-de-vacaciones\/por-habitaciones\/","name":"Alquiler vacacional por n\u00famero de habitaciones, econ\u00f3mico, lujoso.","isPartOf":{"@id":"https:\/\/officialeleutheraharbourisland.com\/#website"},"datePublished":"2016-09-28T11:10:47+00:00","dateModified":"2023-06-23T15:24:18+00:00","description":"Official Eleuthera Harbour Island le proporciona una lista de alquileres de vacaciones por habitaciones. Barato, accesible, lujoso, premium.","breadcrumb":{"@id":"https:\/\/officialeleutheraharbourisland.com\/es\/harbour-island\/donde-alojarse\/alquileres-de-vacaciones\/por-habitaciones\/#breadcrumb"},"inLanguage":"es","potentialAction":[{"@type":"ReadAction","target":["https:\/\/officialeleutheraharbourisland.com\/es\/harbour-island\/donde-alojarse\/alquileres-de-vacaciones\/por-habitaciones\/"]}]},{"@type":"BreadcrumbList","@id":"https:\/\/officialeleutheraharbourisland.com\/es\/harbour-island\/donde-alojarse\/alquileres-de-vacaciones\/por-habitaciones\/#breadcrumb","itemListElement":[{"@type":"ListItem","position":1,"name":"Home","item":"https:\/\/officialeleutheraharbourisland.com\/es\/"},{"@type":"ListItem","position":2,"name":"HARBOUR ISLAND","item":"https:\/\/officialeleutheraharbourisland.com\/es\/harbour-island\/"},{"@type":"ListItem","position":3,"name":"D\u00d3NDE ALOJARSE","item":"https:\/\/officialeleutheraharbourisland.com\/es\/harbour-island\/donde-alojarse\/"},{"@type":"ListItem","position":4,"name":"ALQUILERES DE VACACIONES","item":"https:\/\/officialeleutheraharbourisland.com\/es\/harbour-island\/donde-alojarse\/alquileres-de-vacaciones\/"},{"@type":"ListItem","position":5,"name":"Alquiler vacacional por n\u00famero de habitaciones"}]},{"@type":"WebSite","@id":"https:\/\/officialeleutheraharbourisland.com\/#website","url":"https:\/\/officialeleutheraharbourisland.com\/","name":"Official Eleuthera Harbour Island","description":"Where Beauty &amp; Nature Meet","publisher":{"@id":"https:\/\/officialeleutheraharbourisland.com\/#organization"},"potentialAction":[{"@type":"SearchAction","target":{"@type":"EntryPoint","urlTemplate":"https:\/\/officialeleutheraharbourisland.com\/?s={search_term_string}"},"query-input":{"@type":"PropertyValueSpecification","valueRequired":true,"valueName":"search_term_string"}}],"inLanguage":"es"},{"@type":"Organization","@id":"https:\/\/officialeleutheraharbourisland.com\/#organization","name":"Official Eleuthera Harbour Island","url":"https:\/\/officialeleutheraharbourisland.com\/","logo":{"@type":"ImageObject","inLanguage":"es","@id":"https:\/\/officialeleutheraharbourisland.com\/#\/schema\/logo\/image\/","url":"https:\/\/officialeleutheraharbourisland.com\/wp-content\/uploads\/2022\/03\/logo-new-GREY-275.png","contentUrl":"https:\/\/officialeleutheraharbourisland.com\/wp-content\/uploads\/2022\/03\/logo-new-GREY-275.png","width":275,"height":22,"caption":"Official Eleuthera Harbour Island"},"image":{"@id":"https:\/\/officialeleutheraharbourisland.com\/#\/schema\/logo\/image\/"}}]}},"jetpack_sharing_enabled":true,"_links":{"self":[{"href":"https:\/\/officialeleutheraharbourisland.com\/es\/wp-json\/wp\/v2\/pages\/75755","targetHints":{"allow":["GET"]}}],"collection":[{"href":"https:\/\/officialeleutheraharbourisland.com\/es\/wp-json\/wp\/v2\/pages"}],"about":[{"href":"https:\/\/officialeleutheraharbourisland.com\/es\/wp-json\/wp\/v2\/types\/page"}],"author":[{"embeddable":true,"href":"https:\/\/officialeleutheraharbourisland.com\/es\/wp-json\/wp\/v2\/users\/3"}],"replies":[{"embeddable":true,"href":"https:\/\/officialeleutheraharbourisland.com\/es\/wp-json\/wp\/v2\/comments?post=75755"}],"version-history":[{"count":2,"href":"https:\/\/officialeleutheraharbourisland.com\/es\/wp-json\/wp\/v2\/pages\/75755\/revisions"}],"predecessor-version":[{"id":75757,"href":"https:\/\/officialeleutheraharbourisland.com\/es\/wp-json\/wp\/v2\/pages\/75755\/revisions\/75757"}],"up":[{"embeddable":true,"href":"https:\/\/officialeleutheraharbourisland.com\/es\/wp-json\/wp\/v2\/pages\/75758"}],"wp:attachment":[{"href":"https:\/\/officialeleutheraharbourisland.com\/es\/wp-json\/wp\/v2\/media?parent=75755"}],"wp:term":[{"taxonomy":"category","embeddable":true,"href":"https:\/\/officialeleutheraharbourisland.com\/es\/wp-json\/wp\/v2\/categories?post=75755"},{"taxonomy":"post_tag","embeddable":true,"href":"https:\/\/officialeleutheraharbourisland.com\/es\/wp-json\/wp\/v2\/tags?post=75755"}],"curies":[{"name":"wp","href":"https:\/\/api.w.org\/{rel}","templated":true}]}}