{"id":75783,"date":"2016-09-28T11:10:47","date_gmt":"2016-09-28T11:10:47","guid":{"rendered":"https:\/\/officialeleutheraharbourisland.com\/harbour-island\/donde-alojarse\/alquileres-de-vacaciones\/with-jacuzzi\/"},"modified":"2023-06-27T15:24:57","modified_gmt":"2023-06-27T15:24:57","slug":"con-jacuzzi","status":"publish","type":"page","link":"https:\/\/officialeleutheraharbourisland.com\/es\/harbour-island\/donde-alojarse\/alquileres-de-vacaciones\/con-jacuzzi\/","title":{"rendered":"Alquiler de vacaciones con Jacuzzi"},"content":{"rendered":"<div class=\"wpb-content-wrapper\"><p>[vc_row css=\u00bb.vc_custom_1671483453358{margin-bottom: 30px !important;padding-bottom: 30px !important;}\u00bb][vc_column width=\u00bb2\/3&#8243;]<div id=\"ultimate-heading-543869e2b604d10dd\" class=\"uvc-heading ult-adjust-bottom-margin ultimate-heading-543869e2b604d10dd uvc-9147 \" data-hspacer=\"line_only\"  data-halign=\"left\" style=\"text-align:left\"><div class=\"uvc-main-heading ult-responsive\"  data-ultimate-target='.uvc-heading.ultimate-heading-543869e2b604d10dd h2'  data-responsive-json-new='{\"font-size\":\"\",\"line-height\":\"\"}' ><h2 style=\"font-weight:normal;margin-bottom:15px;\">Alquiler de vacaciones con jacuzzi en Harbour Island<\/h2><\/div><div class=\"uvc-heading-spacer line_only\" style=\"margin-bottom:15px;height:3px;\"><span class=\"uvc-headings-line\" style=\"border-style:solid;border-bottom-width:3px;border-color:#7ac1ff;width:70px;\"><\/span><\/div><div class=\"uvc-sub-heading ult-responsive\"  data-ultimate-target='.uvc-heading.ultimate-heading-543869e2b604d10dd .uvc-sub-heading '  data-responsive-json-new='{\"font-size\":\"\",\"line-height\":\"\"}'  style=\"font-weight:normal;margin-bottom:15px;\"><\/p>\n<p id=\"tw-target-text\" class=\"tw-data-text tw-text-large tw-ta\" dir=\"ltr\" data-placeholder=\"Translation\"><span class=\"Y2IQFc\" lang=\"es\">Los detalles siempre marcan la diferencia, sobre todo en lo que se refiere a la comodidad. Los hermosos alojamientos de alquiler vacacional en Harbour Island cuentan con jacuzzi y esta caracter\u00edstica agrega un toque de encanto a la estad\u00eda en la isla. Una de las magn\u00edficas villas en alquiler en Harbour Island presenta como caracter\u00edstica distintiva una azotea con jacuzzi en ella. La hidroterapia en este tipo de entorno tranquilo exclusivo ciertamente reduce el estr\u00e9s y relaja el cuerpo. La oferta de comodidades de primer nivel es parte de lo que puede esperar del lujoso alquiler de vacaciones disponible en Harbour Island.<\/span><\/p>\n<p><\/div><\/div>[\/vc_column][vc_column width=\u00bb1\/3&#8243;][vc_single_image image=\u00bb71458&#8243; img_size=\u00bbfull\u00bb alignment=\u00bbcenter\u00bb][\/vc_column][\/vc_row][vc_row][vc_column]<div class=\"lsd-list-view-wrapper  lsd-style-style2 lsd-font-m\" id=\"lsd_skin71390\" data-next-page=\"1\">\r\n\r\n    \r\n    \r\n    \r\n    \r\n    <div class=\"lsd-list-view-listings-wrapper lsd-viewstyle-list\">\r\n        <div class=\"lsd-listing-wrapper\">\r\n            <div class=\"lsd-alert lsd-info\">No Listing Found!<\/div>        <\/div>\r\n    <\/div>\r\n\r\n    \r\n    <\/div>[\/vc_column][\/vc_row]<\/p>\n<\/div>","protected":false},"excerpt":{"rendered":"<p>[vc_row css=\u00bb.vc_custom_1671483453358{margin-bottom: 30px !important;padding-bottom: 30px !important;}\u00bb][vc_column width=\u00bb2\/3&#8243;][\/vc_column][vc_column width=\u00bb1\/3&#8243;][vc_single_image image=\u00bb71458&#8243; img_size=\u00bbfull\u00bb alignment=\u00bbcenter\u00bb][\/vc_column][\/vc_row][vc_row][vc_column][\/vc_column][\/vc_row]<\/p>\n","protected":false},"author":3,"featured_media":0,"parent":75758,"menu_order":20,"comment_status":"closed","ping_status":"closed","template":"","meta":{"footnotes":""},"categories":[],"tags":[],"class_list":["post-75783","page","type-page","status-publish","hentry","description-off"],"yoast_head":"<!-- This site is optimized with the Yoast SEO Premium plugin v25.2 (Yoast SEO v27.4) - https:\/\/yoast.com\/product\/yoast-seo-premium-wordpress\/ -->\n<title>Alquiler de vacaciones con Jacuzzi, casas, villas en Harbour Island.<\/title>\n<meta name=\"description\" content=\"Official Eleuthera Harbour Island le proporciona una lista de alquileres de vacaciones con jacuzzi. Casas, villas en Harbour Island, Bahamas.\" \/>\n<meta name=\"robots\" content=\"index, follow, max-snippet:-1, max-image-preview:large, max-video-preview:-1\" \/>\n<link rel=\"canonical\" href=\"https:\/\/officialeleutheraharbourisland.com\/es\/harbour-island\/donde-alojarse\/alquileres-de-vacaciones\/con-jacuzzi\/\" \/>\n<meta property=\"og:locale\" content=\"es_ES\" \/>\n<meta property=\"og:type\" content=\"article\" \/>\n<meta property=\"og:title\" content=\"Alquiler de vacaciones con Jacuzzi\" \/>\n<meta property=\"og:description\" content=\"Official Eleuthera Harbour Island le proporciona una lista de alquileres de vacaciones con jacuzzi. Casas, villas en Harbour Island, Bahamas.\" \/>\n<meta property=\"og:url\" content=\"https:\/\/officialeleutheraharbourisland.com\/es\/harbour-island\/donde-alojarse\/alquileres-de-vacaciones\/con-jacuzzi\/\" \/>\n<meta property=\"og:site_name\" content=\"Official Eleuthera Harbour Island\" \/>\n<meta property=\"article:modified_time\" content=\"2023-06-27T15:24:57+00:00\" \/>\n<meta name=\"twitter:card\" content=\"summary_large_image\" \/>\n<meta name=\"twitter:label1\" content=\"Tiempo de lectura\" \/>\n\t<meta name=\"twitter:data1\" content=\"1 minuto\" \/>\n<script type=\"application\/ld+json\" class=\"yoast-schema-graph\">{\"@context\":\"https:\\\/\\\/schema.org\",\"@graph\":[{\"@type\":\"WebPage\",\"@id\":\"https:\\\/\\\/officialeleutheraharbourisland.com\\\/es\\\/harbour-island\\\/donde-alojarse\\\/alquileres-de-vacaciones\\\/con-jacuzzi\\\/\",\"url\":\"https:\\\/\\\/officialeleutheraharbourisland.com\\\/es\\\/harbour-island\\\/donde-alojarse\\\/alquileres-de-vacaciones\\\/con-jacuzzi\\\/\",\"name\":\"Alquiler de vacaciones con Jacuzzi, casas, villas en Harbour Island.\",\"isPartOf\":{\"@id\":\"https:\\\/\\\/officialeleutheraharbourisland.com\\\/#website\"},\"datePublished\":\"2016-09-28T11:10:47+00:00\",\"dateModified\":\"2023-06-27T15:24:57+00:00\",\"description\":\"Official Eleuthera Harbour Island le proporciona una lista de alquileres de vacaciones con jacuzzi. Casas, villas en Harbour Island, Bahamas.\",\"breadcrumb\":{\"@id\":\"https:\\\/\\\/officialeleutheraharbourisland.com\\\/es\\\/harbour-island\\\/donde-alojarse\\\/alquileres-de-vacaciones\\\/con-jacuzzi\\\/#breadcrumb\"},\"inLanguage\":\"es\",\"potentialAction\":[{\"@type\":\"ReadAction\",\"target\":[\"https:\\\/\\\/officialeleutheraharbourisland.com\\\/es\\\/harbour-island\\\/donde-alojarse\\\/alquileres-de-vacaciones\\\/con-jacuzzi\\\/\"]}]},{\"@type\":\"BreadcrumbList\",\"@id\":\"https:\\\/\\\/officialeleutheraharbourisland.com\\\/es\\\/harbour-island\\\/donde-alojarse\\\/alquileres-de-vacaciones\\\/con-jacuzzi\\\/#breadcrumb\",\"itemListElement\":[{\"@type\":\"ListItem\",\"position\":1,\"name\":\"Home\",\"item\":\"https:\\\/\\\/officialeleutheraharbourisland.com\\\/es\\\/\"},{\"@type\":\"ListItem\",\"position\":2,\"name\":\"HARBOUR ISLAND\",\"item\":\"https:\\\/\\\/officialeleutheraharbourisland.com\\\/es\\\/harbour-island\\\/\"},{\"@type\":\"ListItem\",\"position\":3,\"name\":\"D\u00d3NDE ALOJARSE\",\"item\":\"https:\\\/\\\/officialeleutheraharbourisland.com\\\/es\\\/harbour-island\\\/donde-alojarse\\\/\"},{\"@type\":\"ListItem\",\"position\":4,\"name\":\"ALQUILERES DE VACACIONES\",\"item\":\"https:\\\/\\\/officialeleutheraharbourisland.com\\\/es\\\/harbour-island\\\/donde-alojarse\\\/alquileres-de-vacaciones\\\/\"},{\"@type\":\"ListItem\",\"position\":5,\"name\":\"Alquiler de vacaciones con Jacuzzi\"}]},{\"@type\":\"WebSite\",\"@id\":\"https:\\\/\\\/officialeleutheraharbourisland.com\\\/#website\",\"url\":\"https:\\\/\\\/officialeleutheraharbourisland.com\\\/\",\"name\":\"Official Eleuthera Harbour Island\",\"description\":\"Where Beauty &amp; Nature Meet\",\"publisher\":{\"@id\":\"https:\\\/\\\/officialeleutheraharbourisland.com\\\/#organization\"},\"potentialAction\":[{\"@type\":\"SearchAction\",\"target\":{\"@type\":\"EntryPoint\",\"urlTemplate\":\"https:\\\/\\\/officialeleutheraharbourisland.com\\\/?s={search_term_string}\"},\"query-input\":{\"@type\":\"PropertyValueSpecification\",\"valueRequired\":true,\"valueName\":\"search_term_string\"}}],\"inLanguage\":\"es\"},{\"@type\":\"Organization\",\"@id\":\"https:\\\/\\\/officialeleutheraharbourisland.com\\\/#organization\",\"name\":\"Official Eleuthera Harbour Island\",\"url\":\"https:\\\/\\\/officialeleutheraharbourisland.com\\\/\",\"logo\":{\"@type\":\"ImageObject\",\"inLanguage\":\"es\",\"@id\":\"https:\\\/\\\/officialeleutheraharbourisland.com\\\/#\\\/schema\\\/logo\\\/image\\\/\",\"url\":\"https:\\\/\\\/officialeleutheraharbourisland.com\\\/wp-content\\\/uploads\\\/2022\\\/03\\\/logo-new-GREY-275.png\",\"contentUrl\":\"https:\\\/\\\/officialeleutheraharbourisland.com\\\/wp-content\\\/uploads\\\/2022\\\/03\\\/logo-new-GREY-275.png\",\"width\":275,\"height\":22,\"caption\":\"Official Eleuthera Harbour Island\"},\"image\":{\"@id\":\"https:\\\/\\\/officialeleutheraharbourisland.com\\\/#\\\/schema\\\/logo\\\/image\\\/\"}}]}<\/script>\n<!-- \/ Yoast SEO Premium plugin. -->","yoast_head_json":{"title":"Alquiler de vacaciones con Jacuzzi, casas, villas en Harbour Island.","description":"Official Eleuthera Harbour Island le proporciona una lista de alquileres de vacaciones con jacuzzi. Casas, villas en Harbour Island, Bahamas.","robots":{"index":"index","follow":"follow","max-snippet":"max-snippet:-1","max-image-preview":"max-image-preview:large","max-video-preview":"max-video-preview:-1"},"canonical":"https:\/\/officialeleutheraharbourisland.com\/es\/harbour-island\/donde-alojarse\/alquileres-de-vacaciones\/con-jacuzzi\/","og_locale":"es_ES","og_type":"article","og_title":"Alquiler de vacaciones con Jacuzzi","og_description":"Official Eleuthera Harbour Island le proporciona una lista de alquileres de vacaciones con jacuzzi. Casas, villas en Harbour Island, Bahamas.","og_url":"https:\/\/officialeleutheraharbourisland.com\/es\/harbour-island\/donde-alojarse\/alquileres-de-vacaciones\/con-jacuzzi\/","og_site_name":"Official Eleuthera Harbour Island","article_modified_time":"2023-06-27T15:24:57+00:00","twitter_card":"summary_large_image","twitter_misc":{"Tiempo de lectura":"1 minuto"},"schema":{"@context":"https:\/\/schema.org","@graph":[{"@type":"WebPage","@id":"https:\/\/officialeleutheraharbourisland.com\/es\/harbour-island\/donde-alojarse\/alquileres-de-vacaciones\/con-jacuzzi\/","url":"https:\/\/officialeleutheraharbourisland.com\/es\/harbour-island\/donde-alojarse\/alquileres-de-vacaciones\/con-jacuzzi\/","name":"Alquiler de vacaciones con Jacuzzi, casas, villas en Harbour Island.","isPartOf":{"@id":"https:\/\/officialeleutheraharbourisland.com\/#website"},"datePublished":"2016-09-28T11:10:47+00:00","dateModified":"2023-06-27T15:24:57+00:00","description":"Official Eleuthera Harbour Island le proporciona una lista de alquileres de vacaciones con jacuzzi. Casas, villas en Harbour Island, Bahamas.","breadcrumb":{"@id":"https:\/\/officialeleutheraharbourisland.com\/es\/harbour-island\/donde-alojarse\/alquileres-de-vacaciones\/con-jacuzzi\/#breadcrumb"},"inLanguage":"es","potentialAction":[{"@type":"ReadAction","target":["https:\/\/officialeleutheraharbourisland.com\/es\/harbour-island\/donde-alojarse\/alquileres-de-vacaciones\/con-jacuzzi\/"]}]},{"@type":"BreadcrumbList","@id":"https:\/\/officialeleutheraharbourisland.com\/es\/harbour-island\/donde-alojarse\/alquileres-de-vacaciones\/con-jacuzzi\/#breadcrumb","itemListElement":[{"@type":"ListItem","position":1,"name":"Home","item":"https:\/\/officialeleutheraharbourisland.com\/es\/"},{"@type":"ListItem","position":2,"name":"HARBOUR ISLAND","item":"https:\/\/officialeleutheraharbourisland.com\/es\/harbour-island\/"},{"@type":"ListItem","position":3,"name":"D\u00d3NDE ALOJARSE","item":"https:\/\/officialeleutheraharbourisland.com\/es\/harbour-island\/donde-alojarse\/"},{"@type":"ListItem","position":4,"name":"ALQUILERES DE VACACIONES","item":"https:\/\/officialeleutheraharbourisland.com\/es\/harbour-island\/donde-alojarse\/alquileres-de-vacaciones\/"},{"@type":"ListItem","position":5,"name":"Alquiler de vacaciones con Jacuzzi"}]},{"@type":"WebSite","@id":"https:\/\/officialeleutheraharbourisland.com\/#website","url":"https:\/\/officialeleutheraharbourisland.com\/","name":"Official Eleuthera Harbour Island","description":"Where Beauty &amp; Nature Meet","publisher":{"@id":"https:\/\/officialeleutheraharbourisland.com\/#organization"},"potentialAction":[{"@type":"SearchAction","target":{"@type":"EntryPoint","urlTemplate":"https:\/\/officialeleutheraharbourisland.com\/?s={search_term_string}"},"query-input":{"@type":"PropertyValueSpecification","valueRequired":true,"valueName":"search_term_string"}}],"inLanguage":"es"},{"@type":"Organization","@id":"https:\/\/officialeleutheraharbourisland.com\/#organization","name":"Official Eleuthera Harbour Island","url":"https:\/\/officialeleutheraharbourisland.com\/","logo":{"@type":"ImageObject","inLanguage":"es","@id":"https:\/\/officialeleutheraharbourisland.com\/#\/schema\/logo\/image\/","url":"https:\/\/officialeleutheraharbourisland.com\/wp-content\/uploads\/2022\/03\/logo-new-GREY-275.png","contentUrl":"https:\/\/officialeleutheraharbourisland.com\/wp-content\/uploads\/2022\/03\/logo-new-GREY-275.png","width":275,"height":22,"caption":"Official Eleuthera Harbour Island"},"image":{"@id":"https:\/\/officialeleutheraharbourisland.com\/#\/schema\/logo\/image\/"}}]}},"jetpack_sharing_enabled":true,"_links":{"self":[{"href":"https:\/\/officialeleutheraharbourisland.com\/es\/wp-json\/wp\/v2\/pages\/75783","targetHints":{"allow":["GET"]}}],"collection":[{"href":"https:\/\/officialeleutheraharbourisland.com\/es\/wp-json\/wp\/v2\/pages"}],"about":[{"href":"https:\/\/officialeleutheraharbourisland.com\/es\/wp-json\/wp\/v2\/types\/page"}],"author":[{"embeddable":true,"href":"https:\/\/officialeleutheraharbourisland.com\/es\/wp-json\/wp\/v2\/users\/3"}],"replies":[{"embeddable":true,"href":"https:\/\/officialeleutheraharbourisland.com\/es\/wp-json\/wp\/v2\/comments?post=75783"}],"version-history":[{"count":2,"href":"https:\/\/officialeleutheraharbourisland.com\/es\/wp-json\/wp\/v2\/pages\/75783\/revisions"}],"predecessor-version":[{"id":75785,"href":"https:\/\/officialeleutheraharbourisland.com\/es\/wp-json\/wp\/v2\/pages\/75783\/revisions\/75785"}],"up":[{"embeddable":true,"href":"https:\/\/officialeleutheraharbourisland.com\/es\/wp-json\/wp\/v2\/pages\/75758"}],"wp:attachment":[{"href":"https:\/\/officialeleutheraharbourisland.com\/es\/wp-json\/wp\/v2\/media?parent=75783"}],"wp:term":[{"taxonomy":"category","embeddable":true,"href":"https:\/\/officialeleutheraharbourisland.com\/es\/wp-json\/wp\/v2\/categories?post=75783"},{"taxonomy":"post_tag","embeddable":true,"href":"https:\/\/officialeleutheraharbourisland.com\/es\/wp-json\/wp\/v2\/tags?post=75783"}],"curies":[{"name":"wp","href":"https:\/\/api.w.org\/{rel}","templated":true}]}}