{"id":75930,"date":"2023-02-15T18:11:32","date_gmt":"2023-02-15T18:11:32","guid":{"rendered":"https:\/\/officialeleutheraharbourisland.com\/harbour-island\/que-hacer\/actividades-deportivas\/deportes-acuaticos\/shipwreck-diving\/"},"modified":"2023-07-07T18:31:14","modified_gmt":"2023-07-07T18:31:14","slug":"buceo-en-naufragios","status":"publish","type":"page","link":"https:\/\/officialeleutheraharbourisland.com\/es\/harbour-island\/que-hacer\/actividades-deportivas\/deportes-acuaticos\/buceo-en-naufragios\/","title":{"rendered":"Buceo en naufragios"},"content":{"rendered":"<div class=\"wpb-content-wrapper\"><p>[vc_row css=\u00bb.vc_custom_1650996412893{padding-bottom: 50px !important;}\u00bb][vc_column]<div id=\"ultimate-heading-659569de6ab9d8217\" class=\"uvc-heading ult-adjust-bottom-margin ultimate-heading-659569de6ab9d8217 uvc-7672 \" data-hspacer=\"no_spacer\"  data-halign=\"center\" style=\"text-align:center\"><div class=\"uvc-heading-spacer no_spacer\" style=\"top\"><\/div><div class=\"uvc-main-heading ult-responsive\"  data-ultimate-target='.uvc-heading.ultimate-heading-659569de6ab9d8217 h2'  data-responsive-json-new='{\"font-size\":\"\",\"line-height\":\"\"}' ><h2 style=\"font-weight:normal;margin-bottom:10px;\">Buceo en naufragios en Harbour Island<\/h2><\/div><\/div><div class=\"hr-thin style-line accent-border-color\" style=\"width: 100px;border-top-width: 3px;\"><\/div>[vc_column_text css=\u00bb.vc_custom_1688754325000{padding-top: 30px !important;}\u00bb]<\/p>\n<p id=\"tw-target-text\" class=\"tw-data-text tw-text-large tw-ta\" dir=\"ltr\" data-placeholder=\"Translation\"><span class=\"Y2IQFc\" lang=\"es\">El buceo en naufragios es una de las actividades m\u00e1s populares y emocionantes para buceadores de todos los niveles. Con m\u00e1s de 3000 naufragios esparcidos por las aguas cristalinas de las Bahamas, es f\u00e1cil ver por qu\u00e9 este destino es un para\u00edso para los entusiastas del buceo en naufragios. Algunos de los sitios de naufragios m\u00e1s populares en las Bahamas se encuentran en Harbour Island. <\/span><\/p>\n<p class=\"tw-data-text tw-text-large tw-ta\" dir=\"ltr\" data-placeholder=\"Translation\"><span class=\"Y2IQFc\" lang=\"es\">El buceo en naufragios en Harbour Island no solo es emocionante, sino que tambi\u00e9n brinda a los buzos una oportunidad \u00fanica de explorar la historia y el patrimonio de la regi\u00f3n. Desde los antiguos galeones espa\u00f1oles hasta los modernos buques de carga, los naufragios son un tesoro de fascinantes historias y descubrimientos que esperan ser explorados por buceadores aventureros.<\/span><\/p>\n<p>[\/vc_column_text][\/vc_column][\/vc_row][vc_row css=\u00bb.vc_custom_1650996499970{padding-bottom: 50px !important;}\u00bb][vc_column]<style type=\"text\/css\" data-type=\"the7_shortcodes-inline-css\">.shortcode-single-image-wrap.shortcode-single-image-71c19659fce2f6e802d472ece1bf1efe.enable-bg-rollover .rollover i,\n.shortcode-single-image-wrap.shortcode-single-image-71c19659fce2f6e802d472ece1bf1efe.enable-bg-rollover .rollover-video i {\n  background: -webkit-linear-gradient();\n  background: linear-gradient();\n}\n.shortcode-single-image-wrap.shortcode-single-image-71c19659fce2f6e802d472ece1bf1efe .rollover-icon {\n  font-size: 32px;\n  color: #ffffff;\n  min-width: 44px;\n  min-height: 44px;\n  line-height: 44px;\n  border-radius: 100px;\n  border-style: solid;\n  border-width: 0px;\n}\n.dt-icon-bg-on.shortcode-single-image-wrap.shortcode-single-image-71c19659fce2f6e802d472ece1bf1efe .rollover-icon {\n  background: rgba(255,255,255,0.3);\n  box-shadow: none;\n}\n<\/style><div class=\"shortcode-single-image-wrap shortcode-single-image-71c19659fce2f6e802d472ece1bf1efe alignnone  enable-bg-rollover dt-icon-bg-off\" style=\"margin-top:0px; margin-bottom:0px; margin-left:0px; margin-right:0px; width:800px;\" data-pretty-share=\"facebook,twitter,pinterest,linkedin\"><div class=\"shortcode-single-image\"><div class=\"fancy-media-wrap  layzr-bg\" style=\"\"><img fetchpriority=\"high\" decoding=\"async\" class=\"preload-me lazy-load aspect\" src=\"data:image\/svg+xml,%3Csvg%20xmlns%3D&#39;http%3A%2F%2Fwww.w3.org%2F2000%2Fsvg&#39;%20viewBox%3D&#39;0%200%20800%20400&#39;%2F%3E\" data-src=\"https:\/\/officialeleutheraharbourisland.com\/wp-content\/uploads\/2023\/02\/Shipwreck-jpg-800x400.webp\" data-srcset=\"https:\/\/officialeleutheraharbourisland.com\/wp-content\/uploads\/2023\/02\/Shipwreck-jpg-800x400.webp 800w, https:\/\/officialeleutheraharbourisland.com\/wp-content\/uploads\/2023\/02\/Shipwreck-jpg-930x465.webp 930w\" loading=\"eager\" sizes=\"(max-width: 800px) 100vw, 800px\" width=\"800\" height=\"400\"  data-dt-location=\"https:\/\/officialeleutheraharbourisland.com\/es\/harbour-island\/things-to-do\/sports-activities\/water-sports-activities\/shipwreck-diving\/attachment\/shipwreck\/\" style=\"--ratio: 800 \/ 400;\" alt=\"\" \/><\/div><\/div><\/div>[vc_empty_space][vc_column_text]<\/p>\n<p id=\"tw-target-text\" class=\"tw-data-text tw-text-large tw-ta\" dir=\"ltr\" data-placeholder=\"Translation\"><span class=\"Y2IQFc\" lang=\"es\"><strong>Estos son algunos de los restos de naufragios que encontrar\u00e1 durante su inmersi\u00f3n en el \u00e1rea de Devil Backbone<\/strong>: <\/span><\/p>\n<p class=\"tw-data-text tw-text-large tw-ta\" dir=\"ltr\" data-placeholder=\"Translation\"><span class=\"Y2IQFc\" lang=\"es\"><strong>El William<\/strong>: capitaneado por William Sayles, mientras dirig\u00eda a los Eleutheran Adventurers desde las Bermudas, naufrag\u00f3 durante el mar embravecido en Octubre de 1648, perdiendo la mayor\u00eda de sus suministros y uno de los colonos a bordo. <\/span><\/p>\n<p class=\"tw-data-text tw-text-large tw-ta\" dir=\"ltr\" data-placeholder=\"Translation\"><span class=\"Y2IQFc\" lang=\"es\"><strong>USS Boston<\/strong>: buque de guerra estadounidense de 18 ca\u00f1ones que pesaba 700 toneladas y med\u00eda 127 pies de largo; naufrag\u00f3 en el arrecife del lado norte en Noviembre de 1846. <\/span><\/p>\n<p class=\"tw-data-text tw-text-large tw-ta\" dir=\"ltr\" data-placeholder=\"Translation\"><span class=\"Y2IQFc\" lang=\"es\"><strong>The Train Wreck<\/strong>: una barcaza que transportaba un tren y varios vagones choc\u00f3 contra un arrecife durante una violenta tormenta en 1865. Se hundi\u00f3 con el tren a\u00fan a bordo. El naufragio se encuentra en 15 a 25 pies de agua. <\/span><\/p>\n<p class=\"tw-data-text tw-text-large tw-ta\" dir=\"ltr\" data-placeholder=\"Translation\"><span class=\"Y2IQFc\" lang=\"es\"><strong>El Cienfuegos<\/strong>: este barco de pasajeros estadounidense propulsado por vapor med\u00eda 292 pies de largo y pesaba 2.332 toneladas. El 5 de febrero de 1895 encall\u00f3 durante un fuerte viento del noroeste. El naufragio se encuentra en 10 a 35 pies de agua. \u00a1No se acerque demasiado al arrecife! Est\u00e9 atento al fondear en Devil&#8217;s Back y tenga cuidado al acercarse a los corales.<\/span><\/p>\n<p>\u00a0[\/vc_column_text][vc_separator css=\u00bb.vc_custom_1677529577381{padding-top: 30px !important;padding-bottom: 30px !important;}\u00bb][\/vc_column][\/vc_row]<\/p>\n<\/div>","protected":false},"excerpt":{"rendered":"<p>[vc_row css=\u00bb.vc_custom_1650996412893{padding-bottom: 50px !important;}\u00bb][vc_column][vc_column_text css=\u00bb.vc_custom_1688754325000{padding-top: 30px !important;}\u00bb] El buceo en naufragios es una de las actividades m\u00e1s populares y emocionantes para buceadores de todos los niveles. Con m\u00e1s de 3000 naufragios esparcidos por las aguas cristalinas de las Bahamas, es f\u00e1cil ver por qu\u00e9 este destino es un para\u00edso para los entusiastas del buceo en&hellip;<\/p>\n","protected":false},"author":1,"featured_media":74275,"parent":75477,"menu_order":0,"comment_status":"closed","ping_status":"closed","template":"","meta":{"footnotes":""},"categories":[],"tags":[1284],"class_list":["post-75930","page","type-page","status-publish","has-post-thumbnail","hentry","tag-water-sports-activities-harbour-island-es-2","description-off"],"yoast_head":"<!-- This site is optimized with the Yoast SEO Premium plugin v25.2 (Yoast SEO v27.3) - https:\/\/yoast.com\/product\/yoast-seo-premium-wordpress\/ -->\n<title>Buceo en naufragios en Harbour Island. Deportes acu\u00e1ticos.<\/title>\n<meta name=\"description\" content=\"Official Eleuthera Harbour Island su fuente para Harbour Island, comparte sobre Buceo en naufragios. Actividades de deportes acu\u00e1ticos.\" \/>\n<meta name=\"robots\" content=\"index, follow, max-snippet:-1, max-image-preview:large, max-video-preview:-1\" \/>\n<link rel=\"canonical\" href=\"https:\/\/officialeleutheraharbourisland.com\/es\/harbour-island\/que-hacer\/actividades-deportivas\/deportes-acuaticos\/buceo-en-naufragios\/\" \/>\n<meta property=\"og:locale\" content=\"es_ES\" \/>\n<meta property=\"og:type\" content=\"article\" \/>\n<meta property=\"og:title\" content=\"Buceo en naufragios\" \/>\n<meta property=\"og:description\" content=\"Official Eleuthera Harbour Island su fuente para Harbour Island, comparte sobre Buceo en naufragios. Actividades de deportes acu\u00e1ticos.\" \/>\n<meta property=\"og:url\" content=\"https:\/\/officialeleutheraharbourisland.com\/es\/harbour-island\/que-hacer\/actividades-deportivas\/deportes-acuaticos\/buceo-en-naufragios\/\" \/>\n<meta property=\"og:site_name\" content=\"Official Eleuthera Harbour Island\" \/>\n<meta property=\"article:modified_time\" content=\"2023-07-07T18:31:14+00:00\" \/>\n<meta property=\"og:image\" content=\"https:\/\/officialeleutheraharbourisland.com\/wp-content\/uploads\/2023\/02\/Shipwreck-jpg.webp\" \/>\n\t<meta property=\"og:image:width\" content=\"930\" \/>\n\t<meta property=\"og:image:height\" content=\"695\" \/>\n\t<meta property=\"og:image:type\" content=\"image\/jpeg\" \/>\n<meta name=\"twitter:card\" content=\"summary_large_image\" \/>\n<meta name=\"twitter:label1\" content=\"Tiempo de lectura\" \/>\n\t<meta name=\"twitter:data1\" content=\"2 minutos\" \/>\n<script type=\"application\/ld+json\" class=\"yoast-schema-graph\">{\"@context\":\"https:\\\/\\\/schema.org\",\"@graph\":[{\"@type\":\"WebPage\",\"@id\":\"https:\\\/\\\/officialeleutheraharbourisland.com\\\/es\\\/harbour-island\\\/que-hacer\\\/actividades-deportivas\\\/deportes-acuaticos\\\/buceo-en-naufragios\\\/\",\"url\":\"https:\\\/\\\/officialeleutheraharbourisland.com\\\/es\\\/harbour-island\\\/que-hacer\\\/actividades-deportivas\\\/deportes-acuaticos\\\/buceo-en-naufragios\\\/\",\"name\":\"Buceo en naufragios en Harbour Island. Deportes acu\u00e1ticos.\",\"isPartOf\":{\"@id\":\"https:\\\/\\\/officialeleutheraharbourisland.com\\\/#website\"},\"primaryImageOfPage\":{\"@id\":\"https:\\\/\\\/officialeleutheraharbourisland.com\\\/es\\\/harbour-island\\\/que-hacer\\\/actividades-deportivas\\\/deportes-acuaticos\\\/buceo-en-naufragios\\\/#primaryimage\"},\"image\":{\"@id\":\"https:\\\/\\\/officialeleutheraharbourisland.com\\\/es\\\/harbour-island\\\/que-hacer\\\/actividades-deportivas\\\/deportes-acuaticos\\\/buceo-en-naufragios\\\/#primaryimage\"},\"thumbnailUrl\":\"https:\\\/\\\/officialeleutheraharbourisland.com\\\/wp-content\\\/uploads\\\/2023\\\/02\\\/Shipwreck-jpg.webp\",\"datePublished\":\"2023-02-15T18:11:32+00:00\",\"dateModified\":\"2023-07-07T18:31:14+00:00\",\"description\":\"Official Eleuthera Harbour Island su fuente para Harbour Island, comparte sobre Buceo en naufragios. Actividades de deportes acu\u00e1ticos.\",\"breadcrumb\":{\"@id\":\"https:\\\/\\\/officialeleutheraharbourisland.com\\\/es\\\/harbour-island\\\/que-hacer\\\/actividades-deportivas\\\/deportes-acuaticos\\\/buceo-en-naufragios\\\/#breadcrumb\"},\"inLanguage\":\"es\",\"potentialAction\":[{\"@type\":\"ReadAction\",\"target\":[\"https:\\\/\\\/officialeleutheraharbourisland.com\\\/es\\\/harbour-island\\\/que-hacer\\\/actividades-deportivas\\\/deportes-acuaticos\\\/buceo-en-naufragios\\\/\"]}]},{\"@type\":\"ImageObject\",\"inLanguage\":\"es\",\"@id\":\"https:\\\/\\\/officialeleutheraharbourisland.com\\\/es\\\/harbour-island\\\/que-hacer\\\/actividades-deportivas\\\/deportes-acuaticos\\\/buceo-en-naufragios\\\/#primaryimage\",\"url\":\"https:\\\/\\\/officialeleutheraharbourisland.com\\\/wp-content\\\/uploads\\\/2023\\\/02\\\/Shipwreck-jpg.webp\",\"contentUrl\":\"https:\\\/\\\/officialeleutheraharbourisland.com\\\/wp-content\\\/uploads\\\/2023\\\/02\\\/Shipwreck-jpg.webp\",\"width\":930,\"height\":695},{\"@type\":\"BreadcrumbList\",\"@id\":\"https:\\\/\\\/officialeleutheraharbourisland.com\\\/es\\\/harbour-island\\\/que-hacer\\\/actividades-deportivas\\\/deportes-acuaticos\\\/buceo-en-naufragios\\\/#breadcrumb\",\"itemListElement\":[{\"@type\":\"ListItem\",\"position\":1,\"name\":\"Home\",\"item\":\"https:\\\/\\\/officialeleutheraharbourisland.com\\\/es\\\/\"},{\"@type\":\"ListItem\",\"position\":2,\"name\":\"HARBOUR ISLAND\",\"item\":\"https:\\\/\\\/officialeleutheraharbourisland.com\\\/es\\\/harbour-island\\\/\"},{\"@type\":\"ListItem\",\"position\":3,\"name\":\"QU\u00c9 HACER\",\"item\":\"https:\\\/\\\/officialeleutheraharbourisland.com\\\/es\\\/harbour-island\\\/que-hacer\\\/\"},{\"@type\":\"ListItem\",\"position\":4,\"name\":\"ACTIVIDADES DEPORTIVAS\",\"item\":\"https:\\\/\\\/officialeleutheraharbourisland.com\\\/es\\\/actividades-deportivas\\\/\"},{\"@type\":\"ListItem\",\"position\":5,\"name\":\"Deportes acu\u00e1ticos\",\"item\":\"https:\\\/\\\/officialeleutheraharbourisland.com\\\/es\\\/harbour-island\\\/que-hacer\\\/actividades-deportivas\\\/deportes-acuaticos\\\/\"},{\"@type\":\"ListItem\",\"position\":6,\"name\":\"Buceo en naufragios\"}]},{\"@type\":\"WebSite\",\"@id\":\"https:\\\/\\\/officialeleutheraharbourisland.com\\\/#website\",\"url\":\"https:\\\/\\\/officialeleutheraharbourisland.com\\\/\",\"name\":\"Official Eleuthera Harbour Island\",\"description\":\"Where Beauty &amp; Nature Meet\",\"publisher\":{\"@id\":\"https:\\\/\\\/officialeleutheraharbourisland.com\\\/#organization\"},\"potentialAction\":[{\"@type\":\"SearchAction\",\"target\":{\"@type\":\"EntryPoint\",\"urlTemplate\":\"https:\\\/\\\/officialeleutheraharbourisland.com\\\/?s={search_term_string}\"},\"query-input\":{\"@type\":\"PropertyValueSpecification\",\"valueRequired\":true,\"valueName\":\"search_term_string\"}}],\"inLanguage\":\"es\"},{\"@type\":\"Organization\",\"@id\":\"https:\\\/\\\/officialeleutheraharbourisland.com\\\/#organization\",\"name\":\"Official Eleuthera Harbour Island\",\"url\":\"https:\\\/\\\/officialeleutheraharbourisland.com\\\/\",\"logo\":{\"@type\":\"ImageObject\",\"inLanguage\":\"es\",\"@id\":\"https:\\\/\\\/officialeleutheraharbourisland.com\\\/#\\\/schema\\\/logo\\\/image\\\/\",\"url\":\"https:\\\/\\\/officialeleutheraharbourisland.com\\\/wp-content\\\/uploads\\\/2022\\\/03\\\/logo-new-GREY-275.png\",\"contentUrl\":\"https:\\\/\\\/officialeleutheraharbourisland.com\\\/wp-content\\\/uploads\\\/2022\\\/03\\\/logo-new-GREY-275.png\",\"width\":275,\"height\":22,\"caption\":\"Official Eleuthera Harbour Island\"},\"image\":{\"@id\":\"https:\\\/\\\/officialeleutheraharbourisland.com\\\/#\\\/schema\\\/logo\\\/image\\\/\"}}]}<\/script>\n<!-- \/ Yoast SEO Premium plugin. -->","yoast_head_json":{"title":"Buceo en naufragios en Harbour Island. Deportes acu\u00e1ticos.","description":"Official Eleuthera Harbour Island su fuente para Harbour Island, comparte sobre Buceo en naufragios. Actividades de deportes acu\u00e1ticos.","robots":{"index":"index","follow":"follow","max-snippet":"max-snippet:-1","max-image-preview":"max-image-preview:large","max-video-preview":"max-video-preview:-1"},"canonical":"https:\/\/officialeleutheraharbourisland.com\/es\/harbour-island\/que-hacer\/actividades-deportivas\/deportes-acuaticos\/buceo-en-naufragios\/","og_locale":"es_ES","og_type":"article","og_title":"Buceo en naufragios","og_description":"Official Eleuthera Harbour Island su fuente para Harbour Island, comparte sobre Buceo en naufragios. Actividades de deportes acu\u00e1ticos.","og_url":"https:\/\/officialeleutheraharbourisland.com\/es\/harbour-island\/que-hacer\/actividades-deportivas\/deportes-acuaticos\/buceo-en-naufragios\/","og_site_name":"Official Eleuthera Harbour Island","article_modified_time":"2023-07-07T18:31:14+00:00","og_image":[{"width":930,"height":695,"url":"https:\/\/officialeleutheraharbourisland.com\/wp-content\/uploads\/2023\/02\/Shipwreck-jpg.webp","type":"image\/jpeg"}],"twitter_card":"summary_large_image","twitter_misc":{"Tiempo de lectura":"2 minutos"},"schema":{"@context":"https:\/\/schema.org","@graph":[{"@type":"WebPage","@id":"https:\/\/officialeleutheraharbourisland.com\/es\/harbour-island\/que-hacer\/actividades-deportivas\/deportes-acuaticos\/buceo-en-naufragios\/","url":"https:\/\/officialeleutheraharbourisland.com\/es\/harbour-island\/que-hacer\/actividades-deportivas\/deportes-acuaticos\/buceo-en-naufragios\/","name":"Buceo en naufragios en Harbour Island. Deportes acu\u00e1ticos.","isPartOf":{"@id":"https:\/\/officialeleutheraharbourisland.com\/#website"},"primaryImageOfPage":{"@id":"https:\/\/officialeleutheraharbourisland.com\/es\/harbour-island\/que-hacer\/actividades-deportivas\/deportes-acuaticos\/buceo-en-naufragios\/#primaryimage"},"image":{"@id":"https:\/\/officialeleutheraharbourisland.com\/es\/harbour-island\/que-hacer\/actividades-deportivas\/deportes-acuaticos\/buceo-en-naufragios\/#primaryimage"},"thumbnailUrl":"https:\/\/officialeleutheraharbourisland.com\/wp-content\/uploads\/2023\/02\/Shipwreck-jpg.webp","datePublished":"2023-02-15T18:11:32+00:00","dateModified":"2023-07-07T18:31:14+00:00","description":"Official Eleuthera Harbour Island su fuente para Harbour Island, comparte sobre Buceo en naufragios. Actividades de deportes acu\u00e1ticos.","breadcrumb":{"@id":"https:\/\/officialeleutheraharbourisland.com\/es\/harbour-island\/que-hacer\/actividades-deportivas\/deportes-acuaticos\/buceo-en-naufragios\/#breadcrumb"},"inLanguage":"es","potentialAction":[{"@type":"ReadAction","target":["https:\/\/officialeleutheraharbourisland.com\/es\/harbour-island\/que-hacer\/actividades-deportivas\/deportes-acuaticos\/buceo-en-naufragios\/"]}]},{"@type":"ImageObject","inLanguage":"es","@id":"https:\/\/officialeleutheraharbourisland.com\/es\/harbour-island\/que-hacer\/actividades-deportivas\/deportes-acuaticos\/buceo-en-naufragios\/#primaryimage","url":"https:\/\/officialeleutheraharbourisland.com\/wp-content\/uploads\/2023\/02\/Shipwreck-jpg.webp","contentUrl":"https:\/\/officialeleutheraharbourisland.com\/wp-content\/uploads\/2023\/02\/Shipwreck-jpg.webp","width":930,"height":695},{"@type":"BreadcrumbList","@id":"https:\/\/officialeleutheraharbourisland.com\/es\/harbour-island\/que-hacer\/actividades-deportivas\/deportes-acuaticos\/buceo-en-naufragios\/#breadcrumb","itemListElement":[{"@type":"ListItem","position":1,"name":"Home","item":"https:\/\/officialeleutheraharbourisland.com\/es\/"},{"@type":"ListItem","position":2,"name":"HARBOUR ISLAND","item":"https:\/\/officialeleutheraharbourisland.com\/es\/harbour-island\/"},{"@type":"ListItem","position":3,"name":"QU\u00c9 HACER","item":"https:\/\/officialeleutheraharbourisland.com\/es\/harbour-island\/que-hacer\/"},{"@type":"ListItem","position":4,"name":"ACTIVIDADES DEPORTIVAS","item":"https:\/\/officialeleutheraharbourisland.com\/es\/actividades-deportivas\/"},{"@type":"ListItem","position":5,"name":"Deportes acu\u00e1ticos","item":"https:\/\/officialeleutheraharbourisland.com\/es\/harbour-island\/que-hacer\/actividades-deportivas\/deportes-acuaticos\/"},{"@type":"ListItem","position":6,"name":"Buceo en naufragios"}]},{"@type":"WebSite","@id":"https:\/\/officialeleutheraharbourisland.com\/#website","url":"https:\/\/officialeleutheraharbourisland.com\/","name":"Official Eleuthera Harbour Island","description":"Where Beauty &amp; Nature Meet","publisher":{"@id":"https:\/\/officialeleutheraharbourisland.com\/#organization"},"potentialAction":[{"@type":"SearchAction","target":{"@type":"EntryPoint","urlTemplate":"https:\/\/officialeleutheraharbourisland.com\/?s={search_term_string}"},"query-input":{"@type":"PropertyValueSpecification","valueRequired":true,"valueName":"search_term_string"}}],"inLanguage":"es"},{"@type":"Organization","@id":"https:\/\/officialeleutheraharbourisland.com\/#organization","name":"Official Eleuthera Harbour Island","url":"https:\/\/officialeleutheraharbourisland.com\/","logo":{"@type":"ImageObject","inLanguage":"es","@id":"https:\/\/officialeleutheraharbourisland.com\/#\/schema\/logo\/image\/","url":"https:\/\/officialeleutheraharbourisland.com\/wp-content\/uploads\/2022\/03\/logo-new-GREY-275.png","contentUrl":"https:\/\/officialeleutheraharbourisland.com\/wp-content\/uploads\/2022\/03\/logo-new-GREY-275.png","width":275,"height":22,"caption":"Official Eleuthera Harbour Island"},"image":{"@id":"https:\/\/officialeleutheraharbourisland.com\/#\/schema\/logo\/image\/"}}]}},"jetpack_sharing_enabled":true,"_links":{"self":[{"href":"https:\/\/officialeleutheraharbourisland.com\/es\/wp-json\/wp\/v2\/pages\/75930","targetHints":{"allow":["GET"]}}],"collection":[{"href":"https:\/\/officialeleutheraharbourisland.com\/es\/wp-json\/wp\/v2\/pages"}],"about":[{"href":"https:\/\/officialeleutheraharbourisland.com\/es\/wp-json\/wp\/v2\/types\/page"}],"author":[{"embeddable":true,"href":"https:\/\/officialeleutheraharbourisland.com\/es\/wp-json\/wp\/v2\/users\/1"}],"replies":[{"embeddable":true,"href":"https:\/\/officialeleutheraharbourisland.com\/es\/wp-json\/wp\/v2\/comments?post=75930"}],"version-history":[{"count":2,"href":"https:\/\/officialeleutheraharbourisland.com\/es\/wp-json\/wp\/v2\/pages\/75930\/revisions"}],"predecessor-version":[{"id":75932,"href":"https:\/\/officialeleutheraharbourisland.com\/es\/wp-json\/wp\/v2\/pages\/75930\/revisions\/75932"}],"up":[{"embeddable":true,"href":"https:\/\/officialeleutheraharbourisland.com\/es\/wp-json\/wp\/v2\/pages\/75477"}],"wp:featuredmedia":[{"embeddable":true,"href":"https:\/\/officialeleutheraharbourisland.com\/es\/wp-json\/wp\/v2\/media\/74275"}],"wp:attachment":[{"href":"https:\/\/officialeleutheraharbourisland.com\/es\/wp-json\/wp\/v2\/media?parent=75930"}],"wp:term":[{"taxonomy":"category","embeddable":true,"href":"https:\/\/officialeleutheraharbourisland.com\/es\/wp-json\/wp\/v2\/categories?post=75930"},{"taxonomy":"post_tag","embeddable":true,"href":"https:\/\/officialeleutheraharbourisland.com\/es\/wp-json\/wp\/v2\/tags?post=75930"}],"curies":[{"name":"wp","href":"https:\/\/api.w.org\/{rel}","templated":true}]}}