{"id":75936,"date":"2023-02-15T18:11:32","date_gmt":"2023-02-15T18:11:32","guid":{"rendered":"https:\/\/officialeleutheraharbourisland.com\/harbour-island\/que-hacer\/actividades-deportivas\/deportes-acuaticos\/kayak\/"},"modified":"2023-07-07T19:18:06","modified_gmt":"2023-07-07T19:18:06","slug":"kayak","status":"publish","type":"page","link":"https:\/\/officialeleutheraharbourisland.com\/es\/harbour-island\/que-hacer\/actividades-deportivas\/deportes-acuaticos\/kayak\/","title":{"rendered":"Kayak"},"content":{"rendered":"<div class=\"wpb-content-wrapper\"><p>[vc_row css=\u00bb.vc_custom_1650996412893{padding-bottom: 50px !important;}\u00bb][vc_column]<div id=\"ultimate-heading-488569e2bb48ea615\" class=\"uvc-heading ult-adjust-bottom-margin ultimate-heading-488569e2bb48ea615 uvc-2670 \" data-hspacer=\"no_spacer\"  data-halign=\"center\" style=\"text-align:center\"><div class=\"uvc-heading-spacer no_spacer\" style=\"top\"><\/div><div class=\"uvc-main-heading ult-responsive\"  data-ultimate-target='.uvc-heading.ultimate-heading-488569e2bb48ea615 h2'  data-responsive-json-new='{\"font-size\":\"\",\"line-height\":\"\"}' ><h2 style=\"font-weight:normal;margin-bottom:10px;\">Alquiler de Kayak en Harbour Island<\/h2><\/div><\/div><div class=\"hr-thin style-line accent-border-color\" style=\"width: 100px;border-top-width: 3px;\"><\/div>[vc_column_text css=\u00bb.vc_custom_1688756303752{padding-top: 30px !important;}\u00bb]<\/p>\n<p id=\"tw-target-text\" class=\"tw-data-text tw-text-large tw-ta\" dir=\"ltr\" data-placeholder=\"Translation\"><span class=\"Y2IQFc\" lang=\"es\">El principal activo de Harbour Island son sus incre\u00edbles aguas, los visitantes disfrutan de la experiencia de saltar en un kayak para hacer ejercicio y explorar las aguas de la isla. <\/span><\/p>\n<p class=\"tw-data-text tw-text-large tw-ta\" dir=\"ltr\" data-placeholder=\"Translation\"><span class=\"Y2IQFc\" lang=\"es\">Las personas pueden navegar en kayak desde las magn\u00edficas playas rosadas en el oc\u00e9ano o en el lado de la bah\u00eda, seg\u00fan las condiciones del viento. En el lado de la playa, los kayakistas apreciar\u00e1n las aguas c\u00e1lidas y turquesas y podr\u00e1n ver claramente los numerosos arrecifes y la vida silvestre. Los kayaks pueden tener uno o dos asientos para que los invitados puedan dar un rom\u00e1ntico paseo. <\/span><\/p>\n<p class=\"tw-data-text tw-text-large tw-ta\" dir=\"ltr\" data-placeholder=\"Translation\"><span class=\"Y2IQFc\" lang=\"es\">La mayor\u00eda de hoteles como Pink Sands, Coral Sands o Dunmore prestan sus kayaks a sus hu\u00e9spedes. Algunas casas de vacaciones de lujo como La Palmeraie Bahamas tambi\u00e9n tienen kayaks que pueden ser utilizados por sus hu\u00e9spedes.<\/span><\/p>\n<p>[\/vc_column_text][\/vc_column][\/vc_row][vc_row css=\u00bb.vc_custom_1650996499970{padding-bottom: 50px !important;}\u00bb][vc_column]<style type=\"text\/css\" data-type=\"the7_shortcodes-inline-css\">.shortcode-single-image-wrap.shortcode-single-image-4aced03f19f1350f207152f893446d54.enable-bg-rollover .rollover i,\n.shortcode-single-image-wrap.shortcode-single-image-4aced03f19f1350f207152f893446d54.enable-bg-rollover .rollover-video i {\n  background: -webkit-linear-gradient();\n  background: linear-gradient();\n}\n.shortcode-single-image-wrap.shortcode-single-image-4aced03f19f1350f207152f893446d54 .rollover-icon {\n  font-size: 32px;\n  color: #ffffff;\n  min-width: 44px;\n  min-height: 44px;\n  line-height: 44px;\n  border-radius: 100px;\n  border-style: solid;\n  border-width: 0px;\n}\n.dt-icon-bg-on.shortcode-single-image-wrap.shortcode-single-image-4aced03f19f1350f207152f893446d54 .rollover-icon {\n  background: rgba(255,255,255,0.3);\n  box-shadow: none;\n}\n<\/style><div class=\"shortcode-single-image-wrap shortcode-single-image-4aced03f19f1350f207152f893446d54 alignnone  enable-bg-rollover dt-icon-bg-off\" style=\"margin-top:0px; margin-bottom:0px; margin-left:0px; margin-right:0px; width:800px;\" data-pretty-share=\"facebook,twitter,pinterest,linkedin\"><div class=\"shortcode-single-image\"><div class=\"fancy-media-wrap  layzr-bg\" style=\"\"><img fetchpriority=\"high\" decoding=\"async\" class=\"preload-me lazy-load aspect\" src=\"data:image\/svg+xml,%3Csvg%20xmlns%3D&#39;http%3A%2F%2Fwww.w3.org%2F2000%2Fsvg&#39;%20viewBox%3D&#39;0%200%20720%20360&#39;%2F%3E\" data-src=\"https:\/\/officialeleutheraharbourisland.com\/wp-content\/uploads\/2023\/02\/expediav2-39236-5ec6e9-206587-jpg-720x360.webp\" data-srcset=\"https:\/\/officialeleutheraharbourisland.com\/wp-content\/uploads\/2023\/02\/expediav2-39236-5ec6e9-206587-jpg-720x360.webp 720w\" loading=\"eager\" sizes=\"(max-width: 720px) 100vw, 720px\" width=\"720\" height=\"360\"  data-dt-location=\"https:\/\/officialeleutheraharbourisland.com\/es\/harbour-island\/things-to-do\/sports-activities\/water-sports-activities\/kayak\/attachment\/expediav2-39236-5ec6e9-206587\/\" style=\"--ratio: 720 \/ 360;\" alt=\"\" \/><\/div><\/div><\/div>[\/vc_column][\/vc_row][vc_row css=\u00bb.vc_custom_1650996515824{padding-bottom: 50px !important;}\u00bb][vc_column][vc_column_text]<\/p>\n<p id=\"tw-target-text\" class=\"tw-data-text tw-text-large tw-ta\" dir=\"ltr\" data-placeholder=\"Translation\"><span class=\"Y2IQFc\" lang=\"es\">Resorts y hoteles ofrecen kayaks para alquilar para su tiempo libre. Desde la comodidad de su casa de vacaciones en Harbour Island, puede llamar a uno de los proveedores locales de deportes acu\u00e1ticos y pedir que le entreguen su kayak junto a la playa detr\u00e1s de su villa. <\/span><\/p>\n<p class=\"tw-data-text tw-text-large tw-ta\" dir=\"ltr\" data-placeholder=\"Translation\"><span class=\"Y2IQFc\" lang=\"es\">Alquilar un Kayak es tan simple como marcar un n\u00famero de tel\u00e9fono. Si eres m\u00e1s aventurero, puedes dar un paseo hasta las tiendas de deportes locales y comparar precios. La regla general para el alquiler de kayaks es de $5-10 d\u00f3lares por una hora; y $30-40 d\u00f3lares por un d\u00eda completo. <\/span><\/p>\n<p class=\"tw-data-text tw-text-large tw-ta\" dir=\"ltr\" data-placeholder=\"Translation\"><span class=\"Y2IQFc\" lang=\"es\">A continuaci\u00f3n se encuentran las empresas de Kayak Water Sport en Harbour Island para elegir: <\/span><\/p>\n<ol>\n<li class=\"tw-data-text tw-text-large tw-ta\" dir=\"ltr\" data-placeholder=\"Translation\"><span class=\"Y2IQFc\" lang=\"es\">Michaels Cycles Briland (242) 464-0994: entregar\u00e1 kayaks donde se encuentre.<\/span><\/li>\n<li dir=\"ltr\" data-placeholder=\"Translation\">Out Islands of The Bahamas (242) 524-8246.<\/li>\n<li dir=\"ltr\" data-placeholder=\"Translation\">Ocean Fox Dive Shop (242) 333-2323.<\/li>\n<li dir=\"ltr\" data-placeholder=\"Translation\">Romora Bay Marina (242) 470-8177.<\/li>\n<li dir=\"ltr\" data-placeholder=\"Translation\">Valentines Marina and Dive Center (242) 333-2080.<\/li>\n<li dir=\"ltr\" data-placeholder=\"Translation\">Lil Shans WaterSports (242) 333-3532.<\/li>\n<li dir=\"ltr\" data-placeholder=\"Translation\">Bahamas Out Islands Adventures (242) 551-9635.<\/li>\n<li dir=\"ltr\" data-placeholder=\"Translation\">Koko Loba Tours(242) 551-3492.<\/li>\n<\/ol>\n<p>[\/vc_column_text][\/vc_column][\/vc_row]<\/p>\n<\/div>","protected":false},"excerpt":{"rendered":"<p>[vc_row css=\u00bb.vc_custom_1650996412893{padding-bottom: 50px !important;}\u00bb][vc_column][vc_column_text css=\u00bb.vc_custom_1688756303752{padding-top: 30px !important;}\u00bb] El principal activo de Harbour Island son sus incre\u00edbles aguas, los visitantes disfrutan de la experiencia de saltar en un kayak para hacer ejercicio y explorar las aguas de la isla. Las personas pueden navegar en kayak desde las magn\u00edficas playas rosadas en el oc\u00e9ano o en el&hellip;<\/p>\n","protected":false},"author":1,"featured_media":74262,"parent":75477,"menu_order":0,"comment_status":"closed","ping_status":"closed","template":"","meta":{"footnotes":""},"categories":[],"tags":[1284],"class_list":["post-75936","page","type-page","status-publish","has-post-thumbnail","hentry","tag-water-sports-activities-harbour-island-es-2","description-off"],"yoast_head":"<!-- This site is optimized with the Yoast SEO Premium plugin v25.2 (Yoast SEO v27.4) - https:\/\/yoast.com\/product\/yoast-seo-premium-wordpress\/ -->\n<title>Kayak en Harbour Island. Deportes acu\u00e1ticos Bahamas.<\/title>\n<meta name=\"description\" content=\"Official Eleuthera Harbour Island su fuente para Harbour Island, comparte informaci\u00f3n sobre el alquiler de kayaks. Deportes acu\u00e1ticos.\" \/>\n<meta name=\"robots\" content=\"index, follow, max-snippet:-1, max-image-preview:large, max-video-preview:-1\" \/>\n<link rel=\"canonical\" href=\"https:\/\/officialeleutheraharbourisland.com\/es\/harbour-island\/que-hacer\/actividades-deportivas\/deportes-acuaticos\/kayak\/\" \/>\n<meta property=\"og:locale\" content=\"es_ES\" \/>\n<meta property=\"og:type\" content=\"article\" \/>\n<meta property=\"og:title\" content=\"Kayak\" \/>\n<meta property=\"og:description\" content=\"Official Eleuthera Harbour Island su fuente para Harbour Island, comparte informaci\u00f3n sobre el alquiler de kayaks. Deportes acu\u00e1ticos.\" \/>\n<meta property=\"og:url\" content=\"https:\/\/officialeleutheraharbourisland.com\/es\/harbour-island\/que-hacer\/actividades-deportivas\/deportes-acuaticos\/kayak\/\" \/>\n<meta property=\"og:site_name\" content=\"Official Eleuthera Harbour Island\" \/>\n<meta property=\"article:modified_time\" content=\"2023-07-07T19:18:06+00:00\" \/>\n<meta property=\"og:image\" content=\"https:\/\/officialeleutheraharbourisland.com\/wp-content\/uploads\/2023\/02\/expediav2-39236-5ec6e9-206587-jpg.webp\" \/>\n\t<meta property=\"og:image:width\" content=\"720\" \/>\n\t<meta property=\"og:image:height\" content=\"576\" \/>\n\t<meta property=\"og:image:type\" content=\"image\/jpeg\" \/>\n<meta name=\"twitter:card\" content=\"summary_large_image\" \/>\n<meta name=\"twitter:label1\" content=\"Tiempo de lectura\" \/>\n\t<meta name=\"twitter:data1\" content=\"2 minutos\" \/>\n<script type=\"application\/ld+json\" class=\"yoast-schema-graph\">{\"@context\":\"https:\\\/\\\/schema.org\",\"@graph\":[{\"@type\":\"WebPage\",\"@id\":\"https:\\\/\\\/officialeleutheraharbourisland.com\\\/es\\\/harbour-island\\\/que-hacer\\\/actividades-deportivas\\\/deportes-acuaticos\\\/kayak\\\/\",\"url\":\"https:\\\/\\\/officialeleutheraharbourisland.com\\\/es\\\/harbour-island\\\/que-hacer\\\/actividades-deportivas\\\/deportes-acuaticos\\\/kayak\\\/\",\"name\":\"Kayak en Harbour Island. Deportes acu\u00e1ticos Bahamas.\",\"isPartOf\":{\"@id\":\"https:\\\/\\\/officialeleutheraharbourisland.com\\\/#website\"},\"primaryImageOfPage\":{\"@id\":\"https:\\\/\\\/officialeleutheraharbourisland.com\\\/es\\\/harbour-island\\\/que-hacer\\\/actividades-deportivas\\\/deportes-acuaticos\\\/kayak\\\/#primaryimage\"},\"image\":{\"@id\":\"https:\\\/\\\/officialeleutheraharbourisland.com\\\/es\\\/harbour-island\\\/que-hacer\\\/actividades-deportivas\\\/deportes-acuaticos\\\/kayak\\\/#primaryimage\"},\"thumbnailUrl\":\"https:\\\/\\\/officialeleutheraharbourisland.com\\\/wp-content\\\/uploads\\\/2023\\\/02\\\/expediav2-39236-5ec6e9-206587-jpg.webp\",\"datePublished\":\"2023-02-15T18:11:32+00:00\",\"dateModified\":\"2023-07-07T19:18:06+00:00\",\"description\":\"Official Eleuthera Harbour Island su fuente para Harbour Island, comparte informaci\u00f3n sobre el alquiler de kayaks. Deportes acu\u00e1ticos.\",\"breadcrumb\":{\"@id\":\"https:\\\/\\\/officialeleutheraharbourisland.com\\\/es\\\/harbour-island\\\/que-hacer\\\/actividades-deportivas\\\/deportes-acuaticos\\\/kayak\\\/#breadcrumb\"},\"inLanguage\":\"es\",\"potentialAction\":[{\"@type\":\"ReadAction\",\"target\":[\"https:\\\/\\\/officialeleutheraharbourisland.com\\\/es\\\/harbour-island\\\/que-hacer\\\/actividades-deportivas\\\/deportes-acuaticos\\\/kayak\\\/\"]}]},{\"@type\":\"ImageObject\",\"inLanguage\":\"es\",\"@id\":\"https:\\\/\\\/officialeleutheraharbourisland.com\\\/es\\\/harbour-island\\\/que-hacer\\\/actividades-deportivas\\\/deportes-acuaticos\\\/kayak\\\/#primaryimage\",\"url\":\"https:\\\/\\\/officialeleutheraharbourisland.com\\\/wp-content\\\/uploads\\\/2023\\\/02\\\/expediav2-39236-5ec6e9-206587-jpg.webp\",\"contentUrl\":\"https:\\\/\\\/officialeleutheraharbourisland.com\\\/wp-content\\\/uploads\\\/2023\\\/02\\\/expediav2-39236-5ec6e9-206587-jpg.webp\",\"width\":720,\"height\":576},{\"@type\":\"BreadcrumbList\",\"@id\":\"https:\\\/\\\/officialeleutheraharbourisland.com\\\/es\\\/harbour-island\\\/que-hacer\\\/actividades-deportivas\\\/deportes-acuaticos\\\/kayak\\\/#breadcrumb\",\"itemListElement\":[{\"@type\":\"ListItem\",\"position\":1,\"name\":\"Home\",\"item\":\"https:\\\/\\\/officialeleutheraharbourisland.com\\\/es\\\/\"},{\"@type\":\"ListItem\",\"position\":2,\"name\":\"HARBOUR ISLAND\",\"item\":\"https:\\\/\\\/officialeleutheraharbourisland.com\\\/es\\\/harbour-island\\\/\"},{\"@type\":\"ListItem\",\"position\":3,\"name\":\"QU\u00c9 HACER\",\"item\":\"https:\\\/\\\/officialeleutheraharbourisland.com\\\/es\\\/harbour-island\\\/que-hacer\\\/\"},{\"@type\":\"ListItem\",\"position\":4,\"name\":\"ACTIVIDADES DEPORTIVAS\",\"item\":\"https:\\\/\\\/officialeleutheraharbourisland.com\\\/es\\\/actividades-deportivas\\\/\"},{\"@type\":\"ListItem\",\"position\":5,\"name\":\"Deportes acu\u00e1ticos\",\"item\":\"https:\\\/\\\/officialeleutheraharbourisland.com\\\/es\\\/harbour-island\\\/que-hacer\\\/actividades-deportivas\\\/deportes-acuaticos\\\/\"},{\"@type\":\"ListItem\",\"position\":6,\"name\":\"Kayak\"}]},{\"@type\":\"WebSite\",\"@id\":\"https:\\\/\\\/officialeleutheraharbourisland.com\\\/#website\",\"url\":\"https:\\\/\\\/officialeleutheraharbourisland.com\\\/\",\"name\":\"Official Eleuthera Harbour Island\",\"description\":\"Where Beauty &amp; Nature Meet\",\"publisher\":{\"@id\":\"https:\\\/\\\/officialeleutheraharbourisland.com\\\/#organization\"},\"potentialAction\":[{\"@type\":\"SearchAction\",\"target\":{\"@type\":\"EntryPoint\",\"urlTemplate\":\"https:\\\/\\\/officialeleutheraharbourisland.com\\\/?s={search_term_string}\"},\"query-input\":{\"@type\":\"PropertyValueSpecification\",\"valueRequired\":true,\"valueName\":\"search_term_string\"}}],\"inLanguage\":\"es\"},{\"@type\":\"Organization\",\"@id\":\"https:\\\/\\\/officialeleutheraharbourisland.com\\\/#organization\",\"name\":\"Official Eleuthera Harbour Island\",\"url\":\"https:\\\/\\\/officialeleutheraharbourisland.com\\\/\",\"logo\":{\"@type\":\"ImageObject\",\"inLanguage\":\"es\",\"@id\":\"https:\\\/\\\/officialeleutheraharbourisland.com\\\/#\\\/schema\\\/logo\\\/image\\\/\",\"url\":\"https:\\\/\\\/officialeleutheraharbourisland.com\\\/wp-content\\\/uploads\\\/2022\\\/03\\\/logo-new-GREY-275.png\",\"contentUrl\":\"https:\\\/\\\/officialeleutheraharbourisland.com\\\/wp-content\\\/uploads\\\/2022\\\/03\\\/logo-new-GREY-275.png\",\"width\":275,\"height\":22,\"caption\":\"Official Eleuthera Harbour Island\"},\"image\":{\"@id\":\"https:\\\/\\\/officialeleutheraharbourisland.com\\\/#\\\/schema\\\/logo\\\/image\\\/\"}}]}<\/script>\n<!-- \/ Yoast SEO Premium plugin. -->","yoast_head_json":{"title":"Kayak en Harbour Island. Deportes acu\u00e1ticos Bahamas.","description":"Official Eleuthera Harbour Island su fuente para Harbour Island, comparte informaci\u00f3n sobre el alquiler de kayaks. Deportes acu\u00e1ticos.","robots":{"index":"index","follow":"follow","max-snippet":"max-snippet:-1","max-image-preview":"max-image-preview:large","max-video-preview":"max-video-preview:-1"},"canonical":"https:\/\/officialeleutheraharbourisland.com\/es\/harbour-island\/que-hacer\/actividades-deportivas\/deportes-acuaticos\/kayak\/","og_locale":"es_ES","og_type":"article","og_title":"Kayak","og_description":"Official Eleuthera Harbour Island su fuente para Harbour Island, comparte informaci\u00f3n sobre el alquiler de kayaks. Deportes acu\u00e1ticos.","og_url":"https:\/\/officialeleutheraharbourisland.com\/es\/harbour-island\/que-hacer\/actividades-deportivas\/deportes-acuaticos\/kayak\/","og_site_name":"Official Eleuthera Harbour Island","article_modified_time":"2023-07-07T19:18:06+00:00","og_image":[{"width":720,"height":576,"url":"https:\/\/officialeleutheraharbourisland.com\/wp-content\/uploads\/2023\/02\/expediav2-39236-5ec6e9-206587-jpg.webp","type":"image\/jpeg"}],"twitter_card":"summary_large_image","twitter_misc":{"Tiempo de lectura":"2 minutos"},"schema":{"@context":"https:\/\/schema.org","@graph":[{"@type":"WebPage","@id":"https:\/\/officialeleutheraharbourisland.com\/es\/harbour-island\/que-hacer\/actividades-deportivas\/deportes-acuaticos\/kayak\/","url":"https:\/\/officialeleutheraharbourisland.com\/es\/harbour-island\/que-hacer\/actividades-deportivas\/deportes-acuaticos\/kayak\/","name":"Kayak en Harbour Island. Deportes acu\u00e1ticos Bahamas.","isPartOf":{"@id":"https:\/\/officialeleutheraharbourisland.com\/#website"},"primaryImageOfPage":{"@id":"https:\/\/officialeleutheraharbourisland.com\/es\/harbour-island\/que-hacer\/actividades-deportivas\/deportes-acuaticos\/kayak\/#primaryimage"},"image":{"@id":"https:\/\/officialeleutheraharbourisland.com\/es\/harbour-island\/que-hacer\/actividades-deportivas\/deportes-acuaticos\/kayak\/#primaryimage"},"thumbnailUrl":"https:\/\/officialeleutheraharbourisland.com\/wp-content\/uploads\/2023\/02\/expediav2-39236-5ec6e9-206587-jpg.webp","datePublished":"2023-02-15T18:11:32+00:00","dateModified":"2023-07-07T19:18:06+00:00","description":"Official Eleuthera Harbour Island su fuente para Harbour Island, comparte informaci\u00f3n sobre el alquiler de kayaks. Deportes acu\u00e1ticos.","breadcrumb":{"@id":"https:\/\/officialeleutheraharbourisland.com\/es\/harbour-island\/que-hacer\/actividades-deportivas\/deportes-acuaticos\/kayak\/#breadcrumb"},"inLanguage":"es","potentialAction":[{"@type":"ReadAction","target":["https:\/\/officialeleutheraharbourisland.com\/es\/harbour-island\/que-hacer\/actividades-deportivas\/deportes-acuaticos\/kayak\/"]}]},{"@type":"ImageObject","inLanguage":"es","@id":"https:\/\/officialeleutheraharbourisland.com\/es\/harbour-island\/que-hacer\/actividades-deportivas\/deportes-acuaticos\/kayak\/#primaryimage","url":"https:\/\/officialeleutheraharbourisland.com\/wp-content\/uploads\/2023\/02\/expediav2-39236-5ec6e9-206587-jpg.webp","contentUrl":"https:\/\/officialeleutheraharbourisland.com\/wp-content\/uploads\/2023\/02\/expediav2-39236-5ec6e9-206587-jpg.webp","width":720,"height":576},{"@type":"BreadcrumbList","@id":"https:\/\/officialeleutheraharbourisland.com\/es\/harbour-island\/que-hacer\/actividades-deportivas\/deportes-acuaticos\/kayak\/#breadcrumb","itemListElement":[{"@type":"ListItem","position":1,"name":"Home","item":"https:\/\/officialeleutheraharbourisland.com\/es\/"},{"@type":"ListItem","position":2,"name":"HARBOUR ISLAND","item":"https:\/\/officialeleutheraharbourisland.com\/es\/harbour-island\/"},{"@type":"ListItem","position":3,"name":"QU\u00c9 HACER","item":"https:\/\/officialeleutheraharbourisland.com\/es\/harbour-island\/que-hacer\/"},{"@type":"ListItem","position":4,"name":"ACTIVIDADES DEPORTIVAS","item":"https:\/\/officialeleutheraharbourisland.com\/es\/actividades-deportivas\/"},{"@type":"ListItem","position":5,"name":"Deportes acu\u00e1ticos","item":"https:\/\/officialeleutheraharbourisland.com\/es\/harbour-island\/que-hacer\/actividades-deportivas\/deportes-acuaticos\/"},{"@type":"ListItem","position":6,"name":"Kayak"}]},{"@type":"WebSite","@id":"https:\/\/officialeleutheraharbourisland.com\/#website","url":"https:\/\/officialeleutheraharbourisland.com\/","name":"Official Eleuthera Harbour Island","description":"Where Beauty &amp; Nature Meet","publisher":{"@id":"https:\/\/officialeleutheraharbourisland.com\/#organization"},"potentialAction":[{"@type":"SearchAction","target":{"@type":"EntryPoint","urlTemplate":"https:\/\/officialeleutheraharbourisland.com\/?s={search_term_string}"},"query-input":{"@type":"PropertyValueSpecification","valueRequired":true,"valueName":"search_term_string"}}],"inLanguage":"es"},{"@type":"Organization","@id":"https:\/\/officialeleutheraharbourisland.com\/#organization","name":"Official Eleuthera Harbour Island","url":"https:\/\/officialeleutheraharbourisland.com\/","logo":{"@type":"ImageObject","inLanguage":"es","@id":"https:\/\/officialeleutheraharbourisland.com\/#\/schema\/logo\/image\/","url":"https:\/\/officialeleutheraharbourisland.com\/wp-content\/uploads\/2022\/03\/logo-new-GREY-275.png","contentUrl":"https:\/\/officialeleutheraharbourisland.com\/wp-content\/uploads\/2022\/03\/logo-new-GREY-275.png","width":275,"height":22,"caption":"Official Eleuthera Harbour Island"},"image":{"@id":"https:\/\/officialeleutheraharbourisland.com\/#\/schema\/logo\/image\/"}}]}},"jetpack_sharing_enabled":true,"_links":{"self":[{"href":"https:\/\/officialeleutheraharbourisland.com\/es\/wp-json\/wp\/v2\/pages\/75936","targetHints":{"allow":["GET"]}}],"collection":[{"href":"https:\/\/officialeleutheraharbourisland.com\/es\/wp-json\/wp\/v2\/pages"}],"about":[{"href":"https:\/\/officialeleutheraharbourisland.com\/es\/wp-json\/wp\/v2\/types\/page"}],"author":[{"embeddable":true,"href":"https:\/\/officialeleutheraharbourisland.com\/es\/wp-json\/wp\/v2\/users\/1"}],"replies":[{"embeddable":true,"href":"https:\/\/officialeleutheraharbourisland.com\/es\/wp-json\/wp\/v2\/comments?post=75936"}],"version-history":[{"count":2,"href":"https:\/\/officialeleutheraharbourisland.com\/es\/wp-json\/wp\/v2\/pages\/75936\/revisions"}],"predecessor-version":[{"id":75938,"href":"https:\/\/officialeleutheraharbourisland.com\/es\/wp-json\/wp\/v2\/pages\/75936\/revisions\/75938"}],"up":[{"embeddable":true,"href":"https:\/\/officialeleutheraharbourisland.com\/es\/wp-json\/wp\/v2\/pages\/75477"}],"wp:featuredmedia":[{"embeddable":true,"href":"https:\/\/officialeleutheraharbourisland.com\/es\/wp-json\/wp\/v2\/media\/74262"}],"wp:attachment":[{"href":"https:\/\/officialeleutheraharbourisland.com\/es\/wp-json\/wp\/v2\/media?parent=75936"}],"wp:term":[{"taxonomy":"category","embeddable":true,"href":"https:\/\/officialeleutheraharbourisland.com\/es\/wp-json\/wp\/v2\/categories?post=75936"},{"taxonomy":"post_tag","embeddable":true,"href":"https:\/\/officialeleutheraharbourisland.com\/es\/wp-json\/wp\/v2\/tags?post=75936"}],"curies":[{"name":"wp","href":"https:\/\/api.w.org\/{rel}","templated":true}]}}