{"id":75964,"date":"2023-02-14T18:12:32","date_gmt":"2023-02-14T18:12:32","guid":{"rendered":"https:\/\/officialeleutheraharbourisland.com\/harbour-island\/que-hacer\/actividades-deportivas\/deportes-acuaticos\/sailing-adventure\/"},"modified":"2023-07-10T18:22:13","modified_gmt":"2023-07-10T18:22:13","slug":"aventura-en-velero","status":"publish","type":"page","link":"https:\/\/officialeleutheraharbourisland.com\/es\/harbour-island\/que-hacer\/actividades-deportivas\/deportes-acuaticos\/aventura-en-velero\/","title":{"rendered":"Aventura en velero"},"content":{"rendered":"<div class=\"wpb-content-wrapper\"><p>[vc_row css=\u00bb.vc_custom_1650996412893{padding-bottom: 50px !important;}\u00bb][vc_column]<div id=\"ultimate-heading-238069e2bf32b3db3\" class=\"uvc-heading ult-adjust-bottom-margin ultimate-heading-238069e2bf32b3db3 uvc-660 \" data-hspacer=\"no_spacer\"  data-halign=\"center\" style=\"text-align:center\"><div class=\"uvc-heading-spacer no_spacer\" style=\"top\"><\/div><div class=\"uvc-main-heading ult-responsive\"  data-ultimate-target='.uvc-heading.ultimate-heading-238069e2bf32b3db3 h2'  data-responsive-json-new='{\"font-size\":\"\",\"line-height\":\"\"}' ><h2 style=\"font-weight:normal;margin-bottom:10px;\">Aventura en velero en Harbour Island<\/h2><\/div><\/div><div class=\"hr-thin style-line accent-border-color\" style=\"width: 100px;border-top-width: 3px;\"><\/div>[vc_column_text css=\u00bb.vc_custom_1689013226739{padding-top: 30px !important;}\u00bb]<\/p>\n<p id=\"tw-target-text\" class=\"tw-data-text tw-text-large tw-ta\" dir=\"ltr\" data-placeholder=\"Translation\"><span class=\"Y2IQFc\" lang=\"es\">Disfrute de un d\u00eda de navegaci\u00f3n, esn\u00f3rquel, caminar por la playa y relajarse en las hermosas aguas cerca de Harbour Island. Eventide es una embarcaci\u00f3n CSY 44 cl\u00e1sico, disponible para navegar durante el d\u00eda en el estrecho protegido detr\u00e1s de Harbour Island, Eleuthera. Ella acomoda c\u00f3modamente hasta 12 pasajeros y tripulaci\u00f3n. <\/span><\/p>\n<p class=\"tw-data-text tw-text-large tw-ta\" dir=\"ltr\" data-placeholder=\"Translation\"><span class=\"Y2IQFc\" lang=\"es\">El Capit\u00e1n Bob Knaus ha alquilado su velero en las Bahamas desde 2003. Su comodidad y seguridad son sus principales preocupaciones. Su primer compa\u00f1ero, Lucky, est\u00e1 principalmente interesado en los bocadillos&#8230; \u00a1pero es un perro guapo! <\/span><\/p>\n<p class=\"tw-data-text tw-text-large tw-ta\" dir=\"ltr\" data-placeholder=\"Translation\"><span class=\"Y2IQFc\" lang=\"es\">El Capit\u00e1n Bob tiene un conocimiento infinito sobre el mar y la zona, sabiendo exactamente d\u00f3nde y cu\u00e1ndo puede navegar con seguridad. Tambi\u00e9n sabe d\u00f3nde llevarlo para ver delfines y tortugas, coloridos arrecifes o las m\u00e1s hermosas conchas. Incluso puede recogerlo directamente de su casa de alquiler y amablemente proporcionarle bocadillos, barras de granola, equipo de snorkel y toallas adicionales.<\/span><\/p>\n<p>Contact :<br \/>\nEleuthera Sailing Adventures<br \/>\nHarbour Island, Bahamas<br \/>\n+1.305.432.2331 (US Skype)<br \/>\n\u200b+1.242.475.3741 (WhatsApp and Bahamas mobile)<\/p>\n<p><a href=\"http:\/\/www.saileleuthera.com\/\" target=\"_blank\" rel=\"noopener\">http:\/\/www.saileleuthera.com\/<\/a>[\/vc_column_text][\/vc_column][\/vc_row][vc_row css=\u00bb.vc_custom_1650996499970{padding-bottom: 50px !important;}\u00bb][vc_column]<style type=\"text\/css\" data-type=\"the7_shortcodes-inline-css\">.shortcode-single-image-wrap.shortcode-single-image-29c8e139907384df6493103a5b561768.enable-bg-rollover .rollover i,\n.shortcode-single-image-wrap.shortcode-single-image-29c8e139907384df6493103a5b561768.enable-bg-rollover .rollover-video i {\n  background: -webkit-linear-gradient();\n  background: linear-gradient();\n}\n.shortcode-single-image-wrap.shortcode-single-image-29c8e139907384df6493103a5b561768 .rollover-icon {\n  font-size: 32px;\n  color: #ffffff;\n  min-width: 44px;\n  min-height: 44px;\n  line-height: 44px;\n  border-radius: 100px;\n  border-style: solid;\n  border-width: 0px;\n}\n.dt-icon-bg-on.shortcode-single-image-wrap.shortcode-single-image-29c8e139907384df6493103a5b561768 .rollover-icon {\n  background: rgba(255,255,255,0.3);\n  box-shadow: none;\n}\n<\/style><div class=\"shortcode-single-image-wrap shortcode-single-image-29c8e139907384df6493103a5b561768 alignnone  enable-bg-rollover dt-icon-bg-off\" style=\"margin-top:0px; margin-bottom:0px; margin-left:0px; margin-right:0px; width:800px;\" data-pretty-share=\"facebook,twitter,pinterest,linkedin\"><div class=\"shortcode-single-image\"><div class=\"fancy-media-wrap  layzr-bg\" style=\"\"><img fetchpriority=\"high\" decoding=\"async\" class=\"preload-me lazy-load aspect\" src=\"data:image\/svg+xml,%3Csvg%20xmlns%3D&#39;http%3A%2F%2Fwww.w3.org%2F2000%2Fsvg&#39;%20viewBox%3D&#39;0%200%20800%20400&#39;%2F%3E\" data-src=\"https:\/\/officialeleutheraharbourisland.com\/wp-content\/uploads\/2023\/02\/Bahamas-sailing-jpg-800x400.webp\" data-srcset=\"https:\/\/officialeleutheraharbourisland.com\/wp-content\/uploads\/2023\/02\/Bahamas-sailing-jpg-800x400.webp 800w, https:\/\/officialeleutheraharbourisland.com\/wp-content\/uploads\/2023\/02\/Bahamas-sailing-jpg-1600x800.webp 1600w\" loading=\"eager\" sizes=\"(max-width: 800px) 100vw, 800px\" width=\"800\" height=\"400\"  data-dt-location=\"https:\/\/officialeleutheraharbourisland.com\/es\/harbour-island\/things-to-do\/sports-activities\/water-sports-activities\/sailing-adventure\/attachment\/bahamas-sailing\/\" style=\"--ratio: 800 \/ 400;\" alt=\"\" \/><\/div><\/div><\/div>[\/vc_column][\/vc_row]<\/p>\n<\/div>","protected":false},"excerpt":{"rendered":"<p>[vc_row css=\u00bb.vc_custom_1650996412893{padding-bottom: 50px !important;}\u00bb][vc_column][vc_column_text css=\u00bb.vc_custom_1689013226739{padding-top: 30px !important;}\u00bb] Disfrute de un d\u00eda de navegaci\u00f3n, esn\u00f3rquel, caminar por la playa y relajarse en las hermosas aguas cerca de Harbour Island. Eventide es una embarcaci\u00f3n CSY 44 cl\u00e1sico, disponible para navegar durante el d\u00eda en el estrecho protegido detr\u00e1s de Harbour Island, Eleuthera. Ella acomoda c\u00f3modamente hasta 12&hellip;<\/p>\n","protected":false},"author":1,"featured_media":73700,"parent":75477,"menu_order":0,"comment_status":"closed","ping_status":"closed","template":"","meta":{"footnotes":""},"categories":[],"tags":[1284],"class_list":["post-75964","page","type-page","status-publish","has-post-thumbnail","hentry","tag-water-sports-activities-harbour-island-es-2","description-off"],"yoast_head":"<!-- This site is optimized with the Yoast SEO Premium plugin v25.2 (Yoast SEO v27.4) - https:\/\/yoast.com\/product\/yoast-seo-premium-wordpress\/ -->\n<title>Aventura en velero en Harbour Island. Actividades acu\u00e1ticas.<\/title>\n<meta name=\"description\" content=\"Official Eleuthera Harbour Island su gu\u00eda de viaje para Harbour Island, comparte sobre aventuras de navegaci\u00f3n. Deportes acu\u00e1ticos.\" \/>\n<meta name=\"robots\" content=\"index, follow, max-snippet:-1, max-image-preview:large, max-video-preview:-1\" \/>\n<link rel=\"canonical\" href=\"https:\/\/officialeleutheraharbourisland.com\/es\/harbour-island\/que-hacer\/actividades-deportivas\/deportes-acuaticos\/aventura-en-velero\/\" \/>\n<meta property=\"og:locale\" content=\"es_ES\" \/>\n<meta property=\"og:type\" content=\"article\" \/>\n<meta property=\"og:title\" content=\"Aventura en velero\" \/>\n<meta property=\"og:description\" content=\"Official Eleuthera Harbour Island su gu\u00eda de viaje para Harbour Island, comparte sobre aventuras de navegaci\u00f3n. Deportes acu\u00e1ticos.\" \/>\n<meta property=\"og:url\" content=\"https:\/\/officialeleutheraharbourisland.com\/es\/harbour-island\/que-hacer\/actividades-deportivas\/deportes-acuaticos\/aventura-en-velero\/\" \/>\n<meta property=\"og:site_name\" content=\"Official Eleuthera Harbour Island\" \/>\n<meta property=\"article:modified_time\" content=\"2023-07-10T18:22:13+00:00\" \/>\n<meta property=\"og:image\" content=\"https:\/\/officialeleutheraharbourisland.com\/wp-content\/uploads\/2023\/02\/Bahamas-sailing-jpg.webp\" \/>\n\t<meta property=\"og:image:width\" content=\"1680\" \/>\n\t<meta property=\"og:image:height\" content=\"1050\" \/>\n\t<meta property=\"og:image:type\" content=\"image\/jpeg\" \/>\n<meta name=\"twitter:card\" content=\"summary_large_image\" \/>\n<meta name=\"twitter:label1\" content=\"Tiempo de lectura\" \/>\n\t<meta name=\"twitter:data1\" content=\"1 minuto\" \/>\n<script type=\"application\/ld+json\" class=\"yoast-schema-graph\">{\"@context\":\"https:\\\/\\\/schema.org\",\"@graph\":[{\"@type\":\"WebPage\",\"@id\":\"https:\\\/\\\/officialeleutheraharbourisland.com\\\/es\\\/harbour-island\\\/que-hacer\\\/actividades-deportivas\\\/deportes-acuaticos\\\/aventura-en-velero\\\/\",\"url\":\"https:\\\/\\\/officialeleutheraharbourisland.com\\\/es\\\/harbour-island\\\/que-hacer\\\/actividades-deportivas\\\/deportes-acuaticos\\\/aventura-en-velero\\\/\",\"name\":\"Aventura en velero en Harbour Island. Actividades acu\u00e1ticas.\",\"isPartOf\":{\"@id\":\"https:\\\/\\\/officialeleutheraharbourisland.com\\\/#website\"},\"primaryImageOfPage\":{\"@id\":\"https:\\\/\\\/officialeleutheraharbourisland.com\\\/es\\\/harbour-island\\\/que-hacer\\\/actividades-deportivas\\\/deportes-acuaticos\\\/aventura-en-velero\\\/#primaryimage\"},\"image\":{\"@id\":\"https:\\\/\\\/officialeleutheraharbourisland.com\\\/es\\\/harbour-island\\\/que-hacer\\\/actividades-deportivas\\\/deportes-acuaticos\\\/aventura-en-velero\\\/#primaryimage\"},\"thumbnailUrl\":\"https:\\\/\\\/officialeleutheraharbourisland.com\\\/wp-content\\\/uploads\\\/2023\\\/02\\\/Bahamas-sailing-jpg.webp\",\"datePublished\":\"2023-02-14T18:12:32+00:00\",\"dateModified\":\"2023-07-10T18:22:13+00:00\",\"description\":\"Official Eleuthera Harbour Island su gu\u00eda de viaje para Harbour Island, comparte sobre aventuras de navegaci\u00f3n. Deportes acu\u00e1ticos.\",\"breadcrumb\":{\"@id\":\"https:\\\/\\\/officialeleutheraharbourisland.com\\\/es\\\/harbour-island\\\/que-hacer\\\/actividades-deportivas\\\/deportes-acuaticos\\\/aventura-en-velero\\\/#breadcrumb\"},\"inLanguage\":\"es\",\"potentialAction\":[{\"@type\":\"ReadAction\",\"target\":[\"https:\\\/\\\/officialeleutheraharbourisland.com\\\/es\\\/harbour-island\\\/que-hacer\\\/actividades-deportivas\\\/deportes-acuaticos\\\/aventura-en-velero\\\/\"]}]},{\"@type\":\"ImageObject\",\"inLanguage\":\"es\",\"@id\":\"https:\\\/\\\/officialeleutheraharbourisland.com\\\/es\\\/harbour-island\\\/que-hacer\\\/actividades-deportivas\\\/deportes-acuaticos\\\/aventura-en-velero\\\/#primaryimage\",\"url\":\"https:\\\/\\\/officialeleutheraharbourisland.com\\\/wp-content\\\/uploads\\\/2023\\\/02\\\/Bahamas-sailing-jpg.webp\",\"contentUrl\":\"https:\\\/\\\/officialeleutheraharbourisland.com\\\/wp-content\\\/uploads\\\/2023\\\/02\\\/Bahamas-sailing-jpg.webp\",\"width\":1680,\"height\":1050},{\"@type\":\"BreadcrumbList\",\"@id\":\"https:\\\/\\\/officialeleutheraharbourisland.com\\\/es\\\/harbour-island\\\/que-hacer\\\/actividades-deportivas\\\/deportes-acuaticos\\\/aventura-en-velero\\\/#breadcrumb\",\"itemListElement\":[{\"@type\":\"ListItem\",\"position\":1,\"name\":\"Home\",\"item\":\"https:\\\/\\\/officialeleutheraharbourisland.com\\\/es\\\/\"},{\"@type\":\"ListItem\",\"position\":2,\"name\":\"HARBOUR ISLAND\",\"item\":\"https:\\\/\\\/officialeleutheraharbourisland.com\\\/es\\\/harbour-island\\\/\"},{\"@type\":\"ListItem\",\"position\":3,\"name\":\"QU\u00c9 HACER\",\"item\":\"https:\\\/\\\/officialeleutheraharbourisland.com\\\/es\\\/harbour-island\\\/que-hacer\\\/\"},{\"@type\":\"ListItem\",\"position\":4,\"name\":\"ACTIVIDADES DEPORTIVAS\",\"item\":\"https:\\\/\\\/officialeleutheraharbourisland.com\\\/es\\\/actividades-deportivas\\\/\"},{\"@type\":\"ListItem\",\"position\":5,\"name\":\"Deportes acu\u00e1ticos\",\"item\":\"https:\\\/\\\/officialeleutheraharbourisland.com\\\/es\\\/harbour-island\\\/que-hacer\\\/actividades-deportivas\\\/deportes-acuaticos\\\/\"},{\"@type\":\"ListItem\",\"position\":6,\"name\":\"Aventura en velero\"}]},{\"@type\":\"WebSite\",\"@id\":\"https:\\\/\\\/officialeleutheraharbourisland.com\\\/#website\",\"url\":\"https:\\\/\\\/officialeleutheraharbourisland.com\\\/\",\"name\":\"Official Eleuthera Harbour Island\",\"description\":\"Where Beauty &amp; Nature Meet\",\"publisher\":{\"@id\":\"https:\\\/\\\/officialeleutheraharbourisland.com\\\/#organization\"},\"potentialAction\":[{\"@type\":\"SearchAction\",\"target\":{\"@type\":\"EntryPoint\",\"urlTemplate\":\"https:\\\/\\\/officialeleutheraharbourisland.com\\\/?s={search_term_string}\"},\"query-input\":{\"@type\":\"PropertyValueSpecification\",\"valueRequired\":true,\"valueName\":\"search_term_string\"}}],\"inLanguage\":\"es\"},{\"@type\":\"Organization\",\"@id\":\"https:\\\/\\\/officialeleutheraharbourisland.com\\\/#organization\",\"name\":\"Official Eleuthera Harbour Island\",\"url\":\"https:\\\/\\\/officialeleutheraharbourisland.com\\\/\",\"logo\":{\"@type\":\"ImageObject\",\"inLanguage\":\"es\",\"@id\":\"https:\\\/\\\/officialeleutheraharbourisland.com\\\/#\\\/schema\\\/logo\\\/image\\\/\",\"url\":\"https:\\\/\\\/officialeleutheraharbourisland.com\\\/wp-content\\\/uploads\\\/2022\\\/03\\\/logo-new-GREY-275.png\",\"contentUrl\":\"https:\\\/\\\/officialeleutheraharbourisland.com\\\/wp-content\\\/uploads\\\/2022\\\/03\\\/logo-new-GREY-275.png\",\"width\":275,\"height\":22,\"caption\":\"Official Eleuthera Harbour Island\"},\"image\":{\"@id\":\"https:\\\/\\\/officialeleutheraharbourisland.com\\\/#\\\/schema\\\/logo\\\/image\\\/\"}}]}<\/script>\n<!-- \/ Yoast SEO Premium plugin. -->","yoast_head_json":{"title":"Aventura en velero en Harbour Island. Actividades acu\u00e1ticas.","description":"Official Eleuthera Harbour Island su gu\u00eda de viaje para Harbour Island, comparte sobre aventuras de navegaci\u00f3n. Deportes acu\u00e1ticos.","robots":{"index":"index","follow":"follow","max-snippet":"max-snippet:-1","max-image-preview":"max-image-preview:large","max-video-preview":"max-video-preview:-1"},"canonical":"https:\/\/officialeleutheraharbourisland.com\/es\/harbour-island\/que-hacer\/actividades-deportivas\/deportes-acuaticos\/aventura-en-velero\/","og_locale":"es_ES","og_type":"article","og_title":"Aventura en velero","og_description":"Official Eleuthera Harbour Island su gu\u00eda de viaje para Harbour Island, comparte sobre aventuras de navegaci\u00f3n. Deportes acu\u00e1ticos.","og_url":"https:\/\/officialeleutheraharbourisland.com\/es\/harbour-island\/que-hacer\/actividades-deportivas\/deportes-acuaticos\/aventura-en-velero\/","og_site_name":"Official Eleuthera Harbour Island","article_modified_time":"2023-07-10T18:22:13+00:00","og_image":[{"width":1680,"height":1050,"url":"https:\/\/officialeleutheraharbourisland.com\/wp-content\/uploads\/2023\/02\/Bahamas-sailing-jpg.webp","type":"image\/jpeg"}],"twitter_card":"summary_large_image","twitter_misc":{"Tiempo de lectura":"1 minuto"},"schema":{"@context":"https:\/\/schema.org","@graph":[{"@type":"WebPage","@id":"https:\/\/officialeleutheraharbourisland.com\/es\/harbour-island\/que-hacer\/actividades-deportivas\/deportes-acuaticos\/aventura-en-velero\/","url":"https:\/\/officialeleutheraharbourisland.com\/es\/harbour-island\/que-hacer\/actividades-deportivas\/deportes-acuaticos\/aventura-en-velero\/","name":"Aventura en velero en Harbour Island. Actividades acu\u00e1ticas.","isPartOf":{"@id":"https:\/\/officialeleutheraharbourisland.com\/#website"},"primaryImageOfPage":{"@id":"https:\/\/officialeleutheraharbourisland.com\/es\/harbour-island\/que-hacer\/actividades-deportivas\/deportes-acuaticos\/aventura-en-velero\/#primaryimage"},"image":{"@id":"https:\/\/officialeleutheraharbourisland.com\/es\/harbour-island\/que-hacer\/actividades-deportivas\/deportes-acuaticos\/aventura-en-velero\/#primaryimage"},"thumbnailUrl":"https:\/\/officialeleutheraharbourisland.com\/wp-content\/uploads\/2023\/02\/Bahamas-sailing-jpg.webp","datePublished":"2023-02-14T18:12:32+00:00","dateModified":"2023-07-10T18:22:13+00:00","description":"Official Eleuthera Harbour Island su gu\u00eda de viaje para Harbour Island, comparte sobre aventuras de navegaci\u00f3n. Deportes acu\u00e1ticos.","breadcrumb":{"@id":"https:\/\/officialeleutheraharbourisland.com\/es\/harbour-island\/que-hacer\/actividades-deportivas\/deportes-acuaticos\/aventura-en-velero\/#breadcrumb"},"inLanguage":"es","potentialAction":[{"@type":"ReadAction","target":["https:\/\/officialeleutheraharbourisland.com\/es\/harbour-island\/que-hacer\/actividades-deportivas\/deportes-acuaticos\/aventura-en-velero\/"]}]},{"@type":"ImageObject","inLanguage":"es","@id":"https:\/\/officialeleutheraharbourisland.com\/es\/harbour-island\/que-hacer\/actividades-deportivas\/deportes-acuaticos\/aventura-en-velero\/#primaryimage","url":"https:\/\/officialeleutheraharbourisland.com\/wp-content\/uploads\/2023\/02\/Bahamas-sailing-jpg.webp","contentUrl":"https:\/\/officialeleutheraharbourisland.com\/wp-content\/uploads\/2023\/02\/Bahamas-sailing-jpg.webp","width":1680,"height":1050},{"@type":"BreadcrumbList","@id":"https:\/\/officialeleutheraharbourisland.com\/es\/harbour-island\/que-hacer\/actividades-deportivas\/deportes-acuaticos\/aventura-en-velero\/#breadcrumb","itemListElement":[{"@type":"ListItem","position":1,"name":"Home","item":"https:\/\/officialeleutheraharbourisland.com\/es\/"},{"@type":"ListItem","position":2,"name":"HARBOUR ISLAND","item":"https:\/\/officialeleutheraharbourisland.com\/es\/harbour-island\/"},{"@type":"ListItem","position":3,"name":"QU\u00c9 HACER","item":"https:\/\/officialeleutheraharbourisland.com\/es\/harbour-island\/que-hacer\/"},{"@type":"ListItem","position":4,"name":"ACTIVIDADES DEPORTIVAS","item":"https:\/\/officialeleutheraharbourisland.com\/es\/actividades-deportivas\/"},{"@type":"ListItem","position":5,"name":"Deportes acu\u00e1ticos","item":"https:\/\/officialeleutheraharbourisland.com\/es\/harbour-island\/que-hacer\/actividades-deportivas\/deportes-acuaticos\/"},{"@type":"ListItem","position":6,"name":"Aventura en velero"}]},{"@type":"WebSite","@id":"https:\/\/officialeleutheraharbourisland.com\/#website","url":"https:\/\/officialeleutheraharbourisland.com\/","name":"Official Eleuthera Harbour Island","description":"Where Beauty &amp; Nature Meet","publisher":{"@id":"https:\/\/officialeleutheraharbourisland.com\/#organization"},"potentialAction":[{"@type":"SearchAction","target":{"@type":"EntryPoint","urlTemplate":"https:\/\/officialeleutheraharbourisland.com\/?s={search_term_string}"},"query-input":{"@type":"PropertyValueSpecification","valueRequired":true,"valueName":"search_term_string"}}],"inLanguage":"es"},{"@type":"Organization","@id":"https:\/\/officialeleutheraharbourisland.com\/#organization","name":"Official Eleuthera Harbour Island","url":"https:\/\/officialeleutheraharbourisland.com\/","logo":{"@type":"ImageObject","inLanguage":"es","@id":"https:\/\/officialeleutheraharbourisland.com\/#\/schema\/logo\/image\/","url":"https:\/\/officialeleutheraharbourisland.com\/wp-content\/uploads\/2022\/03\/logo-new-GREY-275.png","contentUrl":"https:\/\/officialeleutheraharbourisland.com\/wp-content\/uploads\/2022\/03\/logo-new-GREY-275.png","width":275,"height":22,"caption":"Official Eleuthera Harbour Island"},"image":{"@id":"https:\/\/officialeleutheraharbourisland.com\/#\/schema\/logo\/image\/"}}]}},"jetpack_sharing_enabled":true,"_links":{"self":[{"href":"https:\/\/officialeleutheraharbourisland.com\/es\/wp-json\/wp\/v2\/pages\/75964","targetHints":{"allow":["GET"]}}],"collection":[{"href":"https:\/\/officialeleutheraharbourisland.com\/es\/wp-json\/wp\/v2\/pages"}],"about":[{"href":"https:\/\/officialeleutheraharbourisland.com\/es\/wp-json\/wp\/v2\/types\/page"}],"author":[{"embeddable":true,"href":"https:\/\/officialeleutheraharbourisland.com\/es\/wp-json\/wp\/v2\/users\/1"}],"replies":[{"embeddable":true,"href":"https:\/\/officialeleutheraharbourisland.com\/es\/wp-json\/wp\/v2\/comments?post=75964"}],"version-history":[{"count":2,"href":"https:\/\/officialeleutheraharbourisland.com\/es\/wp-json\/wp\/v2\/pages\/75964\/revisions"}],"predecessor-version":[{"id":75966,"href":"https:\/\/officialeleutheraharbourisland.com\/es\/wp-json\/wp\/v2\/pages\/75964\/revisions\/75966"}],"up":[{"embeddable":true,"href":"https:\/\/officialeleutheraharbourisland.com\/es\/wp-json\/wp\/v2\/pages\/75477"}],"wp:featuredmedia":[{"embeddable":true,"href":"https:\/\/officialeleutheraharbourisland.com\/es\/wp-json\/wp\/v2\/media\/73700"}],"wp:attachment":[{"href":"https:\/\/officialeleutheraharbourisland.com\/es\/wp-json\/wp\/v2\/media?parent=75964"}],"wp:term":[{"taxonomy":"category","embeddable":true,"href":"https:\/\/officialeleutheraharbourisland.com\/es\/wp-json\/wp\/v2\/categories?post=75964"},{"taxonomy":"post_tag","embeddable":true,"href":"https:\/\/officialeleutheraharbourisland.com\/es\/wp-json\/wp\/v2\/tags?post=75964"}],"curies":[{"name":"wp","href":"https:\/\/api.w.org\/{rel}","templated":true}]}}