{"id":75967,"date":"2023-02-14T18:12:32","date_gmt":"2023-02-14T18:12:32","guid":{"rendered":"https:\/\/officialeleutheraharbourisland.com\/harbour-island\/que-hacer\/actividades-deportivas\/deportes-acuaticos\/spearfishing\/"},"modified":"2023-07-10T18:30:57","modified_gmt":"2023-07-10T18:30:57","slug":"pesca-submarina","status":"publish","type":"page","link":"https:\/\/officialeleutheraharbourisland.com\/es\/harbour-island\/que-hacer\/actividades-deportivas\/deportes-acuaticos\/pesca-submarina\/","title":{"rendered":"Pesca submarina"},"content":{"rendered":"<div class=\"wpb-content-wrapper\"><p>[vc_row css=\u00bb.vc_custom_1650996412893{padding-bottom: 50px !important;}\u00bb][vc_column]<div id=\"ultimate-heading-142469de6ac1bbb0d\" class=\"uvc-heading ult-adjust-bottom-margin ultimate-heading-142469de6ac1bbb0d uvc-1597 \" data-hspacer=\"no_spacer\"  data-halign=\"center\" style=\"text-align:center\"><div class=\"uvc-heading-spacer no_spacer\" style=\"top\"><\/div><div class=\"uvc-main-heading ult-responsive\"  data-ultimate-target='.uvc-heading.ultimate-heading-142469de6ac1bbb0d h2'  data-responsive-json-new='{\"font-size\":\"\",\"line-height\":\"\"}' ><h2 style=\"font-weight:normal;margin-bottom:10px;\">Pesca submarina en Harbour Island<\/h2><\/div><\/div><div class=\"hr-thin style-line accent-border-color\" style=\"width: 100px;border-top-width: 3px;\"><\/div>[vc_column_text css=\u00bb.vc_custom_1689013591604{padding-top: 30px !important;}\u00bb]<\/p>\n<p id=\"tw-target-text\" class=\"tw-data-text tw-text-large tw-ta\" dir=\"ltr\" data-placeholder=\"Translation\"><span class=\"Y2IQFc\" lang=\"es\">Official Eleuthera Harbour Island le ofrece m\u00e1s informaci\u00f3n sobre la pesca submarina en Harbour Island, Eleuthera y Spanish Wells. La pesca submarina en Eleuthera es un deporte real, se practica de muchas formas y \u201carmas\u201d diferentes. Implica el uso de lo que com\u00fanmente se llama una lanza o un arp\u00f3n. El instrumento que llamaremos arp\u00f3n, lanza una flecha que va dirigida al pez. <\/span><\/p>\n<p class=\"tw-data-text tw-text-large tw-ta\" dir=\"ltr\" data-placeholder=\"Translation\"><span class=\"Y2IQFc\" lang=\"es\">Los visitantes deben sentirse extremadamente c\u00f3modos en el agua, tener una buena capacidad pulmonar y ser razonablemente pacientes. La pesca submarina de buceo libre generalmente se practica a profundidades de 10 a 50 pies. <\/span><\/p>\n<p class=\"tw-data-text tw-text-large tw-ta\" dir=\"ltr\" data-placeholder=\"Translation\"><span class=\"Y2IQFc\" lang=\"es\">Peces que se cazan durante la pesca submarina: <\/span><\/p>\n<p class=\"tw-data-text tw-text-large tw-ta\" dir=\"ltr\" data-placeholder=\"Translation\"><span class=\"Y2IQFc\" lang=\"es\">&#8211; Meros <\/span><\/p>\n<p class=\"tw-data-text tw-text-large tw-ta\" dir=\"ltr\" data-placeholder=\"Translation\"><span class=\"Y2IQFc\" lang=\"es\">&#8211; Jotas <\/span><\/p>\n<p class=\"tw-data-text tw-text-large tw-ta\" dir=\"ltr\" data-placeholder=\"Translation\"><span class=\"Y2IQFc\" lang=\"es\">&#8211; Pargos <\/span><\/p>\n<p class=\"tw-data-text tw-text-large tw-ta\" dir=\"ltr\" data-placeholder=\"Translation\"><span class=\"Y2IQFc\" lang=\"es\">&#8211; Margate<\/span><\/p>\n<p>[\/vc_column_text][\/vc_column][\/vc_row][vc_row css=\u00bb.vc_custom_1650996499970{padding-bottom: 50px !important;}\u00bb][vc_column]<style type=\"text\/css\" data-type=\"the7_shortcodes-inline-css\">.shortcode-single-image-wrap.shortcode-single-image-09fbb935cf9959aefab717da708b32f1.enable-bg-rollover .rollover i,\n.shortcode-single-image-wrap.shortcode-single-image-09fbb935cf9959aefab717da708b32f1.enable-bg-rollover .rollover-video i {\n  background: -webkit-linear-gradient();\n  background: linear-gradient();\n}\n.shortcode-single-image-wrap.shortcode-single-image-09fbb935cf9959aefab717da708b32f1 .rollover-icon {\n  font-size: 32px;\n  color: #ffffff;\n  min-width: 44px;\n  min-height: 44px;\n  line-height: 44px;\n  border-radius: 100px;\n  border-style: solid;\n  border-width: 0px;\n}\n.dt-icon-bg-on.shortcode-single-image-wrap.shortcode-single-image-09fbb935cf9959aefab717da708b32f1 .rollover-icon {\n  background: rgba(255,255,255,0.3);\n  box-shadow: none;\n}\n<\/style><div class=\"shortcode-single-image-wrap shortcode-single-image-09fbb935cf9959aefab717da708b32f1 alignnone  enable-bg-rollover dt-icon-bg-off\" style=\"margin-top:0px; margin-bottom:0px; margin-left:0px; margin-right:0px; width:800px;\" data-pretty-share=\"facebook,twitter,pinterest,linkedin\"><div class=\"shortcode-single-image\"><div class=\"fancy-media-wrap  layzr-bg\" style=\"\"><img fetchpriority=\"high\" decoding=\"async\" class=\"preload-me lazy-load aspect\" src=\"data:image\/svg+xml,%3Csvg%20xmlns%3D&#39;http%3A%2F%2Fwww.w3.org%2F2000%2Fsvg&#39;%20viewBox%3D&#39;0%200%20800%20400&#39;%2F%3E\" data-src=\"https:\/\/officialeleutheraharbourisland.com\/wp-content\/uploads\/2022\/04\/spearfishing-scaled-800x400.jpeg\" data-srcset=\"https:\/\/officialeleutheraharbourisland.com\/wp-content\/uploads\/2022\/04\/spearfishing-scaled-800x400.jpeg 800w, https:\/\/officialeleutheraharbourisland.com\/wp-content\/uploads\/2022\/04\/spearfishing-scaled-1600x800.jpeg 1600w\" loading=\"eager\" sizes=\"(max-width: 800px) 100vw, 800px\" width=\"800\" height=\"400\"  data-dt-location=\"https:\/\/officialeleutheraharbourisland.com\/es\/spearfishing\/\" style=\"--ratio: 800 \/ 400;\" alt=\"spearfishing\" \/><\/div><\/div><\/div>[vc_empty_space][vc_column_text]<\/p>\n<p id=\"tw-target-text\" class=\"tw-data-text tw-text-large tw-ta\" dir=\"ltr\" data-placeholder=\"Translation\"><span class=\"Y2IQFc\" lang=\"es\">Su empresa de pesca submarina lo guiar\u00e1 a trav\u00e9s de las regulaciones de pesca locales, incluidos los \u00abinstrumentos de lanza\u00bb que se pueden usar en Eleuthera. El nivel de sofisticaci\u00f3n de esas \u00abarmas\u00bb var\u00eda desde simples tirachinas como dispositivos hasta fusiles neum\u00e1ticos accionados por gas neum\u00e1tico. <\/span><\/p>\n<p class=\"tw-data-text tw-text-large tw-ta\" dir=\"ltr\" data-placeholder=\"Translation\"><span class=\"Y2IQFc\" lang=\"es\">Una persona que desee utilizar una lanza debe obtener un permiso de pesca de las autoridades locales. Adem\u00e1s, la pesca submarina no est\u00e1 permitida dentro de las 200 yardas de cualquier isla en Eleuthera. <\/span><\/p>\n<p class=\"tw-data-text tw-text-large tw-ta\" dir=\"ltr\" data-placeholder=\"Translation\"><span class=\"Y2IQFc\" lang=\"es\">Es ilegal utilizar cualquier tipo de suministro de aire bajo el agua para la pesca con arp\u00f3n o la recolecci\u00f3n de vida marina. <\/span><\/p>\n<p class=\"tw-data-text tw-text-large tw-ta\" dir=\"ltr\" data-placeholder=\"Translation\"><span class=\"Y2IQFc\" lang=\"es\">Los arpones no est\u00e1n permitidos en las Bahamas. No se utilizan cebos para practicar este tipo de pesca.<\/span><\/p>\n<p>[\/vc_column_text][\/vc_column][\/vc_row]<\/p>\n<\/div>","protected":false},"excerpt":{"rendered":"<p>[vc_row css=\u00bb.vc_custom_1650996412893{padding-bottom: 50px !important;}\u00bb][vc_column][vc_column_text css=\u00bb.vc_custom_1689013591604{padding-top: 30px !important;}\u00bb] Official Eleuthera Harbour Island le ofrece m\u00e1s informaci\u00f3n sobre la pesca submarina en Harbour Island, Eleuthera y Spanish Wells. La pesca submarina en Eleuthera es un deporte real, se practica de muchas formas y \u201carmas\u201d diferentes. Implica el uso de lo que com\u00fanmente se llama una lanza o&hellip;<\/p>\n","protected":false},"author":1,"featured_media":64509,"parent":75477,"menu_order":0,"comment_status":"closed","ping_status":"closed","template":"","meta":{"footnotes":""},"categories":[],"tags":[1284],"class_list":["post-75967","page","type-page","status-publish","has-post-thumbnail","hentry","tag-water-sports-activities-harbour-island-es-2","description-off"],"yoast_head":"<!-- This site is optimized with the Yoast SEO Premium plugin v25.2 (Yoast SEO v27.3) - https:\/\/yoast.com\/product\/yoast-seo-premium-wordpress\/ -->\n<title>Pesca submarina en Harbour Island. Deportes acu\u00e1ticos.<\/title>\n<meta name=\"description\" content=\"Official Eleuthera Harbour Islandsu gu\u00eda para Harbour Island, comparte sobre la pesca submarina. Deportes acu\u00e1ticos en Bahamas.\" \/>\n<meta name=\"robots\" content=\"index, follow, max-snippet:-1, max-image-preview:large, max-video-preview:-1\" \/>\n<link rel=\"canonical\" href=\"https:\/\/officialeleutheraharbourisland.com\/es\/harbour-island\/que-hacer\/actividades-deportivas\/deportes-acuaticos\/pesca-submarina\/\" \/>\n<meta property=\"og:locale\" content=\"es_ES\" \/>\n<meta property=\"og:type\" content=\"article\" \/>\n<meta property=\"og:title\" content=\"Pesca submarina\" \/>\n<meta property=\"og:description\" content=\"Official Eleuthera Harbour Islandsu gu\u00eda para Harbour Island, comparte sobre la pesca submarina. Deportes acu\u00e1ticos en Bahamas.\" \/>\n<meta property=\"og:url\" content=\"https:\/\/officialeleutheraharbourisland.com\/es\/harbour-island\/que-hacer\/actividades-deportivas\/deportes-acuaticos\/pesca-submarina\/\" \/>\n<meta property=\"og:site_name\" content=\"Official Eleuthera Harbour Island\" \/>\n<meta property=\"article:modified_time\" content=\"2023-07-10T18:30:57+00:00\" \/>\n<meta property=\"og:image\" content=\"https:\/\/officialeleutheraharbourisland.com\/wp-content\/uploads\/2022\/04\/spearfishing-scaled.jpeg\" \/>\n\t<meta property=\"og:image:width\" content=\"2560\" \/>\n\t<meta property=\"og:image:height\" content=\"1440\" \/>\n\t<meta property=\"og:image:type\" content=\"image\/jpeg\" \/>\n<meta name=\"twitter:card\" content=\"summary_large_image\" \/>\n<meta name=\"twitter:label1\" content=\"Tiempo de lectura\" \/>\n\t<meta name=\"twitter:data1\" content=\"2 minutos\" \/>\n<script type=\"application\/ld+json\" class=\"yoast-schema-graph\">{\"@context\":\"https:\\\/\\\/schema.org\",\"@graph\":[{\"@type\":\"WebPage\",\"@id\":\"https:\\\/\\\/officialeleutheraharbourisland.com\\\/es\\\/harbour-island\\\/que-hacer\\\/actividades-deportivas\\\/deportes-acuaticos\\\/pesca-submarina\\\/\",\"url\":\"https:\\\/\\\/officialeleutheraharbourisland.com\\\/es\\\/harbour-island\\\/que-hacer\\\/actividades-deportivas\\\/deportes-acuaticos\\\/pesca-submarina\\\/\",\"name\":\"Pesca submarina en Harbour Island. Deportes acu\u00e1ticos.\",\"isPartOf\":{\"@id\":\"https:\\\/\\\/officialeleutheraharbourisland.com\\\/#website\"},\"primaryImageOfPage\":{\"@id\":\"https:\\\/\\\/officialeleutheraharbourisland.com\\\/es\\\/harbour-island\\\/que-hacer\\\/actividades-deportivas\\\/deportes-acuaticos\\\/pesca-submarina\\\/#primaryimage\"},\"image\":{\"@id\":\"https:\\\/\\\/officialeleutheraharbourisland.com\\\/es\\\/harbour-island\\\/que-hacer\\\/actividades-deportivas\\\/deportes-acuaticos\\\/pesca-submarina\\\/#primaryimage\"},\"thumbnailUrl\":\"https:\\\/\\\/officialeleutheraharbourisland.com\\\/wp-content\\\/uploads\\\/2022\\\/04\\\/spearfishing-scaled.jpeg\",\"datePublished\":\"2023-02-14T18:12:32+00:00\",\"dateModified\":\"2023-07-10T18:30:57+00:00\",\"description\":\"Official Eleuthera Harbour Islandsu gu\u00eda para Harbour Island, comparte sobre la pesca submarina. Deportes acu\u00e1ticos en Bahamas.\",\"breadcrumb\":{\"@id\":\"https:\\\/\\\/officialeleutheraharbourisland.com\\\/es\\\/harbour-island\\\/que-hacer\\\/actividades-deportivas\\\/deportes-acuaticos\\\/pesca-submarina\\\/#breadcrumb\"},\"inLanguage\":\"es\",\"potentialAction\":[{\"@type\":\"ReadAction\",\"target\":[\"https:\\\/\\\/officialeleutheraharbourisland.com\\\/es\\\/harbour-island\\\/que-hacer\\\/actividades-deportivas\\\/deportes-acuaticos\\\/pesca-submarina\\\/\"]}]},{\"@type\":\"ImageObject\",\"inLanguage\":\"es\",\"@id\":\"https:\\\/\\\/officialeleutheraharbourisland.com\\\/es\\\/harbour-island\\\/que-hacer\\\/actividades-deportivas\\\/deportes-acuaticos\\\/pesca-submarina\\\/#primaryimage\",\"url\":\"https:\\\/\\\/officialeleutheraharbourisland.com\\\/wp-content\\\/uploads\\\/2022\\\/04\\\/spearfishing-scaled.jpeg\",\"contentUrl\":\"https:\\\/\\\/officialeleutheraharbourisland.com\\\/wp-content\\\/uploads\\\/2022\\\/04\\\/spearfishing-scaled.jpeg\",\"width\":2560,\"height\":1440},{\"@type\":\"BreadcrumbList\",\"@id\":\"https:\\\/\\\/officialeleutheraharbourisland.com\\\/es\\\/harbour-island\\\/que-hacer\\\/actividades-deportivas\\\/deportes-acuaticos\\\/pesca-submarina\\\/#breadcrumb\",\"itemListElement\":[{\"@type\":\"ListItem\",\"position\":1,\"name\":\"Home\",\"item\":\"https:\\\/\\\/officialeleutheraharbourisland.com\\\/es\\\/\"},{\"@type\":\"ListItem\",\"position\":2,\"name\":\"HARBOUR ISLAND\",\"item\":\"https:\\\/\\\/officialeleutheraharbourisland.com\\\/es\\\/harbour-island\\\/\"},{\"@type\":\"ListItem\",\"position\":3,\"name\":\"QU\u00c9 HACER\",\"item\":\"https:\\\/\\\/officialeleutheraharbourisland.com\\\/es\\\/harbour-island\\\/que-hacer\\\/\"},{\"@type\":\"ListItem\",\"position\":4,\"name\":\"ACTIVIDADES DEPORTIVAS\",\"item\":\"https:\\\/\\\/officialeleutheraharbourisland.com\\\/es\\\/actividades-deportivas\\\/\"},{\"@type\":\"ListItem\",\"position\":5,\"name\":\"Deportes acu\u00e1ticos\",\"item\":\"https:\\\/\\\/officialeleutheraharbourisland.com\\\/es\\\/harbour-island\\\/que-hacer\\\/actividades-deportivas\\\/deportes-acuaticos\\\/\"},{\"@type\":\"ListItem\",\"position\":6,\"name\":\"Pesca submarina\"}]},{\"@type\":\"WebSite\",\"@id\":\"https:\\\/\\\/officialeleutheraharbourisland.com\\\/#website\",\"url\":\"https:\\\/\\\/officialeleutheraharbourisland.com\\\/\",\"name\":\"Official Eleuthera Harbour Island\",\"description\":\"Where Beauty &amp; Nature Meet\",\"publisher\":{\"@id\":\"https:\\\/\\\/officialeleutheraharbourisland.com\\\/#organization\"},\"potentialAction\":[{\"@type\":\"SearchAction\",\"target\":{\"@type\":\"EntryPoint\",\"urlTemplate\":\"https:\\\/\\\/officialeleutheraharbourisland.com\\\/?s={search_term_string}\"},\"query-input\":{\"@type\":\"PropertyValueSpecification\",\"valueRequired\":true,\"valueName\":\"search_term_string\"}}],\"inLanguage\":\"es\"},{\"@type\":\"Organization\",\"@id\":\"https:\\\/\\\/officialeleutheraharbourisland.com\\\/#organization\",\"name\":\"Official Eleuthera Harbour Island\",\"url\":\"https:\\\/\\\/officialeleutheraharbourisland.com\\\/\",\"logo\":{\"@type\":\"ImageObject\",\"inLanguage\":\"es\",\"@id\":\"https:\\\/\\\/officialeleutheraharbourisland.com\\\/#\\\/schema\\\/logo\\\/image\\\/\",\"url\":\"https:\\\/\\\/officialeleutheraharbourisland.com\\\/wp-content\\\/uploads\\\/2022\\\/03\\\/logo-new-GREY-275.png\",\"contentUrl\":\"https:\\\/\\\/officialeleutheraharbourisland.com\\\/wp-content\\\/uploads\\\/2022\\\/03\\\/logo-new-GREY-275.png\",\"width\":275,\"height\":22,\"caption\":\"Official Eleuthera Harbour Island\"},\"image\":{\"@id\":\"https:\\\/\\\/officialeleutheraharbourisland.com\\\/#\\\/schema\\\/logo\\\/image\\\/\"}}]}<\/script>\n<!-- \/ Yoast SEO Premium plugin. -->","yoast_head_json":{"title":"Pesca submarina en Harbour Island. Deportes acu\u00e1ticos.","description":"Official Eleuthera Harbour Islandsu gu\u00eda para Harbour Island, comparte sobre la pesca submarina. Deportes acu\u00e1ticos en Bahamas.","robots":{"index":"index","follow":"follow","max-snippet":"max-snippet:-1","max-image-preview":"max-image-preview:large","max-video-preview":"max-video-preview:-1"},"canonical":"https:\/\/officialeleutheraharbourisland.com\/es\/harbour-island\/que-hacer\/actividades-deportivas\/deportes-acuaticos\/pesca-submarina\/","og_locale":"es_ES","og_type":"article","og_title":"Pesca submarina","og_description":"Official Eleuthera Harbour Islandsu gu\u00eda para Harbour Island, comparte sobre la pesca submarina. Deportes acu\u00e1ticos en Bahamas.","og_url":"https:\/\/officialeleutheraharbourisland.com\/es\/harbour-island\/que-hacer\/actividades-deportivas\/deportes-acuaticos\/pesca-submarina\/","og_site_name":"Official Eleuthera Harbour Island","article_modified_time":"2023-07-10T18:30:57+00:00","og_image":[{"width":2560,"height":1440,"url":"https:\/\/officialeleutheraharbourisland.com\/wp-content\/uploads\/2022\/04\/spearfishing-scaled.jpeg","type":"image\/jpeg"}],"twitter_card":"summary_large_image","twitter_misc":{"Tiempo de lectura":"2 minutos"},"schema":{"@context":"https:\/\/schema.org","@graph":[{"@type":"WebPage","@id":"https:\/\/officialeleutheraharbourisland.com\/es\/harbour-island\/que-hacer\/actividades-deportivas\/deportes-acuaticos\/pesca-submarina\/","url":"https:\/\/officialeleutheraharbourisland.com\/es\/harbour-island\/que-hacer\/actividades-deportivas\/deportes-acuaticos\/pesca-submarina\/","name":"Pesca submarina en Harbour Island. Deportes acu\u00e1ticos.","isPartOf":{"@id":"https:\/\/officialeleutheraharbourisland.com\/#website"},"primaryImageOfPage":{"@id":"https:\/\/officialeleutheraharbourisland.com\/es\/harbour-island\/que-hacer\/actividades-deportivas\/deportes-acuaticos\/pesca-submarina\/#primaryimage"},"image":{"@id":"https:\/\/officialeleutheraharbourisland.com\/es\/harbour-island\/que-hacer\/actividades-deportivas\/deportes-acuaticos\/pesca-submarina\/#primaryimage"},"thumbnailUrl":"https:\/\/officialeleutheraharbourisland.com\/wp-content\/uploads\/2022\/04\/spearfishing-scaled.jpeg","datePublished":"2023-02-14T18:12:32+00:00","dateModified":"2023-07-10T18:30:57+00:00","description":"Official Eleuthera Harbour Islandsu gu\u00eda para Harbour Island, comparte sobre la pesca submarina. Deportes acu\u00e1ticos en Bahamas.","breadcrumb":{"@id":"https:\/\/officialeleutheraharbourisland.com\/es\/harbour-island\/que-hacer\/actividades-deportivas\/deportes-acuaticos\/pesca-submarina\/#breadcrumb"},"inLanguage":"es","potentialAction":[{"@type":"ReadAction","target":["https:\/\/officialeleutheraharbourisland.com\/es\/harbour-island\/que-hacer\/actividades-deportivas\/deportes-acuaticos\/pesca-submarina\/"]}]},{"@type":"ImageObject","inLanguage":"es","@id":"https:\/\/officialeleutheraharbourisland.com\/es\/harbour-island\/que-hacer\/actividades-deportivas\/deportes-acuaticos\/pesca-submarina\/#primaryimage","url":"https:\/\/officialeleutheraharbourisland.com\/wp-content\/uploads\/2022\/04\/spearfishing-scaled.jpeg","contentUrl":"https:\/\/officialeleutheraharbourisland.com\/wp-content\/uploads\/2022\/04\/spearfishing-scaled.jpeg","width":2560,"height":1440},{"@type":"BreadcrumbList","@id":"https:\/\/officialeleutheraharbourisland.com\/es\/harbour-island\/que-hacer\/actividades-deportivas\/deportes-acuaticos\/pesca-submarina\/#breadcrumb","itemListElement":[{"@type":"ListItem","position":1,"name":"Home","item":"https:\/\/officialeleutheraharbourisland.com\/es\/"},{"@type":"ListItem","position":2,"name":"HARBOUR ISLAND","item":"https:\/\/officialeleutheraharbourisland.com\/es\/harbour-island\/"},{"@type":"ListItem","position":3,"name":"QU\u00c9 HACER","item":"https:\/\/officialeleutheraharbourisland.com\/es\/harbour-island\/que-hacer\/"},{"@type":"ListItem","position":4,"name":"ACTIVIDADES DEPORTIVAS","item":"https:\/\/officialeleutheraharbourisland.com\/es\/actividades-deportivas\/"},{"@type":"ListItem","position":5,"name":"Deportes acu\u00e1ticos","item":"https:\/\/officialeleutheraharbourisland.com\/es\/harbour-island\/que-hacer\/actividades-deportivas\/deportes-acuaticos\/"},{"@type":"ListItem","position":6,"name":"Pesca submarina"}]},{"@type":"WebSite","@id":"https:\/\/officialeleutheraharbourisland.com\/#website","url":"https:\/\/officialeleutheraharbourisland.com\/","name":"Official Eleuthera Harbour Island","description":"Where Beauty &amp; Nature Meet","publisher":{"@id":"https:\/\/officialeleutheraharbourisland.com\/#organization"},"potentialAction":[{"@type":"SearchAction","target":{"@type":"EntryPoint","urlTemplate":"https:\/\/officialeleutheraharbourisland.com\/?s={search_term_string}"},"query-input":{"@type":"PropertyValueSpecification","valueRequired":true,"valueName":"search_term_string"}}],"inLanguage":"es"},{"@type":"Organization","@id":"https:\/\/officialeleutheraharbourisland.com\/#organization","name":"Official Eleuthera Harbour Island","url":"https:\/\/officialeleutheraharbourisland.com\/","logo":{"@type":"ImageObject","inLanguage":"es","@id":"https:\/\/officialeleutheraharbourisland.com\/#\/schema\/logo\/image\/","url":"https:\/\/officialeleutheraharbourisland.com\/wp-content\/uploads\/2022\/03\/logo-new-GREY-275.png","contentUrl":"https:\/\/officialeleutheraharbourisland.com\/wp-content\/uploads\/2022\/03\/logo-new-GREY-275.png","width":275,"height":22,"caption":"Official Eleuthera Harbour Island"},"image":{"@id":"https:\/\/officialeleutheraharbourisland.com\/#\/schema\/logo\/image\/"}}]}},"jetpack_sharing_enabled":true,"_links":{"self":[{"href":"https:\/\/officialeleutheraharbourisland.com\/es\/wp-json\/wp\/v2\/pages\/75967","targetHints":{"allow":["GET"]}}],"collection":[{"href":"https:\/\/officialeleutheraharbourisland.com\/es\/wp-json\/wp\/v2\/pages"}],"about":[{"href":"https:\/\/officialeleutheraharbourisland.com\/es\/wp-json\/wp\/v2\/types\/page"}],"author":[{"embeddable":true,"href":"https:\/\/officialeleutheraharbourisland.com\/es\/wp-json\/wp\/v2\/users\/1"}],"replies":[{"embeddable":true,"href":"https:\/\/officialeleutheraharbourisland.com\/es\/wp-json\/wp\/v2\/comments?post=75967"}],"version-history":[{"count":2,"href":"https:\/\/officialeleutheraharbourisland.com\/es\/wp-json\/wp\/v2\/pages\/75967\/revisions"}],"predecessor-version":[{"id":75969,"href":"https:\/\/officialeleutheraharbourisland.com\/es\/wp-json\/wp\/v2\/pages\/75967\/revisions\/75969"}],"up":[{"embeddable":true,"href":"https:\/\/officialeleutheraharbourisland.com\/es\/wp-json\/wp\/v2\/pages\/75477"}],"wp:featuredmedia":[{"embeddable":true,"href":"https:\/\/officialeleutheraharbourisland.com\/es\/wp-json\/wp\/v2\/media\/64509"}],"wp:attachment":[{"href":"https:\/\/officialeleutheraharbourisland.com\/es\/wp-json\/wp\/v2\/media?parent=75967"}],"wp:term":[{"taxonomy":"category","embeddable":true,"href":"https:\/\/officialeleutheraharbourisland.com\/es\/wp-json\/wp\/v2\/categories?post=75967"},{"taxonomy":"post_tag","embeddable":true,"href":"https:\/\/officialeleutheraharbourisland.com\/es\/wp-json\/wp\/v2\/tags?post=75967"}],"curies":[{"name":"wp","href":"https:\/\/api.w.org\/{rel}","templated":true}]}}