{"id":75970,"date":"2023-02-15T18:11:32","date_gmt":"2023-02-15T18:11:32","guid":{"rendered":"https:\/\/officialeleutheraharbourisland.com\/harbour-island\/que-hacer\/actividades-deportivas\/actividades-deportivas-en-tierra\/horseback-riding\/"},"modified":"2023-07-11T14:22:59","modified_gmt":"2023-07-11T14:22:59","slug":"cabalgatas","status":"publish","type":"page","link":"https:\/\/officialeleutheraharbourisland.com\/es\/harbour-island\/que-hacer\/actividades-deportivas\/actividades-deportivas-en-tierra\/cabalgatas\/","title":{"rendered":"Cabalgatas"},"content":{"rendered":"<div class=\"wpb-content-wrapper\"><p>[vc_row css=\u00bb.vc_custom_1650996412893{padding-bottom: 50px !important;}\u00bb][vc_column]<div id=\"ultimate-heading-87769de6ae0e3797\" class=\"uvc-heading ult-adjust-bottom-margin ultimate-heading-87769de6ae0e3797 uvc-3500 \" data-hspacer=\"no_spacer\"  data-halign=\"center\" style=\"text-align:center\"><div class=\"uvc-heading-spacer no_spacer\" style=\"top\"><\/div><div class=\"uvc-main-heading ult-responsive\"  data-ultimate-target='.uvc-heading.ultimate-heading-87769de6ae0e3797 h2'  data-responsive-json-new='{\"font-size\":\"\",\"line-height\":\"\"}' ><h2 style=\"font-weight:normal;margin-bottom:10px;\">Cabalgatas en Harbour Island<\/h2><\/div><\/div><div class=\"hr-thin style-line accent-border-color\" style=\"width: 100px;border-top-width: 3px;\"><\/div>[vc_column_text css=\u00bb.vc_custom_1689085235810{padding-top: 30px !important;}\u00bb]<\/p>\n<p id=\"tw-target-text\" class=\"tw-data-text tw-text-large tw-ta\" dir=\"ltr\" data-placeholder=\"Translation\"><span class=\"Y2IQFc\" lang=\"es\">Montar a caballo en las Bahamas es realmente especial; y todos deber\u00edan visitarlo, \u00a1pru\u00e9belo al menos una vez! Montar un animal tan majestuoso no solo es divertido, \u00a1es espectacular! Imag\u00ednese montar a caballo con las olas rompientes del Oc\u00e9ano Atl\u00e1ntico; galopando por la playa con un sereno atardecer de fondo. Esta es verdaderamente una experiencia \u00fanica en la vida. Si es un jinete novato, debe seguir todas las instrucciones dadas por el gu\u00eda. Se le ense\u00f1ar\u00e1 a montar el caballo con un grupo guiado colectivo. <\/span><\/p>\n<p class=\"tw-data-text tw-text-large tw-ta\" dir=\"ltr\" data-placeholder=\"Translation\"><span class=\"Y2IQFc\" lang=\"es\">Si es un jinete m\u00e1s experimentado; puede hacer lo que quiera. Las opciones de senderos tambi\u00e9n son ilimitadas. Si quiere ver el interior de la isla desde el cerro; puede explorar a trav\u00e9s de caminos ocultos bordeados de palmeras. Si quiere ver el atardecer m\u00e1s excepcional de todas las Bahamas; disfrute de un paseo al atardecer en la playa de Pink Sands en las Bahamas.<\/span><\/p>\n<p>[\/vc_column_text][\/vc_column][\/vc_row][vc_row css=\u00bb.vc_custom_1650996499970{padding-bottom: 50px !important;}\u00bb][vc_column]<style type=\"text\/css\" data-type=\"the7_shortcodes-inline-css\">.shortcode-single-image-wrap.shortcode-single-image-b213e9e43f688f85c99b1708bb7f4b4d.enable-bg-rollover .rollover i,\n.shortcode-single-image-wrap.shortcode-single-image-b213e9e43f688f85c99b1708bb7f4b4d.enable-bg-rollover .rollover-video i {\n  background: -webkit-linear-gradient();\n  background: linear-gradient();\n}\n.shortcode-single-image-wrap.shortcode-single-image-b213e9e43f688f85c99b1708bb7f4b4d .rollover-icon {\n  font-size: 32px;\n  color: #ffffff;\n  min-width: 44px;\n  min-height: 44px;\n  line-height: 44px;\n  border-radius: 100px;\n  border-style: solid;\n  border-width: 0px;\n}\n.dt-icon-bg-on.shortcode-single-image-wrap.shortcode-single-image-b213e9e43f688f85c99b1708bb7f4b4d .rollover-icon {\n  background: rgba(255,255,255,0.3);\n  box-shadow: none;\n}\n<\/style><div class=\"shortcode-single-image-wrap shortcode-single-image-b213e9e43f688f85c99b1708bb7f4b4d alignnone  enable-bg-rollover dt-icon-bg-off\" style=\"margin-top:0px; margin-bottom:0px; margin-left:0px; margin-right:0px; width:800px;\" data-pretty-share=\"facebook,twitter,pinterest,linkedin\"><div class=\"shortcode-single-image .imagen-post\"><div class=\"fancy-media-wrap  layzr-bg\" style=\"\"><img fetchpriority=\"high\" decoding=\"async\" class=\"preload-me lazy-load aspect\" src=\"data:image\/svg+xml,%3Csvg%20xmlns%3D&#39;http%3A%2F%2Fwww.w3.org%2F2000%2Fsvg&#39;%20viewBox%3D&#39;0%200%20800%20400&#39;%2F%3E\" data-src=\"https:\/\/officialeleutheraharbourisland.com\/wp-content\/uploads\/2022\/04\/horseback-3-800x400.jpeg\" data-srcset=\"https:\/\/officialeleutheraharbourisland.com\/wp-content\/uploads\/2022\/04\/horseback-3-800x400.jpeg 800w, https:\/\/officialeleutheraharbourisland.com\/wp-content\/uploads\/2022\/04\/horseback-3-1200x600.jpeg 1200w\" loading=\"eager\" sizes=\"(max-width: 800px) 100vw, 800px\" width=\"800\" height=\"400\"  data-dt-location=\"https:\/\/officialeleutheraharbourisland.com\/es\/horseback-3\/\" style=\"--ratio: 800 \/ 400;\" alt=\"Horseback Riding Harbour Island\" \/><\/div><\/div><\/div>[\/vc_column][\/vc_row][vc_row css=\u00bb.vc_custom_1650996515824{padding-bottom: 50px !important;}\u00bb][vc_column][vc_column_text]<\/p>\n<p id=\"tw-target-text\" class=\"tw-data-text tw-text-large tw-ta\" dir=\"ltr\" data-placeholder=\"Translation\"><span class=\"Y2IQFc\" lang=\"es\">B&#8217;s Horseback riding es una excelente opci\u00f3n para sus excursiones con amigos y familiares. No solo brindan toda la capacitaci\u00f3n que necesitar\u00e1; sino que tambi\u00e9n\u00a0 ofrecen clases privadas para principiantes. Contacto: 1 242-359-7759. <\/span><\/p>\n<p class=\"tw-data-text tw-text-large tw-ta\" dir=\"ltr\" data-placeholder=\"Translation\"><span class=\"Y2IQFc\" lang=\"es\">Montar a caballo en las Bahamas es una forma divertida e informal de presentarse al pa\u00eds.<\/span><\/p>\n<p>[\/vc_column_text][\/vc_column][\/vc_row]<\/p>\n<\/div>","protected":false},"excerpt":{"rendered":"<p>[vc_row css=\u00bb.vc_custom_1650996412893{padding-bottom: 50px !important;}\u00bb][vc_column][vc_column_text css=\u00bb.vc_custom_1689085235810{padding-top: 30px !important;}\u00bb] Montar a caballo en las Bahamas es realmente especial; y todos deber\u00edan visitarlo, \u00a1pru\u00e9belo al menos una vez! Montar un animal tan majestuoso no solo es divertido, \u00a1es espectacular! Imag\u00ednese montar a caballo con las olas rompientes del Oc\u00e9ano Atl\u00e1ntico; galopando por la playa con un sereno atardecer&hellip;<\/p>\n","protected":false},"author":1,"featured_media":64587,"parent":75480,"menu_order":0,"comment_status":"closed","ping_status":"closed","template":"","meta":{"footnotes":""},"categories":[],"tags":[1287],"class_list":["post-75970","page","type-page","status-publish","has-post-thumbnail","hentry","tag-land-sports-activities-harbour-island-es-2","description-off"],"yoast_head":"<!-- This site is optimized with the Yoast SEO Premium plugin v25.2 (Yoast SEO v27.3) - https:\/\/yoast.com\/product\/yoast-seo-premium-wordpress\/ -->\n<title>Cabalgatas en Harbour Island. Actividades deportivas en tierra.<\/title>\n<meta name=\"description\" content=\"Official Eleuthera Harbour Island su fuente para Harbour Island, comparte informaci\u00f3n sobre paseos a caballo. Deportes terrestres.\" \/>\n<meta name=\"robots\" content=\"index, follow, max-snippet:-1, max-image-preview:large, max-video-preview:-1\" \/>\n<link rel=\"canonical\" href=\"https:\/\/officialeleutheraharbourisland.com\/es\/harbour-island\/que-hacer\/actividades-deportivas\/actividades-deportivas-en-tierra\/cabalgatas\/\" \/>\n<meta property=\"og:locale\" content=\"es_ES\" \/>\n<meta property=\"og:type\" content=\"article\" \/>\n<meta property=\"og:title\" content=\"Cabalgatas\" \/>\n<meta property=\"og:description\" content=\"Official Eleuthera Harbour Island su fuente para Harbour Island, comparte informaci\u00f3n sobre paseos a caballo. Deportes terrestres.\" \/>\n<meta property=\"og:url\" content=\"https:\/\/officialeleutheraharbourisland.com\/es\/harbour-island\/que-hacer\/actividades-deportivas\/actividades-deportivas-en-tierra\/cabalgatas\/\" \/>\n<meta property=\"og:site_name\" content=\"Official Eleuthera Harbour Island\" \/>\n<meta property=\"article:modified_time\" content=\"2023-07-11T14:22:59+00:00\" \/>\n<meta property=\"og:image\" content=\"https:\/\/officialeleutheraharbourisland.com\/wp-content\/uploads\/2022\/04\/horseback-5-1.jpeg\" \/>\n\t<meta property=\"og:image:width\" content=\"930\" \/>\n\t<meta property=\"og:image:height\" content=\"620\" \/>\n\t<meta property=\"og:image:type\" content=\"image\/jpeg\" \/>\n<meta name=\"twitter:card\" content=\"summary_large_image\" \/>\n<meta name=\"twitter:label1\" content=\"Tiempo de lectura\" \/>\n\t<meta name=\"twitter:data1\" content=\"2 minutos\" \/>\n<script type=\"application\/ld+json\" class=\"yoast-schema-graph\">{\"@context\":\"https:\\\/\\\/schema.org\",\"@graph\":[{\"@type\":\"WebPage\",\"@id\":\"https:\\\/\\\/officialeleutheraharbourisland.com\\\/es\\\/harbour-island\\\/que-hacer\\\/actividades-deportivas\\\/actividades-deportivas-en-tierra\\\/cabalgatas\\\/\",\"url\":\"https:\\\/\\\/officialeleutheraharbourisland.com\\\/es\\\/harbour-island\\\/que-hacer\\\/actividades-deportivas\\\/actividades-deportivas-en-tierra\\\/cabalgatas\\\/\",\"name\":\"Cabalgatas en Harbour Island. Actividades deportivas en tierra.\",\"isPartOf\":{\"@id\":\"https:\\\/\\\/officialeleutheraharbourisland.com\\\/#website\"},\"primaryImageOfPage\":{\"@id\":\"https:\\\/\\\/officialeleutheraharbourisland.com\\\/es\\\/harbour-island\\\/que-hacer\\\/actividades-deportivas\\\/actividades-deportivas-en-tierra\\\/cabalgatas\\\/#primaryimage\"},\"image\":{\"@id\":\"https:\\\/\\\/officialeleutheraharbourisland.com\\\/es\\\/harbour-island\\\/que-hacer\\\/actividades-deportivas\\\/actividades-deportivas-en-tierra\\\/cabalgatas\\\/#primaryimage\"},\"thumbnailUrl\":\"https:\\\/\\\/officialeleutheraharbourisland.com\\\/wp-content\\\/uploads\\\/2022\\\/04\\\/horseback-5-1.jpeg\",\"datePublished\":\"2023-02-15T18:11:32+00:00\",\"dateModified\":\"2023-07-11T14:22:59+00:00\",\"description\":\"Official Eleuthera Harbour Island su fuente para Harbour Island, comparte informaci\u00f3n sobre paseos a caballo. Deportes terrestres.\",\"breadcrumb\":{\"@id\":\"https:\\\/\\\/officialeleutheraharbourisland.com\\\/es\\\/harbour-island\\\/que-hacer\\\/actividades-deportivas\\\/actividades-deportivas-en-tierra\\\/cabalgatas\\\/#breadcrumb\"},\"inLanguage\":\"es\",\"potentialAction\":[{\"@type\":\"ReadAction\",\"target\":[\"https:\\\/\\\/officialeleutheraharbourisland.com\\\/es\\\/harbour-island\\\/que-hacer\\\/actividades-deportivas\\\/actividades-deportivas-en-tierra\\\/cabalgatas\\\/\"]}]},{\"@type\":\"ImageObject\",\"inLanguage\":\"es\",\"@id\":\"https:\\\/\\\/officialeleutheraharbourisland.com\\\/es\\\/harbour-island\\\/que-hacer\\\/actividades-deportivas\\\/actividades-deportivas-en-tierra\\\/cabalgatas\\\/#primaryimage\",\"url\":\"https:\\\/\\\/officialeleutheraharbourisland.com\\\/wp-content\\\/uploads\\\/2022\\\/04\\\/horseback-5-1.jpeg\",\"contentUrl\":\"https:\\\/\\\/officialeleutheraharbourisland.com\\\/wp-content\\\/uploads\\\/2022\\\/04\\\/horseback-5-1.jpeg\",\"width\":930,\"height\":620},{\"@type\":\"BreadcrumbList\",\"@id\":\"https:\\\/\\\/officialeleutheraharbourisland.com\\\/es\\\/harbour-island\\\/que-hacer\\\/actividades-deportivas\\\/actividades-deportivas-en-tierra\\\/cabalgatas\\\/#breadcrumb\",\"itemListElement\":[{\"@type\":\"ListItem\",\"position\":1,\"name\":\"Home\",\"item\":\"https:\\\/\\\/officialeleutheraharbourisland.com\\\/es\\\/\"},{\"@type\":\"ListItem\",\"position\":2,\"name\":\"HARBOUR ISLAND\",\"item\":\"https:\\\/\\\/officialeleutheraharbourisland.com\\\/es\\\/harbour-island\\\/\"},{\"@type\":\"ListItem\",\"position\":3,\"name\":\"QU\u00c9 HACER\",\"item\":\"https:\\\/\\\/officialeleutheraharbourisland.com\\\/es\\\/harbour-island\\\/que-hacer\\\/\"},{\"@type\":\"ListItem\",\"position\":4,\"name\":\"ACTIVIDADES DEPORTIVAS\",\"item\":\"https:\\\/\\\/officialeleutheraharbourisland.com\\\/es\\\/actividades-deportivas\\\/\"},{\"@type\":\"ListItem\",\"position\":5,\"name\":\"Actividades deportivas en tierra\",\"item\":\"https:\\\/\\\/officialeleutheraharbourisland.com\\\/es\\\/harbour-island\\\/que-hacer\\\/actividades-deportivas\\\/actividades-deportivas-en-tierra\\\/\"},{\"@type\":\"ListItem\",\"position\":6,\"name\":\"Cabalgatas\"}]},{\"@type\":\"WebSite\",\"@id\":\"https:\\\/\\\/officialeleutheraharbourisland.com\\\/#website\",\"url\":\"https:\\\/\\\/officialeleutheraharbourisland.com\\\/\",\"name\":\"Official Eleuthera Harbour Island\",\"description\":\"Where Beauty &amp; Nature Meet\",\"publisher\":{\"@id\":\"https:\\\/\\\/officialeleutheraharbourisland.com\\\/#organization\"},\"potentialAction\":[{\"@type\":\"SearchAction\",\"target\":{\"@type\":\"EntryPoint\",\"urlTemplate\":\"https:\\\/\\\/officialeleutheraharbourisland.com\\\/?s={search_term_string}\"},\"query-input\":{\"@type\":\"PropertyValueSpecification\",\"valueRequired\":true,\"valueName\":\"search_term_string\"}}],\"inLanguage\":\"es\"},{\"@type\":\"Organization\",\"@id\":\"https:\\\/\\\/officialeleutheraharbourisland.com\\\/#organization\",\"name\":\"Official Eleuthera Harbour Island\",\"url\":\"https:\\\/\\\/officialeleutheraharbourisland.com\\\/\",\"logo\":{\"@type\":\"ImageObject\",\"inLanguage\":\"es\",\"@id\":\"https:\\\/\\\/officialeleutheraharbourisland.com\\\/#\\\/schema\\\/logo\\\/image\\\/\",\"url\":\"https:\\\/\\\/officialeleutheraharbourisland.com\\\/wp-content\\\/uploads\\\/2022\\\/03\\\/logo-new-GREY-275.png\",\"contentUrl\":\"https:\\\/\\\/officialeleutheraharbourisland.com\\\/wp-content\\\/uploads\\\/2022\\\/03\\\/logo-new-GREY-275.png\",\"width\":275,\"height\":22,\"caption\":\"Official Eleuthera Harbour Island\"},\"image\":{\"@id\":\"https:\\\/\\\/officialeleutheraharbourisland.com\\\/#\\\/schema\\\/logo\\\/image\\\/\"}}]}<\/script>\n<!-- \/ Yoast SEO Premium plugin. -->","yoast_head_json":{"title":"Cabalgatas en Harbour Island. Actividades deportivas en tierra.","description":"Official Eleuthera Harbour Island su fuente para Harbour Island, comparte informaci\u00f3n sobre paseos a caballo. Deportes terrestres.","robots":{"index":"index","follow":"follow","max-snippet":"max-snippet:-1","max-image-preview":"max-image-preview:large","max-video-preview":"max-video-preview:-1"},"canonical":"https:\/\/officialeleutheraharbourisland.com\/es\/harbour-island\/que-hacer\/actividades-deportivas\/actividades-deportivas-en-tierra\/cabalgatas\/","og_locale":"es_ES","og_type":"article","og_title":"Cabalgatas","og_description":"Official Eleuthera Harbour Island su fuente para Harbour Island, comparte informaci\u00f3n sobre paseos a caballo. Deportes terrestres.","og_url":"https:\/\/officialeleutheraharbourisland.com\/es\/harbour-island\/que-hacer\/actividades-deportivas\/actividades-deportivas-en-tierra\/cabalgatas\/","og_site_name":"Official Eleuthera Harbour Island","article_modified_time":"2023-07-11T14:22:59+00:00","og_image":[{"width":930,"height":620,"url":"https:\/\/officialeleutheraharbourisland.com\/wp-content\/uploads\/2022\/04\/horseback-5-1.jpeg","type":"image\/jpeg"}],"twitter_card":"summary_large_image","twitter_misc":{"Tiempo de lectura":"2 minutos"},"schema":{"@context":"https:\/\/schema.org","@graph":[{"@type":"WebPage","@id":"https:\/\/officialeleutheraharbourisland.com\/es\/harbour-island\/que-hacer\/actividades-deportivas\/actividades-deportivas-en-tierra\/cabalgatas\/","url":"https:\/\/officialeleutheraharbourisland.com\/es\/harbour-island\/que-hacer\/actividades-deportivas\/actividades-deportivas-en-tierra\/cabalgatas\/","name":"Cabalgatas en Harbour Island. Actividades deportivas en tierra.","isPartOf":{"@id":"https:\/\/officialeleutheraharbourisland.com\/#website"},"primaryImageOfPage":{"@id":"https:\/\/officialeleutheraharbourisland.com\/es\/harbour-island\/que-hacer\/actividades-deportivas\/actividades-deportivas-en-tierra\/cabalgatas\/#primaryimage"},"image":{"@id":"https:\/\/officialeleutheraharbourisland.com\/es\/harbour-island\/que-hacer\/actividades-deportivas\/actividades-deportivas-en-tierra\/cabalgatas\/#primaryimage"},"thumbnailUrl":"https:\/\/officialeleutheraharbourisland.com\/wp-content\/uploads\/2022\/04\/horseback-5-1.jpeg","datePublished":"2023-02-15T18:11:32+00:00","dateModified":"2023-07-11T14:22:59+00:00","description":"Official Eleuthera Harbour Island su fuente para Harbour Island, comparte informaci\u00f3n sobre paseos a caballo. Deportes terrestres.","breadcrumb":{"@id":"https:\/\/officialeleutheraharbourisland.com\/es\/harbour-island\/que-hacer\/actividades-deportivas\/actividades-deportivas-en-tierra\/cabalgatas\/#breadcrumb"},"inLanguage":"es","potentialAction":[{"@type":"ReadAction","target":["https:\/\/officialeleutheraharbourisland.com\/es\/harbour-island\/que-hacer\/actividades-deportivas\/actividades-deportivas-en-tierra\/cabalgatas\/"]}]},{"@type":"ImageObject","inLanguage":"es","@id":"https:\/\/officialeleutheraharbourisland.com\/es\/harbour-island\/que-hacer\/actividades-deportivas\/actividades-deportivas-en-tierra\/cabalgatas\/#primaryimage","url":"https:\/\/officialeleutheraharbourisland.com\/wp-content\/uploads\/2022\/04\/horseback-5-1.jpeg","contentUrl":"https:\/\/officialeleutheraharbourisland.com\/wp-content\/uploads\/2022\/04\/horseback-5-1.jpeg","width":930,"height":620},{"@type":"BreadcrumbList","@id":"https:\/\/officialeleutheraharbourisland.com\/es\/harbour-island\/que-hacer\/actividades-deportivas\/actividades-deportivas-en-tierra\/cabalgatas\/#breadcrumb","itemListElement":[{"@type":"ListItem","position":1,"name":"Home","item":"https:\/\/officialeleutheraharbourisland.com\/es\/"},{"@type":"ListItem","position":2,"name":"HARBOUR ISLAND","item":"https:\/\/officialeleutheraharbourisland.com\/es\/harbour-island\/"},{"@type":"ListItem","position":3,"name":"QU\u00c9 HACER","item":"https:\/\/officialeleutheraharbourisland.com\/es\/harbour-island\/que-hacer\/"},{"@type":"ListItem","position":4,"name":"ACTIVIDADES DEPORTIVAS","item":"https:\/\/officialeleutheraharbourisland.com\/es\/actividades-deportivas\/"},{"@type":"ListItem","position":5,"name":"Actividades deportivas en tierra","item":"https:\/\/officialeleutheraharbourisland.com\/es\/harbour-island\/que-hacer\/actividades-deportivas\/actividades-deportivas-en-tierra\/"},{"@type":"ListItem","position":6,"name":"Cabalgatas"}]},{"@type":"WebSite","@id":"https:\/\/officialeleutheraharbourisland.com\/#website","url":"https:\/\/officialeleutheraharbourisland.com\/","name":"Official Eleuthera Harbour Island","description":"Where Beauty &amp; Nature Meet","publisher":{"@id":"https:\/\/officialeleutheraharbourisland.com\/#organization"},"potentialAction":[{"@type":"SearchAction","target":{"@type":"EntryPoint","urlTemplate":"https:\/\/officialeleutheraharbourisland.com\/?s={search_term_string}"},"query-input":{"@type":"PropertyValueSpecification","valueRequired":true,"valueName":"search_term_string"}}],"inLanguage":"es"},{"@type":"Organization","@id":"https:\/\/officialeleutheraharbourisland.com\/#organization","name":"Official Eleuthera Harbour Island","url":"https:\/\/officialeleutheraharbourisland.com\/","logo":{"@type":"ImageObject","inLanguage":"es","@id":"https:\/\/officialeleutheraharbourisland.com\/#\/schema\/logo\/image\/","url":"https:\/\/officialeleutheraharbourisland.com\/wp-content\/uploads\/2022\/03\/logo-new-GREY-275.png","contentUrl":"https:\/\/officialeleutheraharbourisland.com\/wp-content\/uploads\/2022\/03\/logo-new-GREY-275.png","width":275,"height":22,"caption":"Official Eleuthera Harbour Island"},"image":{"@id":"https:\/\/officialeleutheraharbourisland.com\/#\/schema\/logo\/image\/"}}]}},"jetpack_sharing_enabled":true,"_links":{"self":[{"href":"https:\/\/officialeleutheraharbourisland.com\/es\/wp-json\/wp\/v2\/pages\/75970","targetHints":{"allow":["GET"]}}],"collection":[{"href":"https:\/\/officialeleutheraharbourisland.com\/es\/wp-json\/wp\/v2\/pages"}],"about":[{"href":"https:\/\/officialeleutheraharbourisland.com\/es\/wp-json\/wp\/v2\/types\/page"}],"author":[{"embeddable":true,"href":"https:\/\/officialeleutheraharbourisland.com\/es\/wp-json\/wp\/v2\/users\/1"}],"replies":[{"embeddable":true,"href":"https:\/\/officialeleutheraharbourisland.com\/es\/wp-json\/wp\/v2\/comments?post=75970"}],"version-history":[{"count":6,"href":"https:\/\/officialeleutheraharbourisland.com\/es\/wp-json\/wp\/v2\/pages\/75970\/revisions"}],"predecessor-version":[{"id":75990,"href":"https:\/\/officialeleutheraharbourisland.com\/es\/wp-json\/wp\/v2\/pages\/75970\/revisions\/75990"}],"up":[{"embeddable":true,"href":"https:\/\/officialeleutheraharbourisland.com\/es\/wp-json\/wp\/v2\/pages\/75480"}],"wp:featuredmedia":[{"embeddable":true,"href":"https:\/\/officialeleutheraharbourisland.com\/es\/wp-json\/wp\/v2\/media\/64587"}],"wp:attachment":[{"href":"https:\/\/officialeleutheraharbourisland.com\/es\/wp-json\/wp\/v2\/media?parent=75970"}],"wp:term":[{"taxonomy":"category","embeddable":true,"href":"https:\/\/officialeleutheraharbourisland.com\/es\/wp-json\/wp\/v2\/categories?post=75970"},{"taxonomy":"post_tag","embeddable":true,"href":"https:\/\/officialeleutheraharbourisland.com\/es\/wp-json\/wp\/v2\/tags?post=75970"}],"curies":[{"name":"wp","href":"https:\/\/api.w.org\/{rel}","templated":true}]}}