{"id":62811,"date":"2022-03-22T22:58:11","date_gmt":"2022-03-22T22:58:11","guid":{"rendered":"https:\/\/officialeleutheraharbourisland.com\/eleuthera\/"},"modified":"2022-06-21T13:55:20","modified_gmt":"2022-06-21T13:55:20","slug":"eleuthera","status":"publish","type":"page","link":"https:\/\/officialeleutheraharbourisland.com\/fr\/eleuthera\/","title":{"rendered":"ELEUTHERA"},"content":{"rendered":"<div class=\"wpb-content-wrapper\"><p>[vc_row css=\u00a0\u00bb.vc_custom_1648390252446{padding-bottom: 30px !important;}\u00a0\u00bb][vc_column]<div id=\"ultimate-heading-289869de375d30828\" class=\"uvc-heading ult-adjust-bottom-margin ultimate-heading-289869de375d30828 uvc-9756 \" data-hspacer=\"line_only\"  data-halign=\"center\" style=\"text-align:center\"><div class=\"uvc-main-heading ult-responsive\"  data-ultimate-target='.uvc-heading.ultimate-heading-289869de375d30828 h2'  data-responsive-json-new='{\"font-size\":\"\",\"line-height\":\"\"}' ><h2 style=\"font-weight:bold;margin-bottom:10px;\">D\u00e9couvrez l'\u00eele d'Eleuthera aux Bahamas<\/h2><\/div><div class=\"uvc-heading-spacer line_only\" style=\"margin-bottom:10px;height:3px;\"><span class=\"uvc-headings-line\" style=\"border-style:solid;border-bottom-width:3px;border-color:#7ac1ff;width:70px;\"><\/span><\/div><\/div>[vc_column_text]Official Eleuthera Harbour Island vous pr\u00e9sente l&rsquo;\u00eele d&rsquo;Eleuthera. R\u00e9compens\u00e9e comme l&rsquo;une des \u00ab\u00a0meilleures \u00eeles\u00a0\u00bb \u00ab\u00a0best islands in The World\u00a0\u00bb par Travel and Leisure, elle est connue pour ses magnifiques eaux turquoise et bleu profond. Vous apercevrez ce contraste saisissante depuis le Glass Window Bridge qui s\u00e9pare les eaux bleues de l&rsquo;oc\u00e9an Atlantique et la calme baie d&rsquo;Eleuthera.<\/p>\n<p>La plong\u00e9e sous-marine, la p\u00eache, la natation et les excursions en bateau sont quelques-unes des aventures que l&rsquo;\u00eele vous offre. Le mode de transport pr\u00e9f\u00e9r\u00e9 sur l&rsquo;\u00eele est la marche ou la voiture, qui peuvent \u00eatre facilement trouv\u00e9es.<\/p>\n<p><b>Destinations populaires sur l&rsquo;\u00eele d&rsquo;Eleuthera \u2013\u00a0 <\/b>Certaines des destinations populaires de l&rsquo;\u00eele sont Governor&rsquo;s Harbour, Gregory Town, Rock Sound et Spanish Wells. Nous vous recommandons de visiter Glass Window Bridge, Leon Levy Native Plant Preserve, Princess Cays, Ten Bay Beach, Rainbow Bay Beach, Queens Bath, Eleuthera Island Farm, The Preacher&rsquo;s Cave et Lighthouse Beach, qui est la pointe la plus au sud de l&rsquo;\u00eele.<\/p>\n<p><b>Locations de vacances, et Resorts &#8211;\u00a0 <\/b><span style=\"font-weight: 400;\">Eleuthera propose de nombreuses locations de vacances qui conviendront \u00e0 votre budget et \u00e0 vos pr\u00e9f\u00e9rences. La plupart des propri\u00e9t\u00e9s sont situ\u00e9es pr\u00e8s des c\u00f4tes et la plage est toujours \u00e0 proximit\u00e9. Les bars et restaurants ne sont \u00e9galement jamais bien loin.\u00a0<\/span><\/p>\n<p><b>Bars et restaurants &#8211;\u00a0 <\/b><span style=\"font-weight: 400;\">L&rsquo;\u00eele est connue pour ses sp\u00e9cialit\u00e9s de fruits de mer telles que les beignets de conque croustillants, la salade de conque, les langoustes, le m\u00e9rou et le vivaneau rouge accompagn\u00e9 de petits pois et de riz. Les macaronis au fromage cuits au four sont \u00e9galement un plat tres appr\u00e9ci\u00e9 aux Bahamas. Nous vous recommandons d&rsquo;essayer le Sky Juice et le punch au rhum pour accompagner votre nourriture. Pour une exp\u00e9rience vraiment locale, essayez certains des restaurants c\u00e9l\u00e8bres de l&rsquo;\u00eele, \u00e0 savoir le restaurant Tippy&rsquo;s \u00e0 Governor&rsquo;s Harbour, le restaurant et bar Northside Inn et l&rsquo;Anchor Bay Fish Fry.<\/span><\/p>\n<p><b>M\u00e9t\u00e9o &#8211;\u00a0 <\/b><span style=\"font-weight: 400;\">Les temp\u00e9ratures moyennes se situent entre 20 \u00b0 C et 26 \u00b0 C. Une petite brise fra\u00eeche bien agr\u00e9able vous accompagnera tout au long de la journ\u00e9e, et les pr\u00e9cipitations sont inf\u00e9rieures \u00e0100 mm. <\/span>[\/vc_column_text][\/vc_column][\/vc_row][vc_row full_width=\u00a0\u00bbstretch_row_content_no_spaces\u00a0\u00bb gap=\u00a0\u00bb35&Prime; equal_height=\u00a0\u00bbyes\u00a0\u00bb content_placement=\u00a0\u00bbmiddle\u00a0\u00bb][vc_column width=\u00a0\u00bb1\/4&Prime;][vc_raw_html]W2RyYXdhdHRlbnRpb25d[\/vc_raw_html][\/vc_column][vc_column width=\u00a0\u00bb1\/4&Prime;]<div class=\"ult-new-ib ult-ib-effect-style7  ult-ib-resp ult-ib2-min-height \" data-min-width=\"768\" data-max-width=\"900\" style=\"background:#000000; opacity:0; \" data-opacity=\"0.8\" data-hover-opacity=\"0.3\"  data-min-height=\"550\" ><img data-recalc-dims=\"1\" decoding=\"async\" class=\"ult-new-ib-img\" style=\"opacity:0.8;\" alt=\"null\" src=\"https:\/\/i0.wp.com\/officialeleutheraharbourisland.com\/wp-content\/uploads\/2022\/03\/spanish-wells-2.jpg?w=1200&#038;ssl=1\"  data-min-height=\"550\"   \/><div id=\"interactive-banner-wrap-2439\" class=\"ult-new-ib-desc\" style=\"\"><h2 class=\"ult-new-ib-title ult-responsive\"  data-ultimate-target='#interactive-banner-wrap-2439 .ult-new-ib-title'  data-responsive-json-new='{\"font-size\":\"desktop:25px;\",\"line-height\":\"\"}'  style=\"font-family:&#039;Roboto&#039;;font-weight:700;\">NORTH ELEUTHERA<\/h2><div class=\"ult-new-ib-content ult-responsive\"  data-ultimate-target='#interactive-banner-wrap-2439 .ult-new-ib-content'  data-responsive-json-new='{\"font-size\":\"\",\"line-height\":\"\"}'  style=\"font-weight:normal;\"><p>North Eleuthera est l'un des quartiers des Bahamas sur l'\u00eele d'Eleuthera. Le c\u00e9l\u00e8bre Glass Window se trouve \u00e0 North Eleuthera. Parmi les autres lieux incontournables nous pouvons citer la plage des surfeurs, Gaulding Cay et le Sapphire Blue Hole.<\/p><\/div><\/div><a class=\"ult-new-ib-link\" href=\"\/fr\/eleuthera\/north-eleuthera\" title=\"NORTH ELEUTHERA\"  ><\/a><\/div>[\/vc_column][vc_column width=\u00a0\u00bb1\/4&Prime;]<div class=\"ult-new-ib ult-ib-effect-style7  ult-ib-resp ult-ib2-min-height \" data-min-width=\"768\" data-max-width=\"900\" style=\"background:#000000; opacity:0; \" data-opacity=\"0.8\" data-hover-opacity=\"0.3\"  data-min-height=\"550\" ><img data-recalc-dims=\"1\" decoding=\"async\" class=\"ult-new-ib-img\" style=\"opacity:0.8;\" alt=\"null\" src=\"https:\/\/i0.wp.com\/officialeleutheraharbourisland.com\/wp-content\/uploads\/2022\/05\/eleuthera-2.jpg?w=1200&#038;ssl=1\"  data-min-height=\"550\"   \/><div id=\"interactive-banner-wrap-1108\" class=\"ult-new-ib-desc\" style=\"\"><h2 class=\"ult-new-ib-title ult-responsive\"  data-ultimate-target='#interactive-banner-wrap-1108 .ult-new-ib-title'  data-responsive-json-new='{\"font-size\":\"desktop:25px;\",\"line-height\":\"\"}'  style=\"font-family:&#039;Roboto&#039;;font-weight:700;\">CENTRAL ELEUTHERA<\/h2><div class=\"ult-new-ib-content ult-responsive\"  data-ultimate-target='#interactive-banner-wrap-1108 .ult-new-ib-content'  data-responsive-json-new='{\"font-size\":\"\",\"line-height\":\"\"}'  style=\"font-weight:normal;\"><p>Leon Levy Native Plant Preserve, un jardin botanique o\u00f9 l'on trouve des oiseaux, et la French Leave Beach, une plage de sable blanc, sont des lieux tr\u00e8s pris\u00e9s des touristes. Governor's Harbour et Savannah Sound sont les principales agglom\u00e9rations de Central Eleuthera.<\/p><\/div><\/div><a class=\"ult-new-ib-link\" href=\"\/fr\/eleuthera\/central-eleuthera\" title=\"CENTRAL ELEUTHERA\"  ><\/a><\/div>[\/vc_column][vc_column width=\u00a0\u00bb1\/4&Prime;]<div class=\"ult-new-ib ult-ib-effect-style7  ult-ib-resp ult-ib2-min-height \" data-min-width=\"768\" data-max-width=\"900\" style=\"background:#000000; opacity:0; \" data-opacity=\"0.8\" data-hover-opacity=\"0.3\"  data-min-height=\"550\" ><img data-recalc-dims=\"1\" decoding=\"async\" class=\"ult-new-ib-img\" style=\"opacity:0.8;\" alt=\"null\" src=\"https:\/\/i0.wp.com\/officialeleutheraharbourisland.com\/wp-content\/uploads\/2022\/03\/harbour-island-2.jpg?w=1200&#038;ssl=1\"  data-min-height=\"550\"   \/><div id=\"interactive-banner-wrap-4060\" class=\"ult-new-ib-desc\" style=\"\"><h2 class=\"ult-new-ib-title ult-responsive\"  data-ultimate-target='#interactive-banner-wrap-4060 .ult-new-ib-title'  data-responsive-json-new='{\"font-size\":\"desktop:25px;\",\"line-height\":\"\"}'  style=\"font-family:&#039;Roboto&#039;;font-weight:700;\">SOUTH ELEUTHERA<\/h2><div class=\"ult-new-ib-content ult-responsive\"  data-ultimate-target='#interactive-banner-wrap-4060 .ult-new-ib-content'  data-responsive-json-new='{\"font-size\":\"\",\"line-height\":\"\"}'  style=\"font-weight:normal;\"><p>Ocean Hole, c\u00e9l\u00e8bre dans le monde entier, la Cathedral Cave et la Lighthouse Beach sont quelques-uns des principaux sites \u00e0 visiter \u00e0 South Eleuthera. Selon les habitant, le sud est plus calme et moins fr\u00e9quent\u00e9 que North Eleuthera.<\/p><\/div><\/div><a class=\"ult-new-ib-link\" href=\"\/fr\/eleuthera\/south-eleuthera\" title=\"SOUTH ELEUTHERA\"  ><\/a><\/div>[\/vc_column][\/vc_row][vc_row css=\u00a0\u00bb.vc_custom_1650477781669{margin-top: 200px !important;}\u00a0\u00bb][vc_column][\/vc_column][\/vc_row][vc_row full_width=\u00a0\u00bbstretch_row\u00a0\u00bb][vc_column width=\u00a0\u00bb1\/2&Prime;][vc_raw_js]JTNDc2NyaXB0JTIwdHlwZSUzRCUyMnRleHQlMkZqYXZhc2NyaXB0JTIyJTNFJTBBdmFyJTIwYmFubmVyc25hY2tfZW1iZWQlMjAlM0QlMjAlN0IlMjJoYXNoJTIyJTNBJTIyYnRjOXczbDhjJTIyJTJDJTIyd2lkdGglMjIlM0E4MDAlMkMlMjJoZWlnaHQlMjIlM0EzMDAlMkMlMjJ0JTIyJTNBMTY1MDQ3MTMwNiUyQyUyMnVzZXJJZCUyMiUzQTE5MzkyNDM2JTJDJTIydHlwZSUyMiUzQSUyMmh0bWw1JTIyJTdEJTNCJTBBJTNDJTJGc2NyaXB0JTNFJTBBJTNDc2NyaXB0JTIwdHlwZSUzRCUyMnRleHQlMkZqYXZhc2NyaXB0JTIyJTIwc3JjJTNEJTIyJTJGJTJGY2RuLmJhbm5lcnNuYWNrLmNvbSUyRmlmcmFtZSUyRmVtYmVkLmpzJTIyJTNFJTNDJTJGc2NyaXB0JTNF[\/vc_raw_js][\/vc_column][vc_column width=\u00a0\u00bb1\/2&Prime;][vc_raw_js]JTNDc2NyaXB0JTIwdHlwZSUzRCUyMnRleHQlMkZqYXZhc2NyaXB0JTIyJTNFJTBBdmFyJTIwYmFubmVyc25hY2tfZW1iZWQlMjAlM0QlMjAlN0IlMjJoYXNoJTIyJTNBJTIyYjFtcTEyYjZsJTIyJTJDJTIyd2lkdGglMjIlM0E4MDAlMkMlMjJoZWlnaHQlMjIlM0EzMDAlMkMlMjJ0JTIyJTNBMTY1MDQ3Nzg3MSUyQyUyMnVzZXJJZCUyMiUzQTE5MzkyNDM2JTJDJTIydHlwZSUyMiUzQSUyMmh0bWw1JTIyJTdEJTNCJTBBJTNDJTJGc2NyaXB0JTNFJTBBJTNDc2NyaXB0JTIwdHlwZSUzRCUyMnRleHQlMkZqYXZhc2NyaXB0JTIyJTIwc3JjJTNEJTIyJTJGJTJGY2RuLmJhbm5lcnNuYWNrLmNvbSUyRmlmcmFtZSUyRmVtYmVkLmpzJTIyJTNFJTNDJTJGc2NyaXB0JTNF[\/vc_raw_js][\/vc_column][\/vc_row]<\/p>\n<\/div>","protected":false},"excerpt":{"rendered":"<p>[vc_row css=\u00a0\u00bb.vc_custom_1648390252446{padding-bottom: 30px !important;}\u00a0\u00bb][vc_column][vc_column_text]Official Eleuthera Harbour Island vous pr\u00e9sente l&rsquo;\u00eele d&rsquo;Eleuthera. R\u00e9compens\u00e9e comme l&rsquo;une des \u00ab\u00a0meilleures \u00eeles\u00a0\u00bb \u00ab\u00a0best islands in The World\u00a0\u00bb par Travel and Leisure, elle est connue pour ses magnifiques eaux turquoise et bleu profond. Vous apercevrez ce contraste saisissante depuis le Glass Window Bridge qui s\u00e9pare les eaux bleues de l&rsquo;oc\u00e9an Atlantique&hellip;<\/p>\n","protected":false},"author":3,"featured_media":0,"parent":0,"menu_order":0,"comment_status":"closed","ping_status":"closed","template":"","meta":{"footnotes":""},"categories":[],"tags":[],"class_list":["post-62811","page","type-page","status-publish","hentry","description-off"],"yoast_head":"<!-- This site is optimized with the Yoast SEO Premium plugin v25.2 (Yoast SEO v27.3) - https:\/\/yoast.com\/product\/yoast-seo-premium-wordpress\/ -->\n<title>ELEUTHERA | Official Eleuthera Harbour Island<\/title>\n<meta name=\"robots\" content=\"index, follow, max-snippet:-1, max-image-preview:large, max-video-preview:-1\" \/>\n<link rel=\"canonical\" href=\"https:\/\/officialeleutheraharbourisland.com\/fr\/eleuthera\/\" \/>\n<meta property=\"og:locale\" content=\"fr_FR\" \/>\n<meta property=\"og:type\" content=\"article\" \/>\n<meta property=\"og:title\" content=\"ELEUTHERA\" \/>\n<meta property=\"og:description\" content=\"[vc_row css=\u00a0\u00bb.vc_custom_1648390252446{padding-bottom: 30px !important;}\u00a0\u00bb][vc_column][vc_column_text]Official Eleuthera Harbour Island vous pr\u00e9sente l&rsquo;\u00eele d&rsquo;Eleuthera. R\u00e9compens\u00e9e comme l&rsquo;une des \u00ab\u00a0meilleures \u00eeles\u00a0\u00bb \u00ab\u00a0best islands in The World\u00a0\u00bb par Travel and Leisure, elle est connue pour ses magnifiques eaux turquoise et bleu profond. Vous apercevrez ce contraste saisissante depuis le Glass Window Bridge qui s\u00e9pare les eaux bleues de l&rsquo;oc\u00e9an Atlantique&hellip;\" \/>\n<meta property=\"og:url\" content=\"https:\/\/officialeleutheraharbourisland.com\/fr\/eleuthera\/\" \/>\n<meta property=\"og:site_name\" content=\"Official Eleuthera Harbour Island\" \/>\n<meta property=\"article:modified_time\" content=\"2022-06-21T13:55:20+00:00\" \/>\n<meta name=\"twitter:card\" content=\"summary_large_image\" \/>\n<meta name=\"twitter:label1\" content=\"Dur\u00e9e de lecture estim\u00e9e\" \/>\n\t<meta name=\"twitter:data1\" content=\"3 minutes\" \/>\n<script type=\"application\/ld+json\" class=\"yoast-schema-graph\">{\"@context\":\"https:\\\/\\\/schema.org\",\"@graph\":[{\"@type\":\"WebPage\",\"@id\":\"https:\\\/\\\/officialeleutheraharbourisland.com\\\/fr\\\/eleuthera\\\/\",\"url\":\"https:\\\/\\\/officialeleutheraharbourisland.com\\\/fr\\\/eleuthera\\\/\",\"name\":\"ELEUTHERA | Official Eleuthera Harbour Island\",\"isPartOf\":{\"@id\":\"https:\\\/\\\/officialeleutheraharbourisland.com\\\/#website\"},\"datePublished\":\"2022-03-22T22:58:11+00:00\",\"dateModified\":\"2022-06-21T13:55:20+00:00\",\"breadcrumb\":{\"@id\":\"https:\\\/\\\/officialeleutheraharbourisland.com\\\/fr\\\/eleuthera\\\/#breadcrumb\"},\"inLanguage\":\"fr-FR\",\"potentialAction\":[{\"@type\":\"ReadAction\",\"target\":[\"https:\\\/\\\/officialeleutheraharbourisland.com\\\/fr\\\/eleuthera\\\/\"]}]},{\"@type\":\"BreadcrumbList\",\"@id\":\"https:\\\/\\\/officialeleutheraharbourisland.com\\\/fr\\\/eleuthera\\\/#breadcrumb\",\"itemListElement\":[{\"@type\":\"ListItem\",\"position\":1,\"name\":\"Home\",\"item\":\"https:\\\/\\\/officialeleutheraharbourisland.com\\\/fr\\\/\"},{\"@type\":\"ListItem\",\"position\":2,\"name\":\"ELEUTHERA\"}]},{\"@type\":\"WebSite\",\"@id\":\"https:\\\/\\\/officialeleutheraharbourisland.com\\\/#website\",\"url\":\"https:\\\/\\\/officialeleutheraharbourisland.com\\\/\",\"name\":\"Official Eleuthera Harbour Island\",\"description\":\"Where Beauty &amp; Nature Meet\",\"publisher\":{\"@id\":\"https:\\\/\\\/officialeleutheraharbourisland.com\\\/#organization\"},\"potentialAction\":[{\"@type\":\"SearchAction\",\"target\":{\"@type\":\"EntryPoint\",\"urlTemplate\":\"https:\\\/\\\/officialeleutheraharbourisland.com\\\/?s={search_term_string}\"},\"query-input\":{\"@type\":\"PropertyValueSpecification\",\"valueRequired\":true,\"valueName\":\"search_term_string\"}}],\"inLanguage\":\"fr-FR\"},{\"@type\":\"Organization\",\"@id\":\"https:\\\/\\\/officialeleutheraharbourisland.com\\\/#organization\",\"name\":\"Official Eleuthera Harbour Island\",\"url\":\"https:\\\/\\\/officialeleutheraharbourisland.com\\\/\",\"logo\":{\"@type\":\"ImageObject\",\"inLanguage\":\"fr-FR\",\"@id\":\"https:\\\/\\\/officialeleutheraharbourisland.com\\\/#\\\/schema\\\/logo\\\/image\\\/\",\"url\":\"https:\\\/\\\/officialeleutheraharbourisland.com\\\/wp-content\\\/uploads\\\/2022\\\/03\\\/logo-new-GREY-275.png\",\"contentUrl\":\"https:\\\/\\\/officialeleutheraharbourisland.com\\\/wp-content\\\/uploads\\\/2022\\\/03\\\/logo-new-GREY-275.png\",\"width\":275,\"height\":22,\"caption\":\"Official Eleuthera Harbour Island\"},\"image\":{\"@id\":\"https:\\\/\\\/officialeleutheraharbourisland.com\\\/#\\\/schema\\\/logo\\\/image\\\/\"}}]}<\/script>\n<!-- \/ Yoast SEO Premium plugin. -->","yoast_head_json":{"title":"ELEUTHERA | Official Eleuthera Harbour Island","robots":{"index":"index","follow":"follow","max-snippet":"max-snippet:-1","max-image-preview":"max-image-preview:large","max-video-preview":"max-video-preview:-1"},"canonical":"https:\/\/officialeleutheraharbourisland.com\/fr\/eleuthera\/","og_locale":"fr_FR","og_type":"article","og_title":"ELEUTHERA","og_description":"[vc_row css=\u00a0\u00bb.vc_custom_1648390252446{padding-bottom: 30px !important;}\u00a0\u00bb][vc_column][vc_column_text]Official Eleuthera Harbour Island vous pr\u00e9sente l&rsquo;\u00eele d&rsquo;Eleuthera. R\u00e9compens\u00e9e comme l&rsquo;une des \u00ab\u00a0meilleures \u00eeles\u00a0\u00bb \u00ab\u00a0best islands in The World\u00a0\u00bb par Travel and Leisure, elle est connue pour ses magnifiques eaux turquoise et bleu profond. Vous apercevrez ce contraste saisissante depuis le Glass Window Bridge qui s\u00e9pare les eaux bleues de l&rsquo;oc\u00e9an Atlantique&hellip;","og_url":"https:\/\/officialeleutheraharbourisland.com\/fr\/eleuthera\/","og_site_name":"Official Eleuthera Harbour Island","article_modified_time":"2022-06-21T13:55:20+00:00","twitter_card":"summary_large_image","twitter_misc":{"Dur\u00e9e de lecture estim\u00e9e":"3 minutes"},"schema":{"@context":"https:\/\/schema.org","@graph":[{"@type":"WebPage","@id":"https:\/\/officialeleutheraharbourisland.com\/fr\/eleuthera\/","url":"https:\/\/officialeleutheraharbourisland.com\/fr\/eleuthera\/","name":"ELEUTHERA | Official Eleuthera Harbour Island","isPartOf":{"@id":"https:\/\/officialeleutheraharbourisland.com\/#website"},"datePublished":"2022-03-22T22:58:11+00:00","dateModified":"2022-06-21T13:55:20+00:00","breadcrumb":{"@id":"https:\/\/officialeleutheraharbourisland.com\/fr\/eleuthera\/#breadcrumb"},"inLanguage":"fr-FR","potentialAction":[{"@type":"ReadAction","target":["https:\/\/officialeleutheraharbourisland.com\/fr\/eleuthera\/"]}]},{"@type":"BreadcrumbList","@id":"https:\/\/officialeleutheraharbourisland.com\/fr\/eleuthera\/#breadcrumb","itemListElement":[{"@type":"ListItem","position":1,"name":"Home","item":"https:\/\/officialeleutheraharbourisland.com\/fr\/"},{"@type":"ListItem","position":2,"name":"ELEUTHERA"}]},{"@type":"WebSite","@id":"https:\/\/officialeleutheraharbourisland.com\/#website","url":"https:\/\/officialeleutheraharbourisland.com\/","name":"Official Eleuthera Harbour Island","description":"Where Beauty &amp; Nature Meet","publisher":{"@id":"https:\/\/officialeleutheraharbourisland.com\/#organization"},"potentialAction":[{"@type":"SearchAction","target":{"@type":"EntryPoint","urlTemplate":"https:\/\/officialeleutheraharbourisland.com\/?s={search_term_string}"},"query-input":{"@type":"PropertyValueSpecification","valueRequired":true,"valueName":"search_term_string"}}],"inLanguage":"fr-FR"},{"@type":"Organization","@id":"https:\/\/officialeleutheraharbourisland.com\/#organization","name":"Official Eleuthera Harbour Island","url":"https:\/\/officialeleutheraharbourisland.com\/","logo":{"@type":"ImageObject","inLanguage":"fr-FR","@id":"https:\/\/officialeleutheraharbourisland.com\/#\/schema\/logo\/image\/","url":"https:\/\/officialeleutheraharbourisland.com\/wp-content\/uploads\/2022\/03\/logo-new-GREY-275.png","contentUrl":"https:\/\/officialeleutheraharbourisland.com\/wp-content\/uploads\/2022\/03\/logo-new-GREY-275.png","width":275,"height":22,"caption":"Official Eleuthera Harbour Island"},"image":{"@id":"https:\/\/officialeleutheraharbourisland.com\/#\/schema\/logo\/image\/"}}]}},"jetpack_sharing_enabled":true,"_links":{"self":[{"href":"https:\/\/officialeleutheraharbourisland.com\/fr\/wp-json\/wp\/v2\/pages\/62811","targetHints":{"allow":["GET"]}}],"collection":[{"href":"https:\/\/officialeleutheraharbourisland.com\/fr\/wp-json\/wp\/v2\/pages"}],"about":[{"href":"https:\/\/officialeleutheraharbourisland.com\/fr\/wp-json\/wp\/v2\/types\/page"}],"author":[{"embeddable":true,"href":"https:\/\/officialeleutheraharbourisland.com\/fr\/wp-json\/wp\/v2\/users\/3"}],"replies":[{"embeddable":true,"href":"https:\/\/officialeleutheraharbourisland.com\/fr\/wp-json\/wp\/v2\/comments?post=62811"}],"version-history":[{"count":15,"href":"https:\/\/officialeleutheraharbourisland.com\/fr\/wp-json\/wp\/v2\/pages\/62811\/revisions"}],"predecessor-version":[{"id":65169,"href":"https:\/\/officialeleutheraharbourisland.com\/fr\/wp-json\/wp\/v2\/pages\/62811\/revisions\/65169"}],"wp:attachment":[{"href":"https:\/\/officialeleutheraharbourisland.com\/fr\/wp-json\/wp\/v2\/media?parent=62811"}],"wp:term":[{"taxonomy":"category","embeddable":true,"href":"https:\/\/officialeleutheraharbourisland.com\/fr\/wp-json\/wp\/v2\/categories?post=62811"},{"taxonomy":"post_tag","embeddable":true,"href":"https:\/\/officialeleutheraharbourisland.com\/fr\/wp-json\/wp\/v2\/tags?post=62811"}],"curies":[{"name":"wp","href":"https:\/\/api.w.org\/{rel}","templated":true}]}}