{"id":62828,"date":"2022-03-27T16:01:10","date_gmt":"2022-03-27T16:01:10","guid":{"rendered":"https:\/\/officialeleutheraharbourisland.com\/about-bahamas\/"},"modified":"2022-06-21T13:37:06","modified_gmt":"2022-06-21T13:37:06","slug":"a-propos-des-bahamas","status":"publish","type":"page","link":"https:\/\/officialeleutheraharbourisland.com\/fr\/a-propos-des-bahamas\/","title":{"rendered":"A PROPOS DES BAHAMAS"},"content":{"rendered":"<div class=\"wpb-content-wrapper\"><p>[vc_row css=\u00a0\u00bb.vc_custom_1648471521500{padding-bottom: 50px !important;}\u00a0\u00bb][vc_column]<div id=\"ultimate-heading-280969e28c155f1fc\" class=\"uvc-heading ult-adjust-bottom-margin ultimate-heading-280969e28c155f1fc uvc-3561 \" data-hspacer=\"no_spacer\"  data-halign=\"center\" style=\"text-align:center\"><div class=\"uvc-heading-spacer no_spacer\" style=\"top\"><\/div><div class=\"uvc-main-heading ult-responsive\"  data-ultimate-target='.uvc-heading.ultimate-heading-280969e28c155f1fc h2'  data-responsive-json-new='{\"font-size\":\"\",\"line-height\":\"\"}' ><h2 style=\"font-weight:700;margin-bottom:10px;\">A PROPOS DES BAHAMAS<\/h2><\/div><\/div><div class=\"hr-thin style-line accent-border-color\" style=\"width: 100px;border-top-width: 3px;\"><\/div>[vc_column_text css=\u00a0\u00bb.vc_custom_1655818230531{padding-top: 30px !important;}\u00a0\u00bb]<span style=\"font-weight: 400;\">Les Bahamas sont un paradis qui attire des touristes du monde entier. C&rsquo;est un archipel de 700 \u00eeles avec une position strat\u00e9gique sur toute la r\u00e9gion d&rsquo;Am\u00e9rique centrale, le golfe du Mexique et la mer des Cara\u00efbes. La culture et la population des Bahamas sont un m\u00e9lange d&rsquo;h\u00e9ritages europ\u00e9ens et africains. Les gens sont sympathiques et hospitaliers. Comme les \u00eeles manquent de ressources naturelles, les r\u00e9sidents d\u00e9pendent fortement du tourisme et des investissements \u00e9trangers. Les Bahamas sont c\u00e9l\u00e8bres pour leurs arts, et leur folklore D&rsquo;autres aspects culturels sont la peinture, la sculpture, la photographie et l&rsquo;artisanat. L&rsquo;une des plus grandes attractions des Bahamas est le climat, avec une temp\u00e9rature moyenne comprise entre 22 \u00b0 C en hiver et 27 \u00b0 C en \u00e9t\u00e9. En 2019, 7,25 millions de touristes ont visit\u00e9 les Bahamas.<\/span>[\/vc_column_text][\/vc_column][\/vc_row][vc_row css=\u00a0\u00bb.vc_custom_1648471536391{padding-bottom: 50px !important;}\u00a0\u00bb][vc_column]<style type=\"text\/css\" data-type=\"the7_shortcodes-inline-css\">.shortcode-single-image-wrap.shortcode-single-image-52a6b598302287e396b8d7be0e6a2f82.enable-bg-rollover .rollover i,\n.shortcode-single-image-wrap.shortcode-single-image-52a6b598302287e396b8d7be0e6a2f82.enable-bg-rollover .rollover-video i {\n  background: -webkit-linear-gradient();\n  background: linear-gradient();\n}\n.shortcode-single-image-wrap.shortcode-single-image-52a6b598302287e396b8d7be0e6a2f82 .rollover-icon {\n  font-size: 32px;\n  color: #ffffff;\n  min-width: 44px;\n  min-height: 44px;\n  line-height: 44px;\n  border-radius: 100px;\n  border-style: solid;\n  border-width: 0px;\n}\n.dt-icon-bg-on.shortcode-single-image-wrap.shortcode-single-image-52a6b598302287e396b8d7be0e6a2f82 .rollover-icon {\n  background: rgba(255,255,255,0.3);\n  box-shadow: none;\n}\n<\/style><div class=\"shortcode-single-image-wrap shortcode-single-image-52a6b598302287e396b8d7be0e6a2f82 alignnone  enable-bg-rollover dt-icon-bg-off\" style=\"margin-top:0px; margin-bottom:0px; margin-left:0px; margin-right:0px;\" data-pretty-share=\"facebook,twitter,pinterest,linkedin\"><div class=\"shortcode-single-image\"><div class=\"fancy-media-wrap  layzr-bg\" style=\"\"><img fetchpriority=\"high\" decoding=\"async\" class=\"preload-me lazy-load aspect\" src=\"data:image\/svg+xml,%3Csvg%20xmlns%3D&#39;http%3A%2F%2Fwww.w3.org%2F2000%2Fsvg&#39;%20viewBox%3D&#39;0%200%201920%20630&#39;%2F%3E\" data-src=\"https:\/\/officialeleutheraharbourisland.com\/wp-content\/uploads\/2022\/03\/photo-ej.jpg\" data-srcset=\"https:\/\/officialeleutheraharbourisland.com\/wp-content\/uploads\/2022\/03\/photo-ej.jpg 1920w\" loading=\"eager\" sizes=\"(max-width: 1200px) 100vw, 1200px\" width=\"1920\" height=\"630\"  data-dt-location=\"https:\/\/officialeleutheraharbourisland.com\/fr\/about-bahamas\/attachment\/photo-ej\/\" style=\"--ratio: 1920 \/ 630;\" alt=\"\" \/><\/div><\/div><\/div>[\/vc_column][\/vc_row][vc_row css=\u00a0\u00bb.vc_custom_1648470795845{padding-bottom: 50px !important;}\u00a0\u00bb][vc_column][vc_column_text]<b>Nourriture<\/b><\/p>\n<p><span style=\"font-weight: 400;\">Chaque ann\u00e9e, les touristes qui visitent les Bahamas ne peuvent s&#8217;emp\u00eacher de s&rsquo;extasier sur la nourriture. La cuisine des Bahamas est un m\u00e9lange de fruits de mer \u00e9pic\u00e9s des Cara\u00efbes et de style sud-am\u00e9ricain. Le plat national est le riz, les pois, le macaroni au fromage, la salade de conque fra\u00eeche, l la salade de pommes de terre, le poisson cuit \u00e0 la vapeur, le homard fumant et le poulet frit. Certains des aliments incontournables sont le crabe cuit au four, la langouste, la\u00a0 cracked conch et le rago\u00fbt de poisson des Bahamas. La p\u00e2te de goyave, un m\u00e9lange bouilli de fruits et de p\u00e2te servi avec une sauce au beurre, est un dessert populaire.<\/span><\/p>\n<p>&nbsp;<\/p>\n<p><b>Faits remarquables<\/b><\/p>\n<p><span style=\"font-weight: 400;\">Certains des faits remarquables sur les Bahamas sont :<\/span><\/p>\n<p>&#8211; Nassau poss\u00e8de la troisi\u00e8me plus grande cave \u00e0 vin au monde, ce qui en fait une destination\u00a0 incontournable pour les amateurs de vin.<\/p>\n<p>&#8211; Les Bahamas sont une destination populaire pour les plongeurs avec bouteilles ou tubas car ils poss\u00e8dent la troisi\u00e8me plus grande barri\u00e8re de corail au monde.<\/p>\n<p>&#8211; Vous pourrez vous initier \u00e0 la p\u00eache au gros et au Bonefishing encadr\u00e9s par des professionnels dipl\u00f4m\u00e9s.<\/p>\n<p>&#8211; Le festival Junkanoo est l&rsquo;un des carnavals les plus c\u00e9l\u00e8bres des Cara\u00efbes. Vous pouvez assister \u00e0 la c\u00e9l\u00e9bration le lendemain de No\u00ebl, \u00e9galement connue sous le nom de Boxing Day.<\/p>\n<p>&#8211; Le film de James Bond, Casino Royale, a \u00e9t\u00e9 tourn\u00e9 \u00e0 Nassau, aux Bahamas.<\/p>\n<p>&#8211; Le Glass Window Bridge, l&rsquo;une des v\u00e9ritables merveilles de la nature, est l&rsquo;un des rares endroits sur terre o\u00f9 vous pouvez admirer les riches eaux bleues de l&rsquo;oc\u00e9an Atlantique et la baie d&rsquo;Eleuthera, qui est s\u00e9par\u00e9e par une bande rocheuse.<\/p>\n<p>&#8211; Le mondialement c\u00e9l\u00e8bre Ocean Hole \u00e0 Eleuthera est un grand gouffre marin d&rsquo;une profondeur deplus de 30 m.[\/vc_column_text][\/vc_column][\/vc_row][vc_row][vc_column]<style type=\"text\/css\" data-type=\"the7_shortcodes-inline-css\">.shortcode-single-image-wrap.shortcode-single-image-1bab62fe07ae625acfa11dd1376b1a11.enable-bg-rollover .rollover i,\n.shortcode-single-image-wrap.shortcode-single-image-1bab62fe07ae625acfa11dd1376b1a11.enable-bg-rollover .rollover-video i {\n  background: -webkit-linear-gradient();\n  background: linear-gradient();\n}\n.shortcode-single-image-wrap.shortcode-single-image-1bab62fe07ae625acfa11dd1376b1a11 .rollover-icon {\n  font-size: 32px;\n  color: #ffffff;\n  min-width: 44px;\n  min-height: 44px;\n  line-height: 44px;\n  border-radius: 100px;\n  border-style: solid;\n  border-width: 0px;\n}\n.dt-icon-bg-on.shortcode-single-image-wrap.shortcode-single-image-1bab62fe07ae625acfa11dd1376b1a11 .rollover-icon {\n  background: rgba(255,255,255,0.3);\n  box-shadow: none;\n}\n<\/style><div class=\"shortcode-single-image-wrap shortcode-single-image-1bab62fe07ae625acfa11dd1376b1a11 alignnone  enable-bg-rollover dt-icon-bg-off\" style=\"margin-top:0px; margin-bottom:0px; margin-left:0px; margin-right:0px; width:1200px;\" data-pretty-share=\"facebook,twitter,pinterest,linkedin\"><div class=\"shortcode-single-image\"><div class=\"fancy-media-wrap  layzr-bg\" style=\"\"><img decoding=\"async\" class=\"preload-me lazy-load aspect\" src=\"data:image\/svg+xml,%3Csvg%20xmlns%3D&#39;http%3A%2F%2Fwww.w3.org%2F2000%2Fsvg&#39;%20viewBox%3D&#39;0%200%201200%20150&#39;%2F%3E\" data-src=\"https:\/\/officialeleutheraharbourisland.com\/wp-content\/uploads\/2022\/03\/banner.jpg\" data-srcset=\"https:\/\/officialeleutheraharbourisland.com\/wp-content\/uploads\/2022\/03\/banner.jpg 1200w\" loading=\"eager\" sizes=\"(max-width: 1200px) 100vw, 1200px\" width=\"1200\" height=\"150\"  data-dt-location=\"https:\/\/officialeleutheraharbourisland.com\/fr\/about-bahamas\/attachment\/banner\/\" style=\"--ratio: 1200 \/ 150;\" alt=\"\" \/><\/div><\/div><\/div>[\/vc_column][\/vc_row]<\/p>\n<\/div>","protected":false},"excerpt":{"rendered":"<p>[vc_row css=\u00a0\u00bb.vc_custom_1648471521500{padding-bottom: 50px !important;}\u00a0\u00bb][vc_column][vc_column_text css=\u00a0\u00bb.vc_custom_1655818230531{padding-top: 30px !important;}\u00a0\u00bb]Les Bahamas sont un paradis qui attire des touristes du monde entier. C&rsquo;est un archipel de 700 \u00eeles avec une position strat\u00e9gique sur toute la r\u00e9gion d&rsquo;Am\u00e9rique centrale, le golfe du Mexique et la mer des Cara\u00efbes. La culture et la population des Bahamas sont un m\u00e9lange d&rsquo;h\u00e9ritages europ\u00e9ens&hellip;<\/p>\n","protected":false},"author":4,"featured_media":0,"parent":0,"menu_order":0,"comment_status":"closed","ping_status":"closed","template":"","meta":{"footnotes":""},"categories":[],"tags":[],"class_list":["post-62828","page","type-page","status-publish","hentry","description-off"],"yoast_head":"<!-- This site is optimized with the Yoast SEO Premium plugin v25.2 (Yoast SEO v27.4) - https:\/\/yoast.com\/product\/yoast-seo-premium-wordpress\/ -->\n<title>A PROPOS DES BAHAMAS | Official Eleuthera Harbour Island<\/title>\n<meta name=\"robots\" content=\"index, follow, max-snippet:-1, max-image-preview:large, max-video-preview:-1\" \/>\n<link rel=\"canonical\" href=\"https:\/\/officialeleutheraharbourisland.com\/fr\/a-propos-des-bahamas\/\" \/>\n<meta property=\"og:locale\" content=\"fr_FR\" \/>\n<meta property=\"og:type\" content=\"article\" \/>\n<meta property=\"og:title\" content=\"A PROPOS DES BAHAMAS\" \/>\n<meta property=\"og:description\" content=\"[vc_row css=\u00a0\u00bb.vc_custom_1648471521500{padding-bottom: 50px !important;}\u00a0\u00bb][vc_column][vc_column_text css=\u00a0\u00bb.vc_custom_1655818230531{padding-top: 30px !important;}\u00a0\u00bb]Les Bahamas sont un paradis qui attire des touristes du monde entier. C&rsquo;est un archipel de 700 \u00eeles avec une position strat\u00e9gique sur toute la r\u00e9gion d&rsquo;Am\u00e9rique centrale, le golfe du Mexique et la mer des Cara\u00efbes. La culture et la population des Bahamas sont un m\u00e9lange d&rsquo;h\u00e9ritages europ\u00e9ens&hellip;\" \/>\n<meta property=\"og:url\" content=\"https:\/\/officialeleutheraharbourisland.com\/fr\/a-propos-des-bahamas\/\" \/>\n<meta property=\"og:site_name\" content=\"Official Eleuthera Harbour Island\" \/>\n<meta property=\"article:modified_time\" content=\"2022-06-21T13:37:06+00:00\" \/>\n<meta name=\"twitter:card\" content=\"summary_large_image\" \/>\n<meta name=\"twitter:label1\" content=\"Dur\u00e9e de lecture estim\u00e9e\" \/>\n\t<meta name=\"twitter:data1\" content=\"3 minutes\" \/>\n<script type=\"application\/ld+json\" class=\"yoast-schema-graph\">{\"@context\":\"https:\\\/\\\/schema.org\",\"@graph\":[{\"@type\":\"WebPage\",\"@id\":\"https:\\\/\\\/officialeleutheraharbourisland.com\\\/fr\\\/a-propos-des-bahamas\\\/\",\"url\":\"https:\\\/\\\/officialeleutheraharbourisland.com\\\/fr\\\/a-propos-des-bahamas\\\/\",\"name\":\"A PROPOS DES BAHAMAS | Official Eleuthera Harbour Island\",\"isPartOf\":{\"@id\":\"https:\\\/\\\/officialeleutheraharbourisland.com\\\/#website\"},\"datePublished\":\"2022-03-27T16:01:10+00:00\",\"dateModified\":\"2022-06-21T13:37:06+00:00\",\"breadcrumb\":{\"@id\":\"https:\\\/\\\/officialeleutheraharbourisland.com\\\/fr\\\/a-propos-des-bahamas\\\/#breadcrumb\"},\"inLanguage\":\"fr-FR\",\"potentialAction\":[{\"@type\":\"ReadAction\",\"target\":[\"https:\\\/\\\/officialeleutheraharbourisland.com\\\/fr\\\/a-propos-des-bahamas\\\/\"]}]},{\"@type\":\"BreadcrumbList\",\"@id\":\"https:\\\/\\\/officialeleutheraharbourisland.com\\\/fr\\\/a-propos-des-bahamas\\\/#breadcrumb\",\"itemListElement\":[{\"@type\":\"ListItem\",\"position\":1,\"name\":\"Home\",\"item\":\"https:\\\/\\\/officialeleutheraharbourisland.com\\\/fr\\\/\"},{\"@type\":\"ListItem\",\"position\":2,\"name\":\"A PROPOS DES BAHAMAS\"}]},{\"@type\":\"WebSite\",\"@id\":\"https:\\\/\\\/officialeleutheraharbourisland.com\\\/#website\",\"url\":\"https:\\\/\\\/officialeleutheraharbourisland.com\\\/\",\"name\":\"Official Eleuthera Harbour Island\",\"description\":\"Where Beauty &amp; Nature Meet\",\"publisher\":{\"@id\":\"https:\\\/\\\/officialeleutheraharbourisland.com\\\/#organization\"},\"potentialAction\":[{\"@type\":\"SearchAction\",\"target\":{\"@type\":\"EntryPoint\",\"urlTemplate\":\"https:\\\/\\\/officialeleutheraharbourisland.com\\\/?s={search_term_string}\"},\"query-input\":{\"@type\":\"PropertyValueSpecification\",\"valueRequired\":true,\"valueName\":\"search_term_string\"}}],\"inLanguage\":\"fr-FR\"},{\"@type\":\"Organization\",\"@id\":\"https:\\\/\\\/officialeleutheraharbourisland.com\\\/#organization\",\"name\":\"Official Eleuthera Harbour Island\",\"url\":\"https:\\\/\\\/officialeleutheraharbourisland.com\\\/\",\"logo\":{\"@type\":\"ImageObject\",\"inLanguage\":\"fr-FR\",\"@id\":\"https:\\\/\\\/officialeleutheraharbourisland.com\\\/#\\\/schema\\\/logo\\\/image\\\/\",\"url\":\"https:\\\/\\\/officialeleutheraharbourisland.com\\\/wp-content\\\/uploads\\\/2022\\\/03\\\/logo-new-GREY-275.png\",\"contentUrl\":\"https:\\\/\\\/officialeleutheraharbourisland.com\\\/wp-content\\\/uploads\\\/2022\\\/03\\\/logo-new-GREY-275.png\",\"width\":275,\"height\":22,\"caption\":\"Official Eleuthera Harbour Island\"},\"image\":{\"@id\":\"https:\\\/\\\/officialeleutheraharbourisland.com\\\/#\\\/schema\\\/logo\\\/image\\\/\"}}]}<\/script>\n<!-- \/ Yoast SEO Premium plugin. -->","yoast_head_json":{"title":"A PROPOS DES BAHAMAS | Official Eleuthera Harbour Island","robots":{"index":"index","follow":"follow","max-snippet":"max-snippet:-1","max-image-preview":"max-image-preview:large","max-video-preview":"max-video-preview:-1"},"canonical":"https:\/\/officialeleutheraharbourisland.com\/fr\/a-propos-des-bahamas\/","og_locale":"fr_FR","og_type":"article","og_title":"A PROPOS DES BAHAMAS","og_description":"[vc_row css=\u00a0\u00bb.vc_custom_1648471521500{padding-bottom: 50px !important;}\u00a0\u00bb][vc_column][vc_column_text css=\u00a0\u00bb.vc_custom_1655818230531{padding-top: 30px !important;}\u00a0\u00bb]Les Bahamas sont un paradis qui attire des touristes du monde entier. C&rsquo;est un archipel de 700 \u00eeles avec une position strat\u00e9gique sur toute la r\u00e9gion d&rsquo;Am\u00e9rique centrale, le golfe du Mexique et la mer des Cara\u00efbes. La culture et la population des Bahamas sont un m\u00e9lange d&rsquo;h\u00e9ritages europ\u00e9ens&hellip;","og_url":"https:\/\/officialeleutheraharbourisland.com\/fr\/a-propos-des-bahamas\/","og_site_name":"Official Eleuthera Harbour Island","article_modified_time":"2022-06-21T13:37:06+00:00","twitter_card":"summary_large_image","twitter_misc":{"Dur\u00e9e de lecture estim\u00e9e":"3 minutes"},"schema":{"@context":"https:\/\/schema.org","@graph":[{"@type":"WebPage","@id":"https:\/\/officialeleutheraharbourisland.com\/fr\/a-propos-des-bahamas\/","url":"https:\/\/officialeleutheraharbourisland.com\/fr\/a-propos-des-bahamas\/","name":"A PROPOS DES BAHAMAS | Official Eleuthera Harbour Island","isPartOf":{"@id":"https:\/\/officialeleutheraharbourisland.com\/#website"},"datePublished":"2022-03-27T16:01:10+00:00","dateModified":"2022-06-21T13:37:06+00:00","breadcrumb":{"@id":"https:\/\/officialeleutheraharbourisland.com\/fr\/a-propos-des-bahamas\/#breadcrumb"},"inLanguage":"fr-FR","potentialAction":[{"@type":"ReadAction","target":["https:\/\/officialeleutheraharbourisland.com\/fr\/a-propos-des-bahamas\/"]}]},{"@type":"BreadcrumbList","@id":"https:\/\/officialeleutheraharbourisland.com\/fr\/a-propos-des-bahamas\/#breadcrumb","itemListElement":[{"@type":"ListItem","position":1,"name":"Home","item":"https:\/\/officialeleutheraharbourisland.com\/fr\/"},{"@type":"ListItem","position":2,"name":"A PROPOS DES BAHAMAS"}]},{"@type":"WebSite","@id":"https:\/\/officialeleutheraharbourisland.com\/#website","url":"https:\/\/officialeleutheraharbourisland.com\/","name":"Official Eleuthera Harbour Island","description":"Where Beauty &amp; Nature Meet","publisher":{"@id":"https:\/\/officialeleutheraharbourisland.com\/#organization"},"potentialAction":[{"@type":"SearchAction","target":{"@type":"EntryPoint","urlTemplate":"https:\/\/officialeleutheraharbourisland.com\/?s={search_term_string}"},"query-input":{"@type":"PropertyValueSpecification","valueRequired":true,"valueName":"search_term_string"}}],"inLanguage":"fr-FR"},{"@type":"Organization","@id":"https:\/\/officialeleutheraharbourisland.com\/#organization","name":"Official Eleuthera Harbour Island","url":"https:\/\/officialeleutheraharbourisland.com\/","logo":{"@type":"ImageObject","inLanguage":"fr-FR","@id":"https:\/\/officialeleutheraharbourisland.com\/#\/schema\/logo\/image\/","url":"https:\/\/officialeleutheraharbourisland.com\/wp-content\/uploads\/2022\/03\/logo-new-GREY-275.png","contentUrl":"https:\/\/officialeleutheraharbourisland.com\/wp-content\/uploads\/2022\/03\/logo-new-GREY-275.png","width":275,"height":22,"caption":"Official Eleuthera Harbour Island"},"image":{"@id":"https:\/\/officialeleutheraharbourisland.com\/#\/schema\/logo\/image\/"}}]}},"jetpack_sharing_enabled":true,"_links":{"self":[{"href":"https:\/\/officialeleutheraharbourisland.com\/fr\/wp-json\/wp\/v2\/pages\/62828","targetHints":{"allow":["GET"]}}],"collection":[{"href":"https:\/\/officialeleutheraharbourisland.com\/fr\/wp-json\/wp\/v2\/pages"}],"about":[{"href":"https:\/\/officialeleutheraharbourisland.com\/fr\/wp-json\/wp\/v2\/types\/page"}],"author":[{"embeddable":true,"href":"https:\/\/officialeleutheraharbourisland.com\/fr\/wp-json\/wp\/v2\/users\/4"}],"replies":[{"embeddable":true,"href":"https:\/\/officialeleutheraharbourisland.com\/fr\/wp-json\/wp\/v2\/comments?post=62828"}],"version-history":[{"count":3,"href":"https:\/\/officialeleutheraharbourisland.com\/fr\/wp-json\/wp\/v2\/pages\/62828\/revisions"}],"predecessor-version":[{"id":65144,"href":"https:\/\/officialeleutheraharbourisland.com\/fr\/wp-json\/wp\/v2\/pages\/62828\/revisions\/65144"}],"wp:attachment":[{"href":"https:\/\/officialeleutheraharbourisland.com\/fr\/wp-json\/wp\/v2\/media?parent=62828"}],"wp:term":[{"taxonomy":"category","embeddable":true,"href":"https:\/\/officialeleutheraharbourisland.com\/fr\/wp-json\/wp\/v2\/categories?post=62828"},{"taxonomy":"post_tag","embeddable":true,"href":"https:\/\/officialeleutheraharbourisland.com\/fr\/wp-json\/wp\/v2\/tags?post=62828"}],"curies":[{"name":"wp","href":"https:\/\/api.w.org\/{rel}","templated":true}]}}