{"id":62845,"date":"2022-03-23T15:25:12","date_gmt":"2022-03-23T15:25:12","guid":{"rendered":"https:\/\/officialeleutheraharbourisland.com\/eleuthera\/north-eleuthera\/about-2\/"},"modified":"2022-06-19T15:36:25","modified_gmt":"2022-06-19T15:36:25","slug":"presentation","status":"publish","type":"page","link":"https:\/\/officialeleutheraharbourisland.com\/fr\/eleuthera\/north-eleuthera\/presentation\/","title":{"rendered":"PRESENTATION NORTH ELEUTHERA"},"content":{"rendered":"<div class=\"wpb-content-wrapper\"><p>[vc_row][vc_column][vc_column_text]<span style=\"font-weight: 400;\">Official Eleuthera Harbour Island vous pr\u00e9sente le Nord de l\u2019Ile d\u2019Eleuthera (North Eleuthera).<\/span><\/p>\n<p><span style=\"font-weight: 400;\">North Eleuthera ainsi que ses villes de Bluff, Lower Bogue, Upper Bogue et Current constituent l\u2019un des districts des Bahamas.\u00a0<\/span><span style=\"font-weight: 400;\">North Eleuthera est certainement\u00a0 un coin de paradis offrant un cadre naturel \u00e0 vous couper le souffle avec des plages d\u2019une beaut\u00e9 \u00e9poustouflante ! C\u2019est une destination de r\u00eaves pour qui recherche \u00e0 la fois le calme , la\u00a0 d\u00e9tente ou la douceur de vivre propres aux Bahamas.<\/span><\/p>\n<p><span style=\"font-weight: 400;\">Mais pas uniquement\u2026<\/span><\/p>\n<p><span style=\"font-weight: 400;\">Vous trouverez en effet \u00e0 North Eleuthera une multitude d\u2019activit\u00e9s \u00e0 pratiquer. La natation, le snorkeling, la plong\u00e9e sous-marine, le surf, la p\u00eache ou la navigation de plaisance ne sont que le d\u00e9but d&rsquo;une exp\u00e9rience fantastique, jugez plut\u00f4t \u2026:\u00a0<\/span><\/p>\n<p><span style=\"font-weight: 400;\"><strong>&#8211; Tour de p\u00eache<\/strong> &#8211; North Eleuthera est connu comme \u00e9tant\u00a0 un paradis de la p\u00eache tout au long de l&rsquo;ann\u00e9e.\u00a0<\/span><\/p>\n<p><span style=\"font-weight: 400;\"><strong>&#8211; Natation en eaux libres &#8211;<\/strong> North Eleuthera est entour\u00e9e par un\u00a0 oc\u00e9an aux eaux cristallines qui rend cette \u00eele si magnifique.\u00a0 Alors partez simplement explorer cet \u00e9cosyst\u00e8me c\u00f4tier \u00e0 la nage ,\u00a0 et rencontrez sur votre chemin des poissons tropicaux, des requins, des tortues, des crabes et des centaines de vari\u00e9t\u00e9s diff\u00e9rentes de cr\u00e9atures marines.<\/span><\/p>\n<p><span style=\"font-weight: 400;\"><strong>&#8211; Plong\u00e9e en cage avec les requins<\/strong> &#8211; Nager avec les requins dans une cage s\u00e9curis\u00e9e est certainement une exp\u00e9rience unique dont vous garderez toujours le souvenir. Vivez\u00a0 ce spectacle captivant lorsque les requins baleines, les requins bouledogues ou les requins marteaux nagent tout autour de vous. C&rsquo;est absolument incroyable !\u00a0<\/span><\/p>\n<p><span style=\"font-weight: 400;\">Il y a tant \u00e0 faire que nous vous recommandons de voyager lorsque vous aurez plusieurs journ\u00e9es de temps libre \u00e0 consacrer \u00e0 cette \u00eele fascinante et ses environs.<\/span><\/p>\n<p><span style=\"font-weight: 400;\">La p\u00e9riode de mars \u00e0 mai est excellente du point de vue climatique\u00a0 mais c\u2019est une saison que les touristes appr\u00e9cient particuli\u00e8rement et vous le ressentirez au niveau des tarifs ou des files d\u2019attente.\u00a0<\/span><span style=\"font-weight: 400;\">De Mai \u00e0 octobre vous verrez avec plaisir que l\u2019\u00eele est beaucoup moins fr\u00e9quent\u00e9e et les tarifs tr\u00e8s abordables, ce qui est tr\u00e8s appr\u00e9ciable puisque l\u2019\u00efle est tout aussi paradisiaque !<\/span>[\/vc_column_text][vc_empty_space][\/vc_column][\/vc_row][vc_row][vc_column][vc_single_image image=\u00a0\u00bb60621&Prime; img_size=\u00a0\u00bb900&#215;600&Prime; alignment=\u00a0\u00bbcenter\u00a0\u00bb][\/vc_column][\/vc_row]<\/p>\n<\/div>","protected":false},"excerpt":{"rendered":"<p>[vc_row][vc_column][vc_column_text]Official Eleuthera Harbour Island vous pr\u00e9sente le Nord de l\u2019Ile d\u2019Eleuthera (North Eleuthera). North Eleuthera ainsi que ses villes de Bluff, Lower Bogue, Upper Bogue et Current constituent l\u2019un des districts des Bahamas.\u00a0North Eleuthera est certainement\u00a0 un coin de paradis offrant un cadre naturel \u00e0 vous couper le souffle avec des plages d\u2019une beaut\u00e9 \u00e9poustouflante&hellip;<\/p>\n","protected":false},"author":3,"featured_media":0,"parent":62832,"menu_order":3,"comment_status":"closed","ping_status":"closed","template":"","meta":{"footnotes":""},"categories":[],"tags":[],"class_list":["post-62845","page","type-page","status-publish","hentry","description-off"],"yoast_head":"<!-- This site is optimized with the Yoast SEO Premium plugin v25.2 (Yoast SEO v27.4) - https:\/\/yoast.com\/product\/yoast-seo-premium-wordpress\/ -->\n<title>PRESENTATION NORTH ELEUTHERA | Official Eleuthera Harbour Island<\/title>\n<meta name=\"robots\" content=\"index, follow, max-snippet:-1, max-image-preview:large, max-video-preview:-1\" \/>\n<link rel=\"canonical\" href=\"https:\/\/officialeleutheraharbourisland.com\/eleuthera\/north-eleuthera\/about\/\" \/>\n<meta property=\"og:locale\" content=\"fr_FR\" \/>\n<meta property=\"og:type\" content=\"article\" \/>\n<meta property=\"og:title\" content=\"PRESENTATION NORTH ELEUTHERA\" \/>\n<meta property=\"og:description\" content=\"[vc_row][vc_column][vc_column_text]Official Eleuthera Harbour Island vous pr\u00e9sente le Nord de l\u2019Ile d\u2019Eleuthera (North Eleuthera). North Eleuthera ainsi que ses villes de Bluff, Lower Bogue, Upper Bogue et Current constituent l\u2019un des districts des Bahamas.\u00a0North Eleuthera est certainement\u00a0 un coin de paradis offrant un cadre naturel \u00e0 vous couper le souffle avec des plages d\u2019une beaut\u00e9 \u00e9poustouflante&hellip;\" \/>\n<meta property=\"og:url\" content=\"https:\/\/officialeleutheraharbourisland.com\/eleuthera\/north-eleuthera\/about\/\" \/>\n<meta property=\"og:site_name\" content=\"Official Eleuthera Harbour Island\" \/>\n<meta property=\"article:modified_time\" content=\"2022-06-19T15:36:25+00:00\" \/>\n<meta name=\"twitter:card\" content=\"summary_large_image\" \/>\n<meta name=\"twitter:label1\" content=\"Dur\u00e9e de lecture estim\u00e9e\" \/>\n\t<meta name=\"twitter:data1\" content=\"2 minutes\" \/>\n<script type=\"application\/ld+json\" class=\"yoast-schema-graph\">{\"@context\":\"https:\\\/\\\/schema.org\",\"@graph\":[{\"@type\":\"WebPage\",\"@id\":\"https:\\\/\\\/officialeleutheraharbourisland.com\\\/eleuthera\\\/north-eleuthera\\\/about\\\/\",\"url\":\"https:\\\/\\\/officialeleutheraharbourisland.com\\\/eleuthera\\\/north-eleuthera\\\/about\\\/\",\"name\":\"PRESENTATION NORTH ELEUTHERA | Official Eleuthera Harbour Island\",\"isPartOf\":{\"@id\":\"https:\\\/\\\/officialeleutheraharbourisland.com\\\/#website\"},\"datePublished\":\"2022-03-23T15:25:12+00:00\",\"dateModified\":\"2022-06-19T15:36:25+00:00\",\"breadcrumb\":{\"@id\":\"https:\\\/\\\/officialeleutheraharbourisland.com\\\/eleuthera\\\/north-eleuthera\\\/about\\\/#breadcrumb\"},\"inLanguage\":\"fr-FR\",\"potentialAction\":[{\"@type\":\"ReadAction\",\"target\":[\"https:\\\/\\\/officialeleutheraharbourisland.com\\\/eleuthera\\\/north-eleuthera\\\/about\\\/\"]}]},{\"@type\":\"BreadcrumbList\",\"@id\":\"https:\\\/\\\/officialeleutheraharbourisland.com\\\/eleuthera\\\/north-eleuthera\\\/about\\\/#breadcrumb\",\"itemListElement\":[{\"@type\":\"ListItem\",\"position\":1,\"name\":\"Home\",\"item\":\"https:\\\/\\\/officialeleutheraharbourisland.com\\\/fr\\\/\"},{\"@type\":\"ListItem\",\"position\":2,\"name\":\"ELEUTHERA\",\"item\":\"https:\\\/\\\/officialeleutheraharbourisland.com\\\/fr\\\/eleuthera\\\/\"},{\"@type\":\"ListItem\",\"position\":3,\"name\":\"NORTH ELEUTHERA\",\"item\":\"https:\\\/\\\/officialeleutheraharbourisland.com\\\/eleuthera\\\/north-eleuthera\\\/\"},{\"@type\":\"ListItem\",\"position\":4,\"name\":\"PRESENTATION NORTH ELEUTHERA\"}]},{\"@type\":\"WebSite\",\"@id\":\"https:\\\/\\\/officialeleutheraharbourisland.com\\\/#website\",\"url\":\"https:\\\/\\\/officialeleutheraharbourisland.com\\\/\",\"name\":\"Official Eleuthera Harbour Island\",\"description\":\"Where Beauty &amp; Nature Meet\",\"publisher\":{\"@id\":\"https:\\\/\\\/officialeleutheraharbourisland.com\\\/#organization\"},\"potentialAction\":[{\"@type\":\"SearchAction\",\"target\":{\"@type\":\"EntryPoint\",\"urlTemplate\":\"https:\\\/\\\/officialeleutheraharbourisland.com\\\/?s={search_term_string}\"},\"query-input\":{\"@type\":\"PropertyValueSpecification\",\"valueRequired\":true,\"valueName\":\"search_term_string\"}}],\"inLanguage\":\"fr-FR\"},{\"@type\":\"Organization\",\"@id\":\"https:\\\/\\\/officialeleutheraharbourisland.com\\\/#organization\",\"name\":\"Official Eleuthera Harbour Island\",\"url\":\"https:\\\/\\\/officialeleutheraharbourisland.com\\\/\",\"logo\":{\"@type\":\"ImageObject\",\"inLanguage\":\"fr-FR\",\"@id\":\"https:\\\/\\\/officialeleutheraharbourisland.com\\\/#\\\/schema\\\/logo\\\/image\\\/\",\"url\":\"https:\\\/\\\/officialeleutheraharbourisland.com\\\/wp-content\\\/uploads\\\/2022\\\/03\\\/logo-new-GREY-275.png\",\"contentUrl\":\"https:\\\/\\\/officialeleutheraharbourisland.com\\\/wp-content\\\/uploads\\\/2022\\\/03\\\/logo-new-GREY-275.png\",\"width\":275,\"height\":22,\"caption\":\"Official Eleuthera Harbour Island\"},\"image\":{\"@id\":\"https:\\\/\\\/officialeleutheraharbourisland.com\\\/#\\\/schema\\\/logo\\\/image\\\/\"}}]}<\/script>\n<!-- \/ Yoast SEO Premium plugin. -->","yoast_head_json":{"title":"PRESENTATION NORTH ELEUTHERA | Official Eleuthera Harbour Island","robots":{"index":"index","follow":"follow","max-snippet":"max-snippet:-1","max-image-preview":"max-image-preview:large","max-video-preview":"max-video-preview:-1"},"canonical":"https:\/\/officialeleutheraharbourisland.com\/eleuthera\/north-eleuthera\/about\/","og_locale":"fr_FR","og_type":"article","og_title":"PRESENTATION NORTH ELEUTHERA","og_description":"[vc_row][vc_column][vc_column_text]Official Eleuthera Harbour Island vous pr\u00e9sente le Nord de l\u2019Ile d\u2019Eleuthera (North Eleuthera). North Eleuthera ainsi que ses villes de Bluff, Lower Bogue, Upper Bogue et Current constituent l\u2019un des districts des Bahamas.\u00a0North Eleuthera est certainement\u00a0 un coin de paradis offrant un cadre naturel \u00e0 vous couper le souffle avec des plages d\u2019une beaut\u00e9 \u00e9poustouflante&hellip;","og_url":"https:\/\/officialeleutheraharbourisland.com\/eleuthera\/north-eleuthera\/about\/","og_site_name":"Official Eleuthera Harbour Island","article_modified_time":"2022-06-19T15:36:25+00:00","twitter_card":"summary_large_image","twitter_misc":{"Dur\u00e9e de lecture estim\u00e9e":"2 minutes"},"schema":{"@context":"https:\/\/schema.org","@graph":[{"@type":"WebPage","@id":"https:\/\/officialeleutheraharbourisland.com\/eleuthera\/north-eleuthera\/about\/","url":"https:\/\/officialeleutheraharbourisland.com\/eleuthera\/north-eleuthera\/about\/","name":"PRESENTATION NORTH ELEUTHERA | Official Eleuthera Harbour Island","isPartOf":{"@id":"https:\/\/officialeleutheraharbourisland.com\/#website"},"datePublished":"2022-03-23T15:25:12+00:00","dateModified":"2022-06-19T15:36:25+00:00","breadcrumb":{"@id":"https:\/\/officialeleutheraharbourisland.com\/eleuthera\/north-eleuthera\/about\/#breadcrumb"},"inLanguage":"fr-FR","potentialAction":[{"@type":"ReadAction","target":["https:\/\/officialeleutheraharbourisland.com\/eleuthera\/north-eleuthera\/about\/"]}]},{"@type":"BreadcrumbList","@id":"https:\/\/officialeleutheraharbourisland.com\/eleuthera\/north-eleuthera\/about\/#breadcrumb","itemListElement":[{"@type":"ListItem","position":1,"name":"Home","item":"https:\/\/officialeleutheraharbourisland.com\/fr\/"},{"@type":"ListItem","position":2,"name":"ELEUTHERA","item":"https:\/\/officialeleutheraharbourisland.com\/fr\/eleuthera\/"},{"@type":"ListItem","position":3,"name":"NORTH ELEUTHERA","item":"https:\/\/officialeleutheraharbourisland.com\/eleuthera\/north-eleuthera\/"},{"@type":"ListItem","position":4,"name":"PRESENTATION NORTH ELEUTHERA"}]},{"@type":"WebSite","@id":"https:\/\/officialeleutheraharbourisland.com\/#website","url":"https:\/\/officialeleutheraharbourisland.com\/","name":"Official Eleuthera Harbour Island","description":"Where Beauty &amp; Nature Meet","publisher":{"@id":"https:\/\/officialeleutheraharbourisland.com\/#organization"},"potentialAction":[{"@type":"SearchAction","target":{"@type":"EntryPoint","urlTemplate":"https:\/\/officialeleutheraharbourisland.com\/?s={search_term_string}"},"query-input":{"@type":"PropertyValueSpecification","valueRequired":true,"valueName":"search_term_string"}}],"inLanguage":"fr-FR"},{"@type":"Organization","@id":"https:\/\/officialeleutheraharbourisland.com\/#organization","name":"Official Eleuthera Harbour Island","url":"https:\/\/officialeleutheraharbourisland.com\/","logo":{"@type":"ImageObject","inLanguage":"fr-FR","@id":"https:\/\/officialeleutheraharbourisland.com\/#\/schema\/logo\/image\/","url":"https:\/\/officialeleutheraharbourisland.com\/wp-content\/uploads\/2022\/03\/logo-new-GREY-275.png","contentUrl":"https:\/\/officialeleutheraharbourisland.com\/wp-content\/uploads\/2022\/03\/logo-new-GREY-275.png","width":275,"height":22,"caption":"Official Eleuthera Harbour Island"},"image":{"@id":"https:\/\/officialeleutheraharbourisland.com\/#\/schema\/logo\/image\/"}}]}},"jetpack_sharing_enabled":true,"_links":{"self":[{"href":"https:\/\/officialeleutheraharbourisland.com\/fr\/wp-json\/wp\/v2\/pages\/62845","targetHints":{"allow":["GET"]}}],"collection":[{"href":"https:\/\/officialeleutheraharbourisland.com\/fr\/wp-json\/wp\/v2\/pages"}],"about":[{"href":"https:\/\/officialeleutheraharbourisland.com\/fr\/wp-json\/wp\/v2\/types\/page"}],"author":[{"embeddable":true,"href":"https:\/\/officialeleutheraharbourisland.com\/fr\/wp-json\/wp\/v2\/users\/3"}],"replies":[{"embeddable":true,"href":"https:\/\/officialeleutheraharbourisland.com\/fr\/wp-json\/wp\/v2\/comments?post=62845"}],"version-history":[{"count":5,"href":"https:\/\/officialeleutheraharbourisland.com\/fr\/wp-json\/wp\/v2\/pages\/62845\/revisions"}],"predecessor-version":[{"id":62950,"href":"https:\/\/officialeleutheraharbourisland.com\/fr\/wp-json\/wp\/v2\/pages\/62845\/revisions\/62950"}],"up":[{"embeddable":true,"href":"https:\/\/officialeleutheraharbourisland.com\/fr\/wp-json\/wp\/v2\/pages\/62832"}],"wp:attachment":[{"href":"https:\/\/officialeleutheraharbourisland.com\/fr\/wp-json\/wp\/v2\/media?parent=62845"}],"wp:term":[{"taxonomy":"category","embeddable":true,"href":"https:\/\/officialeleutheraharbourisland.com\/fr\/wp-json\/wp\/v2\/categories?post=62845"},{"taxonomy":"post_tag","embeddable":true,"href":"https:\/\/officialeleutheraharbourisland.com\/fr\/wp-json\/wp\/v2\/tags?post=62845"}],"curies":[{"name":"wp","href":"https:\/\/api.w.org\/{rel}","templated":true}]}}