{"id":62848,"date":"2022-03-23T15:25:52","date_gmt":"2022-03-23T15:25:52","guid":{"rendered":"https:\/\/officialeleutheraharbourisland.com\/eleuthera\/north-eleuthera\/things-to-do\/"},"modified":"2022-06-21T18:05:46","modified_gmt":"2022-06-21T18:05:46","slug":"choses-a-faire","status":"publish","type":"page","link":"https:\/\/officialeleutheraharbourisland.com\/fr\/eleuthera\/north-eleuthera\/choses-a-faire\/","title":{"rendered":"CHOSES A FAIRE"},"content":{"rendered":"<div class=\"wpb-content-wrapper\"><p>[vc_row css=\u00a0\u00bb.vc_custom_1654257989561{padding-bottom: 30px !important;}\u00a0\u00bb][vc_column][vc_column_text]<\/p>\n<p><span style=\"font-weight: 400;\">Official Eleuthera Harbour Island vous donne des informations sur les choses \u00e0 faire \u00e0 North Eleuthera.\u00a0<\/span><\/p>\n<p><span style=\"font-weight: 400;\">North Eleuthera s&rsquo;\u00e9tend \u00e0 travers les Cara\u00efbes comme un ruban parsem\u00e9 sur un couvre-lit bleu et turquoise. C&rsquo;est une \u00eele longue et mince qui s&rsquo;\u00e9tend sur plus de 160 km .<\/span><span style=\"font-weight: 400;\">Sa courbe serpentine cache des criques et des plages balay\u00e9es par le vent qui comptent parmi les attractions les plus pittoresques des Cara\u00efbes.<\/span><\/p>\n<p><span style=\"font-weight: 400;\">Bien que les plages de North Eleuthera soient magnifiques, l&rsquo;\u00eele propose \u00e9galement un certain nombre d&rsquo;activit\u00e9s touristiques id\u00e9ales pour les amateurs de sensations fortes.\u00a0<\/span><\/p>\n<p><b>Stand Up Paddle \u2013\u00a0 <\/b><span style=\"font-weight: 400;\">Le paddle \u00e0 North Eleuthera est une exp\u00e9rience amusante que vous pouvez vivre avec vos amis ou utiliser pour socialiser avec d&rsquo;autres touristes. De plus, le stand up paddle vous offre une vue imprenable sur ce qui se cache sous l&rsquo;eau cristalline.\u00a0<\/span><\/p>\n<p><b>Activit\u00e9s pour les enfants &#8211;\u00a0 <\/b><span style=\"font-weight: 400;\">Turtle Creek, visites de l&rsquo;\u00eele, ramassage de coquillage sur la plage ou construction de ch\u00e2teaux de sable sont quelques-unes des activit\u00e9s qui garderont les enfants actifs et \u00e9largiront leurs capacit\u00e9s de r\u00e9flexion.<\/span><\/p>\n<p><b>Excursions de p\u00eache<\/b><span style=\"font-weight: 400;\"> &#8211; \u00c0 North Eleuthera, vous pouvez faire l&rsquo;exp\u00e9rience de diff\u00e9rentes excursions de p\u00eache dirig\u00e9es par des p\u00eacheurs \/ skippers qualifi\u00e9s et exp\u00e9riment\u00e9s.\u00a0<\/span><\/p>\n<p><b>Shopping \u00e0 North Eleuthera<\/b><span style=\"font-weight: 400;\"> \u2013 Qu&rsquo;il s&rsquo;agisse d&rsquo;\u00e9piceries, de centres commerciaux ou de boutiques de cadeaux, vous pouvez trouver des produits de qualit\u00e9 \u00e0 des prix abordables \u00e0 North Eleuthera.<\/span><\/p>\n<p><b>Bars et restaurants<\/b><span style=\"font-weight: 400;\"> \u2013 Profitez des meilleurs restaurants de North Eleuthera. Nous vous recommandons d&rsquo;essayer le restaurant Daddy Joe&rsquo;s.<\/span><\/p>\n<p>[\/vc_column_text][\/vc_column][\/vc_row][vc_row][vc_column width=\u00a0\u00bb1\/4&Prime; css=\u00a0\u00bb.vc_custom_1654257998910{padding: 1px !important;}\u00a0\u00bb]<div class=\"ult-new-ib ult-ib-effect-style14  ult-ib-resp  \" data-min-width=\"768\" data-max-width=\"900\" style=\"background:#000000;\" data-opacity=\"0.5\" data-hover-opacity=\"0.9\" ><img data-recalc-dims=\"1\" decoding=\"async\" class=\"ult-new-ib-img\" style=\"opacity:0.5;\" alt=\"null\" src=\"https:\/\/i0.wp.com\/officialeleutheraharbourisland.com\/wp-content\/uploads\/2022\/05\/sport-activities.jpg?w=1200&#038;ssl=1\"   \/><div id=\"interactive-banner-wrap-8501\" class=\"ult-new-ib-desc\" style=\"\"><h2 class=\"ult-new-ib-title ult-responsive\"  data-ultimate-target='#interactive-banner-wrap-8501 .ult-new-ib-title'  data-responsive-json-new='{\"font-size\":\"desktop:27px;\",\"line-height\":\"desktop:27px;\"}'  style=\"font-weight:normal;\">ACTIVITES SPORTIVES<\/h2><\/div><a class=\"ult-new-ib-link\" href=\"https:\/\/officialeleutheraharbourisland.com\/fr\/eleuthera\/north-eleuthera\/choses-a-faire\/activites-sportives\/\" title=\"SPORTS ACTIVITIES\"  ><\/a><\/div>[\/vc_column][vc_column width=\u00a0\u00bb1\/4&Prime; css=\u00a0\u00bb.vc_custom_1654258004505{padding: 1px !important;}\u00a0\u00bb]<div class=\"ult-new-ib ult-ib-effect-style14  ult-ib-resp  \" data-min-width=\"768\" data-max-width=\"900\" style=\"background:#000000;\" data-opacity=\"0.5\" data-hover-opacity=\"0.9\" ><img data-recalc-dims=\"1\" decoding=\"async\" class=\"ult-new-ib-img\" style=\"opacity:0.5;\" alt=\"null\" src=\"https:\/\/i0.wp.com\/officialeleutheraharbourisland.com\/wp-content\/uploads\/2022\/05\/kids-activities.jpg?w=1200&#038;ssl=1\"   \/><div id=\"interactive-banner-wrap-8704\" class=\"ult-new-ib-desc\" style=\"\"><h2 class=\"ult-new-ib-title ult-responsive\"  data-ultimate-target='#interactive-banner-wrap-8704 .ult-new-ib-title'  data-responsive-json-new='{\"font-size\":\"desktop:27px;\",\"line-height\":\"desktop:27px;\"}'  style=\"font-weight:normal;\">ACTIVITES POUR ENFANTS<\/h2><\/div><a class=\"ult-new-ib-link\" href=\"https:\/\/officialeleutheraharbourisland.com\/fr\/eleuthera\/north-eleuthera\/choses-a-faire\/activites-pour-enfants\/\" title=\"ACTIVITES POUR ENFANTS\"  ><\/a><\/div>[\/vc_column][vc_column width=\u00a0\u00bb1\/4&Prime; css=\u00a0\u00bb.vc_custom_1654258011697{padding: 1px !important;}\u00a0\u00bb]<div class=\"ult-new-ib ult-ib-effect-style14  ult-ib-resp  \" data-min-width=\"768\" data-max-width=\"900\" style=\"background:#000000;\" data-opacity=\"0.5\" data-hover-opacity=\"0.9\" ><img data-recalc-dims=\"1\" decoding=\"async\" class=\"ult-new-ib-img\" style=\"opacity:0.5;\" alt=\"null\" src=\"https:\/\/i0.wp.com\/officialeleutheraharbourisland.com\/wp-content\/uploads\/2022\/05\/beauty-and-wellness.jpg?w=1200&#038;ssl=1\"   \/><div id=\"interactive-banner-wrap-9298\" class=\"ult-new-ib-desc\" style=\"\"><h2 class=\"ult-new-ib-title ult-responsive\"  data-ultimate-target='#interactive-banner-wrap-9298 .ult-new-ib-title'  data-responsive-json-new='{\"font-size\":\"desktop:27px;\",\"line-height\":\"desktop:27px;\"}'  style=\"font-weight:normal;\">BEAUTE ET BIEN-\u00caTRE<\/h2><\/div><a class=\"ult-new-ib-link\" href=\"https:\/\/officialeleutheraharbourisland.com\/fr\/eleuthera\/north-eleuthera\/choses-a-faire\/beaute-et-bien-etre\/\" title=\"BEAUTE ET BIEN-ETRE\"  ><\/a><\/div>[\/vc_column][vc_column width=\u00a0\u00bb1\/4&Prime; css=\u00a0\u00bb.vc_custom_1655136841423{padding: 1px !important;}\u00a0\u00bb]<div class=\"ult-new-ib ult-ib-effect-style14  ult-ib-resp  \" data-min-width=\"768\" data-max-width=\"900\" style=\"background:#000000;\" data-opacity=\"0.5\" data-hover-opacity=\"0.9\" ><img data-recalc-dims=\"1\" decoding=\"async\" class=\"ult-new-ib-img\" style=\"opacity:0.5;\" alt=\"null\" src=\"https:\/\/i0.wp.com\/officialeleutheraharbourisland.com\/wp-content\/uploads\/2022\/05\/shopping.jpg?w=1200&#038;ssl=1\"   \/><div id=\"interactive-banner-wrap-6195\" class=\"ult-new-ib-desc\" style=\"\"><h2 class=\"ult-new-ib-title ult-responsive\"  data-ultimate-target='#interactive-banner-wrap-6195 .ult-new-ib-title'  data-responsive-json-new='{\"font-size\":\"desktop:27px;\",\"line-height\":\"desktop:27px;\"}'  style=\"font-weight:normal;\">SHOPPING<\/h2><\/div><a class=\"ult-new-ib-link\" href=\"https:\/\/officialeleutheraharbourisland.com\/fr\/eleuthera\/north-eleuthera\/choses-a-faire\/shopping\/\" title=\"SHOPPING\"  ><\/a><\/div>[\/vc_column][\/vc_row]<\/p>\n<\/div>","protected":false},"excerpt":{"rendered":"<p>[vc_row css=\u00a0\u00bb.vc_custom_1654257989561{padding-bottom: 30px !important;}\u00a0\u00bb][vc_column][vc_column_text] Official Eleuthera Harbour Island vous donne des informations sur les choses \u00e0 faire \u00e0 North Eleuthera.\u00a0 North Eleuthera s&rsquo;\u00e9tend \u00e0 travers les Cara\u00efbes comme un ruban parsem\u00e9 sur un couvre-lit bleu et turquoise. C&rsquo;est une \u00eele longue et mince qui s&rsquo;\u00e9tend sur plus de 160 km .Sa courbe serpentine cache des&hellip;<\/p>\n","protected":false},"author":3,"featured_media":0,"parent":62832,"menu_order":3,"comment_status":"closed","ping_status":"closed","template":"","meta":{"footnotes":""},"categories":[],"tags":[],"class_list":["post-62848","page","type-page","status-publish","hentry","description-off"],"yoast_head":"<!-- This site is optimized with the Yoast SEO Premium plugin v25.2 (Yoast SEO v27.4) - https:\/\/yoast.com\/product\/yoast-seo-premium-wordpress\/ -->\n<title>CHOSES A FAIRE | Official Eleuthera Harbour Island<\/title>\n<meta name=\"robots\" content=\"index, follow, max-snippet:-1, max-image-preview:large, max-video-preview:-1\" \/>\n<link rel=\"canonical\" href=\"https:\/\/officialeleutheraharbourisland.com\/fr\/eleuthera\/north-eleuthera\/choses-a-faire\/\" \/>\n<meta property=\"og:locale\" content=\"fr_FR\" \/>\n<meta property=\"og:type\" content=\"article\" \/>\n<meta property=\"og:title\" content=\"CHOSES A FAIRE\" \/>\n<meta property=\"og:description\" content=\"[vc_row css=\u00a0\u00bb.vc_custom_1654257989561{padding-bottom: 30px !important;}\u00a0\u00bb][vc_column][vc_column_text] Official Eleuthera Harbour Island vous donne des informations sur les choses \u00e0 faire \u00e0 North Eleuthera.\u00a0 North Eleuthera s&rsquo;\u00e9tend \u00e0 travers les Cara\u00efbes comme un ruban parsem\u00e9 sur un couvre-lit bleu et turquoise. C&rsquo;est une \u00eele longue et mince qui s&rsquo;\u00e9tend sur plus de 160 km .Sa courbe serpentine cache des&hellip;\" \/>\n<meta property=\"og:url\" content=\"https:\/\/officialeleutheraharbourisland.com\/fr\/eleuthera\/north-eleuthera\/choses-a-faire\/\" \/>\n<meta property=\"og:site_name\" content=\"Official Eleuthera Harbour Island\" \/>\n<meta property=\"article:modified_time\" content=\"2022-06-21T18:05:46+00:00\" \/>\n<meta name=\"twitter:card\" content=\"summary_large_image\" \/>\n<meta name=\"twitter:label1\" content=\"Dur\u00e9e de lecture estim\u00e9e\" \/>\n\t<meta name=\"twitter:data1\" content=\"2 minutes\" \/>\n<script type=\"application\/ld+json\" class=\"yoast-schema-graph\">{\"@context\":\"https:\\\/\\\/schema.org\",\"@graph\":[{\"@type\":\"WebPage\",\"@id\":\"https:\\\/\\\/officialeleutheraharbourisland.com\\\/fr\\\/eleuthera\\\/north-eleuthera\\\/choses-a-faire\\\/\",\"url\":\"https:\\\/\\\/officialeleutheraharbourisland.com\\\/fr\\\/eleuthera\\\/north-eleuthera\\\/choses-a-faire\\\/\",\"name\":\"CHOSES A FAIRE | Official Eleuthera Harbour Island\",\"isPartOf\":{\"@id\":\"https:\\\/\\\/officialeleutheraharbourisland.com\\\/#website\"},\"datePublished\":\"2022-03-23T15:25:52+00:00\",\"dateModified\":\"2022-06-21T18:05:46+00:00\",\"breadcrumb\":{\"@id\":\"https:\\\/\\\/officialeleutheraharbourisland.com\\\/fr\\\/eleuthera\\\/north-eleuthera\\\/choses-a-faire\\\/#breadcrumb\"},\"inLanguage\":\"fr-FR\",\"potentialAction\":[{\"@type\":\"ReadAction\",\"target\":[\"https:\\\/\\\/officialeleutheraharbourisland.com\\\/fr\\\/eleuthera\\\/north-eleuthera\\\/choses-a-faire\\\/\"]}]},{\"@type\":\"BreadcrumbList\",\"@id\":\"https:\\\/\\\/officialeleutheraharbourisland.com\\\/fr\\\/eleuthera\\\/north-eleuthera\\\/choses-a-faire\\\/#breadcrumb\",\"itemListElement\":[{\"@type\":\"ListItem\",\"position\":1,\"name\":\"Home\",\"item\":\"https:\\\/\\\/officialeleutheraharbourisland.com\\\/fr\\\/\"},{\"@type\":\"ListItem\",\"position\":2,\"name\":\"ELEUTHERA\",\"item\":\"https:\\\/\\\/officialeleutheraharbourisland.com\\\/fr\\\/eleuthera\\\/\"},{\"@type\":\"ListItem\",\"position\":3,\"name\":\"NORTH ELEUTHERA\",\"item\":\"https:\\\/\\\/officialeleutheraharbourisland.com\\\/eleuthera\\\/north-eleuthera\\\/\"},{\"@type\":\"ListItem\",\"position\":4,\"name\":\"CHOSES A FAIRE\"}]},{\"@type\":\"WebSite\",\"@id\":\"https:\\\/\\\/officialeleutheraharbourisland.com\\\/#website\",\"url\":\"https:\\\/\\\/officialeleutheraharbourisland.com\\\/\",\"name\":\"Official Eleuthera Harbour Island\",\"description\":\"Where Beauty &amp; Nature Meet\",\"publisher\":{\"@id\":\"https:\\\/\\\/officialeleutheraharbourisland.com\\\/#organization\"},\"potentialAction\":[{\"@type\":\"SearchAction\",\"target\":{\"@type\":\"EntryPoint\",\"urlTemplate\":\"https:\\\/\\\/officialeleutheraharbourisland.com\\\/?s={search_term_string}\"},\"query-input\":{\"@type\":\"PropertyValueSpecification\",\"valueRequired\":true,\"valueName\":\"search_term_string\"}}],\"inLanguage\":\"fr-FR\"},{\"@type\":\"Organization\",\"@id\":\"https:\\\/\\\/officialeleutheraharbourisland.com\\\/#organization\",\"name\":\"Official Eleuthera Harbour Island\",\"url\":\"https:\\\/\\\/officialeleutheraharbourisland.com\\\/\",\"logo\":{\"@type\":\"ImageObject\",\"inLanguage\":\"fr-FR\",\"@id\":\"https:\\\/\\\/officialeleutheraharbourisland.com\\\/#\\\/schema\\\/logo\\\/image\\\/\",\"url\":\"https:\\\/\\\/officialeleutheraharbourisland.com\\\/wp-content\\\/uploads\\\/2022\\\/03\\\/logo-new-GREY-275.png\",\"contentUrl\":\"https:\\\/\\\/officialeleutheraharbourisland.com\\\/wp-content\\\/uploads\\\/2022\\\/03\\\/logo-new-GREY-275.png\",\"width\":275,\"height\":22,\"caption\":\"Official Eleuthera Harbour Island\"},\"image\":{\"@id\":\"https:\\\/\\\/officialeleutheraharbourisland.com\\\/#\\\/schema\\\/logo\\\/image\\\/\"}}]}<\/script>\n<!-- \/ Yoast SEO Premium plugin. -->","yoast_head_json":{"title":"CHOSES A FAIRE | Official Eleuthera Harbour Island","robots":{"index":"index","follow":"follow","max-snippet":"max-snippet:-1","max-image-preview":"max-image-preview:large","max-video-preview":"max-video-preview:-1"},"canonical":"https:\/\/officialeleutheraharbourisland.com\/fr\/eleuthera\/north-eleuthera\/choses-a-faire\/","og_locale":"fr_FR","og_type":"article","og_title":"CHOSES A FAIRE","og_description":"[vc_row css=\u00a0\u00bb.vc_custom_1654257989561{padding-bottom: 30px !important;}\u00a0\u00bb][vc_column][vc_column_text] Official Eleuthera Harbour Island vous donne des informations sur les choses \u00e0 faire \u00e0 North Eleuthera.\u00a0 North Eleuthera s&rsquo;\u00e9tend \u00e0 travers les Cara\u00efbes comme un ruban parsem\u00e9 sur un couvre-lit bleu et turquoise. C&rsquo;est une \u00eele longue et mince qui s&rsquo;\u00e9tend sur plus de 160 km .Sa courbe serpentine cache des&hellip;","og_url":"https:\/\/officialeleutheraharbourisland.com\/fr\/eleuthera\/north-eleuthera\/choses-a-faire\/","og_site_name":"Official Eleuthera Harbour Island","article_modified_time":"2022-06-21T18:05:46+00:00","twitter_card":"summary_large_image","twitter_misc":{"Dur\u00e9e de lecture estim\u00e9e":"2 minutes"},"schema":{"@context":"https:\/\/schema.org","@graph":[{"@type":"WebPage","@id":"https:\/\/officialeleutheraharbourisland.com\/fr\/eleuthera\/north-eleuthera\/choses-a-faire\/","url":"https:\/\/officialeleutheraharbourisland.com\/fr\/eleuthera\/north-eleuthera\/choses-a-faire\/","name":"CHOSES A FAIRE | Official Eleuthera Harbour Island","isPartOf":{"@id":"https:\/\/officialeleutheraharbourisland.com\/#website"},"datePublished":"2022-03-23T15:25:52+00:00","dateModified":"2022-06-21T18:05:46+00:00","breadcrumb":{"@id":"https:\/\/officialeleutheraharbourisland.com\/fr\/eleuthera\/north-eleuthera\/choses-a-faire\/#breadcrumb"},"inLanguage":"fr-FR","potentialAction":[{"@type":"ReadAction","target":["https:\/\/officialeleutheraharbourisland.com\/fr\/eleuthera\/north-eleuthera\/choses-a-faire\/"]}]},{"@type":"BreadcrumbList","@id":"https:\/\/officialeleutheraharbourisland.com\/fr\/eleuthera\/north-eleuthera\/choses-a-faire\/#breadcrumb","itemListElement":[{"@type":"ListItem","position":1,"name":"Home","item":"https:\/\/officialeleutheraharbourisland.com\/fr\/"},{"@type":"ListItem","position":2,"name":"ELEUTHERA","item":"https:\/\/officialeleutheraharbourisland.com\/fr\/eleuthera\/"},{"@type":"ListItem","position":3,"name":"NORTH ELEUTHERA","item":"https:\/\/officialeleutheraharbourisland.com\/eleuthera\/north-eleuthera\/"},{"@type":"ListItem","position":4,"name":"CHOSES A FAIRE"}]},{"@type":"WebSite","@id":"https:\/\/officialeleutheraharbourisland.com\/#website","url":"https:\/\/officialeleutheraharbourisland.com\/","name":"Official Eleuthera Harbour Island","description":"Where Beauty &amp; Nature Meet","publisher":{"@id":"https:\/\/officialeleutheraharbourisland.com\/#organization"},"potentialAction":[{"@type":"SearchAction","target":{"@type":"EntryPoint","urlTemplate":"https:\/\/officialeleutheraharbourisland.com\/?s={search_term_string}"},"query-input":{"@type":"PropertyValueSpecification","valueRequired":true,"valueName":"search_term_string"}}],"inLanguage":"fr-FR"},{"@type":"Organization","@id":"https:\/\/officialeleutheraharbourisland.com\/#organization","name":"Official Eleuthera Harbour Island","url":"https:\/\/officialeleutheraharbourisland.com\/","logo":{"@type":"ImageObject","inLanguage":"fr-FR","@id":"https:\/\/officialeleutheraharbourisland.com\/#\/schema\/logo\/image\/","url":"https:\/\/officialeleutheraharbourisland.com\/wp-content\/uploads\/2022\/03\/logo-new-GREY-275.png","contentUrl":"https:\/\/officialeleutheraharbourisland.com\/wp-content\/uploads\/2022\/03\/logo-new-GREY-275.png","width":275,"height":22,"caption":"Official Eleuthera Harbour Island"},"image":{"@id":"https:\/\/officialeleutheraharbourisland.com\/#\/schema\/logo\/image\/"}}]}},"jetpack_sharing_enabled":true,"_links":{"self":[{"href":"https:\/\/officialeleutheraharbourisland.com\/fr\/wp-json\/wp\/v2\/pages\/62848","targetHints":{"allow":["GET"]}}],"collection":[{"href":"https:\/\/officialeleutheraharbourisland.com\/fr\/wp-json\/wp\/v2\/pages"}],"about":[{"href":"https:\/\/officialeleutheraharbourisland.com\/fr\/wp-json\/wp\/v2\/types\/page"}],"author":[{"embeddable":true,"href":"https:\/\/officialeleutheraharbourisland.com\/fr\/wp-json\/wp\/v2\/users\/3"}],"replies":[{"embeddable":true,"href":"https:\/\/officialeleutheraharbourisland.com\/fr\/wp-json\/wp\/v2\/comments?post=62848"}],"version-history":[{"count":6,"href":"https:\/\/officialeleutheraharbourisland.com\/fr\/wp-json\/wp\/v2\/pages\/62848\/revisions"}],"predecessor-version":[{"id":65321,"href":"https:\/\/officialeleutheraharbourisland.com\/fr\/wp-json\/wp\/v2\/pages\/62848\/revisions\/65321"}],"up":[{"embeddable":true,"href":"https:\/\/officialeleutheraharbourisland.com\/fr\/wp-json\/wp\/v2\/pages\/62832"}],"wp:attachment":[{"href":"https:\/\/officialeleutheraharbourisland.com\/fr\/wp-json\/wp\/v2\/media?parent=62848"}],"wp:term":[{"taxonomy":"category","embeddable":true,"href":"https:\/\/officialeleutheraharbourisland.com\/fr\/wp-json\/wp\/v2\/categories?post=62848"},{"taxonomy":"post_tag","embeddable":true,"href":"https:\/\/officialeleutheraharbourisland.com\/fr\/wp-json\/wp\/v2\/tags?post=62848"}],"curies":[{"name":"wp","href":"https:\/\/api.w.org\/{rel}","templated":true}]}}