{"id":62872,"date":"2022-03-23T15:30:55","date_gmt":"2022-03-23T15:30:55","guid":{"rendered":"https:\/\/officialeleutheraharbourisland.com\/eleuthera\/north-eleuthera\/things-to-see\/"},"modified":"2022-06-21T18:20:53","modified_gmt":"2022-06-21T18:20:53","slug":"choses-a-voir","status":"publish","type":"page","link":"https:\/\/officialeleutheraharbourisland.com\/fr\/eleuthera\/north-eleuthera\/choses-a-voir\/","title":{"rendered":"CHOSES A VOIR"},"content":{"rendered":"<div class=\"wpb-content-wrapper\"><p>[vc_row css=\u00a0\u00bb.vc_custom_1653658402907{padding-bottom: 30px !important;}\u00a0\u00bb][vc_column][vc_column_text]<span style=\"font-weight: 400;\">Official Eleuthera Harbour Island vous pr\u00e9sente les choses \u00e0 voir \u00e0 North Eleuthera , le Nord de l\u2019\u00eele.<\/span><\/p>\n<p><span style=\"font-weight: 400;\">Il y a quelques sites sur North Eleuthera qui ne vieillissent jamais. Leur beaut\u00e9 est immuable .\u00a0 Voici quelques-unes des choses \u00e0 voir \u00e0 North Eleuthera :<\/span><\/p>\n<p><b>&#8211; The Glass Window Bridge: <\/b>Le Glass Window Bridge de\u00a0 North Eleuthera se trouve dans la partie la plus \u00e9troite de l&rsquo;\u00eele. Le contraste remarquable entre le bleu marine de l&rsquo;oc\u00e9an et l&rsquo;eau turquoise des bas-fonds explique en grande partie pourquoi cette attraction est si hypnotique, s\u00e9par\u00e9e seulement par une courte bande de terre et un pont.<\/p>\n<p><b>&#8211; Grottes d&rsquo;Eleuthera : <\/b>La Preacher\u2019s Cave (la Grotte du Pr\u00e9dicateur)\u00a0 est la grotte la plus fr\u00e9quemment visit\u00e9e \u00e0 North Eleuthera en raison de son importance historique. Apr\u00e8s leur naufrage catastrophique sur le chenal de navigation dangereux connu sous le nom de Devil&rsquo;s Backbone, premiers colons de l&rsquo;\u00eele y ont trouv\u00e9 un abri et de la s\u00e9curit\u00e9 . Cette grotte est populaire aupr\u00e8s des visiteurs qui aiment l&rsquo;explorer ainsi qu\u2019y nager, faire de la plong\u00e9e avec tuba ou pique-niquer sur la plage voisine.<\/p>\n<p><b>&#8211; Blue Holes : <\/b>Sur les \u00eeles ext\u00e9rieures, les trous bleus sont une caract\u00e9ristique g\u00e9ologique r\u00e9pandue. Des gouffres qui semblent n&rsquo;avoir aucun fond m\u00e8nent \u00e0 des cavernes sous-marines. Les Bahamas poss\u00e8dent la plus grande concentration de trous bleus au monde. Il y en a plusieurs remarquables sur Eleuthera, comme Sapphire Hole \u00e0 North Eleuthera.[\/vc_column_text][\/vc_column][\/vc_row][vc_row content_placement=\u00a0\u00bbmiddle\u00a0\u00bb][vc_column width=\u00a0\u00bb1\/4&Prime; css=\u00a0\u00bb.vc_custom_1654258069221{padding: 1px !important;}\u00a0\u00bb][\/vc_column][vc_column width=\u00a0\u00bb1\/4&Prime; css=\u00a0\u00bb.vc_custom_1654258075997{padding: 1px !important;}\u00a0\u00bb]<div class=\"ult-new-ib ult-ib-effect-style14  ult-ib-resp  \" data-min-width=\"768\" data-max-width=\"900\" style=\"background:#000000;\" data-opacity=\"0.5\" data-hover-opacity=\"0.9\" ><img data-recalc-dims=\"1\" decoding=\"async\" class=\"ult-new-ib-img\" style=\"opacity:0.5;\" alt=\"null\" src=\"https:\/\/i0.wp.com\/officialeleutheraharbourisland.com\/wp-content\/uploads\/2022\/05\/town-and-settlements.jpg?w=1200&#038;ssl=1\"   \/><div id=\"interactive-banner-wrap-9905\" class=\"ult-new-ib-desc\" style=\"\"><h1 class=\"ult-new-ib-title ult-responsive\"  data-ultimate-target='#interactive-banner-wrap-9905 .ult-new-ib-title'  data-responsive-json-new='{\"font-size\":\"desktop:27px;\",\"line-height\":\"desktop:27px;\"}'  style=\"font-weight:bold;\">VILLES ET VILLAGES<\/h1><\/div><a class=\"ult-new-ib-link\" href=\"https:\/\/officialeleutheraharbourisland.com\/fr\/eleuthera\/north-eleuthera\/choses-a-voir\/villes-et-villages\/\" title=\"VILLES ET VILLAGES\"  ><\/a><\/div>[\/vc_column][vc_column width=\u00a0\u00bb1\/4&Prime; css=\u00a0\u00bb.vc_custom_1654258082067{padding: 1px !important;}\u00a0\u00bb]<div class=\"ult-new-ib ult-ib-effect-style14  ult-ib-resp  \" data-min-width=\"768\" data-max-width=\"900\" style=\"background:#000000;\" data-opacity=\"0.5\" data-hover-opacity=\"0.9\" ><img data-recalc-dims=\"1\" decoding=\"async\" class=\"ult-new-ib-img\" style=\"opacity:0.5;\" alt=\"null\" src=\"https:\/\/i0.wp.com\/officialeleutheraharbourisland.com\/wp-content\/uploads\/2022\/05\/nature-and-landmarks.jpg?w=1200&#038;ssl=1\"   \/><div id=\"interactive-banner-wrap-8264\" class=\"ult-new-ib-desc\" style=\"\"><h2 class=\"ult-new-ib-title ult-responsive\"  data-ultimate-target='#interactive-banner-wrap-8264 .ult-new-ib-title'  data-responsive-json-new='{\"font-size\":\"desktop:27px;\",\"line-height\":\"desktop:27px;\"}'  style=\"font-weight:bold;\">NATURE ET PAYSAGES<\/h2><\/div><a class=\"ult-new-ib-link\" href=\"https:\/\/officialeleutheraharbourisland.com\/fr\/eleuthera\/north-eleuthera\/choses-a-voir\/nature-et-paysages\/\" title=\"NATURE ET PAYSAGES\"  ><\/a><\/div>[\/vc_column][vc_column width=\u00a0\u00bb1\/4&Prime;][\/vc_column][\/vc_row]<\/p>\n<\/div>","protected":false},"excerpt":{"rendered":"<p>[vc_row css=\u00a0\u00bb.vc_custom_1653658402907{padding-bottom: 30px !important;}\u00a0\u00bb][vc_column][vc_column_text]Official Eleuthera Harbour Island vous pr\u00e9sente les choses \u00e0 voir \u00e0 North Eleuthera , le Nord de l\u2019\u00eele. Il y a quelques sites sur North Eleuthera qui ne vieillissent jamais. Leur beaut\u00e9 est immuable .\u00a0 Voici quelques-unes des choses \u00e0 voir \u00e0 North Eleuthera : &#8211; The Glass Window Bridge: Le Glass&hellip;<\/p>\n","protected":false},"author":3,"featured_media":0,"parent":62832,"menu_order":3,"comment_status":"closed","ping_status":"closed","template":"","meta":{"footnotes":""},"categories":[],"tags":[],"class_list":["post-62872","page","type-page","status-publish","hentry","description-off"],"yoast_head":"<!-- This site is optimized with the Yoast SEO Premium plugin v25.2 (Yoast SEO v27.4) - https:\/\/yoast.com\/product\/yoast-seo-premium-wordpress\/ -->\n<title>CHOSES A VOIR | Official Eleuthera Harbour Island<\/title>\n<meta name=\"robots\" content=\"index, follow, max-snippet:-1, max-image-preview:large, max-video-preview:-1\" \/>\n<link rel=\"canonical\" href=\"https:\/\/officialeleutheraharbourisland.com\/eleuthera\/north-eleuthera\/things-to-see\/\" \/>\n<meta property=\"og:locale\" content=\"fr_FR\" \/>\n<meta property=\"og:type\" content=\"article\" \/>\n<meta property=\"og:title\" content=\"CHOSES A VOIR\" \/>\n<meta property=\"og:description\" content=\"[vc_row css=\u00a0\u00bb.vc_custom_1653658402907{padding-bottom: 30px !important;}\u00a0\u00bb][vc_column][vc_column_text]Official Eleuthera Harbour Island vous pr\u00e9sente les choses \u00e0 voir \u00e0 North Eleuthera , le Nord de l\u2019\u00eele. Il y a quelques sites sur North Eleuthera qui ne vieillissent jamais. Leur beaut\u00e9 est immuable .\u00a0 Voici quelques-unes des choses \u00e0 voir \u00e0 North Eleuthera : &#8211; The Glass Window Bridge: Le Glass&hellip;\" \/>\n<meta property=\"og:url\" content=\"https:\/\/officialeleutheraharbourisland.com\/eleuthera\/north-eleuthera\/things-to-see\/\" \/>\n<meta property=\"og:site_name\" content=\"Official Eleuthera Harbour Island\" \/>\n<meta property=\"article:modified_time\" content=\"2022-06-21T18:20:53+00:00\" \/>\n<meta name=\"twitter:card\" content=\"summary_large_image\" \/>\n<meta name=\"twitter:label1\" content=\"Dur\u00e9e de lecture estim\u00e9e\" \/>\n\t<meta name=\"twitter:data1\" content=\"2 minutes\" \/>\n<script type=\"application\/ld+json\" class=\"yoast-schema-graph\">{\"@context\":\"https:\\\/\\\/schema.org\",\"@graph\":[{\"@type\":\"WebPage\",\"@id\":\"https:\\\/\\\/officialeleutheraharbourisland.com\\\/eleuthera\\\/north-eleuthera\\\/things-to-see\\\/\",\"url\":\"https:\\\/\\\/officialeleutheraharbourisland.com\\\/eleuthera\\\/north-eleuthera\\\/things-to-see\\\/\",\"name\":\"CHOSES A VOIR | Official Eleuthera Harbour Island\",\"isPartOf\":{\"@id\":\"https:\\\/\\\/officialeleutheraharbourisland.com\\\/#website\"},\"datePublished\":\"2022-03-23T15:30:55+00:00\",\"dateModified\":\"2022-06-21T18:20:53+00:00\",\"breadcrumb\":{\"@id\":\"https:\\\/\\\/officialeleutheraharbourisland.com\\\/eleuthera\\\/north-eleuthera\\\/things-to-see\\\/#breadcrumb\"},\"inLanguage\":\"fr-FR\",\"potentialAction\":[{\"@type\":\"ReadAction\",\"target\":[\"https:\\\/\\\/officialeleutheraharbourisland.com\\\/eleuthera\\\/north-eleuthera\\\/things-to-see\\\/\"]}]},{\"@type\":\"BreadcrumbList\",\"@id\":\"https:\\\/\\\/officialeleutheraharbourisland.com\\\/eleuthera\\\/north-eleuthera\\\/things-to-see\\\/#breadcrumb\",\"itemListElement\":[{\"@type\":\"ListItem\",\"position\":1,\"name\":\"Home\",\"item\":\"https:\\\/\\\/officialeleutheraharbourisland.com\\\/fr\\\/\"},{\"@type\":\"ListItem\",\"position\":2,\"name\":\"ELEUTHERA\",\"item\":\"https:\\\/\\\/officialeleutheraharbourisland.com\\\/fr\\\/eleuthera\\\/\"},{\"@type\":\"ListItem\",\"position\":3,\"name\":\"NORTH ELEUTHERA\",\"item\":\"https:\\\/\\\/officialeleutheraharbourisland.com\\\/eleuthera\\\/north-eleuthera\\\/\"},{\"@type\":\"ListItem\",\"position\":4,\"name\":\"CHOSES A VOIR\"}]},{\"@type\":\"WebSite\",\"@id\":\"https:\\\/\\\/officialeleutheraharbourisland.com\\\/#website\",\"url\":\"https:\\\/\\\/officialeleutheraharbourisland.com\\\/\",\"name\":\"Official Eleuthera Harbour Island\",\"description\":\"Where Beauty &amp; Nature Meet\",\"publisher\":{\"@id\":\"https:\\\/\\\/officialeleutheraharbourisland.com\\\/#organization\"},\"potentialAction\":[{\"@type\":\"SearchAction\",\"target\":{\"@type\":\"EntryPoint\",\"urlTemplate\":\"https:\\\/\\\/officialeleutheraharbourisland.com\\\/?s={search_term_string}\"},\"query-input\":{\"@type\":\"PropertyValueSpecification\",\"valueRequired\":true,\"valueName\":\"search_term_string\"}}],\"inLanguage\":\"fr-FR\"},{\"@type\":\"Organization\",\"@id\":\"https:\\\/\\\/officialeleutheraharbourisland.com\\\/#organization\",\"name\":\"Official Eleuthera Harbour Island\",\"url\":\"https:\\\/\\\/officialeleutheraharbourisland.com\\\/\",\"logo\":{\"@type\":\"ImageObject\",\"inLanguage\":\"fr-FR\",\"@id\":\"https:\\\/\\\/officialeleutheraharbourisland.com\\\/#\\\/schema\\\/logo\\\/image\\\/\",\"url\":\"https:\\\/\\\/officialeleutheraharbourisland.com\\\/wp-content\\\/uploads\\\/2022\\\/03\\\/logo-new-GREY-275.png\",\"contentUrl\":\"https:\\\/\\\/officialeleutheraharbourisland.com\\\/wp-content\\\/uploads\\\/2022\\\/03\\\/logo-new-GREY-275.png\",\"width\":275,\"height\":22,\"caption\":\"Official Eleuthera Harbour Island\"},\"image\":{\"@id\":\"https:\\\/\\\/officialeleutheraharbourisland.com\\\/#\\\/schema\\\/logo\\\/image\\\/\"}}]}<\/script>\n<!-- \/ Yoast SEO Premium plugin. -->","yoast_head_json":{"title":"CHOSES A VOIR | Official Eleuthera Harbour Island","robots":{"index":"index","follow":"follow","max-snippet":"max-snippet:-1","max-image-preview":"max-image-preview:large","max-video-preview":"max-video-preview:-1"},"canonical":"https:\/\/officialeleutheraharbourisland.com\/eleuthera\/north-eleuthera\/things-to-see\/","og_locale":"fr_FR","og_type":"article","og_title":"CHOSES A VOIR","og_description":"[vc_row css=\u00a0\u00bb.vc_custom_1653658402907{padding-bottom: 30px !important;}\u00a0\u00bb][vc_column][vc_column_text]Official Eleuthera Harbour Island vous pr\u00e9sente les choses \u00e0 voir \u00e0 North Eleuthera , le Nord de l\u2019\u00eele. Il y a quelques sites sur North Eleuthera qui ne vieillissent jamais. Leur beaut\u00e9 est immuable .\u00a0 Voici quelques-unes des choses \u00e0 voir \u00e0 North Eleuthera : &#8211; The Glass Window Bridge: Le Glass&hellip;","og_url":"https:\/\/officialeleutheraharbourisland.com\/eleuthera\/north-eleuthera\/things-to-see\/","og_site_name":"Official Eleuthera Harbour Island","article_modified_time":"2022-06-21T18:20:53+00:00","twitter_card":"summary_large_image","twitter_misc":{"Dur\u00e9e de lecture estim\u00e9e":"2 minutes"},"schema":{"@context":"https:\/\/schema.org","@graph":[{"@type":"WebPage","@id":"https:\/\/officialeleutheraharbourisland.com\/eleuthera\/north-eleuthera\/things-to-see\/","url":"https:\/\/officialeleutheraharbourisland.com\/eleuthera\/north-eleuthera\/things-to-see\/","name":"CHOSES A VOIR | Official Eleuthera Harbour Island","isPartOf":{"@id":"https:\/\/officialeleutheraharbourisland.com\/#website"},"datePublished":"2022-03-23T15:30:55+00:00","dateModified":"2022-06-21T18:20:53+00:00","breadcrumb":{"@id":"https:\/\/officialeleutheraharbourisland.com\/eleuthera\/north-eleuthera\/things-to-see\/#breadcrumb"},"inLanguage":"fr-FR","potentialAction":[{"@type":"ReadAction","target":["https:\/\/officialeleutheraharbourisland.com\/eleuthera\/north-eleuthera\/things-to-see\/"]}]},{"@type":"BreadcrumbList","@id":"https:\/\/officialeleutheraharbourisland.com\/eleuthera\/north-eleuthera\/things-to-see\/#breadcrumb","itemListElement":[{"@type":"ListItem","position":1,"name":"Home","item":"https:\/\/officialeleutheraharbourisland.com\/fr\/"},{"@type":"ListItem","position":2,"name":"ELEUTHERA","item":"https:\/\/officialeleutheraharbourisland.com\/fr\/eleuthera\/"},{"@type":"ListItem","position":3,"name":"NORTH ELEUTHERA","item":"https:\/\/officialeleutheraharbourisland.com\/eleuthera\/north-eleuthera\/"},{"@type":"ListItem","position":4,"name":"CHOSES A VOIR"}]},{"@type":"WebSite","@id":"https:\/\/officialeleutheraharbourisland.com\/#website","url":"https:\/\/officialeleutheraharbourisland.com\/","name":"Official Eleuthera Harbour Island","description":"Where Beauty &amp; Nature Meet","publisher":{"@id":"https:\/\/officialeleutheraharbourisland.com\/#organization"},"potentialAction":[{"@type":"SearchAction","target":{"@type":"EntryPoint","urlTemplate":"https:\/\/officialeleutheraharbourisland.com\/?s={search_term_string}"},"query-input":{"@type":"PropertyValueSpecification","valueRequired":true,"valueName":"search_term_string"}}],"inLanguage":"fr-FR"},{"@type":"Organization","@id":"https:\/\/officialeleutheraharbourisland.com\/#organization","name":"Official Eleuthera Harbour Island","url":"https:\/\/officialeleutheraharbourisland.com\/","logo":{"@type":"ImageObject","inLanguage":"fr-FR","@id":"https:\/\/officialeleutheraharbourisland.com\/#\/schema\/logo\/image\/","url":"https:\/\/officialeleutheraharbourisland.com\/wp-content\/uploads\/2022\/03\/logo-new-GREY-275.png","contentUrl":"https:\/\/officialeleutheraharbourisland.com\/wp-content\/uploads\/2022\/03\/logo-new-GREY-275.png","width":275,"height":22,"caption":"Official Eleuthera Harbour Island"},"image":{"@id":"https:\/\/officialeleutheraharbourisland.com\/#\/schema\/logo\/image\/"}}]}},"jetpack_sharing_enabled":true,"_links":{"self":[{"href":"https:\/\/officialeleutheraharbourisland.com\/fr\/wp-json\/wp\/v2\/pages\/62872","targetHints":{"allow":["GET"]}}],"collection":[{"href":"https:\/\/officialeleutheraharbourisland.com\/fr\/wp-json\/wp\/v2\/pages"}],"about":[{"href":"https:\/\/officialeleutheraharbourisland.com\/fr\/wp-json\/wp\/v2\/types\/page"}],"author":[{"embeddable":true,"href":"https:\/\/officialeleutheraharbourisland.com\/fr\/wp-json\/wp\/v2\/users\/3"}],"replies":[{"embeddable":true,"href":"https:\/\/officialeleutheraharbourisland.com\/fr\/wp-json\/wp\/v2\/comments?post=62872"}],"version-history":[{"count":5,"href":"https:\/\/officialeleutheraharbourisland.com\/fr\/wp-json\/wp\/v2\/pages\/62872\/revisions"}],"predecessor-version":[{"id":65326,"href":"https:\/\/officialeleutheraharbourisland.com\/fr\/wp-json\/wp\/v2\/pages\/62872\/revisions\/65326"}],"up":[{"embeddable":true,"href":"https:\/\/officialeleutheraharbourisland.com\/fr\/wp-json\/wp\/v2\/pages\/62832"}],"wp:attachment":[{"href":"https:\/\/officialeleutheraharbourisland.com\/fr\/wp-json\/wp\/v2\/media?parent=62872"}],"wp:term":[{"taxonomy":"category","embeddable":true,"href":"https:\/\/officialeleutheraharbourisland.com\/fr\/wp-json\/wp\/v2\/categories?post=62872"},{"taxonomy":"post_tag","embeddable":true,"href":"https:\/\/officialeleutheraharbourisland.com\/fr\/wp-json\/wp\/v2\/tags?post=62872"}],"curies":[{"name":"wp","href":"https:\/\/api.w.org\/{rel}","templated":true}]}}