{"id":62916,"date":"2022-03-23T15:30:55","date_gmt":"2022-03-23T15:30:55","guid":{"rendered":"https:\/\/officialeleutheraharbourisland.com\/eleuthera\/central-eleuthera\/things-to-see\/"},"modified":"2022-06-21T18:39:17","modified_gmt":"2022-06-21T18:39:17","slug":"choses-a-voir","status":"publish","type":"page","link":"https:\/\/officialeleutheraharbourisland.com\/fr\/eleuthera\/central-eleuthera\/choses-a-voir\/","title":{"rendered":"CHOSES A VOIR"},"content":{"rendered":"<div class=\"wpb-content-wrapper\"><p>[vc_row css=\u00a0\u00bb.vc_custom_1653658481770{padding-bottom: 30px !important;}\u00a0\u00bb][vc_column][vc_column_text]<\/p>\n<p><span style=\"font-weight: 400;\">Official Eleuthera Harbour Island vous pr\u00e9sente quelles sont les choses \u00e0 voir dans le centre d&rsquo;Eleuthera. Voici 10 choses que vous devez voir \u00e0 Central Eleuthera.<\/span><\/p>\n<ol>\n<li style=\"font-weight: 400;\" aria-level=\"1\"><b>La r\u00e9serve de plantes de Leon Levy :<\/b><span style=\"font-weight: 400;\"> La r\u00e9serve se trouve \u00e0 Governor&rsquo;s Harbour et s&rsquo;\u00e9tend sur 30 acres. Il pr\u00e9sente des plantes utilis\u00e9es en\u00a0 m\u00e9decine traditionnelle et constitue une r\u00e9serve pour pr\u00e9server les plantes et arbres locaux. La r\u00e9serve a des promenades, des sentiers et des sites ornithologiques pour observer les oiseaux.<\/span><\/li>\n<li style=\"font-weight: 400;\" aria-level=\"1\"><b>French Leave Beach :<\/b><span style=\"font-weight: 400;\"> La plage de sable blanc est peu fr\u00e9quent\u00e9e et est r\u00e9put\u00e9e\u00a0 pour le snorkeling, la marche et la natation.<\/span><\/li>\n<li style=\"font-weight: 400;\" aria-level=\"1\"><b>Ferme de l&rsquo;\u00eele d&rsquo;Eleuthera :<\/b><span style=\"font-weight: 400;\"> si vous voulez essayer des l\u00e9gumes cultiv\u00e9s localement, des fromages affin\u00e9s, des sauces et feuillet\u00e9s en tous genres, vous devez visiter la ferme de l&rsquo;\u00eele d&rsquo;Eleuthera, qui a \u00e9galement\u00a0 une excellente s\u00e9lection d&rsquo;alcools.<\/span><\/li>\n<li style=\"font-weight: 400;\" aria-level=\"1\"><b>R\u00e9serve marine d&rsquo;Edwin&rsquo;s Turtle Lake :<\/b><span style=\"font-weight: 400;\"> vous pouvez faire du paddle, faire du kayak, du cano\u00eb ou simplement visiter l&rsquo;endroit o\u00f9 se trouvent les tortues marines.<\/span><\/li>\n<li style=\"font-weight: 400;\" aria-level=\"1\"><b>Ten Bay Beach :<\/b><span style=\"font-weight: 400;\"> La plage est connue pour ses eaux calmes et ses coquillages appel\u00e9s \u201cdollars de sable\u201d. Ten Bay Beach est \u00e9galement un endroit populaire pour le snorkeling.<\/span><\/li>\n<li style=\"font-weight: 400;\" aria-level=\"1\"><b>Double Bay Beach :<\/b><span style=\"font-weight: 400;\"> Si vous aimez les plages, vous devez visiter Double Bay Beach pour marcher sur le sable rose et admirer la beaut\u00e9 de l&rsquo;eau bleue cristalline.<\/span><\/li>\n<li style=\"font-weight: 400;\" aria-level=\"1\"><b>Windermere Island :<\/b><span style=\"font-weight: 400;\"> L&rsquo;\u00eele est connue pour ses c\u00e9l\u00e9brit\u00e9s qui l&rsquo;utilisent comme une escapade priv\u00e9e. L&rsquo;\u00eele est reli\u00e9e \u00e0 Eleuthera par un petit pont.<\/span><\/li>\n<li style=\"font-weight: 400;\" aria-level=\"1\"><b>\u00c9quitation :<\/b><span style=\"font-weight: 400;\"> Situ\u00e9 \u00e0 Governor&rsquo;s Harbour, Oceanview Farm est le seul centre \u00e9questre de l&rsquo;\u00eele. La ferme poss\u00e8de des chevaux qui conviennent aux cavaliers de tous niveaux.<\/span><\/li>\n<li style=\"font-weight: 400;\" aria-level=\"1\"><b>Savannah Sound :<\/b><span style=\"font-weight: 400;\"> C&rsquo;est une destination touristique surprenante qui vaut la peine d\u2019\u00eatre visit\u00e9e.<\/span><\/li>\n<li style=\"font-weight: 400;\" aria-level=\"1\"><b>Governor&rsquo;s Harbour :<\/b><span style=\"font-weight: 400;\"> \u00a0 C&rsquo;est l&rsquo;une des plus anciennes colonies d&rsquo;Eleuthera et poss\u00e8de un h\u00e9ritage colonial britannique. Vous pouvez voir quelques-unes des \u00e9l\u00e9gantes maisons coloniales et le front de mer paisible. Il y a longtemps, la ville cultivait l\u2019ananas et l\u2019exportait en direction du Royaume-Uni, du\u00a0 Canada et des \u00c9tats-Unis.<\/span><\/li>\n<\/ol>\n<p>[\/vc_column_text][\/vc_column][\/vc_row][vc_row content_placement=\u00a0\u00bbmiddle\u00a0\u00bb][vc_column width=\u00a0\u00bb1\/4&Prime; css=\u00a0\u00bb.vc_custom_1654257872834{padding: 1px !important;}\u00a0\u00bb][\/vc_column][vc_column width=\u00a0\u00bb1\/4&Prime; css=\u00a0\u00bb.vc_custom_1654257880055{padding: 1px !important;}\u00a0\u00bb]<div class=\"ult-new-ib ult-ib-effect-style14  ult-ib-resp  \" data-min-width=\"768\" data-max-width=\"900\" style=\"background:#000000;\" data-opacity=\"0.5\" data-hover-opacity=\"0.9\" ><img data-recalc-dims=\"1\" decoding=\"async\" class=\"ult-new-ib-img\" style=\"opacity:0.5;\" alt=\"null\" src=\"https:\/\/i0.wp.com\/officialeleutheraharbourisland.com\/wp-content\/uploads\/2022\/05\/town-and-settlements.jpg?w=1200&#038;ssl=1\"   \/><div id=\"interactive-banner-wrap-9976\" class=\"ult-new-ib-desc\" style=\"\"><h1 class=\"ult-new-ib-title ult-responsive\"  data-ultimate-target='#interactive-banner-wrap-9976 .ult-new-ib-title'  data-responsive-json-new='{\"font-size\":\"desktop:27px;\",\"line-height\":\"desktop:27px;\"}'  style=\"font-weight:bold;\">VILLES ET VILLAGES<\/h1><\/div><a class=\"ult-new-ib-link\" href=\"https:\/\/officialeleutheraharbourisland.com\/fr\/eleuthera\/central-eleuthera\/choses-a-voir\/villes-et-villages\/\" title=\"VILLES ET VILLAGES\"  ><\/a><\/div>[\/vc_column][vc_column width=\u00a0\u00bb1\/4&Prime; css=\u00a0\u00bb.vc_custom_1654257893905{padding: 1px !important;}\u00a0\u00bb]<div class=\"ult-new-ib ult-ib-effect-style14  ult-ib-resp  \" data-min-width=\"768\" data-max-width=\"900\" style=\"background:#000000;\" data-opacity=\"0.5\" data-hover-opacity=\"0.9\" ><img data-recalc-dims=\"1\" decoding=\"async\" class=\"ult-new-ib-img\" style=\"opacity:0.5;\" alt=\"null\" src=\"https:\/\/i0.wp.com\/officialeleutheraharbourisland.com\/wp-content\/uploads\/2022\/05\/nature-and-landmarks.jpg?w=1200&#038;ssl=1\"   \/><div id=\"interactive-banner-wrap-9785\" class=\"ult-new-ib-desc\" style=\"\"><h2 class=\"ult-new-ib-title ult-responsive\"  data-ultimate-target='#interactive-banner-wrap-9785 .ult-new-ib-title'  data-responsive-json-new='{\"font-size\":\"desktop:27px;\",\"line-height\":\"desktop:27px;\"}'  style=\"font-weight:bold;\">NATURE ET PAYSAGES<\/h2><\/div><a class=\"ult-new-ib-link\" href=\"https:\/\/officialeleutheraharbourisland.com\/fr\/eleuthera\/central-eleuthera\/choses-a-voir\/nature-et-paysages\/\" title=\"NATURE ET PAYSAGES\"  ><\/a><\/div>[\/vc_column][vc_column width=\u00a0\u00bb1\/4&Prime;][\/vc_column][\/vc_row]<\/p>\n<\/div>","protected":false},"excerpt":{"rendered":"<p>[vc_row css=\u00a0\u00bb.vc_custom_1653658481770{padding-bottom: 30px !important;}\u00a0\u00bb][vc_column][vc_column_text] Official Eleuthera Harbour Island vous pr\u00e9sente quelles sont les choses \u00e0 voir dans le centre d&rsquo;Eleuthera. Voici 10 choses que vous devez voir \u00e0 Central Eleuthera. La r\u00e9serve de plantes de Leon Levy : La r\u00e9serve se trouve \u00e0 Governor&rsquo;s Harbour et s&rsquo;\u00e9tend sur 30 acres. Il pr\u00e9sente des plantes utilis\u00e9es&hellip;<\/p>\n","protected":false},"author":3,"featured_media":0,"parent":62913,"menu_order":3,"comment_status":"closed","ping_status":"closed","template":"","meta":{"footnotes":""},"categories":[],"tags":[],"class_list":["post-62916","page","type-page","status-publish","hentry","description-off"],"yoast_head":"<!-- This site is optimized with the Yoast SEO Premium plugin v25.2 (Yoast SEO v27.4) - https:\/\/yoast.com\/product\/yoast-seo-premium-wordpress\/ -->\n<title>CHOSES A VOIR | Official Eleuthera Harbour Island<\/title>\n<meta name=\"robots\" content=\"index, follow, max-snippet:-1, max-image-preview:large, max-video-preview:-1\" \/>\n<link rel=\"canonical\" href=\"https:\/\/officialeleutheraharbourisland.com\/fr\/eleuthera\/central-eleuthera\/choses-a-voir\/\" \/>\n<meta property=\"og:locale\" content=\"fr_FR\" \/>\n<meta property=\"og:type\" content=\"article\" \/>\n<meta property=\"og:title\" content=\"CHOSES A VOIR\" \/>\n<meta property=\"og:description\" content=\"[vc_row css=\u00a0\u00bb.vc_custom_1653658481770{padding-bottom: 30px !important;}\u00a0\u00bb][vc_column][vc_column_text] Official Eleuthera Harbour Island vous pr\u00e9sente quelles sont les choses \u00e0 voir dans le centre d&rsquo;Eleuthera. Voici 10 choses que vous devez voir \u00e0 Central Eleuthera. La r\u00e9serve de plantes de Leon Levy : La r\u00e9serve se trouve \u00e0 Governor&rsquo;s Harbour et s&rsquo;\u00e9tend sur 30 acres. Il pr\u00e9sente des plantes utilis\u00e9es&hellip;\" \/>\n<meta property=\"og:url\" content=\"https:\/\/officialeleutheraharbourisland.com\/fr\/eleuthera\/central-eleuthera\/choses-a-voir\/\" \/>\n<meta property=\"og:site_name\" content=\"Official Eleuthera Harbour Island\" \/>\n<meta property=\"article:modified_time\" content=\"2022-06-21T18:39:17+00:00\" \/>\n<meta name=\"twitter:card\" content=\"summary_large_image\" \/>\n<meta name=\"twitter:label1\" content=\"Dur\u00e9e de lecture estim\u00e9e\" \/>\n\t<meta name=\"twitter:data1\" content=\"2 minutes\" \/>\n<script type=\"application\/ld+json\" class=\"yoast-schema-graph\">{\"@context\":\"https:\\\/\\\/schema.org\",\"@graph\":[{\"@type\":\"WebPage\",\"@id\":\"https:\\\/\\\/officialeleutheraharbourisland.com\\\/fr\\\/eleuthera\\\/central-eleuthera\\\/choses-a-voir\\\/\",\"url\":\"https:\\\/\\\/officialeleutheraharbourisland.com\\\/fr\\\/eleuthera\\\/central-eleuthera\\\/choses-a-voir\\\/\",\"name\":\"CHOSES A VOIR | Official Eleuthera Harbour Island\",\"isPartOf\":{\"@id\":\"https:\\\/\\\/officialeleutheraharbourisland.com\\\/#website\"},\"datePublished\":\"2022-03-23T15:30:55+00:00\",\"dateModified\":\"2022-06-21T18:39:17+00:00\",\"breadcrumb\":{\"@id\":\"https:\\\/\\\/officialeleutheraharbourisland.com\\\/fr\\\/eleuthera\\\/central-eleuthera\\\/choses-a-voir\\\/#breadcrumb\"},\"inLanguage\":\"fr-FR\",\"potentialAction\":[{\"@type\":\"ReadAction\",\"target\":[\"https:\\\/\\\/officialeleutheraharbourisland.com\\\/fr\\\/eleuthera\\\/central-eleuthera\\\/choses-a-voir\\\/\"]}]},{\"@type\":\"BreadcrumbList\",\"@id\":\"https:\\\/\\\/officialeleutheraharbourisland.com\\\/fr\\\/eleuthera\\\/central-eleuthera\\\/choses-a-voir\\\/#breadcrumb\",\"itemListElement\":[{\"@type\":\"ListItem\",\"position\":1,\"name\":\"Home\",\"item\":\"https:\\\/\\\/officialeleutheraharbourisland.com\\\/fr\\\/\"},{\"@type\":\"ListItem\",\"position\":2,\"name\":\"ELEUTHERA\",\"item\":\"https:\\\/\\\/officialeleutheraharbourisland.com\\\/fr\\\/eleuthera\\\/\"},{\"@type\":\"ListItem\",\"position\":3,\"name\":\"CENTRAL ELEUTHERA\",\"item\":\"https:\\\/\\\/officialeleutheraharbourisland.com\\\/fr\\\/eleuthera\\\/central-eleuthera\\\/\"},{\"@type\":\"ListItem\",\"position\":4,\"name\":\"CHOSES A VOIR\"}]},{\"@type\":\"WebSite\",\"@id\":\"https:\\\/\\\/officialeleutheraharbourisland.com\\\/#website\",\"url\":\"https:\\\/\\\/officialeleutheraharbourisland.com\\\/\",\"name\":\"Official Eleuthera Harbour Island\",\"description\":\"Where Beauty &amp; Nature Meet\",\"publisher\":{\"@id\":\"https:\\\/\\\/officialeleutheraharbourisland.com\\\/#organization\"},\"potentialAction\":[{\"@type\":\"SearchAction\",\"target\":{\"@type\":\"EntryPoint\",\"urlTemplate\":\"https:\\\/\\\/officialeleutheraharbourisland.com\\\/?s={search_term_string}\"},\"query-input\":{\"@type\":\"PropertyValueSpecification\",\"valueRequired\":true,\"valueName\":\"search_term_string\"}}],\"inLanguage\":\"fr-FR\"},{\"@type\":\"Organization\",\"@id\":\"https:\\\/\\\/officialeleutheraharbourisland.com\\\/#organization\",\"name\":\"Official Eleuthera Harbour Island\",\"url\":\"https:\\\/\\\/officialeleutheraharbourisland.com\\\/\",\"logo\":{\"@type\":\"ImageObject\",\"inLanguage\":\"fr-FR\",\"@id\":\"https:\\\/\\\/officialeleutheraharbourisland.com\\\/#\\\/schema\\\/logo\\\/image\\\/\",\"url\":\"https:\\\/\\\/officialeleutheraharbourisland.com\\\/wp-content\\\/uploads\\\/2022\\\/03\\\/logo-new-GREY-275.png\",\"contentUrl\":\"https:\\\/\\\/officialeleutheraharbourisland.com\\\/wp-content\\\/uploads\\\/2022\\\/03\\\/logo-new-GREY-275.png\",\"width\":275,\"height\":22,\"caption\":\"Official Eleuthera Harbour Island\"},\"image\":{\"@id\":\"https:\\\/\\\/officialeleutheraharbourisland.com\\\/#\\\/schema\\\/logo\\\/image\\\/\"}}]}<\/script>\n<!-- \/ Yoast SEO Premium plugin. -->","yoast_head_json":{"title":"CHOSES A VOIR | Official Eleuthera Harbour Island","robots":{"index":"index","follow":"follow","max-snippet":"max-snippet:-1","max-image-preview":"max-image-preview:large","max-video-preview":"max-video-preview:-1"},"canonical":"https:\/\/officialeleutheraharbourisland.com\/fr\/eleuthera\/central-eleuthera\/choses-a-voir\/","og_locale":"fr_FR","og_type":"article","og_title":"CHOSES A VOIR","og_description":"[vc_row css=\u00a0\u00bb.vc_custom_1653658481770{padding-bottom: 30px !important;}\u00a0\u00bb][vc_column][vc_column_text] Official Eleuthera Harbour Island vous pr\u00e9sente quelles sont les choses \u00e0 voir dans le centre d&rsquo;Eleuthera. Voici 10 choses que vous devez voir \u00e0 Central Eleuthera. La r\u00e9serve de plantes de Leon Levy : La r\u00e9serve se trouve \u00e0 Governor&rsquo;s Harbour et s&rsquo;\u00e9tend sur 30 acres. Il pr\u00e9sente des plantes utilis\u00e9es&hellip;","og_url":"https:\/\/officialeleutheraharbourisland.com\/fr\/eleuthera\/central-eleuthera\/choses-a-voir\/","og_site_name":"Official Eleuthera Harbour Island","article_modified_time":"2022-06-21T18:39:17+00:00","twitter_card":"summary_large_image","twitter_misc":{"Dur\u00e9e de lecture estim\u00e9e":"2 minutes"},"schema":{"@context":"https:\/\/schema.org","@graph":[{"@type":"WebPage","@id":"https:\/\/officialeleutheraharbourisland.com\/fr\/eleuthera\/central-eleuthera\/choses-a-voir\/","url":"https:\/\/officialeleutheraharbourisland.com\/fr\/eleuthera\/central-eleuthera\/choses-a-voir\/","name":"CHOSES A VOIR | Official Eleuthera Harbour Island","isPartOf":{"@id":"https:\/\/officialeleutheraharbourisland.com\/#website"},"datePublished":"2022-03-23T15:30:55+00:00","dateModified":"2022-06-21T18:39:17+00:00","breadcrumb":{"@id":"https:\/\/officialeleutheraharbourisland.com\/fr\/eleuthera\/central-eleuthera\/choses-a-voir\/#breadcrumb"},"inLanguage":"fr-FR","potentialAction":[{"@type":"ReadAction","target":["https:\/\/officialeleutheraharbourisland.com\/fr\/eleuthera\/central-eleuthera\/choses-a-voir\/"]}]},{"@type":"BreadcrumbList","@id":"https:\/\/officialeleutheraharbourisland.com\/fr\/eleuthera\/central-eleuthera\/choses-a-voir\/#breadcrumb","itemListElement":[{"@type":"ListItem","position":1,"name":"Home","item":"https:\/\/officialeleutheraharbourisland.com\/fr\/"},{"@type":"ListItem","position":2,"name":"ELEUTHERA","item":"https:\/\/officialeleutheraharbourisland.com\/fr\/eleuthera\/"},{"@type":"ListItem","position":3,"name":"CENTRAL ELEUTHERA","item":"https:\/\/officialeleutheraharbourisland.com\/fr\/eleuthera\/central-eleuthera\/"},{"@type":"ListItem","position":4,"name":"CHOSES A VOIR"}]},{"@type":"WebSite","@id":"https:\/\/officialeleutheraharbourisland.com\/#website","url":"https:\/\/officialeleutheraharbourisland.com\/","name":"Official Eleuthera Harbour Island","description":"Where Beauty &amp; Nature Meet","publisher":{"@id":"https:\/\/officialeleutheraharbourisland.com\/#organization"},"potentialAction":[{"@type":"SearchAction","target":{"@type":"EntryPoint","urlTemplate":"https:\/\/officialeleutheraharbourisland.com\/?s={search_term_string}"},"query-input":{"@type":"PropertyValueSpecification","valueRequired":true,"valueName":"search_term_string"}}],"inLanguage":"fr-FR"},{"@type":"Organization","@id":"https:\/\/officialeleutheraharbourisland.com\/#organization","name":"Official Eleuthera Harbour Island","url":"https:\/\/officialeleutheraharbourisland.com\/","logo":{"@type":"ImageObject","inLanguage":"fr-FR","@id":"https:\/\/officialeleutheraharbourisland.com\/#\/schema\/logo\/image\/","url":"https:\/\/officialeleutheraharbourisland.com\/wp-content\/uploads\/2022\/03\/logo-new-GREY-275.png","contentUrl":"https:\/\/officialeleutheraharbourisland.com\/wp-content\/uploads\/2022\/03\/logo-new-GREY-275.png","width":275,"height":22,"caption":"Official Eleuthera Harbour Island"},"image":{"@id":"https:\/\/officialeleutheraharbourisland.com\/#\/schema\/logo\/image\/"}}]}},"jetpack_sharing_enabled":true,"_links":{"self":[{"href":"https:\/\/officialeleutheraharbourisland.com\/fr\/wp-json\/wp\/v2\/pages\/62916","targetHints":{"allow":["GET"]}}],"collection":[{"href":"https:\/\/officialeleutheraharbourisland.com\/fr\/wp-json\/wp\/v2\/pages"}],"about":[{"href":"https:\/\/officialeleutheraharbourisland.com\/fr\/wp-json\/wp\/v2\/types\/page"}],"author":[{"embeddable":true,"href":"https:\/\/officialeleutheraharbourisland.com\/fr\/wp-json\/wp\/v2\/users\/3"}],"replies":[{"embeddable":true,"href":"https:\/\/officialeleutheraharbourisland.com\/fr\/wp-json\/wp\/v2\/comments?post=62916"}],"version-history":[{"count":5,"href":"https:\/\/officialeleutheraharbourisland.com\/fr\/wp-json\/wp\/v2\/pages\/62916\/revisions"}],"predecessor-version":[{"id":65363,"href":"https:\/\/officialeleutheraharbourisland.com\/fr\/wp-json\/wp\/v2\/pages\/62916\/revisions\/65363"}],"up":[{"embeddable":true,"href":"https:\/\/officialeleutheraharbourisland.com\/fr\/wp-json\/wp\/v2\/pages\/62913"}],"wp:attachment":[{"href":"https:\/\/officialeleutheraharbourisland.com\/fr\/wp-json\/wp\/v2\/media?parent=62916"}],"wp:term":[{"taxonomy":"category","embeddable":true,"href":"https:\/\/officialeleutheraharbourisland.com\/fr\/wp-json\/wp\/v2\/categories?post=62916"},{"taxonomy":"post_tag","embeddable":true,"href":"https:\/\/officialeleutheraharbourisland.com\/fr\/wp-json\/wp\/v2\/tags?post=62916"}],"curies":[{"name":"wp","href":"https:\/\/api.w.org\/{rel}","templated":true}]}}