{"id":62951,"date":"2022-03-23T15:25:12","date_gmt":"2022-03-23T15:25:12","guid":{"rendered":"https:\/\/officialeleutheraharbourisland.com\/eleuthera\/central-eleuthera\/about\/"},"modified":"2022-06-19T15:52:24","modified_gmt":"2022-06-19T15:52:24","slug":"presentation","status":"publish","type":"page","link":"https:\/\/officialeleutheraharbourisland.com\/fr\/eleuthera\/central-eleuthera\/presentation\/","title":{"rendered":"PRESENTATION"},"content":{"rendered":"<div class=\"wpb-content-wrapper\"><p>[vc_row][vc_column][vc_column_text]Official Eleuthera Harbour Island vous pr\u00e9sente Central Eleuthera, le centre d\u2019Eleuthera. Leon Levy Native Plant Preserve, un jardin botanique au bord du port avec de magnifiques\u00a0 oiseaux, et la French Leave Beach, une immense plage de sable blanc, sont des endroits tr\u00e8s appr\u00e9ci\u00e9s des touristes. Governor\u2019s Harbour et Savannah Sound sont les principales villes du centre d\u2019Eleuthera.<\/p>\n<p><b>Lieux et exp\u00e9riences incontournables\u00a0 de South Eleuthera<\/b> \u2013 Les lieux embl\u00e9matiques de Central Eleuthera sont la plage de Ten Bay, l\u2019\u00eele Windermere, la plage de Double Bay, la ferme de l\u2019\u00eele d\u2019Eleuthera, la maison Helios, Double Bay et la r\u00e9serve marine d\u2019Edwin\u2019s Turtle Lake, id\u00e9al pour faire du Kayak. Nous vous recommandons de visiter Governor\u2019s Harbour, Gregory Town et North Palmetto Point. Fishbone Tours vous offrira de vivre une exp\u00e9rience amusante et inoubliable si vous voulez essayer le bonefishing et la p\u00eache sur r\u00e9cif.<\/p>\n<p><b>Choses \u00e0 faire \u00e0 Central Eleuthera<\/b> \u2013 Certaines des activit\u00e9s populaires \u00e0 Central Eleuthera sont la plong\u00e9e sous-marine, le kayak, le snorkeling ,\u00a0 la p\u00eache en haute mer et le bonefishing. Si vous voulez voir des bernard-l\u2019ermite sauvages, visitez la magnifique plage de Twin Coves.<\/p>\n<p><b>Locations de vacances et Resorts <\/b>\u2013 Certaines des locations de vacances les mieux not\u00e9es \u00e0 Central Eleuthera se trouvent \u00e0 North Palmetto Point, Governor\u2019s Harbour et Savannah Sound. La plupart des locations et des Resorts sont situ\u00e9s \u00e0 quelques minutes des plages de sable rose.<\/p>\n<p><b>Bars et restaurants dans le centre d\u2019Eleuthera<\/b> \u2013 Les restaurants tr\u00e8s appr\u00e9ci\u00e9s des touristes dans le centre d\u2019Eleuthera sont le Fishbone\u2019s Beach Bar &amp; Grill \u00e0 Savannah Sound, le restaurant Tippy\u2019s \u00e0 Governor\u2019s Harbour, le bar Ronnies Hi-D-Way et le restaurant Queen of Tart\u2019s.<\/p>\n<p><b>Boutiques de souvenirs \u00e0 Central Eleuthera<\/b> \u2013 Voici les trois boutiques de souvenirs \u00e0 Central Eleuthera :<\/p>\n<ol>\n<li aria-level=\"1\">Norma\u2019s, une boutique de cadeaux \u00e0 Governor\u2019s Harbour, vend des t-shirts de qualit\u00e9 \u00e0 des prix abordables.<\/li>\n<li aria-level=\"1\">La boutique de cadeaux Valeries Souvenirs and Sewing vend des sacs \u00e0 main, des \u0153uvres d\u2019art, des bijoux et des v\u00eatements.<\/li>\n<li aria-level=\"1\">La boutique et le caf\u00e9 Tea Kettle Gift proposent des sacs en tissu respectueux de l\u2019environnement, des paniers tiss\u00e9s, des colliers, des t-shirts color\u00e9s et des bougies parfum\u00e9es artisanales.<\/li>\n<\/ol>\n<p>[\/vc_column_text][vc_empty_space][\/vc_column][\/vc_row][vc_row][vc_column][vc_single_image image=\u00a0\u00bb60838&Prime; img_size=\u00a0\u00bb900&#215;600&Prime; alignment=\u00a0\u00bbcenter\u00a0\u00bb][\/vc_column][\/vc_row]<\/p>\n<\/div>","protected":false},"excerpt":{"rendered":"<p>[vc_row][vc_column][vc_column_text]Official Eleuthera Harbour Island vous pr\u00e9sente Central Eleuthera, le centre d\u2019Eleuthera. Leon Levy Native Plant Preserve, un jardin botanique au bord du port avec de magnifiques\u00a0 oiseaux, et la French Leave Beach, une immense plage de sable blanc, sont des endroits tr\u00e8s appr\u00e9ci\u00e9s des touristes. Governor\u2019s Harbour et Savannah Sound sont les principales villes du&hellip;<\/p>\n","protected":false},"author":3,"featured_media":62166,"parent":62913,"menu_order":3,"comment_status":"closed","ping_status":"closed","template":"","meta":{"footnotes":""},"categories":[],"tags":[],"class_list":["post-62951","page","type-page","status-publish","has-post-thumbnail","hentry","description-off"],"yoast_head":"<!-- This site is optimized with the Yoast SEO Premium plugin v25.2 (Yoast SEO v27.3) - https:\/\/yoast.com\/product\/yoast-seo-premium-wordpress\/ -->\n<title>PRESENTATION | Official Eleuthera Harbour Island<\/title>\n<meta name=\"robots\" content=\"index, follow, max-snippet:-1, max-image-preview:large, max-video-preview:-1\" \/>\n<link rel=\"canonical\" href=\"https:\/\/officialeleutheraharbourisland.com\/fr\/eleuthera\/central-eleuthera\/presentation\/\" \/>\n<meta property=\"og:locale\" content=\"fr_FR\" \/>\n<meta property=\"og:type\" content=\"article\" \/>\n<meta property=\"og:title\" content=\"PRESENTATION\" \/>\n<meta property=\"og:description\" content=\"[vc_row][vc_column][vc_column_text]Official Eleuthera Harbour Island vous pr\u00e9sente Central Eleuthera, le centre d\u2019Eleuthera. Leon Levy Native Plant Preserve, un jardin botanique au bord du port avec de magnifiques\u00a0 oiseaux, et la French Leave Beach, une immense plage de sable blanc, sont des endroits tr\u00e8s appr\u00e9ci\u00e9s des touristes. Governor\u2019s Harbour et Savannah Sound sont les principales villes du&hellip;\" \/>\n<meta property=\"og:url\" content=\"https:\/\/officialeleutheraharbourisland.com\/fr\/eleuthera\/central-eleuthera\/presentation\/\" \/>\n<meta property=\"og:site_name\" content=\"Official Eleuthera Harbour Island\" \/>\n<meta property=\"article:modified_time\" content=\"2022-06-19T15:52:24+00:00\" \/>\n<meta property=\"og:image\" content=\"https:\/\/officialeleutheraharbourisland.com\/wp-content\/uploads\/2022\/05\/central-eleuthera.jpeg\" \/>\n\t<meta property=\"og:image:width\" content=\"640\" \/>\n\t<meta property=\"og:image:height\" content=\"480\" \/>\n\t<meta property=\"og:image:type\" content=\"image\/jpeg\" \/>\n<meta name=\"twitter:card\" content=\"summary_large_image\" \/>\n<meta name=\"twitter:label1\" content=\"Dur\u00e9e de lecture estim\u00e9e\" \/>\n\t<meta name=\"twitter:data1\" content=\"2 minutes\" \/>\n<script type=\"application\/ld+json\" class=\"yoast-schema-graph\">{\"@context\":\"https:\\\/\\\/schema.org\",\"@graph\":[{\"@type\":\"WebPage\",\"@id\":\"https:\\\/\\\/officialeleutheraharbourisland.com\\\/fr\\\/eleuthera\\\/central-eleuthera\\\/presentation\\\/\",\"url\":\"https:\\\/\\\/officialeleutheraharbourisland.com\\\/fr\\\/eleuthera\\\/central-eleuthera\\\/presentation\\\/\",\"name\":\"PRESENTATION | Official Eleuthera Harbour Island\",\"isPartOf\":{\"@id\":\"https:\\\/\\\/officialeleutheraharbourisland.com\\\/#website\"},\"primaryImageOfPage\":{\"@id\":\"https:\\\/\\\/officialeleutheraharbourisland.com\\\/fr\\\/eleuthera\\\/central-eleuthera\\\/presentation\\\/#primaryimage\"},\"image\":{\"@id\":\"https:\\\/\\\/officialeleutheraharbourisland.com\\\/fr\\\/eleuthera\\\/central-eleuthera\\\/presentation\\\/#primaryimage\"},\"thumbnailUrl\":\"https:\\\/\\\/officialeleutheraharbourisland.com\\\/wp-content\\\/uploads\\\/2022\\\/05\\\/central-eleuthera.jpeg\",\"datePublished\":\"2022-03-23T15:25:12+00:00\",\"dateModified\":\"2022-06-19T15:52:24+00:00\",\"breadcrumb\":{\"@id\":\"https:\\\/\\\/officialeleutheraharbourisland.com\\\/fr\\\/eleuthera\\\/central-eleuthera\\\/presentation\\\/#breadcrumb\"},\"inLanguage\":\"fr-FR\",\"potentialAction\":[{\"@type\":\"ReadAction\",\"target\":[\"https:\\\/\\\/officialeleutheraharbourisland.com\\\/fr\\\/eleuthera\\\/central-eleuthera\\\/presentation\\\/\"]}]},{\"@type\":\"ImageObject\",\"inLanguage\":\"fr-FR\",\"@id\":\"https:\\\/\\\/officialeleutheraharbourisland.com\\\/fr\\\/eleuthera\\\/central-eleuthera\\\/presentation\\\/#primaryimage\",\"url\":\"https:\\\/\\\/officialeleutheraharbourisland.com\\\/wp-content\\\/uploads\\\/2022\\\/05\\\/central-eleuthera.jpeg\",\"contentUrl\":\"https:\\\/\\\/officialeleutheraharbourisland.com\\\/wp-content\\\/uploads\\\/2022\\\/05\\\/central-eleuthera.jpeg\",\"width\":640,\"height\":480},{\"@type\":\"BreadcrumbList\",\"@id\":\"https:\\\/\\\/officialeleutheraharbourisland.com\\\/fr\\\/eleuthera\\\/central-eleuthera\\\/presentation\\\/#breadcrumb\",\"itemListElement\":[{\"@type\":\"ListItem\",\"position\":1,\"name\":\"Home\",\"item\":\"https:\\\/\\\/officialeleutheraharbourisland.com\\\/fr\\\/\"},{\"@type\":\"ListItem\",\"position\":2,\"name\":\"ELEUTHERA\",\"item\":\"https:\\\/\\\/officialeleutheraharbourisland.com\\\/fr\\\/eleuthera\\\/\"},{\"@type\":\"ListItem\",\"position\":3,\"name\":\"CENTRAL ELEUTHERA\",\"item\":\"https:\\\/\\\/officialeleutheraharbourisland.com\\\/fr\\\/eleuthera\\\/central-eleuthera\\\/\"},{\"@type\":\"ListItem\",\"position\":4,\"name\":\"PRESENTATION\"}]},{\"@type\":\"WebSite\",\"@id\":\"https:\\\/\\\/officialeleutheraharbourisland.com\\\/#website\",\"url\":\"https:\\\/\\\/officialeleutheraharbourisland.com\\\/\",\"name\":\"Official Eleuthera Harbour Island\",\"description\":\"Where Beauty &amp; Nature Meet\",\"publisher\":{\"@id\":\"https:\\\/\\\/officialeleutheraharbourisland.com\\\/#organization\"},\"potentialAction\":[{\"@type\":\"SearchAction\",\"target\":{\"@type\":\"EntryPoint\",\"urlTemplate\":\"https:\\\/\\\/officialeleutheraharbourisland.com\\\/?s={search_term_string}\"},\"query-input\":{\"@type\":\"PropertyValueSpecification\",\"valueRequired\":true,\"valueName\":\"search_term_string\"}}],\"inLanguage\":\"fr-FR\"},{\"@type\":\"Organization\",\"@id\":\"https:\\\/\\\/officialeleutheraharbourisland.com\\\/#organization\",\"name\":\"Official Eleuthera Harbour Island\",\"url\":\"https:\\\/\\\/officialeleutheraharbourisland.com\\\/\",\"logo\":{\"@type\":\"ImageObject\",\"inLanguage\":\"fr-FR\",\"@id\":\"https:\\\/\\\/officialeleutheraharbourisland.com\\\/#\\\/schema\\\/logo\\\/image\\\/\",\"url\":\"https:\\\/\\\/officialeleutheraharbourisland.com\\\/wp-content\\\/uploads\\\/2022\\\/03\\\/logo-new-GREY-275.png\",\"contentUrl\":\"https:\\\/\\\/officialeleutheraharbourisland.com\\\/wp-content\\\/uploads\\\/2022\\\/03\\\/logo-new-GREY-275.png\",\"width\":275,\"height\":22,\"caption\":\"Official Eleuthera Harbour Island\"},\"image\":{\"@id\":\"https:\\\/\\\/officialeleutheraharbourisland.com\\\/#\\\/schema\\\/logo\\\/image\\\/\"}}]}<\/script>\n<!-- \/ Yoast SEO Premium plugin. -->","yoast_head_json":{"title":"PRESENTATION | Official Eleuthera Harbour Island","robots":{"index":"index","follow":"follow","max-snippet":"max-snippet:-1","max-image-preview":"max-image-preview:large","max-video-preview":"max-video-preview:-1"},"canonical":"https:\/\/officialeleutheraharbourisland.com\/fr\/eleuthera\/central-eleuthera\/presentation\/","og_locale":"fr_FR","og_type":"article","og_title":"PRESENTATION","og_description":"[vc_row][vc_column][vc_column_text]Official Eleuthera Harbour Island vous pr\u00e9sente Central Eleuthera, le centre d\u2019Eleuthera. Leon Levy Native Plant Preserve, un jardin botanique au bord du port avec de magnifiques\u00a0 oiseaux, et la French Leave Beach, une immense plage de sable blanc, sont des endroits tr\u00e8s appr\u00e9ci\u00e9s des touristes. Governor\u2019s Harbour et Savannah Sound sont les principales villes du&hellip;","og_url":"https:\/\/officialeleutheraharbourisland.com\/fr\/eleuthera\/central-eleuthera\/presentation\/","og_site_name":"Official Eleuthera Harbour Island","article_modified_time":"2022-06-19T15:52:24+00:00","og_image":[{"width":640,"height":480,"url":"https:\/\/officialeleutheraharbourisland.com\/wp-content\/uploads\/2022\/05\/central-eleuthera.jpeg","type":"image\/jpeg"}],"twitter_card":"summary_large_image","twitter_misc":{"Dur\u00e9e de lecture estim\u00e9e":"2 minutes"},"schema":{"@context":"https:\/\/schema.org","@graph":[{"@type":"WebPage","@id":"https:\/\/officialeleutheraharbourisland.com\/fr\/eleuthera\/central-eleuthera\/presentation\/","url":"https:\/\/officialeleutheraharbourisland.com\/fr\/eleuthera\/central-eleuthera\/presentation\/","name":"PRESENTATION | Official Eleuthera Harbour Island","isPartOf":{"@id":"https:\/\/officialeleutheraharbourisland.com\/#website"},"primaryImageOfPage":{"@id":"https:\/\/officialeleutheraharbourisland.com\/fr\/eleuthera\/central-eleuthera\/presentation\/#primaryimage"},"image":{"@id":"https:\/\/officialeleutheraharbourisland.com\/fr\/eleuthera\/central-eleuthera\/presentation\/#primaryimage"},"thumbnailUrl":"https:\/\/officialeleutheraharbourisland.com\/wp-content\/uploads\/2022\/05\/central-eleuthera.jpeg","datePublished":"2022-03-23T15:25:12+00:00","dateModified":"2022-06-19T15:52:24+00:00","breadcrumb":{"@id":"https:\/\/officialeleutheraharbourisland.com\/fr\/eleuthera\/central-eleuthera\/presentation\/#breadcrumb"},"inLanguage":"fr-FR","potentialAction":[{"@type":"ReadAction","target":["https:\/\/officialeleutheraharbourisland.com\/fr\/eleuthera\/central-eleuthera\/presentation\/"]}]},{"@type":"ImageObject","inLanguage":"fr-FR","@id":"https:\/\/officialeleutheraharbourisland.com\/fr\/eleuthera\/central-eleuthera\/presentation\/#primaryimage","url":"https:\/\/officialeleutheraharbourisland.com\/wp-content\/uploads\/2022\/05\/central-eleuthera.jpeg","contentUrl":"https:\/\/officialeleutheraharbourisland.com\/wp-content\/uploads\/2022\/05\/central-eleuthera.jpeg","width":640,"height":480},{"@type":"BreadcrumbList","@id":"https:\/\/officialeleutheraharbourisland.com\/fr\/eleuthera\/central-eleuthera\/presentation\/#breadcrumb","itemListElement":[{"@type":"ListItem","position":1,"name":"Home","item":"https:\/\/officialeleutheraharbourisland.com\/fr\/"},{"@type":"ListItem","position":2,"name":"ELEUTHERA","item":"https:\/\/officialeleutheraharbourisland.com\/fr\/eleuthera\/"},{"@type":"ListItem","position":3,"name":"CENTRAL ELEUTHERA","item":"https:\/\/officialeleutheraharbourisland.com\/fr\/eleuthera\/central-eleuthera\/"},{"@type":"ListItem","position":4,"name":"PRESENTATION"}]},{"@type":"WebSite","@id":"https:\/\/officialeleutheraharbourisland.com\/#website","url":"https:\/\/officialeleutheraharbourisland.com\/","name":"Official Eleuthera Harbour Island","description":"Where Beauty &amp; Nature Meet","publisher":{"@id":"https:\/\/officialeleutheraharbourisland.com\/#organization"},"potentialAction":[{"@type":"SearchAction","target":{"@type":"EntryPoint","urlTemplate":"https:\/\/officialeleutheraharbourisland.com\/?s={search_term_string}"},"query-input":{"@type":"PropertyValueSpecification","valueRequired":true,"valueName":"search_term_string"}}],"inLanguage":"fr-FR"},{"@type":"Organization","@id":"https:\/\/officialeleutheraharbourisland.com\/#organization","name":"Official Eleuthera Harbour Island","url":"https:\/\/officialeleutheraharbourisland.com\/","logo":{"@type":"ImageObject","inLanguage":"fr-FR","@id":"https:\/\/officialeleutheraharbourisland.com\/#\/schema\/logo\/image\/","url":"https:\/\/officialeleutheraharbourisland.com\/wp-content\/uploads\/2022\/03\/logo-new-GREY-275.png","contentUrl":"https:\/\/officialeleutheraharbourisland.com\/wp-content\/uploads\/2022\/03\/logo-new-GREY-275.png","width":275,"height":22,"caption":"Official Eleuthera Harbour Island"},"image":{"@id":"https:\/\/officialeleutheraharbourisland.com\/#\/schema\/logo\/image\/"}}]}},"jetpack_sharing_enabled":true,"_links":{"self":[{"href":"https:\/\/officialeleutheraharbourisland.com\/fr\/wp-json\/wp\/v2\/pages\/62951","targetHints":{"allow":["GET"]}}],"collection":[{"href":"https:\/\/officialeleutheraharbourisland.com\/fr\/wp-json\/wp\/v2\/pages"}],"about":[{"href":"https:\/\/officialeleutheraharbourisland.com\/fr\/wp-json\/wp\/v2\/types\/page"}],"author":[{"embeddable":true,"href":"https:\/\/officialeleutheraharbourisland.com\/fr\/wp-json\/wp\/v2\/users\/3"}],"replies":[{"embeddable":true,"href":"https:\/\/officialeleutheraharbourisland.com\/fr\/wp-json\/wp\/v2\/comments?post=62951"}],"version-history":[{"count":3,"href":"https:\/\/officialeleutheraharbourisland.com\/fr\/wp-json\/wp\/v2\/pages\/62951\/revisions"}],"predecessor-version":[{"id":62954,"href":"https:\/\/officialeleutheraharbourisland.com\/fr\/wp-json\/wp\/v2\/pages\/62951\/revisions\/62954"}],"up":[{"embeddable":true,"href":"https:\/\/officialeleutheraharbourisland.com\/fr\/wp-json\/wp\/v2\/pages\/62913"}],"wp:featuredmedia":[{"embeddable":true,"href":"https:\/\/officialeleutheraharbourisland.com\/fr\/wp-json\/wp\/v2\/media\/62166"}],"wp:attachment":[{"href":"https:\/\/officialeleutheraharbourisland.com\/fr\/wp-json\/wp\/v2\/media?parent=62951"}],"wp:term":[{"taxonomy":"category","embeddable":true,"href":"https:\/\/officialeleutheraharbourisland.com\/fr\/wp-json\/wp\/v2\/categories?post=62951"},{"taxonomy":"post_tag","embeddable":true,"href":"https:\/\/officialeleutheraharbourisland.com\/fr\/wp-json\/wp\/v2\/tags?post=62951"}],"curies":[{"name":"wp","href":"https:\/\/api.w.org\/{rel}","templated":true}]}}