{"id":63035,"date":"2022-03-23T15:30:55","date_gmt":"2022-03-23T15:30:55","guid":{"rendered":"https:\/\/officialeleutheraharbourisland.com\/spanish-wells\/things-to-see\/"},"modified":"2022-06-21T17:47:52","modified_gmt":"2022-06-21T17:47:52","slug":"choses-a-voir","status":"publish","type":"page","link":"https:\/\/officialeleutheraharbourisland.com\/fr\/spanish-wells\/choses-a-voir\/","title":{"rendered":"CHOSES A VOIR A SPANISH WELLS"},"content":{"rendered":"<div class=\"wpb-content-wrapper\"><p>[vc_row css=\u00a0\u00bb.vc_custom_1653658226324{padding-bottom: 50px !important;}\u00a0\u00bb][vc_column][vc_column_text]<span style=\"font-weight: 400;\">Official Eleuthera Harbour Island vous apporte plus d&rsquo;informations sur les choses \u00e0 voir \u00e0 Spanish Wells.\u00a0<\/span><\/p>\n<ol>\n<li style=\"font-weight: 400;\" aria-level=\"1\"><b>Villes et villages:<\/b><span style=\"font-weight: 400;\">\u00a0Partez \u00e0 la d\u00e9couverte des villes et villages \u00e0 Spanish Wells pour en apprendre d&rsquo;avantage sur la vie des locaux.<\/span><\/li>\n<li style=\"font-weight: 400;\" aria-level=\"1\"><b>Beaches:<\/b><span style=\"font-weight: 400;\"> The Spanish Wells beaches will make you feel like you are in a travel magazine. The North Shore beach is accessible from all parts of St. George&rsquo;s Cay. \u00a0<\/span><\/li>\n<\/ol>\n<p>[\/vc_column_text][\/vc_column][\/vc_row][vc_row content_placement=\u00a0\u00bbmiddle\u00a0\u00bb][vc_column width=\u00a0\u00bb1\/4&Prime; css=\u00a0\u00bb.vc_custom_1654258413084{padding: 1px !important;}\u00a0\u00bb][\/vc_column][vc_column width=\u00a0\u00bb1\/4&Prime; css=\u00a0\u00bb.vc_custom_1654258455063{padding: 1px !important;}\u00a0\u00bb]<div class=\"ult-new-ib ult-ib-effect-style14  ult-ib-resp  \" data-min-width=\"768\" data-max-width=\"900\" style=\"background:#000000;\" data-opacity=\"0.5\" data-hover-opacity=\"0.9\" ><img data-recalc-dims=\"1\" decoding=\"async\" class=\"ult-new-ib-img\" style=\"opacity:0.5;\" alt=\"null\" src=\"https:\/\/i0.wp.com\/officialeleutheraharbourisland.com\/wp-content\/uploads\/2022\/05\/town-and-settlements.jpg?w=1200&#038;ssl=1\"   \/><div id=\"interactive-banner-wrap-1710\" class=\"ult-new-ib-desc\" style=\"\"><h1 class=\"ult-new-ib-title ult-responsive\"  data-ultimate-target='#interactive-banner-wrap-1710 .ult-new-ib-title'  data-responsive-json-new='{\"font-size\":\"desktop:27px;\",\"line-height\":\"desktop:27px;\"}'  style=\"font-weight:bold;\">VILLES ET VILLAGES<\/h1><\/div><a class=\"ult-new-ib-link\" href=\"https:\/\/officialeleutheraharbourisland.com\/fr\/spanish-wells\/choses-a-voir\/villes-et-villages\/\" title=\"VILLES ET VILLAGES\"  ><\/a><\/div>[\/vc_column][vc_column width=\u00a0\u00bb1\/4&Prime; css=\u00a0\u00bb.vc_custom_1655405804411{padding: 1px !important;}\u00a0\u00bb]<div class=\"ult-new-ib ult-ib-effect-style14  ult-ib-resp  \" data-min-width=\"768\" data-max-width=\"900\" style=\"background:#000000;\" data-opacity=\"0.5\" data-hover-opacity=\"0.9\" ><img data-recalc-dims=\"1\" decoding=\"async\" class=\"ult-new-ib-img\" style=\"opacity:0.5;\" alt=\"null\" src=\"https:\/\/i0.wp.com\/officialeleutheraharbourisland.com\/wp-content\/uploads\/2022\/05\/nature-and-landmarks.jpg?w=1200&#038;ssl=1\"   \/><div id=\"interactive-banner-wrap-2815\" class=\"ult-new-ib-desc\" style=\"\"><h2 class=\"ult-new-ib-title ult-responsive\"  data-ultimate-target='#interactive-banner-wrap-2815 .ult-new-ib-title'  data-responsive-json-new='{\"font-size\":\"desktop:27px;\",\"line-height\":\"desktop:27px;\"}'  style=\"font-weight:bold;\">NATURE ET PAYSAGES<\/h2><\/div><a class=\"ult-new-ib-link\" href=\"https:\/\/officialeleutheraharbourisland.com\/fr\/spanish-wells\/choses-a-voir\/nature-et-paysages\/\" title=\"NATURE ET PAYSAGES\"  ><\/a><\/div>[\/vc_column][vc_column width=\u00a0\u00bb1\/4&Prime;][\/vc_column][\/vc_row]<\/p>\n<\/div>","protected":false},"excerpt":{"rendered":"<p>[vc_row css=\u00a0\u00bb.vc_custom_1653658226324{padding-bottom: 50px !important;}\u00a0\u00bb][vc_column][vc_column_text]Official Eleuthera Harbour Island vous apporte plus d&rsquo;informations sur les choses \u00e0 voir \u00e0 Spanish Wells.\u00a0 Villes et villages:\u00a0Partez \u00e0 la d\u00e9couverte des villes et villages \u00e0 Spanish Wells pour en apprendre d&rsquo;avantage sur la vie des locaux. Beaches: The Spanish Wells beaches will make you feel like you are in a&hellip;<\/p>\n","protected":false},"author":3,"featured_media":0,"parent":62992,"menu_order":3,"comment_status":"closed","ping_status":"closed","template":"","meta":{"footnotes":""},"categories":[],"tags":[],"class_list":["post-63035","page","type-page","status-publish","hentry","description-off"],"yoast_head":"<!-- This site is optimized with the Yoast SEO Premium plugin v25.2 (Yoast SEO v27.3) - https:\/\/yoast.com\/product\/yoast-seo-premium-wordpress\/ -->\n<title>CHOSES A VOIR A SPANISH WELLS | Official Eleuthera Harbour Island<\/title>\n<meta name=\"robots\" content=\"index, follow, max-snippet:-1, max-image-preview:large, max-video-preview:-1\" \/>\n<link rel=\"canonical\" href=\"https:\/\/officialeleutheraharbourisland.com\/fr\/spanish-wells\/choses-a-voir\/\" \/>\n<meta property=\"og:locale\" content=\"fr_FR\" \/>\n<meta property=\"og:type\" content=\"article\" \/>\n<meta property=\"og:title\" content=\"CHOSES A VOIR A SPANISH WELLS\" \/>\n<meta property=\"og:description\" content=\"[vc_row css=\u00a0\u00bb.vc_custom_1653658226324{padding-bottom: 50px !important;}\u00a0\u00bb][vc_column][vc_column_text]Official Eleuthera Harbour Island vous apporte plus d&rsquo;informations sur les choses \u00e0 voir \u00e0 Spanish Wells.\u00a0 Villes et villages:\u00a0Partez \u00e0 la d\u00e9couverte des villes et villages \u00e0 Spanish Wells pour en apprendre d&rsquo;avantage sur la vie des locaux. Beaches: The Spanish Wells beaches will make you feel like you are in a&hellip;\" \/>\n<meta property=\"og:url\" content=\"https:\/\/officialeleutheraharbourisland.com\/fr\/spanish-wells\/choses-a-voir\/\" \/>\n<meta property=\"og:site_name\" content=\"Official Eleuthera Harbour Island\" \/>\n<meta property=\"article:modified_time\" content=\"2022-06-21T17:47:52+00:00\" \/>\n<meta name=\"twitter:card\" content=\"summary_large_image\" \/>\n<meta name=\"twitter:label1\" content=\"Dur\u00e9e de lecture estim\u00e9e\" \/>\n\t<meta name=\"twitter:data1\" content=\"1 minute\" \/>\n<script type=\"application\/ld+json\" class=\"yoast-schema-graph\">{\"@context\":\"https:\\\/\\\/schema.org\",\"@graph\":[{\"@type\":\"WebPage\",\"@id\":\"https:\\\/\\\/officialeleutheraharbourisland.com\\\/fr\\\/spanish-wells\\\/choses-a-voir\\\/\",\"url\":\"https:\\\/\\\/officialeleutheraharbourisland.com\\\/fr\\\/spanish-wells\\\/choses-a-voir\\\/\",\"name\":\"CHOSES A VOIR A SPANISH WELLS | Official Eleuthera Harbour Island\",\"isPartOf\":{\"@id\":\"https:\\\/\\\/officialeleutheraharbourisland.com\\\/#website\"},\"datePublished\":\"2022-03-23T15:30:55+00:00\",\"dateModified\":\"2022-06-21T17:47:52+00:00\",\"breadcrumb\":{\"@id\":\"https:\\\/\\\/officialeleutheraharbourisland.com\\\/fr\\\/spanish-wells\\\/choses-a-voir\\\/#breadcrumb\"},\"inLanguage\":\"fr-FR\",\"potentialAction\":[{\"@type\":\"ReadAction\",\"target\":[\"https:\\\/\\\/officialeleutheraharbourisland.com\\\/fr\\\/spanish-wells\\\/choses-a-voir\\\/\"]}]},{\"@type\":\"BreadcrumbList\",\"@id\":\"https:\\\/\\\/officialeleutheraharbourisland.com\\\/fr\\\/spanish-wells\\\/choses-a-voir\\\/#breadcrumb\",\"itemListElement\":[{\"@type\":\"ListItem\",\"position\":1,\"name\":\"Home\",\"item\":\"https:\\\/\\\/officialeleutheraharbourisland.com\\\/fr\\\/\"},{\"@type\":\"ListItem\",\"position\":2,\"name\":\"SPANISH WELLS\",\"item\":\"https:\\\/\\\/officialeleutheraharbourisland.com\\\/fr\\\/spanish-wells\\\/\"},{\"@type\":\"ListItem\",\"position\":3,\"name\":\"CHOSES A VOIR A SPANISH WELLS\"}]},{\"@type\":\"WebSite\",\"@id\":\"https:\\\/\\\/officialeleutheraharbourisland.com\\\/#website\",\"url\":\"https:\\\/\\\/officialeleutheraharbourisland.com\\\/\",\"name\":\"Official Eleuthera Harbour Island\",\"description\":\"Where Beauty &amp; Nature Meet\",\"publisher\":{\"@id\":\"https:\\\/\\\/officialeleutheraharbourisland.com\\\/#organization\"},\"potentialAction\":[{\"@type\":\"SearchAction\",\"target\":{\"@type\":\"EntryPoint\",\"urlTemplate\":\"https:\\\/\\\/officialeleutheraharbourisland.com\\\/?s={search_term_string}\"},\"query-input\":{\"@type\":\"PropertyValueSpecification\",\"valueRequired\":true,\"valueName\":\"search_term_string\"}}],\"inLanguage\":\"fr-FR\"},{\"@type\":\"Organization\",\"@id\":\"https:\\\/\\\/officialeleutheraharbourisland.com\\\/#organization\",\"name\":\"Official Eleuthera Harbour Island\",\"url\":\"https:\\\/\\\/officialeleutheraharbourisland.com\\\/\",\"logo\":{\"@type\":\"ImageObject\",\"inLanguage\":\"fr-FR\",\"@id\":\"https:\\\/\\\/officialeleutheraharbourisland.com\\\/#\\\/schema\\\/logo\\\/image\\\/\",\"url\":\"https:\\\/\\\/officialeleutheraharbourisland.com\\\/wp-content\\\/uploads\\\/2022\\\/03\\\/logo-new-GREY-275.png\",\"contentUrl\":\"https:\\\/\\\/officialeleutheraharbourisland.com\\\/wp-content\\\/uploads\\\/2022\\\/03\\\/logo-new-GREY-275.png\",\"width\":275,\"height\":22,\"caption\":\"Official Eleuthera Harbour Island\"},\"image\":{\"@id\":\"https:\\\/\\\/officialeleutheraharbourisland.com\\\/#\\\/schema\\\/logo\\\/image\\\/\"}}]}<\/script>\n<!-- \/ Yoast SEO Premium plugin. -->","yoast_head_json":{"title":"CHOSES A VOIR A SPANISH WELLS | Official Eleuthera Harbour Island","robots":{"index":"index","follow":"follow","max-snippet":"max-snippet:-1","max-image-preview":"max-image-preview:large","max-video-preview":"max-video-preview:-1"},"canonical":"https:\/\/officialeleutheraharbourisland.com\/fr\/spanish-wells\/choses-a-voir\/","og_locale":"fr_FR","og_type":"article","og_title":"CHOSES A VOIR A SPANISH WELLS","og_description":"[vc_row css=\u00a0\u00bb.vc_custom_1653658226324{padding-bottom: 50px !important;}\u00a0\u00bb][vc_column][vc_column_text]Official Eleuthera Harbour Island vous apporte plus d&rsquo;informations sur les choses \u00e0 voir \u00e0 Spanish Wells.\u00a0 Villes et villages:\u00a0Partez \u00e0 la d\u00e9couverte des villes et villages \u00e0 Spanish Wells pour en apprendre d&rsquo;avantage sur la vie des locaux. Beaches: The Spanish Wells beaches will make you feel like you are in a&hellip;","og_url":"https:\/\/officialeleutheraharbourisland.com\/fr\/spanish-wells\/choses-a-voir\/","og_site_name":"Official Eleuthera Harbour Island","article_modified_time":"2022-06-21T17:47:52+00:00","twitter_card":"summary_large_image","twitter_misc":{"Dur\u00e9e de lecture estim\u00e9e":"1 minute"},"schema":{"@context":"https:\/\/schema.org","@graph":[{"@type":"WebPage","@id":"https:\/\/officialeleutheraharbourisland.com\/fr\/spanish-wells\/choses-a-voir\/","url":"https:\/\/officialeleutheraharbourisland.com\/fr\/spanish-wells\/choses-a-voir\/","name":"CHOSES A VOIR A SPANISH WELLS | Official Eleuthera Harbour Island","isPartOf":{"@id":"https:\/\/officialeleutheraharbourisland.com\/#website"},"datePublished":"2022-03-23T15:30:55+00:00","dateModified":"2022-06-21T17:47:52+00:00","breadcrumb":{"@id":"https:\/\/officialeleutheraharbourisland.com\/fr\/spanish-wells\/choses-a-voir\/#breadcrumb"},"inLanguage":"fr-FR","potentialAction":[{"@type":"ReadAction","target":["https:\/\/officialeleutheraharbourisland.com\/fr\/spanish-wells\/choses-a-voir\/"]}]},{"@type":"BreadcrumbList","@id":"https:\/\/officialeleutheraharbourisland.com\/fr\/spanish-wells\/choses-a-voir\/#breadcrumb","itemListElement":[{"@type":"ListItem","position":1,"name":"Home","item":"https:\/\/officialeleutheraharbourisland.com\/fr\/"},{"@type":"ListItem","position":2,"name":"SPANISH WELLS","item":"https:\/\/officialeleutheraharbourisland.com\/fr\/spanish-wells\/"},{"@type":"ListItem","position":3,"name":"CHOSES A VOIR A SPANISH WELLS"}]},{"@type":"WebSite","@id":"https:\/\/officialeleutheraharbourisland.com\/#website","url":"https:\/\/officialeleutheraharbourisland.com\/","name":"Official Eleuthera Harbour Island","description":"Where Beauty &amp; Nature Meet","publisher":{"@id":"https:\/\/officialeleutheraharbourisland.com\/#organization"},"potentialAction":[{"@type":"SearchAction","target":{"@type":"EntryPoint","urlTemplate":"https:\/\/officialeleutheraharbourisland.com\/?s={search_term_string}"},"query-input":{"@type":"PropertyValueSpecification","valueRequired":true,"valueName":"search_term_string"}}],"inLanguage":"fr-FR"},{"@type":"Organization","@id":"https:\/\/officialeleutheraharbourisland.com\/#organization","name":"Official Eleuthera Harbour Island","url":"https:\/\/officialeleutheraharbourisland.com\/","logo":{"@type":"ImageObject","inLanguage":"fr-FR","@id":"https:\/\/officialeleutheraharbourisland.com\/#\/schema\/logo\/image\/","url":"https:\/\/officialeleutheraharbourisland.com\/wp-content\/uploads\/2022\/03\/logo-new-GREY-275.png","contentUrl":"https:\/\/officialeleutheraharbourisland.com\/wp-content\/uploads\/2022\/03\/logo-new-GREY-275.png","width":275,"height":22,"caption":"Official Eleuthera Harbour Island"},"image":{"@id":"https:\/\/officialeleutheraharbourisland.com\/#\/schema\/logo\/image\/"}}]}},"jetpack_sharing_enabled":true,"_links":{"self":[{"href":"https:\/\/officialeleutheraharbourisland.com\/fr\/wp-json\/wp\/v2\/pages\/63035","targetHints":{"allow":["GET"]}}],"collection":[{"href":"https:\/\/officialeleutheraharbourisland.com\/fr\/wp-json\/wp\/v2\/pages"}],"about":[{"href":"https:\/\/officialeleutheraharbourisland.com\/fr\/wp-json\/wp\/v2\/types\/page"}],"author":[{"embeddable":true,"href":"https:\/\/officialeleutheraharbourisland.com\/fr\/wp-json\/wp\/v2\/users\/3"}],"replies":[{"embeddable":true,"href":"https:\/\/officialeleutheraharbourisland.com\/fr\/wp-json\/wp\/v2\/comments?post=63035"}],"version-history":[{"count":6,"href":"https:\/\/officialeleutheraharbourisland.com\/fr\/wp-json\/wp\/v2\/pages\/63035\/revisions"}],"predecessor-version":[{"id":65306,"href":"https:\/\/officialeleutheraharbourisland.com\/fr\/wp-json\/wp\/v2\/pages\/63035\/revisions\/65306"}],"up":[{"embeddable":true,"href":"https:\/\/officialeleutheraharbourisland.com\/fr\/wp-json\/wp\/v2\/pages\/62992"}],"wp:attachment":[{"href":"https:\/\/officialeleutheraharbourisland.com\/fr\/wp-json\/wp\/v2\/media?parent=63035"}],"wp:term":[{"taxonomy":"category","embeddable":true,"href":"https:\/\/officialeleutheraharbourisland.com\/fr\/wp-json\/wp\/v2\/categories?post=63035"},{"taxonomy":"post_tag","embeddable":true,"href":"https:\/\/officialeleutheraharbourisland.com\/fr\/wp-json\/wp\/v2\/tags?post=63035"}],"curies":[{"name":"wp","href":"https:\/\/api.w.org\/{rel}","templated":true}]}}