{"id":64867,"date":"2022-03-23T15:30:55","date_gmt":"2022-03-23T15:30:55","guid":{"rendered":"https:\/\/officialeleutheraharbourisland.com\/eleuthera\/south-eleuthera\/things-to-see\/"},"modified":"2022-06-21T18:59:15","modified_gmt":"2022-06-21T18:59:15","slug":"choses-a-voir","status":"publish","type":"page","link":"https:\/\/officialeleutheraharbourisland.com\/fr\/eleuthera\/south-eleuthera\/choses-a-voir\/","title":{"rendered":"CHOSES A VOIR A SOUTH ELEUTHERA"},"content":{"rendered":"<div class=\"wpb-content-wrapper\"><p>[vc_row css=\u00a0\u00bb.vc_custom_1653658000238{padding-bottom: 50px !important;}\u00a0\u00bb][vc_column][vc_column_text]<span style=\"font-weight: 400;\">Official Eleuthera Harbour Island vous donne des informations sur les choses \u00e0 voir dans le pittoresque sud d&rsquo;Eleuthera.<\/span><\/p>\n<ol>\n<li style=\"font-weight: 400;\" aria-level=\"1\"><b>Bannerman Town: <\/b><span style=\"font-weight: 400;\">Une ville tranquille au bord de l&rsquo;oc\u00e9an avec une histoire riche situ\u00e9e \u00e0 South Eleuthera et abrite la paisible plage Lighthouse Beach.<\/span><\/li>\n<li style=\"font-weight: 400;\" aria-level=\"1\"><b>Caverne de la cath\u00e9drale : <\/b><span style=\"font-weight: 400;\">situ\u00e9e au sud de l&rsquo;Ocean Hole, la grotte de la cath\u00e9drale a des ouvertures dans les plafonds de la grotte. Les rayons du soleil traversant les ouvertures \u00e9clairent la grotte formant une vue \u00e0 couper le souffle. De 30 \u00e0 60 minutes sont n\u00e9cessaires pour la visite de la grotte.<\/span><\/li>\n<li style=\"font-weight: 400;\" aria-level=\"1\"><b>Tarpum Bay : <\/b><span style=\"font-weight: 400;\">La colonie est situ\u00e9e entre Rock Sound et Savannah Sound. Le poisson Tarpon se trouvait autrefois sur la plage, il s&rsquo;appelle donc Tarpum Bay. La plage de Tarpum Bay est c\u00e9l\u00e8bre pour ses\u00a0 coquillages et ses conques qui\u00a0 peuvent \u00eatre vues dans les eaux cristallines.<\/span><\/li>\n<li style=\"font-weight: 400;\" aria-level=\"1\"><b>Ocean Hole : <\/b><span style=\"font-weight: 400;\">Abritant un riche \u00e9cosyst\u00e8me et des poissons tropicaux, l&rsquo;Ocean Hole est \u00e9galement appel\u00e9 un trou bleu sans fond. Vous pourrez y apercevoir des poissons perroquets, des vivaneaux et des poissons-anges.<\/span><\/li>\n<li style=\"font-weight: 400;\" aria-level=\"1\"><b>Architecture des Bahamas : <\/b><span style=\"font-weight: 400;\">Au cours de votre visite de l&rsquo;\u00eele, vous verrez de nombreuses maisons anciennes et historiques des Bahamas. Une visite fascinante \u00e0 ne pas manquer.<\/span><\/li>\n<li style=\"font-weight: 400;\" aria-level=\"1\"><b>\u00c9glise anglicane St. Columbines : <\/b><span style=\"font-weight: 400;\">Construite en 1849, l&rsquo;\u00e9glise anglicane St. Columbines est un site historique situ\u00e9 sur la baie de Tarpum.<\/span><\/li>\n<li style=\"font-weight: 400;\" aria-level=\"1\"><b>Jet\u00e9e des p\u00eacheurs : <\/b><span style=\"font-weight: 400;\">Les p\u00eacheurs partent p\u00eacher la lambi, le m\u00e9rou, le vivaneau, etc., \u00e0 l&rsquo;aube et reviennent vers 14h00. Si vous visitez la jet\u00e9e \u00e0 15h00, vous verrez des p\u00eacheurs nettoyer le poisson puis l&rsquo;ensacher. Le poisson sera vendu aux touristes qui visitent la jet\u00e9e. La sc\u00e8ne de 15h00 est authentique et ancr\u00e9e dans la tradition et vaut la peine d\u2019\u00eatre vue.<\/span><\/li>\n<li style=\"font-weight: 400;\" aria-level=\"1\"><b>Alcool distill\u00e9 localement : \u00e0<\/b><span style=\"font-weight: 400;\"> South Eleuthera, vous trouverez divers magasins d&rsquo;alcools qui vendent du rhum \u00e0 la banane, \u00e0 l&rsquo;ananas et \u00e0 la noix de coco que vous pouvez emporter chez vous en souvenir.<\/span><\/li>\n<\/ol>\n<p>[\/vc_column_text][\/vc_column][\/vc_row][vc_row content_placement=\u00a0\u00bbmiddle\u00a0\u00bb][vc_column width=\u00a0\u00bb1\/4&Prime; css=\u00a0\u00bb.vc_custom_1654257567660{padding: 1px !important;}\u00a0\u00bb][\/vc_column][vc_column width=\u00a0\u00bb1\/4&Prime; css=\u00a0\u00bb.vc_custom_1654257608323{padding: 1px !important;}\u00a0\u00bb]<div class=\"ult-new-ib ult-ib-effect-style14  ult-ib-resp  \" data-min-width=\"768\" data-max-width=\"900\" style=\"background:#000000;\" data-opacity=\"0.5\" data-hover-opacity=\"0.9\" ><img data-recalc-dims=\"1\" decoding=\"async\" class=\"ult-new-ib-img\" style=\"opacity:0.5;\" alt=\"null\" src=\"https:\/\/i0.wp.com\/officialeleutheraharbourisland.com\/wp-content\/uploads\/2022\/05\/town-and-settlements.jpg?w=1200&#038;ssl=1\"   \/><div id=\"interactive-banner-wrap-1319\" class=\"ult-new-ib-desc\" style=\"\"><h1 class=\"ult-new-ib-title ult-responsive\"  data-ultimate-target='#interactive-banner-wrap-1319 .ult-new-ib-title'  data-responsive-json-new='{\"font-size\":\"desktop:27px;\",\"line-height\":\"desktop:27px;\"}'  style=\"font-weight:bold;\">VILLES ET VILLAGES<\/h1><\/div><a class=\"ult-new-ib-link\" href=\"https:\/\/officialeleutheraharbourisland.com\/eleuthera\/south-eleuthera\/things-to-see\/villes-et-villages\/\" title=\"VILLES ET VILLAGES\"  ><\/a><\/div>[\/vc_column][vc_column width=\u00a0\u00bb1\/4&Prime; css=\u00a0\u00bb.vc_custom_1654257613679{padding: 1px !important;}\u00a0\u00bb]<div class=\"ult-new-ib ult-ib-effect-style14  ult-ib-resp  \" data-min-width=\"768\" data-max-width=\"900\" style=\"background:#000000;\" data-opacity=\"0.5\" data-hover-opacity=\"0.9\" ><img data-recalc-dims=\"1\" decoding=\"async\" class=\"ult-new-ib-img\" style=\"opacity:0.5;\" alt=\"null\" src=\"https:\/\/i0.wp.com\/officialeleutheraharbourisland.com\/wp-content\/uploads\/2022\/05\/nature-and-landmarks.jpg?w=1200&#038;ssl=1\"   \/><div id=\"interactive-banner-wrap-7868\" class=\"ult-new-ib-desc\" style=\"\"><h2 class=\"ult-new-ib-title ult-responsive\"  data-ultimate-target='#interactive-banner-wrap-7868 .ult-new-ib-title'  data-responsive-json-new='{\"font-size\":\"desktop:27px;\",\"line-height\":\"desktop:27px;\"}'  style=\"font-weight:bold;\">NATURE ET PAYSAGES<\/h2><\/div><a class=\"ult-new-ib-link\" href=\"https:\/\/officialeleutheraharbourisland.com\/eleuthera\/south-eleuthera\/things-to-see\/nature-et-paysages\/\" title=\"NATURE ET PAYSAGES\"  ><\/a><\/div>[\/vc_column][vc_column width=\u00a0\u00bb1\/4&Prime;][\/vc_column][\/vc_row]<\/p>\n<\/div>","protected":false},"excerpt":{"rendered":"<p>[vc_row css=\u00a0\u00bb.vc_custom_1653658000238{padding-bottom: 50px !important;}\u00a0\u00bb][vc_column][vc_column_text]Official Eleuthera Harbour Island vous donne des informations sur les choses \u00e0 voir dans le pittoresque sud d&rsquo;Eleuthera. Bannerman Town: Une ville tranquille au bord de l&rsquo;oc\u00e9an avec une histoire riche situ\u00e9e \u00e0 South Eleuthera et abrite la paisible plage Lighthouse Beach. Caverne de la cath\u00e9drale : situ\u00e9e au sud de l&rsquo;Ocean&hellip;<\/p>\n","protected":false},"author":3,"featured_media":0,"parent":63868,"menu_order":3,"comment_status":"closed","ping_status":"closed","template":"","meta":{"footnotes":""},"categories":[],"tags":[],"class_list":["post-64867","page","type-page","status-publish","hentry","description-off"],"yoast_head":"<!-- This site is optimized with the Yoast SEO Premium plugin v25.2 (Yoast SEO v27.4) - https:\/\/yoast.com\/product\/yoast-seo-premium-wordpress\/ -->\n<title>CHOSES A VOIR A SOUTH ELEUTHERA | Official Eleuthera Harbour Island<\/title>\n<meta name=\"robots\" content=\"index, follow, max-snippet:-1, max-image-preview:large, max-video-preview:-1\" \/>\n<link rel=\"canonical\" href=\"https:\/\/officialeleutheraharbourisland.com\/fr\/eleuthera\/south-eleuthera\/choses-a-voir\/\" \/>\n<meta property=\"og:locale\" content=\"fr_FR\" \/>\n<meta property=\"og:type\" content=\"article\" \/>\n<meta property=\"og:title\" content=\"CHOSES A VOIR A SOUTH ELEUTHERA\" \/>\n<meta property=\"og:description\" content=\"[vc_row css=\u00a0\u00bb.vc_custom_1653658000238{padding-bottom: 50px !important;}\u00a0\u00bb][vc_column][vc_column_text]Official Eleuthera Harbour Island vous donne des informations sur les choses \u00e0 voir dans le pittoresque sud d&rsquo;Eleuthera. Bannerman Town: Une ville tranquille au bord de l&rsquo;oc\u00e9an avec une histoire riche situ\u00e9e \u00e0 South Eleuthera et abrite la paisible plage Lighthouse Beach. Caverne de la cath\u00e9drale : situ\u00e9e au sud de l&rsquo;Ocean&hellip;\" \/>\n<meta property=\"og:url\" content=\"https:\/\/officialeleutheraharbourisland.com\/fr\/eleuthera\/south-eleuthera\/choses-a-voir\/\" \/>\n<meta property=\"og:site_name\" content=\"Official Eleuthera Harbour Island\" \/>\n<meta property=\"article:modified_time\" content=\"2022-06-21T18:59:15+00:00\" \/>\n<meta name=\"twitter:card\" content=\"summary_large_image\" \/>\n<meta name=\"twitter:label1\" content=\"Dur\u00e9e de lecture estim\u00e9e\" \/>\n\t<meta name=\"twitter:data1\" content=\"2 minutes\" \/>\n<script type=\"application\/ld+json\" class=\"yoast-schema-graph\">{\"@context\":\"https:\\\/\\\/schema.org\",\"@graph\":[{\"@type\":\"WebPage\",\"@id\":\"https:\\\/\\\/officialeleutheraharbourisland.com\\\/fr\\\/eleuthera\\\/south-eleuthera\\\/choses-a-voir\\\/\",\"url\":\"https:\\\/\\\/officialeleutheraharbourisland.com\\\/fr\\\/eleuthera\\\/south-eleuthera\\\/choses-a-voir\\\/\",\"name\":\"CHOSES A VOIR A SOUTH ELEUTHERA | Official Eleuthera Harbour Island\",\"isPartOf\":{\"@id\":\"https:\\\/\\\/officialeleutheraharbourisland.com\\\/#website\"},\"datePublished\":\"2022-03-23T15:30:55+00:00\",\"dateModified\":\"2022-06-21T18:59:15+00:00\",\"breadcrumb\":{\"@id\":\"https:\\\/\\\/officialeleutheraharbourisland.com\\\/fr\\\/eleuthera\\\/south-eleuthera\\\/choses-a-voir\\\/#breadcrumb\"},\"inLanguage\":\"fr-FR\",\"potentialAction\":[{\"@type\":\"ReadAction\",\"target\":[\"https:\\\/\\\/officialeleutheraharbourisland.com\\\/fr\\\/eleuthera\\\/south-eleuthera\\\/choses-a-voir\\\/\"]}]},{\"@type\":\"BreadcrumbList\",\"@id\":\"https:\\\/\\\/officialeleutheraharbourisland.com\\\/fr\\\/eleuthera\\\/south-eleuthera\\\/choses-a-voir\\\/#breadcrumb\",\"itemListElement\":[{\"@type\":\"ListItem\",\"position\":1,\"name\":\"Home\",\"item\":\"https:\\\/\\\/officialeleutheraharbourisland.com\\\/fr\\\/\"},{\"@type\":\"ListItem\",\"position\":2,\"name\":\"ELEUTHERA\",\"item\":\"https:\\\/\\\/officialeleutheraharbourisland.com\\\/fr\\\/eleuthera\\\/\"},{\"@type\":\"ListItem\",\"position\":3,\"name\":\"SOUTH ELEUTHERA\",\"item\":\"https:\\\/\\\/officialeleutheraharbourisland.com\\\/fr\\\/eleuthera\\\/south-eleuthera\\\/\"},{\"@type\":\"ListItem\",\"position\":4,\"name\":\"CHOSES A VOIR A SOUTH ELEUTHERA\"}]},{\"@type\":\"WebSite\",\"@id\":\"https:\\\/\\\/officialeleutheraharbourisland.com\\\/#website\",\"url\":\"https:\\\/\\\/officialeleutheraharbourisland.com\\\/\",\"name\":\"Official Eleuthera Harbour Island\",\"description\":\"Where Beauty &amp; Nature Meet\",\"publisher\":{\"@id\":\"https:\\\/\\\/officialeleutheraharbourisland.com\\\/#organization\"},\"potentialAction\":[{\"@type\":\"SearchAction\",\"target\":{\"@type\":\"EntryPoint\",\"urlTemplate\":\"https:\\\/\\\/officialeleutheraharbourisland.com\\\/?s={search_term_string}\"},\"query-input\":{\"@type\":\"PropertyValueSpecification\",\"valueRequired\":true,\"valueName\":\"search_term_string\"}}],\"inLanguage\":\"fr-FR\"},{\"@type\":\"Organization\",\"@id\":\"https:\\\/\\\/officialeleutheraharbourisland.com\\\/#organization\",\"name\":\"Official Eleuthera Harbour Island\",\"url\":\"https:\\\/\\\/officialeleutheraharbourisland.com\\\/\",\"logo\":{\"@type\":\"ImageObject\",\"inLanguage\":\"fr-FR\",\"@id\":\"https:\\\/\\\/officialeleutheraharbourisland.com\\\/#\\\/schema\\\/logo\\\/image\\\/\",\"url\":\"https:\\\/\\\/officialeleutheraharbourisland.com\\\/wp-content\\\/uploads\\\/2022\\\/03\\\/logo-new-GREY-275.png\",\"contentUrl\":\"https:\\\/\\\/officialeleutheraharbourisland.com\\\/wp-content\\\/uploads\\\/2022\\\/03\\\/logo-new-GREY-275.png\",\"width\":275,\"height\":22,\"caption\":\"Official Eleuthera Harbour Island\"},\"image\":{\"@id\":\"https:\\\/\\\/officialeleutheraharbourisland.com\\\/#\\\/schema\\\/logo\\\/image\\\/\"}}]}<\/script>\n<!-- \/ Yoast SEO Premium plugin. -->","yoast_head_json":{"title":"CHOSES A VOIR A SOUTH ELEUTHERA | Official Eleuthera Harbour Island","robots":{"index":"index","follow":"follow","max-snippet":"max-snippet:-1","max-image-preview":"max-image-preview:large","max-video-preview":"max-video-preview:-1"},"canonical":"https:\/\/officialeleutheraharbourisland.com\/fr\/eleuthera\/south-eleuthera\/choses-a-voir\/","og_locale":"fr_FR","og_type":"article","og_title":"CHOSES A VOIR A SOUTH ELEUTHERA","og_description":"[vc_row css=\u00a0\u00bb.vc_custom_1653658000238{padding-bottom: 50px !important;}\u00a0\u00bb][vc_column][vc_column_text]Official Eleuthera Harbour Island vous donne des informations sur les choses \u00e0 voir dans le pittoresque sud d&rsquo;Eleuthera. Bannerman Town: Une ville tranquille au bord de l&rsquo;oc\u00e9an avec une histoire riche situ\u00e9e \u00e0 South Eleuthera et abrite la paisible plage Lighthouse Beach. Caverne de la cath\u00e9drale : situ\u00e9e au sud de l&rsquo;Ocean&hellip;","og_url":"https:\/\/officialeleutheraharbourisland.com\/fr\/eleuthera\/south-eleuthera\/choses-a-voir\/","og_site_name":"Official Eleuthera Harbour Island","article_modified_time":"2022-06-21T18:59:15+00:00","twitter_card":"summary_large_image","twitter_misc":{"Dur\u00e9e de lecture estim\u00e9e":"2 minutes"},"schema":{"@context":"https:\/\/schema.org","@graph":[{"@type":"WebPage","@id":"https:\/\/officialeleutheraharbourisland.com\/fr\/eleuthera\/south-eleuthera\/choses-a-voir\/","url":"https:\/\/officialeleutheraharbourisland.com\/fr\/eleuthera\/south-eleuthera\/choses-a-voir\/","name":"CHOSES A VOIR A SOUTH ELEUTHERA | Official Eleuthera Harbour Island","isPartOf":{"@id":"https:\/\/officialeleutheraharbourisland.com\/#website"},"datePublished":"2022-03-23T15:30:55+00:00","dateModified":"2022-06-21T18:59:15+00:00","breadcrumb":{"@id":"https:\/\/officialeleutheraharbourisland.com\/fr\/eleuthera\/south-eleuthera\/choses-a-voir\/#breadcrumb"},"inLanguage":"fr-FR","potentialAction":[{"@type":"ReadAction","target":["https:\/\/officialeleutheraharbourisland.com\/fr\/eleuthera\/south-eleuthera\/choses-a-voir\/"]}]},{"@type":"BreadcrumbList","@id":"https:\/\/officialeleutheraharbourisland.com\/fr\/eleuthera\/south-eleuthera\/choses-a-voir\/#breadcrumb","itemListElement":[{"@type":"ListItem","position":1,"name":"Home","item":"https:\/\/officialeleutheraharbourisland.com\/fr\/"},{"@type":"ListItem","position":2,"name":"ELEUTHERA","item":"https:\/\/officialeleutheraharbourisland.com\/fr\/eleuthera\/"},{"@type":"ListItem","position":3,"name":"SOUTH ELEUTHERA","item":"https:\/\/officialeleutheraharbourisland.com\/fr\/eleuthera\/south-eleuthera\/"},{"@type":"ListItem","position":4,"name":"CHOSES A VOIR A SOUTH ELEUTHERA"}]},{"@type":"WebSite","@id":"https:\/\/officialeleutheraharbourisland.com\/#website","url":"https:\/\/officialeleutheraharbourisland.com\/","name":"Official Eleuthera Harbour Island","description":"Where Beauty &amp; Nature Meet","publisher":{"@id":"https:\/\/officialeleutheraharbourisland.com\/#organization"},"potentialAction":[{"@type":"SearchAction","target":{"@type":"EntryPoint","urlTemplate":"https:\/\/officialeleutheraharbourisland.com\/?s={search_term_string}"},"query-input":{"@type":"PropertyValueSpecification","valueRequired":true,"valueName":"search_term_string"}}],"inLanguage":"fr-FR"},{"@type":"Organization","@id":"https:\/\/officialeleutheraharbourisland.com\/#organization","name":"Official Eleuthera Harbour Island","url":"https:\/\/officialeleutheraharbourisland.com\/","logo":{"@type":"ImageObject","inLanguage":"fr-FR","@id":"https:\/\/officialeleutheraharbourisland.com\/#\/schema\/logo\/image\/","url":"https:\/\/officialeleutheraharbourisland.com\/wp-content\/uploads\/2022\/03\/logo-new-GREY-275.png","contentUrl":"https:\/\/officialeleutheraharbourisland.com\/wp-content\/uploads\/2022\/03\/logo-new-GREY-275.png","width":275,"height":22,"caption":"Official Eleuthera Harbour Island"},"image":{"@id":"https:\/\/officialeleutheraharbourisland.com\/#\/schema\/logo\/image\/"}}]}},"jetpack_sharing_enabled":true,"_links":{"self":[{"href":"https:\/\/officialeleutheraharbourisland.com\/fr\/wp-json\/wp\/v2\/pages\/64867","targetHints":{"allow":["GET"]}}],"collection":[{"href":"https:\/\/officialeleutheraharbourisland.com\/fr\/wp-json\/wp\/v2\/pages"}],"about":[{"href":"https:\/\/officialeleutheraharbourisland.com\/fr\/wp-json\/wp\/v2\/types\/page"}],"author":[{"embeddable":true,"href":"https:\/\/officialeleutheraharbourisland.com\/fr\/wp-json\/wp\/v2\/users\/3"}],"replies":[{"embeddable":true,"href":"https:\/\/officialeleutheraharbourisland.com\/fr\/wp-json\/wp\/v2\/comments?post=64867"}],"version-history":[{"count":5,"href":"https:\/\/officialeleutheraharbourisland.com\/fr\/wp-json\/wp\/v2\/pages\/64867\/revisions"}],"predecessor-version":[{"id":65380,"href":"https:\/\/officialeleutheraharbourisland.com\/fr\/wp-json\/wp\/v2\/pages\/64867\/revisions\/65380"}],"up":[{"embeddable":true,"href":"https:\/\/officialeleutheraharbourisland.com\/fr\/wp-json\/wp\/v2\/pages\/63868"}],"wp:attachment":[{"href":"https:\/\/officialeleutheraharbourisland.com\/fr\/wp-json\/wp\/v2\/media?parent=64867"}],"wp:term":[{"taxonomy":"category","embeddable":true,"href":"https:\/\/officialeleutheraharbourisland.com\/fr\/wp-json\/wp\/v2\/categories?post=64867"},{"taxonomy":"post_tag","embeddable":true,"href":"https:\/\/officialeleutheraharbourisland.com\/fr\/wp-json\/wp\/v2\/tags?post=64867"}],"curies":[{"name":"wp","href":"https:\/\/api.w.org\/{rel}","templated":true}]}}