{"id":64959,"date":"2016-09-28T11:10:47","date_gmt":"2016-09-28T11:10:47","guid":{"rendered":"https:\/\/officialeleutheraharbourisland.com\/hotels\/"},"modified":"2022-06-21T11:06:43","modified_gmt":"2022-06-21T11:06:43","slug":"hotels","status":"publish","type":"page","link":"https:\/\/officialeleutheraharbourisland.com\/fr\/eleuthera\/south-eleuthera\/ou-sejourner\/hotels\/","title":{"rendered":"H\u00d4TELS"},"content":{"rendered":"<div class=\"wpb-content-wrapper\"><p>[vc_row css=\u00a0\u00bb.vc_custom_1649709850618{padding-bottom: 30px !important;}\u00a0\u00bb][vc_column]<div id=\"ultimate-heading-701369e2d281b1dc9\" class=\"uvc-heading ult-adjust-bottom-margin ultimate-heading-701369e2d281b1dc9 uvc-308 \" data-hspacer=\"line_only\"  data-halign=\"left\" style=\"text-align:left\"><div class=\"uvc-main-heading ult-responsive\"  data-ultimate-target='.uvc-heading.ultimate-heading-701369e2d281b1dc9 h2'  data-responsive-json-new='{\"font-size\":\"\",\"line-height\":\"\"}' ><h2 style=\"font-weight:normal;margin-bottom:15px;\">H\u00f4tels \u00e0 South Eleuthera<\/h2><\/div><div class=\"uvc-heading-spacer line_only\" style=\"margin-bottom:15px;height:3px;\"><span class=\"uvc-headings-line\" style=\"border-style:solid;border-bottom-width:3px;border-color:#7ac1ff;width:70px;\"><\/span><\/div><div class=\"uvc-sub-heading ult-responsive\"  data-ultimate-target='.uvc-heading.ultimate-heading-701369e2d281b1dc9 .uvc-sub-heading '  data-responsive-json-new='{\"font-size\":\"\",\"line-height\":\"\"}'  style=\"font-weight:normal;margin-bottom:15px;\">Official Eleuthera Harbour Island vous apporte plus d&rsquo;information sur les h\u00f4tels \u00e0 South Eleuthera. Les h\u00f4tels \u00e0 South Eleuthera sont parmi les meilleurs des Bahamas. Voici une liste de diff\u00e9rents types d&rsquo;h\u00f4tels que vous pouvez trouver dans cet endroit.<\/div><\/div>[\/vc_column][\/vc_row][vc_row][vc_column width=\u00a0\u00bb3\/4&Prime;]<div class=\"lsd-list-view-wrapper  lsd-style-style2 lsd-font-m\" id=\"lsd_skin58961\" data-next-page=\"2\">\r\n\r\n    \r\n    \r\n    \r\n    \r\n    <div class=\"lsd-list-view-listings-wrapper lsd-viewstyle-list\">\r\n        <div class=\"lsd-listing-wrapper\">\r\n            \n            <div class=\"lsd-row\">\n    \n    <div class=\"lsd-col-12\">\n        <div class=\"lsd-listing\" itemscope itemtype=\"https:\/\/schema.org\/LocalBusiness\">\n\n                        <div class=\"lsd-listing-image lsd-has-image\">\n                <a class=\"lsd-cover-img-wrapper lsd-has-image\" href=\"https:\/\/officialeleutheraharbourisland.com\/fr\/listings\/cape-eleuthera-resort-marina\/\" itemprop=\"url\" itemscope itemtype=\"http:\/\/schema.org\/ImageObject\">\r\n    <img data-recalc-dims=\"1\" loading=\"lazy\" decoding=\"async\" width=\"260\" height=\"260\" src=\"https:\/\/i0.wp.com\/officialeleutheraharbourisland.com\/wp-content\/uploads\/2022\/06\/cape-eleuthera-500x500.jpeg?resize=260%2C260&#038;ssl=1\" class=\"attachment-390x260 size-390x260 wp-post-image\" alt=\"Cape Eleuthera Resort\" itemprop=\"&quot;contentUrl&quot;\" \/><\/a>\r\n            <\/div>\n            \n            <div class=\"lsd-listing-body\">\n\t\t\t\n\t\t\t\t\t\t\t\t\n\t\t\t\t\t\t\t\n\t\t\t\t\t\t\t\n\t\t\t\t<h3 class=\"lsd-listing-title\" itemprop=\"name\">\n                    <a href=\"https:\/\/officialeleutheraharbourisland.com\/fr\/listings\/cape-eleuthera-resort-marina\/\" itemprop=\"url\">Cape Eleuthera Resort &#038; <strong>Marina<\/strong><\/a>                <\/h3>\n\n\t\t\t\t<p class=\"lsd-listing-content\">\n                                    <\/p>\n\n                \n                <!-- Agregado para probar -->\n                <p><\/p>\n\n                                    \n                    \n\n                <div class=\"lsd-listing-contact-info\">\n                    <div class=\"lsd-contact-info\">\r\n    <ul>\r\n\r\n                <li>\r\n\t\t\t<strong><i class=\"lsd-icon fas fa-phone-alt\"><\/i><\/strong>\r\n\t\t\t<span itemprop=\"telephone\">\r\n\t\t\t\t<a href=\"tel:+1 242-334-8500\">+1 242-334-8500<\/a>\r\n\t\t\t<\/span>\r\n\t\t<\/li>\r\n        \r\n                <li>\r\n\t\t\t<strong><i class=\"lsd-icon fa fa-envelope\"><\/i><\/strong>\r\n\t\t\t<span itemprop=\"email\">\r\n\t\t\t\t<a href=\"mailto:reservations@capeeleuthera.com\">reservations@capeeleuthera.com<\/a>\r\n\t\t\t<\/span>\r\n\t\t<\/li>\r\n        \r\n                <li>\r\n            <strong><i class=\"lsd-icon fas fa-link\"><\/i><\/strong>\r\n            <span>\r\n                <a href=\"https:\/\/www.capeeleuthera.com\">https:\/\/www.capeeleuthera.com<\/a>\r\n            <\/span>\r\n        <\/li>\r\n        \r\n        \r\n    <\/ul>\r\n\r\n    <\/div>                <\/div>\n\t\t\t\t\n\t\t\t\t<div class=\"lsd-listing-price-categories\">\n\t\t\t\t\n\t\t\t\t\t\t\t\t\t\t<div class=\"lsd-listing-price lsd-color-m-bg lsd-color-white-txt\" itemprop=\"priceRange\">\n\t\t\t\t\t\t    <span class=\"lsd-min-price\">$268<\/span>\r\n\r\n    <span class=\"lsd-minmax-price-separator\"> - <\/span><span class=\"lsd-max-price\">$497<\/span>\r\n\r\n    <span class=\"lsd-text-price-separator\"> \/<\/span><span class=\"lsd-text-price\">Per night<\/span>\r\n\t\t\t\t\t<\/div>\n\t\t\t\t\t\t\t\t\t\t\n\t\t\t\t\t<div class=\"lsd-listing-categories\">\n\t\t\t\t\t\t\t\t\t\t\t<\/div>\n\t\t\t\t\t\n\t\t\t\t<\/div>\n\t\t\t\t\n\t\t\t\t<div class=\"lsd-listing-availability\">\n\t\t\t\t\t<div class=\"lsd-ava-one-day\">\r\n    <\/div>\r\n\t\t\t\t<\/div>\n\t\t\t\t\n\t\t\t\t<div class=\"lsd-listing-bottom-bar\">\n                  \n\t\t\t\t\t                    <div class=\"lsd-listing-share\">\n                        <div class=\"lsd-share lsd-share-archive\">\r\n    <div class=\"lsd-share-icon\">\r\n\t\t<ul class=\"lsd-share-list lsd-color-m-brd\">\r\n\t\t\t<li class=\"lsd-main-icon lsd-color-m-txt\"><i class=\"lsd-icon fa fa-share-alt fa-lg\"><\/i><\/li>\r\n\t\t\t<li class=\"lsd-share-list-item\"><a class=\"lsd-share-facebook\" href=\"https:\/\/www.facebook.com\/sharer\/sharer.php?u=https:\/\/officialeleutheraharbourisland.com\/fr\/listings\/cape-eleuthera-resort-marina\/\" title=\"Share on Facebook\">\r\n            <i class=\"lsd-icon fab fa-facebook-f\"><\/i>\r\n        <\/a><\/li><li class=\"lsd-share-list-item\"><a class=\"lsd-share-twitter\" href=\"https:\/\/twitter.com\/share?url=https:\/\/officialeleutheraharbourisland.com\/fr\/listings\/cape-eleuthera-resort-marina\/\" target=\"_blank\" title=\"Tweet\">\r\n            <i class=\"lsd-icon fab fa-twitter\"><\/i>\r\n        <\/a><\/li><li class=\"lsd-share-list-item\"><a class=\"lsd-share-pinterest\" href=\"https:\/\/pinterest.com\/pin\/create\/link\/?url=https:\/\/officialeleutheraharbourisland.com\/fr\/listings\/cape-eleuthera-resort-marina\/&amp;description=Cape Eleuthera Resort &#038; Marina\" target=\"_blank\" title=\"Pin it\">\r\n            <i class=\"lsd-icon fab fa-pinterest-p\"><\/i>\r\n        <\/a><\/li><li class=\"lsd-share-list-item\"><a class=\"lsd-share-linkedin\" href=\"https:\/\/www.linkedin.com\/shareArticle?mini=true&amp;url=https:\/\/officialeleutheraharbourisland.com\/fr\/listings\/cape-eleuthera-resort-marina\/\" target=\"_blank\" title=\"Linkedin\">\r\n            <i class=\"lsd-icon fab fa-linkedin-in\"><\/i>\r\n        <\/a><\/li>\t\t<\/ul>\r\n    <\/div>\r\n<\/div>\r\n                    <\/div>\n\t\t\t\t\t\t\t\t\t\t\n\t\t\t\t\t<div class=\"lsd-listing-locations\">\n\t\t\t\t\t\t<ul class=\"lsd-locations-list\">\r\n        <li class=\"lsd-locations-list-item\" itemscope itemtype=\"http:\/\/schema.org\/LocationFeatureSpecification\">\r\n\t\t<a href=\"https:\/\/officialeleutheraharbourisland.com\/fr\/listing-location\/south-eleuthera-fr\/\" itemprop=\"name\">\r\n\t\t\t<i class=\"lsd-icon fas fa-map-marker-alt\"><\/i>\r\n\t\t\tSouth Eleuthera\t\t<\/a>\r\n\t<\/li>\r\n    <\/ul>\t\t\t\t\t<\/div>\n\t\t\t\t\t\n                <\/div>\n\t\t\t\t\n            <\/div>\n\t\t\t\n\t\t<\/div>\n    <\/div>\n\n            <\/div>\n    \n        <\/div>\r\n    <\/div>\r\n\r\n    \r\n    <\/div>[\/vc_column][vc_column width=\u00a0\u00bb1\/4&Prime;]<div id=\"ultimate-heading-167169e2d281ba86d\" class=\"uvc-heading ult-adjust-bottom-margin ultimate-heading-167169e2d281ba86d uvc-3204 \" data-hspacer=\"line_only\"  data-halign=\"left\" style=\"text-align:left\"><div class=\"uvc-main-heading ult-responsive\"  data-ultimate-target='.uvc-heading.ultimate-heading-167169e2d281ba86d h6'  data-responsive-json-new='{\"font-size\":\"\",\"line-height\":\"\"}' ><h6 style=\"font-weight:normal;margin-bottom:15px;\">Voir les h\u00f4tels dans les autres lieux<\/h6><\/div><div class=\"uvc-heading-spacer line_only\" style=\"margin-bottom:15px;height:3px;\"><span class=\"uvc-headings-line\" style=\"border-style:solid;border-bottom-width:3px;border-color:#7ac1ff;width:60px;\"><\/span><\/div><\/div>[vc_raw_html]JTVCbGlzdGRvbS1zZWFyY2glMjBpZCUzRCUyMjU4OTYyJTIyJTVE[\/vc_raw_html][\/vc_column][\/vc_row][vc_row][vc_column width=\u00a0\u00bb1\/2&Prime;][vc_raw_html]JTVCbWV0YXNsaWRlciUyMGlkJTNEJTIyNTg5NDElMjIlNUQ=[\/vc_raw_html][\/vc_column][vc_column width=\u00a0\u00bb1\/2&Prime;][vc_raw_html]JTVCbWV0YXNsaWRlciUyMGlkJTNEJTIyNTg5NDElMjIlNUQ=[\/vc_raw_html][\/vc_column][\/vc_row]<\/p>\n<\/div>","protected":false},"excerpt":{"rendered":"<p>[vc_row css=\u00a0\u00bb.vc_custom_1649709850618{padding-bottom: 30px !important;}\u00a0\u00bb][vc_column][\/vc_column][\/vc_row][vc_row][vc_column width=\u00a0\u00bb3\/4&Prime;][\/vc_column][vc_column width=\u00a0\u00bb1\/4&Prime;][vc_raw_html]JTVCbGlzdGRvbS1zZWFyY2glMjBpZCUzRCUyMjU4OTYyJTIyJTVE[\/vc_raw_html][\/vc_column][\/vc_row][vc_row][vc_column width=\u00a0\u00bb1\/2&Prime;][vc_raw_html]JTVCbWV0YXNsaWRlciUyMGlkJTNEJTIyNTg5NDElMjIlNUQ=[\/vc_raw_html][\/vc_column][vc_column width=\u00a0\u00bb1\/2&Prime;][vc_raw_html]JTVCbWV0YXNsaWRlciUyMGlkJTNEJTIyNTg5NDElMjIlNUQ=[\/vc_raw_html][\/vc_column][\/vc_row]<\/p>\n","protected":false},"author":3,"featured_media":0,"parent":64962,"menu_order":20,"comment_status":"closed","ping_status":"closed","template":"","meta":{"footnotes":""},"categories":[],"tags":[],"class_list":["post-64959","page","type-page","status-publish","hentry","description-off"],"yoast_head":"<!-- This site is optimized with the Yoast SEO Premium plugin v25.2 (Yoast SEO v27.4) - https:\/\/yoast.com\/product\/yoast-seo-premium-wordpress\/ -->\n<title>H\u00d4TELS | Official Eleuthera Harbour Island<\/title>\n<meta name=\"robots\" content=\"index, follow, max-snippet:-1, max-image-preview:large, max-video-preview:-1\" \/>\n<link rel=\"canonical\" href=\"https:\/\/officialeleutheraharbourisland.com\/fr\/eleuthera\/south-eleuthera\/ou-sejourner\/hotels\/\" \/>\n<meta property=\"og:locale\" content=\"fr_FR\" \/>\n<meta property=\"og:type\" content=\"article\" \/>\n<meta property=\"og:title\" content=\"H\u00d4TELS\" \/>\n<meta property=\"og:description\" content=\"[vc_row css=\u00a0\u00bb.vc_custom_1649709850618{padding-bottom: 30px !important;}\u00a0\u00bb][vc_column][\/vc_column][\/vc_row][vc_row][vc_column width=\u00a0\u00bb3\/4&Prime;][\/vc_column][vc_column width=\u00a0\u00bb1\/4&Prime;][vc_raw_html]JTVCbGlzdGRvbS1zZWFyY2glMjBpZCUzRCUyMjU4OTYyJTIyJTVE[\/vc_raw_html][\/vc_column][\/vc_row][vc_row][vc_column width=\u00a0\u00bb1\/2&Prime;][vc_raw_html]JTVCbWV0YXNsaWRlciUyMGlkJTNEJTIyNTg5NDElMjIlNUQ=[\/vc_raw_html][\/vc_column][vc_column width=\u00a0\u00bb1\/2&Prime;][vc_raw_html]JTVCbWV0YXNsaWRlciUyMGlkJTNEJTIyNTg5NDElMjIlNUQ=[\/vc_raw_html][\/vc_column][\/vc_row]\" \/>\n<meta property=\"og:url\" content=\"https:\/\/officialeleutheraharbourisland.com\/fr\/eleuthera\/south-eleuthera\/ou-sejourner\/hotels\/\" \/>\n<meta property=\"og:site_name\" content=\"Official Eleuthera Harbour Island\" \/>\n<meta property=\"article:modified_time\" content=\"2022-06-21T11:06:43+00:00\" \/>\n<meta name=\"twitter:card\" content=\"summary_large_image\" \/>\n<meta name=\"twitter:label1\" content=\"Dur\u00e9e de lecture estim\u00e9e\" \/>\n\t<meta name=\"twitter:data1\" content=\"1 minute\" \/>\n<script type=\"application\/ld+json\" class=\"yoast-schema-graph\">{\"@context\":\"https:\\\/\\\/schema.org\",\"@graph\":[{\"@type\":\"WebPage\",\"@id\":\"https:\\\/\\\/officialeleutheraharbourisland.com\\\/fr\\\/eleuthera\\\/south-eleuthera\\\/ou-sejourner\\\/hotels\\\/\",\"url\":\"https:\\\/\\\/officialeleutheraharbourisland.com\\\/fr\\\/eleuthera\\\/south-eleuthera\\\/ou-sejourner\\\/hotels\\\/\",\"name\":\"H\u00d4TELS | Official Eleuthera Harbour Island\",\"isPartOf\":{\"@id\":\"https:\\\/\\\/officialeleutheraharbourisland.com\\\/#website\"},\"datePublished\":\"2016-09-28T11:10:47+00:00\",\"dateModified\":\"2022-06-21T11:06:43+00:00\",\"breadcrumb\":{\"@id\":\"https:\\\/\\\/officialeleutheraharbourisland.com\\\/fr\\\/eleuthera\\\/south-eleuthera\\\/ou-sejourner\\\/hotels\\\/#breadcrumb\"},\"inLanguage\":\"fr-FR\",\"potentialAction\":[{\"@type\":\"ReadAction\",\"target\":[\"https:\\\/\\\/officialeleutheraharbourisland.com\\\/fr\\\/eleuthera\\\/south-eleuthera\\\/ou-sejourner\\\/hotels\\\/\"]}]},{\"@type\":\"BreadcrumbList\",\"@id\":\"https:\\\/\\\/officialeleutheraharbourisland.com\\\/fr\\\/eleuthera\\\/south-eleuthera\\\/ou-sejourner\\\/hotels\\\/#breadcrumb\",\"itemListElement\":[{\"@type\":\"ListItem\",\"position\":1,\"name\":\"Home\",\"item\":\"https:\\\/\\\/officialeleutheraharbourisland.com\\\/fr\\\/\"},{\"@type\":\"ListItem\",\"position\":2,\"name\":\"ELEUTHERA\",\"item\":\"https:\\\/\\\/officialeleutheraharbourisland.com\\\/fr\\\/eleuthera\\\/\"},{\"@type\":\"ListItem\",\"position\":3,\"name\":\"SOUTH ELEUTHERA\",\"item\":\"https:\\\/\\\/officialeleutheraharbourisland.com\\\/fr\\\/eleuthera\\\/south-eleuthera\\\/\"},{\"@type\":\"ListItem\",\"position\":4,\"name\":\"O\u00d9 SEJOURNER\",\"item\":\"https:\\\/\\\/officialeleutheraharbourisland.com\\\/fr\\\/eleuthera\\\/south-eleuthera\\\/ou-sejourner\\\/\"},{\"@type\":\"ListItem\",\"position\":5,\"name\":\"H\u00d4TELS\"}]},{\"@type\":\"WebSite\",\"@id\":\"https:\\\/\\\/officialeleutheraharbourisland.com\\\/#website\",\"url\":\"https:\\\/\\\/officialeleutheraharbourisland.com\\\/\",\"name\":\"Official Eleuthera Harbour Island\",\"description\":\"Where Beauty &amp; Nature Meet\",\"publisher\":{\"@id\":\"https:\\\/\\\/officialeleutheraharbourisland.com\\\/#organization\"},\"potentialAction\":[{\"@type\":\"SearchAction\",\"target\":{\"@type\":\"EntryPoint\",\"urlTemplate\":\"https:\\\/\\\/officialeleutheraharbourisland.com\\\/?s={search_term_string}\"},\"query-input\":{\"@type\":\"PropertyValueSpecification\",\"valueRequired\":true,\"valueName\":\"search_term_string\"}}],\"inLanguage\":\"fr-FR\"},{\"@type\":\"Organization\",\"@id\":\"https:\\\/\\\/officialeleutheraharbourisland.com\\\/#organization\",\"name\":\"Official Eleuthera Harbour Island\",\"url\":\"https:\\\/\\\/officialeleutheraharbourisland.com\\\/\",\"logo\":{\"@type\":\"ImageObject\",\"inLanguage\":\"fr-FR\",\"@id\":\"https:\\\/\\\/officialeleutheraharbourisland.com\\\/#\\\/schema\\\/logo\\\/image\\\/\",\"url\":\"https:\\\/\\\/officialeleutheraharbourisland.com\\\/wp-content\\\/uploads\\\/2022\\\/03\\\/logo-new-GREY-275.png\",\"contentUrl\":\"https:\\\/\\\/officialeleutheraharbourisland.com\\\/wp-content\\\/uploads\\\/2022\\\/03\\\/logo-new-GREY-275.png\",\"width\":275,\"height\":22,\"caption\":\"Official Eleuthera Harbour Island\"},\"image\":{\"@id\":\"https:\\\/\\\/officialeleutheraharbourisland.com\\\/#\\\/schema\\\/logo\\\/image\\\/\"}}]}<\/script>\n<!-- \/ Yoast SEO Premium plugin. -->","yoast_head_json":{"title":"H\u00d4TELS | Official Eleuthera Harbour Island","robots":{"index":"index","follow":"follow","max-snippet":"max-snippet:-1","max-image-preview":"max-image-preview:large","max-video-preview":"max-video-preview:-1"},"canonical":"https:\/\/officialeleutheraharbourisland.com\/fr\/eleuthera\/south-eleuthera\/ou-sejourner\/hotels\/","og_locale":"fr_FR","og_type":"article","og_title":"H\u00d4TELS","og_description":"[vc_row css=\u00a0\u00bb.vc_custom_1649709850618{padding-bottom: 30px !important;}\u00a0\u00bb][vc_column][\/vc_column][\/vc_row][vc_row][vc_column width=\u00a0\u00bb3\/4&Prime;][\/vc_column][vc_column width=\u00a0\u00bb1\/4&Prime;][vc_raw_html]JTVCbGlzdGRvbS1zZWFyY2glMjBpZCUzRCUyMjU4OTYyJTIyJTVE[\/vc_raw_html][\/vc_column][\/vc_row][vc_row][vc_column width=\u00a0\u00bb1\/2&Prime;][vc_raw_html]JTVCbWV0YXNsaWRlciUyMGlkJTNEJTIyNTg5NDElMjIlNUQ=[\/vc_raw_html][\/vc_column][vc_column width=\u00a0\u00bb1\/2&Prime;][vc_raw_html]JTVCbWV0YXNsaWRlciUyMGlkJTNEJTIyNTg5NDElMjIlNUQ=[\/vc_raw_html][\/vc_column][\/vc_row]","og_url":"https:\/\/officialeleutheraharbourisland.com\/fr\/eleuthera\/south-eleuthera\/ou-sejourner\/hotels\/","og_site_name":"Official Eleuthera Harbour Island","article_modified_time":"2022-06-21T11:06:43+00:00","twitter_card":"summary_large_image","twitter_misc":{"Dur\u00e9e de lecture estim\u00e9e":"1 minute"},"schema":{"@context":"https:\/\/schema.org","@graph":[{"@type":"WebPage","@id":"https:\/\/officialeleutheraharbourisland.com\/fr\/eleuthera\/south-eleuthera\/ou-sejourner\/hotels\/","url":"https:\/\/officialeleutheraharbourisland.com\/fr\/eleuthera\/south-eleuthera\/ou-sejourner\/hotels\/","name":"H\u00d4TELS | Official Eleuthera Harbour Island","isPartOf":{"@id":"https:\/\/officialeleutheraharbourisland.com\/#website"},"datePublished":"2016-09-28T11:10:47+00:00","dateModified":"2022-06-21T11:06:43+00:00","breadcrumb":{"@id":"https:\/\/officialeleutheraharbourisland.com\/fr\/eleuthera\/south-eleuthera\/ou-sejourner\/hotels\/#breadcrumb"},"inLanguage":"fr-FR","potentialAction":[{"@type":"ReadAction","target":["https:\/\/officialeleutheraharbourisland.com\/fr\/eleuthera\/south-eleuthera\/ou-sejourner\/hotels\/"]}]},{"@type":"BreadcrumbList","@id":"https:\/\/officialeleutheraharbourisland.com\/fr\/eleuthera\/south-eleuthera\/ou-sejourner\/hotels\/#breadcrumb","itemListElement":[{"@type":"ListItem","position":1,"name":"Home","item":"https:\/\/officialeleutheraharbourisland.com\/fr\/"},{"@type":"ListItem","position":2,"name":"ELEUTHERA","item":"https:\/\/officialeleutheraharbourisland.com\/fr\/eleuthera\/"},{"@type":"ListItem","position":3,"name":"SOUTH ELEUTHERA","item":"https:\/\/officialeleutheraharbourisland.com\/fr\/eleuthera\/south-eleuthera\/"},{"@type":"ListItem","position":4,"name":"O\u00d9 SEJOURNER","item":"https:\/\/officialeleutheraharbourisland.com\/fr\/eleuthera\/south-eleuthera\/ou-sejourner\/"},{"@type":"ListItem","position":5,"name":"H\u00d4TELS"}]},{"@type":"WebSite","@id":"https:\/\/officialeleutheraharbourisland.com\/#website","url":"https:\/\/officialeleutheraharbourisland.com\/","name":"Official Eleuthera Harbour Island","description":"Where Beauty &amp; Nature Meet","publisher":{"@id":"https:\/\/officialeleutheraharbourisland.com\/#organization"},"potentialAction":[{"@type":"SearchAction","target":{"@type":"EntryPoint","urlTemplate":"https:\/\/officialeleutheraharbourisland.com\/?s={search_term_string}"},"query-input":{"@type":"PropertyValueSpecification","valueRequired":true,"valueName":"search_term_string"}}],"inLanguage":"fr-FR"},{"@type":"Organization","@id":"https:\/\/officialeleutheraharbourisland.com\/#organization","name":"Official Eleuthera Harbour Island","url":"https:\/\/officialeleutheraharbourisland.com\/","logo":{"@type":"ImageObject","inLanguage":"fr-FR","@id":"https:\/\/officialeleutheraharbourisland.com\/#\/schema\/logo\/image\/","url":"https:\/\/officialeleutheraharbourisland.com\/wp-content\/uploads\/2022\/03\/logo-new-GREY-275.png","contentUrl":"https:\/\/officialeleutheraharbourisland.com\/wp-content\/uploads\/2022\/03\/logo-new-GREY-275.png","width":275,"height":22,"caption":"Official Eleuthera Harbour Island"},"image":{"@id":"https:\/\/officialeleutheraharbourisland.com\/#\/schema\/logo\/image\/"}}]}},"jetpack_sharing_enabled":true,"_links":{"self":[{"href":"https:\/\/officialeleutheraharbourisland.com\/fr\/wp-json\/wp\/v2\/pages\/64959","targetHints":{"allow":["GET"]}}],"collection":[{"href":"https:\/\/officialeleutheraharbourisland.com\/fr\/wp-json\/wp\/v2\/pages"}],"about":[{"href":"https:\/\/officialeleutheraharbourisland.com\/fr\/wp-json\/wp\/v2\/types\/page"}],"author":[{"embeddable":true,"href":"https:\/\/officialeleutheraharbourisland.com\/fr\/wp-json\/wp\/v2\/users\/3"}],"replies":[{"embeddable":true,"href":"https:\/\/officialeleutheraharbourisland.com\/fr\/wp-json\/wp\/v2\/comments?post=64959"}],"version-history":[{"count":2,"href":"https:\/\/officialeleutheraharbourisland.com\/fr\/wp-json\/wp\/v2\/pages\/64959\/revisions"}],"predecessor-version":[{"id":64964,"href":"https:\/\/officialeleutheraharbourisland.com\/fr\/wp-json\/wp\/v2\/pages\/64959\/revisions\/64964"}],"up":[{"embeddable":true,"href":"https:\/\/officialeleutheraharbourisland.com\/fr\/wp-json\/wp\/v2\/pages\/64962"}],"wp:attachment":[{"href":"https:\/\/officialeleutheraharbourisland.com\/fr\/wp-json\/wp\/v2\/media?parent=64959"}],"wp:term":[{"taxonomy":"category","embeddable":true,"href":"https:\/\/officialeleutheraharbourisland.com\/fr\/wp-json\/wp\/v2\/categories?post=64959"},{"taxonomy":"post_tag","embeddable":true,"href":"https:\/\/officialeleutheraharbourisland.com\/fr\/wp-json\/wp\/v2\/tags?post=64959"}],"curies":[{"name":"wp","href":"https:\/\/api.w.org\/{rel}","templated":true}]}}