{"id":65292,"date":"2022-05-24T10:49:33","date_gmt":"2022-05-24T10:49:33","guid":{"rendered":"https:\/\/officialeleutheraharbourisland.com\/spanish-wells\/choses-a-faire\/sports-activities\/"},"modified":"2022-06-21T17:38:22","modified_gmt":"2022-06-21T17:38:22","slug":"activites-sportives","status":"publish","type":"page","link":"https:\/\/officialeleutheraharbourisland.com\/fr\/spanish-wells\/choses-a-faire\/activites-sportives\/","title":{"rendered":"ACTIVITES SPORTIVES"},"content":{"rendered":"<div class=\"wpb-content-wrapper\"><p>[vc_row][vc_column]<style type=\"text\/css\" data-type=\"the7_shortcodes-inline-css\">.blog-shortcode.blog-list-shortcode-id-3af4e5b358e0bbce955d3a6f013309e1.dividers-on.classic-layout-list article {\n  margin-top: 50px;\n  padding-top: 0;\n}\n.blog-shortcode.blog-list-shortcode-id-3af4e5b358e0bbce955d3a6f013309e1.dividers-on.classic-layout-list article:first-of-type {\n  margin-top: 0;\n  padding-top: 0;\n}\n.blog-shortcode.blog-list-shortcode-id-3af4e5b358e0bbce955d3a6f013309e1.classic-layout-list.mode-list .post-thumbnail-wrap {\n  width: 30%;\n}\n.blog-shortcode.blog-list-shortcode-id-3af4e5b358e0bbce955d3a6f013309e1.classic-layout-list.mode-list .post-entry-content {\n  width: calc(100% - 30%);\n}\n.blog-shortcode.blog-list-shortcode-id-3af4e5b358e0bbce955d3a6f013309e1.classic-layout-list.mode-list .no-img .post-entry-content {\n  width: 100%;\n}\n.blog-shortcode.blog-list-shortcode-id-3af4e5b358e0bbce955d3a6f013309e1 .filter-bg-decoration .filter-categories a.act {\n  color: #fff;\n}\n.blog-shortcode.blog-list-shortcode-id-3af4e5b358e0bbce955d3a6f013309e1:not(.mode-masonry) article {\n  margin-top: 50px;\n}\n.blog-shortcode.blog-list-shortcode-id-3af4e5b358e0bbce955d3a6f013309e1:not(.mode-masonry) article:first-of-type,\n.blog-shortcode.blog-list-shortcode-id-3af4e5b358e0bbce955d3a6f013309e1:not(.mode-masonry) article.visible.first:not(.product) {\n  margin-top: 0;\n}\n.blog-shortcode.blog-list-shortcode-id-3af4e5b358e0bbce955d3a6f013309e1.dividers-on:not(.mode-masonry) article {\n  margin-top: 0;\n  padding-top: 50px;\n}\n.blog-shortcode.blog-list-shortcode-id-3af4e5b358e0bbce955d3a6f013309e1.dividers-on:not(.mode-masonry) article:first-of-type,\n.blog-shortcode.blog-list-shortcode-id-3af4e5b358e0bbce955d3a6f013309e1.dividers-on:not(.mode-masonry) article.visible.first:not(.product) {\n  margin-top: 0;\n  padding-top: 0;\n}\n.blog-shortcode.blog-list-shortcode-id-3af4e5b358e0bbce955d3a6f013309e1 .post-thumbnail-wrap {\n  padding: 0px 0px 0px 0px;\n}\n.blog-shortcode.blog-list-shortcode-id-3af4e5b358e0bbce955d3a6f013309e1.enable-bg-rollover .post-thumbnail-rollover:after {\n  background: -webkit-linear-gradient();\n  background: linear-gradient();\n}\n.blog-shortcode.blog-list-shortcode-id-3af4e5b358e0bbce955d3a6f013309e1 .gallery-zoom-ico {\n  width: 44px;\n  height: 44px;\n  line-height: 44px;\n  border-radius: 100px;\n  margin: -22px 0 0 -22px;\n  border-width: 0px;\n  color: #ffffff;\n}\n.bottom-overlap-layout-list.blog-shortcode.blog-list-shortcode-id-3af4e5b358e0bbce955d3a6f013309e1 .gallery-zoom-ico {\n  margin-top: -22px;\n}\n.gradient-overlay-layout-list.blog-shortcode.blog-list-shortcode-id-3af4e5b358e0bbce955d3a6f013309e1 .gallery-zoom-ico,\n.content-rollover-layout-list.blog-shortcode.blog-list-shortcode-id-3af4e5b358e0bbce955d3a6f013309e1 .gallery-zoom-ico {\n  margin: 0 0 10px;\n}\n.content-align-center.gradient-overlay-layout-list.blog-shortcode.blog-list-shortcode-id-3af4e5b358e0bbce955d3a6f013309e1 .gallery-zoom-ico,\n.content-align-center.content-rollover-layout-list.blog-shortcode.blog-list-shortcode-id-3af4e5b358e0bbce955d3a6f013309e1 .gallery-zoom-ico {\n  margin: 0 auto 10px;\n}\n.dt-icon-bg-on.blog-shortcode.blog-list-shortcode-id-3af4e5b358e0bbce955d3a6f013309e1 .gallery-zoom-ico {\n  background: rgba(255,255,255,0.3);\n  box-shadow: none;\n}\n.blog-shortcode.blog-list-shortcode-id-3af4e5b358e0bbce955d3a6f013309e1 .gallery-zoom-ico > span,\n.blog-shortcode.blog-list-shortcode-id-3af4e5b358e0bbce955d3a6f013309e1 .gallery-zoom-ico:before {\n  font-size: 32px;\n  line-height: 44px;\n}\n.blog-shortcode.blog-list-shortcode-id-3af4e5b358e0bbce955d3a6f013309e1 .gallery-zoom-ico > span,\n.blog-shortcode.blog-list-shortcode-id-3af4e5b358e0bbce955d3a6f013309e1 .gallery-zoom-ico:before {\n  color: #ffffff;\n}\n.blog-shortcode.blog-list-shortcode-id-3af4e5b358e0bbce955d3a6f013309e1 .fancy-date a {\n  background: #ffffff;\n  box-shadow: none;\n}\n.blog-shortcode.blog-list-shortcode-id-3af4e5b358e0bbce955d3a6f013309e1 .fancy-date a * {\n  color: #2d2d2d;\n}\n.blog-shortcode.blog-list-shortcode-id-3af4e5b358e0bbce955d3a6f013309e1 .entry-title,\n.blog-shortcode.blog-list-shortcode-id-3af4e5b358e0bbce955d3a6f013309e1.owl-carousel .entry-title {\n  margin-bottom: 5px;\n  font-weight: bold;\n}\n.blog-shortcode.blog-list-shortcode-id-3af4e5b358e0bbce955d3a6f013309e1 .entry-meta {\n  margin-bottom: 15px;\n}\n.blog-shortcode.blog-list-shortcode-id-3af4e5b358e0bbce955d3a6f013309e1 .portfolio-categories {\n  margin-bottom: 15px;\n}\n.blog-shortcode.blog-list-shortcode-id-3af4e5b358e0bbce955d3a6f013309e1 .entry-excerpt {\n  margin-bottom: 5px;\n}\n.blog-shortcode.blog-list-shortcode-id-3af4e5b358e0bbce955d3a6f013309e1:not(.centered-layout-list) .post-entry-content {\n  padding: 25px 30px 30px 30px;\n}\n.blog-shortcode.blog-list-shortcode-id-3af4e5b358e0bbce955d3a6f013309e1:not(.centered-layout-list):not(.content-bg-on):not(.mode-list) .no-img .post-entry-content {\n  padding: 0;\n}\n@media screen and (max-width: 768px) {\n  .blog-shortcode.blog-list-shortcode-id-3af4e5b358e0bbce955d3a6f013309e1 article {\n    -ms-flex-flow: column nowrap;\n    flex-flow: column nowrap;\n    margin-top: 20px;\n  }\n  .blog-shortcode.blog-list-shortcode-id-3af4e5b358e0bbce955d3a6f013309e1.dividers-on article {\n    border: none;\n  }\n  .blog-shortcode.blog-list-shortcode-id-3af4e5b358e0bbce955d3a6f013309e1.content-bg-on.centered-layout-list article {\n    padding: 0;\n  }\n  .blog-shortcode.blog-list-shortcode-id-3af4e5b358e0bbce955d3a6f013309e1.blog-shortcode.dividers-on article,\n  .blog-shortcode.blog-list-shortcode-id-3af4e5b358e0bbce955d3a6f013309e1.dividers-on.classic-layout-list article {\n    margin-top: 20px;\n    padding: 0;\n  }\n  .blog-shortcode.blog-list-shortcode-id-3af4e5b358e0bbce955d3a6f013309e1.blog-shortcode.dividers-on article:first-of-type,\n  .blog-shortcode.blog-list-shortcode-id-3af4e5b358e0bbce955d3a6f013309e1.dividers-on.classic-layout-list article:first-of-type {\n    padding: 0;\n  }\n  #page .blog-shortcode.blog-list-shortcode-id-3af4e5b358e0bbce955d3a6f013309e1 .post-thumbnail-wrap,\n  #page .blog-shortcode.blog-list-shortcode-id-3af4e5b358e0bbce955d3a6f013309e1 .post-entry-content {\n    width: 100%;\n    margin: 0;\n    top: 0;\n  }\n  #page .blog-shortcode.blog-list-shortcode-id-3af4e5b358e0bbce955d3a6f013309e1 .post-thumbnail-wrap {\n    padding: 0;\n  }\n  #page .blog-shortcode.blog-list-shortcode-id-3af4e5b358e0bbce955d3a6f013309e1 .post-entry-content:after {\n    display: none;\n  }\n  #page .blog-shortcode.blog-list-shortcode-id-3af4e5b358e0bbce955d3a6f013309e1 .project-even .post-thumbnail-wrap,\n  #page .blog-shortcode.blog-list-shortcode-id-3af4e5b358e0bbce955d3a6f013309e1.centered-layout-list .post-thumbnail-wrap {\n    -ms-flex-order: 0;\n    order: 0;\n  }\n  #page .blog-shortcode.blog-list-shortcode-id-3af4e5b358e0bbce955d3a6f013309e1.centered-layout-list .post-entry-title-content {\n    -ms-flex-order: 1;\n    order: 1;\n    width: 100%;\n    padding: 20px 20px 0;\n  }\n  #page .blog-shortcode.blog-list-shortcode-id-3af4e5b358e0bbce955d3a6f013309e1.centered-layout-list .post-entry-content {\n    -ms-flex-order: 2;\n    order: 2;\n    padding-top: 0;\n  }\n  #page .blog-shortcode.blog-list-shortcode-id-3af4e5b358e0bbce955d3a6f013309e1 .fancy-categories {\n    top: 10px;\n    left: 10px;\n    bottom: auto;\n    right: auto;\n  }\n  #page .blog-shortcode.blog-list-shortcode-id-3af4e5b358e0bbce955d3a6f013309e1 .fancy-date a {\n    top: 10px;\n    right: 10px;\n    left: auto;\n    bottom: auto;\n  }\n  #page .blog-shortcode.blog-list-shortcode-id-3af4e5b358e0bbce955d3a6f013309e1 .post-entry-content {\n    padding: 20px;\n  }\n  #page .blog-shortcode.blog-list-shortcode-id-3af4e5b358e0bbce955d3a6f013309e1 .entry-title {\n    margin: 3px 0 5px;\n    font-size: 20px;\n    line-height: 26px;\n  }\n  #page .blog-shortcode.blog-list-shortcode-id-3af4e5b358e0bbce955d3a6f013309e1 .entry-meta {\n    margin: 5px 0 5px;\n  }\n  #page .blog-shortcode.blog-list-shortcode-id-3af4e5b358e0bbce955d3a6f013309e1 .entry-excerpt {\n    margin: 15px 0 0;\n  }\n  #page .blog-shortcode.blog-list-shortcode-id-3af4e5b358e0bbce955d3a6f013309e1 .post-details {\n    margin: 5px 0 10px;\n  }\n  #page .blog-shortcode.blog-list-shortcode-id-3af4e5b358e0bbce955d3a6f013309e1 .post-details.details-type-link {\n    margin-bottom: 2px;\n  }\n}\n<\/style><div class=\"articles-list blog-shortcode mode-list blog-list-shortcode-id-3af4e5b358e0bbce955d3a6f013309e1 classic-layout-list content-bg-on jquery-filter scale-img dt-icon-bg-off loading-effect-fade-in\" data-cur-page=\"1\" data-post-limit=\"-1\" data-pagination-mode=\"none\"><article class=\"post project-odd visible post-64852 type-post status-publish format-standard has-post-thumbnail hentry category-sports-activity-ce-fr category-sports-activity-sw-fr category-sports-activity-se-fr category-sports-activity-ne-fr category-955 category-964 category-980 category-942 description-off\" data-name=\"Tennis \u00e0 Eleuthera et Spanish Wells\" data-date=\"2022-04-13T13:11:38+00:00\">\n\n<div class=\"post-thumbnail-wrap\">\n\t<div class=\"post-thumbnail\">\n\n\t\t\n\t\t\n\t\t<a href=\"https:\/\/officialeleutheraharbourisland.com\/fr\/sports-activity-ne-fr\/tennis-a-eleuthera-et-spanish-wells\/\" class=\"post-thumbnail-rollover layzr-bg layzr-bg\" ><img fetchpriority=\"high\" decoding=\"async\" class=\"blog-thumb-lazy-load preload-me lazy-load aspect\" src=\"data:image\/svg+xml,%3Csvg%20xmlns%3D&#39;http%3A%2F%2Fwww.w3.org%2F2000%2Fsvg&#39;%20viewBox%3D&#39;0%200%20768%20512&#39;%2F%3E\" data-src=\"https:\/\/officialeleutheraharbourisland.com\/wp-content\/uploads\/2022\/04\/tennis-gf5a49d600_1920-768x512.jpg\" data-srcset=\"https:\/\/officialeleutheraharbourisland.com\/wp-content\/uploads\/2022\/04\/tennis-gf5a49d600_1920-768x512.jpg 768w, https:\/\/officialeleutheraharbourisland.com\/wp-content\/uploads\/2022\/04\/tennis-gf5a49d600_1920-1306x870.jpg 1306w\" loading=\"eager\" style=\"--ratio: 768 \/ 512\" sizes=\"(max-width: 768px) 100vw, 768px\" alt=\"\" title=\"Tennis in Central Eleuthera\" width=\"768\" height=\"512\"  \/><\/a>\n\t<\/div>\n<\/div>\n\n\n<div class=\"post-entry-content\">\n\n\t<h3 class=\"entry-title\">\n\t\t<a href=\"https:\/\/officialeleutheraharbourisland.com\/fr\/sports-activity-ne-fr\/tennis-a-eleuthera-et-spanish-wells\/\" title=\"Tennis \u00e0 Eleuthera et Spanish Wells\" rel=\"bookmark\">Tennis \u00e0 Eleuthera et Spanish Wells<\/a>\n\t<\/h3>\n\n\t<div class=\"entry-meta\"><span class=\"category-link\"><a href=\"https:\/\/officialeleutheraharbourisland.com\/fr\/category\/sports-activity-ce-fr\/\" >Sports activity<\/a>, <a href=\"https:\/\/officialeleutheraharbourisland.com\/fr\/category\/sports-activity-sw-fr\/\" >Sports activity<\/a>, <a href=\"https:\/\/officialeleutheraharbourisland.com\/fr\/category\/sports-activity-se-fr\/\" >Sports activity<\/a>, <a href=\"https:\/\/officialeleutheraharbourisland.com\/fr\/category\/sports-activity-ne-fr\/\" >Sports activity<\/a><\/span><\/div>\n\t<div class=\"entry-excerpt\"><p>[vc_row css=\u00a0\u00bb.vc_custom_1650996412893{padding-bottom: 50px !important;}\u00a0\u00bb][vc_column][vc_column_text css=\u00a0\u00bb.vc_custom_1655742231473{padding-top: 30px !important;}\u00a0\u00bb]Official Eleuthera Harbour Island vous apporte plus d&rsquo;informations sur le tennis \u00e0 Eleuthera et Spanish Wells. Le tennis est un jeu formidable appr\u00e9ci\u00e9 par des millions de personnes de tous \u00e2ges. Cependant, il peut parfois \u00eatre difficile d&rsquo;apprendre les r\u00e8gles ou la terminologie correcte d&rsquo;un nouveau sport. Heureusement, \u00e0&hellip;<\/p>\n<\/div>\n\t\n<a href=\"https:\/\/officialeleutheraharbourisland.com\/fr\/sports-activity-ne-fr\/tennis-a-eleuthera-et-spanish-wells\/\" class=\"post-details details-type-link\" aria-label=\"En savoir plus sur Tennis \u00e0 Eleuthera et Spanish Wells\">Lire la suite<i class=\"dt-icon-the7-arrow-03\" aria-hidden=\"true\"><\/i><\/a>\n\n<\/div><\/article><article class=\"post project-odd visible post-64854 type-post status-publish format-standard has-post-thumbnail hentry category-sports-activity-ne-fr category-sports-activity-ce-fr category-sports-activity-sw-fr category-sports-activity-se-fr category-sports-activity-hi-fr category-942 category-955 category-964 category-980 category-982 description-off\" data-name=\"La p\u00eache \u00e0 Harbour Island, Eleuthera et Spanish Wells\" data-date=\"2022-04-13T13:11:38+00:00\">\n\n<div class=\"post-thumbnail-wrap\">\n\t<div class=\"post-thumbnail\">\n\n\t\t\n\t\t\n\t\t<a href=\"https:\/\/officialeleutheraharbourisland.com\/fr\/sports-activity-ne-fr\/la-peche-a-harbour-island-eleuthera-et-spanish-wells\/\" class=\"post-thumbnail-rollover layzr-bg layzr-bg\" ><img decoding=\"async\" class=\"blog-thumb-lazy-load preload-me lazy-load aspect\" src=\"data:image\/svg+xml,%3Csvg%20xmlns%3D&#39;http%3A%2F%2Fwww.w3.org%2F2000%2Fsvg&#39;%20viewBox%3D&#39;0%200%20768%20512&#39;%2F%3E\" data-src=\"https:\/\/officialeleutheraharbourisland.com\/wp-content\/uploads\/2022\/04\/JoelWestsideBone-1920-768x512.jpg\" data-srcset=\"https:\/\/officialeleutheraharbourisland.com\/wp-content\/uploads\/2022\/04\/JoelWestsideBone-1920-768x512.jpg 768w, https:\/\/officialeleutheraharbourisland.com\/wp-content\/uploads\/2022\/04\/JoelWestsideBone-1920-1306x870.jpg 1306w\" loading=\"eager\" style=\"--ratio: 768 \/ 512\" sizes=\"(max-width: 768px) 100vw, 768px\" alt=\"\" title=\"Fishing in Harbour Island, Eleuthera and Spanish Wells\" width=\"768\" height=\"512\"  \/><\/a>\n\t<\/div>\n<\/div>\n\n\n<div class=\"post-entry-content\">\n\n\t<h3 class=\"entry-title\">\n\t\t<a href=\"https:\/\/officialeleutheraharbourisland.com\/fr\/sports-activity-ne-fr\/la-peche-a-harbour-island-eleuthera-et-spanish-wells\/\" title=\"La p\u00eache \u00e0 Harbour Island, Eleuthera et Spanish Wells\" rel=\"bookmark\">La p\u00eache \u00e0 Harbour Island, Eleuthera et Spanish Wells<\/a>\n\t<\/h3>\n\n\t<div class=\"entry-meta\"><span class=\"category-link\"><a href=\"https:\/\/officialeleutheraharbourisland.com\/fr\/category\/sports-activity-ne-fr\/\" >Sports activity<\/a>, <a href=\"https:\/\/officialeleutheraharbourisland.com\/fr\/category\/sports-activity-ce-fr\/\" >Sports activity<\/a>, <a href=\"https:\/\/officialeleutheraharbourisland.com\/fr\/category\/sports-activity-sw-fr\/\" >Sports activity<\/a>, <a href=\"https:\/\/officialeleutheraharbourisland.com\/fr\/category\/sports-activity-se-fr\/\" >Sports activity<\/a>, <a href=\"https:\/\/officialeleutheraharbourisland.com\/fr\/category\/harbour-island-fr\/things-to-do-hi-fr\/sports-activity-hi-fr\/\" >Sports activity<\/a><\/span><\/div>\n\t<div class=\"entry-excerpt\"><p>[vc_row css=\u00a0\u00bb.vc_custom_1650996412893{padding-bottom: 50px !important;}\u00a0\u00bb][vc_column][vc_column_text css=\u00a0\u00bb.vc_custom_1655742523653{padding-top: 30px !important;}\u00a0\u00bb]Official\u00a0 Eleuthera Harbour Island vous donne plus d&rsquo;informations sur la p\u00eache \u00e0 Eleuthera, Harbour Island et Spanish Wells. Les Bahamas et Eleuthera offrent la meilleure p\u00eache au monde, Eleuthera, Spanish Wells et Harbour Island sont des destinations derenomm\u00e9e internationale. La meilleure p\u00e9riode pour p\u00eacher est de mai \u00e0 septembre.&hellip;<\/p>\n<\/div>\n\t\n<a href=\"https:\/\/officialeleutheraharbourisland.com\/fr\/sports-activity-ne-fr\/la-peche-a-harbour-island-eleuthera-et-spanish-wells\/\" class=\"post-details details-type-link\" aria-label=\"En savoir plus sur La p\u00eache \u00e0 Harbour Island, Eleuthera et Spanish Wells\">Lire la suite<i class=\"dt-icon-the7-arrow-03\" aria-hidden=\"true\"><\/i><\/a>\n\n<\/div><\/article><\/div>[\/vc_column][\/vc_row]<\/p>\n<\/div>","protected":false},"excerpt":{"rendered":"<p>[vc_row][vc_column][\/vc_column][\/vc_row]<\/p>\n","protected":false},"author":4,"featured_media":0,"parent":63019,"menu_order":0,"comment_status":"closed","ping_status":"closed","template":"","meta":{"footnotes":""},"categories":[],"tags":[],"class_list":["post-65292","page","type-page","status-publish","hentry","description-off"],"yoast_head":"<!-- This site is optimized with the Yoast SEO Premium plugin v25.2 (Yoast SEO v27.4) - https:\/\/yoast.com\/product\/yoast-seo-premium-wordpress\/ -->\n<title>ACTIVITES SPORTIVES | Official Eleuthera Harbour Island<\/title>\n<meta name=\"robots\" content=\"index, follow, max-snippet:-1, max-image-preview:large, max-video-preview:-1\" \/>\n<link rel=\"canonical\" href=\"https:\/\/officialeleutheraharbourisland.com\/fr\/spanish-wells\/choses-a-faire\/activites-sportives\/\" \/>\n<meta property=\"og:locale\" content=\"fr_FR\" \/>\n<meta property=\"og:type\" content=\"article\" \/>\n<meta property=\"og:title\" content=\"ACTIVITES SPORTIVES\" \/>\n<meta property=\"og:description\" content=\"[vc_row][vc_column][\/vc_column][\/vc_row]\" \/>\n<meta property=\"og:url\" content=\"https:\/\/officialeleutheraharbourisland.com\/fr\/spanish-wells\/choses-a-faire\/activites-sportives\/\" \/>\n<meta property=\"og:site_name\" content=\"Official Eleuthera Harbour Island\" \/>\n<meta property=\"article:modified_time\" content=\"2022-06-21T17:38:22+00:00\" \/>\n<meta name=\"twitter:card\" content=\"summary_large_image\" \/>\n<meta name=\"twitter:label1\" content=\"Dur\u00e9e de lecture estim\u00e9e\" \/>\n\t<meta name=\"twitter:data1\" content=\"1 minute\" \/>\n<script type=\"application\/ld+json\" class=\"yoast-schema-graph\">{\"@context\":\"https:\\\/\\\/schema.org\",\"@graph\":[{\"@type\":\"WebPage\",\"@id\":\"https:\\\/\\\/officialeleutheraharbourisland.com\\\/fr\\\/spanish-wells\\\/choses-a-faire\\\/activites-sportives\\\/\",\"url\":\"https:\\\/\\\/officialeleutheraharbourisland.com\\\/fr\\\/spanish-wells\\\/choses-a-faire\\\/activites-sportives\\\/\",\"name\":\"ACTIVITES SPORTIVES | Official Eleuthera Harbour Island\",\"isPartOf\":{\"@id\":\"https:\\\/\\\/officialeleutheraharbourisland.com\\\/#website\"},\"datePublished\":\"2022-05-24T10:49:33+00:00\",\"dateModified\":\"2022-06-21T17:38:22+00:00\",\"breadcrumb\":{\"@id\":\"https:\\\/\\\/officialeleutheraharbourisland.com\\\/fr\\\/spanish-wells\\\/choses-a-faire\\\/activites-sportives\\\/#breadcrumb\"},\"inLanguage\":\"fr-FR\",\"potentialAction\":[{\"@type\":\"ReadAction\",\"target\":[\"https:\\\/\\\/officialeleutheraharbourisland.com\\\/fr\\\/spanish-wells\\\/choses-a-faire\\\/activites-sportives\\\/\"]}]},{\"@type\":\"BreadcrumbList\",\"@id\":\"https:\\\/\\\/officialeleutheraharbourisland.com\\\/fr\\\/spanish-wells\\\/choses-a-faire\\\/activites-sportives\\\/#breadcrumb\",\"itemListElement\":[{\"@type\":\"ListItem\",\"position\":1,\"name\":\"Home\",\"item\":\"https:\\\/\\\/officialeleutheraharbourisland.com\\\/fr\\\/\"},{\"@type\":\"ListItem\",\"position\":2,\"name\":\"SPANISH WELLS\",\"item\":\"https:\\\/\\\/officialeleutheraharbourisland.com\\\/fr\\\/spanish-wells\\\/\"},{\"@type\":\"ListItem\",\"position\":3,\"name\":\"CHOSES A FAIRE A SPANISH WELLS\",\"item\":\"https:\\\/\\\/officialeleutheraharbourisland.com\\\/fr\\\/spanish-wells\\\/choses-a-faire\\\/\"},{\"@type\":\"ListItem\",\"position\":4,\"name\":\"ACTIVITES SPORTIVES\"}]},{\"@type\":\"WebSite\",\"@id\":\"https:\\\/\\\/officialeleutheraharbourisland.com\\\/#website\",\"url\":\"https:\\\/\\\/officialeleutheraharbourisland.com\\\/\",\"name\":\"Official Eleuthera Harbour Island\",\"description\":\"Where Beauty &amp; Nature Meet\",\"publisher\":{\"@id\":\"https:\\\/\\\/officialeleutheraharbourisland.com\\\/#organization\"},\"potentialAction\":[{\"@type\":\"SearchAction\",\"target\":{\"@type\":\"EntryPoint\",\"urlTemplate\":\"https:\\\/\\\/officialeleutheraharbourisland.com\\\/?s={search_term_string}\"},\"query-input\":{\"@type\":\"PropertyValueSpecification\",\"valueRequired\":true,\"valueName\":\"search_term_string\"}}],\"inLanguage\":\"fr-FR\"},{\"@type\":\"Organization\",\"@id\":\"https:\\\/\\\/officialeleutheraharbourisland.com\\\/#organization\",\"name\":\"Official Eleuthera Harbour Island\",\"url\":\"https:\\\/\\\/officialeleutheraharbourisland.com\\\/\",\"logo\":{\"@type\":\"ImageObject\",\"inLanguage\":\"fr-FR\",\"@id\":\"https:\\\/\\\/officialeleutheraharbourisland.com\\\/#\\\/schema\\\/logo\\\/image\\\/\",\"url\":\"https:\\\/\\\/officialeleutheraharbourisland.com\\\/wp-content\\\/uploads\\\/2022\\\/03\\\/logo-new-GREY-275.png\",\"contentUrl\":\"https:\\\/\\\/officialeleutheraharbourisland.com\\\/wp-content\\\/uploads\\\/2022\\\/03\\\/logo-new-GREY-275.png\",\"width\":275,\"height\":22,\"caption\":\"Official Eleuthera Harbour Island\"},\"image\":{\"@id\":\"https:\\\/\\\/officialeleutheraharbourisland.com\\\/#\\\/schema\\\/logo\\\/image\\\/\"}}]}<\/script>\n<!-- \/ Yoast SEO Premium plugin. -->","yoast_head_json":{"title":"ACTIVITES SPORTIVES | Official Eleuthera Harbour Island","robots":{"index":"index","follow":"follow","max-snippet":"max-snippet:-1","max-image-preview":"max-image-preview:large","max-video-preview":"max-video-preview:-1"},"canonical":"https:\/\/officialeleutheraharbourisland.com\/fr\/spanish-wells\/choses-a-faire\/activites-sportives\/","og_locale":"fr_FR","og_type":"article","og_title":"ACTIVITES SPORTIVES","og_description":"[vc_row][vc_column][\/vc_column][\/vc_row]","og_url":"https:\/\/officialeleutheraharbourisland.com\/fr\/spanish-wells\/choses-a-faire\/activites-sportives\/","og_site_name":"Official Eleuthera Harbour Island","article_modified_time":"2022-06-21T17:38:22+00:00","twitter_card":"summary_large_image","twitter_misc":{"Dur\u00e9e de lecture estim\u00e9e":"1 minute"},"schema":{"@context":"https:\/\/schema.org","@graph":[{"@type":"WebPage","@id":"https:\/\/officialeleutheraharbourisland.com\/fr\/spanish-wells\/choses-a-faire\/activites-sportives\/","url":"https:\/\/officialeleutheraharbourisland.com\/fr\/spanish-wells\/choses-a-faire\/activites-sportives\/","name":"ACTIVITES SPORTIVES | Official Eleuthera Harbour Island","isPartOf":{"@id":"https:\/\/officialeleutheraharbourisland.com\/#website"},"datePublished":"2022-05-24T10:49:33+00:00","dateModified":"2022-06-21T17:38:22+00:00","breadcrumb":{"@id":"https:\/\/officialeleutheraharbourisland.com\/fr\/spanish-wells\/choses-a-faire\/activites-sportives\/#breadcrumb"},"inLanguage":"fr-FR","potentialAction":[{"@type":"ReadAction","target":["https:\/\/officialeleutheraharbourisland.com\/fr\/spanish-wells\/choses-a-faire\/activites-sportives\/"]}]},{"@type":"BreadcrumbList","@id":"https:\/\/officialeleutheraharbourisland.com\/fr\/spanish-wells\/choses-a-faire\/activites-sportives\/#breadcrumb","itemListElement":[{"@type":"ListItem","position":1,"name":"Home","item":"https:\/\/officialeleutheraharbourisland.com\/fr\/"},{"@type":"ListItem","position":2,"name":"SPANISH WELLS","item":"https:\/\/officialeleutheraharbourisland.com\/fr\/spanish-wells\/"},{"@type":"ListItem","position":3,"name":"CHOSES A FAIRE A SPANISH WELLS","item":"https:\/\/officialeleutheraharbourisland.com\/fr\/spanish-wells\/choses-a-faire\/"},{"@type":"ListItem","position":4,"name":"ACTIVITES SPORTIVES"}]},{"@type":"WebSite","@id":"https:\/\/officialeleutheraharbourisland.com\/#website","url":"https:\/\/officialeleutheraharbourisland.com\/","name":"Official Eleuthera Harbour Island","description":"Where Beauty &amp; Nature Meet","publisher":{"@id":"https:\/\/officialeleutheraharbourisland.com\/#organization"},"potentialAction":[{"@type":"SearchAction","target":{"@type":"EntryPoint","urlTemplate":"https:\/\/officialeleutheraharbourisland.com\/?s={search_term_string}"},"query-input":{"@type":"PropertyValueSpecification","valueRequired":true,"valueName":"search_term_string"}}],"inLanguage":"fr-FR"},{"@type":"Organization","@id":"https:\/\/officialeleutheraharbourisland.com\/#organization","name":"Official Eleuthera Harbour Island","url":"https:\/\/officialeleutheraharbourisland.com\/","logo":{"@type":"ImageObject","inLanguage":"fr-FR","@id":"https:\/\/officialeleutheraharbourisland.com\/#\/schema\/logo\/image\/","url":"https:\/\/officialeleutheraharbourisland.com\/wp-content\/uploads\/2022\/03\/logo-new-GREY-275.png","contentUrl":"https:\/\/officialeleutheraharbourisland.com\/wp-content\/uploads\/2022\/03\/logo-new-GREY-275.png","width":275,"height":22,"caption":"Official Eleuthera Harbour Island"},"image":{"@id":"https:\/\/officialeleutheraharbourisland.com\/#\/schema\/logo\/image\/"}}]}},"jetpack_sharing_enabled":true,"_links":{"self":[{"href":"https:\/\/officialeleutheraharbourisland.com\/fr\/wp-json\/wp\/v2\/pages\/65292","targetHints":{"allow":["GET"]}}],"collection":[{"href":"https:\/\/officialeleutheraharbourisland.com\/fr\/wp-json\/wp\/v2\/pages"}],"about":[{"href":"https:\/\/officialeleutheraharbourisland.com\/fr\/wp-json\/wp\/v2\/types\/page"}],"author":[{"embeddable":true,"href":"https:\/\/officialeleutheraharbourisland.com\/fr\/wp-json\/wp\/v2\/users\/4"}],"replies":[{"embeddable":true,"href":"https:\/\/officialeleutheraharbourisland.com\/fr\/wp-json\/wp\/v2\/comments?post=65292"}],"version-history":[{"count":1,"href":"https:\/\/officialeleutheraharbourisland.com\/fr\/wp-json\/wp\/v2\/pages\/65292\/revisions"}],"predecessor-version":[{"id":65296,"href":"https:\/\/officialeleutheraharbourisland.com\/fr\/wp-json\/wp\/v2\/pages\/65292\/revisions\/65296"}],"up":[{"embeddable":true,"href":"https:\/\/officialeleutheraharbourisland.com\/fr\/wp-json\/wp\/v2\/pages\/63019"}],"wp:attachment":[{"href":"https:\/\/officialeleutheraharbourisland.com\/fr\/wp-json\/wp\/v2\/media?parent=65292"}],"wp:term":[{"taxonomy":"category","embeddable":true,"href":"https:\/\/officialeleutheraharbourisland.com\/fr\/wp-json\/wp\/v2\/categories?post=65292"},{"taxonomy":"post_tag","embeddable":true,"href":"https:\/\/officialeleutheraharbourisland.com\/fr\/wp-json\/wp\/v2\/tags?post=65292"}],"curies":[{"name":"wp","href":"https:\/\/api.w.org\/{rel}","templated":true}]}}