{"id":65322,"date":"2022-05-24T10:49:33","date_gmt":"2022-05-24T10:49:33","guid":{"rendered":"https:\/\/officialeleutheraharbourisland.com\/eleuthera\/north-eleuthera\/choses-a-voir\/town-and-settlements\/"},"modified":"2022-06-21T18:08:48","modified_gmt":"2022-06-21T18:08:48","slug":"villes-et-villages","status":"publish","type":"page","link":"https:\/\/officialeleutheraharbourisland.com\/fr\/eleuthera\/north-eleuthera\/choses-a-voir\/villes-et-villages\/","title":{"rendered":"VILLES ET VILLAGES"},"content":{"rendered":"<div class=\"wpb-content-wrapper\"><p>[vc_row][vc_column]<style type=\"text\/css\" data-type=\"the7_shortcodes-inline-css\">.blog-shortcode.blog-list-shortcode-id-08cfee8fdd76f69ceab54abb64a57723.dividers-on.classic-layout-list article {\n  margin-top: 50px;\n  padding-top: 0;\n}\n.blog-shortcode.blog-list-shortcode-id-08cfee8fdd76f69ceab54abb64a57723.dividers-on.classic-layout-list article:first-of-type {\n  margin-top: 0;\n  padding-top: 0;\n}\n.blog-shortcode.blog-list-shortcode-id-08cfee8fdd76f69ceab54abb64a57723.classic-layout-list.mode-list .post-thumbnail-wrap {\n  width: 30%;\n}\n.blog-shortcode.blog-list-shortcode-id-08cfee8fdd76f69ceab54abb64a57723.classic-layout-list.mode-list .post-entry-content {\n  width: calc(100% - 30%);\n}\n.blog-shortcode.blog-list-shortcode-id-08cfee8fdd76f69ceab54abb64a57723.classic-layout-list.mode-list .no-img .post-entry-content {\n  width: 100%;\n}\n.blog-shortcode.blog-list-shortcode-id-08cfee8fdd76f69ceab54abb64a57723 .filter-bg-decoration .filter-categories a.act {\n  color: #fff;\n}\n.blog-shortcode.blog-list-shortcode-id-08cfee8fdd76f69ceab54abb64a57723:not(.mode-masonry) article {\n  margin-top: 50px;\n}\n.blog-shortcode.blog-list-shortcode-id-08cfee8fdd76f69ceab54abb64a57723:not(.mode-masonry) article:first-of-type,\n.blog-shortcode.blog-list-shortcode-id-08cfee8fdd76f69ceab54abb64a57723:not(.mode-masonry) article.visible.first:not(.product) {\n  margin-top: 0;\n}\n.blog-shortcode.blog-list-shortcode-id-08cfee8fdd76f69ceab54abb64a57723.dividers-on:not(.mode-masonry) article {\n  margin-top: 0;\n  padding-top: 50px;\n}\n.blog-shortcode.blog-list-shortcode-id-08cfee8fdd76f69ceab54abb64a57723.dividers-on:not(.mode-masonry) article:first-of-type,\n.blog-shortcode.blog-list-shortcode-id-08cfee8fdd76f69ceab54abb64a57723.dividers-on:not(.mode-masonry) article.visible.first:not(.product) {\n  margin-top: 0;\n  padding-top: 0;\n}\n.blog-shortcode.blog-list-shortcode-id-08cfee8fdd76f69ceab54abb64a57723 .post-thumbnail-wrap {\n  padding: 0px 0px 0px 0px;\n}\n.blog-shortcode.blog-list-shortcode-id-08cfee8fdd76f69ceab54abb64a57723.enable-bg-rollover .post-thumbnail-rollover:after {\n  background: -webkit-linear-gradient();\n  background: linear-gradient();\n}\n.blog-shortcode.blog-list-shortcode-id-08cfee8fdd76f69ceab54abb64a57723 .gallery-zoom-ico {\n  width: 44px;\n  height: 44px;\n  line-height: 44px;\n  border-radius: 100px;\n  margin: -22px 0 0 -22px;\n  border-width: 0px;\n  color: #ffffff;\n}\n.bottom-overlap-layout-list.blog-shortcode.blog-list-shortcode-id-08cfee8fdd76f69ceab54abb64a57723 .gallery-zoom-ico {\n  margin-top: -22px;\n}\n.gradient-overlay-layout-list.blog-shortcode.blog-list-shortcode-id-08cfee8fdd76f69ceab54abb64a57723 .gallery-zoom-ico,\n.content-rollover-layout-list.blog-shortcode.blog-list-shortcode-id-08cfee8fdd76f69ceab54abb64a57723 .gallery-zoom-ico {\n  margin: 0 0 10px;\n}\n.content-align-center.gradient-overlay-layout-list.blog-shortcode.blog-list-shortcode-id-08cfee8fdd76f69ceab54abb64a57723 .gallery-zoom-ico,\n.content-align-center.content-rollover-layout-list.blog-shortcode.blog-list-shortcode-id-08cfee8fdd76f69ceab54abb64a57723 .gallery-zoom-ico {\n  margin: 0 auto 10px;\n}\n.dt-icon-bg-on.blog-shortcode.blog-list-shortcode-id-08cfee8fdd76f69ceab54abb64a57723 .gallery-zoom-ico {\n  background: rgba(255,255,255,0.3);\n  box-shadow: none;\n}\n.blog-shortcode.blog-list-shortcode-id-08cfee8fdd76f69ceab54abb64a57723 .gallery-zoom-ico > span,\n.blog-shortcode.blog-list-shortcode-id-08cfee8fdd76f69ceab54abb64a57723 .gallery-zoom-ico:before {\n  font-size: 32px;\n  line-height: 44px;\n}\n.blog-shortcode.blog-list-shortcode-id-08cfee8fdd76f69ceab54abb64a57723 .gallery-zoom-ico > span,\n.blog-shortcode.blog-list-shortcode-id-08cfee8fdd76f69ceab54abb64a57723 .gallery-zoom-ico:before {\n  color: #ffffff;\n}\n.blog-shortcode.blog-list-shortcode-id-08cfee8fdd76f69ceab54abb64a57723 .fancy-date a {\n  background: #ffffff;\n  box-shadow: none;\n}\n.blog-shortcode.blog-list-shortcode-id-08cfee8fdd76f69ceab54abb64a57723 .fancy-date a * {\n  color: #2d2d2d;\n}\n.blog-shortcode.blog-list-shortcode-id-08cfee8fdd76f69ceab54abb64a57723 .entry-title,\n.blog-shortcode.blog-list-shortcode-id-08cfee8fdd76f69ceab54abb64a57723.owl-carousel .entry-title {\n  margin-bottom: 5px;\n  font-weight: bold;\n}\n.blog-shortcode.blog-list-shortcode-id-08cfee8fdd76f69ceab54abb64a57723 .entry-meta {\n  margin-bottom: 15px;\n}\n.blog-shortcode.blog-list-shortcode-id-08cfee8fdd76f69ceab54abb64a57723 .portfolio-categories {\n  margin-bottom: 15px;\n}\n.blog-shortcode.blog-list-shortcode-id-08cfee8fdd76f69ceab54abb64a57723 .entry-excerpt {\n  margin-bottom: 5px;\n}\n.blog-shortcode.blog-list-shortcode-id-08cfee8fdd76f69ceab54abb64a57723:not(.centered-layout-list) .post-entry-content {\n  padding: 25px 30px 30px 30px;\n}\n.blog-shortcode.blog-list-shortcode-id-08cfee8fdd76f69ceab54abb64a57723:not(.centered-layout-list):not(.content-bg-on):not(.mode-list) .no-img .post-entry-content {\n  padding: 0;\n}\n@media screen and (max-width: 768px) {\n  .blog-shortcode.blog-list-shortcode-id-08cfee8fdd76f69ceab54abb64a57723 article {\n    -ms-flex-flow: column nowrap;\n    flex-flow: column nowrap;\n    margin-top: 20px;\n  }\n  .blog-shortcode.blog-list-shortcode-id-08cfee8fdd76f69ceab54abb64a57723.dividers-on article {\n    border: none;\n  }\n  .blog-shortcode.blog-list-shortcode-id-08cfee8fdd76f69ceab54abb64a57723.content-bg-on.centered-layout-list article {\n    padding: 0;\n  }\n  .blog-shortcode.blog-list-shortcode-id-08cfee8fdd76f69ceab54abb64a57723.blog-shortcode.dividers-on article,\n  .blog-shortcode.blog-list-shortcode-id-08cfee8fdd76f69ceab54abb64a57723.dividers-on.classic-layout-list article {\n    margin-top: 20px;\n    padding: 0;\n  }\n  .blog-shortcode.blog-list-shortcode-id-08cfee8fdd76f69ceab54abb64a57723.blog-shortcode.dividers-on article:first-of-type,\n  .blog-shortcode.blog-list-shortcode-id-08cfee8fdd76f69ceab54abb64a57723.dividers-on.classic-layout-list article:first-of-type {\n    padding: 0;\n  }\n  #page .blog-shortcode.blog-list-shortcode-id-08cfee8fdd76f69ceab54abb64a57723 .post-thumbnail-wrap,\n  #page .blog-shortcode.blog-list-shortcode-id-08cfee8fdd76f69ceab54abb64a57723 .post-entry-content {\n    width: 100%;\n    margin: 0;\n    top: 0;\n  }\n  #page .blog-shortcode.blog-list-shortcode-id-08cfee8fdd76f69ceab54abb64a57723 .post-thumbnail-wrap {\n    padding: 0;\n  }\n  #page .blog-shortcode.blog-list-shortcode-id-08cfee8fdd76f69ceab54abb64a57723 .post-entry-content:after {\n    display: none;\n  }\n  #page .blog-shortcode.blog-list-shortcode-id-08cfee8fdd76f69ceab54abb64a57723 .project-even .post-thumbnail-wrap,\n  #page .blog-shortcode.blog-list-shortcode-id-08cfee8fdd76f69ceab54abb64a57723.centered-layout-list .post-thumbnail-wrap {\n    -ms-flex-order: 0;\n    order: 0;\n  }\n  #page .blog-shortcode.blog-list-shortcode-id-08cfee8fdd76f69ceab54abb64a57723.centered-layout-list .post-entry-title-content {\n    -ms-flex-order: 1;\n    order: 1;\n    width: 100%;\n    padding: 20px 20px 0;\n  }\n  #page .blog-shortcode.blog-list-shortcode-id-08cfee8fdd76f69ceab54abb64a57723.centered-layout-list .post-entry-content {\n    -ms-flex-order: 2;\n    order: 2;\n    padding-top: 0;\n  }\n  #page .blog-shortcode.blog-list-shortcode-id-08cfee8fdd76f69ceab54abb64a57723 .fancy-categories {\n    top: 10px;\n    left: 10px;\n    bottom: auto;\n    right: auto;\n  }\n  #page .blog-shortcode.blog-list-shortcode-id-08cfee8fdd76f69ceab54abb64a57723 .fancy-date a {\n    top: 10px;\n    right: 10px;\n    left: auto;\n    bottom: auto;\n  }\n  #page .blog-shortcode.blog-list-shortcode-id-08cfee8fdd76f69ceab54abb64a57723 .post-entry-content {\n    padding: 20px;\n  }\n  #page .blog-shortcode.blog-list-shortcode-id-08cfee8fdd76f69ceab54abb64a57723 .entry-title {\n    margin: 3px 0 5px;\n    font-size: 20px;\n    line-height: 26px;\n  }\n  #page .blog-shortcode.blog-list-shortcode-id-08cfee8fdd76f69ceab54abb64a57723 .entry-meta {\n    margin: 5px 0 5px;\n  }\n  #page .blog-shortcode.blog-list-shortcode-id-08cfee8fdd76f69ceab54abb64a57723 .entry-excerpt {\n    margin: 15px 0 0;\n  }\n  #page .blog-shortcode.blog-list-shortcode-id-08cfee8fdd76f69ceab54abb64a57723 .post-details {\n    margin: 5px 0 10px;\n  }\n  #page .blog-shortcode.blog-list-shortcode-id-08cfee8fdd76f69ceab54abb64a57723 .post-details.details-type-link {\n    margin-bottom: 2px;\n  }\n}\n<\/style><div class=\"articles-list blog-shortcode mode-list blog-list-shortcode-id-08cfee8fdd76f69ceab54abb64a57723 classic-layout-list content-bg-on jquery-filter scale-img dt-icon-bg-off loading-effect-fade-in\" data-cur-page=\"1\" data-post-limit=\"-1\" data-pagination-mode=\"none\"><article class=\"post project-odd visible post-62876 type-post status-publish format-standard has-post-thumbnail hentry category-town-and-settlements-ne-fr category-949 description-off\" data-name=\"Alice Town\" data-date=\"2022-04-13T13:11:38+00:00\">\n\n<div class=\"post-thumbnail-wrap\">\n\t<div class=\"post-thumbnail\">\n\n\t\t\n\t\t\n\t\t<a href=\"https:\/\/officialeleutheraharbourisland.com\/fr\/town-and-settlements-ne-fr\/alice-town\/\" class=\"post-thumbnail-rollover layzr-bg layzr-bg\" ><img fetchpriority=\"high\" decoding=\"async\" class=\"blog-thumb-lazy-load preload-me lazy-load aspect\" src=\"data:image\/svg+xml,%3Csvg%20xmlns%3D&#39;http%3A%2F%2Fwww.w3.org%2F2000%2Fsvg&#39;%20viewBox%3D&#39;0%200%20768%20512&#39;%2F%3E\" data-src=\"https:\/\/officialeleutheraharbourisland.com\/wp-content\/uploads\/2022\/04\/alice-town-9-scaled-768x512.jpeg\" data-srcset=\"https:\/\/officialeleutheraharbourisland.com\/wp-content\/uploads\/2022\/04\/alice-town-9-scaled-768x512.jpeg 768w, https:\/\/officialeleutheraharbourisland.com\/wp-content\/uploads\/2022\/04\/alice-town-9-scaled-1306x870.jpeg 1306w\" loading=\"eager\" style=\"--ratio: 768 \/ 512\" sizes=\"(max-width: 768px) 100vw, 768px\" alt=\"\" title=\"Alice Town\" width=\"768\" height=\"512\"  \/><\/a>\n\t<\/div>\n<\/div>\n\n\n<div class=\"post-entry-content\">\n\n\t<h3 class=\"entry-title\">\n\t\t<a href=\"https:\/\/officialeleutheraharbourisland.com\/fr\/town-and-settlements-ne-fr\/alice-town\/\" title=\"Alice Town\" rel=\"bookmark\">Alice Town<\/a>\n\t<\/h3>\n\n\t<div class=\"entry-meta\"><span class=\"category-link\"><a href=\"https:\/\/officialeleutheraharbourisland.com\/fr\/category\/town-and-settlements-ne-fr\/\" >Town and settlements<\/a><\/span><\/div>\n\t<div class=\"entry-excerpt\"><p>[vc_row css=\u00a0\u00bb.vc_custom_1650996412893{padding-bottom: 50px !important;}\u00a0\u00bb][vc_column][vc_column_text css=\u00a0\u00bb.vc_custom_1655580972764{padding-top: 30px !important;}\u00a0\u00bb]Official Eleuthera Harbour Island vous pr\u00e9sente Alice Town.\u00a0Situ\u00e9e au nord de l\u2019\u00eele d\u2019Eleuthera, Alice Town est l\u2019un des\u00a0 meilleurs endroits pour d\u00e9couvrir des plages et des monuments originaux. Toute la ville est tr\u00e8s pittoresque et conviviale. Situ\u00e9e sur une petite baie, elle constitue le lieux id\u00e9al pour les personnes&hellip;<\/p>\n<\/div>\n\t\n<a href=\"https:\/\/officialeleutheraharbourisland.com\/fr\/town-and-settlements-ne-fr\/alice-town\/\" class=\"post-details details-type-link\" aria-label=\"En savoir plus sur Alice Town\">Lire la suite<i class=\"dt-icon-the7-arrow-03\" aria-hidden=\"true\"><\/i><\/a>\n\n<\/div><\/article><article class=\"post project-odd visible post-62875 type-post status-publish format-standard has-post-thumbnail hentry category-town-and-settlements-ne-fr category-949 description-off\" data-name=\"Gregory Town\" data-date=\"2022-04-13T13:11:38+00:00\">\n\n<div class=\"post-thumbnail-wrap\">\n\t<div class=\"post-thumbnail\">\n\n\t\t\n\t\t\n\t\t<a href=\"https:\/\/officialeleutheraharbourisland.com\/fr\/town-and-settlements-ne-fr\/gregory-town\/\" class=\"post-thumbnail-rollover layzr-bg layzr-bg\" ><img decoding=\"async\" class=\"blog-thumb-lazy-load preload-me lazy-load aspect\" src=\"data:image\/svg+xml,%3Csvg%20xmlns%3D&#39;http%3A%2F%2Fwww.w3.org%2F2000%2Fsvg&#39;%20viewBox%3D&#39;0%200%20768%20512&#39;%2F%3E\" data-src=\"https:\/\/officialeleutheraharbourisland.com\/wp-content\/uploads\/2022\/04\/gregory-town-2-scaled-768x512.jpeg\" data-srcset=\"https:\/\/officialeleutheraharbourisland.com\/wp-content\/uploads\/2022\/04\/gregory-town-2-scaled-768x512.jpeg 768w, https:\/\/officialeleutheraharbourisland.com\/wp-content\/uploads\/2022\/04\/gregory-town-2-scaled-1306x870.jpeg 1306w\" loading=\"eager\" style=\"--ratio: 768 \/ 512\" sizes=\"(max-width: 768px) 100vw, 768px\" alt=\"\" title=\"Gregory Town\" width=\"768\" height=\"512\"  \/><\/a>\n\t<\/div>\n<\/div>\n\n\n<div class=\"post-entry-content\">\n\n\t<h3 class=\"entry-title\">\n\t\t<a href=\"https:\/\/officialeleutheraharbourisland.com\/fr\/town-and-settlements-ne-fr\/gregory-town\/\" title=\"Gregory Town\" rel=\"bookmark\">Gregory Town<\/a>\n\t<\/h3>\n\n\t<div class=\"entry-meta\"><span class=\"category-link\"><a href=\"https:\/\/officialeleutheraharbourisland.com\/fr\/category\/town-and-settlements-ne-fr\/\" >Town and settlements<\/a><\/span><\/div>\n\t<div class=\"entry-excerpt\"><p>[vc_row css=\u00a0\u00bb.vc_custom_1650996412893{padding-bottom: 50px !important;}\u00a0\u00bb][vc_column][vc_column_text css=\u00a0\u00bb.vc_custom_1655580823462{padding-top: 30px !important;}\u00a0\u00bb]Official Eleuthera Harbour Island vous pr\u00e9sente la ville de Gregory au Nord de l\u2019\u00eele d\u2019Eleuthera. Gregory Town \u00e0 North Eleuthera est une petite ville avec une population ne d\u00e9passant pas plus de 500 personnes. Les habitants m\u00e8nent une vie simple dans de petites maisons \u00e0 flanc de colline mais&hellip;<\/p>\n<\/div>\n\t\n<a href=\"https:\/\/officialeleutheraharbourisland.com\/fr\/town-and-settlements-ne-fr\/gregory-town\/\" class=\"post-details details-type-link\" aria-label=\"En savoir plus sur Gregory Town\">Lire la suite<i class=\"dt-icon-the7-arrow-03\" aria-hidden=\"true\"><\/i><\/a>\n\n<\/div><\/article><\/div>[\/vc_column][\/vc_row]<\/p>\n<\/div>","protected":false},"excerpt":{"rendered":"<p>[vc_row][vc_column][\/vc_column][\/vc_row]<\/p>\n","protected":false},"author":3,"featured_media":0,"parent":62872,"menu_order":0,"comment_status":"closed","ping_status":"closed","template":"","meta":{"footnotes":""},"categories":[],"tags":[],"class_list":["post-65322","page","type-page","status-publish","hentry","description-off"],"yoast_head":"<!-- This site is optimized with the Yoast SEO Premium plugin v25.2 (Yoast SEO v27.4) - https:\/\/yoast.com\/product\/yoast-seo-premium-wordpress\/ -->\n<title>VILLES ET VILLAGES | Official Eleuthera Harbour Island<\/title>\n<meta name=\"robots\" content=\"index, follow, max-snippet:-1, max-image-preview:large, max-video-preview:-1\" \/>\n<link rel=\"canonical\" href=\"https:\/\/officialeleutheraharbourisland.com\/eleuthera\/north-eleuthera\/things-to-see\/town-and-settlements\/\" \/>\n<meta property=\"og:locale\" content=\"fr_FR\" \/>\n<meta property=\"og:type\" content=\"article\" \/>\n<meta property=\"og:title\" content=\"VILLES ET VILLAGES\" \/>\n<meta property=\"og:description\" content=\"[vc_row][vc_column][\/vc_column][\/vc_row]\" \/>\n<meta property=\"og:url\" content=\"https:\/\/officialeleutheraharbourisland.com\/eleuthera\/north-eleuthera\/things-to-see\/town-and-settlements\/\" \/>\n<meta property=\"og:site_name\" content=\"Official Eleuthera Harbour Island\" \/>\n<meta property=\"article:modified_time\" content=\"2022-06-21T18:08:48+00:00\" \/>\n<meta name=\"twitter:card\" content=\"summary_large_image\" \/>\n<meta name=\"twitter:label1\" content=\"Dur\u00e9e de lecture estim\u00e9e\" \/>\n\t<meta name=\"twitter:data1\" content=\"1 minute\" \/>\n<script type=\"application\/ld+json\" class=\"yoast-schema-graph\">{\"@context\":\"https:\\\/\\\/schema.org\",\"@graph\":[{\"@type\":\"WebPage\",\"@id\":\"https:\\\/\\\/officialeleutheraharbourisland.com\\\/eleuthera\\\/north-eleuthera\\\/things-to-see\\\/town-and-settlements\\\/\",\"url\":\"https:\\\/\\\/officialeleutheraharbourisland.com\\\/eleuthera\\\/north-eleuthera\\\/things-to-see\\\/town-and-settlements\\\/\",\"name\":\"VILLES ET VILLAGES | Official Eleuthera Harbour Island\",\"isPartOf\":{\"@id\":\"https:\\\/\\\/officialeleutheraharbourisland.com\\\/#website\"},\"datePublished\":\"2022-05-24T10:49:33+00:00\",\"dateModified\":\"2022-06-21T18:08:48+00:00\",\"breadcrumb\":{\"@id\":\"https:\\\/\\\/officialeleutheraharbourisland.com\\\/eleuthera\\\/north-eleuthera\\\/things-to-see\\\/town-and-settlements\\\/#breadcrumb\"},\"inLanguage\":\"fr-FR\",\"potentialAction\":[{\"@type\":\"ReadAction\",\"target\":[\"https:\\\/\\\/officialeleutheraharbourisland.com\\\/eleuthera\\\/north-eleuthera\\\/things-to-see\\\/town-and-settlements\\\/\"]}]},{\"@type\":\"BreadcrumbList\",\"@id\":\"https:\\\/\\\/officialeleutheraharbourisland.com\\\/eleuthera\\\/north-eleuthera\\\/things-to-see\\\/town-and-settlements\\\/#breadcrumb\",\"itemListElement\":[{\"@type\":\"ListItem\",\"position\":1,\"name\":\"Home\",\"item\":\"https:\\\/\\\/officialeleutheraharbourisland.com\\\/fr\\\/\"},{\"@type\":\"ListItem\",\"position\":2,\"name\":\"ELEUTHERA\",\"item\":\"https:\\\/\\\/officialeleutheraharbourisland.com\\\/fr\\\/eleuthera\\\/\"},{\"@type\":\"ListItem\",\"position\":3,\"name\":\"NORTH ELEUTHERA\",\"item\":\"https:\\\/\\\/officialeleutheraharbourisland.com\\\/eleuthera\\\/north-eleuthera\\\/\"},{\"@type\":\"ListItem\",\"position\":4,\"name\":\"CHOSES A VOIR\",\"item\":\"https:\\\/\\\/officialeleutheraharbourisland.com\\\/eleuthera\\\/north-eleuthera\\\/things-to-see\\\/\"},{\"@type\":\"ListItem\",\"position\":5,\"name\":\"VILLES ET VILLAGES\"}]},{\"@type\":\"WebSite\",\"@id\":\"https:\\\/\\\/officialeleutheraharbourisland.com\\\/#website\",\"url\":\"https:\\\/\\\/officialeleutheraharbourisland.com\\\/\",\"name\":\"Official Eleuthera Harbour Island\",\"description\":\"Where Beauty &amp; Nature Meet\",\"publisher\":{\"@id\":\"https:\\\/\\\/officialeleutheraharbourisland.com\\\/#organization\"},\"potentialAction\":[{\"@type\":\"SearchAction\",\"target\":{\"@type\":\"EntryPoint\",\"urlTemplate\":\"https:\\\/\\\/officialeleutheraharbourisland.com\\\/?s={search_term_string}\"},\"query-input\":{\"@type\":\"PropertyValueSpecification\",\"valueRequired\":true,\"valueName\":\"search_term_string\"}}],\"inLanguage\":\"fr-FR\"},{\"@type\":\"Organization\",\"@id\":\"https:\\\/\\\/officialeleutheraharbourisland.com\\\/#organization\",\"name\":\"Official Eleuthera Harbour Island\",\"url\":\"https:\\\/\\\/officialeleutheraharbourisland.com\\\/\",\"logo\":{\"@type\":\"ImageObject\",\"inLanguage\":\"fr-FR\",\"@id\":\"https:\\\/\\\/officialeleutheraharbourisland.com\\\/#\\\/schema\\\/logo\\\/image\\\/\",\"url\":\"https:\\\/\\\/officialeleutheraharbourisland.com\\\/wp-content\\\/uploads\\\/2022\\\/03\\\/logo-new-GREY-275.png\",\"contentUrl\":\"https:\\\/\\\/officialeleutheraharbourisland.com\\\/wp-content\\\/uploads\\\/2022\\\/03\\\/logo-new-GREY-275.png\",\"width\":275,\"height\":22,\"caption\":\"Official Eleuthera Harbour Island\"},\"image\":{\"@id\":\"https:\\\/\\\/officialeleutheraharbourisland.com\\\/#\\\/schema\\\/logo\\\/image\\\/\"}}]}<\/script>\n<!-- \/ Yoast SEO Premium plugin. -->","yoast_head_json":{"title":"VILLES ET VILLAGES | Official Eleuthera Harbour Island","robots":{"index":"index","follow":"follow","max-snippet":"max-snippet:-1","max-image-preview":"max-image-preview:large","max-video-preview":"max-video-preview:-1"},"canonical":"https:\/\/officialeleutheraharbourisland.com\/eleuthera\/north-eleuthera\/things-to-see\/town-and-settlements\/","og_locale":"fr_FR","og_type":"article","og_title":"VILLES ET VILLAGES","og_description":"[vc_row][vc_column][\/vc_column][\/vc_row]","og_url":"https:\/\/officialeleutheraharbourisland.com\/eleuthera\/north-eleuthera\/things-to-see\/town-and-settlements\/","og_site_name":"Official Eleuthera Harbour Island","article_modified_time":"2022-06-21T18:08:48+00:00","twitter_card":"summary_large_image","twitter_misc":{"Dur\u00e9e de lecture estim\u00e9e":"1 minute"},"schema":{"@context":"https:\/\/schema.org","@graph":[{"@type":"WebPage","@id":"https:\/\/officialeleutheraharbourisland.com\/eleuthera\/north-eleuthera\/things-to-see\/town-and-settlements\/","url":"https:\/\/officialeleutheraharbourisland.com\/eleuthera\/north-eleuthera\/things-to-see\/town-and-settlements\/","name":"VILLES ET VILLAGES | Official Eleuthera Harbour Island","isPartOf":{"@id":"https:\/\/officialeleutheraharbourisland.com\/#website"},"datePublished":"2022-05-24T10:49:33+00:00","dateModified":"2022-06-21T18:08:48+00:00","breadcrumb":{"@id":"https:\/\/officialeleutheraharbourisland.com\/eleuthera\/north-eleuthera\/things-to-see\/town-and-settlements\/#breadcrumb"},"inLanguage":"fr-FR","potentialAction":[{"@type":"ReadAction","target":["https:\/\/officialeleutheraharbourisland.com\/eleuthera\/north-eleuthera\/things-to-see\/town-and-settlements\/"]}]},{"@type":"BreadcrumbList","@id":"https:\/\/officialeleutheraharbourisland.com\/eleuthera\/north-eleuthera\/things-to-see\/town-and-settlements\/#breadcrumb","itemListElement":[{"@type":"ListItem","position":1,"name":"Home","item":"https:\/\/officialeleutheraharbourisland.com\/fr\/"},{"@type":"ListItem","position":2,"name":"ELEUTHERA","item":"https:\/\/officialeleutheraharbourisland.com\/fr\/eleuthera\/"},{"@type":"ListItem","position":3,"name":"NORTH ELEUTHERA","item":"https:\/\/officialeleutheraharbourisland.com\/eleuthera\/north-eleuthera\/"},{"@type":"ListItem","position":4,"name":"CHOSES A VOIR","item":"https:\/\/officialeleutheraharbourisland.com\/eleuthera\/north-eleuthera\/things-to-see\/"},{"@type":"ListItem","position":5,"name":"VILLES ET VILLAGES"}]},{"@type":"WebSite","@id":"https:\/\/officialeleutheraharbourisland.com\/#website","url":"https:\/\/officialeleutheraharbourisland.com\/","name":"Official Eleuthera Harbour Island","description":"Where Beauty &amp; Nature Meet","publisher":{"@id":"https:\/\/officialeleutheraharbourisland.com\/#organization"},"potentialAction":[{"@type":"SearchAction","target":{"@type":"EntryPoint","urlTemplate":"https:\/\/officialeleutheraharbourisland.com\/?s={search_term_string}"},"query-input":{"@type":"PropertyValueSpecification","valueRequired":true,"valueName":"search_term_string"}}],"inLanguage":"fr-FR"},{"@type":"Organization","@id":"https:\/\/officialeleutheraharbourisland.com\/#organization","name":"Official Eleuthera Harbour Island","url":"https:\/\/officialeleutheraharbourisland.com\/","logo":{"@type":"ImageObject","inLanguage":"fr-FR","@id":"https:\/\/officialeleutheraharbourisland.com\/#\/schema\/logo\/image\/","url":"https:\/\/officialeleutheraharbourisland.com\/wp-content\/uploads\/2022\/03\/logo-new-GREY-275.png","contentUrl":"https:\/\/officialeleutheraharbourisland.com\/wp-content\/uploads\/2022\/03\/logo-new-GREY-275.png","width":275,"height":22,"caption":"Official Eleuthera Harbour Island"},"image":{"@id":"https:\/\/officialeleutheraharbourisland.com\/#\/schema\/logo\/image\/"}}]}},"jetpack_sharing_enabled":true,"_links":{"self":[{"href":"https:\/\/officialeleutheraharbourisland.com\/fr\/wp-json\/wp\/v2\/pages\/65322","targetHints":{"allow":["GET"]}}],"collection":[{"href":"https:\/\/officialeleutheraharbourisland.com\/fr\/wp-json\/wp\/v2\/pages"}],"about":[{"href":"https:\/\/officialeleutheraharbourisland.com\/fr\/wp-json\/wp\/v2\/types\/page"}],"author":[{"embeddable":true,"href":"https:\/\/officialeleutheraharbourisland.com\/fr\/wp-json\/wp\/v2\/users\/3"}],"replies":[{"embeddable":true,"href":"https:\/\/officialeleutheraharbourisland.com\/fr\/wp-json\/wp\/v2\/comments?post=65322"}],"version-history":[{"count":1,"href":"https:\/\/officialeleutheraharbourisland.com\/fr\/wp-json\/wp\/v2\/pages\/65322\/revisions"}],"predecessor-version":[{"id":65324,"href":"https:\/\/officialeleutheraharbourisland.com\/fr\/wp-json\/wp\/v2\/pages\/65322\/revisions\/65324"}],"up":[{"embeddable":true,"href":"https:\/\/officialeleutheraharbourisland.com\/fr\/wp-json\/wp\/v2\/pages\/62872"}],"wp:attachment":[{"href":"https:\/\/officialeleutheraharbourisland.com\/fr\/wp-json\/wp\/v2\/media?parent=65322"}],"wp:term":[{"taxonomy":"category","embeddable":true,"href":"https:\/\/officialeleutheraharbourisland.com\/fr\/wp-json\/wp\/v2\/categories?post=65322"},{"taxonomy":"post_tag","embeddable":true,"href":"https:\/\/officialeleutheraharbourisland.com\/fr\/wp-json\/wp\/v2\/tags?post=65322"}],"curies":[{"name":"wp","href":"https:\/\/api.w.org\/{rel}","templated":true}]}}