{"id":65345,"date":"2022-05-24T10:49:33","date_gmt":"2022-05-24T10:49:33","guid":{"rendered":"https:\/\/officialeleutheraharbourisland.com\/eleuthera\/south-eleuthera\/choses-a-voir\/town-and-settlements\/"},"modified":"2022-10-12T13:43:58","modified_gmt":"2022-10-12T13:43:58","slug":"villes-et-villages","status":"publish","type":"page","link":"https:\/\/officialeleutheraharbourisland.com\/fr\/eleuthera\/south-eleuthera\/choses-a-voir\/villes-et-villages\/","title":{"rendered":"VILLES ET VILLAGES"},"content":{"rendered":"<div class=\"wpb-content-wrapper\"><p>[vc_row][vc_column]<style type=\"text\/css\" data-type=\"the7_shortcodes-inline-css\">.blog-shortcode.blog-list-shortcode-id-31d96fbcf0c4b96033955685974c8744.dividers-on.classic-layout-list article {\n  margin-top: 50px;\n  padding-top: 0;\n}\n.blog-shortcode.blog-list-shortcode-id-31d96fbcf0c4b96033955685974c8744.dividers-on.classic-layout-list article:first-of-type {\n  margin-top: 0;\n  padding-top: 0;\n}\n.blog-shortcode.blog-list-shortcode-id-31d96fbcf0c4b96033955685974c8744.classic-layout-list.mode-list .post-thumbnail-wrap {\n  width: 30%;\n}\n.blog-shortcode.blog-list-shortcode-id-31d96fbcf0c4b96033955685974c8744.classic-layout-list.mode-list .post-entry-content {\n  width: calc(100% - 30%);\n}\n.blog-shortcode.blog-list-shortcode-id-31d96fbcf0c4b96033955685974c8744.classic-layout-list.mode-list .no-img .post-entry-content {\n  width: 100%;\n}\n.blog-shortcode.blog-list-shortcode-id-31d96fbcf0c4b96033955685974c8744 .filter-bg-decoration .filter-categories a.act {\n  color: #fff;\n}\n.blog-shortcode.blog-list-shortcode-id-31d96fbcf0c4b96033955685974c8744:not(.mode-masonry) article {\n  margin-top: 50px;\n}\n.blog-shortcode.blog-list-shortcode-id-31d96fbcf0c4b96033955685974c8744:not(.mode-masonry) article:first-of-type,\n.blog-shortcode.blog-list-shortcode-id-31d96fbcf0c4b96033955685974c8744:not(.mode-masonry) article.visible.first:not(.product) {\n  margin-top: 0;\n}\n.blog-shortcode.blog-list-shortcode-id-31d96fbcf0c4b96033955685974c8744.dividers-on:not(.mode-masonry) article {\n  margin-top: 0;\n  padding-top: 50px;\n}\n.blog-shortcode.blog-list-shortcode-id-31d96fbcf0c4b96033955685974c8744.dividers-on:not(.mode-masonry) article:first-of-type,\n.blog-shortcode.blog-list-shortcode-id-31d96fbcf0c4b96033955685974c8744.dividers-on:not(.mode-masonry) article.visible.first:not(.product) {\n  margin-top: 0;\n  padding-top: 0;\n}\n.blog-shortcode.blog-list-shortcode-id-31d96fbcf0c4b96033955685974c8744 .post-thumbnail-wrap {\n  padding: 0px 0px 0px 0px;\n}\n.blog-shortcode.blog-list-shortcode-id-31d96fbcf0c4b96033955685974c8744.enable-bg-rollover .post-thumbnail-rollover:after {\n  background: -webkit-linear-gradient();\n  background: linear-gradient();\n}\n.blog-shortcode.blog-list-shortcode-id-31d96fbcf0c4b96033955685974c8744 .gallery-zoom-ico {\n  width: 44px;\n  height: 44px;\n  line-height: 44px;\n  border-radius: 100px;\n  margin: -22px 0 0 -22px;\n  border-width: 0px;\n  color: #ffffff;\n}\n.bottom-overlap-layout-list.blog-shortcode.blog-list-shortcode-id-31d96fbcf0c4b96033955685974c8744 .gallery-zoom-ico {\n  margin-top: -22px;\n}\n.gradient-overlay-layout-list.blog-shortcode.blog-list-shortcode-id-31d96fbcf0c4b96033955685974c8744 .gallery-zoom-ico,\n.content-rollover-layout-list.blog-shortcode.blog-list-shortcode-id-31d96fbcf0c4b96033955685974c8744 .gallery-zoom-ico {\n  margin: 0 0 10px;\n}\n.content-align-center.gradient-overlay-layout-list.blog-shortcode.blog-list-shortcode-id-31d96fbcf0c4b96033955685974c8744 .gallery-zoom-ico,\n.content-align-center.content-rollover-layout-list.blog-shortcode.blog-list-shortcode-id-31d96fbcf0c4b96033955685974c8744 .gallery-zoom-ico {\n  margin: 0 auto 10px;\n}\n.dt-icon-bg-on.blog-shortcode.blog-list-shortcode-id-31d96fbcf0c4b96033955685974c8744 .gallery-zoom-ico {\n  background: rgba(255,255,255,0.3);\n  box-shadow: none;\n}\n.blog-shortcode.blog-list-shortcode-id-31d96fbcf0c4b96033955685974c8744 .gallery-zoom-ico > span,\n.blog-shortcode.blog-list-shortcode-id-31d96fbcf0c4b96033955685974c8744 .gallery-zoom-ico:before {\n  font-size: 32px;\n  line-height: 44px;\n}\n.blog-shortcode.blog-list-shortcode-id-31d96fbcf0c4b96033955685974c8744 .gallery-zoom-ico > span,\n.blog-shortcode.blog-list-shortcode-id-31d96fbcf0c4b96033955685974c8744 .gallery-zoom-ico:before {\n  color: #ffffff;\n}\n.blog-shortcode.blog-list-shortcode-id-31d96fbcf0c4b96033955685974c8744 .fancy-date a {\n  background: #ffffff;\n  box-shadow: none;\n}\n.blog-shortcode.blog-list-shortcode-id-31d96fbcf0c4b96033955685974c8744 .fancy-date a * {\n  color: #2d2d2d;\n}\n.blog-shortcode.blog-list-shortcode-id-31d96fbcf0c4b96033955685974c8744 .entry-title,\n.blog-shortcode.blog-list-shortcode-id-31d96fbcf0c4b96033955685974c8744.owl-carousel .entry-title {\n  margin-bottom: 5px;\n  font-weight: bold;\n}\n.blog-shortcode.blog-list-shortcode-id-31d96fbcf0c4b96033955685974c8744 .entry-meta {\n  margin-bottom: 15px;\n}\n.blog-shortcode.blog-list-shortcode-id-31d96fbcf0c4b96033955685974c8744 .portfolio-categories {\n  margin-bottom: 15px;\n}\n.blog-shortcode.blog-list-shortcode-id-31d96fbcf0c4b96033955685974c8744 .entry-excerpt {\n  margin-bottom: 5px;\n}\n.blog-shortcode.blog-list-shortcode-id-31d96fbcf0c4b96033955685974c8744:not(.centered-layout-list) .post-entry-content {\n  padding: 25px 30px 30px 30px;\n}\n.blog-shortcode.blog-list-shortcode-id-31d96fbcf0c4b96033955685974c8744:not(.centered-layout-list):not(.content-bg-on):not(.mode-list) .no-img .post-entry-content {\n  padding: 0;\n}\n@media screen and (max-width: 768px) {\n  .blog-shortcode.blog-list-shortcode-id-31d96fbcf0c4b96033955685974c8744 article {\n    -ms-flex-flow: column nowrap;\n    flex-flow: column nowrap;\n    margin-top: 20px;\n  }\n  .blog-shortcode.blog-list-shortcode-id-31d96fbcf0c4b96033955685974c8744.dividers-on article {\n    border: none;\n  }\n  .blog-shortcode.blog-list-shortcode-id-31d96fbcf0c4b96033955685974c8744.content-bg-on.centered-layout-list article {\n    padding: 0;\n  }\n  .blog-shortcode.blog-list-shortcode-id-31d96fbcf0c4b96033955685974c8744.blog-shortcode.dividers-on article,\n  .blog-shortcode.blog-list-shortcode-id-31d96fbcf0c4b96033955685974c8744.dividers-on.classic-layout-list article {\n    margin-top: 20px;\n    padding: 0;\n  }\n  .blog-shortcode.blog-list-shortcode-id-31d96fbcf0c4b96033955685974c8744.blog-shortcode.dividers-on article:first-of-type,\n  .blog-shortcode.blog-list-shortcode-id-31d96fbcf0c4b96033955685974c8744.dividers-on.classic-layout-list article:first-of-type {\n    padding: 0;\n  }\n  #page .blog-shortcode.blog-list-shortcode-id-31d96fbcf0c4b96033955685974c8744 .post-thumbnail-wrap,\n  #page .blog-shortcode.blog-list-shortcode-id-31d96fbcf0c4b96033955685974c8744 .post-entry-content {\n    width: 100%;\n    margin: 0;\n    top: 0;\n  }\n  #page .blog-shortcode.blog-list-shortcode-id-31d96fbcf0c4b96033955685974c8744 .post-thumbnail-wrap {\n    padding: 0;\n  }\n  #page .blog-shortcode.blog-list-shortcode-id-31d96fbcf0c4b96033955685974c8744 .post-entry-content:after {\n    display: none;\n  }\n  #page .blog-shortcode.blog-list-shortcode-id-31d96fbcf0c4b96033955685974c8744 .project-even .post-thumbnail-wrap,\n  #page .blog-shortcode.blog-list-shortcode-id-31d96fbcf0c4b96033955685974c8744.centered-layout-list .post-thumbnail-wrap {\n    -ms-flex-order: 0;\n    order: 0;\n  }\n  #page .blog-shortcode.blog-list-shortcode-id-31d96fbcf0c4b96033955685974c8744.centered-layout-list .post-entry-title-content {\n    -ms-flex-order: 1;\n    order: 1;\n    width: 100%;\n    padding: 20px 20px 0;\n  }\n  #page .blog-shortcode.blog-list-shortcode-id-31d96fbcf0c4b96033955685974c8744.centered-layout-list .post-entry-content {\n    -ms-flex-order: 2;\n    order: 2;\n    padding-top: 0;\n  }\n  #page .blog-shortcode.blog-list-shortcode-id-31d96fbcf0c4b96033955685974c8744 .fancy-categories {\n    top: 10px;\n    left: 10px;\n    bottom: auto;\n    right: auto;\n  }\n  #page .blog-shortcode.blog-list-shortcode-id-31d96fbcf0c4b96033955685974c8744 .fancy-date a {\n    top: 10px;\n    right: 10px;\n    left: auto;\n    bottom: auto;\n  }\n  #page .blog-shortcode.blog-list-shortcode-id-31d96fbcf0c4b96033955685974c8744 .post-entry-content {\n    padding: 20px;\n  }\n  #page .blog-shortcode.blog-list-shortcode-id-31d96fbcf0c4b96033955685974c8744 .entry-title {\n    margin: 3px 0 5px;\n    font-size: 20px;\n    line-height: 26px;\n  }\n  #page .blog-shortcode.blog-list-shortcode-id-31d96fbcf0c4b96033955685974c8744 .entry-meta {\n    margin: 5px 0 5px;\n  }\n  #page .blog-shortcode.blog-list-shortcode-id-31d96fbcf0c4b96033955685974c8744 .entry-excerpt {\n    margin: 15px 0 0;\n  }\n  #page .blog-shortcode.blog-list-shortcode-id-31d96fbcf0c4b96033955685974c8744 .post-details {\n    margin: 5px 0 10px;\n  }\n  #page .blog-shortcode.blog-list-shortcode-id-31d96fbcf0c4b96033955685974c8744 .post-details.details-type-link {\n    margin-bottom: 2px;\n  }\n}\n<\/style><div class=\"articles-list blog-shortcode mode-list blog-list-shortcode-id-31d96fbcf0c4b96033955685974c8744 classic-layout-list content-bg-on jquery-filter scale-img dt-icon-bg-off loading-effect-fade-in\" data-cur-page=\"1\" data-post-limit=\"-1\" data-pagination-mode=\"none\"><article class=\"post project-odd visible post-64889 type-post status-publish format-standard has-post-thumbnail hentry category-town-and-settlements-se-fr category-983 description-off\" data-name=\"Freetown\" data-date=\"2022-04-13T13:11:38+00:00\">\n\n<div class=\"post-thumbnail-wrap\">\n\t<div class=\"post-thumbnail\">\n\n\t\t\n\t\t\n\t\t<a href=\"https:\/\/officialeleutheraharbourisland.com\/fr\/town-and-settlements-se-fr\/freetown\/\" class=\"post-thumbnail-rollover layzr-bg layzr-bg\" ><img fetchpriority=\"high\" decoding=\"async\" class=\"blog-thumb-lazy-load preload-me lazy-load aspect\" src=\"data:image\/svg+xml,%3Csvg%20xmlns%3D&#39;http%3A%2F%2Fwww.w3.org%2F2000%2Fsvg&#39;%20viewBox%3D&#39;0%200%20768%20512&#39;%2F%3E\" data-src=\"https:\/\/officialeleutheraharbourisland.com\/wp-content\/uploads\/2022\/04\/freetown-3-scaled-768x512.jpeg\" data-srcset=\"https:\/\/officialeleutheraharbourisland.com\/wp-content\/uploads\/2022\/04\/freetown-3-scaled-768x512.jpeg 768w, https:\/\/officialeleutheraharbourisland.com\/wp-content\/uploads\/2022\/04\/freetown-3-scaled-1306x870.jpeg 1306w\" loading=\"eager\" style=\"--ratio: 768 \/ 512\" sizes=\"(max-width: 768px) 100vw, 768px\" alt=\"\" title=\"Freetown\" width=\"768\" height=\"512\"  \/><\/a>\n\t<\/div>\n<\/div>\n\n\n<div class=\"post-entry-content\">\n\n\t<h3 class=\"entry-title\">\n\t\t<a href=\"https:\/\/officialeleutheraharbourisland.com\/fr\/town-and-settlements-se-fr\/freetown\/\" title=\"Freetown\" rel=\"bookmark\">Freetown<\/a>\n\t<\/h3>\n\n\t<div class=\"entry-meta\"><span class=\"category-link\"><a href=\"https:\/\/officialeleutheraharbourisland.com\/fr\/category\/town-and-settlements-se-fr\/\" >Town and settlements<\/a><\/span><\/div>\n\t<div class=\"entry-excerpt\"><p>[vc_row css=\u00a0\u00bb.vc_custom_1650996412893{padding-bottom: 50px !important;}\u00a0\u00bb][vc_column][vc_column_text css=\u00a0\u00bb.vc_custom_1655748808091{padding-top: 30px !important;}\u00a0\u00bb]Official Eleuthera Harbour Island vous pr\u00e9sente Freetown.\u00a0Situ\u00e9 au sud de l\u2019\u00eele d\u2019Eleuthera, Freetown est l&rsquo;un des plus beaux endroits de l\u2019\u00eele qui ne compte pourtant qu\u2019une centaine d\u2019habitants.\u00a0 Incroyable, non ? Freetown est une tr\u00e8s petite commune de l&rsquo;\u00eele d&rsquo;Eleuthera, mais elle est pleine de nature, et situ\u00e9e au&hellip;<\/p>\n<\/div>\n\t\n<a href=\"https:\/\/officialeleutheraharbourisland.com\/fr\/town-and-settlements-se-fr\/freetown\/\" class=\"post-details details-type-link\" aria-label=\"En savoir plus sur Freetown\">Lire la suite<i class=\"dt-icon-the7-arrow-03\" aria-hidden=\"true\"><\/i><\/a>\n\n<\/div><\/article><article class=\"post project-odd visible post-64893 type-post status-publish format-standard has-post-thumbnail hentry category-town-and-settlements-se-fr category-983 description-off\" data-name=\"Bannerman Town\" data-date=\"2022-04-13T13:11:38+00:00\">\n\n<div class=\"post-thumbnail-wrap\">\n\t<div class=\"post-thumbnail\">\n\n\t\t\n\t\t\n\t\t<a href=\"https:\/\/officialeleutheraharbourisland.com\/fr\/town-and-settlements-se-fr\/bannerman-town\/\" class=\"post-thumbnail-rollover layzr-bg layzr-bg\" ><img decoding=\"async\" class=\"blog-thumb-lazy-load preload-me lazy-load aspect\" src=\"data:image\/svg+xml,%3Csvg%20xmlns%3D&#39;http%3A%2F%2Fwww.w3.org%2F2000%2Fsvg&#39;%20viewBox%3D&#39;0%200%20768%20512&#39;%2F%3E\" data-src=\"https:\/\/officialeleutheraharbourisland.com\/wp-content\/uploads\/2022\/04\/Bannerman-Town-768x512.jpeg\" data-srcset=\"https:\/\/officialeleutheraharbourisland.com\/wp-content\/uploads\/2022\/04\/Bannerman-Town-768x512.jpeg 768w, https:\/\/officialeleutheraharbourisland.com\/wp-content\/uploads\/2022\/04\/Bannerman-Town-1080x720.jpeg 1080w\" loading=\"eager\" style=\"--ratio: 768 \/ 512\" sizes=\"(max-width: 768px) 100vw, 768px\" alt=\"\" title=\"Bannerman Town\" width=\"768\" height=\"512\"  \/><\/a>\n\t<\/div>\n<\/div>\n\n\n<div class=\"post-entry-content\">\n\n\t<h3 class=\"entry-title\">\n\t\t<a href=\"https:\/\/officialeleutheraharbourisland.com\/fr\/town-and-settlements-se-fr\/bannerman-town\/\" title=\"Bannerman Town\" rel=\"bookmark\">Bannerman Town<\/a>\n\t<\/h3>\n\n\t<div class=\"entry-meta\"><span class=\"category-link\"><a href=\"https:\/\/officialeleutheraharbourisland.com\/fr\/category\/town-and-settlements-se-fr\/\" >Town and settlements<\/a><\/span><\/div>\n\t<div class=\"entry-excerpt\"><p>[vc_row css=\u00a0\u00bb.vc_custom_1650996412893{padding-bottom: 50px !important;}\u00a0\u00bb][vc_column][vc_column_text css=\u00a0\u00bb.vc_custom_1655748082705{padding-top: 30px !important;}\u00a0\u00bb]Official Eleuthera Harbour Island vous pr\u00e9sente la ville de Bannerman.\u00a0C&rsquo;est l&rsquo;une des villes les plus c\u00e9l\u00e8bres des Bahamas. Elle\u00a0 est situ\u00e9e \u00e0 l&rsquo;extr\u00e9mit\u00e9 sud d&rsquo;Eleuthera. Vous y retrouverez en un seul endroit, culture, festivals, traditions mais aussi plage et for\u00eat. La Ville de Bannerman allie parfaitement ces diff\u00e9rents aspects&hellip;<\/p>\n<\/div>\n\t\n<a href=\"https:\/\/officialeleutheraharbourisland.com\/fr\/town-and-settlements-se-fr\/bannerman-town\/\" class=\"post-details details-type-link\" aria-label=\"En savoir plus sur Bannerman Town\">Lire la suite<i class=\"dt-icon-the7-arrow-03\" aria-hidden=\"true\"><\/i><\/a>\n\n<\/div><\/article><\/div>[\/vc_column][\/vc_row]<\/p>\n<\/div>","protected":false},"excerpt":{"rendered":"<p>[vc_row][vc_column][\/vc_column][\/vc_row]<\/p>\n","protected":false},"author":3,"featured_media":0,"parent":64867,"menu_order":0,"comment_status":"closed","ping_status":"closed","template":"","meta":{"footnotes":""},"categories":[],"tags":[],"class_list":["post-65345","page","type-page","status-publish","hentry","description-off"],"yoast_head":"<!-- This site is optimized with the Yoast SEO Premium plugin v25.2 (Yoast SEO v27.4) - https:\/\/yoast.com\/product\/yoast-seo-premium-wordpress\/ -->\n<title>VILLES ET VILLAGES | Official Eleuthera Harbour Island<\/title>\n<meta name=\"robots\" content=\"index, follow, max-snippet:-1, max-image-preview:large, max-video-preview:-1\" \/>\n<link rel=\"canonical\" href=\"https:\/\/officialeleutheraharbourisland.com\/fr\/eleuthera\/south-eleuthera\/choses-a-voir\/villes-et-villages\/\" \/>\n<meta property=\"og:locale\" content=\"fr_FR\" \/>\n<meta property=\"og:type\" content=\"article\" \/>\n<meta property=\"og:title\" content=\"VILLES ET VILLAGES\" \/>\n<meta property=\"og:description\" content=\"[vc_row][vc_column][\/vc_column][\/vc_row]\" \/>\n<meta property=\"og:url\" content=\"https:\/\/officialeleutheraharbourisland.com\/fr\/eleuthera\/south-eleuthera\/choses-a-voir\/villes-et-villages\/\" \/>\n<meta property=\"og:site_name\" content=\"Official Eleuthera Harbour Island\" \/>\n<meta property=\"article:modified_time\" content=\"2022-10-12T13:43:58+00:00\" \/>\n<meta name=\"twitter:card\" content=\"summary_large_image\" \/>\n<meta name=\"twitter:label1\" content=\"Dur\u00e9e de lecture estim\u00e9e\" \/>\n\t<meta name=\"twitter:data1\" content=\"1 minute\" \/>\n<script type=\"application\/ld+json\" class=\"yoast-schema-graph\">{\"@context\":\"https:\\\/\\\/schema.org\",\"@graph\":[{\"@type\":\"WebPage\",\"@id\":\"https:\\\/\\\/officialeleutheraharbourisland.com\\\/fr\\\/eleuthera\\\/south-eleuthera\\\/choses-a-voir\\\/villes-et-villages\\\/\",\"url\":\"https:\\\/\\\/officialeleutheraharbourisland.com\\\/fr\\\/eleuthera\\\/south-eleuthera\\\/choses-a-voir\\\/villes-et-villages\\\/\",\"name\":\"VILLES ET VILLAGES | Official Eleuthera Harbour Island\",\"isPartOf\":{\"@id\":\"https:\\\/\\\/officialeleutheraharbourisland.com\\\/#website\"},\"datePublished\":\"2022-05-24T10:49:33+00:00\",\"dateModified\":\"2022-10-12T13:43:58+00:00\",\"breadcrumb\":{\"@id\":\"https:\\\/\\\/officialeleutheraharbourisland.com\\\/fr\\\/eleuthera\\\/south-eleuthera\\\/choses-a-voir\\\/villes-et-villages\\\/#breadcrumb\"},\"inLanguage\":\"fr-FR\",\"potentialAction\":[{\"@type\":\"ReadAction\",\"target\":[\"https:\\\/\\\/officialeleutheraharbourisland.com\\\/fr\\\/eleuthera\\\/south-eleuthera\\\/choses-a-voir\\\/villes-et-villages\\\/\"]}]},{\"@type\":\"BreadcrumbList\",\"@id\":\"https:\\\/\\\/officialeleutheraharbourisland.com\\\/fr\\\/eleuthera\\\/south-eleuthera\\\/choses-a-voir\\\/villes-et-villages\\\/#breadcrumb\",\"itemListElement\":[{\"@type\":\"ListItem\",\"position\":1,\"name\":\"Home\",\"item\":\"https:\\\/\\\/officialeleutheraharbourisland.com\\\/fr\\\/\"},{\"@type\":\"ListItem\",\"position\":2,\"name\":\"ELEUTHERA\",\"item\":\"https:\\\/\\\/officialeleutheraharbourisland.com\\\/fr\\\/eleuthera\\\/\"},{\"@type\":\"ListItem\",\"position\":3,\"name\":\"SOUTH ELEUTHERA\",\"item\":\"https:\\\/\\\/officialeleutheraharbourisland.com\\\/fr\\\/eleuthera\\\/south-eleuthera\\\/\"},{\"@type\":\"ListItem\",\"position\":4,\"name\":\"CHOSES A VOIR A SOUTH ELEUTHERA\",\"item\":\"https:\\\/\\\/officialeleutheraharbourisland.com\\\/fr\\\/eleuthera\\\/south-eleuthera\\\/choses-a-voir\\\/\"},{\"@type\":\"ListItem\",\"position\":5,\"name\":\"VILLES ET VILLAGES\"}]},{\"@type\":\"WebSite\",\"@id\":\"https:\\\/\\\/officialeleutheraharbourisland.com\\\/#website\",\"url\":\"https:\\\/\\\/officialeleutheraharbourisland.com\\\/\",\"name\":\"Official Eleuthera Harbour Island\",\"description\":\"Where Beauty &amp; Nature Meet\",\"publisher\":{\"@id\":\"https:\\\/\\\/officialeleutheraharbourisland.com\\\/#organization\"},\"potentialAction\":[{\"@type\":\"SearchAction\",\"target\":{\"@type\":\"EntryPoint\",\"urlTemplate\":\"https:\\\/\\\/officialeleutheraharbourisland.com\\\/?s={search_term_string}\"},\"query-input\":{\"@type\":\"PropertyValueSpecification\",\"valueRequired\":true,\"valueName\":\"search_term_string\"}}],\"inLanguage\":\"fr-FR\"},{\"@type\":\"Organization\",\"@id\":\"https:\\\/\\\/officialeleutheraharbourisland.com\\\/#organization\",\"name\":\"Official Eleuthera Harbour Island\",\"url\":\"https:\\\/\\\/officialeleutheraharbourisland.com\\\/\",\"logo\":{\"@type\":\"ImageObject\",\"inLanguage\":\"fr-FR\",\"@id\":\"https:\\\/\\\/officialeleutheraharbourisland.com\\\/#\\\/schema\\\/logo\\\/image\\\/\",\"url\":\"https:\\\/\\\/officialeleutheraharbourisland.com\\\/wp-content\\\/uploads\\\/2022\\\/03\\\/logo-new-GREY-275.png\",\"contentUrl\":\"https:\\\/\\\/officialeleutheraharbourisland.com\\\/wp-content\\\/uploads\\\/2022\\\/03\\\/logo-new-GREY-275.png\",\"width\":275,\"height\":22,\"caption\":\"Official Eleuthera Harbour Island\"},\"image\":{\"@id\":\"https:\\\/\\\/officialeleutheraharbourisland.com\\\/#\\\/schema\\\/logo\\\/image\\\/\"}}]}<\/script>\n<!-- \/ Yoast SEO Premium plugin. -->","yoast_head_json":{"title":"VILLES ET VILLAGES | Official Eleuthera Harbour Island","robots":{"index":"index","follow":"follow","max-snippet":"max-snippet:-1","max-image-preview":"max-image-preview:large","max-video-preview":"max-video-preview:-1"},"canonical":"https:\/\/officialeleutheraharbourisland.com\/fr\/eleuthera\/south-eleuthera\/choses-a-voir\/villes-et-villages\/","og_locale":"fr_FR","og_type":"article","og_title":"VILLES ET VILLAGES","og_description":"[vc_row][vc_column][\/vc_column][\/vc_row]","og_url":"https:\/\/officialeleutheraharbourisland.com\/fr\/eleuthera\/south-eleuthera\/choses-a-voir\/villes-et-villages\/","og_site_name":"Official Eleuthera Harbour Island","article_modified_time":"2022-10-12T13:43:58+00:00","twitter_card":"summary_large_image","twitter_misc":{"Dur\u00e9e de lecture estim\u00e9e":"1 minute"},"schema":{"@context":"https:\/\/schema.org","@graph":[{"@type":"WebPage","@id":"https:\/\/officialeleutheraharbourisland.com\/fr\/eleuthera\/south-eleuthera\/choses-a-voir\/villes-et-villages\/","url":"https:\/\/officialeleutheraharbourisland.com\/fr\/eleuthera\/south-eleuthera\/choses-a-voir\/villes-et-villages\/","name":"VILLES ET VILLAGES | Official Eleuthera Harbour Island","isPartOf":{"@id":"https:\/\/officialeleutheraharbourisland.com\/#website"},"datePublished":"2022-05-24T10:49:33+00:00","dateModified":"2022-10-12T13:43:58+00:00","breadcrumb":{"@id":"https:\/\/officialeleutheraharbourisland.com\/fr\/eleuthera\/south-eleuthera\/choses-a-voir\/villes-et-villages\/#breadcrumb"},"inLanguage":"fr-FR","potentialAction":[{"@type":"ReadAction","target":["https:\/\/officialeleutheraharbourisland.com\/fr\/eleuthera\/south-eleuthera\/choses-a-voir\/villes-et-villages\/"]}]},{"@type":"BreadcrumbList","@id":"https:\/\/officialeleutheraharbourisland.com\/fr\/eleuthera\/south-eleuthera\/choses-a-voir\/villes-et-villages\/#breadcrumb","itemListElement":[{"@type":"ListItem","position":1,"name":"Home","item":"https:\/\/officialeleutheraharbourisland.com\/fr\/"},{"@type":"ListItem","position":2,"name":"ELEUTHERA","item":"https:\/\/officialeleutheraharbourisland.com\/fr\/eleuthera\/"},{"@type":"ListItem","position":3,"name":"SOUTH ELEUTHERA","item":"https:\/\/officialeleutheraharbourisland.com\/fr\/eleuthera\/south-eleuthera\/"},{"@type":"ListItem","position":4,"name":"CHOSES A VOIR A SOUTH ELEUTHERA","item":"https:\/\/officialeleutheraharbourisland.com\/fr\/eleuthera\/south-eleuthera\/choses-a-voir\/"},{"@type":"ListItem","position":5,"name":"VILLES ET VILLAGES"}]},{"@type":"WebSite","@id":"https:\/\/officialeleutheraharbourisland.com\/#website","url":"https:\/\/officialeleutheraharbourisland.com\/","name":"Official Eleuthera Harbour Island","description":"Where Beauty &amp; Nature Meet","publisher":{"@id":"https:\/\/officialeleutheraharbourisland.com\/#organization"},"potentialAction":[{"@type":"SearchAction","target":{"@type":"EntryPoint","urlTemplate":"https:\/\/officialeleutheraharbourisland.com\/?s={search_term_string}"},"query-input":{"@type":"PropertyValueSpecification","valueRequired":true,"valueName":"search_term_string"}}],"inLanguage":"fr-FR"},{"@type":"Organization","@id":"https:\/\/officialeleutheraharbourisland.com\/#organization","name":"Official Eleuthera Harbour Island","url":"https:\/\/officialeleutheraharbourisland.com\/","logo":{"@type":"ImageObject","inLanguage":"fr-FR","@id":"https:\/\/officialeleutheraharbourisland.com\/#\/schema\/logo\/image\/","url":"https:\/\/officialeleutheraharbourisland.com\/wp-content\/uploads\/2022\/03\/logo-new-GREY-275.png","contentUrl":"https:\/\/officialeleutheraharbourisland.com\/wp-content\/uploads\/2022\/03\/logo-new-GREY-275.png","width":275,"height":22,"caption":"Official Eleuthera Harbour Island"},"image":{"@id":"https:\/\/officialeleutheraharbourisland.com\/#\/schema\/logo\/image\/"}}]}},"jetpack_sharing_enabled":true,"_links":{"self":[{"href":"https:\/\/officialeleutheraharbourisland.com\/fr\/wp-json\/wp\/v2\/pages\/65345","targetHints":{"allow":["GET"]}}],"collection":[{"href":"https:\/\/officialeleutheraharbourisland.com\/fr\/wp-json\/wp\/v2\/pages"}],"about":[{"href":"https:\/\/officialeleutheraharbourisland.com\/fr\/wp-json\/wp\/v2\/types\/page"}],"author":[{"embeddable":true,"href":"https:\/\/officialeleutheraharbourisland.com\/fr\/wp-json\/wp\/v2\/users\/3"}],"replies":[{"embeddable":true,"href":"https:\/\/officialeleutheraharbourisland.com\/fr\/wp-json\/wp\/v2\/comments?post=65345"}],"version-history":[{"count":1,"href":"https:\/\/officialeleutheraharbourisland.com\/fr\/wp-json\/wp\/v2\/pages\/65345\/revisions"}],"predecessor-version":[{"id":65377,"href":"https:\/\/officialeleutheraharbourisland.com\/fr\/wp-json\/wp\/v2\/pages\/65345\/revisions\/65377"}],"up":[{"embeddable":true,"href":"https:\/\/officialeleutheraharbourisland.com\/fr\/wp-json\/wp\/v2\/pages\/64867"}],"wp:attachment":[{"href":"https:\/\/officialeleutheraharbourisland.com\/fr\/wp-json\/wp\/v2\/media?parent=65345"}],"wp:term":[{"taxonomy":"category","embeddable":true,"href":"https:\/\/officialeleutheraharbourisland.com\/fr\/wp-json\/wp\/v2\/categories?post=65345"},{"taxonomy":"post_tag","embeddable":true,"href":"https:\/\/officialeleutheraharbourisland.com\/fr\/wp-json\/wp\/v2\/tags?post=65345"}],"curies":[{"name":"wp","href":"https:\/\/api.w.org\/{rel}","templated":true}]}}