{"id":65875,"date":"2022-06-15T21:05:09","date_gmt":"2022-06-15T21:05:09","guid":{"rendered":"https:\/\/officialeleutheraharbourisland.com\/why-buying-eleuthera-real-estate\/"},"modified":"2022-06-29T13:11:28","modified_gmt":"2022-06-29T13:11:28","slug":"pourquoi-investir-dans-l-immobilier-a-eleuthera","status":"publish","type":"page","link":"https:\/\/officialeleutheraharbourisland.com\/fr\/immobilier\/pourquoi-investir-dans-l-immobilier-a-eleuthera\/","title":{"rendered":"Pourquoi investir dans l&rsquo;immobilier \u00e0 Eleuthera?"},"content":{"rendered":"<div class=\"wpb-content-wrapper\"><p>[vc_row][vc_column]<div id=\"ultimate-heading-365569f4dbbdcb62d\" class=\"uvc-heading ult-adjust-bottom-margin ultimate-heading-365569f4dbbdcb62d uvc-5548 \" data-hspacer=\"no_spacer\"  data-halign=\"center\" style=\"text-align:center\"><div class=\"uvc-heading-spacer no_spacer\" style=\"top\"><\/div><div class=\"uvc-main-heading ult-responsive\"  data-ultimate-target='.uvc-heading.ultimate-heading-365569f4dbbdcb62d h2'  data-responsive-json-new='{\"font-size\":\"\",\"line-height\":\"\"}' ><h2 style=\"font-weight:normal;\">Pourquoi investir dans l'immobilier \u00e0 Eleuthera?<\/h2><\/div><\/div>[\/vc_column][\/vc_row][vc_row][vc_column][vc_empty_space][\/vc_column][\/vc_row][vc_row][vc_column][vc_column_text]Official Eleuthera Harbour Island vous apporte plus d&rsquo;informations sur les raisons d&rsquo;acheter un bien immobilier \u00e0 Eleuthera.<\/p>\n<p>L&rsquo;immobilier d&rsquo;Eleuthera comprend certaines des propri\u00e9t\u00e9s les plus exclusives des Bahamas et attire des acheteurs fortun\u00e9s du monde entier. Le climat chaud de l&rsquo;\u00eele, l&rsquo;hospitalit\u00e9 de ses habitants, ses traditions festives et son style de vie d\u00e9contract\u00e9 sont autant de raisons qui attirent de nombreux propri\u00e9taires non bahamiens vers ce paradis tropical. Et comme si cela ne suffisait pas, depuis l&rsquo;entr\u00e9e en vigueur de la loi sur la propri\u00e9t\u00e9 fonci\u00e8re des personnes internationales en janvier 1994, aucune restriction n&rsquo;est impos\u00e9e aux \u00e9trangers qui ach\u00e8tent des propri\u00e9t\u00e9s aux Bahamas.<\/p>\n<p><strong>Pourquoi acheter un bien immobilier \u00e0 Eleuthera ?<\/strong><\/p>\n<p>&#8211; Eleuthera Bahamas est \u00e0 moins d&rsquo;une heure de Miami en Floride.<br \/>\n&#8211; Les Bahamas sont l&rsquo;un des pays les plus riches des Cara\u00efbes.<br \/>\n&#8211; Les Bahamas ont une d\u00e9mocratie parlementaire stable<br \/>\n&#8211; Le syst\u00e8me juridique est bas\u00e9 sur la Common Law anglaise (syst\u00e8me juridique britannique).<br \/>\n&#8211; Tous les Bahamiens parlent anglais<br \/>\n&#8211; Le dollar bahamien est index\u00e9 sur le dollar am\u00e9ricain \u00e0 un taux de 1:1.<br \/>\n&#8211; La monnaie am\u00e9ricaine est accept\u00e9e partout aux Bahamas.<br \/>\n&#8211; Comme aux \u00c9tats-Unis, les terrains sont d\u00e9tenus en fief simple (freehold estate).<br \/>\n&#8211; Les imp\u00f4ts fonciers sont raisonnables et varient entre 0,25 % et 2 % de la valeur de la propri\u00e9t\u00e9.<\/p>\n<p>Il n&rsquo;y a pas d&rsquo;imp\u00f4t sur le revenu des soci\u00e9t\u00e9s ou des particuliers aux Bahamas :<br \/>\n&#8211; Pas d&rsquo;imp\u00f4t sur les plus-values<br \/>\n&#8211; Pas de taxe sur les ventes<br \/>\n&#8211; Pas d&rsquo;imp\u00f4t sur les successions<\/p>\n<p>Gr\u00e2ce \u00e0 ses avantages fiscaux, \u00e0 la stabilit\u00e9 de son gouvernement, \u00e0 son engagement en faveur du d\u00e9veloppement \u00e9conomique et \u00e0 son environnement s\u00fbr, l&rsquo;achat d&rsquo;une propri\u00e9t\u00e9 \u00e0 Eleuthera Bahamas peut \u00eatre une option rentable pour pr\u00e9server son patrimoine aujourd&rsquo;hui.[\/vc_column_text][\/vc_column][\/vc_row][vc_row][vc_column][vc_empty_space][\/vc_column][\/vc_row][vc_row][vc_column][vc_single_image image=\u00a0\u00bb62298&Prime; img_size=\u00a0\u00bb600&#215;400&Prime; alignment=\u00a0\u00bbcenter\u00a0\u00bb][\/vc_column][\/vc_row]<\/p>\n<\/div>","protected":false},"excerpt":{"rendered":"<p>[vc_row][vc_column][\/vc_column][\/vc_row][vc_row][vc_column][vc_empty_space][\/vc_column][\/vc_row][vc_row][vc_column][vc_column_text]Official Eleuthera Harbour Island vous apporte plus d&rsquo;informations sur les raisons d&rsquo;acheter un bien immobilier \u00e0 Eleuthera. L&rsquo;immobilier d&rsquo;Eleuthera comprend certaines des propri\u00e9t\u00e9s les plus exclusives des Bahamas et attire des acheteurs fortun\u00e9s du monde entier. Le climat chaud de l&rsquo;\u00eele, l&rsquo;hospitalit\u00e9 de ses habitants, ses traditions festives et son style de vie d\u00e9contract\u00e9 sont&hellip;<\/p>\n","protected":false},"author":3,"featured_media":62299,"parent":65882,"menu_order":0,"comment_status":"closed","ping_status":"closed","template":"","meta":{"footnotes":""},"categories":[],"tags":[],"class_list":["post-65875","page","type-page","status-publish","has-post-thumbnail","hentry","description-off"],"yoast_head":"<!-- This site is optimized with the Yoast SEO Premium plugin v25.2 (Yoast SEO v27.5) - https:\/\/yoast.com\/product\/yoast-seo-premium-wordpress\/ -->\n<title>Pourquoi investir dans l&#039;immobilier \u00e0 Eleuthera? | Official Eleuthera Harbour Island<\/title>\n<meta name=\"robots\" content=\"index, follow, max-snippet:-1, max-image-preview:large, max-video-preview:-1\" \/>\n<link rel=\"canonical\" href=\"https:\/\/officialeleutheraharbourisland.com\/fr\/pourquoi-investir-dans-l-immobilier-a-eleuthera\/\" \/>\n<meta property=\"og:locale\" content=\"fr_FR\" \/>\n<meta property=\"og:type\" content=\"article\" \/>\n<meta property=\"og:title\" content=\"Pourquoi investir dans l&#039;immobilier \u00e0 Eleuthera?\" \/>\n<meta property=\"og:description\" content=\"[vc_row][vc_column][\/vc_column][\/vc_row][vc_row][vc_column][vc_empty_space][\/vc_column][\/vc_row][vc_row][vc_column][vc_column_text]Official Eleuthera Harbour Island vous apporte plus d&rsquo;informations sur les raisons d&rsquo;acheter un bien immobilier \u00e0 Eleuthera. L&rsquo;immobilier d&rsquo;Eleuthera comprend certaines des propri\u00e9t\u00e9s les plus exclusives des Bahamas et attire des acheteurs fortun\u00e9s du monde entier. Le climat chaud de l&rsquo;\u00eele, l&rsquo;hospitalit\u00e9 de ses habitants, ses traditions festives et son style de vie d\u00e9contract\u00e9 sont&hellip;\" \/>\n<meta property=\"og:url\" content=\"https:\/\/officialeleutheraharbourisland.com\/fr\/pourquoi-investir-dans-l-immobilier-a-eleuthera\/\" \/>\n<meta property=\"og:site_name\" content=\"Official Eleuthera Harbour Island\" \/>\n<meta property=\"article:modified_time\" content=\"2022-06-29T13:11:28+00:00\" \/>\n<meta property=\"og:image\" content=\"https:\/\/officialeleutheraharbourisland.com\/wp-content\/uploads\/2022\/06\/eleuthera.jpeg\" \/>\n\t<meta property=\"og:image:width\" content=\"259\" \/>\n\t<meta property=\"og:image:height\" content=\"194\" \/>\n\t<meta property=\"og:image:type\" content=\"image\/jpeg\" \/>\n<meta name=\"twitter:card\" content=\"summary_large_image\" \/>\n<meta name=\"twitter:label1\" content=\"Dur\u00e9e de lecture estim\u00e9e\" \/>\n\t<meta name=\"twitter:data1\" content=\"2 minutes\" \/>\n<script type=\"application\/ld+json\" class=\"yoast-schema-graph\">{\"@context\":\"https:\\\/\\\/schema.org\",\"@graph\":[{\"@type\":\"WebPage\",\"@id\":\"https:\\\/\\\/officialeleutheraharbourisland.com\\\/fr\\\/pourquoi-investir-dans-l-immobilier-a-eleuthera\\\/\",\"url\":\"https:\\\/\\\/officialeleutheraharbourisland.com\\\/fr\\\/pourquoi-investir-dans-l-immobilier-a-eleuthera\\\/\",\"name\":\"Pourquoi investir dans l'immobilier \u00e0 Eleuthera? | Official Eleuthera Harbour Island\",\"isPartOf\":{\"@id\":\"https:\\\/\\\/officialeleutheraharbourisland.com\\\/#website\"},\"primaryImageOfPage\":{\"@id\":\"https:\\\/\\\/officialeleutheraharbourisland.com\\\/fr\\\/pourquoi-investir-dans-l-immobilier-a-eleuthera\\\/#primaryimage\"},\"image\":{\"@id\":\"https:\\\/\\\/officialeleutheraharbourisland.com\\\/fr\\\/pourquoi-investir-dans-l-immobilier-a-eleuthera\\\/#primaryimage\"},\"thumbnailUrl\":\"https:\\\/\\\/officialeleutheraharbourisland.com\\\/wp-content\\\/uploads\\\/2022\\\/06\\\/eleuthera.jpeg\",\"datePublished\":\"2022-06-15T21:05:09+00:00\",\"dateModified\":\"2022-06-29T13:11:28+00:00\",\"breadcrumb\":{\"@id\":\"https:\\\/\\\/officialeleutheraharbourisland.com\\\/fr\\\/pourquoi-investir-dans-l-immobilier-a-eleuthera\\\/#breadcrumb\"},\"inLanguage\":\"fr-FR\",\"potentialAction\":[{\"@type\":\"ReadAction\",\"target\":[\"https:\\\/\\\/officialeleutheraharbourisland.com\\\/fr\\\/pourquoi-investir-dans-l-immobilier-a-eleuthera\\\/\"]}]},{\"@type\":\"ImageObject\",\"inLanguage\":\"fr-FR\",\"@id\":\"https:\\\/\\\/officialeleutheraharbourisland.com\\\/fr\\\/pourquoi-investir-dans-l-immobilier-a-eleuthera\\\/#primaryimage\",\"url\":\"https:\\\/\\\/officialeleutheraharbourisland.com\\\/wp-content\\\/uploads\\\/2022\\\/06\\\/eleuthera.jpeg\",\"contentUrl\":\"https:\\\/\\\/officialeleutheraharbourisland.com\\\/wp-content\\\/uploads\\\/2022\\\/06\\\/eleuthera.jpeg\",\"width\":259,\"height\":194,\"caption\":\"Eleuthera Real Estate\"},{\"@type\":\"BreadcrumbList\",\"@id\":\"https:\\\/\\\/officialeleutheraharbourisland.com\\\/fr\\\/pourquoi-investir-dans-l-immobilier-a-eleuthera\\\/#breadcrumb\",\"itemListElement\":[{\"@type\":\"ListItem\",\"position\":1,\"name\":\"Home\",\"item\":\"https:\\\/\\\/officialeleutheraharbourisland.com\\\/fr\\\/\"},{\"@type\":\"ListItem\",\"position\":2,\"name\":\"Pourquoi investir dans l&#8217;immobilier \u00e0 Eleuthera?\"}]},{\"@type\":\"WebSite\",\"@id\":\"https:\\\/\\\/officialeleutheraharbourisland.com\\\/#website\",\"url\":\"https:\\\/\\\/officialeleutheraharbourisland.com\\\/\",\"name\":\"Official Eleuthera Harbour Island\",\"description\":\"Where Beauty &amp; Nature Meet\",\"publisher\":{\"@id\":\"https:\\\/\\\/officialeleutheraharbourisland.com\\\/#organization\"},\"potentialAction\":[{\"@type\":\"SearchAction\",\"target\":{\"@type\":\"EntryPoint\",\"urlTemplate\":\"https:\\\/\\\/officialeleutheraharbourisland.com\\\/?s={search_term_string}\"},\"query-input\":{\"@type\":\"PropertyValueSpecification\",\"valueRequired\":true,\"valueName\":\"search_term_string\"}}],\"inLanguage\":\"fr-FR\"},{\"@type\":\"Organization\",\"@id\":\"https:\\\/\\\/officialeleutheraharbourisland.com\\\/#organization\",\"name\":\"Official Eleuthera Harbour Island\",\"url\":\"https:\\\/\\\/officialeleutheraharbourisland.com\\\/\",\"logo\":{\"@type\":\"ImageObject\",\"inLanguage\":\"fr-FR\",\"@id\":\"https:\\\/\\\/officialeleutheraharbourisland.com\\\/#\\\/schema\\\/logo\\\/image\\\/\",\"url\":\"https:\\\/\\\/officialeleutheraharbourisland.com\\\/wp-content\\\/uploads\\\/2022\\\/03\\\/logo-new-GREY-275.png\",\"contentUrl\":\"https:\\\/\\\/officialeleutheraharbourisland.com\\\/wp-content\\\/uploads\\\/2022\\\/03\\\/logo-new-GREY-275.png\",\"width\":275,\"height\":22,\"caption\":\"Official Eleuthera Harbour Island\"},\"image\":{\"@id\":\"https:\\\/\\\/officialeleutheraharbourisland.com\\\/#\\\/schema\\\/logo\\\/image\\\/\"}}]}<\/script>\n<!-- \/ Yoast SEO Premium plugin. -->","yoast_head_json":{"title":"Pourquoi investir dans l'immobilier \u00e0 Eleuthera? | Official Eleuthera Harbour Island","robots":{"index":"index","follow":"follow","max-snippet":"max-snippet:-1","max-image-preview":"max-image-preview:large","max-video-preview":"max-video-preview:-1"},"canonical":"https:\/\/officialeleutheraharbourisland.com\/fr\/pourquoi-investir-dans-l-immobilier-a-eleuthera\/","og_locale":"fr_FR","og_type":"article","og_title":"Pourquoi investir dans l'immobilier \u00e0 Eleuthera?","og_description":"[vc_row][vc_column][\/vc_column][\/vc_row][vc_row][vc_column][vc_empty_space][\/vc_column][\/vc_row][vc_row][vc_column][vc_column_text]Official Eleuthera Harbour Island vous apporte plus d&rsquo;informations sur les raisons d&rsquo;acheter un bien immobilier \u00e0 Eleuthera. L&rsquo;immobilier d&rsquo;Eleuthera comprend certaines des propri\u00e9t\u00e9s les plus exclusives des Bahamas et attire des acheteurs fortun\u00e9s du monde entier. Le climat chaud de l&rsquo;\u00eele, l&rsquo;hospitalit\u00e9 de ses habitants, ses traditions festives et son style de vie d\u00e9contract\u00e9 sont&hellip;","og_url":"https:\/\/officialeleutheraharbourisland.com\/fr\/pourquoi-investir-dans-l-immobilier-a-eleuthera\/","og_site_name":"Official Eleuthera Harbour Island","article_modified_time":"2022-06-29T13:11:28+00:00","og_image":[{"width":259,"height":194,"url":"https:\/\/officialeleutheraharbourisland.com\/wp-content\/uploads\/2022\/06\/eleuthera.jpeg","type":"image\/jpeg"}],"twitter_card":"summary_large_image","twitter_misc":{"Dur\u00e9e de lecture estim\u00e9e":"2 minutes"},"schema":{"@context":"https:\/\/schema.org","@graph":[{"@type":"WebPage","@id":"https:\/\/officialeleutheraharbourisland.com\/fr\/pourquoi-investir-dans-l-immobilier-a-eleuthera\/","url":"https:\/\/officialeleutheraharbourisland.com\/fr\/pourquoi-investir-dans-l-immobilier-a-eleuthera\/","name":"Pourquoi investir dans l'immobilier \u00e0 Eleuthera? | Official Eleuthera Harbour Island","isPartOf":{"@id":"https:\/\/officialeleutheraharbourisland.com\/#website"},"primaryImageOfPage":{"@id":"https:\/\/officialeleutheraharbourisland.com\/fr\/pourquoi-investir-dans-l-immobilier-a-eleuthera\/#primaryimage"},"image":{"@id":"https:\/\/officialeleutheraharbourisland.com\/fr\/pourquoi-investir-dans-l-immobilier-a-eleuthera\/#primaryimage"},"thumbnailUrl":"https:\/\/officialeleutheraharbourisland.com\/wp-content\/uploads\/2022\/06\/eleuthera.jpeg","datePublished":"2022-06-15T21:05:09+00:00","dateModified":"2022-06-29T13:11:28+00:00","breadcrumb":{"@id":"https:\/\/officialeleutheraharbourisland.com\/fr\/pourquoi-investir-dans-l-immobilier-a-eleuthera\/#breadcrumb"},"inLanguage":"fr-FR","potentialAction":[{"@type":"ReadAction","target":["https:\/\/officialeleutheraharbourisland.com\/fr\/pourquoi-investir-dans-l-immobilier-a-eleuthera\/"]}]},{"@type":"ImageObject","inLanguage":"fr-FR","@id":"https:\/\/officialeleutheraharbourisland.com\/fr\/pourquoi-investir-dans-l-immobilier-a-eleuthera\/#primaryimage","url":"https:\/\/officialeleutheraharbourisland.com\/wp-content\/uploads\/2022\/06\/eleuthera.jpeg","contentUrl":"https:\/\/officialeleutheraharbourisland.com\/wp-content\/uploads\/2022\/06\/eleuthera.jpeg","width":259,"height":194,"caption":"Eleuthera Real Estate"},{"@type":"BreadcrumbList","@id":"https:\/\/officialeleutheraharbourisland.com\/fr\/pourquoi-investir-dans-l-immobilier-a-eleuthera\/#breadcrumb","itemListElement":[{"@type":"ListItem","position":1,"name":"Home","item":"https:\/\/officialeleutheraharbourisland.com\/fr\/"},{"@type":"ListItem","position":2,"name":"Pourquoi investir dans l&#8217;immobilier \u00e0 Eleuthera?"}]},{"@type":"WebSite","@id":"https:\/\/officialeleutheraharbourisland.com\/#website","url":"https:\/\/officialeleutheraharbourisland.com\/","name":"Official Eleuthera Harbour Island","description":"Where Beauty &amp; Nature Meet","publisher":{"@id":"https:\/\/officialeleutheraharbourisland.com\/#organization"},"potentialAction":[{"@type":"SearchAction","target":{"@type":"EntryPoint","urlTemplate":"https:\/\/officialeleutheraharbourisland.com\/?s={search_term_string}"},"query-input":{"@type":"PropertyValueSpecification","valueRequired":true,"valueName":"search_term_string"}}],"inLanguage":"fr-FR"},{"@type":"Organization","@id":"https:\/\/officialeleutheraharbourisland.com\/#organization","name":"Official Eleuthera Harbour Island","url":"https:\/\/officialeleutheraharbourisland.com\/","logo":{"@type":"ImageObject","inLanguage":"fr-FR","@id":"https:\/\/officialeleutheraharbourisland.com\/#\/schema\/logo\/image\/","url":"https:\/\/officialeleutheraharbourisland.com\/wp-content\/uploads\/2022\/03\/logo-new-GREY-275.png","contentUrl":"https:\/\/officialeleutheraharbourisland.com\/wp-content\/uploads\/2022\/03\/logo-new-GREY-275.png","width":275,"height":22,"caption":"Official Eleuthera Harbour Island"},"image":{"@id":"https:\/\/officialeleutheraharbourisland.com\/#\/schema\/logo\/image\/"}}]}},"jetpack_sharing_enabled":true,"_links":{"self":[{"href":"https:\/\/officialeleutheraharbourisland.com\/fr\/wp-json\/wp\/v2\/pages\/65875","targetHints":{"allow":["GET"]}}],"collection":[{"href":"https:\/\/officialeleutheraharbourisland.com\/fr\/wp-json\/wp\/v2\/pages"}],"about":[{"href":"https:\/\/officialeleutheraharbourisland.com\/fr\/wp-json\/wp\/v2\/types\/page"}],"author":[{"embeddable":true,"href":"https:\/\/officialeleutheraharbourisland.com\/fr\/wp-json\/wp\/v2\/users\/3"}],"replies":[{"embeddable":true,"href":"https:\/\/officialeleutheraharbourisland.com\/fr\/wp-json\/wp\/v2\/comments?post=65875"}],"version-history":[{"count":3,"href":"https:\/\/officialeleutheraharbourisland.com\/fr\/wp-json\/wp\/v2\/pages\/65875\/revisions"}],"predecessor-version":[{"id":65880,"href":"https:\/\/officialeleutheraharbourisland.com\/fr\/wp-json\/wp\/v2\/pages\/65875\/revisions\/65880"}],"up":[{"embeddable":true,"href":"https:\/\/officialeleutheraharbourisland.com\/fr\/wp-json\/wp\/v2\/pages\/65882"}],"wp:featuredmedia":[{"embeddable":true,"href":"https:\/\/officialeleutheraharbourisland.com\/fr\/wp-json\/wp\/v2\/media\/62299"}],"wp:attachment":[{"href":"https:\/\/officialeleutheraharbourisland.com\/fr\/wp-json\/wp\/v2\/media?parent=65875"}],"wp:term":[{"taxonomy":"category","embeddable":true,"href":"https:\/\/officialeleutheraharbourisland.com\/fr\/wp-json\/wp\/v2\/categories?post=65875"},{"taxonomy":"post_tag","embeddable":true,"href":"https:\/\/officialeleutheraharbourisland.com\/fr\/wp-json\/wp\/v2\/tags?post=65875"}],"curies":[{"name":"wp","href":"https:\/\/api.w.org\/{rel}","templated":true}]}}