{"id":65923,"date":"2022-06-15T21:05:09","date_gmt":"2022-06-15T21:05:09","guid":{"rendered":"https:\/\/officialeleutheraharbourisland.com\/immobilier\/ownership-policy-in-eleuthera\/"},"modified":"2022-06-29T13:44:07","modified_gmt":"2022-06-29T13:44:07","slug":"regles-sur-la-propriete-aux-bahamas","status":"publish","type":"page","link":"https:\/\/officialeleutheraharbourisland.com\/fr\/immobilier\/regles-sur-la-propriete-aux-bahamas\/","title":{"rendered":"REGLES SUR LA PROPRI\u00c9T\u00c9 AUX BAHAMAS"},"content":{"rendered":"<div class=\"wpb-content-wrapper\"><p>[vc_row][vc_column]<div id=\"ultimate-heading-310269f5a4022926d\" class=\"uvc-heading ult-adjust-bottom-margin ultimate-heading-310269f5a4022926d uvc-1020 \" data-hspacer=\"no_spacer\"  data-halign=\"center\" style=\"text-align:center\"><div class=\"uvc-heading-spacer no_spacer\" style=\"top\"><\/div><div class=\"uvc-main-heading ult-responsive\"  data-ultimate-target='.uvc-heading.ultimate-heading-310269f5a4022926d h2'  data-responsive-json-new='{\"font-size\":\"\",\"line-height\":\"\"}' ><h2 style=\"font-weight:normal;\">REGLES SUR LA PROPRI\u00c9T\u00c9 AUX BAHAMAS, NON-BAHAMIENS<\/h2><\/div><\/div>[\/vc_column][\/vc_row][vc_row][vc_column][vc_empty_space][\/vc_column][\/vc_row][vc_row][vc_column][vc_column_text]Official Eleuthera Harbour Island vous apporte plus d&rsquo;informations sur la politique de propri\u00e9t\u00e9 \u00e0 Eleuthera.<\/p>\n<p>La politique de propri\u00e9t\u00e9 du gouvernement des Bahamas comporte tr\u00e8s peu de limitations lorsqu&rsquo;il s&rsquo;agit de l&rsquo;achat de biens immobiliers par des \u00e9trangers \u00e0 Harbour Island. En fait, afin de promouvoir la croissance et le d\u00e9veloppement \u00e9conomiques et de soutenir un climat favorable aux investissements, le gouvernement des Bahamas a mis en place la loi de 1993 sur la propri\u00e9t\u00e9 fonci\u00e8re des personnes internationales, qui permet la vente de biens immobiliers \u00e0 des non-Bahamiens.<\/p>\n<p><strong>Moins de 2 acres &#8211; usage unifamilial<\/strong><br \/>\nSi vous \u00eates un citoyen non bahamien et que vous ne poss\u00e9dez pas actuellement de propri\u00e9t\u00e9 sur l&rsquo;une des \u00eeles, vous ne devez enregistrer votre investissement aupr\u00e8s du gouvernement que si :<\/p>\n<p>1. Vous achetez moins de deux acres.<br \/>\n2. Vous achetez une maison pour une seule famille qui se trouve sur moins de deux acres de terrain.<\/p>\n<p><strong>Plus de 2 acres ou 2 acres autres qu&rsquo;\u00e0 usage unifamilial<\/strong><br \/>\nSi vous achetez une propri\u00e9t\u00e9 pour un usage autre qu&rsquo;unifamilial, ou si la propri\u00e9t\u00e9 fait plus de deux acres, vous devez demander un permis gouvernemental pour acheter la propri\u00e9t\u00e9. Ce permis est payant.[\/vc_column_text][\/vc_column][\/vc_row][vc_row][vc_column][vc_empty_space][\/vc_column][\/vc_row][vc_row][vc_column][vc_single_image image=\u00a0\u00bb62464&Prime; img_size=\u00a0\u00bb600&#215;400&Prime; alignment=\u00a0\u00bbcenter\u00a0\u00bb][\/vc_column][\/vc_row]<\/p>\n<\/div>","protected":false},"excerpt":{"rendered":"<p>[vc_row][vc_column][\/vc_column][\/vc_row][vc_row][vc_column][vc_empty_space][\/vc_column][\/vc_row][vc_row][vc_column][vc_column_text]Official Eleuthera Harbour Island vous apporte plus d&rsquo;informations sur la politique de propri\u00e9t\u00e9 \u00e0 Eleuthera. La politique de propri\u00e9t\u00e9 du gouvernement des Bahamas comporte tr\u00e8s peu de limitations lorsqu&rsquo;il s&rsquo;agit de l&rsquo;achat de biens immobiliers par des \u00e9trangers \u00e0 Harbour Island. En fait, afin de promouvoir la croissance et le d\u00e9veloppement \u00e9conomiques et de soutenir&hellip;<\/p>\n","protected":false},"author":3,"featured_media":0,"parent":65882,"menu_order":0,"comment_status":"closed","ping_status":"closed","template":"","meta":{"footnotes":""},"categories":[],"tags":[],"class_list":["post-65923","page","type-page","status-publish","hentry","description-off"],"yoast_head":"<!-- This site is optimized with the Yoast SEO Premium plugin v25.2 (Yoast SEO v27.5) - https:\/\/yoast.com\/product\/yoast-seo-premium-wordpress\/ -->\n<title>REGLES SUR LA PROPRI\u00c9T\u00c9 AUX BAHAMAS | Official Eleuthera Harbour Island<\/title>\n<meta name=\"robots\" content=\"index, follow, max-snippet:-1, max-image-preview:large, max-video-preview:-1\" \/>\n<link rel=\"canonical\" href=\"https:\/\/officialeleutheraharbourisland.com\/fr\/immobilier\/regles-sur-la-propriete-aux-bahamas\/\" \/>\n<meta property=\"og:locale\" content=\"fr_FR\" \/>\n<meta property=\"og:type\" content=\"article\" \/>\n<meta property=\"og:title\" content=\"REGLES SUR LA PROPRI\u00c9T\u00c9 AUX BAHAMAS\" \/>\n<meta property=\"og:description\" content=\"[vc_row][vc_column][\/vc_column][\/vc_row][vc_row][vc_column][vc_empty_space][\/vc_column][\/vc_row][vc_row][vc_column][vc_column_text]Official Eleuthera Harbour Island vous apporte plus d&rsquo;informations sur la politique de propri\u00e9t\u00e9 \u00e0 Eleuthera. La politique de propri\u00e9t\u00e9 du gouvernement des Bahamas comporte tr\u00e8s peu de limitations lorsqu&rsquo;il s&rsquo;agit de l&rsquo;achat de biens immobiliers par des \u00e9trangers \u00e0 Harbour Island. En fait, afin de promouvoir la croissance et le d\u00e9veloppement \u00e9conomiques et de soutenir&hellip;\" \/>\n<meta property=\"og:url\" content=\"https:\/\/officialeleutheraharbourisland.com\/fr\/immobilier\/regles-sur-la-propriete-aux-bahamas\/\" \/>\n<meta property=\"og:site_name\" content=\"Official Eleuthera Harbour Island\" \/>\n<meta property=\"article:modified_time\" content=\"2022-06-29T13:44:07+00:00\" \/>\n<meta name=\"twitter:card\" content=\"summary_large_image\" \/>\n<meta name=\"twitter:label1\" content=\"Dur\u00e9e de lecture estim\u00e9e\" \/>\n\t<meta name=\"twitter:data1\" content=\"2 minutes\" \/>\n<script type=\"application\/ld+json\" class=\"yoast-schema-graph\">{\"@context\":\"https:\\\/\\\/schema.org\",\"@graph\":[{\"@type\":\"WebPage\",\"@id\":\"https:\\\/\\\/officialeleutheraharbourisland.com\\\/fr\\\/immobilier\\\/regles-sur-la-propriete-aux-bahamas\\\/\",\"url\":\"https:\\\/\\\/officialeleutheraharbourisland.com\\\/fr\\\/immobilier\\\/regles-sur-la-propriete-aux-bahamas\\\/\",\"name\":\"REGLES SUR LA PROPRI\u00c9T\u00c9 AUX BAHAMAS | Official Eleuthera Harbour Island\",\"isPartOf\":{\"@id\":\"https:\\\/\\\/officialeleutheraharbourisland.com\\\/#website\"},\"datePublished\":\"2022-06-15T21:05:09+00:00\",\"dateModified\":\"2022-06-29T13:44:07+00:00\",\"breadcrumb\":{\"@id\":\"https:\\\/\\\/officialeleutheraharbourisland.com\\\/fr\\\/immobilier\\\/regles-sur-la-propriete-aux-bahamas\\\/#breadcrumb\"},\"inLanguage\":\"fr-FR\",\"potentialAction\":[{\"@type\":\"ReadAction\",\"target\":[\"https:\\\/\\\/officialeleutheraharbourisland.com\\\/fr\\\/immobilier\\\/regles-sur-la-propriete-aux-bahamas\\\/\"]}]},{\"@type\":\"BreadcrumbList\",\"@id\":\"https:\\\/\\\/officialeleutheraharbourisland.com\\\/fr\\\/immobilier\\\/regles-sur-la-propriete-aux-bahamas\\\/#breadcrumb\",\"itemListElement\":[{\"@type\":\"ListItem\",\"position\":1,\"name\":\"Home\",\"item\":\"https:\\\/\\\/officialeleutheraharbourisland.com\\\/fr\\\/\"},{\"@type\":\"ListItem\",\"position\":2,\"name\":\"IMMOBILIER\",\"item\":\"https:\\\/\\\/officialeleutheraharbourisland.com\\\/fr\\\/immobilier\\\/\"},{\"@type\":\"ListItem\",\"position\":3,\"name\":\"REGLES SUR LA PROPRI\u00c9T\u00c9 AUX BAHAMAS\"}]},{\"@type\":\"WebSite\",\"@id\":\"https:\\\/\\\/officialeleutheraharbourisland.com\\\/#website\",\"url\":\"https:\\\/\\\/officialeleutheraharbourisland.com\\\/\",\"name\":\"Official Eleuthera Harbour Island\",\"description\":\"Where Beauty &amp; Nature Meet\",\"publisher\":{\"@id\":\"https:\\\/\\\/officialeleutheraharbourisland.com\\\/#organization\"},\"potentialAction\":[{\"@type\":\"SearchAction\",\"target\":{\"@type\":\"EntryPoint\",\"urlTemplate\":\"https:\\\/\\\/officialeleutheraharbourisland.com\\\/?s={search_term_string}\"},\"query-input\":{\"@type\":\"PropertyValueSpecification\",\"valueRequired\":true,\"valueName\":\"search_term_string\"}}],\"inLanguage\":\"fr-FR\"},{\"@type\":\"Organization\",\"@id\":\"https:\\\/\\\/officialeleutheraharbourisland.com\\\/#organization\",\"name\":\"Official Eleuthera Harbour Island\",\"url\":\"https:\\\/\\\/officialeleutheraharbourisland.com\\\/\",\"logo\":{\"@type\":\"ImageObject\",\"inLanguage\":\"fr-FR\",\"@id\":\"https:\\\/\\\/officialeleutheraharbourisland.com\\\/#\\\/schema\\\/logo\\\/image\\\/\",\"url\":\"https:\\\/\\\/officialeleutheraharbourisland.com\\\/wp-content\\\/uploads\\\/2022\\\/03\\\/logo-new-GREY-275.png\",\"contentUrl\":\"https:\\\/\\\/officialeleutheraharbourisland.com\\\/wp-content\\\/uploads\\\/2022\\\/03\\\/logo-new-GREY-275.png\",\"width\":275,\"height\":22,\"caption\":\"Official Eleuthera Harbour Island\"},\"image\":{\"@id\":\"https:\\\/\\\/officialeleutheraharbourisland.com\\\/#\\\/schema\\\/logo\\\/image\\\/\"}}]}<\/script>\n<!-- \/ Yoast SEO Premium plugin. -->","yoast_head_json":{"title":"REGLES SUR LA PROPRI\u00c9T\u00c9 AUX BAHAMAS | Official Eleuthera Harbour Island","robots":{"index":"index","follow":"follow","max-snippet":"max-snippet:-1","max-image-preview":"max-image-preview:large","max-video-preview":"max-video-preview:-1"},"canonical":"https:\/\/officialeleutheraharbourisland.com\/fr\/immobilier\/regles-sur-la-propriete-aux-bahamas\/","og_locale":"fr_FR","og_type":"article","og_title":"REGLES SUR LA PROPRI\u00c9T\u00c9 AUX BAHAMAS","og_description":"[vc_row][vc_column][\/vc_column][\/vc_row][vc_row][vc_column][vc_empty_space][\/vc_column][\/vc_row][vc_row][vc_column][vc_column_text]Official Eleuthera Harbour Island vous apporte plus d&rsquo;informations sur la politique de propri\u00e9t\u00e9 \u00e0 Eleuthera. La politique de propri\u00e9t\u00e9 du gouvernement des Bahamas comporte tr\u00e8s peu de limitations lorsqu&rsquo;il s&rsquo;agit de l&rsquo;achat de biens immobiliers par des \u00e9trangers \u00e0 Harbour Island. En fait, afin de promouvoir la croissance et le d\u00e9veloppement \u00e9conomiques et de soutenir&hellip;","og_url":"https:\/\/officialeleutheraharbourisland.com\/fr\/immobilier\/regles-sur-la-propriete-aux-bahamas\/","og_site_name":"Official Eleuthera Harbour Island","article_modified_time":"2022-06-29T13:44:07+00:00","twitter_card":"summary_large_image","twitter_misc":{"Dur\u00e9e de lecture estim\u00e9e":"2 minutes"},"schema":{"@context":"https:\/\/schema.org","@graph":[{"@type":"WebPage","@id":"https:\/\/officialeleutheraharbourisland.com\/fr\/immobilier\/regles-sur-la-propriete-aux-bahamas\/","url":"https:\/\/officialeleutheraharbourisland.com\/fr\/immobilier\/regles-sur-la-propriete-aux-bahamas\/","name":"REGLES SUR LA PROPRI\u00c9T\u00c9 AUX BAHAMAS | Official Eleuthera Harbour Island","isPartOf":{"@id":"https:\/\/officialeleutheraharbourisland.com\/#website"},"datePublished":"2022-06-15T21:05:09+00:00","dateModified":"2022-06-29T13:44:07+00:00","breadcrumb":{"@id":"https:\/\/officialeleutheraharbourisland.com\/fr\/immobilier\/regles-sur-la-propriete-aux-bahamas\/#breadcrumb"},"inLanguage":"fr-FR","potentialAction":[{"@type":"ReadAction","target":["https:\/\/officialeleutheraharbourisland.com\/fr\/immobilier\/regles-sur-la-propriete-aux-bahamas\/"]}]},{"@type":"BreadcrumbList","@id":"https:\/\/officialeleutheraharbourisland.com\/fr\/immobilier\/regles-sur-la-propriete-aux-bahamas\/#breadcrumb","itemListElement":[{"@type":"ListItem","position":1,"name":"Home","item":"https:\/\/officialeleutheraharbourisland.com\/fr\/"},{"@type":"ListItem","position":2,"name":"IMMOBILIER","item":"https:\/\/officialeleutheraharbourisland.com\/fr\/immobilier\/"},{"@type":"ListItem","position":3,"name":"REGLES SUR LA PROPRI\u00c9T\u00c9 AUX BAHAMAS"}]},{"@type":"WebSite","@id":"https:\/\/officialeleutheraharbourisland.com\/#website","url":"https:\/\/officialeleutheraharbourisland.com\/","name":"Official Eleuthera Harbour Island","description":"Where Beauty &amp; Nature Meet","publisher":{"@id":"https:\/\/officialeleutheraharbourisland.com\/#organization"},"potentialAction":[{"@type":"SearchAction","target":{"@type":"EntryPoint","urlTemplate":"https:\/\/officialeleutheraharbourisland.com\/?s={search_term_string}"},"query-input":{"@type":"PropertyValueSpecification","valueRequired":true,"valueName":"search_term_string"}}],"inLanguage":"fr-FR"},{"@type":"Organization","@id":"https:\/\/officialeleutheraharbourisland.com\/#organization","name":"Official Eleuthera Harbour Island","url":"https:\/\/officialeleutheraharbourisland.com\/","logo":{"@type":"ImageObject","inLanguage":"fr-FR","@id":"https:\/\/officialeleutheraharbourisland.com\/#\/schema\/logo\/image\/","url":"https:\/\/officialeleutheraharbourisland.com\/wp-content\/uploads\/2022\/03\/logo-new-GREY-275.png","contentUrl":"https:\/\/officialeleutheraharbourisland.com\/wp-content\/uploads\/2022\/03\/logo-new-GREY-275.png","width":275,"height":22,"caption":"Official Eleuthera Harbour Island"},"image":{"@id":"https:\/\/officialeleutheraharbourisland.com\/#\/schema\/logo\/image\/"}}]}},"jetpack_sharing_enabled":true,"_links":{"self":[{"href":"https:\/\/officialeleutheraharbourisland.com\/fr\/wp-json\/wp\/v2\/pages\/65923","targetHints":{"allow":["GET"]}}],"collection":[{"href":"https:\/\/officialeleutheraharbourisland.com\/fr\/wp-json\/wp\/v2\/pages"}],"about":[{"href":"https:\/\/officialeleutheraharbourisland.com\/fr\/wp-json\/wp\/v2\/types\/page"}],"author":[{"embeddable":true,"href":"https:\/\/officialeleutheraharbourisland.com\/fr\/wp-json\/wp\/v2\/users\/3"}],"replies":[{"embeddable":true,"href":"https:\/\/officialeleutheraharbourisland.com\/fr\/wp-json\/wp\/v2\/comments?post=65923"}],"version-history":[{"count":2,"href":"https:\/\/officialeleutheraharbourisland.com\/fr\/wp-json\/wp\/v2\/pages\/65923\/revisions"}],"predecessor-version":[{"id":65926,"href":"https:\/\/officialeleutheraharbourisland.com\/fr\/wp-json\/wp\/v2\/pages\/65923\/revisions\/65926"}],"up":[{"embeddable":true,"href":"https:\/\/officialeleutheraharbourisland.com\/fr\/wp-json\/wp\/v2\/pages\/65882"}],"wp:attachment":[{"href":"https:\/\/officialeleutheraharbourisland.com\/fr\/wp-json\/wp\/v2\/media?parent=65923"}],"wp:term":[{"taxonomy":"category","embeddable":true,"href":"https:\/\/officialeleutheraharbourisland.com\/fr\/wp-json\/wp\/v2\/categories?post=65923"},{"taxonomy":"post_tag","embeddable":true,"href":"https:\/\/officialeleutheraharbourisland.com\/fr\/wp-json\/wp\/v2\/tags?post=65923"}],"curies":[{"name":"wp","href":"https:\/\/api.w.org\/{rel}","templated":true}]}}