{"id":65953,"date":"2022-03-27T16:01:10","date_gmt":"2022-03-27T16:01:10","guid":{"rendered":"https:\/\/officialeleutheraharbourisland.com\/bahamas-property-inspection\/"},"modified":"2022-06-29T14:08:28","modified_gmt":"2022-06-29T14:08:28","slug":"l-inspection-de-propriete-aux-bahamas","status":"publish","type":"page","link":"https:\/\/officialeleutheraharbourisland.com\/fr\/immobilier\/les-etapes-pour-acheter-une-propriete-a-eleuthera\/l-inspection-de-propriete-aux-bahamas\/","title":{"rendered":"L&rsquo;inspection de propri\u00e9t\u00e9 aux Bahamas"},"content":{"rendered":"<div class=\"wpb-content-wrapper\"><p>[vc_row css=\u00a0\u00bb.vc_custom_1648471521500{padding-bottom: 50px !important;}\u00a0\u00bb][vc_column]<div id=\"ultimate-heading-211569f5db7b78fd8\" class=\"uvc-heading ult-adjust-bottom-margin ultimate-heading-211569f5db7b78fd8 uvc-9407 \" data-hspacer=\"no_spacer\"  data-halign=\"center\" style=\"text-align:center\"><div class=\"uvc-heading-spacer no_spacer\" style=\"top\"><\/div><div class=\"uvc-main-heading ult-responsive\"  data-ultimate-target='.uvc-heading.ultimate-heading-211569f5db7b78fd8 h2'  data-responsive-json-new='{\"font-size\":\"\",\"line-height\":\"\"}' ><h2 style=\"font-weight:700;\">L'inspection de propri\u00e9t\u00e9 aux Bahamas<\/h2><\/div><div class=\"uvc-sub-heading ult-responsive\"  data-ultimate-target='.uvc-heading.ultimate-heading-211569f5db7b78fd8 .uvc-sub-heading '  data-responsive-json-new='{\"font-size\":\"\",\"line-height\":\"\"}'  style=\"font-weight:normal;margin-top:5px;margin-bottom:35px;\">IMMOBILIER &#8211; LES ETAPES POUR ACHETER<\/div><\/div>[vc_column_text css=\u00a0\u00bb.vc_custom_1656511700412{padding-bottom: 30px !important;}\u00a0\u00bb]Official Eleuthera Harbour Island vous apporte plus d&rsquo;informations sur le processus d&rsquo;inspection des propri\u00e9t\u00e9s aux Bahamas.<\/p>\n<p>Bien que cela ne soit pas obligatoire, il est important d&rsquo;avoir une inspection de la propri\u00e9t\u00e9 aux Bahamas lorsque vous achetez un bien immobilier \u00e0 Harbour Island et Eleuthera. Pourquoi ? Parce qu&rsquo;une transaction immobili\u00e8re aux Bahamas est \u00ab\u00a0caveat emptor\u00a0\u00bb, ce qui signifie que vous achetez la propri\u00e9t\u00e9 en l&rsquo;\u00e9tat. Aux Bahamas, un vendeur n&rsquo;est pas tenu de divulguer les probl\u00e8mes connus d&rsquo;une propri\u00e9t\u00e9 lors d&rsquo;une transaction immobili\u00e8re. Si la plupart des vendeurs signalent les d\u00e9fauts de la propri\u00e9t\u00e9, l&rsquo;acheteur doit n\u00e9anmoins prendre toutes les pr\u00e9cautions possibles lorsqu&rsquo;il ach\u00e8te un bien immobilier \u00e0 Harbour Island.<\/p>\n<p>Il existe d&rsquo;autres raisons pour lesquelles il est important qu&rsquo;un acheteur fasse inspecter sa propri\u00e9t\u00e9 aux Bahamas. Outre les probl\u00e8mes habituels qu&rsquo;une maison peut avoir, les termites sont un gros probl\u00e8me aux Bahamas. Les inondations sont \u00e9galement un probl\u00e8me \u00e0 certains endroits en raison de la fr\u00e9quence des temp\u00eates tropicales et des ouragans.<\/p>\n<p>Il y a plusieurs raisons pour lesquelles il est important de faire faire une inspection de la propri\u00e9t\u00e9 aux Bahamas lorsque vous achetez un bien immobilier \u00e0 Harbour Island.<\/p>\n<p><strong>Pourquoi vous devez avoir une inspection de la propri\u00e9t\u00e9 aux Bahamas :<\/strong><\/p>\n<p>&#8211; Les transactions immobili\u00e8res aux Bahamas sont \u00ab\u00a0caveat emptor\u00a0\u00bb, ce qui signifie que vous achetez en l&rsquo;\u00e9tat.<br \/>\n&#8211; Les termites sont un gros probl\u00e8me aux Bahamas.<br \/>\n&#8211; Risque d&rsquo;inondation ou dommages caus\u00e9s par les temp\u00eates tropicales et les ouragans.<br \/>\n&#8211; Construction non conforme aux normes<\/p>\n<p>[\/vc_column_text][\/vc_column][\/vc_row][vc_row css=\u00a0\u00bb.vc_custom_1648471536391{padding-bottom: 50px !important;}\u00a0\u00bb][vc_column]<style type=\"text\/css\" data-type=\"the7_shortcodes-inline-css\">.shortcode-single-image-wrap.shortcode-single-image-f30dba9ba8bb18fb16be45eb22409ca0.enable-bg-rollover .rollover i,\n.shortcode-single-image-wrap.shortcode-single-image-f30dba9ba8bb18fb16be45eb22409ca0.enable-bg-rollover .rollover-video i {\n  background: -webkit-linear-gradient();\n  background: linear-gradient();\n}\n.shortcode-single-image-wrap.shortcode-single-image-f30dba9ba8bb18fb16be45eb22409ca0 .rollover-icon {\n  font-size: 32px;\n  color: #ffffff;\n  min-width: 44px;\n  min-height: 44px;\n  line-height: 44px;\n  border-radius: 100px;\n  border-style: solid;\n  border-width: 0px;\n}\n.dt-icon-bg-on.shortcode-single-image-wrap.shortcode-single-image-f30dba9ba8bb18fb16be45eb22409ca0 .rollover-icon {\n  background: rgba(255,255,255,0.3);\n  box-shadow: none;\n}\n<\/style><div class=\"shortcode-single-image-wrap shortcode-single-image-f30dba9ba8bb18fb16be45eb22409ca0 alignnone  enable-bg-rollover dt-icon-bg-off\" style=\"margin-top:0px; margin-bottom:0px; margin-left:0px; margin-right:0px;\" data-pretty-share=\"facebook,twitter,pinterest,linkedin\"><div class=\"shortcode-single-image\"><div class=\"fancy-media-wrap  layzr-bg\" style=\"\"><img fetchpriority=\"high\" decoding=\"async\" class=\"preload-me lazy-load aspect\" src=\"data:image\/svg+xml,%3Csvg%20xmlns%3D&#39;http%3A%2F%2Fwww.w3.org%2F2000%2Fsvg&#39;%20viewBox%3D&#39;0%200%201878%20980&#39;%2F%3E\" data-src=\"https:\/\/officialeleutheraharbourisland.com\/wp-content\/uploads\/2022\/06\/property-inspection-1.jpeg\" data-srcset=\"https:\/\/officialeleutheraharbourisland.com\/wp-content\/uploads\/2022\/06\/property-inspection-1.jpeg 1878w\" loading=\"eager\" sizes=\"(max-width: 1200px) 100vw, 1200px\" width=\"1878\" height=\"980\"  data-dt-location=\"https:\/\/officialeleutheraharbourisland.com\/fr\/real-estate\/steps-to-buy-a-property-in-eleuthera\/bahamas-property-inspection\/attachment\/female-realtor-in-hallway-carrying-out-valuation-2\/\" style=\"--ratio: 1878 \/ 980;\" alt=\"Bahamas property inspection\" \/><\/div><\/div><\/div>[\/vc_column][\/vc_row][vc_row][vc_column]<style type=\"text\/css\" data-type=\"the7_shortcodes-inline-css\">.shortcode-single-image-wrap.shortcode-single-image-1bab62fe07ae625acfa11dd1376b1a11.enable-bg-rollover .rollover i,\n.shortcode-single-image-wrap.shortcode-single-image-1bab62fe07ae625acfa11dd1376b1a11.enable-bg-rollover .rollover-video i {\n  background: -webkit-linear-gradient();\n  background: linear-gradient();\n}\n.shortcode-single-image-wrap.shortcode-single-image-1bab62fe07ae625acfa11dd1376b1a11 .rollover-icon {\n  font-size: 32px;\n  color: #ffffff;\n  min-width: 44px;\n  min-height: 44px;\n  line-height: 44px;\n  border-radius: 100px;\n  border-style: solid;\n  border-width: 0px;\n}\n.dt-icon-bg-on.shortcode-single-image-wrap.shortcode-single-image-1bab62fe07ae625acfa11dd1376b1a11 .rollover-icon {\n  background: rgba(255,255,255,0.3);\n  box-shadow: none;\n}\n<\/style><div class=\"shortcode-single-image-wrap shortcode-single-image-1bab62fe07ae625acfa11dd1376b1a11 alignnone  enable-bg-rollover dt-icon-bg-off\" style=\"margin-top:0px; margin-bottom:0px; margin-left:0px; margin-right:0px; width:1200px;\" data-pretty-share=\"facebook,twitter,pinterest,linkedin\"><div class=\"shortcode-single-image\"><div class=\"fancy-media-wrap  layzr-bg\" style=\"\"><img decoding=\"async\" class=\"preload-me lazy-load aspect\" src=\"data:image\/svg+xml,%3Csvg%20xmlns%3D&#39;http%3A%2F%2Fwww.w3.org%2F2000%2Fsvg&#39;%20viewBox%3D&#39;0%200%201200%20150&#39;%2F%3E\" data-src=\"https:\/\/officialeleutheraharbourisland.com\/wp-content\/uploads\/2022\/03\/banner.jpg\" data-srcset=\"https:\/\/officialeleutheraharbourisland.com\/wp-content\/uploads\/2022\/03\/banner.jpg 1200w\" loading=\"eager\" sizes=\"(max-width: 1200px) 100vw, 1200px\" width=\"1200\" height=\"150\"  data-dt-location=\"https:\/\/officialeleutheraharbourisland.com\/fr\/about-bahamas\/attachment\/banner\/\" style=\"--ratio: 1200 \/ 150;\" alt=\"\" \/><\/div><\/div><\/div>[\/vc_column][\/vc_row]<\/p>\n<\/div>","protected":false},"excerpt":{"rendered":"<p>[vc_row css=\u00a0\u00bb.vc_custom_1648471521500{padding-bottom: 50px !important;}\u00a0\u00bb][vc_column][vc_column_text css=\u00a0\u00bb.vc_custom_1656511700412{padding-bottom: 30px !important;}\u00a0\u00bb]Official Eleuthera Harbour Island vous apporte plus d&rsquo;informations sur le processus d&rsquo;inspection des propri\u00e9t\u00e9s aux Bahamas. Bien que cela ne soit pas obligatoire, il est important d&rsquo;avoir une inspection de la propri\u00e9t\u00e9 aux Bahamas lorsque vous achetez un bien immobilier \u00e0 Harbour Island et Eleuthera. Pourquoi ? Parce qu&rsquo;une&hellip;<\/p>\n","protected":false},"author":4,"featured_media":62486,"parent":65956,"menu_order":0,"comment_status":"closed","ping_status":"closed","template":"","meta":{"footnotes":""},"categories":[],"tags":[],"class_list":["post-65953","page","type-page","status-publish","has-post-thumbnail","hentry","description-off"],"yoast_head":"<!-- This site is optimized with the Yoast SEO Premium plugin v25.2 (Yoast SEO v27.5) - https:\/\/yoast.com\/product\/yoast-seo-premium-wordpress\/ -->\n<title>L&#039;inspection de propri\u00e9t\u00e9 aux Bahamas | Official Eleuthera Harbour Island<\/title>\n<meta name=\"robots\" content=\"index, follow, max-snippet:-1, max-image-preview:large, max-video-preview:-1\" \/>\n<link rel=\"canonical\" href=\"https:\/\/officialeleutheraharbourisland.com\/fr\/immobilier\/les-etapes-pour-acheter-une-propriete-a-eleuthera\/l-inspection-de-propriete-aux-bahamas\/\" \/>\n<meta property=\"og:locale\" content=\"fr_FR\" \/>\n<meta property=\"og:type\" content=\"article\" \/>\n<meta property=\"og:title\" content=\"L&#039;inspection de propri\u00e9t\u00e9 aux Bahamas\" \/>\n<meta property=\"og:description\" content=\"[vc_row css=\u00a0\u00bb.vc_custom_1648471521500{padding-bottom: 50px !important;}\u00a0\u00bb][vc_column][vc_column_text css=\u00a0\u00bb.vc_custom_1656511700412{padding-bottom: 30px !important;}\u00a0\u00bb]Official Eleuthera Harbour Island vous apporte plus d&rsquo;informations sur le processus d&rsquo;inspection des propri\u00e9t\u00e9s aux Bahamas. Bien que cela ne soit pas obligatoire, il est important d&rsquo;avoir une inspection de la propri\u00e9t\u00e9 aux Bahamas lorsque vous achetez un bien immobilier \u00e0 Harbour Island et Eleuthera. Pourquoi ? Parce qu&rsquo;une&hellip;\" \/>\n<meta property=\"og:url\" content=\"https:\/\/officialeleutheraharbourisland.com\/fr\/immobilier\/les-etapes-pour-acheter-une-propriete-a-eleuthera\/l-inspection-de-propriete-aux-bahamas\/\" \/>\n<meta property=\"og:site_name\" content=\"Official Eleuthera Harbour Island\" \/>\n<meta property=\"article:modified_time\" content=\"2022-06-29T14:08:28+00:00\" \/>\n<meta property=\"og:image\" content=\"https:\/\/officialeleutheraharbourisland.com\/wp-content\/uploads\/2022\/06\/property-inspection.jpeg\" \/>\n\t<meta property=\"og:image:width\" content=\"1878\" \/>\n\t<meta property=\"og:image:height\" content=\"980\" \/>\n\t<meta property=\"og:image:type\" content=\"image\/jpeg\" \/>\n<meta name=\"twitter:card\" content=\"summary_large_image\" \/>\n<meta name=\"twitter:label1\" content=\"Dur\u00e9e de lecture estim\u00e9e\" \/>\n\t<meta name=\"twitter:data1\" content=\"2 minutes\" \/>\n<script type=\"application\/ld+json\" class=\"yoast-schema-graph\">{\"@context\":\"https:\\\/\\\/schema.org\",\"@graph\":[{\"@type\":\"WebPage\",\"@id\":\"https:\\\/\\\/officialeleutheraharbourisland.com\\\/fr\\\/immobilier\\\/les-etapes-pour-acheter-une-propriete-a-eleuthera\\\/l-inspection-de-propriete-aux-bahamas\\\/\",\"url\":\"https:\\\/\\\/officialeleutheraharbourisland.com\\\/fr\\\/immobilier\\\/les-etapes-pour-acheter-une-propriete-a-eleuthera\\\/l-inspection-de-propriete-aux-bahamas\\\/\",\"name\":\"L'inspection de propri\u00e9t\u00e9 aux Bahamas | Official Eleuthera Harbour Island\",\"isPartOf\":{\"@id\":\"https:\\\/\\\/officialeleutheraharbourisland.com\\\/#website\"},\"primaryImageOfPage\":{\"@id\":\"https:\\\/\\\/officialeleutheraharbourisland.com\\\/fr\\\/immobilier\\\/les-etapes-pour-acheter-une-propriete-a-eleuthera\\\/l-inspection-de-propriete-aux-bahamas\\\/#primaryimage\"},\"image\":{\"@id\":\"https:\\\/\\\/officialeleutheraharbourisland.com\\\/fr\\\/immobilier\\\/les-etapes-pour-acheter-une-propriete-a-eleuthera\\\/l-inspection-de-propriete-aux-bahamas\\\/#primaryimage\"},\"thumbnailUrl\":\"https:\\\/\\\/officialeleutheraharbourisland.com\\\/wp-content\\\/uploads\\\/2022\\\/06\\\/property-inspection.jpeg\",\"datePublished\":\"2022-03-27T16:01:10+00:00\",\"dateModified\":\"2022-06-29T14:08:28+00:00\",\"breadcrumb\":{\"@id\":\"https:\\\/\\\/officialeleutheraharbourisland.com\\\/fr\\\/immobilier\\\/les-etapes-pour-acheter-une-propriete-a-eleuthera\\\/l-inspection-de-propriete-aux-bahamas\\\/#breadcrumb\"},\"inLanguage\":\"fr-FR\",\"potentialAction\":[{\"@type\":\"ReadAction\",\"target\":[\"https:\\\/\\\/officialeleutheraharbourisland.com\\\/fr\\\/immobilier\\\/les-etapes-pour-acheter-une-propriete-a-eleuthera\\\/l-inspection-de-propriete-aux-bahamas\\\/\"]}]},{\"@type\":\"ImageObject\",\"inLanguage\":\"fr-FR\",\"@id\":\"https:\\\/\\\/officialeleutheraharbourisland.com\\\/fr\\\/immobilier\\\/les-etapes-pour-acheter-une-propriete-a-eleuthera\\\/l-inspection-de-propriete-aux-bahamas\\\/#primaryimage\",\"url\":\"https:\\\/\\\/officialeleutheraharbourisland.com\\\/wp-content\\\/uploads\\\/2022\\\/06\\\/property-inspection.jpeg\",\"contentUrl\":\"https:\\\/\\\/officialeleutheraharbourisland.com\\\/wp-content\\\/uploads\\\/2022\\\/06\\\/property-inspection.jpeg\",\"width\":1878,\"height\":980,\"caption\":\"Female Realtor In Hallway Carrying Out Valuation\"},{\"@type\":\"BreadcrumbList\",\"@id\":\"https:\\\/\\\/officialeleutheraharbourisland.com\\\/fr\\\/immobilier\\\/les-etapes-pour-acheter-une-propriete-a-eleuthera\\\/l-inspection-de-propriete-aux-bahamas\\\/#breadcrumb\",\"itemListElement\":[{\"@type\":\"ListItem\",\"position\":1,\"name\":\"Home\",\"item\":\"https:\\\/\\\/officialeleutheraharbourisland.com\\\/fr\\\/\"},{\"@type\":\"ListItem\",\"position\":2,\"name\":\"IMMOBILIER\",\"item\":\"https:\\\/\\\/officialeleutheraharbourisland.com\\\/fr\\\/immobilier\\\/\"},{\"@type\":\"ListItem\",\"position\":3,\"name\":\"Les \u00e9tapes pour acheter une propri\u00e9t\u00e9 \u00e0 Eleuthera\",\"item\":\"https:\\\/\\\/officialeleutheraharbourisland.com\\\/fr\\\/immobilier\\\/les-etapes-pour-acheter-une-propriete-a-eleuthera\\\/\"},{\"@type\":\"ListItem\",\"position\":4,\"name\":\"L&#8217;inspection de propri\u00e9t\u00e9 aux Bahamas\"}]},{\"@type\":\"WebSite\",\"@id\":\"https:\\\/\\\/officialeleutheraharbourisland.com\\\/#website\",\"url\":\"https:\\\/\\\/officialeleutheraharbourisland.com\\\/\",\"name\":\"Official Eleuthera Harbour Island\",\"description\":\"Where Beauty &amp; Nature Meet\",\"publisher\":{\"@id\":\"https:\\\/\\\/officialeleutheraharbourisland.com\\\/#organization\"},\"potentialAction\":[{\"@type\":\"SearchAction\",\"target\":{\"@type\":\"EntryPoint\",\"urlTemplate\":\"https:\\\/\\\/officialeleutheraharbourisland.com\\\/?s={search_term_string}\"},\"query-input\":{\"@type\":\"PropertyValueSpecification\",\"valueRequired\":true,\"valueName\":\"search_term_string\"}}],\"inLanguage\":\"fr-FR\"},{\"@type\":\"Organization\",\"@id\":\"https:\\\/\\\/officialeleutheraharbourisland.com\\\/#organization\",\"name\":\"Official Eleuthera Harbour Island\",\"url\":\"https:\\\/\\\/officialeleutheraharbourisland.com\\\/\",\"logo\":{\"@type\":\"ImageObject\",\"inLanguage\":\"fr-FR\",\"@id\":\"https:\\\/\\\/officialeleutheraharbourisland.com\\\/#\\\/schema\\\/logo\\\/image\\\/\",\"url\":\"https:\\\/\\\/officialeleutheraharbourisland.com\\\/wp-content\\\/uploads\\\/2022\\\/03\\\/logo-new-GREY-275.png\",\"contentUrl\":\"https:\\\/\\\/officialeleutheraharbourisland.com\\\/wp-content\\\/uploads\\\/2022\\\/03\\\/logo-new-GREY-275.png\",\"width\":275,\"height\":22,\"caption\":\"Official Eleuthera Harbour Island\"},\"image\":{\"@id\":\"https:\\\/\\\/officialeleutheraharbourisland.com\\\/#\\\/schema\\\/logo\\\/image\\\/\"}}]}<\/script>\n<!-- \/ Yoast SEO Premium plugin. -->","yoast_head_json":{"title":"L'inspection de propri\u00e9t\u00e9 aux Bahamas | Official Eleuthera Harbour Island","robots":{"index":"index","follow":"follow","max-snippet":"max-snippet:-1","max-image-preview":"max-image-preview:large","max-video-preview":"max-video-preview:-1"},"canonical":"https:\/\/officialeleutheraharbourisland.com\/fr\/immobilier\/les-etapes-pour-acheter-une-propriete-a-eleuthera\/l-inspection-de-propriete-aux-bahamas\/","og_locale":"fr_FR","og_type":"article","og_title":"L'inspection de propri\u00e9t\u00e9 aux Bahamas","og_description":"[vc_row css=\u00a0\u00bb.vc_custom_1648471521500{padding-bottom: 50px !important;}\u00a0\u00bb][vc_column][vc_column_text css=\u00a0\u00bb.vc_custom_1656511700412{padding-bottom: 30px !important;}\u00a0\u00bb]Official Eleuthera Harbour Island vous apporte plus d&rsquo;informations sur le processus d&rsquo;inspection des propri\u00e9t\u00e9s aux Bahamas. Bien que cela ne soit pas obligatoire, il est important d&rsquo;avoir une inspection de la propri\u00e9t\u00e9 aux Bahamas lorsque vous achetez un bien immobilier \u00e0 Harbour Island et Eleuthera. Pourquoi ? Parce qu&rsquo;une&hellip;","og_url":"https:\/\/officialeleutheraharbourisland.com\/fr\/immobilier\/les-etapes-pour-acheter-une-propriete-a-eleuthera\/l-inspection-de-propriete-aux-bahamas\/","og_site_name":"Official Eleuthera Harbour Island","article_modified_time":"2022-06-29T14:08:28+00:00","og_image":[{"width":1878,"height":980,"url":"https:\/\/officialeleutheraharbourisland.com\/wp-content\/uploads\/2022\/06\/property-inspection.jpeg","type":"image\/jpeg"}],"twitter_card":"summary_large_image","twitter_misc":{"Dur\u00e9e de lecture estim\u00e9e":"2 minutes"},"schema":{"@context":"https:\/\/schema.org","@graph":[{"@type":"WebPage","@id":"https:\/\/officialeleutheraharbourisland.com\/fr\/immobilier\/les-etapes-pour-acheter-une-propriete-a-eleuthera\/l-inspection-de-propriete-aux-bahamas\/","url":"https:\/\/officialeleutheraharbourisland.com\/fr\/immobilier\/les-etapes-pour-acheter-une-propriete-a-eleuthera\/l-inspection-de-propriete-aux-bahamas\/","name":"L'inspection de propri\u00e9t\u00e9 aux Bahamas | Official Eleuthera Harbour Island","isPartOf":{"@id":"https:\/\/officialeleutheraharbourisland.com\/#website"},"primaryImageOfPage":{"@id":"https:\/\/officialeleutheraharbourisland.com\/fr\/immobilier\/les-etapes-pour-acheter-une-propriete-a-eleuthera\/l-inspection-de-propriete-aux-bahamas\/#primaryimage"},"image":{"@id":"https:\/\/officialeleutheraharbourisland.com\/fr\/immobilier\/les-etapes-pour-acheter-une-propriete-a-eleuthera\/l-inspection-de-propriete-aux-bahamas\/#primaryimage"},"thumbnailUrl":"https:\/\/officialeleutheraharbourisland.com\/wp-content\/uploads\/2022\/06\/property-inspection.jpeg","datePublished":"2022-03-27T16:01:10+00:00","dateModified":"2022-06-29T14:08:28+00:00","breadcrumb":{"@id":"https:\/\/officialeleutheraharbourisland.com\/fr\/immobilier\/les-etapes-pour-acheter-une-propriete-a-eleuthera\/l-inspection-de-propriete-aux-bahamas\/#breadcrumb"},"inLanguage":"fr-FR","potentialAction":[{"@type":"ReadAction","target":["https:\/\/officialeleutheraharbourisland.com\/fr\/immobilier\/les-etapes-pour-acheter-une-propriete-a-eleuthera\/l-inspection-de-propriete-aux-bahamas\/"]}]},{"@type":"ImageObject","inLanguage":"fr-FR","@id":"https:\/\/officialeleutheraharbourisland.com\/fr\/immobilier\/les-etapes-pour-acheter-une-propriete-a-eleuthera\/l-inspection-de-propriete-aux-bahamas\/#primaryimage","url":"https:\/\/officialeleutheraharbourisland.com\/wp-content\/uploads\/2022\/06\/property-inspection.jpeg","contentUrl":"https:\/\/officialeleutheraharbourisland.com\/wp-content\/uploads\/2022\/06\/property-inspection.jpeg","width":1878,"height":980,"caption":"Female Realtor In Hallway Carrying Out Valuation"},{"@type":"BreadcrumbList","@id":"https:\/\/officialeleutheraharbourisland.com\/fr\/immobilier\/les-etapes-pour-acheter-une-propriete-a-eleuthera\/l-inspection-de-propriete-aux-bahamas\/#breadcrumb","itemListElement":[{"@type":"ListItem","position":1,"name":"Home","item":"https:\/\/officialeleutheraharbourisland.com\/fr\/"},{"@type":"ListItem","position":2,"name":"IMMOBILIER","item":"https:\/\/officialeleutheraharbourisland.com\/fr\/immobilier\/"},{"@type":"ListItem","position":3,"name":"Les \u00e9tapes pour acheter une propri\u00e9t\u00e9 \u00e0 Eleuthera","item":"https:\/\/officialeleutheraharbourisland.com\/fr\/immobilier\/les-etapes-pour-acheter-une-propriete-a-eleuthera\/"},{"@type":"ListItem","position":4,"name":"L&#8217;inspection de propri\u00e9t\u00e9 aux Bahamas"}]},{"@type":"WebSite","@id":"https:\/\/officialeleutheraharbourisland.com\/#website","url":"https:\/\/officialeleutheraharbourisland.com\/","name":"Official Eleuthera Harbour Island","description":"Where Beauty &amp; Nature Meet","publisher":{"@id":"https:\/\/officialeleutheraharbourisland.com\/#organization"},"potentialAction":[{"@type":"SearchAction","target":{"@type":"EntryPoint","urlTemplate":"https:\/\/officialeleutheraharbourisland.com\/?s={search_term_string}"},"query-input":{"@type":"PropertyValueSpecification","valueRequired":true,"valueName":"search_term_string"}}],"inLanguage":"fr-FR"},{"@type":"Organization","@id":"https:\/\/officialeleutheraharbourisland.com\/#organization","name":"Official Eleuthera Harbour Island","url":"https:\/\/officialeleutheraharbourisland.com\/","logo":{"@type":"ImageObject","inLanguage":"fr-FR","@id":"https:\/\/officialeleutheraharbourisland.com\/#\/schema\/logo\/image\/","url":"https:\/\/officialeleutheraharbourisland.com\/wp-content\/uploads\/2022\/03\/logo-new-GREY-275.png","contentUrl":"https:\/\/officialeleutheraharbourisland.com\/wp-content\/uploads\/2022\/03\/logo-new-GREY-275.png","width":275,"height":22,"caption":"Official Eleuthera Harbour Island"},"image":{"@id":"https:\/\/officialeleutheraharbourisland.com\/#\/schema\/logo\/image\/"}}]}},"jetpack_sharing_enabled":true,"_links":{"self":[{"href":"https:\/\/officialeleutheraharbourisland.com\/fr\/wp-json\/wp\/v2\/pages\/65953","targetHints":{"allow":["GET"]}}],"collection":[{"href":"https:\/\/officialeleutheraharbourisland.com\/fr\/wp-json\/wp\/v2\/pages"}],"about":[{"href":"https:\/\/officialeleutheraharbourisland.com\/fr\/wp-json\/wp\/v2\/types\/page"}],"author":[{"embeddable":true,"href":"https:\/\/officialeleutheraharbourisland.com\/fr\/wp-json\/wp\/v2\/users\/4"}],"replies":[{"embeddable":true,"href":"https:\/\/officialeleutheraharbourisland.com\/fr\/wp-json\/wp\/v2\/comments?post=65953"}],"version-history":[{"count":2,"href":"https:\/\/officialeleutheraharbourisland.com\/fr\/wp-json\/wp\/v2\/pages\/65953\/revisions"}],"predecessor-version":[{"id":66035,"href":"https:\/\/officialeleutheraharbourisland.com\/fr\/wp-json\/wp\/v2\/pages\/65953\/revisions\/66035"}],"up":[{"embeddable":true,"href":"https:\/\/officialeleutheraharbourisland.com\/fr\/wp-json\/wp\/v2\/pages\/65956"}],"wp:featuredmedia":[{"embeddable":true,"href":"https:\/\/officialeleutheraharbourisland.com\/fr\/wp-json\/wp\/v2\/media\/62486"}],"wp:attachment":[{"href":"https:\/\/officialeleutheraharbourisland.com\/fr\/wp-json\/wp\/v2\/media?parent=65953"}],"wp:term":[{"taxonomy":"category","embeddable":true,"href":"https:\/\/officialeleutheraharbourisland.com\/fr\/wp-json\/wp\/v2\/categories?post=65953"},{"taxonomy":"post_tag","embeddable":true,"href":"https:\/\/officialeleutheraharbourisland.com\/fr\/wp-json\/wp\/v2\/tags?post=65953"}],"curies":[{"name":"wp","href":"https:\/\/api.w.org\/{rel}","templated":true}]}}