{"id":65954,"date":"2022-03-27T16:01:10","date_gmt":"2022-03-27T16:01:10","guid":{"rendered":"https:\/\/officialeleutheraharbourisland.com\/hiring-a-real-estate-attorney-in-the-bahamas\/"},"modified":"2022-06-29T14:04:53","modified_gmt":"2022-06-29T14:04:53","slug":"engager-un-avocat-aux-bahamas","status":"publish","type":"page","link":"https:\/\/officialeleutheraharbourisland.com\/fr\/immobilier\/les-etapes-pour-acheter-une-propriete-a-eleuthera\/engager-un-avocat-aux-bahamas\/","title":{"rendered":"Engager un avocat aux Bahamas"},"content":{"rendered":"<div class=\"wpb-content-wrapper\"><p>[vc_row css=\u00a0\u00bb.vc_custom_1648471521500{padding-bottom: 50px !important;}\u00a0\u00bb][vc_column]<div id=\"ultimate-heading-678169e366f335d36\" class=\"uvc-heading ult-adjust-bottom-margin ultimate-heading-678169e366f335d36 uvc-5412 \" data-hspacer=\"no_spacer\"  data-halign=\"center\" style=\"text-align:center\"><div class=\"uvc-heading-spacer no_spacer\" style=\"top\"><\/div><div class=\"uvc-main-heading ult-responsive\"  data-ultimate-target='.uvc-heading.ultimate-heading-678169e366f335d36 h2'  data-responsive-json-new='{\"font-size\":\"\",\"line-height\":\"\"}' ><h2 style=\"font-weight:700;\">Engager un avocat aux Bahamas<\/h2><\/div><div class=\"uvc-sub-heading ult-responsive\"  data-ultimate-target='.uvc-heading.ultimate-heading-678169e366f335d36 .uvc-sub-heading '  data-responsive-json-new='{\"font-size\":\"\",\"line-height\":\"\"}'  style=\"font-weight:normal;margin-top:5px;margin-bottom:35px;\">IMMOBILIER &#8211; LES ETAPES POUR INVESTIR<\/div><\/div>[vc_column_text css=\u00a0\u00bb.vc_custom_1656511483915{padding-bottom: 30px !important;}\u00a0\u00bb]Official Eleuthera Harbour Island vous apporte plus d&rsquo;informations sur l&#8217;embauche d&rsquo;un avocat sp\u00e9cialis\u00e9 dans l&rsquo;immobilier aux Bahamas.<\/p>\n<p>Lors de l&rsquo;achat d&rsquo;un bien immobilier \u00e0 Harbour Island Eleuthera Bahamas, l&rsquo;acheteur et le vendeur engageront un avocat sp\u00e9cialis\u00e9 dans l&rsquo;immobilier afin de conclure la vente et l&rsquo;achat de la propri\u00e9t\u00e9. Votre avocat vous facturera des honoraires correspondant \u00e0 2,5 % du prix d&rsquo;achat. Il s&rsquo;agit d&rsquo;une commission standard pour l&rsquo;achat de biens immobiliers \u00e0 Eleuthera et Harbour Island Bahamas, qui peut sembler tr\u00e8s \u00e9lev\u00e9e par rapport aux frais d&rsquo;avocat aux \u00c9tats-Unis.<\/p>\n<p><strong>Pourquoi les honoraires de votre avocat sont-ils si \u00e9lev\u00e9s ?<\/strong><br \/>\nContrairement aux \u00c9tats-Unis, l&rsquo;obtention d&rsquo;une assurance titre est tr\u00e8s rare et est consid\u00e9r\u00e9e comme inutile aux Bahamas. Toutefois, votre avocat est charg\u00e9 d&rsquo;effectuer une recherche de titre et doit fournir un \u00ab\u00a0avis sur le titre\u00a0\u00bb sur l&rsquo;\u00e9tat du titre, qui est consid\u00e9r\u00e9 comme tout aussi pr\u00e9cieux que l&rsquo;assurance. C&rsquo;est l&rsquo;avocat qui est tenu responsable si une erreur est trouv\u00e9e dans le titre. C&rsquo;est pourquoi la loi des Bahamas exige qu&rsquo;il souscrive une assurance contre les erreurs et omissions (E&amp;O) pouvant atteindre 1 million de dollars.<\/p>\n<p><strong>Comment r\u00e9duire les frais d&rsquo;avocat:\u00a0<\/strong>Avant d&rsquo;engager un avocat, essayez de n\u00e9gocier un prix plus bas. Cela est facile \u00e0 faire lors de l&rsquo;achat de plusieurs propri\u00e9t\u00e9s ou d&rsquo;une seule propri\u00e9t\u00e9 de plus de 500 000 $.<br \/>\nEngagez un avocat sp\u00e9cialis\u00e9 dans l&rsquo;immobilier pour vous repr\u00e9senter, vous et le vendeur, ce qui est la pratique habituelle aux Bahamas.<\/p>\n<p><strong>Comment trouver un avocat:\u00a0<\/strong>Demandez \u00e0 votre agent immobilier ou \u00e0 une autre personne que vous connaissez de vous recommander un bon avocat. Assurez-vous simplement que votre recommandation provient d&rsquo;une source digne de confiance et que l&rsquo;avocat dispose d&rsquo;une couverture suffisante dans le cadre de son assurance E&amp;O pour couvrir votre achat si n\u00e9cessaire.[\/vc_column_text][\/vc_column][\/vc_row][vc_row css=\u00a0\u00bb.vc_custom_1648471536391{padding-bottom: 50px !important;}\u00a0\u00bb][vc_column]<style type=\"text\/css\" data-type=\"the7_shortcodes-inline-css\">.shortcode-single-image-wrap.shortcode-single-image-3a5da69ad7f34ecd311b4f38adbf5c27.enable-bg-rollover .rollover i,\n.shortcode-single-image-wrap.shortcode-single-image-3a5da69ad7f34ecd311b4f38adbf5c27.enable-bg-rollover .rollover-video i {\n  background: -webkit-linear-gradient();\n  background: linear-gradient();\n}\n.shortcode-single-image-wrap.shortcode-single-image-3a5da69ad7f34ecd311b4f38adbf5c27 .rollover-icon {\n  font-size: 32px;\n  color: #ffffff;\n  min-width: 44px;\n  min-height: 44px;\n  line-height: 44px;\n  border-radius: 100px;\n  border-style: solid;\n  border-width: 0px;\n}\n.dt-icon-bg-on.shortcode-single-image-wrap.shortcode-single-image-3a5da69ad7f34ecd311b4f38adbf5c27 .rollover-icon {\n  background: rgba(255,255,255,0.3);\n  box-shadow: none;\n}\n<\/style><div class=\"shortcode-single-image-wrap shortcode-single-image-3a5da69ad7f34ecd311b4f38adbf5c27 alignnone  enable-bg-rollover dt-icon-bg-off\" style=\"margin-top:0px; margin-bottom:0px; margin-left:0px; margin-right:0px;\" data-pretty-share=\"facebook,twitter,pinterest,linkedin\"><div class=\"shortcode-single-image\"><div class=\"fancy-media-wrap  layzr-bg\" style=\"\"><img fetchpriority=\"high\" decoding=\"async\" class=\"preload-me lazy-load aspect\" src=\"data:image\/svg+xml,%3Csvg%20xmlns%3D&#39;http%3A%2F%2Fwww.w3.org%2F2000%2Fsvg&#39;%20viewBox%3D&#39;0%200%201920%201280&#39;%2F%3E\" data-src=\"https:\/\/officialeleutheraharbourisland.com\/wp-content\/uploads\/2022\/06\/right-gccd3c1c1a_1920-1.jpg\" data-srcset=\"https:\/\/officialeleutheraharbourisland.com\/wp-content\/uploads\/2022\/06\/right-gccd3c1c1a_1920-1.jpg 1920w\" loading=\"eager\" sizes=\"(max-width: 1200px) 100vw, 1200px\" width=\"1920\" height=\"1280\"  data-dt-location=\"https:\/\/officialeleutheraharbourisland.com\/fr\/real-estate\/steps-to-buy-a-property-in-eleuthera\/hiring-a-real-estate-attorney-in-the-bahamas\/attachment\/right-gccd3c1c1a_1920-2\/\" style=\"--ratio: 1920 \/ 1280;\" alt=\"Hiring a real estate attorney in The Bahamas\" \/><\/div><\/div><\/div>[\/vc_column][\/vc_row][vc_row][vc_column]<style type=\"text\/css\" data-type=\"the7_shortcodes-inline-css\">.shortcode-single-image-wrap.shortcode-single-image-1bab62fe07ae625acfa11dd1376b1a11.enable-bg-rollover .rollover i,\n.shortcode-single-image-wrap.shortcode-single-image-1bab62fe07ae625acfa11dd1376b1a11.enable-bg-rollover .rollover-video i {\n  background: -webkit-linear-gradient();\n  background: linear-gradient();\n}\n.shortcode-single-image-wrap.shortcode-single-image-1bab62fe07ae625acfa11dd1376b1a11 .rollover-icon {\n  font-size: 32px;\n  color: #ffffff;\n  min-width: 44px;\n  min-height: 44px;\n  line-height: 44px;\n  border-radius: 100px;\n  border-style: solid;\n  border-width: 0px;\n}\n.dt-icon-bg-on.shortcode-single-image-wrap.shortcode-single-image-1bab62fe07ae625acfa11dd1376b1a11 .rollover-icon {\n  background: rgba(255,255,255,0.3);\n  box-shadow: none;\n}\n<\/style><div class=\"shortcode-single-image-wrap shortcode-single-image-1bab62fe07ae625acfa11dd1376b1a11 alignnone  enable-bg-rollover dt-icon-bg-off\" style=\"margin-top:0px; margin-bottom:0px; margin-left:0px; margin-right:0px; width:1200px;\" data-pretty-share=\"facebook,twitter,pinterest,linkedin\"><div class=\"shortcode-single-image\"><div class=\"fancy-media-wrap  layzr-bg\" style=\"\"><img decoding=\"async\" class=\"preload-me lazy-load aspect\" src=\"data:image\/svg+xml,%3Csvg%20xmlns%3D&#39;http%3A%2F%2Fwww.w3.org%2F2000%2Fsvg&#39;%20viewBox%3D&#39;0%200%201200%20150&#39;%2F%3E\" data-src=\"https:\/\/officialeleutheraharbourisland.com\/wp-content\/uploads\/2022\/03\/banner.jpg\" data-srcset=\"https:\/\/officialeleutheraharbourisland.com\/wp-content\/uploads\/2022\/03\/banner.jpg 1200w\" loading=\"eager\" sizes=\"(max-width: 1200px) 100vw, 1200px\" width=\"1200\" height=\"150\"  data-dt-location=\"https:\/\/officialeleutheraharbourisland.com\/fr\/about-bahamas\/attachment\/banner\/\" style=\"--ratio: 1200 \/ 150;\" alt=\"\" \/><\/div><\/div><\/div>[\/vc_column][\/vc_row]<\/p>\n<\/div>","protected":false},"excerpt":{"rendered":"<p>[vc_row css=\u00a0\u00bb.vc_custom_1648471521500{padding-bottom: 50px !important;}\u00a0\u00bb][vc_column][vc_column_text css=\u00a0\u00bb.vc_custom_1656511483915{padding-bottom: 30px !important;}\u00a0\u00bb]Official Eleuthera Harbour Island vous apporte plus d&rsquo;informations sur l&#8217;embauche d&rsquo;un avocat sp\u00e9cialis\u00e9 dans l&rsquo;immobilier aux Bahamas. Lors de l&rsquo;achat d&rsquo;un bien immobilier \u00e0 Harbour Island Eleuthera Bahamas, l&rsquo;acheteur et le vendeur engageront un avocat sp\u00e9cialis\u00e9 dans l&rsquo;immobilier afin de conclure la vente et l&rsquo;achat de la propri\u00e9t\u00e9. Votre&hellip;<\/p>\n","protected":false},"author":4,"featured_media":62478,"parent":65956,"menu_order":0,"comment_status":"closed","ping_status":"closed","template":"","meta":{"footnotes":""},"categories":[],"tags":[],"class_list":["post-65954","page","type-page","status-publish","has-post-thumbnail","hentry","description-off"],"yoast_head":"<!-- This site is optimized with the Yoast SEO Premium plugin v25.2 (Yoast SEO v27.4) - https:\/\/yoast.com\/product\/yoast-seo-premium-wordpress\/ -->\n<title>Engager un avocat aux Bahamas | Official Eleuthera Harbour Island<\/title>\n<meta name=\"robots\" content=\"index, follow, max-snippet:-1, max-image-preview:large, max-video-preview:-1\" \/>\n<link rel=\"canonical\" href=\"https:\/\/officialeleutheraharbourisland.com\/fr\/immobilier\/les-etapes-pour-acheter-une-propriete-a-eleuthera\/engager-un-avocat-aux-bahamas\/\" \/>\n<meta property=\"og:locale\" content=\"fr_FR\" \/>\n<meta property=\"og:type\" content=\"article\" \/>\n<meta property=\"og:title\" content=\"Engager un avocat aux Bahamas\" \/>\n<meta property=\"og:description\" content=\"[vc_row css=\u00a0\u00bb.vc_custom_1648471521500{padding-bottom: 50px !important;}\u00a0\u00bb][vc_column][vc_column_text css=\u00a0\u00bb.vc_custom_1656511483915{padding-bottom: 30px !important;}\u00a0\u00bb]Official Eleuthera Harbour Island vous apporte plus d&rsquo;informations sur l&#8217;embauche d&rsquo;un avocat sp\u00e9cialis\u00e9 dans l&rsquo;immobilier aux Bahamas. Lors de l&rsquo;achat d&rsquo;un bien immobilier \u00e0 Harbour Island Eleuthera Bahamas, l&rsquo;acheteur et le vendeur engageront un avocat sp\u00e9cialis\u00e9 dans l&rsquo;immobilier afin de conclure la vente et l&rsquo;achat de la propri\u00e9t\u00e9. Votre&hellip;\" \/>\n<meta property=\"og:url\" content=\"https:\/\/officialeleutheraharbourisland.com\/fr\/immobilier\/les-etapes-pour-acheter-une-propriete-a-eleuthera\/engager-un-avocat-aux-bahamas\/\" \/>\n<meta property=\"og:site_name\" content=\"Official Eleuthera Harbour Island\" \/>\n<meta property=\"article:modified_time\" content=\"2022-06-29T14:04:53+00:00\" \/>\n<meta property=\"og:image\" content=\"https:\/\/officialeleutheraharbourisland.com\/wp-content\/uploads\/2022\/06\/right-gccd3c1c1a_1920.jpg\" \/>\n\t<meta property=\"og:image:width\" content=\"1920\" \/>\n\t<meta property=\"og:image:height\" content=\"1280\" \/>\n\t<meta property=\"og:image:type\" content=\"image\/jpeg\" \/>\n<meta name=\"twitter:card\" content=\"summary_large_image\" \/>\n<meta name=\"twitter:label1\" content=\"Dur\u00e9e de lecture estim\u00e9e\" \/>\n\t<meta name=\"twitter:data1\" content=\"2 minutes\" \/>\n<script type=\"application\/ld+json\" class=\"yoast-schema-graph\">{\"@context\":\"https:\\\/\\\/schema.org\",\"@graph\":[{\"@type\":\"WebPage\",\"@id\":\"https:\\\/\\\/officialeleutheraharbourisland.com\\\/fr\\\/immobilier\\\/les-etapes-pour-acheter-une-propriete-a-eleuthera\\\/engager-un-avocat-aux-bahamas\\\/\",\"url\":\"https:\\\/\\\/officialeleutheraharbourisland.com\\\/fr\\\/immobilier\\\/les-etapes-pour-acheter-une-propriete-a-eleuthera\\\/engager-un-avocat-aux-bahamas\\\/\",\"name\":\"Engager un avocat aux Bahamas | Official Eleuthera Harbour Island\",\"isPartOf\":{\"@id\":\"https:\\\/\\\/officialeleutheraharbourisland.com\\\/#website\"},\"primaryImageOfPage\":{\"@id\":\"https:\\\/\\\/officialeleutheraharbourisland.com\\\/fr\\\/immobilier\\\/les-etapes-pour-acheter-une-propriete-a-eleuthera\\\/engager-un-avocat-aux-bahamas\\\/#primaryimage\"},\"image\":{\"@id\":\"https:\\\/\\\/officialeleutheraharbourisland.com\\\/fr\\\/immobilier\\\/les-etapes-pour-acheter-une-propriete-a-eleuthera\\\/engager-un-avocat-aux-bahamas\\\/#primaryimage\"},\"thumbnailUrl\":\"https:\\\/\\\/officialeleutheraharbourisland.com\\\/wp-content\\\/uploads\\\/2022\\\/06\\\/right-gccd3c1c1a_1920.jpg\",\"datePublished\":\"2022-03-27T16:01:10+00:00\",\"dateModified\":\"2022-06-29T14:04:53+00:00\",\"breadcrumb\":{\"@id\":\"https:\\\/\\\/officialeleutheraharbourisland.com\\\/fr\\\/immobilier\\\/les-etapes-pour-acheter-une-propriete-a-eleuthera\\\/engager-un-avocat-aux-bahamas\\\/#breadcrumb\"},\"inLanguage\":\"fr-FR\",\"potentialAction\":[{\"@type\":\"ReadAction\",\"target\":[\"https:\\\/\\\/officialeleutheraharbourisland.com\\\/fr\\\/immobilier\\\/les-etapes-pour-acheter-une-propriete-a-eleuthera\\\/engager-un-avocat-aux-bahamas\\\/\"]}]},{\"@type\":\"ImageObject\",\"inLanguage\":\"fr-FR\",\"@id\":\"https:\\\/\\\/officialeleutheraharbourisland.com\\\/fr\\\/immobilier\\\/les-etapes-pour-acheter-une-propriete-a-eleuthera\\\/engager-un-avocat-aux-bahamas\\\/#primaryimage\",\"url\":\"https:\\\/\\\/officialeleutheraharbourisland.com\\\/wp-content\\\/uploads\\\/2022\\\/06\\\/right-gccd3c1c1a_1920.jpg\",\"contentUrl\":\"https:\\\/\\\/officialeleutheraharbourisland.com\\\/wp-content\\\/uploads\\\/2022\\\/06\\\/right-gccd3c1c1a_1920.jpg\",\"width\":1920,\"height\":1280,\"caption\":\"Hiring a real estate attorney in The Bahamas\"},{\"@type\":\"BreadcrumbList\",\"@id\":\"https:\\\/\\\/officialeleutheraharbourisland.com\\\/fr\\\/immobilier\\\/les-etapes-pour-acheter-une-propriete-a-eleuthera\\\/engager-un-avocat-aux-bahamas\\\/#breadcrumb\",\"itemListElement\":[{\"@type\":\"ListItem\",\"position\":1,\"name\":\"Home\",\"item\":\"https:\\\/\\\/officialeleutheraharbourisland.com\\\/fr\\\/\"},{\"@type\":\"ListItem\",\"position\":2,\"name\":\"IMMOBILIER\",\"item\":\"https:\\\/\\\/officialeleutheraharbourisland.com\\\/fr\\\/immobilier\\\/\"},{\"@type\":\"ListItem\",\"position\":3,\"name\":\"Les \u00e9tapes pour acheter une propri\u00e9t\u00e9 \u00e0 Eleuthera\",\"item\":\"https:\\\/\\\/officialeleutheraharbourisland.com\\\/fr\\\/immobilier\\\/les-etapes-pour-acheter-une-propriete-a-eleuthera\\\/\"},{\"@type\":\"ListItem\",\"position\":4,\"name\":\"Engager un avocat aux Bahamas\"}]},{\"@type\":\"WebSite\",\"@id\":\"https:\\\/\\\/officialeleutheraharbourisland.com\\\/#website\",\"url\":\"https:\\\/\\\/officialeleutheraharbourisland.com\\\/\",\"name\":\"Official Eleuthera Harbour Island\",\"description\":\"Where Beauty &amp; Nature Meet\",\"publisher\":{\"@id\":\"https:\\\/\\\/officialeleutheraharbourisland.com\\\/#organization\"},\"potentialAction\":[{\"@type\":\"SearchAction\",\"target\":{\"@type\":\"EntryPoint\",\"urlTemplate\":\"https:\\\/\\\/officialeleutheraharbourisland.com\\\/?s={search_term_string}\"},\"query-input\":{\"@type\":\"PropertyValueSpecification\",\"valueRequired\":true,\"valueName\":\"search_term_string\"}}],\"inLanguage\":\"fr-FR\"},{\"@type\":\"Organization\",\"@id\":\"https:\\\/\\\/officialeleutheraharbourisland.com\\\/#organization\",\"name\":\"Official Eleuthera Harbour Island\",\"url\":\"https:\\\/\\\/officialeleutheraharbourisland.com\\\/\",\"logo\":{\"@type\":\"ImageObject\",\"inLanguage\":\"fr-FR\",\"@id\":\"https:\\\/\\\/officialeleutheraharbourisland.com\\\/#\\\/schema\\\/logo\\\/image\\\/\",\"url\":\"https:\\\/\\\/officialeleutheraharbourisland.com\\\/wp-content\\\/uploads\\\/2022\\\/03\\\/logo-new-GREY-275.png\",\"contentUrl\":\"https:\\\/\\\/officialeleutheraharbourisland.com\\\/wp-content\\\/uploads\\\/2022\\\/03\\\/logo-new-GREY-275.png\",\"width\":275,\"height\":22,\"caption\":\"Official Eleuthera Harbour Island\"},\"image\":{\"@id\":\"https:\\\/\\\/officialeleutheraharbourisland.com\\\/#\\\/schema\\\/logo\\\/image\\\/\"}}]}<\/script>\n<!-- \/ Yoast SEO Premium plugin. -->","yoast_head_json":{"title":"Engager un avocat aux Bahamas | Official Eleuthera Harbour Island","robots":{"index":"index","follow":"follow","max-snippet":"max-snippet:-1","max-image-preview":"max-image-preview:large","max-video-preview":"max-video-preview:-1"},"canonical":"https:\/\/officialeleutheraharbourisland.com\/fr\/immobilier\/les-etapes-pour-acheter-une-propriete-a-eleuthera\/engager-un-avocat-aux-bahamas\/","og_locale":"fr_FR","og_type":"article","og_title":"Engager un avocat aux Bahamas","og_description":"[vc_row css=\u00a0\u00bb.vc_custom_1648471521500{padding-bottom: 50px !important;}\u00a0\u00bb][vc_column][vc_column_text css=\u00a0\u00bb.vc_custom_1656511483915{padding-bottom: 30px !important;}\u00a0\u00bb]Official Eleuthera Harbour Island vous apporte plus d&rsquo;informations sur l&#8217;embauche d&rsquo;un avocat sp\u00e9cialis\u00e9 dans l&rsquo;immobilier aux Bahamas. Lors de l&rsquo;achat d&rsquo;un bien immobilier \u00e0 Harbour Island Eleuthera Bahamas, l&rsquo;acheteur et le vendeur engageront un avocat sp\u00e9cialis\u00e9 dans l&rsquo;immobilier afin de conclure la vente et l&rsquo;achat de la propri\u00e9t\u00e9. Votre&hellip;","og_url":"https:\/\/officialeleutheraharbourisland.com\/fr\/immobilier\/les-etapes-pour-acheter-une-propriete-a-eleuthera\/engager-un-avocat-aux-bahamas\/","og_site_name":"Official Eleuthera Harbour Island","article_modified_time":"2022-06-29T14:04:53+00:00","og_image":[{"width":1920,"height":1280,"url":"https:\/\/officialeleutheraharbourisland.com\/wp-content\/uploads\/2022\/06\/right-gccd3c1c1a_1920.jpg","type":"image\/jpeg"}],"twitter_card":"summary_large_image","twitter_misc":{"Dur\u00e9e de lecture estim\u00e9e":"2 minutes"},"schema":{"@context":"https:\/\/schema.org","@graph":[{"@type":"WebPage","@id":"https:\/\/officialeleutheraharbourisland.com\/fr\/immobilier\/les-etapes-pour-acheter-une-propriete-a-eleuthera\/engager-un-avocat-aux-bahamas\/","url":"https:\/\/officialeleutheraharbourisland.com\/fr\/immobilier\/les-etapes-pour-acheter-une-propriete-a-eleuthera\/engager-un-avocat-aux-bahamas\/","name":"Engager un avocat aux Bahamas | Official Eleuthera Harbour Island","isPartOf":{"@id":"https:\/\/officialeleutheraharbourisland.com\/#website"},"primaryImageOfPage":{"@id":"https:\/\/officialeleutheraharbourisland.com\/fr\/immobilier\/les-etapes-pour-acheter-une-propriete-a-eleuthera\/engager-un-avocat-aux-bahamas\/#primaryimage"},"image":{"@id":"https:\/\/officialeleutheraharbourisland.com\/fr\/immobilier\/les-etapes-pour-acheter-une-propriete-a-eleuthera\/engager-un-avocat-aux-bahamas\/#primaryimage"},"thumbnailUrl":"https:\/\/officialeleutheraharbourisland.com\/wp-content\/uploads\/2022\/06\/right-gccd3c1c1a_1920.jpg","datePublished":"2022-03-27T16:01:10+00:00","dateModified":"2022-06-29T14:04:53+00:00","breadcrumb":{"@id":"https:\/\/officialeleutheraharbourisland.com\/fr\/immobilier\/les-etapes-pour-acheter-une-propriete-a-eleuthera\/engager-un-avocat-aux-bahamas\/#breadcrumb"},"inLanguage":"fr-FR","potentialAction":[{"@type":"ReadAction","target":["https:\/\/officialeleutheraharbourisland.com\/fr\/immobilier\/les-etapes-pour-acheter-une-propriete-a-eleuthera\/engager-un-avocat-aux-bahamas\/"]}]},{"@type":"ImageObject","inLanguage":"fr-FR","@id":"https:\/\/officialeleutheraharbourisland.com\/fr\/immobilier\/les-etapes-pour-acheter-une-propriete-a-eleuthera\/engager-un-avocat-aux-bahamas\/#primaryimage","url":"https:\/\/officialeleutheraharbourisland.com\/wp-content\/uploads\/2022\/06\/right-gccd3c1c1a_1920.jpg","contentUrl":"https:\/\/officialeleutheraharbourisland.com\/wp-content\/uploads\/2022\/06\/right-gccd3c1c1a_1920.jpg","width":1920,"height":1280,"caption":"Hiring a real estate attorney in The Bahamas"},{"@type":"BreadcrumbList","@id":"https:\/\/officialeleutheraharbourisland.com\/fr\/immobilier\/les-etapes-pour-acheter-une-propriete-a-eleuthera\/engager-un-avocat-aux-bahamas\/#breadcrumb","itemListElement":[{"@type":"ListItem","position":1,"name":"Home","item":"https:\/\/officialeleutheraharbourisland.com\/fr\/"},{"@type":"ListItem","position":2,"name":"IMMOBILIER","item":"https:\/\/officialeleutheraharbourisland.com\/fr\/immobilier\/"},{"@type":"ListItem","position":3,"name":"Les \u00e9tapes pour acheter une propri\u00e9t\u00e9 \u00e0 Eleuthera","item":"https:\/\/officialeleutheraharbourisland.com\/fr\/immobilier\/les-etapes-pour-acheter-une-propriete-a-eleuthera\/"},{"@type":"ListItem","position":4,"name":"Engager un avocat aux Bahamas"}]},{"@type":"WebSite","@id":"https:\/\/officialeleutheraharbourisland.com\/#website","url":"https:\/\/officialeleutheraharbourisland.com\/","name":"Official Eleuthera Harbour Island","description":"Where Beauty &amp; Nature Meet","publisher":{"@id":"https:\/\/officialeleutheraharbourisland.com\/#organization"},"potentialAction":[{"@type":"SearchAction","target":{"@type":"EntryPoint","urlTemplate":"https:\/\/officialeleutheraharbourisland.com\/?s={search_term_string}"},"query-input":{"@type":"PropertyValueSpecification","valueRequired":true,"valueName":"search_term_string"}}],"inLanguage":"fr-FR"},{"@type":"Organization","@id":"https:\/\/officialeleutheraharbourisland.com\/#organization","name":"Official Eleuthera Harbour Island","url":"https:\/\/officialeleutheraharbourisland.com\/","logo":{"@type":"ImageObject","inLanguage":"fr-FR","@id":"https:\/\/officialeleutheraharbourisland.com\/#\/schema\/logo\/image\/","url":"https:\/\/officialeleutheraharbourisland.com\/wp-content\/uploads\/2022\/03\/logo-new-GREY-275.png","contentUrl":"https:\/\/officialeleutheraharbourisland.com\/wp-content\/uploads\/2022\/03\/logo-new-GREY-275.png","width":275,"height":22,"caption":"Official Eleuthera Harbour Island"},"image":{"@id":"https:\/\/officialeleutheraharbourisland.com\/#\/schema\/logo\/image\/"}}]}},"jetpack_sharing_enabled":true,"_links":{"self":[{"href":"https:\/\/officialeleutheraharbourisland.com\/fr\/wp-json\/wp\/v2\/pages\/65954","targetHints":{"allow":["GET"]}}],"collection":[{"href":"https:\/\/officialeleutheraharbourisland.com\/fr\/wp-json\/wp\/v2\/pages"}],"about":[{"href":"https:\/\/officialeleutheraharbourisland.com\/fr\/wp-json\/wp\/v2\/types\/page"}],"author":[{"embeddable":true,"href":"https:\/\/officialeleutheraharbourisland.com\/fr\/wp-json\/wp\/v2\/users\/4"}],"replies":[{"embeddable":true,"href":"https:\/\/officialeleutheraharbourisland.com\/fr\/wp-json\/wp\/v2\/comments?post=65954"}],"version-history":[{"count":2,"href":"https:\/\/officialeleutheraharbourisland.com\/fr\/wp-json\/wp\/v2\/pages\/65954\/revisions"}],"predecessor-version":[{"id":66008,"href":"https:\/\/officialeleutheraharbourisland.com\/fr\/wp-json\/wp\/v2\/pages\/65954\/revisions\/66008"}],"up":[{"embeddable":true,"href":"https:\/\/officialeleutheraharbourisland.com\/fr\/wp-json\/wp\/v2\/pages\/65956"}],"wp:featuredmedia":[{"embeddable":true,"href":"https:\/\/officialeleutheraharbourisland.com\/fr\/wp-json\/wp\/v2\/media\/62478"}],"wp:attachment":[{"href":"https:\/\/officialeleutheraharbourisland.com\/fr\/wp-json\/wp\/v2\/media?parent=65954"}],"wp:term":[{"taxonomy":"category","embeddable":true,"href":"https:\/\/officialeleutheraharbourisland.com\/fr\/wp-json\/wp\/v2\/categories?post=65954"},{"taxonomy":"post_tag","embeddable":true,"href":"https:\/\/officialeleutheraharbourisland.com\/fr\/wp-json\/wp\/v2\/tags?post=65954"}],"curies":[{"name":"wp","href":"https:\/\/api.w.org\/{rel}","templated":true}]}}