{"id":65956,"date":"2022-06-15T21:05:09","date_gmt":"2022-06-15T21:05:09","guid":{"rendered":"https:\/\/officialeleutheraharbourisland.com\/immobilier\/steps-to-buy-a-property-in-eleuthera\/"},"modified":"2022-06-29T14:09:02","modified_gmt":"2022-06-29T14:09:02","slug":"les-etapes-pour-acheter-une-propriete-a-eleuthera","status":"publish","type":"page","link":"https:\/\/officialeleutheraharbourisland.com\/fr\/immobilier\/les-etapes-pour-acheter-une-propriete-a-eleuthera\/","title":{"rendered":"Les \u00e9tapes pour acheter une propri\u00e9t\u00e9 \u00e0 Eleuthera"},"content":{"rendered":"<p>Official Eleuthera Harbour Island vous apporte plus d&rsquo;informations sur les \u00e9tapes de l&rsquo;achat d&rsquo;une propri\u00e9t\u00e9 \u00e0 Eleuthera.<\/p>\n<p>Les \u00e9tapes de l&rsquo;achat d&rsquo;une propri\u00e9t\u00e9 \u00e0 Harbour Island et Eleuthera Bahamas sont tr\u00e8s similaires au processus d&rsquo;achat d&rsquo;une maison aux \u00c9tats-Unis. Les agents immobiliers de Harbour Island et d&rsquo;Eleuthera mettent en contact les acheteurs et les vendeurs, tandis que les avocats pr\u00e9parent les contrats d&rsquo;achat et s&rsquo;occupent des cl\u00f4tures.<\/p>\n<p>1.\u00a0 Trouvez un agent immobilier d&rsquo;Eleuthera ou de Harbour Island avec lequel travailler, qui habite sur l&rsquo;\u00eele ou qui conna\u00eet tr\u00e8s bien le march\u00e9 immobilier de l&rsquo;\u00eele.<\/p>\n<p>2.\u00a0 Dressez une liste des caract\u00e9ristiques que vous devez avoir dans votre maison et de ce que vous ne voulez pas et assurez-vous de les communiquer \u00e0 votre agent.<\/p>\n<p>3.\u00a0 Pr\u00e9voyez de prendre l&rsquo;avion pour l&rsquo;\u00eele et de passer un jour ou deux \u00e0 visiter des propri\u00e9t\u00e9s avec votre agent. Bien qu&rsquo;il existe un syst\u00e8me MLS aux Bahamas, vous constaterez que de nombreuses propri\u00e9t\u00e9s \u00e0 vendre n&rsquo;y figurent pas. Vous pouvez en savoir plus \u00e0 ce sujet en cliquant sur &#8230;.Bahamas MLS system.<\/p>\n<p>4.\u00a0 Une fois que vous avez trouv\u00e9 la propri\u00e9t\u00e9 que vous souhaitez acheter, votre agent vous soumet une offre verbale qui est soit accept\u00e9e, soit n\u00e9goci\u00e9e.<\/p>\n<p>5.\u00a0 Si vous ne l&rsquo;avez pas encore fait, une fois l&rsquo;offre accept\u00e9e, vous devrez <a href=\"https:\/\/officialeleutheraharbourisland.com\/fr\/immobilier\/les-etapes-pour-acheter-une-propriete-a-eleuthera\/engager-un-avocat-aux-bahamas\/\">engager un avocat sp\u00e9cialis\u00e9<\/a> dans l&rsquo;immobilier. Votre avocat pr\u00e9parera alors un contrat de vente avec l&rsquo;avocat du vendeur, qui d\u00e9taillera tous les aspects de la transaction.<\/p>\n<p>6.\u00a0 Un d\u00e9p\u00f4t de 10 % est exig\u00e9 au moment de la signature du contrat de vente. Vous pouvez remettre le d\u00e9p\u00f4t \u00e0 votre avocat qui l&rsquo;enverra \u00e0 l&rsquo;avocat du vendeur pour qu&rsquo;il soit conserv\u00e9 sur le compte de fonds du client en attendant la conclusion de la transaction. Les services de d\u00e9p\u00f4t fiduciaire ne sont pas utilis\u00e9s aux Bahamas.<\/p>\n<p>7.\u00a0 \u00a0L&rsquo;acheteur et le vendeur signent tous deux le contrat de vente.<\/p>\n<p>8.\u00a0 Votre avocat enverra votre d\u00e9p\u00f4t \u00e0 l&rsquo;avocat du vendeur, o\u00f9 il sera conserv\u00e9 sur le compte de fonds du client en attendant la conclusion de l&rsquo;affaire. Aux Bahamas, les services de s\u00e9questre ne sont pas utilis\u00e9s.<\/p>\n<p>9.\u00a0 Terminez toutes les \u00e9ventualit\u00e9s, y compris <a href=\"https:\/\/officialeleutheraharbourisland.com\/fr\/immobilier\/les-etapes-pour-acheter-une-propriete-a-eleuthera\/l-inspection-de-\u2026iete-aux-bahamas\/\">l&rsquo;inspection de la propri\u00e9t\u00e9.<\/a><\/p>\n<p>10.\u00a0 Votre avocat vous aidera \u00e0 remplir et \u00e0 soumettre le certificat d&rsquo;enregistrement du Bahamas Foreign Investment Board.<\/p>\n<p>11.\u00a0 Vous pouvez maintenant conclure l&rsquo;achat de la propri\u00e9t\u00e9, et si vous le souhaitez, vous n&rsquo;avez pas besoin d&rsquo;\u00eatre pr\u00e9sent. Vous pouvez donner tous les frais de cl\u00f4ture requis \u00e0 votre avocat et il effectuera la cl\u00f4ture pour vous.<\/p>\n<p>12.\u00a0 Avec l&rsquo;aide de votre avocat, vous devrez pr\u00e9parer la d\u00e9claration de biens immobiliers afin que votre nouvelle propri\u00e9t\u00e9 soit \u00e9valu\u00e9e pour les imp\u00f4ts fonciers.<\/p>\n","protected":false},"excerpt":{"rendered":"<p>Official Eleuthera Harbour Island vous apporte plus d&rsquo;informations sur les \u00e9tapes de l&rsquo;achat d&rsquo;une propri\u00e9t\u00e9 \u00e0 Eleuthera. Les \u00e9tapes de l&rsquo;achat d&rsquo;une propri\u00e9t\u00e9 \u00e0 Harbour Island et Eleuthera Bahamas sont tr\u00e8s similaires au processus d&rsquo;achat d&rsquo;une maison aux \u00c9tats-Unis. Les agents immobiliers de Harbour Island et d&rsquo;Eleuthera mettent en contact les acheteurs et les vendeurs,&hellip;<\/p>\n","protected":false},"author":3,"featured_media":0,"parent":65882,"menu_order":0,"comment_status":"closed","ping_status":"closed","template":"","meta":{"footnotes":""},"categories":[],"tags":[],"class_list":["post-65956","page","type-page","status-publish","hentry","description-off"],"yoast_head":"<!-- This site is optimized with the Yoast SEO Premium plugin v25.2 (Yoast SEO v27.5) - https:\/\/yoast.com\/product\/yoast-seo-premium-wordpress\/ -->\n<title>Les \u00e9tapes pour acheter une propri\u00e9t\u00e9 \u00e0 Eleuthera | Official Eleuthera Harbour Island<\/title>\n<meta name=\"robots\" content=\"index, follow, max-snippet:-1, max-image-preview:large, max-video-preview:-1\" \/>\n<link rel=\"canonical\" href=\"https:\/\/officialeleutheraharbourisland.com\/fr\/immobilier\/les-etapes-pour-acheter-une-propriete-a-eleuthera\/\" \/>\n<meta property=\"og:locale\" content=\"fr_FR\" \/>\n<meta property=\"og:type\" content=\"article\" \/>\n<meta property=\"og:title\" content=\"Les \u00e9tapes pour acheter une propri\u00e9t\u00e9 \u00e0 Eleuthera\" \/>\n<meta property=\"og:description\" content=\"Official Eleuthera Harbour Island vous apporte plus d&rsquo;informations sur les \u00e9tapes de l&rsquo;achat d&rsquo;une propri\u00e9t\u00e9 \u00e0 Eleuthera. Les \u00e9tapes de l&rsquo;achat d&rsquo;une propri\u00e9t\u00e9 \u00e0 Harbour Island et Eleuthera Bahamas sont tr\u00e8s similaires au processus d&rsquo;achat d&rsquo;une maison aux \u00c9tats-Unis. Les agents immobiliers de Harbour Island et d&rsquo;Eleuthera mettent en contact les acheteurs et les vendeurs,&hellip;\" \/>\n<meta property=\"og:url\" content=\"https:\/\/officialeleutheraharbourisland.com\/fr\/immobilier\/les-etapes-pour-acheter-une-propriete-a-eleuthera\/\" \/>\n<meta property=\"og:site_name\" content=\"Official Eleuthera Harbour Island\" \/>\n<meta property=\"article:modified_time\" content=\"2022-06-29T14:09:02+00:00\" \/>\n<meta name=\"twitter:card\" content=\"summary_large_image\" \/>\n<meta name=\"twitter:label1\" content=\"Dur\u00e9e de lecture estim\u00e9e\" \/>\n\t<meta name=\"twitter:data1\" content=\"3 minutes\" \/>\n<script type=\"application\/ld+json\" class=\"yoast-schema-graph\">{\"@context\":\"https:\\\/\\\/schema.org\",\"@graph\":[{\"@type\":\"WebPage\",\"@id\":\"https:\\\/\\\/officialeleutheraharbourisland.com\\\/fr\\\/immobilier\\\/les-etapes-pour-acheter-une-propriete-a-eleuthera\\\/\",\"url\":\"https:\\\/\\\/officialeleutheraharbourisland.com\\\/fr\\\/immobilier\\\/les-etapes-pour-acheter-une-propriete-a-eleuthera\\\/\",\"name\":\"Les \u00e9tapes pour acheter une propri\u00e9t\u00e9 \u00e0 Eleuthera | Official Eleuthera Harbour Island\",\"isPartOf\":{\"@id\":\"https:\\\/\\\/officialeleutheraharbourisland.com\\\/#website\"},\"datePublished\":\"2022-06-15T21:05:09+00:00\",\"dateModified\":\"2022-06-29T14:09:02+00:00\",\"breadcrumb\":{\"@id\":\"https:\\\/\\\/officialeleutheraharbourisland.com\\\/fr\\\/immobilier\\\/les-etapes-pour-acheter-une-propriete-a-eleuthera\\\/#breadcrumb\"},\"inLanguage\":\"fr-FR\",\"potentialAction\":[{\"@type\":\"ReadAction\",\"target\":[\"https:\\\/\\\/officialeleutheraharbourisland.com\\\/fr\\\/immobilier\\\/les-etapes-pour-acheter-une-propriete-a-eleuthera\\\/\"]}]},{\"@type\":\"BreadcrumbList\",\"@id\":\"https:\\\/\\\/officialeleutheraharbourisland.com\\\/fr\\\/immobilier\\\/les-etapes-pour-acheter-une-propriete-a-eleuthera\\\/#breadcrumb\",\"itemListElement\":[{\"@type\":\"ListItem\",\"position\":1,\"name\":\"Home\",\"item\":\"https:\\\/\\\/officialeleutheraharbourisland.com\\\/fr\\\/\"},{\"@type\":\"ListItem\",\"position\":2,\"name\":\"IMMOBILIER\",\"item\":\"https:\\\/\\\/officialeleutheraharbourisland.com\\\/fr\\\/immobilier\\\/\"},{\"@type\":\"ListItem\",\"position\":3,\"name\":\"Les \u00e9tapes pour acheter une propri\u00e9t\u00e9 \u00e0 Eleuthera\"}]},{\"@type\":\"WebSite\",\"@id\":\"https:\\\/\\\/officialeleutheraharbourisland.com\\\/#website\",\"url\":\"https:\\\/\\\/officialeleutheraharbourisland.com\\\/\",\"name\":\"Official Eleuthera Harbour Island\",\"description\":\"Where Beauty &amp; Nature Meet\",\"publisher\":{\"@id\":\"https:\\\/\\\/officialeleutheraharbourisland.com\\\/#organization\"},\"potentialAction\":[{\"@type\":\"SearchAction\",\"target\":{\"@type\":\"EntryPoint\",\"urlTemplate\":\"https:\\\/\\\/officialeleutheraharbourisland.com\\\/?s={search_term_string}\"},\"query-input\":{\"@type\":\"PropertyValueSpecification\",\"valueRequired\":true,\"valueName\":\"search_term_string\"}}],\"inLanguage\":\"fr-FR\"},{\"@type\":\"Organization\",\"@id\":\"https:\\\/\\\/officialeleutheraharbourisland.com\\\/#organization\",\"name\":\"Official Eleuthera Harbour Island\",\"url\":\"https:\\\/\\\/officialeleutheraharbourisland.com\\\/\",\"logo\":{\"@type\":\"ImageObject\",\"inLanguage\":\"fr-FR\",\"@id\":\"https:\\\/\\\/officialeleutheraharbourisland.com\\\/#\\\/schema\\\/logo\\\/image\\\/\",\"url\":\"https:\\\/\\\/officialeleutheraharbourisland.com\\\/wp-content\\\/uploads\\\/2022\\\/03\\\/logo-new-GREY-275.png\",\"contentUrl\":\"https:\\\/\\\/officialeleutheraharbourisland.com\\\/wp-content\\\/uploads\\\/2022\\\/03\\\/logo-new-GREY-275.png\",\"width\":275,\"height\":22,\"caption\":\"Official Eleuthera Harbour Island\"},\"image\":{\"@id\":\"https:\\\/\\\/officialeleutheraharbourisland.com\\\/#\\\/schema\\\/logo\\\/image\\\/\"}}]}<\/script>\n<!-- \/ Yoast SEO Premium plugin. -->","yoast_head_json":{"title":"Les \u00e9tapes pour acheter une propri\u00e9t\u00e9 \u00e0 Eleuthera | Official Eleuthera Harbour Island","robots":{"index":"index","follow":"follow","max-snippet":"max-snippet:-1","max-image-preview":"max-image-preview:large","max-video-preview":"max-video-preview:-1"},"canonical":"https:\/\/officialeleutheraharbourisland.com\/fr\/immobilier\/les-etapes-pour-acheter-une-propriete-a-eleuthera\/","og_locale":"fr_FR","og_type":"article","og_title":"Les \u00e9tapes pour acheter une propri\u00e9t\u00e9 \u00e0 Eleuthera","og_description":"Official Eleuthera Harbour Island vous apporte plus d&rsquo;informations sur les \u00e9tapes de l&rsquo;achat d&rsquo;une propri\u00e9t\u00e9 \u00e0 Eleuthera. Les \u00e9tapes de l&rsquo;achat d&rsquo;une propri\u00e9t\u00e9 \u00e0 Harbour Island et Eleuthera Bahamas sont tr\u00e8s similaires au processus d&rsquo;achat d&rsquo;une maison aux \u00c9tats-Unis. Les agents immobiliers de Harbour Island et d&rsquo;Eleuthera mettent en contact les acheteurs et les vendeurs,&hellip;","og_url":"https:\/\/officialeleutheraharbourisland.com\/fr\/immobilier\/les-etapes-pour-acheter-une-propriete-a-eleuthera\/","og_site_name":"Official Eleuthera Harbour Island","article_modified_time":"2022-06-29T14:09:02+00:00","twitter_card":"summary_large_image","twitter_misc":{"Dur\u00e9e de lecture estim\u00e9e":"3 minutes"},"schema":{"@context":"https:\/\/schema.org","@graph":[{"@type":"WebPage","@id":"https:\/\/officialeleutheraharbourisland.com\/fr\/immobilier\/les-etapes-pour-acheter-une-propriete-a-eleuthera\/","url":"https:\/\/officialeleutheraharbourisland.com\/fr\/immobilier\/les-etapes-pour-acheter-une-propriete-a-eleuthera\/","name":"Les \u00e9tapes pour acheter une propri\u00e9t\u00e9 \u00e0 Eleuthera | Official Eleuthera Harbour Island","isPartOf":{"@id":"https:\/\/officialeleutheraharbourisland.com\/#website"},"datePublished":"2022-06-15T21:05:09+00:00","dateModified":"2022-06-29T14:09:02+00:00","breadcrumb":{"@id":"https:\/\/officialeleutheraharbourisland.com\/fr\/immobilier\/les-etapes-pour-acheter-une-propriete-a-eleuthera\/#breadcrumb"},"inLanguage":"fr-FR","potentialAction":[{"@type":"ReadAction","target":["https:\/\/officialeleutheraharbourisland.com\/fr\/immobilier\/les-etapes-pour-acheter-une-propriete-a-eleuthera\/"]}]},{"@type":"BreadcrumbList","@id":"https:\/\/officialeleutheraharbourisland.com\/fr\/immobilier\/les-etapes-pour-acheter-une-propriete-a-eleuthera\/#breadcrumb","itemListElement":[{"@type":"ListItem","position":1,"name":"Home","item":"https:\/\/officialeleutheraharbourisland.com\/fr\/"},{"@type":"ListItem","position":2,"name":"IMMOBILIER","item":"https:\/\/officialeleutheraharbourisland.com\/fr\/immobilier\/"},{"@type":"ListItem","position":3,"name":"Les \u00e9tapes pour acheter une propri\u00e9t\u00e9 \u00e0 Eleuthera"}]},{"@type":"WebSite","@id":"https:\/\/officialeleutheraharbourisland.com\/#website","url":"https:\/\/officialeleutheraharbourisland.com\/","name":"Official Eleuthera Harbour Island","description":"Where Beauty &amp; Nature Meet","publisher":{"@id":"https:\/\/officialeleutheraharbourisland.com\/#organization"},"potentialAction":[{"@type":"SearchAction","target":{"@type":"EntryPoint","urlTemplate":"https:\/\/officialeleutheraharbourisland.com\/?s={search_term_string}"},"query-input":{"@type":"PropertyValueSpecification","valueRequired":true,"valueName":"search_term_string"}}],"inLanguage":"fr-FR"},{"@type":"Organization","@id":"https:\/\/officialeleutheraharbourisland.com\/#organization","name":"Official Eleuthera Harbour Island","url":"https:\/\/officialeleutheraharbourisland.com\/","logo":{"@type":"ImageObject","inLanguage":"fr-FR","@id":"https:\/\/officialeleutheraharbourisland.com\/#\/schema\/logo\/image\/","url":"https:\/\/officialeleutheraharbourisland.com\/wp-content\/uploads\/2022\/03\/logo-new-GREY-275.png","contentUrl":"https:\/\/officialeleutheraharbourisland.com\/wp-content\/uploads\/2022\/03\/logo-new-GREY-275.png","width":275,"height":22,"caption":"Official Eleuthera Harbour Island"},"image":{"@id":"https:\/\/officialeleutheraharbourisland.com\/#\/schema\/logo\/image\/"}}]}},"jetpack_sharing_enabled":true,"_links":{"self":[{"href":"https:\/\/officialeleutheraharbourisland.com\/fr\/wp-json\/wp\/v2\/pages\/65956","targetHints":{"allow":["GET"]}}],"collection":[{"href":"https:\/\/officialeleutheraharbourisland.com\/fr\/wp-json\/wp\/v2\/pages"}],"about":[{"href":"https:\/\/officialeleutheraharbourisland.com\/fr\/wp-json\/wp\/v2\/types\/page"}],"author":[{"embeddable":true,"href":"https:\/\/officialeleutheraharbourisland.com\/fr\/wp-json\/wp\/v2\/users\/3"}],"replies":[{"embeddable":true,"href":"https:\/\/officialeleutheraharbourisland.com\/fr\/wp-json\/wp\/v2\/comments?post=65956"}],"version-history":[{"count":2,"href":"https:\/\/officialeleutheraharbourisland.com\/fr\/wp-json\/wp\/v2\/pages\/65956\/revisions"}],"predecessor-version":[{"id":66036,"href":"https:\/\/officialeleutheraharbourisland.com\/fr\/wp-json\/wp\/v2\/pages\/65956\/revisions\/66036"}],"up":[{"embeddable":true,"href":"https:\/\/officialeleutheraharbourisland.com\/fr\/wp-json\/wp\/v2\/pages\/65882"}],"wp:attachment":[{"href":"https:\/\/officialeleutheraharbourisland.com\/fr\/wp-json\/wp\/v2\/media?parent=65956"}],"wp:term":[{"taxonomy":"category","embeddable":true,"href":"https:\/\/officialeleutheraharbourisland.com\/fr\/wp-json\/wp\/v2\/categories?post=65956"},{"taxonomy":"post_tag","embeddable":true,"href":"https:\/\/officialeleutheraharbourisland.com\/fr\/wp-json\/wp\/v2\/tags?post=65956"}],"curies":[{"name":"wp","href":"https:\/\/api.w.org\/{rel}","templated":true}]}}