{"id":66038,"date":"2022-06-15T21:05:09","date_gmt":"2022-06-15T21:05:09","guid":{"rendered":"https:\/\/officialeleutheraharbourisland.com\/immobilier\/legal-requirements-to-buy-a-property-in-eleuthera\/"},"modified":"2022-06-29T14:41:34","modified_gmt":"2022-06-29T14:41:34","slug":"conditions-legales-pour-acheter-une-propriete-a-eleuthera","status":"publish","type":"page","link":"https:\/\/officialeleutheraharbourisland.com\/fr\/immobilier\/conditions-legales-pour-acheter-une-propriete-a-eleuthera\/","title":{"rendered":"Conditions l\u00e9gales pour acheter une propri\u00e9t\u00e9 \u00e0 Eleuthera"},"content":{"rendered":"<div class=\"wpb-content-wrapper\"><p>[vc_row][vc_column][vc_column_text]<\/p>\r\n<p>Official Eleuthera Harbour Island vous apporte plus d&rsquo;informations sur les exigences l\u00e9gales pour acheter une propri\u00e9t\u00e9 \u00e0 Eleuthera.<\/p>\r\n<p><a href=\"https:\/\/officialeleutheraharbourisland.com\/fr\/immobilier\/legal-requirements-to-buy-a-property-in-eleuthera\/permis-pour-acquerir-une-propriete\/\">&#8211; Permis d&rsquo;acquisition d&rsquo;une propri\u00e9t\u00e9<\/a><br \/><a href=\"https:\/\/officialeleutheraharbourisland.com\/fr\/immobilier\/legal-requirements-to-buy-a-property-in-eleuthera\/certificat-d-enregistrement\/\">&#8211; Certificat d&rsquo;enregistrement<\/a><br \/><a href=\"https:\/\/officialeleutheraharbourisland.com\/fr\/immobilier\/legal-requirements-to-buy-a-property-in-eleuthera\/droit-de-timbre-des-bahamas\/\">&#8211; Taxe de timbre<\/a><\/p>\r\n<p>&nbsp;<\/p>\r\n\r\n<figure class=\"wp-block-image size-full\"><img data-recalc-dims=\"1\" loading=\"lazy\" decoding=\"async\" width=\"848\" height=\"482\" class=\"wp-image-62497\" src=\"https:\/\/i0.wp.com\/officialeleutheraharbourisland.com\/wp-content\/uploads\/2022\/06\/legal-1.jpeg?resize=848%2C482&#038;ssl=1\" alt=\"\" srcset=\"https:\/\/i0.wp.com\/officialeleutheraharbourisland.com\/wp-content\/uploads\/2022\/06\/legal-1.jpeg?w=848&amp;ssl=1 848w, https:\/\/i0.wp.com\/officialeleutheraharbourisland.com\/wp-content\/uploads\/2022\/06\/legal-1.jpeg?resize=300%2C171&amp;ssl=1 300w, https:\/\/i0.wp.com\/officialeleutheraharbourisland.com\/wp-content\/uploads\/2022\/06\/legal-1.jpeg?resize=768%2C437&amp;ssl=1 768w\" sizes=\"auto, (max-width: 848px) 100vw, 848px\" \/><\/figure>\r\n\r\n<p>&nbsp;<\/p>\r\n<p>[\/vc_column_text][\/vc_column][\/vc_row]<\/p><\/div>","protected":false},"excerpt":{"rendered":"<p>[vc_row][vc_column][vc_column_text] Official Eleuthera Harbour Island vous apporte plus d&rsquo;informations sur les exigences l\u00e9gales pour acheter une propri\u00e9t\u00e9 \u00e0 Eleuthera. &#8211; Permis d&rsquo;acquisition d&rsquo;une propri\u00e9t\u00e9&#8211; Certificat d&rsquo;enregistrement&#8211; Taxe de timbre &nbsp; &nbsp; [\/vc_column_text][\/vc_column][\/vc_row]<\/p>\n","protected":false},"author":3,"featured_media":62494,"parent":65882,"menu_order":0,"comment_status":"closed","ping_status":"closed","template":"","meta":{"footnotes":""},"categories":[],"tags":[],"class_list":["post-66038","page","type-page","status-publish","has-post-thumbnail","hentry","description-off"],"yoast_head":"<!-- This site is optimized with the Yoast SEO Premium plugin v25.2 (Yoast SEO v27.4) - https:\/\/yoast.com\/product\/yoast-seo-premium-wordpress\/ -->\n<title>Conditions l\u00e9gales pour acheter une propri\u00e9t\u00e9 \u00e0 Eleuthera | Official Eleuthera Harbour Island<\/title>\n<meta name=\"robots\" content=\"index, follow, max-snippet:-1, max-image-preview:large, max-video-preview:-1\" \/>\n<link rel=\"canonical\" href=\"https:\/\/officialeleutheraharbourisland.com\/fr\/immobilier\/conditions-legales-pour-acheter-une-propriete-a-eleuthera\/\" \/>\n<meta property=\"og:locale\" content=\"fr_FR\" \/>\n<meta property=\"og:type\" content=\"article\" \/>\n<meta property=\"og:title\" content=\"Conditions l\u00e9gales pour acheter une propri\u00e9t\u00e9 \u00e0 Eleuthera\" \/>\n<meta property=\"og:description\" content=\"[vc_row][vc_column][vc_column_text] Official Eleuthera Harbour Island vous apporte plus d&rsquo;informations sur les exigences l\u00e9gales pour acheter une propri\u00e9t\u00e9 \u00e0 Eleuthera. &#8211; Permis d&rsquo;acquisition d&rsquo;une propri\u00e9t\u00e9&#8211; Certificat d&rsquo;enregistrement&#8211; Taxe de timbre &nbsp; &nbsp; [\/vc_column_text][\/vc_column][\/vc_row]\" \/>\n<meta property=\"og:url\" content=\"https:\/\/officialeleutheraharbourisland.com\/fr\/immobilier\/conditions-legales-pour-acheter-une-propriete-a-eleuthera\/\" \/>\n<meta property=\"og:site_name\" content=\"Official Eleuthera Harbour Island\" \/>\n<meta property=\"article:modified_time\" content=\"2022-06-29T14:41:34+00:00\" \/>\n<meta property=\"og:image\" content=\"https:\/\/officialeleutheraharbourisland.com\/wp-content\/uploads\/2022\/06\/legal.jpeg\" \/>\n\t<meta property=\"og:image:width\" content=\"848\" \/>\n\t<meta property=\"og:image:height\" content=\"482\" \/>\n\t<meta property=\"og:image:type\" content=\"image\/jpeg\" \/>\n<meta name=\"twitter:card\" content=\"summary_large_image\" \/>\n<meta name=\"twitter:label1\" content=\"Dur\u00e9e de lecture estim\u00e9e\" \/>\n\t<meta name=\"twitter:data1\" content=\"1 minute\" \/>\n<script type=\"application\/ld+json\" class=\"yoast-schema-graph\">{\"@context\":\"https:\\\/\\\/schema.org\",\"@graph\":[{\"@type\":\"WebPage\",\"@id\":\"https:\\\/\\\/officialeleutheraharbourisland.com\\\/fr\\\/immobilier\\\/conditions-legales-pour-acheter-une-propriete-a-eleuthera\\\/\",\"url\":\"https:\\\/\\\/officialeleutheraharbourisland.com\\\/fr\\\/immobilier\\\/conditions-legales-pour-acheter-une-propriete-a-eleuthera\\\/\",\"name\":\"Conditions l\u00e9gales pour acheter une propri\u00e9t\u00e9 \u00e0 Eleuthera | Official Eleuthera Harbour Island\",\"isPartOf\":{\"@id\":\"https:\\\/\\\/officialeleutheraharbourisland.com\\\/#website\"},\"primaryImageOfPage\":{\"@id\":\"https:\\\/\\\/officialeleutheraharbourisland.com\\\/fr\\\/immobilier\\\/conditions-legales-pour-acheter-une-propriete-a-eleuthera\\\/#primaryimage\"},\"image\":{\"@id\":\"https:\\\/\\\/officialeleutheraharbourisland.com\\\/fr\\\/immobilier\\\/conditions-legales-pour-acheter-une-propriete-a-eleuthera\\\/#primaryimage\"},\"thumbnailUrl\":\"https:\\\/\\\/officialeleutheraharbourisland.com\\\/wp-content\\\/uploads\\\/2022\\\/06\\\/legal.jpeg\",\"datePublished\":\"2022-06-15T21:05:09+00:00\",\"dateModified\":\"2022-06-29T14:41:34+00:00\",\"breadcrumb\":{\"@id\":\"https:\\\/\\\/officialeleutheraharbourisland.com\\\/fr\\\/immobilier\\\/conditions-legales-pour-acheter-une-propriete-a-eleuthera\\\/#breadcrumb\"},\"inLanguage\":\"fr-FR\",\"potentialAction\":[{\"@type\":\"ReadAction\",\"target\":[\"https:\\\/\\\/officialeleutheraharbourisland.com\\\/fr\\\/immobilier\\\/conditions-legales-pour-acheter-une-propriete-a-eleuthera\\\/\"]}]},{\"@type\":\"ImageObject\",\"inLanguage\":\"fr-FR\",\"@id\":\"https:\\\/\\\/officialeleutheraharbourisland.com\\\/fr\\\/immobilier\\\/conditions-legales-pour-acheter-une-propriete-a-eleuthera\\\/#primaryimage\",\"url\":\"https:\\\/\\\/officialeleutheraharbourisland.com\\\/wp-content\\\/uploads\\\/2022\\\/06\\\/legal.jpeg\",\"contentUrl\":\"https:\\\/\\\/officialeleutheraharbourisland.com\\\/wp-content\\\/uploads\\\/2022\\\/06\\\/legal.jpeg\",\"width\":848,\"height\":482,\"caption\":\"Legal requirements to buy a property in The Bahamas\"},{\"@type\":\"BreadcrumbList\",\"@id\":\"https:\\\/\\\/officialeleutheraharbourisland.com\\\/fr\\\/immobilier\\\/conditions-legales-pour-acheter-une-propriete-a-eleuthera\\\/#breadcrumb\",\"itemListElement\":[{\"@type\":\"ListItem\",\"position\":1,\"name\":\"Home\",\"item\":\"https:\\\/\\\/officialeleutheraharbourisland.com\\\/fr\\\/\"},{\"@type\":\"ListItem\",\"position\":2,\"name\":\"IMMOBILIER\",\"item\":\"https:\\\/\\\/officialeleutheraharbourisland.com\\\/fr\\\/immobilier\\\/\"},{\"@type\":\"ListItem\",\"position\":3,\"name\":\"Conditions l\u00e9gales pour acheter une propri\u00e9t\u00e9 \u00e0 Eleuthera\"}]},{\"@type\":\"WebSite\",\"@id\":\"https:\\\/\\\/officialeleutheraharbourisland.com\\\/#website\",\"url\":\"https:\\\/\\\/officialeleutheraharbourisland.com\\\/\",\"name\":\"Official Eleuthera Harbour Island\",\"description\":\"Where Beauty &amp; Nature Meet\",\"publisher\":{\"@id\":\"https:\\\/\\\/officialeleutheraharbourisland.com\\\/#organization\"},\"potentialAction\":[{\"@type\":\"SearchAction\",\"target\":{\"@type\":\"EntryPoint\",\"urlTemplate\":\"https:\\\/\\\/officialeleutheraharbourisland.com\\\/?s={search_term_string}\"},\"query-input\":{\"@type\":\"PropertyValueSpecification\",\"valueRequired\":true,\"valueName\":\"search_term_string\"}}],\"inLanguage\":\"fr-FR\"},{\"@type\":\"Organization\",\"@id\":\"https:\\\/\\\/officialeleutheraharbourisland.com\\\/#organization\",\"name\":\"Official Eleuthera Harbour Island\",\"url\":\"https:\\\/\\\/officialeleutheraharbourisland.com\\\/\",\"logo\":{\"@type\":\"ImageObject\",\"inLanguage\":\"fr-FR\",\"@id\":\"https:\\\/\\\/officialeleutheraharbourisland.com\\\/#\\\/schema\\\/logo\\\/image\\\/\",\"url\":\"https:\\\/\\\/officialeleutheraharbourisland.com\\\/wp-content\\\/uploads\\\/2022\\\/03\\\/logo-new-GREY-275.png\",\"contentUrl\":\"https:\\\/\\\/officialeleutheraharbourisland.com\\\/wp-content\\\/uploads\\\/2022\\\/03\\\/logo-new-GREY-275.png\",\"width\":275,\"height\":22,\"caption\":\"Official Eleuthera Harbour Island\"},\"image\":{\"@id\":\"https:\\\/\\\/officialeleutheraharbourisland.com\\\/#\\\/schema\\\/logo\\\/image\\\/\"}}]}<\/script>\n<!-- \/ Yoast SEO Premium plugin. -->","yoast_head_json":{"title":"Conditions l\u00e9gales pour acheter une propri\u00e9t\u00e9 \u00e0 Eleuthera | Official Eleuthera Harbour Island","robots":{"index":"index","follow":"follow","max-snippet":"max-snippet:-1","max-image-preview":"max-image-preview:large","max-video-preview":"max-video-preview:-1"},"canonical":"https:\/\/officialeleutheraharbourisland.com\/fr\/immobilier\/conditions-legales-pour-acheter-une-propriete-a-eleuthera\/","og_locale":"fr_FR","og_type":"article","og_title":"Conditions l\u00e9gales pour acheter une propri\u00e9t\u00e9 \u00e0 Eleuthera","og_description":"[vc_row][vc_column][vc_column_text] Official Eleuthera Harbour Island vous apporte plus d&rsquo;informations sur les exigences l\u00e9gales pour acheter une propri\u00e9t\u00e9 \u00e0 Eleuthera. &#8211; Permis d&rsquo;acquisition d&rsquo;une propri\u00e9t\u00e9&#8211; Certificat d&rsquo;enregistrement&#8211; Taxe de timbre &nbsp; &nbsp; [\/vc_column_text][\/vc_column][\/vc_row]","og_url":"https:\/\/officialeleutheraharbourisland.com\/fr\/immobilier\/conditions-legales-pour-acheter-une-propriete-a-eleuthera\/","og_site_name":"Official Eleuthera Harbour Island","article_modified_time":"2022-06-29T14:41:34+00:00","og_image":[{"width":848,"height":482,"url":"https:\/\/officialeleutheraharbourisland.com\/wp-content\/uploads\/2022\/06\/legal.jpeg","type":"image\/jpeg"}],"twitter_card":"summary_large_image","twitter_misc":{"Dur\u00e9e de lecture estim\u00e9e":"1 minute"},"schema":{"@context":"https:\/\/schema.org","@graph":[{"@type":"WebPage","@id":"https:\/\/officialeleutheraharbourisland.com\/fr\/immobilier\/conditions-legales-pour-acheter-une-propriete-a-eleuthera\/","url":"https:\/\/officialeleutheraharbourisland.com\/fr\/immobilier\/conditions-legales-pour-acheter-une-propriete-a-eleuthera\/","name":"Conditions l\u00e9gales pour acheter une propri\u00e9t\u00e9 \u00e0 Eleuthera | Official Eleuthera Harbour Island","isPartOf":{"@id":"https:\/\/officialeleutheraharbourisland.com\/#website"},"primaryImageOfPage":{"@id":"https:\/\/officialeleutheraharbourisland.com\/fr\/immobilier\/conditions-legales-pour-acheter-une-propriete-a-eleuthera\/#primaryimage"},"image":{"@id":"https:\/\/officialeleutheraharbourisland.com\/fr\/immobilier\/conditions-legales-pour-acheter-une-propriete-a-eleuthera\/#primaryimage"},"thumbnailUrl":"https:\/\/officialeleutheraharbourisland.com\/wp-content\/uploads\/2022\/06\/legal.jpeg","datePublished":"2022-06-15T21:05:09+00:00","dateModified":"2022-06-29T14:41:34+00:00","breadcrumb":{"@id":"https:\/\/officialeleutheraharbourisland.com\/fr\/immobilier\/conditions-legales-pour-acheter-une-propriete-a-eleuthera\/#breadcrumb"},"inLanguage":"fr-FR","potentialAction":[{"@type":"ReadAction","target":["https:\/\/officialeleutheraharbourisland.com\/fr\/immobilier\/conditions-legales-pour-acheter-une-propriete-a-eleuthera\/"]}]},{"@type":"ImageObject","inLanguage":"fr-FR","@id":"https:\/\/officialeleutheraharbourisland.com\/fr\/immobilier\/conditions-legales-pour-acheter-une-propriete-a-eleuthera\/#primaryimage","url":"https:\/\/officialeleutheraharbourisland.com\/wp-content\/uploads\/2022\/06\/legal.jpeg","contentUrl":"https:\/\/officialeleutheraharbourisland.com\/wp-content\/uploads\/2022\/06\/legal.jpeg","width":848,"height":482,"caption":"Legal requirements to buy a property in The Bahamas"},{"@type":"BreadcrumbList","@id":"https:\/\/officialeleutheraharbourisland.com\/fr\/immobilier\/conditions-legales-pour-acheter-une-propriete-a-eleuthera\/#breadcrumb","itemListElement":[{"@type":"ListItem","position":1,"name":"Home","item":"https:\/\/officialeleutheraharbourisland.com\/fr\/"},{"@type":"ListItem","position":2,"name":"IMMOBILIER","item":"https:\/\/officialeleutheraharbourisland.com\/fr\/immobilier\/"},{"@type":"ListItem","position":3,"name":"Conditions l\u00e9gales pour acheter une propri\u00e9t\u00e9 \u00e0 Eleuthera"}]},{"@type":"WebSite","@id":"https:\/\/officialeleutheraharbourisland.com\/#website","url":"https:\/\/officialeleutheraharbourisland.com\/","name":"Official Eleuthera Harbour Island","description":"Where Beauty &amp; Nature Meet","publisher":{"@id":"https:\/\/officialeleutheraharbourisland.com\/#organization"},"potentialAction":[{"@type":"SearchAction","target":{"@type":"EntryPoint","urlTemplate":"https:\/\/officialeleutheraharbourisland.com\/?s={search_term_string}"},"query-input":{"@type":"PropertyValueSpecification","valueRequired":true,"valueName":"search_term_string"}}],"inLanguage":"fr-FR"},{"@type":"Organization","@id":"https:\/\/officialeleutheraharbourisland.com\/#organization","name":"Official Eleuthera Harbour Island","url":"https:\/\/officialeleutheraharbourisland.com\/","logo":{"@type":"ImageObject","inLanguage":"fr-FR","@id":"https:\/\/officialeleutheraharbourisland.com\/#\/schema\/logo\/image\/","url":"https:\/\/officialeleutheraharbourisland.com\/wp-content\/uploads\/2022\/03\/logo-new-GREY-275.png","contentUrl":"https:\/\/officialeleutheraharbourisland.com\/wp-content\/uploads\/2022\/03\/logo-new-GREY-275.png","width":275,"height":22,"caption":"Official Eleuthera Harbour Island"},"image":{"@id":"https:\/\/officialeleutheraharbourisland.com\/#\/schema\/logo\/image\/"}}]}},"jetpack_sharing_enabled":true,"_links":{"self":[{"href":"https:\/\/officialeleutheraharbourisland.com\/fr\/wp-json\/wp\/v2\/pages\/66038","targetHints":{"allow":["GET"]}}],"collection":[{"href":"https:\/\/officialeleutheraharbourisland.com\/fr\/wp-json\/wp\/v2\/pages"}],"about":[{"href":"https:\/\/officialeleutheraharbourisland.com\/fr\/wp-json\/wp\/v2\/types\/page"}],"author":[{"embeddable":true,"href":"https:\/\/officialeleutheraharbourisland.com\/fr\/wp-json\/wp\/v2\/users\/3"}],"replies":[{"embeddable":true,"href":"https:\/\/officialeleutheraharbourisland.com\/fr\/wp-json\/wp\/v2\/comments?post=66038"}],"version-history":[{"count":2,"href":"https:\/\/officialeleutheraharbourisland.com\/fr\/wp-json\/wp\/v2\/pages\/66038\/revisions"}],"predecessor-version":[{"id":66070,"href":"https:\/\/officialeleutheraharbourisland.com\/fr\/wp-json\/wp\/v2\/pages\/66038\/revisions\/66070"}],"up":[{"embeddable":true,"href":"https:\/\/officialeleutheraharbourisland.com\/fr\/wp-json\/wp\/v2\/pages\/65882"}],"wp:featuredmedia":[{"embeddable":true,"href":"https:\/\/officialeleutheraharbourisland.com\/fr\/wp-json\/wp\/v2\/media\/62494"}],"wp:attachment":[{"href":"https:\/\/officialeleutheraharbourisland.com\/fr\/wp-json\/wp\/v2\/media?parent=66038"}],"wp:term":[{"taxonomy":"category","embeddable":true,"href":"https:\/\/officialeleutheraharbourisland.com\/fr\/wp-json\/wp\/v2\/categories?post=66038"},{"taxonomy":"post_tag","embeddable":true,"href":"https:\/\/officialeleutheraharbourisland.com\/fr\/wp-json\/wp\/v2\/tags?post=66038"}],"curies":[{"name":"wp","href":"https:\/\/api.w.org\/{rel}","templated":true}]}}